{"id":15021,"date":"2025-07-03T09:34:51","date_gmt":"2025-07-03T07:34:51","guid":{"rendered":"https:\/\/koningdrone.be\/product\/unitree-go2-ent-plus-4-go2-screen-remote-control-dual-cameracapture-net-gun-launcher\/"},"modified":"2026-04-30T16:20:29","modified_gmt":"2026-04-30T14:20:29","slug":"unitree-go2-ent-plus-4-go2-screen-remote-control-dual-cameracapture-net-gun-launcher","status":"publish","type":"product","link":"https:\/\/koningdrone.be\/fr\/produit\/unitree-go2-ent-plus-4-go2-screen-remote-control-dual-cameracapture-net-gun-launcher\/","title":{"rendered":"Unitree Go2 Ent-Plus 4 (T\u00e9l\u00e9commande d'\u00e9cran Go2 (double cam\u00e9ra+lanceur de canon \u00e0 filet de capture))"},"content":{"rendered":"<h3>Unitree Go2 Ent-Plus 4 : Interaction innovante et simulation tactique<\/h3>\n<p>Le <strong>Unitree Go2 Ent-Plus 4<\/strong> est une version pionni\u00e8re de la s\u00e9rie Enterprise, sp\u00e9cialement con\u00e7ue pour les sc\u00e9narios dans lesquels l'intervention physique et la fixation d'objets sont essentielles. Alors que d'autres robots se limitent \u00e0 l'observation passive, l'Ent-Plus 4 offre une solution active en int\u00e9grant un capteur de mouvement. <strong>lanceur de filet de s\u00e9curit\u00e9<\/strong>. Combin\u00e9 avec le syst\u00e8me avanc\u00e9 de <strong>syst\u00e8me \u00e0 double cam\u00e9ra<\/strong> et l'intuitif <strong>t\u00e9l\u00e9commande de l'\u00e9cran<\/strong>, Cette plate-forme fait office de station d'intervention mobile. C'est le choix id\u00e9al pour les centres de formation, les \u00e9quipes de recherche et d\u00e9veloppement en mati\u00e8re de s\u00e9curit\u00e9 et les \u00e9tablissements d'enseignement qui exp\u00e9rimentent l'interception non l\u00e9tale et la manipulation avanc\u00e9e d'objets.<\/p>\n<p><a href=\"https:\/\/koningdrone.nl\/wp-content\/uploads\/2025\/07\/Unitree-Go2-Ent-Plus-1-Go2-screen-remote-control-dual-camera.jpg\"><img loading=\"lazy\" decoding=\"async\" class=\"size-medium wp-image-472886 aligncenter\" src=\"https:\/\/koningdrone.nl\/wp-content\/uploads\/2025\/07\/Unitree-Go2-Ent-Plus-1-Go2-screen-remote-control-dual-camera-300x300.jpg\" alt=\"Unitree Go2 Ent- Plus 1 (Go2 screen remote control (dual camera))\" width=\"300\" height=\"300\" \/><\/a><\/p>\n<h4>Lancement de pr\u00e9cision et perception intelligente<\/h4>\n<p>La puissance technologique de l'Ent-Plus 4 r\u00e9side dans la synchronisation parfaite entre ses sens et sa charge utile unique :<\/p>\n<ul>\n<li><strong>Lanceur de filet de s\u00e9curit\u00e9 int\u00e9gr\u00e9 :<\/strong> Ce syst\u00e8me permet au robot de lancer un projectile net sur commande ou par d\u00e9clenchement de l'IA. Il s'agit d'une fonction essentielle pour simuler des captures de drones, s\u00e9curiser des objets ou effectuer des d\u00e9monstrations interactives o\u00f9 la pr\u00e9cision et le timing sont cruciaux.<\/li>\n<li><strong>Dual-Vision et NVIDIA AI :<\/strong> La configuration \u00e0 double cam\u00e9ra offre un large spectre visuel trait\u00e9 par le puissant syst\u00e8me d'imagerie de l'appareil photo. <strong>Module Jetson AI<\/strong>. Cela permet une d\u00e9tection et un suivi tr\u00e8s pr\u00e9cis des objets, ce qui permet au robot de suivre sa cible de mani\u00e8re autonome et de calculer la position de lancement optimale.<\/li>\n<li><strong>Centre de commandement en temps r\u00e9el :<\/strong> La t\u00e9l\u00e9commande fournie, avec \u00e9cran int\u00e9gr\u00e9, permet \u00e0 l'op\u00e9rateur de contr\u00f4ler enti\u00e8rement le m\u00e9canisme de lancement. L'alimentation en direct permet d'effectuer des interceptions avec une pr\u00e9cision chirurgicale, m\u00eame dans des environnements dynamiques et impr\u00e9visibles.<\/li>\n<\/ul>\n<h4>Ing\u00e9nierie robuste et stabilit\u00e9 op\u00e9rationnelle<\/h4>\n<p>La qualit\u00e9 de construction de l'Ent-Plus 4 est con\u00e7ue pour absorber les forces d'un lancement sans effort :<\/p>\n<ul>\n<li><strong>Ch\u00e2ssis renforc\u00e9 :<\/strong> Fabriqu\u00e9 \u00e0 partir d'un mat\u00e9riau de haute qualit\u00e9 <strong>alliage d'aluminium<\/strong> et de plastique technique r\u00e9sistant aux chocs, le ch\u00e2ssis apporte la rigidit\u00e9 n\u00e9cessaire. L'int\u00e9gration du lanceur est con\u00e7ue pour maintenir l'\u00e9quilibre et l'a\u00e9rodynamisme du robot lors des mouvements rapides.<\/li>\n<li><strong>Locomotion athl\u00e9tique :<\/strong> Les puissants moteurs d'articulation garantissent la stabilit\u00e9 du Go2 au moment du lancement, m\u00eame sur un terrain accident\u00e9 ou une pente. Le robot peut atteindre la vitesse n\u00e9cessaire pour suivre des cibles en mouvement, tandis que les capteurs balayent continuellement l'environnement \u00e0 la recherche d'obstacles.<\/li>\n<li><strong>S\u00e9curit\u00e9 et fiabilit\u00e9 :<\/strong> Le syst\u00e8me de lancement est s\u00e9curis\u00e9 de mani\u00e8re redondante afin d'\u00e9viter toute activation involontaire, ce qui rend cette plateforme parfaitement adapt\u00e9e \u00e0 une utilisation dans des environnements de formation contr\u00f4l\u00e9s et des d\u00e9monstrations publiques.<\/li>\n<\/ul>\n<p><a href=\"https:\/\/koningdrone.nl\/wp-content\/uploads\/2025\/07\/Unitree-Go2-Edu-Plus-XT16-D1-ARM.jpg\"><img loading=\"lazy\" decoding=\"async\" class=\"size-medium wp-image-472882 aligncenter\" src=\"https:\/\/koningdrone.nl\/wp-content\/uploads\/2025\/07\/Unitree-Go2-Edu-Plus-XT16-D1-ARM-300x300.jpg\" alt=\"Unitree Go2 Edu Plus-XT16 -D1 ARM\" width=\"300\" height=\"300\" \/><\/a><\/p>\n<h4>Pourquoi le Go2 Ent-Plus 4 est indispensable<\/h4>\n<p>Pour les organisations pionni\u00e8res en mati\u00e8re de s\u00e9curit\u00e9 autonome, de formation des forces de l'ordre ou d'exp\u00e9riences robotiques complexes, l'Ent-Plus 4 offre un avantage unique. Il s'agit d'une solution cl\u00e9 en main pour des sc\u00e9narios qui n\u00e9cessitaient auparavant des constructions complexes sur mesure. Qu'il s'agisse d'\u00e9tudier l'efficacit\u00e9 des syst\u00e8mes d'interception mobiles ou de r\u00e9aliser une d\u00e9monstration technologique impressionnante, l'Unitree Go2 Ent-Plus 4 offre la mobilit\u00e9, l'intelligence et la force physique n\u00e9cessaires pour relever litt\u00e9ralement n'importe quel d\u00e9fi.<\/p>","protected":false},"excerpt":{"rendered":"<ul>\n<li>Robot avec double cam\u00e9ra et lanceur de filet de s\u00e9curit\u00e9 int\u00e9gr\u00e9<\/li>\n<li>Navigation autonome combin\u00e9e \u00e0 des fonctions de lancement interactives<\/li>\n<li>Conception robuste en aluminium et en plastique pour la durabilit\u00e9 et la l\u00e9g\u00e8ret\u00e9<\/li>\n<li>T\u00e9l\u00e9commande \u00e0 \u00e9cran Go2 pour une utilisation facile<\/li>\n<li>Parfait pour les sc\u00e9narios de formation, les exp\u00e9riences et les d\u00e9monstrations p\u00e9dagogiques<\/li>\n<\/ul>","protected":false},"featured_media":19012,"template":"","meta":{"_acf_changed":false},"product_brand":[],"product_cat":[1988],"product_tag":[],"class_list":{"0":"post-15021","1":"product","2":"type-product","3":"status-publish","4":"has-post-thumbnail","6":"product_cat-unitree-go2-ent","7":"product_shipping_class-outofstock","8":"pa_brand-unitree","9":"pa_producttype-robot","10":"pa_series-go2","12":"first","13":"outofstock","14":"taxable","15":"shipping-taxable","16":"purchasable","17":"product-type-simple"},"acf":[],"yoast_head":"<!-- This site is optimized with the Yoast SEO Premium plugin v27.2 (Yoast SEO v27.2) - https:\/\/yoast.com\/product\/yoast-seo-premium-wordpress\/ -->\n<title>Unitree Go2 Ent-Plus 4 (Go2 screen remote control (dual camera+capture net gun launcher)) - koningdrone.be<\/title>\n<meta name=\"robots\" content=\"index, follow, max-snippet:-1, max-image-preview:large, max-video-preview:-1\" \/>\n<link rel=\"canonical\" href=\"https:\/\/koningdrone.be\/fr\/produit\/unitree-go2-ent-plus-4-go2-screen-remote-control-dual-cameracapture-net-gun-launcher\/\" \/>\n<meta property=\"og:locale\" content=\"fr_FR\" \/>\n<meta property=\"og:type\" content=\"article\" \/>\n<meta property=\"og:title\" content=\"Unitree Go2 Ent-Plus 4 (Go2 screen remote control (dual camera+capture net gun launcher))\" \/>\n<meta property=\"og:description\" content=\"Robot met dual camera en ge\u00efntegreerde vangnet-lanceerder  Autonome navigatie gecombineerd met interactieve lanceerfuncties  Robuust aluminium- en kunststofontwerp voor duurzaamheid en lichtgewicht  Go2 scherm-afstandsbediening voor eenvoudige bediening  Perfect voor trainingsscenario\u2019s, experimenten en educatieve demonstraties\" \/>\n<meta property=\"og:url\" content=\"https:\/\/koningdrone.be\/fr\/produit\/unitree-go2-ent-plus-4-go2-screen-remote-control-dual-cameracapture-net-gun-launcher\/\" \/>\n<meta property=\"og:site_name\" content=\"koningdrone.be\" \/>\n<meta property=\"article:modified_time\" content=\"2026-04-30T14:20:29+00:00\" \/>\n<meta property=\"og:image\" content=\"https:\/\/koningdrone.be\/wp-content\/uploads\/sites\/13\/2026\/04\/Unitree-Go2-Ent-Plus-1-Go2-screen-remote-control-dual-camera.jpg\" \/>\n\t<meta property=\"og:image:width\" content=\"550\" \/>\n\t<meta property=\"og:image:height\" content=\"550\" \/>\n\t<meta property=\"og:image:type\" content=\"image\/jpeg\" \/>\n<meta name=\"twitter:card\" content=\"summary_large_image\" \/>\n<meta name=\"twitter:label1\" content=\"Dur\u00e9e de lecture est.\" \/>\n\t<meta name=\"twitter:data1\" content=\"2 minutes\" \/>\n<script type=\"application\/ld+json\" class=\"yoast-schema-graph\">{\"@context\":\"https:\/\/schema.org\",\"@graph\":[{\"@type\":\"WebPage\",\"@id\":\"https:\/\/koningdrone.be\/product\/unitree-go2-ent-plus-4-go2-screen-remote-control-dual-cameracapture-net-gun-launcher\/\",\"url\":\"https:\/\/koningdrone.be\/product\/unitree-go2-ent-plus-4-go2-screen-remote-control-dual-cameracapture-net-gun-launcher\/\",\"name\":\"Unitree Go2 Ent-Plus 4 (Go2 screen remote control (dual camera+capture net gun launcher)) - koningdrone.be\",\"isPartOf\":{\"@id\":\"https:\/\/koningdrone.be\/#website\"},\"primaryImageOfPage\":{\"@id\":\"https:\/\/koningdrone.be\/product\/unitree-go2-ent-plus-4-go2-screen-remote-control-dual-cameracapture-net-gun-launcher\/#primaryimage\"},\"image\":{\"@id\":\"https:\/\/koningdrone.be\/product\/unitree-go2-ent-plus-4-go2-screen-remote-control-dual-cameracapture-net-gun-launcher\/#primaryimage\"},\"thumbnailUrl\":\"https:\/\/koningdrone.be\/wp-content\/uploads\/sites\/13\/2026\/04\/Unitree-Go2-Ent-Plus-1-Go2-screen-remote-control-dual-camera.jpg\",\"datePublished\":\"2025-07-03T07:34:51+00:00\",\"dateModified\":\"2026-04-30T14:20:29+00:00\",\"breadcrumb\":{\"@id\":\"https:\/\/koningdrone.be\/product\/unitree-go2-ent-plus-4-go2-screen-remote-control-dual-cameracapture-net-gun-launcher\/#breadcrumb\"},\"inLanguage\":\"fr-BE\",\"potentialAction\":[{\"@type\":\"ReadAction\",\"target\":[\"https:\/\/koningdrone.be\/product\/unitree-go2-ent-plus-4-go2-screen-remote-control-dual-cameracapture-net-gun-launcher\/\"]}]},{\"@type\":\"ImageObject\",\"inLanguage\":\"fr-BE\",\"@id\":\"https:\/\/koningdrone.be\/product\/unitree-go2-ent-plus-4-go2-screen-remote-control-dual-cameracapture-net-gun-launcher\/#primaryimage\",\"url\":\"https:\/\/koningdrone.be\/wp-content\/uploads\/sites\/13\/2026\/04\/Unitree-Go2-Ent-Plus-1-Go2-screen-remote-control-dual-camera.jpg\",\"contentUrl\":\"https:\/\/koningdrone.be\/wp-content\/uploads\/sites\/13\/2026\/04\/Unitree-Go2-Ent-Plus-1-Go2-screen-remote-control-dual-camera.jpg\",\"width\":550,\"height\":550},{\"@type\":\"BreadcrumbList\",\"@id\":\"https:\/\/koningdrone.be\/product\/unitree-go2-ent-plus-4-go2-screen-remote-control-dual-cameracapture-net-gun-launcher\/#breadcrumb\",\"itemListElement\":[{\"@type\":\"ListItem\",\"position\":1,\"name\":\"Home\",\"item\":\"https:\/\/koningdrone.be\/\"},{\"@type\":\"ListItem\",\"position\":2,\"name\":\"AVSS Parachute Recovery System for DJI Matrice 300\/350\",\"item\":\"https:\/\/koningdrone.be\/product\/avss-parachute-recovery-system-for-dji-matrice-300-350\/\"},{\"@type\":\"ListItem\",\"position\":3,\"name\":\"Unitree Go2 Ent\",\"item\":\"https:\/\/koningdrone.be\/categorie\/unitree-go2-ent\/\"},{\"@type\":\"ListItem\",\"position\":4,\"name\":\"Unitree Go2 Ent-Plus 4 (Go2 screen remote control (dual camera+capture net gun launcher))\"}]},{\"@type\":\"WebSite\",\"@id\":\"https:\/\/koningdrone.be\/#website\",\"url\":\"https:\/\/koningdrone.be\/\",\"name\":\"Koningdrone.be - Uw online specialist in drones, gimbals, camera's en power stations.\",\"description\":\"De webshop in drones en gimbals\",\"publisher\":{\"@id\":\"https:\/\/koningdrone.be\/#organization\"},\"potentialAction\":[{\"@type\":\"SearchAction\",\"target\":{\"@type\":\"EntryPoint\",\"urlTemplate\":\"https:\/\/koningdrone.be\/?s={search_term_string}\"},\"query-input\":{\"@type\":\"PropertyValueSpecification\",\"valueRequired\":true,\"valueName\":\"search_term_string\"}}],\"inLanguage\":\"fr-BE\"},{\"@type\":\"Organization\",\"@id\":\"https:\/\/koningdrone.be\/#organization\",\"name\":\"Koningdrone.be\",\"url\":\"https:\/\/koningdrone.be\/\",\"logo\":{\"@type\":\"ImageObject\",\"inLanguage\":\"fr-BE\",\"@id\":\"https:\/\/koningdrone.be\/#\/schema\/logo\/image\/\",\"url\":\"https:\/\/koningdrone.be\/wp-content\/uploads\/sites\/13\/2025\/04\/koningdrone-copyright-logo.svg\",\"contentUrl\":\"https:\/\/koningdrone.be\/wp-content\/uploads\/sites\/13\/2025\/04\/koningdrone-copyright-logo.svg\",\"width\":227,\"height\":38,\"caption\":\"Koningdrone.be\"},\"image\":{\"@id\":\"https:\/\/koningdrone.be\/#\/schema\/logo\/image\/\"}}]}<\/script>\n<!-- \/ Yoast SEO Premium plugin. -->","yoast_head_json":{"title":"Unitree Go2 Ent-Plus 4 (Go2 screen remote control (dual camera+capture net gun launcher)) - koningdrone.be","robots":{"index":"index","follow":"follow","max-snippet":"max-snippet:-1","max-image-preview":"max-image-preview:large","max-video-preview":"max-video-preview:-1"},"canonical":"https:\/\/koningdrone.be\/fr\/produit\/unitree-go2-ent-plus-4-go2-screen-remote-control-dual-cameracapture-net-gun-launcher\/","og_locale":"fr_FR","og_type":"article","og_title":"Unitree Go2 Ent-Plus 4 (Go2 screen remote control (dual camera+capture net gun launcher))","og_description":"Robot met dual camera en ge\u00efntegreerde vangnet-lanceerder  Autonome navigatie gecombineerd met interactieve lanceerfuncties  Robuust aluminium- en kunststofontwerp voor duurzaamheid en lichtgewicht  Go2 scherm-afstandsbediening voor eenvoudige bediening  Perfect voor trainingsscenario\u2019s, experimenten en educatieve demonstraties","og_url":"https:\/\/koningdrone.be\/fr\/produit\/unitree-go2-ent-plus-4-go2-screen-remote-control-dual-cameracapture-net-gun-launcher\/","og_site_name":"koningdrone.be","article_modified_time":"2026-04-30T14:20:29+00:00","og_image":[{"width":550,"height":550,"url":"https:\/\/koningdrone.be\/wp-content\/uploads\/sites\/13\/2026\/04\/Unitree-Go2-Ent-Plus-1-Go2-screen-remote-control-dual-camera.jpg","type":"image\/jpeg"}],"twitter_card":"summary_large_image","twitter_misc":{"Dur\u00e9e de lecture est.":"2 minutes"},"schema":{"@context":"https:\/\/schema.org","@graph":[{"@type":"WebPage","@id":"https:\/\/koningdrone.be\/product\/unitree-go2-ent-plus-4-go2-screen-remote-control-dual-cameracapture-net-gun-launcher\/","url":"https:\/\/koningdrone.be\/product\/unitree-go2-ent-plus-4-go2-screen-remote-control-dual-cameracapture-net-gun-launcher\/","name":"Unitree Go2 Ent-Plus 4 (Go2 screen remote control (dual camera+capture net gun launcher)) - koningdrone.be","isPartOf":{"@id":"https:\/\/koningdrone.be\/#website"},"primaryImageOfPage":{"@id":"https:\/\/koningdrone.be\/product\/unitree-go2-ent-plus-4-go2-screen-remote-control-dual-cameracapture-net-gun-launcher\/#primaryimage"},"image":{"@id":"https:\/\/koningdrone.be\/product\/unitree-go2-ent-plus-4-go2-screen-remote-control-dual-cameracapture-net-gun-launcher\/#primaryimage"},"thumbnailUrl":"https:\/\/koningdrone.be\/wp-content\/uploads\/sites\/13\/2026\/04\/Unitree-Go2-Ent-Plus-1-Go2-screen-remote-control-dual-camera.jpg","datePublished":"2025-07-03T07:34:51+00:00","dateModified":"2026-04-30T14:20:29+00:00","breadcrumb":{"@id":"https:\/\/koningdrone.be\/product\/unitree-go2-ent-plus-4-go2-screen-remote-control-dual-cameracapture-net-gun-launcher\/#breadcrumb"},"inLanguage":"fr-BE","potentialAction":[{"@type":"ReadAction","target":["https:\/\/koningdrone.be\/product\/unitree-go2-ent-plus-4-go2-screen-remote-control-dual-cameracapture-net-gun-launcher\/"]}]},{"@type":"ImageObject","inLanguage":"fr-BE","@id":"https:\/\/koningdrone.be\/product\/unitree-go2-ent-plus-4-go2-screen-remote-control-dual-cameracapture-net-gun-launcher\/#primaryimage","url":"https:\/\/koningdrone.be\/wp-content\/uploads\/sites\/13\/2026\/04\/Unitree-Go2-Ent-Plus-1-Go2-screen-remote-control-dual-camera.jpg","contentUrl":"https:\/\/koningdrone.be\/wp-content\/uploads\/sites\/13\/2026\/04\/Unitree-Go2-Ent-Plus-1-Go2-screen-remote-control-dual-camera.jpg","width":550,"height":550},{"@type":"BreadcrumbList","@id":"https:\/\/koningdrone.be\/product\/unitree-go2-ent-plus-4-go2-screen-remote-control-dual-cameracapture-net-gun-launcher\/#breadcrumb","itemListElement":[{"@type":"ListItem","position":1,"name":"Home","item":"https:\/\/koningdrone.be\/"},{"@type":"ListItem","position":2,"name":"AVSS Parachute Recovery System for DJI Matrice 300\/350","item":"https:\/\/koningdrone.be\/product\/avss-parachute-recovery-system-for-dji-matrice-300-350\/"},{"@type":"ListItem","position":3,"name":"Unitree Go2 Ent","item":"https:\/\/koningdrone.be\/categorie\/unitree-go2-ent\/"},{"@type":"ListItem","position":4,"name":"Unitree Go2 Ent-Plus 4 (Go2 screen remote control (dual camera+capture net gun launcher))"}]},{"@type":"WebSite","@id":"https:\/\/koningdrone.be\/#website","url":"https:\/\/koningdrone.be\/","name":"Koningdrone.be - Votre sp\u00e9cialiste en ligne en mati\u00e8re de drones, de cardans, de cam\u00e9ras et de centrales \u00e9lectriques.","description":"La boutique en ligne de drones et de cardans","publisher":{"@id":"https:\/\/koningdrone.be\/#organization"},"potentialAction":[{"@type":"SearchAction","target":{"@type":"EntryPoint","urlTemplate":"https:\/\/koningdrone.be\/?s={search_term_string}"},"query-input":{"@type":"PropertyValueSpecification","valueRequired":true,"valueName":"search_term_string"}}],"inLanguage":"fr-BE"},{"@type":"Organization","@id":"https:\/\/koningdrone.be\/#organization","name":"Kingdrone.co.uk","url":"https:\/\/koningdrone.be\/","logo":{"@type":"ImageObject","inLanguage":"fr-BE","@id":"https:\/\/koningdrone.be\/#\/schema\/logo\/image\/","url":"https:\/\/koningdrone.be\/wp-content\/uploads\/sites\/13\/2025\/04\/koningdrone-copyright-logo.svg","contentUrl":"https:\/\/koningdrone.be\/wp-content\/uploads\/sites\/13\/2025\/04\/koningdrone-copyright-logo.svg","width":227,"height":38,"caption":"Koningdrone.be"},"image":{"@id":"https:\/\/koningdrone.be\/#\/schema\/logo\/image\/"}}]}},"df_price":21659,"df_sale_price":"","df_regular_price":21659,"df_image_link":"https:\/\/koningdrone.be\/wp-content\/uploads\/sites\/13\/2026\/04\/Unitree-Go2-Ent-Plus-1-Go2-screen-remote-control-dual-camera-300x300.jpg","_links":{"self":[{"href":"https:\/\/koningdrone.be\/fr\/wp-json\/wp\/v2\/product\/15021","targetHints":{"allow":["GET"]}}],"collection":[{"href":"https:\/\/koningdrone.be\/fr\/wp-json\/wp\/v2\/product"}],"about":[{"href":"https:\/\/koningdrone.be\/fr\/wp-json\/wp\/v2\/types\/product"}],"wp:featuredmedia":[{"embeddable":true,"href":"https:\/\/koningdrone.be\/fr\/wp-json\/wp\/v2\/media\/19012"}],"wp:attachment":[{"href":"https:\/\/koningdrone.be\/fr\/wp-json\/wp\/v2\/media?parent=15021"}],"wp:term":[{"taxonomy":"product_brand","embeddable":true,"href":"https:\/\/koningdrone.be\/fr\/wp-json\/wp\/v2\/product_brand?post=15021"},{"taxonomy":"product_cat","embeddable":true,"href":"https:\/\/koningdrone.be\/fr\/wp-json\/wp\/v2\/product_cat?post=15021"},{"taxonomy":"product_tag","embeddable":true,"href":"https:\/\/koningdrone.be\/fr\/wp-json\/wp\/v2\/product_tag?post=15021"}],"curies":[{"name":"wp","href":"https:\/\/api.w.org\/{rel}","templated":true}]}}