{"id":14890,"date":"2025-07-03T09:59:16","date_gmt":"2025-07-03T07:59:16","guid":{"rendered":"https:\/\/koningdrone.be\/product\/unitree-g1-edu-u2\/"},"modified":"2026-04-29T16:20:34","modified_gmt":"2026-04-29T14:20:34","slug":"unitree-g1-edu-u2","status":"publish","type":"product","link":"https:\/\/koningdrone.be\/fr\/produit\/unitree-g1-edu-u2\/","title":{"rendered":"Unitree G1 EDU U2"},"content":{"rendered":"<h3>Unitree G1 EDU U2 : Articulation maximale pour la recherche en robotique haut de gamme<\/h3>\n<p>Le <strong>Unitree G1 EDU U2<\/strong> est l'ultime \u00e9volution de la ligne d'enseignement G1, con\u00e7ue pour ceux qui cherchent \u00e0 repousser les limites de la motricit\u00e9 humano\u00efde. Alors que les mod\u00e8les pr\u00e9c\u00e9dents se concentraient sur les mouvements de base, la variante U2 introduit une gamme de mouvements \u00e9largie avec des degr\u00e9s de libert\u00e9 suppl\u00e9mentaires au niveau du torse (taille) et des bras. Cette complexit\u00e9 accrue permet aux chercheurs d'imiter les mouvements humains avec une fid\u00e9lit\u00e9 in\u00e9gal\u00e9e. Le G1 EDU U2 est l'outil id\u00e9al pour les universit\u00e9s et les entreprises technologiques sp\u00e9cialis\u00e9es dans l'IA incarn\u00e9e, o\u00f9 l'interaction physique avec l'environnement est aussi importante que les algorithmes sous-jacents.<\/p>\n<p><a href=\"https:\/\/koningdrone.nl\/wp-content\/uploads\/2025\/07\/Unitree-G1-Edu.jpg\"><img loading=\"lazy\" decoding=\"async\" class=\"size-medium wp-image-473207 aligncenter\" src=\"https:\/\/koningdrone.nl\/wp-content\/uploads\/2025\/07\/Unitree-G1-Edu-300x300.jpg\" alt=\"Unitree G1 Edu\" width=\"300\" height=\"300\" \/><\/a><\/p>\n<h4>Cin\u00e9matique sup\u00e9rieure et puissance de l'IA embarqu\u00e9e<\/h4>\n<p>La configuration U2 offre la libert\u00e9 m\u00e9canique n\u00e9cessaire aux sc\u00e9narios les plus complexes :<\/p>\n<ul>\n<li><strong>Degr\u00e9s de libert\u00e9 \u00e9tendus (DoF) :<\/strong> Gr\u00e2ce \u00e0 des articulations suppl\u00e9mentaires au niveau de la taille et des bras, le G1 EDU U2 peut effectuer des t\u00e2ches n\u00e9cessitant un degr\u00e9 \u00e9lev\u00e9 de rotation du torse et d'articulation des bras. Ceci est essentiel pour la recherche sur l'\u00e9quilibre dynamique et la manipulation d'objets dans des espaces non structur\u00e9s.<\/li>\n<li><strong>100 TOPS Puissance de calcul :<\/strong> Comme la variante U1, la variante U2 est dot\u00e9e d'une puissante station d'extension avec <strong>100 TOPS de puissance de calcul<\/strong>. Cela permet au robot d'effectuer des op\u00e9rations de vision par ordinateur en temps r\u00e9el, de reconnaissance vocale et de planification de trajectoires complexes sans d\u00e9lai.<\/li>\n<li><strong>Int\u00e9gration de capteurs avanc\u00e9s :<\/strong> La combinaison de <strong>LiDAR 3D et cam\u00e9ras de profondeur<\/strong> fournit une vue cristalline de l'environnement. Dans la variante U2, ces donn\u00e9es sont utilis\u00e9es pour contr\u00f4ler intelligemment les articulations suppl\u00e9mentaires afin d'\u00e9viter les obstacles de mani\u00e8re proactive et d'assurer des interactions fluides.<\/li>\n<\/ul>\n<h4>M\u00e9canique industrielle et conception adapt\u00e9e<\/h4>\n<p>Le mat\u00e9riel de l'U2 est con\u00e7u pour r\u00e9sister aux cycles de test les plus difficiles :<\/p>\n<ul>\n<li><strong>Actionneurs d'articulation am\u00e9lior\u00e9s :<\/strong> Les moteurs de l'U2 ont \u00e9t\u00e9 optimis\u00e9s pour un contr\u00f4le du couple encore plus pr\u00e9cis. Cela se traduit par des mouvements plus fluides et une plus grande r\u00e9sistance aux forces ext\u00e9rieures, ce qui est essentiel pour une manipulation stable.<\/li>\n<li><strong>Ch\u00e2ssis compact et robuste :<\/strong> Malgr\u00e9 l'augmentation de la complexit\u00e9 m\u00e9canique, l'U2 conserve le design compact caract\u00e9ristique de la s\u00e9rie G1. Le ch\u00e2ssis r\u00e9siste \u00e0 une utilisation intensive en laboratoire et constitue une base stable pour divers montages exp\u00e9rimentaux.<\/li>\n<li><strong>Plate-forme de d\u00e9veloppement ouverte :<\/strong> Gr\u00e2ce \u00e0 un soutien complet aux <strong>ROS, SDK et API<\/strong> Les d\u00e9veloppeurs peuvent imm\u00e9diatement commencer \u00e0 travailler avec les capacit\u00e9s uniques des articulations suppl\u00e9mentaires, ouvrant ainsi la voie \u00e0 des applications innovantes dans le domaine de l'interaction homme-machine.<\/li>\n<\/ul>\n<p><a href=\"https:\/\/koningdrone.nl\/wp-content\/uploads\/2025\/07\/Unitree-G1-Edu-Product.jpg\"><img loading=\"lazy\" decoding=\"async\" class=\"size-medium wp-image-473206 aligncenter\" src=\"https:\/\/koningdrone.nl\/wp-content\/uploads\/2025\/07\/Unitree-G1-Edu-Product-300x300.jpg\" alt=\"Unitree G1 Edu Product\" width=\"300\" height=\"300\" \/><\/a><\/p>\n<h4>Pourquoi l'Unitree G1 EDU U2 est indispensable<\/h4>\n<p>L'Unitree G1 EDU U2 est le choix d\u00e9finitif pour les projets de recherche qui vont au-del\u00e0 de l'essentiel. Sa combinaison de performances motrices sup\u00e9rieures et de puissance de calcul massive en fait une plateforme unique pour le d\u00e9veloppement d'agents d'intelligence artificielle qui doivent \u00eatre capables de se comporter physiquement dans un monde humain. Que vous travailliez sur des technologies de r\u00e9\u00e9ducation avanc\u00e9es, des robots d'assistance autonomes ou des recherches fondamentales sur la biom\u00e9canique humano\u00efde, l'U2 offre la flexibilit\u00e9 mat\u00e9rielle et la puissance logicielle n\u00e9cessaires pour concr\u00e9tiser votre vision.<\/p>","protected":false},"excerpt":{"rendered":"<ul>\n<li>Libert\u00e9 de mouvement accrue et mat\u00e9riel de pointe<\/li>\n<li>Id\u00e9al pour les universit\u00e9s, les \u00e9quipes de R&amp;D et les entreprises technologiques<\/li>\n<li>Module de calcul 100 TOPS int\u00e9gr\u00e9 pour les projets d'intelligence artificielle<\/li>\n<li>Des articulations et des capteurs avanc\u00e9s pour des mouvements fluides<\/li>\n<li>Compatibilit\u00e9 totale avec ROS, les SDK et les API<\/li>\n<\/ul>","protected":false},"featured_media":19143,"template":"","meta":{"_acf_changed":false},"product_brand":[],"product_cat":[58,2017],"product_tag":[],"class_list":{"0":"post-14890","1":"product","2":"type-product","3":"status-publish","4":"has-post-thumbnail","6":"product_cat-uncategorized","7":"product_cat-unitree-g1","8":"product_shipping_class-outofstock","9":"pa_brand-unitree","10":"pa_producttype-humanoide-robot","11":"pa_series-g1","13":"first","14":"outofstock","15":"taxable","16":"shipping-taxable","17":"purchasable","18":"product-type-simple"},"acf":[],"yoast_head":"<!-- This site is optimized with the Yoast SEO Premium plugin v27.2 (Yoast SEO v27.2) - https:\/\/yoast.com\/product\/yoast-seo-premium-wordpress\/ -->\n<title>Unitree G1 EDU U2 - koningdrone.be<\/title>\n<meta name=\"robots\" content=\"index, follow, max-snippet:-1, max-image-preview:large, max-video-preview:-1\" \/>\n<link rel=\"canonical\" href=\"https:\/\/koningdrone.be\/fr\/produit\/unitree-g1-edu-u2\/\" \/>\n<meta property=\"og:locale\" content=\"fr_FR\" \/>\n<meta property=\"og:type\" content=\"article\" \/>\n<meta property=\"og:title\" content=\"Unitree G1 EDU U2\" \/>\n<meta property=\"og:description\" content=\"Extra bewegingsvrijheid en geavanceerde hardware  Ideaal voor universiteiten, R&amp;D\u2011teams en tech\u2011bedrijven  Ingebouwde 100\u202fTOPS computing module voor AI\u2011projecten  Geavanceerde gewrichten en sensoren voor vloeiende bewegingen  Volledige compatibiliteit met ROS, SDK\u2019s en API\u2019s\" \/>\n<meta property=\"og:url\" content=\"https:\/\/koningdrone.be\/fr\/produit\/unitree-g1-edu-u2\/\" \/>\n<meta property=\"og:site_name\" content=\"koningdrone.be\" \/>\n<meta property=\"article:modified_time\" content=\"2026-04-29T14:20:34+00:00\" \/>\n<meta property=\"og:image\" content=\"https:\/\/koningdrone.be\/wp-content\/uploads\/sites\/13\/2026\/04\/Unitree-G1-Edu.jpg\" \/>\n\t<meta property=\"og:image:width\" content=\"800\" \/>\n\t<meta property=\"og:image:height\" content=\"800\" \/>\n\t<meta property=\"og:image:type\" content=\"image\/jpeg\" \/>\n<meta name=\"twitter:card\" content=\"summary_large_image\" \/>\n<meta name=\"twitter:label1\" content=\"Dur\u00e9e de lecture est.\" \/>\n\t<meta name=\"twitter:data1\" content=\"2 minutes\" \/>\n<script type=\"application\/ld+json\" class=\"yoast-schema-graph\">{\"@context\":\"https:\/\/schema.org\",\"@graph\":[{\"@type\":\"WebPage\",\"@id\":\"https:\/\/koningdrone.be\/product\/unitree-g1-edu-u2\/\",\"url\":\"https:\/\/koningdrone.be\/product\/unitree-g1-edu-u2\/\",\"name\":\"Unitree G1 EDU U2 - koningdrone.be\",\"isPartOf\":{\"@id\":\"https:\/\/koningdrone.be\/#website\"},\"primaryImageOfPage\":{\"@id\":\"https:\/\/koningdrone.be\/product\/unitree-g1-edu-u2\/#primaryimage\"},\"image\":{\"@id\":\"https:\/\/koningdrone.be\/product\/unitree-g1-edu-u2\/#primaryimage\"},\"thumbnailUrl\":\"https:\/\/koningdrone.be\/wp-content\/uploads\/sites\/13\/2026\/04\/Unitree-G1-Edu.jpg\",\"datePublished\":\"2025-07-03T07:59:16+00:00\",\"dateModified\":\"2026-04-29T14:20:34+00:00\",\"breadcrumb\":{\"@id\":\"https:\/\/koningdrone.be\/product\/unitree-g1-edu-u2\/#breadcrumb\"},\"inLanguage\":\"fr-BE\",\"potentialAction\":[{\"@type\":\"ReadAction\",\"target\":[\"https:\/\/koningdrone.be\/product\/unitree-g1-edu-u2\/\"]}]},{\"@type\":\"ImageObject\",\"inLanguage\":\"fr-BE\",\"@id\":\"https:\/\/koningdrone.be\/product\/unitree-g1-edu-u2\/#primaryimage\",\"url\":\"https:\/\/koningdrone.be\/wp-content\/uploads\/sites\/13\/2026\/04\/Unitree-G1-Edu.jpg\",\"contentUrl\":\"https:\/\/koningdrone.be\/wp-content\/uploads\/sites\/13\/2026\/04\/Unitree-G1-Edu.jpg\",\"width\":800,\"height\":800},{\"@type\":\"BreadcrumbList\",\"@id\":\"https:\/\/koningdrone.be\/product\/unitree-g1-edu-u2\/#breadcrumb\",\"itemListElement\":[{\"@type\":\"ListItem\",\"position\":1,\"name\":\"Home\",\"item\":\"https:\/\/koningdrone.be\/\"},{\"@type\":\"ListItem\",\"position\":2,\"name\":\"AVSS Parachute Recovery System for DJI Matrice 300\/350\",\"item\":\"https:\/\/koningdrone.be\/product\/avss-parachute-recovery-system-for-dji-matrice-300-350\/\"},{\"@type\":\"ListItem\",\"position\":3,\"name\":\"Uncategorized\",\"item\":\"https:\/\/koningdrone.be\/categorie\/uncategorized\/\"},{\"@type\":\"ListItem\",\"position\":4,\"name\":\"Unitree G1 EDU U2\"}]},{\"@type\":\"WebSite\",\"@id\":\"https:\/\/koningdrone.be\/#website\",\"url\":\"https:\/\/koningdrone.be\/\",\"name\":\"Koningdrone.be - Uw online specialist in drones, gimbals, camera's en power stations.\",\"description\":\"De webshop in drones en gimbals\",\"publisher\":{\"@id\":\"https:\/\/koningdrone.be\/#organization\"},\"potentialAction\":[{\"@type\":\"SearchAction\",\"target\":{\"@type\":\"EntryPoint\",\"urlTemplate\":\"https:\/\/koningdrone.be\/?s={search_term_string}\"},\"query-input\":{\"@type\":\"PropertyValueSpecification\",\"valueRequired\":true,\"valueName\":\"search_term_string\"}}],\"inLanguage\":\"fr-BE\"},{\"@type\":\"Organization\",\"@id\":\"https:\/\/koningdrone.be\/#organization\",\"name\":\"Koningdrone.be\",\"url\":\"https:\/\/koningdrone.be\/\",\"logo\":{\"@type\":\"ImageObject\",\"inLanguage\":\"fr-BE\",\"@id\":\"https:\/\/koningdrone.be\/#\/schema\/logo\/image\/\",\"url\":\"https:\/\/koningdrone.be\/wp-content\/uploads\/sites\/13\/2025\/04\/koningdrone-copyright-logo.svg\",\"contentUrl\":\"https:\/\/koningdrone.be\/wp-content\/uploads\/sites\/13\/2025\/04\/koningdrone-copyright-logo.svg\",\"width\":227,\"height\":38,\"caption\":\"Koningdrone.be\"},\"image\":{\"@id\":\"https:\/\/koningdrone.be\/#\/schema\/logo\/image\/\"}}]}<\/script>\n<!-- \/ Yoast SEO Premium plugin. -->","yoast_head_json":{"title":"Unitree G1 EDU U2 - koningdrone.be","robots":{"index":"index","follow":"follow","max-snippet":"max-snippet:-1","max-image-preview":"max-image-preview:large","max-video-preview":"max-video-preview:-1"},"canonical":"https:\/\/koningdrone.be\/fr\/produit\/unitree-g1-edu-u2\/","og_locale":"fr_FR","og_type":"article","og_title":"Unitree G1 EDU U2","og_description":"Extra bewegingsvrijheid en geavanceerde hardware  Ideaal voor universiteiten, R&amp;D\u2011teams en tech\u2011bedrijven  Ingebouwde 100\u202fTOPS computing module voor AI\u2011projecten  Geavanceerde gewrichten en sensoren voor vloeiende bewegingen  Volledige compatibiliteit met ROS, SDK\u2019s en API\u2019s","og_url":"https:\/\/koningdrone.be\/fr\/produit\/unitree-g1-edu-u2\/","og_site_name":"koningdrone.be","article_modified_time":"2026-04-29T14:20:34+00:00","og_image":[{"width":800,"height":800,"url":"https:\/\/koningdrone.be\/wp-content\/uploads\/sites\/13\/2026\/04\/Unitree-G1-Edu.jpg","type":"image\/jpeg"}],"twitter_card":"summary_large_image","twitter_misc":{"Dur\u00e9e de lecture est.":"2 minutes"},"schema":{"@context":"https:\/\/schema.org","@graph":[{"@type":"WebPage","@id":"https:\/\/koningdrone.be\/product\/unitree-g1-edu-u2\/","url":"https:\/\/koningdrone.be\/product\/unitree-g1-edu-u2\/","name":"Unitree G1 EDU U2 - koningdrone.be","isPartOf":{"@id":"https:\/\/koningdrone.be\/#website"},"primaryImageOfPage":{"@id":"https:\/\/koningdrone.be\/product\/unitree-g1-edu-u2\/#primaryimage"},"image":{"@id":"https:\/\/koningdrone.be\/product\/unitree-g1-edu-u2\/#primaryimage"},"thumbnailUrl":"https:\/\/koningdrone.be\/wp-content\/uploads\/sites\/13\/2026\/04\/Unitree-G1-Edu.jpg","datePublished":"2025-07-03T07:59:16+00:00","dateModified":"2026-04-29T14:20:34+00:00","breadcrumb":{"@id":"https:\/\/koningdrone.be\/product\/unitree-g1-edu-u2\/#breadcrumb"},"inLanguage":"fr-BE","potentialAction":[{"@type":"ReadAction","target":["https:\/\/koningdrone.be\/product\/unitree-g1-edu-u2\/"]}]},{"@type":"ImageObject","inLanguage":"fr-BE","@id":"https:\/\/koningdrone.be\/product\/unitree-g1-edu-u2\/#primaryimage","url":"https:\/\/koningdrone.be\/wp-content\/uploads\/sites\/13\/2026\/04\/Unitree-G1-Edu.jpg","contentUrl":"https:\/\/koningdrone.be\/wp-content\/uploads\/sites\/13\/2026\/04\/Unitree-G1-Edu.jpg","width":800,"height":800},{"@type":"BreadcrumbList","@id":"https:\/\/koningdrone.be\/product\/unitree-g1-edu-u2\/#breadcrumb","itemListElement":[{"@type":"ListItem","position":1,"name":"Home","item":"https:\/\/koningdrone.be\/"},{"@type":"ListItem","position":2,"name":"AVSS Parachute Recovery System for DJI Matrice 300\/350","item":"https:\/\/koningdrone.be\/product\/avss-parachute-recovery-system-for-dji-matrice-300-350\/"},{"@type":"ListItem","position":3,"name":"Uncategorized","item":"https:\/\/koningdrone.be\/categorie\/uncategorized\/"},{"@type":"ListItem","position":4,"name":"Unitree G1 EDU U2"}]},{"@type":"WebSite","@id":"https:\/\/koningdrone.be\/#website","url":"https:\/\/koningdrone.be\/","name":"Koningdrone.be - Votre sp\u00e9cialiste en ligne en mati\u00e8re de drones, de cardans, de cam\u00e9ras et de centrales \u00e9lectriques.","description":"La boutique en ligne de drones et de cardans","publisher":{"@id":"https:\/\/koningdrone.be\/#organization"},"potentialAction":[{"@type":"SearchAction","target":{"@type":"EntryPoint","urlTemplate":"https:\/\/koningdrone.be\/?s={search_term_string}"},"query-input":{"@type":"PropertyValueSpecification","valueRequired":true,"valueName":"search_term_string"}}],"inLanguage":"fr-BE"},{"@type":"Organization","@id":"https:\/\/koningdrone.be\/#organization","name":"Kingdrone.co.uk","url":"https:\/\/koningdrone.be\/","logo":{"@type":"ImageObject","inLanguage":"fr-BE","@id":"https:\/\/koningdrone.be\/#\/schema\/logo\/image\/","url":"https:\/\/koningdrone.be\/wp-content\/uploads\/sites\/13\/2025\/04\/koningdrone-copyright-logo.svg","contentUrl":"https:\/\/koningdrone.be\/wp-content\/uploads\/sites\/13\/2025\/04\/koningdrone-copyright-logo.svg","width":227,"height":38,"caption":"Koningdrone.be"},"image":{"@id":"https:\/\/koningdrone.be\/#\/schema\/logo\/image\/"}}]}},"df_price":63239.44,"df_sale_price":"","df_regular_price":63239.44,"df_image_link":"https:\/\/koningdrone.be\/wp-content\/uploads\/sites\/13\/2026\/04\/Unitree-G1-Edu-300x300.jpg","_links":{"self":[{"href":"https:\/\/koningdrone.be\/fr\/wp-json\/wp\/v2\/product\/14890","targetHints":{"allow":["GET"]}}],"collection":[{"href":"https:\/\/koningdrone.be\/fr\/wp-json\/wp\/v2\/product"}],"about":[{"href":"https:\/\/koningdrone.be\/fr\/wp-json\/wp\/v2\/types\/product"}],"wp:featuredmedia":[{"embeddable":true,"href":"https:\/\/koningdrone.be\/fr\/wp-json\/wp\/v2\/media\/19143"}],"wp:attachment":[{"href":"https:\/\/koningdrone.be\/fr\/wp-json\/wp\/v2\/media?parent=14890"}],"wp:term":[{"taxonomy":"product_brand","embeddable":true,"href":"https:\/\/koningdrone.be\/fr\/wp-json\/wp\/v2\/product_brand?post=14890"},{"taxonomy":"product_cat","embeddable":true,"href":"https:\/\/koningdrone.be\/fr\/wp-json\/wp\/v2\/product_cat?post=14890"},{"taxonomy":"product_tag","embeddable":true,"href":"https:\/\/koningdrone.be\/fr\/wp-json\/wp\/v2\/product_tag?post=14890"}],"curies":[{"name":"wp","href":"https:\/\/api.w.org\/{rel}","templated":true}]}}