{"id":14814,"date":"2025-07-03T10:01:01","date_gmt":"2025-07-03T08:01:01","guid":{"rendered":"https:\/\/koningdrone.be\/product\/czi-th1-throwing-hook-for-mavic-3-series-2\/"},"modified":"2025-07-03T10:01:01","modified_gmt":"2025-07-03T08:01:01","slug":"czi-th1-throwing-hook-for-mavic-3-series-2","status":"publish","type":"product","link":"https:\/\/koningdrone.be\/fr\/produit\/czi-th1-throwing-hook-for-mavic-3-series-2\/","title":{"rendered":"Crochet de lancement CZI TH1 pour Mavic 3 Series"},"content":{"rendered":"<p>Le crochet de largage CZI TH1 est un syst\u00e8me de largage de charge l\u00e9ger et t\u00e9l\u00e9command\u00e9 con\u00e7u pour la s\u00e9rie DJI Mavic 3. Qu'il s'agisse de livrer de petites fournitures d'urgence, de tracter une ligne de vie ou de d\u00e9ployer des outils, le TH1 offre un moyen s\u00fbr et pr\u00e9cis de larguer ou de tracter des charges en vol. Il est dot\u00e9 d'un m\u00e9canisme de largage rapide et peut transporter des objets pesant jusqu'\u00e0 40 grammes, ce qui le rend id\u00e9al pour la s\u00e9curit\u00e9 publique, l'inspection et la logistique l\u00e9g\u00e8re. Avec une configuration et un contr\u00f4le faciles via la t\u00e9l\u00e9commande du drone, le TH1 am\u00e9liore les capacit\u00e9s de votre Mavic 3 pour les op\u00e9rations critiques.<\/p>","protected":false},"excerpt":{"rendered":"<ul>\n<li>Permet de lib\u00e9rer \u00e0 distance la cargaison en vol.<\/li>\n<li>Id\u00e9al pour les livraisons d'urgence, les lignes de remorquage et les outils l\u00e9gers.<\/li>\n<li>Facile \u00e0 installer et \u00e0 utiliser avec un minimum de r\u00e9glages.<\/li>\n<li>La conception l\u00e9g\u00e8re assure un vol efficace.<\/li>\n<li>Poign\u00e9e s\u00e9curis\u00e9e pour \u00e9viter les chutes accidentelles.<\/li>\n<li>Augmenter la flexibilit\u00e9 des missions du Mavic 3.<\/li>\n<\/ul>","protected":false},"featured_media":14809,"template":"","meta":{"_acf_changed":false},"product_brand":[],"product_cat":[58],"product_tag":[],"class_list":{"0":"post-14814","1":"product","2":"type-product","3":"status-publish","4":"has-post-thumbnail","6":"product_cat-uncategorized","7":"pa_brand-czi","8":"pa_producttype-werphaak","9":"pa_series-mavic-3-enterprise","11":"first","12":"outofstock","13":"taxable","14":"shipping-taxable","15":"product-type-simple"},"acf":[],"yoast_head":"<!-- This site is optimized with the Yoast SEO Premium plugin v27.2 (Yoast SEO v27.2) - https:\/\/yoast.com\/product\/yoast-seo-premium-wordpress\/ -->\n<title>CZI TH1 Throwing Hook for Mavic 3 Series - koningdrone.be<\/title>\n<meta name=\"robots\" content=\"index, follow, max-snippet:-1, max-image-preview:large, max-video-preview:-1\" \/>\n<link rel=\"canonical\" href=\"https:\/\/koningdrone.be\/fr\/produit\/czi-th1-throwing-hook-for-mavic-3-series-2\/\" \/>\n<meta property=\"og:locale\" content=\"fr_FR\" \/>\n<meta property=\"og:type\" content=\"article\" \/>\n<meta property=\"og:title\" content=\"CZI TH1 Throwing Hook for Mavic 3 Series\" \/>\n<meta property=\"og:description\" content=\"Maakt het mogelijk om de lading op afstand los te laten tijdens de vlucht. Ideaal voor noodleveringen, sleeplijnen en licht gereedschap. Eenvoudig te installeren en te bedienen met minimale instellingen. Lichtgewicht ontwerp zorgt voor effici\u00ebnt vliegen. Veilige grip om per ongeluk vallen te voorkomen. Vergroot de missieflexibiliteit van de Mavic 3.\" \/>\n<meta property=\"og:url\" content=\"https:\/\/koningdrone.be\/fr\/produit\/czi-th1-throwing-hook-for-mavic-3-series-2\/\" \/>\n<meta property=\"og:site_name\" content=\"koningdrone.be\" \/>\n<meta property=\"og:image\" content=\"https:\/\/koningdrone.be\/wp-content\/uploads\/sites\/13\/2025\/08\/TH1\u4ea7\u54c1\u4e3b\u56fe.png\" \/>\n\t<meta property=\"og:image:width\" content=\"2000\" \/>\n\t<meta property=\"og:image:height\" content=\"2000\" \/>\n\t<meta property=\"og:image:type\" content=\"image\/png\" \/>\n<meta name=\"twitter:card\" content=\"summary_large_image\" \/>\n<script type=\"application\/ld+json\" class=\"yoast-schema-graph\">{\"@context\":\"https:\/\/schema.org\",\"@graph\":[{\"@type\":\"WebPage\",\"@id\":\"https:\/\/koningdrone.be\/product\/czi-th1-throwing-hook-for-mavic-3-series-2\/\",\"url\":\"https:\/\/koningdrone.be\/product\/czi-th1-throwing-hook-for-mavic-3-series-2\/\",\"name\":\"CZI TH1 Throwing Hook for Mavic 3 Series - koningdrone.be\",\"isPartOf\":{\"@id\":\"https:\/\/koningdrone.be\/#website\"},\"primaryImageOfPage\":{\"@id\":\"https:\/\/koningdrone.be\/product\/czi-th1-throwing-hook-for-mavic-3-series-2\/#primaryimage\"},\"image\":{\"@id\":\"https:\/\/koningdrone.be\/product\/czi-th1-throwing-hook-for-mavic-3-series-2\/#primaryimage\"},\"thumbnailUrl\":\"https:\/\/koningdrone.be\/wp-content\/uploads\/sites\/13\/2025\/08\/TH1\u4ea7\u54c1\u4e3b\u56fe.png\",\"datePublished\":\"2025-07-03T08:01:01+00:00\",\"breadcrumb\":{\"@id\":\"https:\/\/koningdrone.be\/product\/czi-th1-throwing-hook-for-mavic-3-series-2\/#breadcrumb\"},\"inLanguage\":\"fr-BE\",\"potentialAction\":[{\"@type\":\"ReadAction\",\"target\":[\"https:\/\/koningdrone.be\/product\/czi-th1-throwing-hook-for-mavic-3-series-2\/\"]}]},{\"@type\":\"ImageObject\",\"inLanguage\":\"fr-BE\",\"@id\":\"https:\/\/koningdrone.be\/product\/czi-th1-throwing-hook-for-mavic-3-series-2\/#primaryimage\",\"url\":\"https:\/\/koningdrone.be\/wp-content\/uploads\/sites\/13\/2025\/08\/TH1\u4ea7\u54c1\u4e3b\u56fe.png\",\"contentUrl\":\"https:\/\/koningdrone.be\/wp-content\/uploads\/sites\/13\/2025\/08\/TH1\u4ea7\u54c1\u4e3b\u56fe.png\",\"width\":2000,\"height\":2000},{\"@type\":\"BreadcrumbList\",\"@id\":\"https:\/\/koningdrone.be\/product\/czi-th1-throwing-hook-for-mavic-3-series-2\/#breadcrumb\",\"itemListElement\":[{\"@type\":\"ListItem\",\"position\":1,\"name\":\"Home\",\"item\":\"https:\/\/koningdrone.be\/\"},{\"@type\":\"ListItem\",\"position\":2,\"name\":\"AVSS Parachute Recovery System for DJI Matrice 300\/350\",\"item\":\"https:\/\/koningdrone.be\/product\/avss-parachute-recovery-system-for-dji-matrice-300-350\/\"},{\"@type\":\"ListItem\",\"position\":3,\"name\":\"Uncategorized\",\"item\":\"https:\/\/koningdrone.be\/categorie\/uncategorized\/\"},{\"@type\":\"ListItem\",\"position\":4,\"name\":\"CZI TH1 Throwing Hook for Mavic 3 Series\"}]},{\"@type\":\"WebSite\",\"@id\":\"https:\/\/koningdrone.be\/#website\",\"url\":\"https:\/\/koningdrone.be\/\",\"name\":\"Koningdrone.be - Uw online specialist in drones, gimbals, camera's en power stations.\",\"description\":\"De webshop in drones en gimbals\",\"publisher\":{\"@id\":\"https:\/\/koningdrone.be\/#organization\"},\"potentialAction\":[{\"@type\":\"SearchAction\",\"target\":{\"@type\":\"EntryPoint\",\"urlTemplate\":\"https:\/\/koningdrone.be\/?s={search_term_string}\"},\"query-input\":{\"@type\":\"PropertyValueSpecification\",\"valueRequired\":true,\"valueName\":\"search_term_string\"}}],\"inLanguage\":\"fr-BE\"},{\"@type\":\"Organization\",\"@id\":\"https:\/\/koningdrone.be\/#organization\",\"name\":\"Koningdrone.be\",\"url\":\"https:\/\/koningdrone.be\/\",\"logo\":{\"@type\":\"ImageObject\",\"inLanguage\":\"fr-BE\",\"@id\":\"https:\/\/koningdrone.be\/#\/schema\/logo\/image\/\",\"url\":\"https:\/\/koningdrone.be\/wp-content\/uploads\/sites\/13\/2025\/04\/koningdrone-copyright-logo.svg\",\"contentUrl\":\"https:\/\/koningdrone.be\/wp-content\/uploads\/sites\/13\/2025\/04\/koningdrone-copyright-logo.svg\",\"width\":227,\"height\":38,\"caption\":\"Koningdrone.be\"},\"image\":{\"@id\":\"https:\/\/koningdrone.be\/#\/schema\/logo\/image\/\"}}]}<\/script>\n<!-- \/ Yoast SEO Premium plugin. -->","yoast_head_json":{"title":"CZI TH1 Throwing Hook for Mavic 3 Series - koningdrone.be","robots":{"index":"index","follow":"follow","max-snippet":"max-snippet:-1","max-image-preview":"max-image-preview:large","max-video-preview":"max-video-preview:-1"},"canonical":"https:\/\/koningdrone.be\/fr\/produit\/czi-th1-throwing-hook-for-mavic-3-series-2\/","og_locale":"fr_FR","og_type":"article","og_title":"CZI TH1 Throwing Hook for Mavic 3 Series","og_description":"Maakt het mogelijk om de lading op afstand los te laten tijdens de vlucht. Ideaal voor noodleveringen, sleeplijnen en licht gereedschap. Eenvoudig te installeren en te bedienen met minimale instellingen. Lichtgewicht ontwerp zorgt voor effici\u00ebnt vliegen. Veilige grip om per ongeluk vallen te voorkomen. Vergroot de missieflexibiliteit van de Mavic 3.","og_url":"https:\/\/koningdrone.be\/fr\/produit\/czi-th1-throwing-hook-for-mavic-3-series-2\/","og_site_name":"koningdrone.be","og_image":[{"width":2000,"height":2000,"url":"https:\/\/koningdrone.be\/wp-content\/uploads\/sites\/13\/2025\/08\/TH1\u4ea7\u54c1\u4e3b\u56fe.png","type":"image\/png"}],"twitter_card":"summary_large_image","schema":{"@context":"https:\/\/schema.org","@graph":[{"@type":"WebPage","@id":"https:\/\/koningdrone.be\/product\/czi-th1-throwing-hook-for-mavic-3-series-2\/","url":"https:\/\/koningdrone.be\/product\/czi-th1-throwing-hook-for-mavic-3-series-2\/","name":"CZI TH1 Throwing Hook for Mavic 3 Series - koningdrone.be","isPartOf":{"@id":"https:\/\/koningdrone.be\/#website"},"primaryImageOfPage":{"@id":"https:\/\/koningdrone.be\/product\/czi-th1-throwing-hook-for-mavic-3-series-2\/#primaryimage"},"image":{"@id":"https:\/\/koningdrone.be\/product\/czi-th1-throwing-hook-for-mavic-3-series-2\/#primaryimage"},"thumbnailUrl":"https:\/\/koningdrone.be\/wp-content\/uploads\/sites\/13\/2025\/08\/TH1\u4ea7\u54c1\u4e3b\u56fe.png","datePublished":"2025-07-03T08:01:01+00:00","breadcrumb":{"@id":"https:\/\/koningdrone.be\/product\/czi-th1-throwing-hook-for-mavic-3-series-2\/#breadcrumb"},"inLanguage":"fr-BE","potentialAction":[{"@type":"ReadAction","target":["https:\/\/koningdrone.be\/product\/czi-th1-throwing-hook-for-mavic-3-series-2\/"]}]},{"@type":"ImageObject","inLanguage":"fr-BE","@id":"https:\/\/koningdrone.be\/product\/czi-th1-throwing-hook-for-mavic-3-series-2\/#primaryimage","url":"https:\/\/koningdrone.be\/wp-content\/uploads\/sites\/13\/2025\/08\/TH1\u4ea7\u54c1\u4e3b\u56fe.png","contentUrl":"https:\/\/koningdrone.be\/wp-content\/uploads\/sites\/13\/2025\/08\/TH1\u4ea7\u54c1\u4e3b\u56fe.png","width":2000,"height":2000},{"@type":"BreadcrumbList","@id":"https:\/\/koningdrone.be\/product\/czi-th1-throwing-hook-for-mavic-3-series-2\/#breadcrumb","itemListElement":[{"@type":"ListItem","position":1,"name":"Home","item":"https:\/\/koningdrone.be\/"},{"@type":"ListItem","position":2,"name":"AVSS Parachute Recovery System for DJI Matrice 300\/350","item":"https:\/\/koningdrone.be\/product\/avss-parachute-recovery-system-for-dji-matrice-300-350\/"},{"@type":"ListItem","position":3,"name":"Uncategorized","item":"https:\/\/koningdrone.be\/categorie\/uncategorized\/"},{"@type":"ListItem","position":4,"name":"CZI TH1 Throwing Hook for Mavic 3 Series"}]},{"@type":"WebSite","@id":"https:\/\/koningdrone.be\/#website","url":"https:\/\/koningdrone.be\/","name":"Koningdrone.be - Votre sp\u00e9cialiste en ligne en mati\u00e8re de drones, de cardans, de cam\u00e9ras et de centrales \u00e9lectriques.","description":"La boutique en ligne de drones et de cardans","publisher":{"@id":"https:\/\/koningdrone.be\/#organization"},"potentialAction":[{"@type":"SearchAction","target":{"@type":"EntryPoint","urlTemplate":"https:\/\/koningdrone.be\/?s={search_term_string}"},"query-input":{"@type":"PropertyValueSpecification","valueRequired":true,"valueName":"search_term_string"}}],"inLanguage":"fr-BE"},{"@type":"Organization","@id":"https:\/\/koningdrone.be\/#organization","name":"Kingdrone.co.uk","url":"https:\/\/koningdrone.be\/","logo":{"@type":"ImageObject","inLanguage":"fr-BE","@id":"https:\/\/koningdrone.be\/#\/schema\/logo\/image\/","url":"https:\/\/koningdrone.be\/wp-content\/uploads\/sites\/13\/2025\/04\/koningdrone-copyright-logo.svg","contentUrl":"https:\/\/koningdrone.be\/wp-content\/uploads\/sites\/13\/2025\/04\/koningdrone-copyright-logo.svg","width":227,"height":38,"caption":"Koningdrone.be"},"image":{"@id":"https:\/\/koningdrone.be\/#\/schema\/logo\/image\/"}}]}},"df_price":"","df_sale_price":"","df_regular_price":"","df_image_link":"https:\/\/koningdrone.be\/wp-content\/uploads\/sites\/13\/2025\/08\/TH1\u4ea7\u54c1\u4e3b\u56fe-300x300.png","_links":{"self":[{"href":"https:\/\/koningdrone.be\/fr\/wp-json\/wp\/v2\/product\/14814","targetHints":{"allow":["GET"]}}],"collection":[{"href":"https:\/\/koningdrone.be\/fr\/wp-json\/wp\/v2\/product"}],"about":[{"href":"https:\/\/koningdrone.be\/fr\/wp-json\/wp\/v2\/types\/product"}],"wp:featuredmedia":[{"embeddable":true,"href":"https:\/\/koningdrone.be\/fr\/wp-json\/wp\/v2\/media\/14809"}],"wp:attachment":[{"href":"https:\/\/koningdrone.be\/fr\/wp-json\/wp\/v2\/media?parent=14814"}],"wp:term":[{"taxonomy":"product_brand","embeddable":true,"href":"https:\/\/koningdrone.be\/fr\/wp-json\/wp\/v2\/product_brand?post=14814"},{"taxonomy":"product_cat","embeddable":true,"href":"https:\/\/koningdrone.be\/fr\/wp-json\/wp\/v2\/product_cat?post=14814"},{"taxonomy":"product_tag","embeddable":true,"href":"https:\/\/koningdrone.be\/fr\/wp-json\/wp\/v2\/product_tag?post=14814"}],"curies":[{"name":"wp","href":"https:\/\/api.w.org\/{rel}","templated":true}]}}