{"id":14806,"date":"2025-07-03T10:02:01","date_gmt":"2025-07-03T08:02:01","guid":{"rendered":"https:\/\/koningdrone.be\/product\/parazero-safe-air-mavic-3-astm-f3322-22-certified-moc-25112512-with-rc\/"},"modified":"2026-04-29T16:30:02","modified_gmt":"2026-04-29T14:30:02","slug":"parazero-safe-air-mavic-3-astm-f3322-22-certified-moc-25112512-with-rc","status":"publish","type":"product","link":"https:\/\/koningdrone.be\/fr\/produit\/parazero-safe-air-mavic-3-astm-f3322-22-certified-moc-25112512-with-rc\/","title":{"rendered":"ParaZero Safe Air Mavic 3 Certifi\u00e9 ASTM F3322-22 + MoC 2511+2512 avec RC"},"content":{"rendered":"<p>Le ParaZero SafeAir pour Mavic 3 est un syst\u00e8me de s\u00e9curit\u00e9 avanc\u00e9 pour drone qui fournit une solution fiable de r\u00e9cup\u00e9ration parachute en cas d'urgence a\u00e9rienne. Con\u00e7u sp\u00e9cifiquement pour la s\u00e9rie Mavic 3, il combine des capteurs avanc\u00e9s et une activation autonome pour d\u00e9ployer rapidement un parachute en cas de d\u00e9tection d'un dysfonctionnement ou d'un probl\u00e8me critique. Ce mod\u00e8le est certifi\u00e9 ASTM F3322-22, r\u00e9pondant aux normes de s\u00e9curit\u00e9 les plus \u00e9lev\u00e9es pour les op\u00e9rations au-dessus des personnes. Il comprend \u00e9galement des moyens de conformit\u00e9 (MoC 2511+2512) et une t\u00e9l\u00e9commande d\u00e9di\u00e9e pour l'activation manuelle. Ce syst\u00e8me est indispensable pour les pilotes de drones effectuant des op\u00e9rations commerciales, des missions de s\u00e9curit\u00e9 publique ou des vols dans des espaces a\u00e9riens r\u00e9glement\u00e9s o\u00f9 une s\u00e9curit\u00e9 accrue est requise.<\/p>","protected":false},"excerpt":{"rendered":"<ul>\n<li>D\u00e9ploiement rapide du parachute pour des atterrissages d'urgence en toute s\u00e9curit\u00e9.<\/li>\n<li>Certifi\u00e9 ASTM F3322-22 pour une utilisation sur des personnes.<\/li>\n<li>Inclut une t\u00e9l\u00e9commande avec d\u00e9clencheur manuel pour un contr\u00f4le de s\u00e9curit\u00e9 suppl\u00e9mentaire.<\/li>\n<li>Conception l\u00e9g\u00e8re et a\u00e9rodynamique pour maintenir les performances de vol.<\/li>\n<li>Con\u00e7u pour r\u00e9pondre aux normes des autorit\u00e9s a\u00e9ronautiques.<\/li>\n<li>Accro\u00eetre la confiance op\u00e9rationnelle pour les missions commerciales.<\/li>\n<\/ul>","protected":false},"featured_media":14798,"template":"","meta":{"_acf_changed":false},"product_brand":[],"product_cat":[58],"product_tag":[],"class_list":{"0":"post-14806","1":"product","2":"type-product","3":"status-publish","4":"has-post-thumbnail","6":"product_cat-uncategorized","7":"product_shipping_class-outofstock","8":"pa_brand-parazero","9":"pa_producttype-veiligheidssysteem-voor-drones","11":"first","12":"outofstock","13":"taxable","14":"shipping-taxable","15":"purchasable","16":"product-type-simple"},"acf":[],"yoast_head":"<!-- This site is optimized with the Yoast SEO Premium plugin v27.2 (Yoast SEO v27.2) - https:\/\/yoast.com\/product\/yoast-seo-premium-wordpress\/ -->\n<title>ParaZero Safe Air Mavic 3 ASTM F3322-22 Certified + MoC 2511+2512 with RC - koningdrone.be<\/title>\n<meta name=\"robots\" content=\"index, follow, max-snippet:-1, max-image-preview:large, max-video-preview:-1\" \/>\n<link rel=\"canonical\" href=\"https:\/\/koningdrone.be\/fr\/produit\/parazero-safe-air-mavic-3-astm-f3322-22-certified-moc-25112512-with-rc\/\" \/>\n<meta property=\"og:locale\" content=\"fr_FR\" \/>\n<meta property=\"og:type\" content=\"article\" \/>\n<meta property=\"og:title\" content=\"ParaZero Safe Air Mavic 3 ASTM F3322-22 Certified + MoC 2511+2512 with RC\" \/>\n<meta property=\"og:description\" content=\"Snelle ontplooiing van de parachute voor veilige noodlandingen. ASTM F3322-22 gecertificeerd voor gebruik boven mensen. Inclusief afstandsbediening met handmatige trekker voor extra veiligheidscontrole. Lichtgewicht en aerodynamisch ontwerp voor behoud van vluchtprestaties. Ontworpen om te voldoen aan de normen van de luchtvaartautoriteiten. Vergroot het operationele vertrouwen voor commerci\u00eble missies.\" \/>\n<meta property=\"og:url\" content=\"https:\/\/koningdrone.be\/fr\/produit\/parazero-safe-air-mavic-3-astm-f3322-22-certified-moc-25112512-with-rc\/\" \/>\n<meta property=\"og:site_name\" content=\"koningdrone.be\" \/>\n<meta property=\"article:modified_time\" content=\"2026-04-29T14:30:02+00:00\" \/>\n<meta property=\"og:image\" content=\"https:\/\/koningdrone.be\/wp-content\/uploads\/sites\/13\/2025\/08\/MGL8529-300x186-1.jpg\" \/>\n\t<meta property=\"og:image:width\" content=\"300\" \/>\n\t<meta property=\"og:image:height\" content=\"186\" \/>\n\t<meta property=\"og:image:type\" content=\"image\/jpeg\" \/>\n<meta name=\"twitter:card\" content=\"summary_large_image\" \/>\n<meta name=\"twitter:label1\" content=\"Dur\u00e9e de lecture est.\" \/>\n\t<meta name=\"twitter:data1\" content=\"1 minute\" \/>\n<script type=\"application\/ld+json\" class=\"yoast-schema-graph\">{\"@context\":\"https:\/\/schema.org\",\"@graph\":[{\"@type\":\"WebPage\",\"@id\":\"https:\/\/koningdrone.be\/product\/parazero-safe-air-mavic-3-astm-f3322-22-certified-moc-25112512-with-rc\/\",\"url\":\"https:\/\/koningdrone.be\/product\/parazero-safe-air-mavic-3-astm-f3322-22-certified-moc-25112512-with-rc\/\",\"name\":\"ParaZero Safe Air Mavic 3 ASTM F3322-22 Certified + MoC 2511+2512 with RC - koningdrone.be\",\"isPartOf\":{\"@id\":\"https:\/\/koningdrone.be\/#website\"},\"primaryImageOfPage\":{\"@id\":\"https:\/\/koningdrone.be\/product\/parazero-safe-air-mavic-3-astm-f3322-22-certified-moc-25112512-with-rc\/#primaryimage\"},\"image\":{\"@id\":\"https:\/\/koningdrone.be\/product\/parazero-safe-air-mavic-3-astm-f3322-22-certified-moc-25112512-with-rc\/#primaryimage\"},\"thumbnailUrl\":\"https:\/\/koningdrone.be\/wp-content\/uploads\/sites\/13\/2025\/08\/MGL8529-300x186-1.jpg\",\"datePublished\":\"2025-07-03T08:02:01+00:00\",\"dateModified\":\"2026-04-29T14:30:02+00:00\",\"breadcrumb\":{\"@id\":\"https:\/\/koningdrone.be\/product\/parazero-safe-air-mavic-3-astm-f3322-22-certified-moc-25112512-with-rc\/#breadcrumb\"},\"inLanguage\":\"fr-BE\",\"potentialAction\":[{\"@type\":\"ReadAction\",\"target\":[\"https:\/\/koningdrone.be\/product\/parazero-safe-air-mavic-3-astm-f3322-22-certified-moc-25112512-with-rc\/\"]}]},{\"@type\":\"ImageObject\",\"inLanguage\":\"fr-BE\",\"@id\":\"https:\/\/koningdrone.be\/product\/parazero-safe-air-mavic-3-astm-f3322-22-certified-moc-25112512-with-rc\/#primaryimage\",\"url\":\"https:\/\/koningdrone.be\/wp-content\/uploads\/sites\/13\/2025\/08\/MGL8529-300x186-1.jpg\",\"contentUrl\":\"https:\/\/koningdrone.be\/wp-content\/uploads\/sites\/13\/2025\/08\/MGL8529-300x186-1.jpg\",\"width\":300,\"height\":186},{\"@type\":\"BreadcrumbList\",\"@id\":\"https:\/\/koningdrone.be\/product\/parazero-safe-air-mavic-3-astm-f3322-22-certified-moc-25112512-with-rc\/#breadcrumb\",\"itemListElement\":[{\"@type\":\"ListItem\",\"position\":1,\"name\":\"Home\",\"item\":\"https:\/\/koningdrone.be\/\"},{\"@type\":\"ListItem\",\"position\":2,\"name\":\"AVSS Parachute Recovery System for DJI Matrice 300\/350\",\"item\":\"https:\/\/koningdrone.be\/product\/avss-parachute-recovery-system-for-dji-matrice-300-350\/\"},{\"@type\":\"ListItem\",\"position\":3,\"name\":\"Uncategorized\",\"item\":\"https:\/\/koningdrone.be\/categorie\/uncategorized\/\"},{\"@type\":\"ListItem\",\"position\":4,\"name\":\"ParaZero Safe Air Mavic 3 ASTM F3322-22 Certified + MoC 2511+2512 with RC\"}]},{\"@type\":\"WebSite\",\"@id\":\"https:\/\/koningdrone.be\/#website\",\"url\":\"https:\/\/koningdrone.be\/\",\"name\":\"Koningdrone.be - Uw online specialist in drones, gimbals, camera's en power stations.\",\"description\":\"De webshop in drones en gimbals\",\"publisher\":{\"@id\":\"https:\/\/koningdrone.be\/#organization\"},\"potentialAction\":[{\"@type\":\"SearchAction\",\"target\":{\"@type\":\"EntryPoint\",\"urlTemplate\":\"https:\/\/koningdrone.be\/?s={search_term_string}\"},\"query-input\":{\"@type\":\"PropertyValueSpecification\",\"valueRequired\":true,\"valueName\":\"search_term_string\"}}],\"inLanguage\":\"fr-BE\"},{\"@type\":\"Organization\",\"@id\":\"https:\/\/koningdrone.be\/#organization\",\"name\":\"Koningdrone.be\",\"url\":\"https:\/\/koningdrone.be\/\",\"logo\":{\"@type\":\"ImageObject\",\"inLanguage\":\"fr-BE\",\"@id\":\"https:\/\/koningdrone.be\/#\/schema\/logo\/image\/\",\"url\":\"https:\/\/koningdrone.be\/wp-content\/uploads\/sites\/13\/2025\/04\/koningdrone-copyright-logo.svg\",\"contentUrl\":\"https:\/\/koningdrone.be\/wp-content\/uploads\/sites\/13\/2025\/04\/koningdrone-copyright-logo.svg\",\"width\":227,\"height\":38,\"caption\":\"Koningdrone.be\"},\"image\":{\"@id\":\"https:\/\/koningdrone.be\/#\/schema\/logo\/image\/\"}}]}<\/script>\n<!-- \/ Yoast SEO Premium plugin. -->","yoast_head_json":{"title":"ParaZero Safe Air Mavic 3 ASTM F3322-22 Certified + MoC 2511+2512 with RC - koningdrone.be","robots":{"index":"index","follow":"follow","max-snippet":"max-snippet:-1","max-image-preview":"max-image-preview:large","max-video-preview":"max-video-preview:-1"},"canonical":"https:\/\/koningdrone.be\/fr\/produit\/parazero-safe-air-mavic-3-astm-f3322-22-certified-moc-25112512-with-rc\/","og_locale":"fr_FR","og_type":"article","og_title":"ParaZero Safe Air Mavic 3 ASTM F3322-22 Certified + MoC 2511+2512 with RC","og_description":"Snelle ontplooiing van de parachute voor veilige noodlandingen. ASTM F3322-22 gecertificeerd voor gebruik boven mensen. Inclusief afstandsbediening met handmatige trekker voor extra veiligheidscontrole. Lichtgewicht en aerodynamisch ontwerp voor behoud van vluchtprestaties. Ontworpen om te voldoen aan de normen van de luchtvaartautoriteiten. Vergroot het operationele vertrouwen voor commerci\u00eble missies.","og_url":"https:\/\/koningdrone.be\/fr\/produit\/parazero-safe-air-mavic-3-astm-f3322-22-certified-moc-25112512-with-rc\/","og_site_name":"koningdrone.be","article_modified_time":"2026-04-29T14:30:02+00:00","og_image":[{"width":300,"height":186,"url":"https:\/\/koningdrone.be\/wp-content\/uploads\/sites\/13\/2025\/08\/MGL8529-300x186-1.jpg","type":"image\/jpeg"}],"twitter_card":"summary_large_image","twitter_misc":{"Dur\u00e9e de lecture est.":"1 minute"},"schema":{"@context":"https:\/\/schema.org","@graph":[{"@type":"WebPage","@id":"https:\/\/koningdrone.be\/product\/parazero-safe-air-mavic-3-astm-f3322-22-certified-moc-25112512-with-rc\/","url":"https:\/\/koningdrone.be\/product\/parazero-safe-air-mavic-3-astm-f3322-22-certified-moc-25112512-with-rc\/","name":"ParaZero Safe Air Mavic 3 ASTM F3322-22 Certified + MoC 2511+2512 with RC - koningdrone.be","isPartOf":{"@id":"https:\/\/koningdrone.be\/#website"},"primaryImageOfPage":{"@id":"https:\/\/koningdrone.be\/product\/parazero-safe-air-mavic-3-astm-f3322-22-certified-moc-25112512-with-rc\/#primaryimage"},"image":{"@id":"https:\/\/koningdrone.be\/product\/parazero-safe-air-mavic-3-astm-f3322-22-certified-moc-25112512-with-rc\/#primaryimage"},"thumbnailUrl":"https:\/\/koningdrone.be\/wp-content\/uploads\/sites\/13\/2025\/08\/MGL8529-300x186-1.jpg","datePublished":"2025-07-03T08:02:01+00:00","dateModified":"2026-04-29T14:30:02+00:00","breadcrumb":{"@id":"https:\/\/koningdrone.be\/product\/parazero-safe-air-mavic-3-astm-f3322-22-certified-moc-25112512-with-rc\/#breadcrumb"},"inLanguage":"fr-BE","potentialAction":[{"@type":"ReadAction","target":["https:\/\/koningdrone.be\/product\/parazero-safe-air-mavic-3-astm-f3322-22-certified-moc-25112512-with-rc\/"]}]},{"@type":"ImageObject","inLanguage":"fr-BE","@id":"https:\/\/koningdrone.be\/product\/parazero-safe-air-mavic-3-astm-f3322-22-certified-moc-25112512-with-rc\/#primaryimage","url":"https:\/\/koningdrone.be\/wp-content\/uploads\/sites\/13\/2025\/08\/MGL8529-300x186-1.jpg","contentUrl":"https:\/\/koningdrone.be\/wp-content\/uploads\/sites\/13\/2025\/08\/MGL8529-300x186-1.jpg","width":300,"height":186},{"@type":"BreadcrumbList","@id":"https:\/\/koningdrone.be\/product\/parazero-safe-air-mavic-3-astm-f3322-22-certified-moc-25112512-with-rc\/#breadcrumb","itemListElement":[{"@type":"ListItem","position":1,"name":"Home","item":"https:\/\/koningdrone.be\/"},{"@type":"ListItem","position":2,"name":"AVSS Parachute Recovery System for DJI Matrice 300\/350","item":"https:\/\/koningdrone.be\/product\/avss-parachute-recovery-system-for-dji-matrice-300-350\/"},{"@type":"ListItem","position":3,"name":"Uncategorized","item":"https:\/\/koningdrone.be\/categorie\/uncategorized\/"},{"@type":"ListItem","position":4,"name":"ParaZero Safe Air Mavic 3 ASTM F3322-22 Certified + MoC 2511+2512 with RC"}]},{"@type":"WebSite","@id":"https:\/\/koningdrone.be\/#website","url":"https:\/\/koningdrone.be\/","name":"Koningdrone.be - Votre sp\u00e9cialiste en ligne en mati\u00e8re de drones, de cardans, de cam\u00e9ras et de centrales \u00e9lectriques.","description":"La boutique en ligne de drones et de cardans","publisher":{"@id":"https:\/\/koningdrone.be\/#organization"},"potentialAction":[{"@type":"SearchAction","target":{"@type":"EntryPoint","urlTemplate":"https:\/\/koningdrone.be\/?s={search_term_string}"},"query-input":{"@type":"PropertyValueSpecification","valueRequired":true,"valueName":"search_term_string"}}],"inLanguage":"fr-BE"},{"@type":"Organization","@id":"https:\/\/koningdrone.be\/#organization","name":"Kingdrone.co.uk","url":"https:\/\/koningdrone.be\/","logo":{"@type":"ImageObject","inLanguage":"fr-BE","@id":"https:\/\/koningdrone.be\/#\/schema\/logo\/image\/","url":"https:\/\/koningdrone.be\/wp-content\/uploads\/sites\/13\/2025\/04\/koningdrone-copyright-logo.svg","contentUrl":"https:\/\/koningdrone.be\/wp-content\/uploads\/sites\/13\/2025\/04\/koningdrone-copyright-logo.svg","width":227,"height":38,"caption":"Koningdrone.be"},"image":{"@id":"https:\/\/koningdrone.be\/#\/schema\/logo\/image\/"}}]}},"df_price":2055.79,"df_sale_price":"","df_regular_price":2055.79,"df_image_link":"https:\/\/koningdrone.be\/wp-content\/uploads\/sites\/13\/2025\/08\/MGL8529-300x186-1.jpg","_links":{"self":[{"href":"https:\/\/koningdrone.be\/fr\/wp-json\/wp\/v2\/product\/14806","targetHints":{"allow":["GET"]}}],"collection":[{"href":"https:\/\/koningdrone.be\/fr\/wp-json\/wp\/v2\/product"}],"about":[{"href":"https:\/\/koningdrone.be\/fr\/wp-json\/wp\/v2\/types\/product"}],"wp:featuredmedia":[{"embeddable":true,"href":"https:\/\/koningdrone.be\/fr\/wp-json\/wp\/v2\/media\/14798"}],"wp:attachment":[{"href":"https:\/\/koningdrone.be\/fr\/wp-json\/wp\/v2\/media?parent=14806"}],"wp:term":[{"taxonomy":"product_brand","embeddable":true,"href":"https:\/\/koningdrone.be\/fr\/wp-json\/wp\/v2\/product_brand?post=14806"},{"taxonomy":"product_cat","embeddable":true,"href":"https:\/\/koningdrone.be\/fr\/wp-json\/wp\/v2\/product_cat?post=14806"},{"taxonomy":"product_tag","embeddable":true,"href":"https:\/\/koningdrone.be\/fr\/wp-json\/wp\/v2\/product_tag?post=14806"}],"curies":[{"name":"wp","href":"https:\/\/api.w.org\/{rel}","templated":true}]}}