{"id":14779,"date":"2025-07-03T10:02:01","date_gmt":"2025-07-03T08:02:01","guid":{"rendered":"https:\/\/koningdrone.be\/product\/dji-relay\/"},"modified":"2026-04-30T04:30:55","modified_gmt":"2026-04-30T02:30:55","slug":"dji-relay","status":"publish","type":"product","link":"https:\/\/koningdrone.be\/fr\/produit\/dji-relay\/","title":{"rendered":"DJI Relay"},"content":{"rendered":"<p>Le DJI Relay est un module de relais de signal con\u00e7u pour am\u00e9liorer la communication des drones dans les environnements agricoles. Il comble efficacement les lacunes caus\u00e9es par le terrain ou le feuillage dense et assure des op\u00e9rations plus fluides pendant les vols de longue dur\u00e9e. Le module compact et portable est optimis\u00e9 pour un d\u00e9ploiement facile dans les champs \u00e9loign\u00e9s. Aliment\u00e9 par la batterie interne ou par une banque d'alimentation USB-PD, il est con\u00e7u pour de longues journ\u00e9es de travail sur le terrain. Il est robuste pour une utilisation dans les fermes et peut \u00eatre rapidement attach\u00e9 \u00e0 des tr\u00e9pieds ou des poteaux standards. Con\u00e7ue sp\u00e9cialement pour les drones DJI Agras, elle place la barre tr\u00e8s haut en mati\u00e8re de fiabilit\u00e9 des signaux dans les environnements difficiles.<\/p>","protected":false},"excerpt":{"rendered":"<ul>\n<li>Fournit une couverture de relais sans faille sur de vastes terres agricoles.<\/li>\n<li>Rem\u00e9dier aux d\u00e9faillances du signal dues \u00e0 la hauteur des cultures ou \u00e0 l'irr\u00e9gularit\u00e9 du terrain.<\/li>\n<li>Conception compacte et robuste con\u00e7ue pour les conditions de terrain.<\/li>\n<li>Batterie interne avec une autonomie de 4 heures.<\/li>\n<li>Peut fonctionner en continu lorsqu'il est charg\u00e9 \u00e0 l'aide d'une banque d'alimentation.<\/li>\n<li>Facile \u00e0 installer sur un tr\u00e9pied ou une perche - pr\u00eat \u00e0 l'emploi en quelques minutes.<\/li>\n<\/ul>","protected":false},"featured_media":14777,"template":"","meta":{"_acf_changed":false},"product_brand":[],"product_cat":[58],"product_tag":[],"class_list":{"0":"post-14779","1":"product","2":"type-product","3":"status-publish","4":"has-post-thumbnail","6":"product_cat-uncategorized","7":"product_shipping_class-dronelandall","8":"pa_brand-dji","9":"pa_producttype-signaalherhalende-module","11":"first","12":"instock","13":"taxable","14":"shipping-taxable","15":"purchasable","16":"product-type-simple"},"acf":[],"yoast_head":"<!-- This site is optimized with the Yoast SEO Premium plugin v27.2 (Yoast SEO v27.2) - https:\/\/yoast.com\/product\/yoast-seo-premium-wordpress\/ -->\n<title>DJI Relay - koningdrone.be<\/title>\n<meta name=\"robots\" content=\"index, follow, max-snippet:-1, max-image-preview:large, max-video-preview:-1\" \/>\n<link rel=\"canonical\" href=\"https:\/\/koningdrone.be\/fr\/produit\/dji-relay\/\" \/>\n<meta property=\"og:locale\" content=\"fr_FR\" \/>\n<meta property=\"og:type\" content=\"article\" \/>\n<meta property=\"og:title\" content=\"DJI Relay\" \/>\n<meta property=\"og:description\" content=\"Biedt naadloze relaisdekking over uitgestrekte landbouwgrond. Pak signaaluitval door hoge gewassen of oneffen terrein aan. Compact, robuust ontwerp gebouwd voor veldomstandigheden. Interne batterij met een werktijd tot 4 uur. Kan continu werken als hij wordt opgeladen met een powerbank. Eenvoudig op te stellen op statief of paal - binnen enkele minuten te gebruiken.\" \/>\n<meta property=\"og:url\" content=\"https:\/\/koningdrone.be\/fr\/produit\/dji-relay\/\" \/>\n<meta property=\"og:site_name\" content=\"koningdrone.be\" \/>\n<meta property=\"article:modified_time\" content=\"2026-04-30T02:30:55+00:00\" \/>\n<meta property=\"og:image\" content=\"https:\/\/koningdrone.be\/wp-content\/uploads\/sites\/13\/2025\/08\/PRODUCT-THUMB-AGRAS-T40-P8-01.jpg\" \/>\n\t<meta property=\"og:image:width\" content=\"800\" \/>\n\t<meta property=\"og:image:height\" content=\"600\" \/>\n\t<meta property=\"og:image:type\" content=\"image\/jpeg\" \/>\n<meta name=\"twitter:card\" content=\"summary_large_image\" \/>\n<meta name=\"twitter:label1\" content=\"Dur\u00e9e de lecture est.\" \/>\n\t<meta name=\"twitter:data1\" content=\"1 minute\" \/>\n<script type=\"application\/ld+json\" class=\"yoast-schema-graph\">{\"@context\":\"https:\/\/schema.org\",\"@graph\":[{\"@type\":\"WebPage\",\"@id\":\"https:\/\/koningdrone.be\/product\/dji-relay\/\",\"url\":\"https:\/\/koningdrone.be\/product\/dji-relay\/\",\"name\":\"DJI Relay - koningdrone.be\",\"isPartOf\":{\"@id\":\"https:\/\/koningdrone.be\/#website\"},\"primaryImageOfPage\":{\"@id\":\"https:\/\/koningdrone.be\/product\/dji-relay\/#primaryimage\"},\"image\":{\"@id\":\"https:\/\/koningdrone.be\/product\/dji-relay\/#primaryimage\"},\"thumbnailUrl\":\"https:\/\/koningdrone.be\/wp-content\/uploads\/sites\/13\/2025\/08\/PRODUCT-THUMB-AGRAS-T40-P8-01.jpg\",\"datePublished\":\"2025-07-03T08:02:01+00:00\",\"dateModified\":\"2026-04-30T02:30:55+00:00\",\"breadcrumb\":{\"@id\":\"https:\/\/koningdrone.be\/product\/dji-relay\/#breadcrumb\"},\"inLanguage\":\"fr-BE\",\"potentialAction\":[{\"@type\":\"ReadAction\",\"target\":[\"https:\/\/koningdrone.be\/product\/dji-relay\/\"]}]},{\"@type\":\"ImageObject\",\"inLanguage\":\"fr-BE\",\"@id\":\"https:\/\/koningdrone.be\/product\/dji-relay\/#primaryimage\",\"url\":\"https:\/\/koningdrone.be\/wp-content\/uploads\/sites\/13\/2025\/08\/PRODUCT-THUMB-AGRAS-T40-P8-01.jpg\",\"contentUrl\":\"https:\/\/koningdrone.be\/wp-content\/uploads\/sites\/13\/2025\/08\/PRODUCT-THUMB-AGRAS-T40-P8-01.jpg\",\"width\":800,\"height\":600},{\"@type\":\"BreadcrumbList\",\"@id\":\"https:\/\/koningdrone.be\/product\/dji-relay\/#breadcrumb\",\"itemListElement\":[{\"@type\":\"ListItem\",\"position\":1,\"name\":\"Home\",\"item\":\"https:\/\/koningdrone.be\/\"},{\"@type\":\"ListItem\",\"position\":2,\"name\":\"AVSS Parachute Recovery System for DJI Matrice 300\/350\",\"item\":\"https:\/\/koningdrone.be\/product\/avss-parachute-recovery-system-for-dji-matrice-300-350\/\"},{\"@type\":\"ListItem\",\"position\":3,\"name\":\"Uncategorized\",\"item\":\"https:\/\/koningdrone.be\/categorie\/uncategorized\/\"},{\"@type\":\"ListItem\",\"position\":4,\"name\":\"DJI Relay\"}]},{\"@type\":\"WebSite\",\"@id\":\"https:\/\/koningdrone.be\/#website\",\"url\":\"https:\/\/koningdrone.be\/\",\"name\":\"Koningdrone.be - Uw online specialist in drones, gimbals, camera's en power stations.\",\"description\":\"De webshop in drones en gimbals\",\"publisher\":{\"@id\":\"https:\/\/koningdrone.be\/#organization\"},\"potentialAction\":[{\"@type\":\"SearchAction\",\"target\":{\"@type\":\"EntryPoint\",\"urlTemplate\":\"https:\/\/koningdrone.be\/?s={search_term_string}\"},\"query-input\":{\"@type\":\"PropertyValueSpecification\",\"valueRequired\":true,\"valueName\":\"search_term_string\"}}],\"inLanguage\":\"fr-BE\"},{\"@type\":\"Organization\",\"@id\":\"https:\/\/koningdrone.be\/#organization\",\"name\":\"Koningdrone.be\",\"url\":\"https:\/\/koningdrone.be\/\",\"logo\":{\"@type\":\"ImageObject\",\"inLanguage\":\"fr-BE\",\"@id\":\"https:\/\/koningdrone.be\/#\/schema\/logo\/image\/\",\"url\":\"https:\/\/koningdrone.be\/wp-content\/uploads\/sites\/13\/2025\/04\/koningdrone-copyright-logo.svg\",\"contentUrl\":\"https:\/\/koningdrone.be\/wp-content\/uploads\/sites\/13\/2025\/04\/koningdrone-copyright-logo.svg\",\"width\":227,\"height\":38,\"caption\":\"Koningdrone.be\"},\"image\":{\"@id\":\"https:\/\/koningdrone.be\/#\/schema\/logo\/image\/\"}}]}<\/script>\n<!-- \/ Yoast SEO Premium plugin. -->","yoast_head_json":{"title":"DJI Relay - koningdrone.be","robots":{"index":"index","follow":"follow","max-snippet":"max-snippet:-1","max-image-preview":"max-image-preview:large","max-video-preview":"max-video-preview:-1"},"canonical":"https:\/\/koningdrone.be\/fr\/produit\/dji-relay\/","og_locale":"fr_FR","og_type":"article","og_title":"DJI Relay","og_description":"Biedt naadloze relaisdekking over uitgestrekte landbouwgrond. Pak signaaluitval door hoge gewassen of oneffen terrein aan. Compact, robuust ontwerp gebouwd voor veldomstandigheden. Interne batterij met een werktijd tot 4 uur. Kan continu werken als hij wordt opgeladen met een powerbank. Eenvoudig op te stellen op statief of paal - binnen enkele minuten te gebruiken.","og_url":"https:\/\/koningdrone.be\/fr\/produit\/dji-relay\/","og_site_name":"koningdrone.be","article_modified_time":"2026-04-30T02:30:55+00:00","og_image":[{"width":800,"height":600,"url":"https:\/\/koningdrone.be\/wp-content\/uploads\/sites\/13\/2025\/08\/PRODUCT-THUMB-AGRAS-T40-P8-01.jpg","type":"image\/jpeg"}],"twitter_card":"summary_large_image","twitter_misc":{"Dur\u00e9e de lecture est.":"1 minute"},"schema":{"@context":"https:\/\/schema.org","@graph":[{"@type":"WebPage","@id":"https:\/\/koningdrone.be\/product\/dji-relay\/","url":"https:\/\/koningdrone.be\/product\/dji-relay\/","name":"DJI Relay - koningdrone.be","isPartOf":{"@id":"https:\/\/koningdrone.be\/#website"},"primaryImageOfPage":{"@id":"https:\/\/koningdrone.be\/product\/dji-relay\/#primaryimage"},"image":{"@id":"https:\/\/koningdrone.be\/product\/dji-relay\/#primaryimage"},"thumbnailUrl":"https:\/\/koningdrone.be\/wp-content\/uploads\/sites\/13\/2025\/08\/PRODUCT-THUMB-AGRAS-T40-P8-01.jpg","datePublished":"2025-07-03T08:02:01+00:00","dateModified":"2026-04-30T02:30:55+00:00","breadcrumb":{"@id":"https:\/\/koningdrone.be\/product\/dji-relay\/#breadcrumb"},"inLanguage":"fr-BE","potentialAction":[{"@type":"ReadAction","target":["https:\/\/koningdrone.be\/product\/dji-relay\/"]}]},{"@type":"ImageObject","inLanguage":"fr-BE","@id":"https:\/\/koningdrone.be\/product\/dji-relay\/#primaryimage","url":"https:\/\/koningdrone.be\/wp-content\/uploads\/sites\/13\/2025\/08\/PRODUCT-THUMB-AGRAS-T40-P8-01.jpg","contentUrl":"https:\/\/koningdrone.be\/wp-content\/uploads\/sites\/13\/2025\/08\/PRODUCT-THUMB-AGRAS-T40-P8-01.jpg","width":800,"height":600},{"@type":"BreadcrumbList","@id":"https:\/\/koningdrone.be\/product\/dji-relay\/#breadcrumb","itemListElement":[{"@type":"ListItem","position":1,"name":"Home","item":"https:\/\/koningdrone.be\/"},{"@type":"ListItem","position":2,"name":"AVSS Parachute Recovery System for DJI Matrice 300\/350","item":"https:\/\/koningdrone.be\/product\/avss-parachute-recovery-system-for-dji-matrice-300-350\/"},{"@type":"ListItem","position":3,"name":"Uncategorized","item":"https:\/\/koningdrone.be\/categorie\/uncategorized\/"},{"@type":"ListItem","position":4,"name":"DJI Relay"}]},{"@type":"WebSite","@id":"https:\/\/koningdrone.be\/#website","url":"https:\/\/koningdrone.be\/","name":"Koningdrone.be - Votre sp\u00e9cialiste en ligne en mati\u00e8re de drones, de cardans, de cam\u00e9ras et de centrales \u00e9lectriques.","description":"La boutique en ligne de drones et de cardans","publisher":{"@id":"https:\/\/koningdrone.be\/#organization"},"potentialAction":[{"@type":"SearchAction","target":{"@type":"EntryPoint","urlTemplate":"https:\/\/koningdrone.be\/?s={search_term_string}"},"query-input":{"@type":"PropertyValueSpecification","valueRequired":true,"valueName":"search_term_string"}}],"inLanguage":"fr-BE"},{"@type":"Organization","@id":"https:\/\/koningdrone.be\/#organization","name":"Kingdrone.co.uk","url":"https:\/\/koningdrone.be\/","logo":{"@type":"ImageObject","inLanguage":"fr-BE","@id":"https:\/\/koningdrone.be\/#\/schema\/logo\/image\/","url":"https:\/\/koningdrone.be\/wp-content\/uploads\/sites\/13\/2025\/04\/koningdrone-copyright-logo.svg","contentUrl":"https:\/\/koningdrone.be\/wp-content\/uploads\/sites\/13\/2025\/04\/koningdrone-copyright-logo.svg","width":227,"height":38,"caption":"Koningdrone.be"},"image":{"@id":"https:\/\/koningdrone.be\/#\/schema\/logo\/image\/"}}]}},"df_price":1062,"df_sale_price":"","df_regular_price":1062,"df_image_link":"https:\/\/koningdrone.be\/wp-content\/uploads\/sites\/13\/2025\/08\/PRODUCT-THUMB-AGRAS-T40-P8-01-300x225.jpg","_links":{"self":[{"href":"https:\/\/koningdrone.be\/fr\/wp-json\/wp\/v2\/product\/14779","targetHints":{"allow":["GET"]}}],"collection":[{"href":"https:\/\/koningdrone.be\/fr\/wp-json\/wp\/v2\/product"}],"about":[{"href":"https:\/\/koningdrone.be\/fr\/wp-json\/wp\/v2\/types\/product"}],"wp:featuredmedia":[{"embeddable":true,"href":"https:\/\/koningdrone.be\/fr\/wp-json\/wp\/v2\/media\/14777"}],"wp:attachment":[{"href":"https:\/\/koningdrone.be\/fr\/wp-json\/wp\/v2\/media?parent=14779"}],"wp:term":[{"taxonomy":"product_brand","embeddable":true,"href":"https:\/\/koningdrone.be\/fr\/wp-json\/wp\/v2\/product_brand?post=14779"},{"taxonomy":"product_cat","embeddable":true,"href":"https:\/\/koningdrone.be\/fr\/wp-json\/wp\/v2\/product_cat?post=14779"},{"taxonomy":"product_tag","embeddable":true,"href":"https:\/\/koningdrone.be\/fr\/wp-json\/wp\/v2\/product_tag?post=14779"}],"curies":[{"name":"wp","href":"https:\/\/api.w.org\/{rel}","templated":true}]}}