{"id":14769,"date":"2025-07-03T10:02:37","date_gmt":"2025-07-03T08:02:37","guid":{"rendered":"https:\/\/koningdrone.be\/product\/dji-spotlight-for-agras-t50-t25\/"},"modified":"2026-04-29T16:30:06","modified_gmt":"2026-04-29T14:30:06","slug":"dji-spotlight-for-agras-t50-t25","status":"publish","type":"product","link":"https:\/\/koningdrone.be\/fr\/produit\/dji-spotlight-for-agras-t50-t25\/","title":{"rendered":"DJI Spotlight pour Agras T50\/T25"},"content":{"rendered":"<h3>DJI Spotlight pour Agras T50\/T25<\/h3>\n<p><iframe loading=\"lazy\" title=\"Introduction du syst\u00e8me de transmission DJI Agras T50 &amp; T25\" width=\"800\" height=\"450\" src=\"https:\/\/www.youtube.com\/embed\/XY-GmD1ta5E?feature=oembed&#038;enablejsapi=1&#038;origin=https:\/\/koningdrone.be\" frameborder=\"0\" allow=\"accelerometer; autoplay; clipboard-write; encrypted-media; gyroscope; picture-in-picture; web-share\" referrerpolicy=\"strict-origin-when-cross-origin\" allowfullscreen><\/iframe><\/p>\n<p style=\"margin: 20px 0\">Le DJI Spotlight pour Agras T50\/T25 est un puissant projecteur LED con\u00e7u pour am\u00e9liorer la visibilit\u00e9 et la s\u00e9curit\u00e9 de vos op\u00e9rations de drone par faible luminosit\u00e9 ou de nuit. Cet accessoire est sp\u00e9cialement con\u00e7u pour \u00eatre utilis\u00e9 avec les drones agricoles DJI Agras T25 et Agras T50, vous permettant d'effectuer des vols pr\u00e9cis m\u00eame au cr\u00e9puscule, la nuit ou dans des conditions de faible luminosit\u00e9. Gr\u00e2ce \u00e0 sa puissance lumineuse \u00e9lev\u00e9e, ce projecteur permet de mieux explorer et surveiller la zone de travail, ce qui se traduit par une efficacit\u00e9 et une fiabilit\u00e9 accrues de vos op\u00e9rations.<\/p>\n<h4>Performance et fonctionnalit\u00e9<\/h4>\n<p>Avec une puissance lumineuse d'environ 75 W, ce projecteur fournit un \u00e9clairage important pour les activit\u00e9s de plein air lorsque la lumi\u00e8re naturelle est insuffisante. L'\u00e9clairage suppl\u00e9mentaire facilite le suivi visuel des objets, du terrain et de la trajectoire de vol, tant pour le pilote que pour la cam\u00e9ra FPV. Cela s'av\u00e8re tr\u00e8s utile lors des inspections nocturnes, des applications agricoles ou lorsque vous avez besoin de voir des d\u00e9tails importants dans des conditions de faible luminosit\u00e9.<\/p>\n<p><a href=\"https:\/\/koningdrone.nl\/wp-content\/uploads\/2025\/07\/DJI-Spotlight-for-Agras-T50-T25.jpg\"><img loading=\"lazy\" decoding=\"async\" class=\"size-medium wp-image-468610 aligncenter\" src=\"https:\/\/koningdrone.nl\/wp-content\/uploads\/2025\/07\/DJI-Spotlight-for-Agras-T50-T25-300x300.jpg\" alt=\"DJI Spotlight for Agras T50 T25\" width=\"300\" height=\"300\" \/><\/a><\/p>\n<h4>Qualit\u00e9 de construction et conception<\/h4>\n<p>L'ensemble de projecteurs est con\u00e7u de mani\u00e8re robuste avec des composants LED de haute qualit\u00e9 adapt\u00e9s \u00e0 une utilisation professionnelle dans une vari\u00e9t\u00e9 d'environnements. Il peut \u00eatre facilement et rapidement fix\u00e9 au drone Agras sans modifications majeures, gr\u00e2ce aux c\u00e2bles de montage et aux vis fournis. La conception compacte permet de minimiser le gain de poids suppl\u00e9mentaire et garantit la stabilit\u00e9 du projecteur pendant les op\u00e9rations de vol.<\/p>\n<h4>Pourquoi vous en avez besoin ?<\/h4>\n<p>Si vous travaillez souvent dans des conditions de faible luminosit\u00e9 ou la nuit, ce DJI Spotlight peut faire la diff\u00e9rence entre une mission s\u00fbre et une mission difficile. Il donne \u00e0 votre drone plus de fonctionnalit\u00e9s et rend l'ex\u00e9cution de t\u00e2ches telles que les inspections, la surveillance des champs et les applications agricoles beaucoup plus facile et plus fiable dans des conditions d'\u00e9clairage difficiles.<\/p>","protected":false},"excerpt":{"rendered":"<ul>\n<li>Projecteur LED extra puissant sp\u00e9cialement con\u00e7u pour les Agras T25 et T50<\/li>\n<li>Indispensable pour les vols de nuit ou mal \u00e9clair\u00e9s<\/li>\n<li>Puissance de 75 W pour un \u00e9clairage puissant dans les applications de pr\u00e9cision<\/li>\n<li>Installation facile avec les c\u00e2bles et les vis fournis<\/li>\n<li>Augmente la visibilit\u00e9 et la s\u00e9curit\u00e9 pendant les op\u00e9rations<\/li>\n<\/ul>","protected":false},"featured_media":17363,"template":"","meta":{"_acf_changed":false},"product_brand":[],"product_cat":[58],"product_tag":[],"class_list":{"0":"post-14769","1":"product","2":"type-product","3":"status-publish","4":"has-post-thumbnail","6":"product_cat-uncategorized","7":"product_shipping_class-outofstock","8":"pa_brand-dji-agras","9":"pa_producttype-spotlightaccessoire","11":"first","12":"outofstock","13":"taxable","14":"shipping-taxable","15":"purchasable","16":"product-type-simple"},"acf":[],"yoast_head":"<!-- This site is optimized with the Yoast SEO Premium plugin v27.2 (Yoast SEO v27.2) - https:\/\/yoast.com\/product\/yoast-seo-premium-wordpress\/ -->\n<title>DJI Spotlight for Agras T50\/T25 - koningdrone.be<\/title>\n<meta name=\"robots\" content=\"index, follow, max-snippet:-1, max-image-preview:large, max-video-preview:-1\" \/>\n<link rel=\"canonical\" href=\"https:\/\/koningdrone.be\/fr\/produit\/dji-spotlight-for-agras-t50-t25\/\" \/>\n<meta property=\"og:locale\" content=\"fr_FR\" \/>\n<meta property=\"og:type\" content=\"article\" \/>\n<meta property=\"og:title\" content=\"DJI Spotlight for Agras T50\/T25\" \/>\n<meta property=\"og:description\" content=\"Extra krachtige LED\u2011spotlight speciaal voor Agras T25 en T50  Onmisbaar bij nachtelijke of slecht verlichte vluchten  75\u202fW vermogen voor sterke verlichting bij precisietoepassingen  Eenvoudige installatie met meegeleverde kabels en schroeven  Verhoogt zichtbaarheid en veiligheid tijdens operaties\" \/>\n<meta property=\"og:url\" content=\"https:\/\/koningdrone.be\/fr\/produit\/dji-spotlight-for-agras-t50-t25\/\" \/>\n<meta property=\"og:site_name\" content=\"koningdrone.be\" \/>\n<meta property=\"article:modified_time\" content=\"2026-04-29T14:30:06+00:00\" \/>\n<meta property=\"og:image\" content=\"https:\/\/koningdrone.be\/wp-content\/uploads\/sites\/13\/2026\/03\/DJI-Spotlight-for-Agras-T50-T25.jpg\" \/>\n\t<meta property=\"og:image:width\" content=\"2048\" \/>\n\t<meta property=\"og:image:height\" content=\"2048\" \/>\n\t<meta property=\"og:image:type\" content=\"image\/jpeg\" \/>\n<meta name=\"twitter:card\" content=\"summary_large_image\" \/>\n<meta name=\"twitter:label1\" content=\"Dur\u00e9e de lecture est.\" \/>\n\t<meta name=\"twitter:data1\" content=\"1 minute\" \/>\n<script type=\"application\/ld+json\" class=\"yoast-schema-graph\">{\"@context\":\"https:\/\/schema.org\",\"@graph\":[{\"@type\":\"WebPage\",\"@id\":\"https:\/\/koningdrone.be\/product\/dji-spotlight-for-agras-t50-t25\/\",\"url\":\"https:\/\/koningdrone.be\/product\/dji-spotlight-for-agras-t50-t25\/\",\"name\":\"DJI Spotlight for Agras T50\/T25 - koningdrone.be\",\"isPartOf\":{\"@id\":\"https:\/\/koningdrone.be\/#website\"},\"primaryImageOfPage\":{\"@id\":\"https:\/\/koningdrone.be\/product\/dji-spotlight-for-agras-t50-t25\/#primaryimage\"},\"image\":{\"@id\":\"https:\/\/koningdrone.be\/product\/dji-spotlight-for-agras-t50-t25\/#primaryimage\"},\"thumbnailUrl\":\"https:\/\/koningdrone.be\/wp-content\/uploads\/sites\/13\/2026\/03\/DJI-Spotlight-for-Agras-T50-T25.jpg\",\"datePublished\":\"2025-07-03T08:02:37+00:00\",\"dateModified\":\"2026-04-29T14:30:06+00:00\",\"breadcrumb\":{\"@id\":\"https:\/\/koningdrone.be\/product\/dji-spotlight-for-agras-t50-t25\/#breadcrumb\"},\"inLanguage\":\"fr-BE\",\"potentialAction\":[{\"@type\":\"ReadAction\",\"target\":[\"https:\/\/koningdrone.be\/product\/dji-spotlight-for-agras-t50-t25\/\"]}]},{\"@type\":\"ImageObject\",\"inLanguage\":\"fr-BE\",\"@id\":\"https:\/\/koningdrone.be\/product\/dji-spotlight-for-agras-t50-t25\/#primaryimage\",\"url\":\"https:\/\/koningdrone.be\/wp-content\/uploads\/sites\/13\/2026\/03\/DJI-Spotlight-for-Agras-T50-T25.jpg\",\"contentUrl\":\"https:\/\/koningdrone.be\/wp-content\/uploads\/sites\/13\/2026\/03\/DJI-Spotlight-for-Agras-T50-T25.jpg\",\"width\":2048,\"height\":2048},{\"@type\":\"BreadcrumbList\",\"@id\":\"https:\/\/koningdrone.be\/product\/dji-spotlight-for-agras-t50-t25\/#breadcrumb\",\"itemListElement\":[{\"@type\":\"ListItem\",\"position\":1,\"name\":\"Home\",\"item\":\"https:\/\/koningdrone.be\/\"},{\"@type\":\"ListItem\",\"position\":2,\"name\":\"AVSS Parachute Recovery System for DJI Matrice 300\/350\",\"item\":\"https:\/\/koningdrone.be\/product\/avss-parachute-recovery-system-for-dji-matrice-300-350\/\"},{\"@type\":\"ListItem\",\"position\":3,\"name\":\"Uncategorized\",\"item\":\"https:\/\/koningdrone.be\/categorie\/uncategorized\/\"},{\"@type\":\"ListItem\",\"position\":4,\"name\":\"DJI Spotlight for Agras T50\/T25\"}]},{\"@type\":\"WebSite\",\"@id\":\"https:\/\/koningdrone.be\/#website\",\"url\":\"https:\/\/koningdrone.be\/\",\"name\":\"Koningdrone.be - Uw online specialist in drones, gimbals, camera's en power stations.\",\"description\":\"De webshop in drones en gimbals\",\"publisher\":{\"@id\":\"https:\/\/koningdrone.be\/#organization\"},\"potentialAction\":[{\"@type\":\"SearchAction\",\"target\":{\"@type\":\"EntryPoint\",\"urlTemplate\":\"https:\/\/koningdrone.be\/?s={search_term_string}\"},\"query-input\":{\"@type\":\"PropertyValueSpecification\",\"valueRequired\":true,\"valueName\":\"search_term_string\"}}],\"inLanguage\":\"fr-BE\"},{\"@type\":\"Organization\",\"@id\":\"https:\/\/koningdrone.be\/#organization\",\"name\":\"Koningdrone.be\",\"url\":\"https:\/\/koningdrone.be\/\",\"logo\":{\"@type\":\"ImageObject\",\"inLanguage\":\"fr-BE\",\"@id\":\"https:\/\/koningdrone.be\/#\/schema\/logo\/image\/\",\"url\":\"https:\/\/koningdrone.be\/wp-content\/uploads\/sites\/13\/2025\/04\/koningdrone-copyright-logo.svg\",\"contentUrl\":\"https:\/\/koningdrone.be\/wp-content\/uploads\/sites\/13\/2025\/04\/koningdrone-copyright-logo.svg\",\"width\":227,\"height\":38,\"caption\":\"Koningdrone.be\"},\"image\":{\"@id\":\"https:\/\/koningdrone.be\/#\/schema\/logo\/image\/\"}}]}<\/script>\n<!-- \/ Yoast SEO Premium plugin. -->","yoast_head_json":{"title":"DJI Spotlight for Agras T50\/T25 - koningdrone.be","robots":{"index":"index","follow":"follow","max-snippet":"max-snippet:-1","max-image-preview":"max-image-preview:large","max-video-preview":"max-video-preview:-1"},"canonical":"https:\/\/koningdrone.be\/fr\/produit\/dji-spotlight-for-agras-t50-t25\/","og_locale":"fr_FR","og_type":"article","og_title":"DJI Spotlight for Agras T50\/T25","og_description":"Extra krachtige LED\u2011spotlight speciaal voor Agras T25 en T50  Onmisbaar bij nachtelijke of slecht verlichte vluchten  75\u202fW vermogen voor sterke verlichting bij precisietoepassingen  Eenvoudige installatie met meegeleverde kabels en schroeven  Verhoogt zichtbaarheid en veiligheid tijdens operaties","og_url":"https:\/\/koningdrone.be\/fr\/produit\/dji-spotlight-for-agras-t50-t25\/","og_site_name":"koningdrone.be","article_modified_time":"2026-04-29T14:30:06+00:00","og_image":[{"width":2048,"height":2048,"url":"https:\/\/koningdrone.be\/wp-content\/uploads\/sites\/13\/2026\/03\/DJI-Spotlight-for-Agras-T50-T25.jpg","type":"image\/jpeg"}],"twitter_card":"summary_large_image","twitter_misc":{"Dur\u00e9e de lecture est.":"1 minute"},"schema":{"@context":"https:\/\/schema.org","@graph":[{"@type":"WebPage","@id":"https:\/\/koningdrone.be\/product\/dji-spotlight-for-agras-t50-t25\/","url":"https:\/\/koningdrone.be\/product\/dji-spotlight-for-agras-t50-t25\/","name":"DJI Spotlight for Agras T50\/T25 - koningdrone.be","isPartOf":{"@id":"https:\/\/koningdrone.be\/#website"},"primaryImageOfPage":{"@id":"https:\/\/koningdrone.be\/product\/dji-spotlight-for-agras-t50-t25\/#primaryimage"},"image":{"@id":"https:\/\/koningdrone.be\/product\/dji-spotlight-for-agras-t50-t25\/#primaryimage"},"thumbnailUrl":"https:\/\/koningdrone.be\/wp-content\/uploads\/sites\/13\/2026\/03\/DJI-Spotlight-for-Agras-T50-T25.jpg","datePublished":"2025-07-03T08:02:37+00:00","dateModified":"2026-04-29T14:30:06+00:00","breadcrumb":{"@id":"https:\/\/koningdrone.be\/product\/dji-spotlight-for-agras-t50-t25\/#breadcrumb"},"inLanguage":"fr-BE","potentialAction":[{"@type":"ReadAction","target":["https:\/\/koningdrone.be\/product\/dji-spotlight-for-agras-t50-t25\/"]}]},{"@type":"ImageObject","inLanguage":"fr-BE","@id":"https:\/\/koningdrone.be\/product\/dji-spotlight-for-agras-t50-t25\/#primaryimage","url":"https:\/\/koningdrone.be\/wp-content\/uploads\/sites\/13\/2026\/03\/DJI-Spotlight-for-Agras-T50-T25.jpg","contentUrl":"https:\/\/koningdrone.be\/wp-content\/uploads\/sites\/13\/2026\/03\/DJI-Spotlight-for-Agras-T50-T25.jpg","width":2048,"height":2048},{"@type":"BreadcrumbList","@id":"https:\/\/koningdrone.be\/product\/dji-spotlight-for-agras-t50-t25\/#breadcrumb","itemListElement":[{"@type":"ListItem","position":1,"name":"Home","item":"https:\/\/koningdrone.be\/"},{"@type":"ListItem","position":2,"name":"AVSS Parachute Recovery System for DJI Matrice 300\/350","item":"https:\/\/koningdrone.be\/product\/avss-parachute-recovery-system-for-dji-matrice-300-350\/"},{"@type":"ListItem","position":3,"name":"Uncategorized","item":"https:\/\/koningdrone.be\/categorie\/uncategorized\/"},{"@type":"ListItem","position":4,"name":"DJI Spotlight for Agras T50\/T25"}]},{"@type":"WebSite","@id":"https:\/\/koningdrone.be\/#website","url":"https:\/\/koningdrone.be\/","name":"Koningdrone.be - Votre sp\u00e9cialiste en ligne en mati\u00e8re de drones, de cardans, de cam\u00e9ras et de centrales \u00e9lectriques.","description":"La boutique en ligne de drones et de cardans","publisher":{"@id":"https:\/\/koningdrone.be\/#organization"},"potentialAction":[{"@type":"SearchAction","target":{"@type":"EntryPoint","urlTemplate":"https:\/\/koningdrone.be\/?s={search_term_string}"},"query-input":{"@type":"PropertyValueSpecification","valueRequired":true,"valueName":"search_term_string"}}],"inLanguage":"fr-BE"},{"@type":"Organization","@id":"https:\/\/koningdrone.be\/#organization","name":"Kingdrone.co.uk","url":"https:\/\/koningdrone.be\/","logo":{"@type":"ImageObject","inLanguage":"fr-BE","@id":"https:\/\/koningdrone.be\/#\/schema\/logo\/image\/","url":"https:\/\/koningdrone.be\/wp-content\/uploads\/sites\/13\/2025\/04\/koningdrone-copyright-logo.svg","contentUrl":"https:\/\/koningdrone.be\/wp-content\/uploads\/sites\/13\/2025\/04\/koningdrone-copyright-logo.svg","width":227,"height":38,"caption":"Koningdrone.be"},"image":{"@id":"https:\/\/koningdrone.be\/#\/schema\/logo\/image\/"}}]}},"df_price":145.2,"df_sale_price":"","df_regular_price":145.2,"df_image_link":"https:\/\/koningdrone.be\/wp-content\/uploads\/sites\/13\/2026\/03\/DJI-Spotlight-for-Agras-T50-T25-300x300.jpg","_links":{"self":[{"href":"https:\/\/koningdrone.be\/fr\/wp-json\/wp\/v2\/product\/14769","targetHints":{"allow":["GET"]}}],"collection":[{"href":"https:\/\/koningdrone.be\/fr\/wp-json\/wp\/v2\/product"}],"about":[{"href":"https:\/\/koningdrone.be\/fr\/wp-json\/wp\/v2\/types\/product"}],"wp:featuredmedia":[{"embeddable":true,"href":"https:\/\/koningdrone.be\/fr\/wp-json\/wp\/v2\/media\/17363"}],"wp:attachment":[{"href":"https:\/\/koningdrone.be\/fr\/wp-json\/wp\/v2\/media?parent=14769"}],"wp:term":[{"taxonomy":"product_brand","embeddable":true,"href":"https:\/\/koningdrone.be\/fr\/wp-json\/wp\/v2\/product_brand?post=14769"},{"taxonomy":"product_cat","embeddable":true,"href":"https:\/\/koningdrone.be\/fr\/wp-json\/wp\/v2\/product_cat?post=14769"},{"taxonomy":"product_tag","embeddable":true,"href":"https:\/\/koningdrone.be\/fr\/wp-json\/wp\/v2\/product_tag?post=14769"}],"curies":[{"name":"wp","href":"https:\/\/api.w.org\/{rel}","templated":true}]}}