{"id":14767,"date":"2025-07-03T10:02:37","date_gmt":"2025-07-03T08:02:37","guid":{"rendered":"https:\/\/koningdrone.be\/product\/dji-zenmuse-v1\/"},"modified":"2026-04-29T03:50:27","modified_gmt":"2026-04-29T01:50:27","slug":"dji-zenmuse-v1","status":"publish","type":"product","link":"https:\/\/koningdrone.be\/fr\/produit\/dji-zenmuse-v1\/","title":{"rendered":"DJI Zenmuse V1"},"content":{"rendered":"<h3>DJI Zenmuse V1<\/h3>\n<p><iframe loading=\"lazy\" title=\"Voici les charges utiles DJI Zenmuse S1 et V1 | Drone Spotlight et Speaker\" width=\"800\" height=\"450\" src=\"https:\/\/www.youtube.com\/embed\/Xe8LVWFugTQ?feature=oembed&#038;enablejsapi=1&#038;origin=https:\/\/koningdrone.be\" frameborder=\"0\" allow=\"accelerometer; autoplay; clipboard-write; encrypted-media; gyroscope; picture-in-picture; web-share\" referrerpolicy=\"strict-origin-when-cross-origin\" allowfullscreen><\/iframe><\/p>\n<p style=\"margin-top: 20px\">Le DJI Zenmuse V1 est l'appareil de DJI le plus performant du march\u00e9. <strong>premier drone haut-parleur<\/strong> sp\u00e9cialement con\u00e7u pour les drones d'entreprise \u00e0 charges multiples. L'appareil est con\u00e7u pour <strong>son clair et lointain<\/strong> lors de missions o\u00f9 la communication a\u00e9rienne est essentielle, telles que la s\u00e9curit\u00e9 publique, les interventions d'urgence et le contr\u00f4le des foules.<\/p>\n<p style=\"margin-bottom: 20px\">Gr\u00e2ce \u00e0 sa puissante sortie sonore et \u00e0 ses multiples modes de transmission, le V1 peut envoyer des messages, lire des fichiers audio pr\u00e9enregistr\u00e9s ou convertir du texte en voix, le tout directement via l'application DJI Pilot 2.<\/p>\n<p><a href=\"https:\/\/koningdrone.nl\/wp-content\/uploads\/2025\/07\/DJI-V1-Zenmuse.webp\"><img loading=\"lazy\" decoding=\"async\" class=\"size-full wp-image-467258 aligncenter\" src=\"https:\/\/koningdrone.nl\/wp-content\/uploads\/2025\/07\/DJI-V1-Zenmuse.webp\" alt=\"DJI V1 Zenmuse\" width=\"1200\" height=\"800\" \/><\/a><\/p>\n<h4>Performance et fonctionnalit\u00e9<\/h4>\n<p>Le Zenmuse V1 a un niveau de bruit allant jusqu'\u00e0 <strong>127 dB \u00e0 1 m\u00e8tre<\/strong>, qui garantit un message clairement audible sur de longues distances. La distance de transmission effective peut aller jusqu'\u00e0 <strong>500 m\u00e8tres<\/strong>, permettant de communiquer sur une large zone pendant les op\u00e9rations.<\/p>\n<p>Plusieurs modes de diffusion sont disponibles, tels que la diffusion en direct, le mode enregistrement et transmission, la synth\u00e8se vocale et la lecture de fichiers audio. Les commandes et les param\u00e8tres sont facilement g\u00e9r\u00e9s via l'application DJI Pilot 2, ce qui permet un ajustement rapide en vol.<\/p>\n<h4>Qualit\u00e9 de construction et conception<\/h4>\n<p>Le Zenmuse V1 est construit avec une <strong>Indice de protection IP54<\/strong>, Il r\u00e9siste donc \u00e0 la poussi\u00e8re et aux \u00e9claboussures d'eau, ce qui est id\u00e9al pour une utilisation en ext\u00e9rieur dans des conditions m\u00e9t\u00e9orologiques variables.<\/p>\n<p>La conception compacte et la monture \u00e0 cardan garantissent un montage stable sur les drones d'entreprise DJI tels que la s\u00e9rie Matrice, sans affecter les performances de vol.<\/p>\n<p><a href=\"https:\/\/koningdrone.nl\/wp-content\/uploads\/2025\/07\/Product-DJI-Zenmuse-V1.webp\"><img loading=\"lazy\" decoding=\"async\" class=\"wp-image-467256 size-medium aligncenter\" src=\"https:\/\/koningdrone.nl\/wp-content\/uploads\/2025\/07\/Product-DJI-Zenmuse-V1-300x300.webp\" alt=\"Product DJI Zenmuse V1\" width=\"300\" height=\"300\" \/><\/a><\/p>\n<h4>Pourquoi vous en avez besoin<\/h4>\n<p>Le DJI Zenmuse V1 est un outil essentiel pour les organisations qui ont besoin de communications a\u00e9riennes en cas d'urgence, de gestion des foules, de recherche et de sauvetage ou d'op\u00e9rations de s\u00e9curit\u00e9 publique. Elle permet aux \u00e9quipes de communiquer efficacement en altitude, sans \u00e9quipement sonore externe.<\/p>","protected":false},"excerpt":{"rendered":"<ul>\n<li>Puissant haut-parleur pour drone avec un niveau de bruit allant jusqu'\u00e0 127 dB<\/li>\n<li>Port\u00e9e jusqu'\u00e0 500 m pour une transmission claire du son<\/li>\n<li>Plusieurs modes de diffusion, tels que la diffusion en direct, l'enregistrement et la synth\u00e8se vocale<\/li>\n<li>Contr\u00f4le et r\u00e9glages complets via l'application DJI Pilot 2<\/li>\n<li>Protection IP54 pour une fiabilit\u00e9 dans des conditions variables<\/li>\n<\/ul>","protected":false},"featured_media":17056,"template":"","meta":{"_acf_changed":false},"product_brand":[],"product_cat":[315,153,1583,624,299,1758,1833],"product_tag":[],"class_list":{"0":"post-14767","1":"product","2":"type-product","3":"status-publish","4":"has-post-thumbnail","6":"product_cat-alle-gimbals-en-cameras","7":"product_cat-dji-matrice-350","8":"product_cat-dji-matrice-400","9":"product_cat-enterprise-accessoires","10":"product_cat-gimbals-en-cameras","11":"product_cat-speakers","12":"product_cat-speakers-and-spotlights","13":"product_shipping_class-uavspacesshowall","14":"pa_brand-dji","15":"pa_producttype-luidspreker","16":"pa_series-zenmuse","18":"first","19":"instock","20":"taxable","21":"shipping-taxable","22":"purchasable","23":"product-type-simple"},"acf":[],"yoast_head":"<!-- This site is optimized with the Yoast SEO Premium plugin v27.2 (Yoast SEO v27.2) - https:\/\/yoast.com\/product\/yoast-seo-premium-wordpress\/ -->\n<title>DJI Zenmuse V1 - koningdrone.be<\/title>\n<meta name=\"robots\" content=\"index, follow, max-snippet:-1, max-image-preview:large, max-video-preview:-1\" \/>\n<link rel=\"canonical\" href=\"https:\/\/koningdrone.be\/fr\/produit\/dji-zenmuse-v1\/\" \/>\n<meta property=\"og:locale\" content=\"fr_FR\" \/>\n<meta property=\"og:type\" content=\"article\" \/>\n<meta property=\"og:title\" content=\"DJI Zenmuse V1\" \/>\n<meta property=\"og:description\" content=\"Krachtige drone\u2011luidspreker met maximaal 127\u202fdB geluidsniveau  Bereik tot 500\u202fm om geluid duidelijk uit te zenden  Meerdere broadcast\u2011modi zoals live\u2011uitzending, opname en tekst\u2011naar\u2011spraak  Volledige besturing en instellingen via DJI Pilot\u202f2 app  IP54\u2011bescherming voor betrouwbaarheid in uiteenlopende omstandigheden\" \/>\n<meta property=\"og:url\" content=\"https:\/\/koningdrone.be\/fr\/produit\/dji-zenmuse-v1\/\" \/>\n<meta property=\"og:site_name\" content=\"koningdrone.be\" \/>\n<meta property=\"article:modified_time\" content=\"2026-04-29T01:50:27+00:00\" \/>\n<meta property=\"og:image\" content=\"https:\/\/koningdrone.be\/wp-content\/uploads\/sites\/13\/2026\/03\/DJI-Zenmuse-V1.webp\" \/>\n\t<meta property=\"og:image:width\" content=\"2048\" \/>\n\t<meta property=\"og:image:height\" content=\"2048\" \/>\n\t<meta property=\"og:image:type\" content=\"image\/webp\" \/>\n<meta name=\"twitter:card\" content=\"summary_large_image\" \/>\n<meta name=\"twitter:label1\" content=\"Dur\u00e9e de lecture est.\" \/>\n\t<meta name=\"twitter:data1\" content=\"1 minute\" \/>\n<script type=\"application\/ld+json\" class=\"yoast-schema-graph\">{\"@context\":\"https:\/\/schema.org\",\"@graph\":[{\"@type\":\"WebPage\",\"@id\":\"https:\/\/koningdrone.be\/product\/dji-zenmuse-v1\/\",\"url\":\"https:\/\/koningdrone.be\/product\/dji-zenmuse-v1\/\",\"name\":\"DJI Zenmuse V1 - koningdrone.be\",\"isPartOf\":{\"@id\":\"https:\/\/koningdrone.be\/#website\"},\"primaryImageOfPage\":{\"@id\":\"https:\/\/koningdrone.be\/product\/dji-zenmuse-v1\/#primaryimage\"},\"image\":{\"@id\":\"https:\/\/koningdrone.be\/product\/dji-zenmuse-v1\/#primaryimage\"},\"thumbnailUrl\":\"https:\/\/koningdrone.be\/wp-content\/uploads\/sites\/13\/2026\/03\/DJI-Zenmuse-V1.webp\",\"datePublished\":\"2025-07-03T08:02:37+00:00\",\"dateModified\":\"2026-04-29T01:50:27+00:00\",\"breadcrumb\":{\"@id\":\"https:\/\/koningdrone.be\/product\/dji-zenmuse-v1\/#breadcrumb\"},\"inLanguage\":\"fr-BE\",\"potentialAction\":[{\"@type\":\"ReadAction\",\"target\":[\"https:\/\/koningdrone.be\/product\/dji-zenmuse-v1\/\"]}]},{\"@type\":\"ImageObject\",\"inLanguage\":\"fr-BE\",\"@id\":\"https:\/\/koningdrone.be\/product\/dji-zenmuse-v1\/#primaryimage\",\"url\":\"https:\/\/koningdrone.be\/wp-content\/uploads\/sites\/13\/2026\/03\/DJI-Zenmuse-V1.webp\",\"contentUrl\":\"https:\/\/koningdrone.be\/wp-content\/uploads\/sites\/13\/2026\/03\/DJI-Zenmuse-V1.webp\",\"width\":2048,\"height\":2048},{\"@type\":\"BreadcrumbList\",\"@id\":\"https:\/\/koningdrone.be\/product\/dji-zenmuse-v1\/#breadcrumb\",\"itemListElement\":[{\"@type\":\"ListItem\",\"position\":1,\"name\":\"Home\",\"item\":\"https:\/\/koningdrone.be\/\"},{\"@type\":\"ListItem\",\"position\":2,\"name\":\"AVSS Parachute Recovery System for DJI Matrice 300\/350\",\"item\":\"https:\/\/koningdrone.be\/product\/avss-parachute-recovery-system-for-dji-matrice-300-350\/\"},{\"@type\":\"ListItem\",\"position\":3,\"name\":\"Alle gimbals en cameras\",\"item\":\"https:\/\/koningdrone.be\/categorie\/alle-gimbals-en-cameras\/\"},{\"@type\":\"ListItem\",\"position\":4,\"name\":\"DJI Zenmuse V1\"}]},{\"@type\":\"WebSite\",\"@id\":\"https:\/\/koningdrone.be\/#website\",\"url\":\"https:\/\/koningdrone.be\/\",\"name\":\"Koningdrone.be - Uw online specialist in drones, gimbals, camera's en power stations.\",\"description\":\"De webshop in drones en gimbals\",\"publisher\":{\"@id\":\"https:\/\/koningdrone.be\/#organization\"},\"potentialAction\":[{\"@type\":\"SearchAction\",\"target\":{\"@type\":\"EntryPoint\",\"urlTemplate\":\"https:\/\/koningdrone.be\/?s={search_term_string}\"},\"query-input\":{\"@type\":\"PropertyValueSpecification\",\"valueRequired\":true,\"valueName\":\"search_term_string\"}}],\"inLanguage\":\"fr-BE\"},{\"@type\":\"Organization\",\"@id\":\"https:\/\/koningdrone.be\/#organization\",\"name\":\"Koningdrone.be\",\"url\":\"https:\/\/koningdrone.be\/\",\"logo\":{\"@type\":\"ImageObject\",\"inLanguage\":\"fr-BE\",\"@id\":\"https:\/\/koningdrone.be\/#\/schema\/logo\/image\/\",\"url\":\"https:\/\/koningdrone.be\/wp-content\/uploads\/sites\/13\/2025\/04\/koningdrone-copyright-logo.svg\",\"contentUrl\":\"https:\/\/koningdrone.be\/wp-content\/uploads\/sites\/13\/2025\/04\/koningdrone-copyright-logo.svg\",\"width\":227,\"height\":38,\"caption\":\"Koningdrone.be\"},\"image\":{\"@id\":\"https:\/\/koningdrone.be\/#\/schema\/logo\/image\/\"}}]}<\/script>\n<!-- \/ Yoast SEO Premium plugin. -->","yoast_head_json":{"title":"DJI Zenmuse V1 - koningdrone.be","robots":{"index":"index","follow":"follow","max-snippet":"max-snippet:-1","max-image-preview":"max-image-preview:large","max-video-preview":"max-video-preview:-1"},"canonical":"https:\/\/koningdrone.be\/fr\/produit\/dji-zenmuse-v1\/","og_locale":"fr_FR","og_type":"article","og_title":"DJI Zenmuse V1","og_description":"Krachtige drone\u2011luidspreker met maximaal 127\u202fdB geluidsniveau  Bereik tot 500\u202fm om geluid duidelijk uit te zenden  Meerdere broadcast\u2011modi zoals live\u2011uitzending, opname en tekst\u2011naar\u2011spraak  Volledige besturing en instellingen via DJI Pilot\u202f2 app  IP54\u2011bescherming voor betrouwbaarheid in uiteenlopende omstandigheden","og_url":"https:\/\/koningdrone.be\/fr\/produit\/dji-zenmuse-v1\/","og_site_name":"koningdrone.be","article_modified_time":"2026-04-29T01:50:27+00:00","og_image":[{"width":2048,"height":2048,"url":"https:\/\/koningdrone.be\/wp-content\/uploads\/sites\/13\/2026\/03\/DJI-Zenmuse-V1.webp","type":"image\/webp"}],"twitter_card":"summary_large_image","twitter_misc":{"Dur\u00e9e de lecture est.":"1 minute"},"schema":{"@context":"https:\/\/schema.org","@graph":[{"@type":"WebPage","@id":"https:\/\/koningdrone.be\/product\/dji-zenmuse-v1\/","url":"https:\/\/koningdrone.be\/product\/dji-zenmuse-v1\/","name":"DJI Zenmuse V1 - koningdrone.be","isPartOf":{"@id":"https:\/\/koningdrone.be\/#website"},"primaryImageOfPage":{"@id":"https:\/\/koningdrone.be\/product\/dji-zenmuse-v1\/#primaryimage"},"image":{"@id":"https:\/\/koningdrone.be\/product\/dji-zenmuse-v1\/#primaryimage"},"thumbnailUrl":"https:\/\/koningdrone.be\/wp-content\/uploads\/sites\/13\/2026\/03\/DJI-Zenmuse-V1.webp","datePublished":"2025-07-03T08:02:37+00:00","dateModified":"2026-04-29T01:50:27+00:00","breadcrumb":{"@id":"https:\/\/koningdrone.be\/product\/dji-zenmuse-v1\/#breadcrumb"},"inLanguage":"fr-BE","potentialAction":[{"@type":"ReadAction","target":["https:\/\/koningdrone.be\/product\/dji-zenmuse-v1\/"]}]},{"@type":"ImageObject","inLanguage":"fr-BE","@id":"https:\/\/koningdrone.be\/product\/dji-zenmuse-v1\/#primaryimage","url":"https:\/\/koningdrone.be\/wp-content\/uploads\/sites\/13\/2026\/03\/DJI-Zenmuse-V1.webp","contentUrl":"https:\/\/koningdrone.be\/wp-content\/uploads\/sites\/13\/2026\/03\/DJI-Zenmuse-V1.webp","width":2048,"height":2048},{"@type":"BreadcrumbList","@id":"https:\/\/koningdrone.be\/product\/dji-zenmuse-v1\/#breadcrumb","itemListElement":[{"@type":"ListItem","position":1,"name":"Home","item":"https:\/\/koningdrone.be\/"},{"@type":"ListItem","position":2,"name":"AVSS Parachute Recovery System for DJI Matrice 300\/350","item":"https:\/\/koningdrone.be\/product\/avss-parachute-recovery-system-for-dji-matrice-300-350\/"},{"@type":"ListItem","position":3,"name":"Alle gimbals en cameras","item":"https:\/\/koningdrone.be\/categorie\/alle-gimbals-en-cameras\/"},{"@type":"ListItem","position":4,"name":"DJI Zenmuse V1"}]},{"@type":"WebSite","@id":"https:\/\/koningdrone.be\/#website","url":"https:\/\/koningdrone.be\/","name":"Koningdrone.be - Votre sp\u00e9cialiste en ligne en mati\u00e8re de drones, de cardans, de cam\u00e9ras et de centrales \u00e9lectriques.","description":"La boutique en ligne de drones et de cardans","publisher":{"@id":"https:\/\/koningdrone.be\/#organization"},"potentialAction":[{"@type":"SearchAction","target":{"@type":"EntryPoint","urlTemplate":"https:\/\/koningdrone.be\/?s={search_term_string}"},"query-input":{"@type":"PropertyValueSpecification","valueRequired":true,"valueName":"search_term_string"}}],"inLanguage":"fr-BE"},{"@type":"Organization","@id":"https:\/\/koningdrone.be\/#organization","name":"Kingdrone.co.uk","url":"https:\/\/koningdrone.be\/","logo":{"@type":"ImageObject","inLanguage":"fr-BE","@id":"https:\/\/koningdrone.be\/#\/schema\/logo\/image\/","url":"https:\/\/koningdrone.be\/wp-content\/uploads\/sites\/13\/2025\/04\/koningdrone-copyright-logo.svg","contentUrl":"https:\/\/koningdrone.be\/wp-content\/uploads\/sites\/13\/2025\/04\/koningdrone-copyright-logo.svg","width":227,"height":38,"caption":"Koningdrone.be"},"image":{"@id":"https:\/\/koningdrone.be\/#\/schema\/logo\/image\/"}}]}},"df_price":950,"df_sale_price":"","df_regular_price":950,"df_image_link":"https:\/\/koningdrone.be\/wp-content\/uploads\/sites\/13\/2026\/03\/DJI-Zenmuse-V1-300x300.webp","_links":{"self":[{"href":"https:\/\/koningdrone.be\/fr\/wp-json\/wp\/v2\/product\/14767","targetHints":{"allow":["GET"]}}],"collection":[{"href":"https:\/\/koningdrone.be\/fr\/wp-json\/wp\/v2\/product"}],"about":[{"href":"https:\/\/koningdrone.be\/fr\/wp-json\/wp\/v2\/types\/product"}],"wp:featuredmedia":[{"embeddable":true,"href":"https:\/\/koningdrone.be\/fr\/wp-json\/wp\/v2\/media\/17056"}],"wp:attachment":[{"href":"https:\/\/koningdrone.be\/fr\/wp-json\/wp\/v2\/media?parent=14767"}],"wp:term":[{"taxonomy":"product_brand","embeddable":true,"href":"https:\/\/koningdrone.be\/fr\/wp-json\/wp\/v2\/product_brand?post=14767"},{"taxonomy":"product_cat","embeddable":true,"href":"https:\/\/koningdrone.be\/fr\/wp-json\/wp\/v2\/product_cat?post=14767"},{"taxonomy":"product_tag","embeddable":true,"href":"https:\/\/koningdrone.be\/fr\/wp-json\/wp\/v2\/product_tag?post=14767"}],"curies":[{"name":"wp","href":"https:\/\/api.w.org\/{rel}","templated":true}]}}