{"id":14760,"date":"2025-07-03T10:02:37","date_gmt":"2025-07-03T08:02:37","guid":{"rendered":"https:\/\/koningdrone.be\/product\/dji-zenmuse-s1\/"},"modified":"2026-04-29T03:50:26","modified_gmt":"2026-04-29T01:50:26","slug":"dji-zenmuse-s1","status":"publish","type":"product","link":"https:\/\/koningdrone.be\/fr\/produit\/dji-zenmuse-s1\/","title":{"rendered":"DJI Zenmuse S1"},"content":{"rendered":"<h3>DJI Zenmuse S1<\/h3>\n<p><iframe loading=\"lazy\" title=\"Voici les charges utiles DJI Zenmuse S1 et V1 | Drone Spotlight et Speaker\" width=\"800\" height=\"450\" src=\"https:\/\/www.youtube.com\/embed\/Xe8LVWFugTQ?feature=oembed&#038;enablejsapi=1&#038;origin=https:\/\/koningdrone.be\" frameborder=\"0\" allow=\"accelerometer; autoplay; clipboard-write; encrypted-media; gyroscope; picture-in-picture; web-share\" referrerpolicy=\"strict-origin-when-cross-origin\" allowfullscreen><\/iframe><\/p>\n<p style=\"margin-top: 20px\">Le DJI Zenmuse S1 est un puissant projecteur de drone con\u00e7u sp\u00e9cifiquement pour les plateformes de drone professionnelles \u00e0 charge multiple. Con\u00e7ue pour \u00eatre utilis\u00e9e avec les drones d'entreprise, cette unit\u00e9 d'\u00e9clairage avanc\u00e9e fournit un \u00e9clairage puissant pour les op\u00e9rations nocturnes et les environnements mal \u00e9clair\u00e9s. Gr\u00e2ce \u00e0 sa construction robuste et \u00e0 son int\u00e9gration avec les syst\u00e8mes de drones professionnels de DJI, le Zenmuse S1 est id\u00e9al pour la s\u00e9curit\u00e9 publique, les inspections et les op\u00e9rations de sauvetage.<\/p>\n<p style=\"margin-bottom: 20px\">Ce projecteur est con\u00e7u pour les applications critiques o\u00f9 la visibilit\u00e9 est essentielle. Qu'il s'agisse d'op\u00e9rations de recherche et de sauvetage, d'inspections industrielles ou d'op\u00e9rations de s\u00e9curit\u00e9, le Zenmuse S1 permet aux op\u00e9rateurs d'\u00e9clairer et d'analyser clairement leur environnement depuis les airs.<\/p>\n<p><a href=\"https:\/\/koningdrone.nl\/wp-content\/uploads\/2025\/07\/DJI-Zenmuse-S1.webp\"><img loading=\"lazy\" decoding=\"async\" class=\"size-full wp-image-467248 aligncenter\" src=\"https:\/\/koningdrone.nl\/wp-content\/uploads\/2025\/07\/DJI-Zenmuse-S1.webp\" alt=\"DJI Zenmuse S1\" width=\"1200\" height=\"800\" \/><\/a><\/p>\n<h4>Performance et fonctionnalit\u00e9<\/h4>\n<p>Le Zenmuse S1 utilise des <strong>Technologie LEP (Laser Excited Phosphor)<\/strong> pour produire un faisceau lumineux tr\u00e8s puissant et focalis\u00e9. Cela permet au projecteur d'atteindre une distance d'\u00e9clairage effective d'environ <strong>500 m\u00e8tres<\/strong>, permettant aux op\u00e9rateurs de voir clairement les objets \u00e0 longue distance pendant les vols de nuit.<\/p>\n<p>Le projecteur prend en charge plusieurs modes d'\u00e9clairage, notamment <strong>Mode feux de route, feux de croisement et les deux modes allum\u00e9s<\/strong>, Le faisceau de croisement permet d'adapter l'\u00e9clairage \u00e0 diff\u00e9rentes situations. Le faisceau bas est adapt\u00e9 aux inspections et aux op\u00e9rations de recherche de courte dur\u00e9e, tandis que le faisceau haut fournit un faisceau \u00e9troit et puissant pour l'observation \u00e0 longue distance. Cette flexibilit\u00e9 fait de la Zenmuse S1 un outil pr\u00e9cieux pour de nombreux sc\u00e9narios op\u00e9rationnels.<\/p>\n<p>En outre, le projecteur s'int\u00e8gre totalement \u00e0 l'\u00e9cosyst\u00e8me d'entreprise de DJI, y compris le contr\u00f4le via le contr\u00f4leur de drone et le logiciel DJI Pilot. Cela permet aux op\u00e9rateurs d'ajuster facilement les param\u00e8tres d'\u00e9clairage \u00e0 la vol\u00e9e et d'\u00e9clairer avec pr\u00e9cision les zones souhait\u00e9es.<\/p>\n<h4>Qualit\u00e9 de construction et conception<\/h4>\n<p>Con\u00e7ue selon les normes professionnelles de DJI, la Zenmuse S1 est dot\u00e9e d'un bo\u00eetier robuste capable de r\u00e9sister \u00e0 des conditions d'utilisation difficiles. Avec un <strong>Indice de protection IP54<\/strong> le projecteur est prot\u00e9g\u00e9 de la poussi\u00e8re et des projections d'eau, ce qui lui permet de fonctionner de mani\u00e8re fiable dans diverses conditions m\u00e9t\u00e9orologiques.<\/p>\n<p>La conception compacte et le montage compatible avec le cardan garantissent la stabilit\u00e9 du projecteur en vol et son int\u00e9gration transparente avec les plateformes de drones d'entreprise de DJI gr\u00e2ce au connecteur SkyPort. La lumi\u00e8re reste ainsi orient\u00e9e avec pr\u00e9cision, m\u00eame lorsque le drone se d\u00e9place ou vole \u00e0 haute altitude.<\/p>\n<p><a href=\"https:\/\/koningdrone.nl\/wp-content\/uploads\/2025\/07\/Product-DJI-Zenmuse-S1.webp\"><img loading=\"lazy\" decoding=\"async\" class=\"wp-image-467245 size-medium aligncenter\" src=\"https:\/\/koningdrone.nl\/wp-content\/uploads\/2025\/07\/Product-DJI-Zenmuse-S1-300x300.webp\" alt=\"Product DJI Zenmuse S1\" width=\"300\" height=\"300\" \/><\/a><\/p>\n<h4>Pourquoi vous en avez besoin<\/h4>\n<p>Le DJI Zenmuse S1 est un outil essentiel pour les op\u00e9rations de drones professionnels qui se d\u00e9roulent dans des environnements sombres ou mal \u00e9clair\u00e9s. Avec un \u00e9clairage puissant, plusieurs modes d'\u00e9clairage et une int\u00e9gration fiable avec les drones d'entreprise DJI, ce projecteur permet aux op\u00e9rateurs de travailler plus efficacement, d'op\u00e9rer en toute s\u00e9curit\u00e9 et de mieux analyser les situations critiques depuis les airs.<\/p>","protected":false},"excerpt":{"rendered":"<ul>\n<li>Puissant projecteur pour drone dot\u00e9 de la technologie LEP pour un \u00e9clairage extr\u00eamement brillant<\/li>\n<li>Distance d'\u00e9clairage effective jusqu'\u00e0 environ 500 m\u00e8tres<\/li>\n<li>Plusieurs modes d'\u00e9clairage pour diff\u00e9rents sc\u00e9narios op\u00e9rationnels<\/li>\n<li>Con\u00e7u pour l'inspection professionnelle, la s\u00e9curit\u00e9 et les op\u00e9rations de sauvetage<\/li>\n<li>Enti\u00e8rement compatible avec les plateformes de drones d'entreprise DJI<\/li>\n<\/ul>","protected":false},"featured_media":17050,"template":"","meta":{"_acf_changed":false},"product_brand":[],"product_cat":[153,1583,1743,1833,1823],"product_tag":[],"class_list":{"0":"post-14760","1":"product","2":"type-product","3":"status-publish","4":"has-post-thumbnail","6":"product_cat-dji-matrice-350","7":"product_cat-dji-matrice-400","8":"product_cat-dji-zenmuse-s1","9":"product_cat-speakers-and-spotlights","10":"product_cat-spotlight","11":"product_shipping_class-uavspacesshowall","12":"pa_brand-dji","13":"pa_producttype-drone-schijnwerper","14":"pa_series-zenmuse","16":"first","17":"instock","18":"taxable","19":"shipping-taxable","20":"purchasable","21":"product-type-simple"},"acf":[],"yoast_head":"<!-- This site is optimized with the Yoast SEO Premium plugin v27.2 (Yoast SEO v27.2) - https:\/\/yoast.com\/product\/yoast-seo-premium-wordpress\/ -->\n<title>DJI Zenmuse S1 - koningdrone.be<\/title>\n<meta name=\"robots\" content=\"index, follow, max-snippet:-1, max-image-preview:large, max-video-preview:-1\" \/>\n<link rel=\"canonical\" href=\"https:\/\/koningdrone.be\/fr\/produit\/dji-zenmuse-s1\/\" \/>\n<meta property=\"og:locale\" content=\"fr_FR\" \/>\n<meta property=\"og:type\" content=\"article\" \/>\n<meta property=\"og:title\" content=\"DJI Zenmuse S1\" \/>\n<meta property=\"og:description\" content=\"Krachtige drone-spotlight met LEP-technologie voor extreem heldere verlichting  Effectieve verlichtingsafstand tot ongeveer 500 meter  Meerdere verlichtingsmodi voor verschillende operationele scenario\u2019s  Ontworpen voor professionele inspectie, veiligheid en reddingsoperaties  Volledig compatibel met DJI enterprise droneplatforms\" \/>\n<meta property=\"og:url\" content=\"https:\/\/koningdrone.be\/fr\/produit\/dji-zenmuse-s1\/\" \/>\n<meta property=\"og:site_name\" content=\"koningdrone.be\" \/>\n<meta property=\"article:modified_time\" content=\"2026-04-29T01:50:26+00:00\" \/>\n<meta property=\"og:image\" content=\"https:\/\/koningdrone.be\/wp-content\/uploads\/sites\/13\/2026\/03\/DJI-Product-Zenmuse-S1.webp\" \/>\n\t<meta property=\"og:image:width\" content=\"2048\" \/>\n\t<meta property=\"og:image:height\" content=\"2048\" \/>\n\t<meta property=\"og:image:type\" content=\"image\/webp\" \/>\n<meta name=\"twitter:card\" content=\"summary_large_image\" \/>\n<meta name=\"twitter:label1\" content=\"Dur\u00e9e de lecture est.\" \/>\n\t<meta name=\"twitter:data1\" content=\"2 minutes\" \/>\n<script type=\"application\/ld+json\" class=\"yoast-schema-graph\">{\"@context\":\"https:\/\/schema.org\",\"@graph\":[{\"@type\":\"WebPage\",\"@id\":\"https:\/\/koningdrone.be\/product\/dji-zenmuse-s1\/\",\"url\":\"https:\/\/koningdrone.be\/product\/dji-zenmuse-s1\/\",\"name\":\"DJI Zenmuse S1 - koningdrone.be\",\"isPartOf\":{\"@id\":\"https:\/\/koningdrone.be\/#website\"},\"primaryImageOfPage\":{\"@id\":\"https:\/\/koningdrone.be\/product\/dji-zenmuse-s1\/#primaryimage\"},\"image\":{\"@id\":\"https:\/\/koningdrone.be\/product\/dji-zenmuse-s1\/#primaryimage\"},\"thumbnailUrl\":\"https:\/\/koningdrone.be\/wp-content\/uploads\/sites\/13\/2026\/03\/DJI-Product-Zenmuse-S1.webp\",\"datePublished\":\"2025-07-03T08:02:37+00:00\",\"dateModified\":\"2026-04-29T01:50:26+00:00\",\"breadcrumb\":{\"@id\":\"https:\/\/koningdrone.be\/product\/dji-zenmuse-s1\/#breadcrumb\"},\"inLanguage\":\"fr-BE\",\"potentialAction\":[{\"@type\":\"ReadAction\",\"target\":[\"https:\/\/koningdrone.be\/product\/dji-zenmuse-s1\/\"]}]},{\"@type\":\"ImageObject\",\"inLanguage\":\"fr-BE\",\"@id\":\"https:\/\/koningdrone.be\/product\/dji-zenmuse-s1\/#primaryimage\",\"url\":\"https:\/\/koningdrone.be\/wp-content\/uploads\/sites\/13\/2026\/03\/DJI-Product-Zenmuse-S1.webp\",\"contentUrl\":\"https:\/\/koningdrone.be\/wp-content\/uploads\/sites\/13\/2026\/03\/DJI-Product-Zenmuse-S1.webp\",\"width\":2048,\"height\":2048},{\"@type\":\"BreadcrumbList\",\"@id\":\"https:\/\/koningdrone.be\/product\/dji-zenmuse-s1\/#breadcrumb\",\"itemListElement\":[{\"@type\":\"ListItem\",\"position\":1,\"name\":\"Home\",\"item\":\"https:\/\/koningdrone.be\/\"},{\"@type\":\"ListItem\",\"position\":2,\"name\":\"AVSS Parachute Recovery System for DJI Matrice 300\/350\",\"item\":\"https:\/\/koningdrone.be\/product\/avss-parachute-recovery-system-for-dji-matrice-300-350\/\"},{\"@type\":\"ListItem\",\"position\":3,\"name\":\"DJI Matrice 350\",\"item\":\"https:\/\/koningdrone.be\/categorie\/dji-matrice-350\/\"},{\"@type\":\"ListItem\",\"position\":4,\"name\":\"DJI Zenmuse S1\"}]},{\"@type\":\"WebSite\",\"@id\":\"https:\/\/koningdrone.be\/#website\",\"url\":\"https:\/\/koningdrone.be\/\",\"name\":\"Koningdrone.be - Uw online specialist in drones, gimbals, camera's en power stations.\",\"description\":\"De webshop in drones en gimbals\",\"publisher\":{\"@id\":\"https:\/\/koningdrone.be\/#organization\"},\"potentialAction\":[{\"@type\":\"SearchAction\",\"target\":{\"@type\":\"EntryPoint\",\"urlTemplate\":\"https:\/\/koningdrone.be\/?s={search_term_string}\"},\"query-input\":{\"@type\":\"PropertyValueSpecification\",\"valueRequired\":true,\"valueName\":\"search_term_string\"}}],\"inLanguage\":\"fr-BE\"},{\"@type\":\"Organization\",\"@id\":\"https:\/\/koningdrone.be\/#organization\",\"name\":\"Koningdrone.be\",\"url\":\"https:\/\/koningdrone.be\/\",\"logo\":{\"@type\":\"ImageObject\",\"inLanguage\":\"fr-BE\",\"@id\":\"https:\/\/koningdrone.be\/#\/schema\/logo\/image\/\",\"url\":\"https:\/\/koningdrone.be\/wp-content\/uploads\/sites\/13\/2025\/04\/koningdrone-copyright-logo.svg\",\"contentUrl\":\"https:\/\/koningdrone.be\/wp-content\/uploads\/sites\/13\/2025\/04\/koningdrone-copyright-logo.svg\",\"width\":227,\"height\":38,\"caption\":\"Koningdrone.be\"},\"image\":{\"@id\":\"https:\/\/koningdrone.be\/#\/schema\/logo\/image\/\"}}]}<\/script>\n<!-- \/ Yoast SEO Premium plugin. -->","yoast_head_json":{"title":"DJI Zenmuse S1 - koningdrone.be","robots":{"index":"index","follow":"follow","max-snippet":"max-snippet:-1","max-image-preview":"max-image-preview:large","max-video-preview":"max-video-preview:-1"},"canonical":"https:\/\/koningdrone.be\/fr\/produit\/dji-zenmuse-s1\/","og_locale":"fr_FR","og_type":"article","og_title":"DJI Zenmuse S1","og_description":"Krachtige drone-spotlight met LEP-technologie voor extreem heldere verlichting  Effectieve verlichtingsafstand tot ongeveer 500 meter  Meerdere verlichtingsmodi voor verschillende operationele scenario\u2019s  Ontworpen voor professionele inspectie, veiligheid en reddingsoperaties  Volledig compatibel met DJI enterprise droneplatforms","og_url":"https:\/\/koningdrone.be\/fr\/produit\/dji-zenmuse-s1\/","og_site_name":"koningdrone.be","article_modified_time":"2026-04-29T01:50:26+00:00","og_image":[{"width":2048,"height":2048,"url":"https:\/\/koningdrone.be\/wp-content\/uploads\/sites\/13\/2026\/03\/DJI-Product-Zenmuse-S1.webp","type":"image\/webp"}],"twitter_card":"summary_large_image","twitter_misc":{"Dur\u00e9e de lecture est.":"2 minutes"},"schema":{"@context":"https:\/\/schema.org","@graph":[{"@type":"WebPage","@id":"https:\/\/koningdrone.be\/product\/dji-zenmuse-s1\/","url":"https:\/\/koningdrone.be\/product\/dji-zenmuse-s1\/","name":"DJI Zenmuse S1 - koningdrone.be","isPartOf":{"@id":"https:\/\/koningdrone.be\/#website"},"primaryImageOfPage":{"@id":"https:\/\/koningdrone.be\/product\/dji-zenmuse-s1\/#primaryimage"},"image":{"@id":"https:\/\/koningdrone.be\/product\/dji-zenmuse-s1\/#primaryimage"},"thumbnailUrl":"https:\/\/koningdrone.be\/wp-content\/uploads\/sites\/13\/2026\/03\/DJI-Product-Zenmuse-S1.webp","datePublished":"2025-07-03T08:02:37+00:00","dateModified":"2026-04-29T01:50:26+00:00","breadcrumb":{"@id":"https:\/\/koningdrone.be\/product\/dji-zenmuse-s1\/#breadcrumb"},"inLanguage":"fr-BE","potentialAction":[{"@type":"ReadAction","target":["https:\/\/koningdrone.be\/product\/dji-zenmuse-s1\/"]}]},{"@type":"ImageObject","inLanguage":"fr-BE","@id":"https:\/\/koningdrone.be\/product\/dji-zenmuse-s1\/#primaryimage","url":"https:\/\/koningdrone.be\/wp-content\/uploads\/sites\/13\/2026\/03\/DJI-Product-Zenmuse-S1.webp","contentUrl":"https:\/\/koningdrone.be\/wp-content\/uploads\/sites\/13\/2026\/03\/DJI-Product-Zenmuse-S1.webp","width":2048,"height":2048},{"@type":"BreadcrumbList","@id":"https:\/\/koningdrone.be\/product\/dji-zenmuse-s1\/#breadcrumb","itemListElement":[{"@type":"ListItem","position":1,"name":"Home","item":"https:\/\/koningdrone.be\/"},{"@type":"ListItem","position":2,"name":"AVSS Parachute Recovery System for DJI Matrice 300\/350","item":"https:\/\/koningdrone.be\/product\/avss-parachute-recovery-system-for-dji-matrice-300-350\/"},{"@type":"ListItem","position":3,"name":"DJI Matrice 350","item":"https:\/\/koningdrone.be\/categorie\/dji-matrice-350\/"},{"@type":"ListItem","position":4,"name":"DJI Zenmuse S1"}]},{"@type":"WebSite","@id":"https:\/\/koningdrone.be\/#website","url":"https:\/\/koningdrone.be\/","name":"Koningdrone.be - Votre sp\u00e9cialiste en ligne en mati\u00e8re de drones, de cardans, de cam\u00e9ras et de centrales \u00e9lectriques.","description":"La boutique en ligne de drones et de cardans","publisher":{"@id":"https:\/\/koningdrone.be\/#organization"},"potentialAction":[{"@type":"SearchAction","target":{"@type":"EntryPoint","urlTemplate":"https:\/\/koningdrone.be\/?s={search_term_string}"},"query-input":{"@type":"PropertyValueSpecification","valueRequired":true,"valueName":"search_term_string"}}],"inLanguage":"fr-BE"},{"@type":"Organization","@id":"https:\/\/koningdrone.be\/#organization","name":"Kingdrone.co.uk","url":"https:\/\/koningdrone.be\/","logo":{"@type":"ImageObject","inLanguage":"fr-BE","@id":"https:\/\/koningdrone.be\/#\/schema\/logo\/image\/","url":"https:\/\/koningdrone.be\/wp-content\/uploads\/sites\/13\/2025\/04\/koningdrone-copyright-logo.svg","contentUrl":"https:\/\/koningdrone.be\/wp-content\/uploads\/sites\/13\/2025\/04\/koningdrone-copyright-logo.svg","width":227,"height":38,"caption":"Koningdrone.be"},"image":{"@id":"https:\/\/koningdrone.be\/#\/schema\/logo\/image\/"}}]}},"df_price":1300,"df_sale_price":"","df_regular_price":1300,"df_image_link":"https:\/\/koningdrone.be\/wp-content\/uploads\/sites\/13\/2026\/03\/DJI-Product-Zenmuse-S1-300x300.webp","_links":{"self":[{"href":"https:\/\/koningdrone.be\/fr\/wp-json\/wp\/v2\/product\/14760","targetHints":{"allow":["GET"]}}],"collection":[{"href":"https:\/\/koningdrone.be\/fr\/wp-json\/wp\/v2\/product"}],"about":[{"href":"https:\/\/koningdrone.be\/fr\/wp-json\/wp\/v2\/types\/product"}],"wp:featuredmedia":[{"embeddable":true,"href":"https:\/\/koningdrone.be\/fr\/wp-json\/wp\/v2\/media\/17050"}],"wp:attachment":[{"href":"https:\/\/koningdrone.be\/fr\/wp-json\/wp\/v2\/media?parent=14760"}],"wp:term":[{"taxonomy":"product_brand","embeddable":true,"href":"https:\/\/koningdrone.be\/fr\/wp-json\/wp\/v2\/product_brand?post=14760"},{"taxonomy":"product_cat","embeddable":true,"href":"https:\/\/koningdrone.be\/fr\/wp-json\/wp\/v2\/product_cat?post=14760"},{"taxonomy":"product_tag","embeddable":true,"href":"https:\/\/koningdrone.be\/fr\/wp-json\/wp\/v2\/product_tag?post=14760"}],"curies":[{"name":"wp","href":"https:\/\/api.w.org\/{rel}","templated":true}]}}