{"id":14753,"date":"2025-07-03T10:02:37","date_gmt":"2025-07-03T08:02:37","guid":{"rendered":"https:\/\/koningdrone.be\/product\/dronavia-parachute-moc-m2-with-internal-flight-termination-system-moc-2511-kronos-for-matrice-4-c5\/"},"modified":"2026-04-29T16:30:05","modified_gmt":"2026-04-29T14:30:05","slug":"dronavia-parachute-moc-m2-with-internal-flight-termination-system-moc-2511-kronos-for-matrice-4-c5","status":"publish","type":"product","link":"https:\/\/koningdrone.be\/fr\/produit\/dronavia-parachute-moc-m2-with-internal-flight-termination-system-moc-2511-kronos-for-matrice-4-c5\/","title":{"rendered":"Dronavia Parachute Moc M2 avec syst\u00e8me de terminaison de vol interne MOC 2511 Kronos pour Matrice 4 \/ C5"},"content":{"rendered":"<h3>Dronavia Parachute Moc M2 avec syst\u00e8me de terminaison de vol interne MOC 2511 Kronos pour Matrice 4 \/ C5<\/h3>\n<p><em>Le parachute Dronavia Moc M2 avec le syst\u00e8me de terminaison de vol interne MOC 2511 Kronos pour Matrice 4 \/ C5<\/em> est un syst\u00e8me de s\u00e9curit\u00e9 avanc\u00e9 con\u00e7u pour les op\u00e9rateurs de drones professionnels qui souhaitent mettre leur drone DJI Matrice 4-series en conformit\u00e9 avec les derni\u00e8res normes europ\u00e9ennes de l'EASA. Ce kit combine un module de r\u00e9cup\u00e9ration parachute (PRS) avec un syst\u00e8me interne de terminaison de vol (FTS) pour faire atterrir le drone en toute s\u00e9curit\u00e9 en cas d'erreur critique en vol. Il est id\u00e9al pour les applications professionnelles o\u00f9 la s\u00e9curit\u00e9 maximale et la gestion des risques sont cruciales.<\/p>\n<p><a href=\"https:\/\/koningdrone.nl\/wp-content\/uploads\/2025\/07\/Dronavia-Parachute-Moc-M2-with-Internal-Flight-Termination-System-MOC-2511-Kronos-for-Matrice-4-C5.webp\"><img loading=\"lazy\" decoding=\"async\" class=\"size-medium wp-image-470751 aligncenter\" src=\"https:\/\/koningdrone.nl\/wp-content\/uploads\/2025\/07\/Dronavia-Parachute-Moc-M2-with-Internal-Flight-Termination-System-MOC-2511-Kronos-for-Matrice-4-C5-300x300.webp\" alt=\"Dronavia Parachute Moc M2 with Internal Flight Termination System MOC 2511 Kronos for Matrice 4 C5\" width=\"300\" height=\"300\" \/><\/a><\/p>\n<h4>Performance et fonctionnalit\u00e9<\/h4>\n<p>Ce kit syst\u00e8me active automatiquement le parachute en moins de 0,27 seconde dans les situations d'urgence, r\u00e9duisant ainsi consid\u00e9rablement l'\u00e9nergie de l'impact au sol. Le FTS int\u00e9gr\u00e9 coupe automatiquement les moteurs dans les situations o\u00f9 le vol doit \u00eatre interrompu, offrant ainsi une protection suppl\u00e9mentaire au drone et aux personnes au sol. Gr\u00e2ce aux options de d\u00e9clenchement sans fil et \u00e0 la communication s\u00e9curis\u00e9e via une t\u00e9l\u00e9commande Klick d'une port\u00e9e allant jusqu'\u00e0 1,5 km (ou en option jusqu'\u00e0 ~10 km), vous pouvez \u00e9galement contr\u00f4ler les syst\u00e8mes manuellement.<\/p>\n<h4>Qualit\u00e9 de construction et conception<\/h4>\n<p style=\"margin-bottom: 20px\">Le syst\u00e8me Kronos est con\u00e7u avec des mat\u00e9riaux l\u00e9gers de haute qualit\u00e9 et un design compact afin que la charge utile suppl\u00e9mentaire reste minimale sur votre drone. La voilure du parachute utilise la technologie PARA\u00b2 pour une descente plus stable et contr\u00f4l\u00e9e, et le syst\u00e8me POD permet un r\u00e9armement rapide apr\u00e8s le d\u00e9ploiement. Tous les composants sont con\u00e7us pour fonctionner de mani\u00e8re robuste dans le respect des normes op\u00e9rationnelles europ\u00e9ennes.<\/p>\n<p><a href=\"https:\/\/koningdrone.nl\/wp-content\/uploads\/2025\/07\/Dronavia-Parachute-Moc-M2-with-Internal-Flight-Termination-System-MOC-2511-Kronos-for-Matrice-4-C5-Product.webp\"><img loading=\"lazy\" decoding=\"async\" class=\"size-medium wp-image-470750 aligncenter\" src=\"https:\/\/koningdrone.nl\/wp-content\/uploads\/2025\/07\/Dronavia-Parachute-Moc-M2-with-Internal-Flight-Termination-System-MOC-2511-Kronos-for-Matrice-4-C5-Product-300x300.webp\" alt=\"Dronavia Parachute Moc M2 with Internal Flight Termination System MOC 2511 Kronos for Matrice 4 C5 Product\" width=\"300\" height=\"300\" \/><\/a><\/p>\n<h4>Pourquoi vous en avez besoin ?<\/h4>\n<p>Si vous effectuez des missions commerciales ou complexes de drones en Europe, avec des vols au-dessus de personnes ou dans des zones urbaines, ce kit de parachute et de terminaison de vol fournit une couche de s\u00e9curit\u00e9 suppl\u00e9mentaire cruciale. Le syst\u00e8me permet de se conformer \u00e0 la classification C5 de l'EASA et de r\u00e9duire consid\u00e9rablement le risque de dommages ou de blessures en cas d'urgence.<\/p>","protected":false},"excerpt":{"rendered":"<ul>\n<li>Conformit\u00e9 totale \u00e0 l'EASA (MOC 2512 (M2) &amp; MOC 2511) pour Matrice 4\/C5.<\/li>\n<li>Activation automatique du parachute en &lt; 0,27 s pour une s\u00e9curit\u00e9 maximale.<\/li>\n<li>Syst\u00e8me interne de terminaison de vol qui coupe imm\u00e9diatement les moteurs.<\/li>\n<li>Port\u00e9e jusqu'\u00e0 1,5 km avec la t\u00e9l\u00e9commande Klick (~10 km en option).<\/li>\n<li>Syst\u00e8me POD r\u00e9utilisable pour une r\u00e9initialisation rapide apr\u00e8s utilisation.<\/li>\n<\/ul>","protected":false},"featured_media":17885,"template":"","meta":{"_acf_changed":false},"product_brand":[],"product_cat":[292,98,430],"product_tag":[],"class_list":{"0":"post-14753","1":"product","2":"type-product","3":"status-publish","4":"has-post-thumbnail","6":"product_cat-alle-parachutes","7":"product_cat-dji-matrice-4","8":"product_cat-dronavia","9":"product_shipping_class-outofstock","10":"pa_brand-dronavia","11":"pa_producttype-veiligheidssysteem","13":"first","14":"outofstock","15":"taxable","16":"shipping-taxable","17":"purchasable","18":"product-type-simple"},"acf":[],"yoast_head":"<!-- This site is optimized with the Yoast SEO Premium plugin v27.2 (Yoast SEO v27.2) - https:\/\/yoast.com\/product\/yoast-seo-premium-wordpress\/ -->\n<title>Dronavia Parachute Moc M2 with Internal Flight Termination System MOC 2511 Kronos for Matrice 4 \/ C5 - koningdrone.be<\/title>\n<meta name=\"robots\" content=\"index, follow, max-snippet:-1, max-image-preview:large, max-video-preview:-1\" \/>\n<link rel=\"canonical\" href=\"https:\/\/koningdrone.be\/fr\/produit\/dronavia-parachute-moc-m2-with-internal-flight-termination-system-moc-2511-kronos-for-matrice-4-c5\/\" \/>\n<meta property=\"og:locale\" content=\"fr_FR\" \/>\n<meta property=\"og:type\" content=\"article\" \/>\n<meta property=\"og:title\" content=\"Dronavia Parachute Moc M2 with Internal Flight Termination System MOC 2511 Kronos for Matrice 4 \/ C5\" \/>\n<meta property=\"og:description\" content=\"Volledige EASA\u2011compliance (MOC\u202f2512 (M2) &amp; MOC\u202f2511) voor Matrice\u202f4\/C5.  Automatische parachute\u2011activatie in &lt;\u202f0,27\u202fs voor maximale veiligheid.  Intern Flight Termination System die motoren onmiddellijk uitschakelt.  Bereik tot 1,5\u202fkm met Klick\u2011remote (optioneel ~10\u202fkm).  Herbruikbaar POD\u2011systeem voor snelle reset na gebruik.\" \/>\n<meta property=\"og:url\" content=\"https:\/\/koningdrone.be\/fr\/produit\/dronavia-parachute-moc-m2-with-internal-flight-termination-system-moc-2511-kronos-for-matrice-4-c5\/\" \/>\n<meta property=\"og:site_name\" content=\"koningdrone.be\" \/>\n<meta property=\"article:modified_time\" content=\"2026-04-29T14:30:05+00:00\" \/>\n<meta property=\"og:image\" content=\"https:\/\/koningdrone.be\/wp-content\/uploads\/sites\/13\/2026\/03\/Dronavia-Parachute-Moc-M2-with-Internal-Flight-Termination-System-MOC-2511-Kronos-for-Matrice-4-C5.webp\" \/>\n\t<meta property=\"og:image:width\" content=\"2048\" \/>\n\t<meta property=\"og:image:height\" content=\"2048\" \/>\n\t<meta property=\"og:image:type\" content=\"image\/webp\" \/>\n<meta name=\"twitter:card\" content=\"summary_large_image\" \/>\n<meta name=\"twitter:label1\" content=\"Dur\u00e9e de lecture est.\" \/>\n\t<meta name=\"twitter:data1\" content=\"3 minutes\" \/>\n<script type=\"application\/ld+json\" class=\"yoast-schema-graph\">{\"@context\":\"https:\/\/schema.org\",\"@graph\":[{\"@type\":\"WebPage\",\"@id\":\"https:\/\/koningdrone.be\/product\/dronavia-parachute-moc-m2-with-internal-flight-termination-system-moc-2511-kronos-for-matrice-4-c5\/\",\"url\":\"https:\/\/koningdrone.be\/product\/dronavia-parachute-moc-m2-with-internal-flight-termination-system-moc-2511-kronos-for-matrice-4-c5\/\",\"name\":\"Dronavia Parachute Moc M2 with Internal Flight Termination System MOC 2511 Kronos for Matrice 4 \/ C5 - koningdrone.be\",\"isPartOf\":{\"@id\":\"https:\/\/koningdrone.be\/#website\"},\"primaryImageOfPage\":{\"@id\":\"https:\/\/koningdrone.be\/product\/dronavia-parachute-moc-m2-with-internal-flight-termination-system-moc-2511-kronos-for-matrice-4-c5\/#primaryimage\"},\"image\":{\"@id\":\"https:\/\/koningdrone.be\/product\/dronavia-parachute-moc-m2-with-internal-flight-termination-system-moc-2511-kronos-for-matrice-4-c5\/#primaryimage\"},\"thumbnailUrl\":\"https:\/\/koningdrone.be\/wp-content\/uploads\/sites\/13\/2026\/03\/Dronavia-Parachute-Moc-M2-with-Internal-Flight-Termination-System-MOC-2511-Kronos-for-Matrice-4-C5.webp\",\"datePublished\":\"2025-07-03T08:02:37+00:00\",\"dateModified\":\"2026-04-29T14:30:05+00:00\",\"breadcrumb\":{\"@id\":\"https:\/\/koningdrone.be\/product\/dronavia-parachute-moc-m2-with-internal-flight-termination-system-moc-2511-kronos-for-matrice-4-c5\/#breadcrumb\"},\"inLanguage\":\"fr-BE\",\"potentialAction\":[{\"@type\":\"ReadAction\",\"target\":[\"https:\/\/koningdrone.be\/product\/dronavia-parachute-moc-m2-with-internal-flight-termination-system-moc-2511-kronos-for-matrice-4-c5\/\"]}]},{\"@type\":\"ImageObject\",\"inLanguage\":\"fr-BE\",\"@id\":\"https:\/\/koningdrone.be\/product\/dronavia-parachute-moc-m2-with-internal-flight-termination-system-moc-2511-kronos-for-matrice-4-c5\/#primaryimage\",\"url\":\"https:\/\/koningdrone.be\/wp-content\/uploads\/sites\/13\/2026\/03\/Dronavia-Parachute-Moc-M2-with-Internal-Flight-Termination-System-MOC-2511-Kronos-for-Matrice-4-C5.webp\",\"contentUrl\":\"https:\/\/koningdrone.be\/wp-content\/uploads\/sites\/13\/2026\/03\/Dronavia-Parachute-Moc-M2-with-Internal-Flight-Termination-System-MOC-2511-Kronos-for-Matrice-4-C5.webp\",\"width\":2048,\"height\":2048},{\"@type\":\"BreadcrumbList\",\"@id\":\"https:\/\/koningdrone.be\/product\/dronavia-parachute-moc-m2-with-internal-flight-termination-system-moc-2511-kronos-for-matrice-4-c5\/#breadcrumb\",\"itemListElement\":[{\"@type\":\"ListItem\",\"position\":1,\"name\":\"Home\",\"item\":\"https:\/\/koningdrone.be\/\"},{\"@type\":\"ListItem\",\"position\":2,\"name\":\"AVSS Parachute Recovery System for DJI Matrice 300\/350\",\"item\":\"https:\/\/koningdrone.be\/product\/avss-parachute-recovery-system-for-dji-matrice-300-350\/\"},{\"@type\":\"ListItem\",\"position\":3,\"name\":\"Alle parachutes\",\"item\":\"https:\/\/koningdrone.be\/categorie\/alle-parachutes\/\"},{\"@type\":\"ListItem\",\"position\":4,\"name\":\"Dronavia Parachute Moc M2 with Internal Flight Termination System MOC 2511 Kronos for Matrice 4 \/ C5\"}]},{\"@type\":\"WebSite\",\"@id\":\"https:\/\/koningdrone.be\/#website\",\"url\":\"https:\/\/koningdrone.be\/\",\"name\":\"Koningdrone.be - Uw online specialist in drones, gimbals, camera's en power stations.\",\"description\":\"De webshop in drones en gimbals\",\"publisher\":{\"@id\":\"https:\/\/koningdrone.be\/#organization\"},\"potentialAction\":[{\"@type\":\"SearchAction\",\"target\":{\"@type\":\"EntryPoint\",\"urlTemplate\":\"https:\/\/koningdrone.be\/?s={search_term_string}\"},\"query-input\":{\"@type\":\"PropertyValueSpecification\",\"valueRequired\":true,\"valueName\":\"search_term_string\"}}],\"inLanguage\":\"fr-BE\"},{\"@type\":\"Organization\",\"@id\":\"https:\/\/koningdrone.be\/#organization\",\"name\":\"Koningdrone.be\",\"url\":\"https:\/\/koningdrone.be\/\",\"logo\":{\"@type\":\"ImageObject\",\"inLanguage\":\"fr-BE\",\"@id\":\"https:\/\/koningdrone.be\/#\/schema\/logo\/image\/\",\"url\":\"https:\/\/koningdrone.be\/wp-content\/uploads\/sites\/13\/2025\/04\/koningdrone-copyright-logo.svg\",\"contentUrl\":\"https:\/\/koningdrone.be\/wp-content\/uploads\/sites\/13\/2025\/04\/koningdrone-copyright-logo.svg\",\"width\":227,\"height\":38,\"caption\":\"Koningdrone.be\"},\"image\":{\"@id\":\"https:\/\/koningdrone.be\/#\/schema\/logo\/image\/\"}}]}<\/script>\n<!-- \/ Yoast SEO Premium plugin. -->","yoast_head_json":{"title":"Dronavia Parachute Moc M2 with Internal Flight Termination System MOC 2511 Kronos for Matrice 4 \/ C5 - koningdrone.be","robots":{"index":"index","follow":"follow","max-snippet":"max-snippet:-1","max-image-preview":"max-image-preview:large","max-video-preview":"max-video-preview:-1"},"canonical":"https:\/\/koningdrone.be\/fr\/produit\/dronavia-parachute-moc-m2-with-internal-flight-termination-system-moc-2511-kronos-for-matrice-4-c5\/","og_locale":"fr_FR","og_type":"article","og_title":"Dronavia Parachute Moc M2 with Internal Flight Termination System MOC 2511 Kronos for Matrice 4 \/ C5","og_description":"Volledige EASA\u2011compliance (MOC\u202f2512 (M2) &amp; MOC\u202f2511) voor Matrice\u202f4\/C5.  Automatische parachute\u2011activatie in &lt;\u202f0,27\u202fs voor maximale veiligheid.  Intern Flight Termination System die motoren onmiddellijk uitschakelt.  Bereik tot 1,5\u202fkm met Klick\u2011remote (optioneel ~10\u202fkm).  Herbruikbaar POD\u2011systeem voor snelle reset na gebruik.","og_url":"https:\/\/koningdrone.be\/fr\/produit\/dronavia-parachute-moc-m2-with-internal-flight-termination-system-moc-2511-kronos-for-matrice-4-c5\/","og_site_name":"koningdrone.be","article_modified_time":"2026-04-29T14:30:05+00:00","og_image":[{"width":2048,"height":2048,"url":"https:\/\/koningdrone.be\/wp-content\/uploads\/sites\/13\/2026\/03\/Dronavia-Parachute-Moc-M2-with-Internal-Flight-Termination-System-MOC-2511-Kronos-for-Matrice-4-C5.webp","type":"image\/webp"}],"twitter_card":"summary_large_image","twitter_misc":{"Dur\u00e9e de lecture est.":"3 minutes"},"schema":{"@context":"https:\/\/schema.org","@graph":[{"@type":"WebPage","@id":"https:\/\/koningdrone.be\/product\/dronavia-parachute-moc-m2-with-internal-flight-termination-system-moc-2511-kronos-for-matrice-4-c5\/","url":"https:\/\/koningdrone.be\/product\/dronavia-parachute-moc-m2-with-internal-flight-termination-system-moc-2511-kronos-for-matrice-4-c5\/","name":"Dronavia Parachute Moc M2 with Internal Flight Termination System MOC 2511 Kronos for Matrice 4 \/ C5 - koningdrone.be","isPartOf":{"@id":"https:\/\/koningdrone.be\/#website"},"primaryImageOfPage":{"@id":"https:\/\/koningdrone.be\/product\/dronavia-parachute-moc-m2-with-internal-flight-termination-system-moc-2511-kronos-for-matrice-4-c5\/#primaryimage"},"image":{"@id":"https:\/\/koningdrone.be\/product\/dronavia-parachute-moc-m2-with-internal-flight-termination-system-moc-2511-kronos-for-matrice-4-c5\/#primaryimage"},"thumbnailUrl":"https:\/\/koningdrone.be\/wp-content\/uploads\/sites\/13\/2026\/03\/Dronavia-Parachute-Moc-M2-with-Internal-Flight-Termination-System-MOC-2511-Kronos-for-Matrice-4-C5.webp","datePublished":"2025-07-03T08:02:37+00:00","dateModified":"2026-04-29T14:30:05+00:00","breadcrumb":{"@id":"https:\/\/koningdrone.be\/product\/dronavia-parachute-moc-m2-with-internal-flight-termination-system-moc-2511-kronos-for-matrice-4-c5\/#breadcrumb"},"inLanguage":"fr-BE","potentialAction":[{"@type":"ReadAction","target":["https:\/\/koningdrone.be\/product\/dronavia-parachute-moc-m2-with-internal-flight-termination-system-moc-2511-kronos-for-matrice-4-c5\/"]}]},{"@type":"ImageObject","inLanguage":"fr-BE","@id":"https:\/\/koningdrone.be\/product\/dronavia-parachute-moc-m2-with-internal-flight-termination-system-moc-2511-kronos-for-matrice-4-c5\/#primaryimage","url":"https:\/\/koningdrone.be\/wp-content\/uploads\/sites\/13\/2026\/03\/Dronavia-Parachute-Moc-M2-with-Internal-Flight-Termination-System-MOC-2511-Kronos-for-Matrice-4-C5.webp","contentUrl":"https:\/\/koningdrone.be\/wp-content\/uploads\/sites\/13\/2026\/03\/Dronavia-Parachute-Moc-M2-with-Internal-Flight-Termination-System-MOC-2511-Kronos-for-Matrice-4-C5.webp","width":2048,"height":2048},{"@type":"BreadcrumbList","@id":"https:\/\/koningdrone.be\/product\/dronavia-parachute-moc-m2-with-internal-flight-termination-system-moc-2511-kronos-for-matrice-4-c5\/#breadcrumb","itemListElement":[{"@type":"ListItem","position":1,"name":"Home","item":"https:\/\/koningdrone.be\/"},{"@type":"ListItem","position":2,"name":"AVSS Parachute Recovery System for DJI Matrice 300\/350","item":"https:\/\/koningdrone.be\/product\/avss-parachute-recovery-system-for-dji-matrice-300-350\/"},{"@type":"ListItem","position":3,"name":"Alle parachutes","item":"https:\/\/koningdrone.be\/categorie\/alle-parachutes\/"},{"@type":"ListItem","position":4,"name":"Dronavia Parachute Moc M2 with Internal Flight Termination System MOC 2511 Kronos for Matrice 4 \/ C5"}]},{"@type":"WebSite","@id":"https:\/\/koningdrone.be\/#website","url":"https:\/\/koningdrone.be\/","name":"Koningdrone.be - Votre sp\u00e9cialiste en ligne en mati\u00e8re de drones, de cardans, de cam\u00e9ras et de centrales \u00e9lectriques.","description":"La boutique en ligne de drones et de cardans","publisher":{"@id":"https:\/\/koningdrone.be\/#organization"},"potentialAction":[{"@type":"SearchAction","target":{"@type":"EntryPoint","urlTemplate":"https:\/\/koningdrone.be\/?s={search_term_string}"},"query-input":{"@type":"PropertyValueSpecification","valueRequired":true,"valueName":"search_term_string"}}],"inLanguage":"fr-BE"},{"@type":"Organization","@id":"https:\/\/koningdrone.be\/#organization","name":"Kingdrone.co.uk","url":"https:\/\/koningdrone.be\/","logo":{"@type":"ImageObject","inLanguage":"fr-BE","@id":"https:\/\/koningdrone.be\/#\/schema\/logo\/image\/","url":"https:\/\/koningdrone.be\/wp-content\/uploads\/sites\/13\/2025\/04\/koningdrone-copyright-logo.svg","contentUrl":"https:\/\/koningdrone.be\/wp-content\/uploads\/sites\/13\/2025\/04\/koningdrone-copyright-logo.svg","width":227,"height":38,"caption":"Koningdrone.be"},"image":{"@id":"https:\/\/koningdrone.be\/#\/schema\/logo\/image\/"}}]}},"df_price":1813.79,"df_sale_price":"","df_regular_price":1813.79,"df_image_link":"https:\/\/koningdrone.be\/wp-content\/uploads\/sites\/13\/2026\/03\/Dronavia-Parachute-Moc-M2-with-Internal-Flight-Termination-System-MOC-2511-Kronos-for-Matrice-4-C5-300x300.webp","_links":{"self":[{"href":"https:\/\/koningdrone.be\/fr\/wp-json\/wp\/v2\/product\/14753","targetHints":{"allow":["GET"]}}],"collection":[{"href":"https:\/\/koningdrone.be\/fr\/wp-json\/wp\/v2\/product"}],"about":[{"href":"https:\/\/koningdrone.be\/fr\/wp-json\/wp\/v2\/types\/product"}],"wp:featuredmedia":[{"embeddable":true,"href":"https:\/\/koningdrone.be\/fr\/wp-json\/wp\/v2\/media\/17885"}],"wp:attachment":[{"href":"https:\/\/koningdrone.be\/fr\/wp-json\/wp\/v2\/media?parent=14753"}],"wp:term":[{"taxonomy":"product_brand","embeddable":true,"href":"https:\/\/koningdrone.be\/fr\/wp-json\/wp\/v2\/product_brand?post=14753"},{"taxonomy":"product_cat","embeddable":true,"href":"https:\/\/koningdrone.be\/fr\/wp-json\/wp\/v2\/product_cat?post=14753"},{"taxonomy":"product_tag","embeddable":true,"href":"https:\/\/koningdrone.be\/fr\/wp-json\/wp\/v2\/product_tag?post=14753"}],"curies":[{"name":"wp","href":"https:\/\/api.w.org\/{rel}","templated":true}]}}