{"id":14748,"date":"2025-07-03T10:02:37","date_gmt":"2025-07-03T08:02:37","guid":{"rendered":"https:\/\/koningdrone.be\/product\/czi-payload-set-for-flycart-30\/"},"modified":"2026-04-29T16:30:04","modified_gmt":"2026-04-29T14:30:04","slug":"czi-payload-set-for-flycart-30","status":"publish","type":"product","link":"https:\/\/koningdrone.be\/fr\/produit\/czi-payload-set-for-flycart-30\/","title":{"rendered":"La charge utile de la CZI est pr\u00eate pour le FlyCart 30"},"content":{"rendered":"<h3>Set de charge utile CZI pour DJI FlyCart 30 : Versatilit\u00e9 tactique maximale<\/h3>\n<p><iframe loading=\"lazy\" title=\"DJI FlyCart 30 - DJI Delivery\" width=\"800\" height=\"450\" src=\"https:\/\/www.youtube.com\/embed\/Hhp11I-vGHA?feature=oembed&#038;enablejsapi=1&#038;origin=https:\/\/koningdrone.be\" frameborder=\"0\" allow=\"accelerometer; autoplay; clipboard-write; encrypted-media; gyroscope; picture-in-picture; web-share\" referrerpolicy=\"strict-origin-when-cross-origin\" allowfullscreen><\/iframe><\/p>\n<p style=\"margin-top: 20px\">Le <strong>Set de charge utile CZI pour le DJI FlyCart 30<\/strong> est une extension modulaire essentielle qui repousse les limites du drone de transport lourd. L\u00e0 o\u00f9 le FlyCart 30 excelle naturellement dans la logistique, ce kit de charge utile professionnelle transforme l'a\u00e9ronef en une plateforme d'intervention polyvalente. Qu'il s'agisse d'\u00e9clairer une zone sinistr\u00e9e, de communiquer \u00e0 distance avec les victimes ou de larguer des kits m\u00e9dicaux d'urgence avec une extr\u00eame pr\u00e9cision, le kit CZI fournit les outils technologiques n\u00e9cessaires \u00e0 la r\u00e9ussite de toute mission. L'int\u00e9gration transparente avec l'\u00e9cosyst\u00e8me DJI cr\u00e9e une synergie puissante entre la puissance de transport et la fonctionnalit\u00e9 tactique.<\/p>\n<p><a href=\"https:\/\/koningdrone.nl\/wp-content\/uploads\/2025\/07\/CZI-Payload-set-for-FlyCart-30.jpg\"><img loading=\"lazy\" decoding=\"async\" class=\"aligncenter wp-image-467711 size-full\" src=\"https:\/\/koningdrone.nl\/wp-content\/uploads\/2025\/07\/CZI-Payload-set-for-FlyCart-30.jpg\" alt=\"CZI Payload set for FlyCart 30\" width=\"1200\" height=\"800\" \/><\/a><\/p>\n<h4>Modules multifonctionnels performants et sp\u00e9cifiques \u00e0 une mission<\/h4>\n<p>La force du CZI Payload Set r\u00e9side dans sa modularit\u00e9. Gr\u00e2ce aux <strong>conception \u00e0 double interface<\/strong> les op\u00e9rateurs peuvent combiner diff\u00e9rentes fonctions sp\u00e9cialis\u00e9es pour r\u00e9pondre aux exigences particuli\u00e8res d'une op\u00e9ration :<\/p>\n<ul>\n<li><strong>\u00c9clairage tactique :<\/strong> Des projecteurs puissants qui brisent l'obscurit\u00e9 pour les inspections ou les recherches nocturnes.<\/li>\n<li><strong>Radiodiffusion et communications :<\/strong> Un syst\u00e8me de haut-parleurs haute fid\u00e9lit\u00e9 qui permet de transmettre clairement des instructions ou des avertissements sur de longues distances.<\/li>\n<li><strong>Syst\u00e8me de largage de pr\u00e9cision :<\/strong> Il permet la livraison s\u00fbre et pr\u00e9cise de fournitures essentielles, de bou\u00e9es de sauvetage ou d'\u00e9quipements de communication dans des endroits o\u00f9 le drone lui-m\u00eame ne peut pas atterrir. Le syst\u00e8me est imm\u00e9diatement reconnu par le <strong>Interface DJI PSDK<\/strong>, Le pilote peut ainsi contr\u00f4ler toutes les fonctions directement via le contr\u00f4leur standard, sans mat\u00e9riel suppl\u00e9mentaire ni configuration complexe.<\/li>\n<\/ul>\n<h4>Qualit\u00e9 de construction industrielle et efficacit\u00e9 de l'ouverture rapide<\/h4>\n<p>Dans les situations critiques, chaque seconde compte. L'ensemble de charge utile CZI est donc \u00e9quip\u00e9 d'un syst\u00e8me d'alarme. <strong>Syst\u00e8me de fixation rapide<\/strong>, Les modules peuvent \u00eatre \u00e9chang\u00e9s ou adapt\u00e9s aux besoins changeants d'une mission en quelques instants. La construction est faite d'une combinaison de haute qualit\u00e9 de <strong>alliage de magn\u00e9sium-aluminium et plastiques industriels<\/strong>, Le FlyCart 30 est \u00e9quip\u00e9 d'un syst\u00e8me d'entra\u00eenement \u00e0 l'atterrissage qui garantit un rapport optimal entre la robustesse et l'\u00e9conomie de poids. Le FlyCart 30 conserve ainsi sa capacit\u00e9 de levage et son temps de vol impressionnants, tandis que la charge utile r\u00e9siste aux vibrations et aux conditions environnementales d'une utilisation professionnelle intensive.<\/p>\n<p><a href=\"https:\/\/koningdrone.nl\/wp-content\/uploads\/2025\/07\/Product-CZI-Payload-set-for-FlyCart-30.jpg\"><img loading=\"lazy\" decoding=\"async\" class=\"size-medium wp-image-467709 aligncenter\" src=\"https:\/\/koningdrone.nl\/wp-content\/uploads\/2025\/07\/Product-CZI-Payload-set-for-FlyCart-30-300x300.jpg\" alt=\"Product CZI Payload set for FlyCart 30\" width=\"300\" height=\"300\" \/><\/a><\/p>\n<h4>Pourquoi l'ensemble de charges utiles CZI est indispensable<\/h4>\n<p>Pour les organisations d\u00e9ployant le DJI FlyCart 30 dans le cadre de l'aide humanitaire, de la protection civile ou d'une logistique industrielle complexe, ce kit est la cl\u00e9 d'une d\u00e9ployabilit\u00e9 op\u00e9rationnelle maximale. Il vous permet d'aller au-del\u00e0 du transport ; vous pouvez contr\u00f4ler l'environnement, communiquer et prendre des mesures cibl\u00e9es. Combinant lumi\u00e8re, son et capacit\u00e9 de distribution dans un syst\u00e8me int\u00e9gr\u00e9, le FlyCart 30 devient le poids lourd le plus polyvalent de votre flotte.<\/p>","protected":false},"excerpt":{"rendered":"<ul>\n<li>Kit de charge utile multifonctionnel pour DJI FlyCart 30<\/li>\n<li>Prise en charge des modules d'\u00e9clairage, de haut-parleurs et de goutte-\u00e0-goutte<\/li>\n<li>Double interface de charge utile pour une configuration flexible de la mission<\/li>\n<li>Fixation rapide pour une installation rapide<\/li>\n<li>Id\u00e9al pour les interventions d'urgence, les op\u00e9rations de recherche et de sauvetage et la logistique<\/li>\n<\/ul>","protected":false},"featured_media":17358,"template":"","meta":{"_acf_changed":false},"product_brand":[],"product_cat":[158,159,58],"product_tag":[],"class_list":{"0":"post-14748","1":"product","2":"type-product","3":"status-publish","4":"has-post-thumbnail","6":"product_cat-dji-flycart","7":"product_cat-dji-flycart-30","8":"product_cat-uncategorized","9":"product_shipping_class-outofstock","10":"pa_brand-dji-cargo","11":"pa_producttype-payloadset","13":"first","14":"outofstock","15":"taxable","16":"shipping-taxable","17":"purchasable","18":"product-type-simple"},"acf":[],"yoast_head":"<!-- This site is optimized with the Yoast SEO Premium plugin v27.2 (Yoast SEO v27.2) - https:\/\/yoast.com\/product\/yoast-seo-premium-wordpress\/ -->\n<title>CZI Payload set for FlyCart 30 - koningdrone.be<\/title>\n<meta name=\"robots\" content=\"index, follow, max-snippet:-1, max-image-preview:large, max-video-preview:-1\" \/>\n<link rel=\"canonical\" href=\"https:\/\/koningdrone.be\/fr\/produit\/czi-payload-set-for-flycart-30\/\" \/>\n<meta property=\"og:locale\" content=\"fr_FR\" \/>\n<meta property=\"og:type\" content=\"article\" \/>\n<meta property=\"og:title\" content=\"CZI Payload set for FlyCart 30\" \/>\n<meta property=\"og:description\" content=\"Multifunctionele payloadset voor DJI FlyCart 30  Ondersteunt verlichting, luidspreker en dropping-modules  Dual payload-interface voor flexibele missieconfiguratie  Quick-release montage voor snelle installatie  Ideaal voor noodhulp, zoek- en reddingsoperaties en logistiek\" \/>\n<meta property=\"og:url\" content=\"https:\/\/koningdrone.be\/fr\/produit\/czi-payload-set-for-flycart-30\/\" \/>\n<meta property=\"og:site_name\" content=\"koningdrone.be\" \/>\n<meta property=\"article:modified_time\" content=\"2026-04-29T14:30:04+00:00\" \/>\n<meta property=\"og:image\" content=\"https:\/\/koningdrone.be\/wp-content\/uploads\/sites\/13\/2026\/03\/CZI-Payload-set-for-FlyCart-30-Product.jpg\" \/>\n\t<meta property=\"og:image:width\" content=\"2048\" \/>\n\t<meta property=\"og:image:height\" content=\"2048\" \/>\n\t<meta property=\"og:image:type\" content=\"image\/jpeg\" \/>\n<meta name=\"twitter:card\" content=\"summary_large_image\" \/>\n<meta name=\"twitter:label1\" content=\"Dur\u00e9e de lecture est.\" \/>\n\t<meta name=\"twitter:data1\" content=\"2 minutes\" \/>\n<script type=\"application\/ld+json\" class=\"yoast-schema-graph\">{\"@context\":\"https:\/\/schema.org\",\"@graph\":[{\"@type\":\"WebPage\",\"@id\":\"https:\/\/koningdrone.be\/product\/czi-payload-set-for-flycart-30\/\",\"url\":\"https:\/\/koningdrone.be\/product\/czi-payload-set-for-flycart-30\/\",\"name\":\"CZI Payload set for FlyCart 30 - koningdrone.be\",\"isPartOf\":{\"@id\":\"https:\/\/koningdrone.be\/#website\"},\"primaryImageOfPage\":{\"@id\":\"https:\/\/koningdrone.be\/product\/czi-payload-set-for-flycart-30\/#primaryimage\"},\"image\":{\"@id\":\"https:\/\/koningdrone.be\/product\/czi-payload-set-for-flycart-30\/#primaryimage\"},\"thumbnailUrl\":\"https:\/\/koningdrone.be\/wp-content\/uploads\/sites\/13\/2026\/03\/CZI-Payload-set-for-FlyCart-30-Product.jpg\",\"datePublished\":\"2025-07-03T08:02:37+00:00\",\"dateModified\":\"2026-04-29T14:30:04+00:00\",\"breadcrumb\":{\"@id\":\"https:\/\/koningdrone.be\/product\/czi-payload-set-for-flycart-30\/#breadcrumb\"},\"inLanguage\":\"fr-BE\",\"potentialAction\":[{\"@type\":\"ReadAction\",\"target\":[\"https:\/\/koningdrone.be\/product\/czi-payload-set-for-flycart-30\/\"]}]},{\"@type\":\"ImageObject\",\"inLanguage\":\"fr-BE\",\"@id\":\"https:\/\/koningdrone.be\/product\/czi-payload-set-for-flycart-30\/#primaryimage\",\"url\":\"https:\/\/koningdrone.be\/wp-content\/uploads\/sites\/13\/2026\/03\/CZI-Payload-set-for-FlyCart-30-Product.jpg\",\"contentUrl\":\"https:\/\/koningdrone.be\/wp-content\/uploads\/sites\/13\/2026\/03\/CZI-Payload-set-for-FlyCart-30-Product.jpg\",\"width\":2048,\"height\":2048},{\"@type\":\"BreadcrumbList\",\"@id\":\"https:\/\/koningdrone.be\/product\/czi-payload-set-for-flycart-30\/#breadcrumb\",\"itemListElement\":[{\"@type\":\"ListItem\",\"position\":1,\"name\":\"Home\",\"item\":\"https:\/\/koningdrone.be\/\"},{\"@type\":\"ListItem\",\"position\":2,\"name\":\"AVSS Parachute Recovery System for DJI Matrice 300\/350\",\"item\":\"https:\/\/koningdrone.be\/product\/avss-parachute-recovery-system-for-dji-matrice-300-350\/\"},{\"@type\":\"ListItem\",\"position\":3,\"name\":\"DJI FlyCart\",\"item\":\"https:\/\/koningdrone.be\/categorie\/dji-flycart\/\"},{\"@type\":\"ListItem\",\"position\":4,\"name\":\"CZI Payload set for FlyCart 30\"}]},{\"@type\":\"WebSite\",\"@id\":\"https:\/\/koningdrone.be\/#website\",\"url\":\"https:\/\/koningdrone.be\/\",\"name\":\"Koningdrone.be - Uw online specialist in drones, gimbals, camera's en power stations.\",\"description\":\"De webshop in drones en gimbals\",\"publisher\":{\"@id\":\"https:\/\/koningdrone.be\/#organization\"},\"potentialAction\":[{\"@type\":\"SearchAction\",\"target\":{\"@type\":\"EntryPoint\",\"urlTemplate\":\"https:\/\/koningdrone.be\/?s={search_term_string}\"},\"query-input\":{\"@type\":\"PropertyValueSpecification\",\"valueRequired\":true,\"valueName\":\"search_term_string\"}}],\"inLanguage\":\"fr-BE\"},{\"@type\":\"Organization\",\"@id\":\"https:\/\/koningdrone.be\/#organization\",\"name\":\"Koningdrone.be\",\"url\":\"https:\/\/koningdrone.be\/\",\"logo\":{\"@type\":\"ImageObject\",\"inLanguage\":\"fr-BE\",\"@id\":\"https:\/\/koningdrone.be\/#\/schema\/logo\/image\/\",\"url\":\"https:\/\/koningdrone.be\/wp-content\/uploads\/sites\/13\/2025\/04\/koningdrone-copyright-logo.svg\",\"contentUrl\":\"https:\/\/koningdrone.be\/wp-content\/uploads\/sites\/13\/2025\/04\/koningdrone-copyright-logo.svg\",\"width\":227,\"height\":38,\"caption\":\"Koningdrone.be\"},\"image\":{\"@id\":\"https:\/\/koningdrone.be\/#\/schema\/logo\/image\/\"}}]}<\/script>\n<!-- \/ Yoast SEO Premium plugin. -->","yoast_head_json":{"title":"CZI Payload set for FlyCart 30 - koningdrone.be","robots":{"index":"index","follow":"follow","max-snippet":"max-snippet:-1","max-image-preview":"max-image-preview:large","max-video-preview":"max-video-preview:-1"},"canonical":"https:\/\/koningdrone.be\/fr\/produit\/czi-payload-set-for-flycart-30\/","og_locale":"fr_FR","og_type":"article","og_title":"CZI Payload set for FlyCart 30","og_description":"Multifunctionele payloadset voor DJI FlyCart 30  Ondersteunt verlichting, luidspreker en dropping-modules  Dual payload-interface voor flexibele missieconfiguratie  Quick-release montage voor snelle installatie  Ideaal voor noodhulp, zoek- en reddingsoperaties en logistiek","og_url":"https:\/\/koningdrone.be\/fr\/produit\/czi-payload-set-for-flycart-30\/","og_site_name":"koningdrone.be","article_modified_time":"2026-04-29T14:30:04+00:00","og_image":[{"width":2048,"height":2048,"url":"https:\/\/koningdrone.be\/wp-content\/uploads\/sites\/13\/2026\/03\/CZI-Payload-set-for-FlyCart-30-Product.jpg","type":"image\/jpeg"}],"twitter_card":"summary_large_image","twitter_misc":{"Dur\u00e9e de lecture est.":"2 minutes"},"schema":{"@context":"https:\/\/schema.org","@graph":[{"@type":"WebPage","@id":"https:\/\/koningdrone.be\/product\/czi-payload-set-for-flycart-30\/","url":"https:\/\/koningdrone.be\/product\/czi-payload-set-for-flycart-30\/","name":"CZI Payload set for FlyCart 30 - koningdrone.be","isPartOf":{"@id":"https:\/\/koningdrone.be\/#website"},"primaryImageOfPage":{"@id":"https:\/\/koningdrone.be\/product\/czi-payload-set-for-flycart-30\/#primaryimage"},"image":{"@id":"https:\/\/koningdrone.be\/product\/czi-payload-set-for-flycart-30\/#primaryimage"},"thumbnailUrl":"https:\/\/koningdrone.be\/wp-content\/uploads\/sites\/13\/2026\/03\/CZI-Payload-set-for-FlyCart-30-Product.jpg","datePublished":"2025-07-03T08:02:37+00:00","dateModified":"2026-04-29T14:30:04+00:00","breadcrumb":{"@id":"https:\/\/koningdrone.be\/product\/czi-payload-set-for-flycart-30\/#breadcrumb"},"inLanguage":"fr-BE","potentialAction":[{"@type":"ReadAction","target":["https:\/\/koningdrone.be\/product\/czi-payload-set-for-flycart-30\/"]}]},{"@type":"ImageObject","inLanguage":"fr-BE","@id":"https:\/\/koningdrone.be\/product\/czi-payload-set-for-flycart-30\/#primaryimage","url":"https:\/\/koningdrone.be\/wp-content\/uploads\/sites\/13\/2026\/03\/CZI-Payload-set-for-FlyCart-30-Product.jpg","contentUrl":"https:\/\/koningdrone.be\/wp-content\/uploads\/sites\/13\/2026\/03\/CZI-Payload-set-for-FlyCart-30-Product.jpg","width":2048,"height":2048},{"@type":"BreadcrumbList","@id":"https:\/\/koningdrone.be\/product\/czi-payload-set-for-flycart-30\/#breadcrumb","itemListElement":[{"@type":"ListItem","position":1,"name":"Home","item":"https:\/\/koningdrone.be\/"},{"@type":"ListItem","position":2,"name":"AVSS Parachute Recovery System for DJI Matrice 300\/350","item":"https:\/\/koningdrone.be\/product\/avss-parachute-recovery-system-for-dji-matrice-300-350\/"},{"@type":"ListItem","position":3,"name":"DJI FlyCart","item":"https:\/\/koningdrone.be\/categorie\/dji-flycart\/"},{"@type":"ListItem","position":4,"name":"CZI Payload set for FlyCart 30"}]},{"@type":"WebSite","@id":"https:\/\/koningdrone.be\/#website","url":"https:\/\/koningdrone.be\/","name":"Koningdrone.be - Votre sp\u00e9cialiste en ligne en mati\u00e8re de drones, de cardans, de cam\u00e9ras et de centrales \u00e9lectriques.","description":"La boutique en ligne de drones et de cardans","publisher":{"@id":"https:\/\/koningdrone.be\/#organization"},"potentialAction":[{"@type":"SearchAction","target":{"@type":"EntryPoint","urlTemplate":"https:\/\/koningdrone.be\/?s={search_term_string}"},"query-input":{"@type":"PropertyValueSpecification","valueRequired":true,"valueName":"search_term_string"}}],"inLanguage":"fr-BE"},{"@type":"Organization","@id":"https:\/\/koningdrone.be\/#organization","name":"Kingdrone.co.uk","url":"https:\/\/koningdrone.be\/","logo":{"@type":"ImageObject","inLanguage":"fr-BE","@id":"https:\/\/koningdrone.be\/#\/schema\/logo\/image\/","url":"https:\/\/koningdrone.be\/wp-content\/uploads\/sites\/13\/2025\/04\/koningdrone-copyright-logo.svg","contentUrl":"https:\/\/koningdrone.be\/wp-content\/uploads\/sites\/13\/2025\/04\/koningdrone-copyright-logo.svg","width":227,"height":38,"caption":"Koningdrone.be"},"image":{"@id":"https:\/\/koningdrone.be\/#\/schema\/logo\/image\/"}}]}},"df_price":8013.83,"df_sale_price":"","df_regular_price":8013.83,"df_image_link":"https:\/\/koningdrone.be\/wp-content\/uploads\/sites\/13\/2026\/03\/CZI-Payload-set-for-FlyCart-30-Product-300x300.jpg","_links":{"self":[{"href":"https:\/\/koningdrone.be\/fr\/wp-json\/wp\/v2\/product\/14748","targetHints":{"allow":["GET"]}}],"collection":[{"href":"https:\/\/koningdrone.be\/fr\/wp-json\/wp\/v2\/product"}],"about":[{"href":"https:\/\/koningdrone.be\/fr\/wp-json\/wp\/v2\/types\/product"}],"wp:featuredmedia":[{"embeddable":true,"href":"https:\/\/koningdrone.be\/fr\/wp-json\/wp\/v2\/media\/17358"}],"wp:attachment":[{"href":"https:\/\/koningdrone.be\/fr\/wp-json\/wp\/v2\/media?parent=14748"}],"wp:term":[{"taxonomy":"product_brand","embeddable":true,"href":"https:\/\/koningdrone.be\/fr\/wp-json\/wp\/v2\/product_brand?post=14748"},{"taxonomy":"product_cat","embeddable":true,"href":"https:\/\/koningdrone.be\/fr\/wp-json\/wp\/v2\/product_cat?post=14748"},{"taxonomy":"product_tag","embeddable":true,"href":"https:\/\/koningdrone.be\/fr\/wp-json\/wp\/v2\/product_tag?post=14748"}],"curies":[{"name":"wp","href":"https:\/\/api.w.org\/{rel}","templated":true}]}}