{"id":14746,"date":"2025-07-03T10:02:37","date_gmt":"2025-07-03T08:02:37","guid":{"rendered":"https:\/\/koningdrone.be\/product\/hprc-6500w-for-dji-d-rtk3\/"},"modified":"2026-04-29T04:30:29","modified_gmt":"2026-04-29T02:30:29","slug":"hprc-6500w-for-dji-d-rtk3","status":"publish","type":"product","link":"https:\/\/koningdrone.be\/fr\/produit\/hprc-6500w-for-dji-d-rtk3\/","title":{"rendered":"HPRC 6500W POUR DJI D-RTK3"},"content":{"rendered":"<h3>HPRC 6500W POUR DJI D-RTK3<\/h3>\n<p><iframe loading=\"lazy\" title=\"Station multifonctionnelle D-RTK 3 - Premi\u00e8re utilisation\" width=\"800\" height=\"450\" src=\"https:\/\/www.youtube.com\/embed\/RCYX3K5LSXo?feature=oembed&#038;enablejsapi=1&#038;origin=https:\/\/koningdrone.be\" frameborder=\"0\" allow=\"accelerometer; autoplay; clipboard-write; encrypted-media; gyroscope; picture-in-picture; web-share\" referrerpolicy=\"strict-origin-when-cross-origin\" allowfullscreen><\/iframe><\/p>\n<p style=\"margin-top: 20px\">La HPRC 6500W pour DJI D-RTK 3 est une valise de transport professionnelle sp\u00e9cialement con\u00e7ue pour transporter et prot\u00e9ger en toute s\u00e9curit\u00e9 la station multifonction DJI D-RTK 3. Cette valise robuste est id\u00e9ale pour les professionnels des secteurs tels que l'arpentage, l'agriculture, l'inspection et les op\u00e9rations de sauvetage. Gr\u00e2ce \u00e0 son design intelligent et \u00e0 son int\u00e9rieur personnalis\u00e9, tous les composants restent parfaitement organis\u00e9s et prot\u00e9g\u00e9s pendant le transport.<\/p>\n<p style=\"margin-bottom: 20px\">Que vous travailliez dans des conditions m\u00e9t\u00e9orologiques difficiles ou dans des lieux isol\u00e9s, cette mallette offre une fiabilit\u00e9 et une s\u00e9curit\u00e9 maximales pour votre \u00e9quipement de valeur.<\/p>\n<p><a href=\"https:\/\/koningdrone.nl\/wp-content\/uploads\/2025\/07\/HPRC-6500W-FOR-DJI-D-RTK3.webp\"><img loading=\"lazy\" decoding=\"async\" class=\"aligncenter wp-image-471128 size-full\" src=\"https:\/\/koningdrone.nl\/wp-content\/uploads\/2025\/07\/HPRC-6500W-FOR-DJI-D-RTK3.webp\" alt=\"HPRC 6500W FOR DJI D-RTK3\" width=\"1200\" height=\"800\" \/><\/a><\/p>\n<h4>Performance et fonctionnalit\u00e9<\/h4>\n<p>De koffer is vervaardigd uit hoogwaardig TTX01\u00ae hars en is IP67-gecertificeerd, wat betekent dat hij volledig waterdicht en stofdicht is. Hierdoor blijft je DJI D-RTK 3 optimaal beschermd tegen regen, stof, modder en schokken.<\/p>\n<p>De op maat gesneden schuiminterieur zorgt ervoor dat de D-RTK 3, antennes, kabels en accessoires stevig op hun plaats blijven, waardoor beweging en schade tijdens transport worden voorkomen. Daarnaast beschikt de koffer over een tweestaps vergrendelingssysteem dat voorkomt dat de koffer onverwacht opent, zelfs bij vallen of stoten.<\/p>\n<h4>Qualit\u00e9 de construction et conception<\/h4>\n<p>De HPRC 6500W is gebouwd met duurzaamheid als prioriteit. De stevige harsconstructie biedt uitstekende weerstand tegen impact, corrosie en extreme weersomstandigheden. De ergonomische handgreep met stalen pin zorgt voor comfortabel en veilig transport, zelfs bij intensief gebruik.<\/p>\n<p>Daarnaast is de koffer uitgerust met wielen, waardoor hij eenvoudig te verplaatsen is, zelfs wanneer hij volledig beladen is. Het interne ontwerp is geoptimaliseerd om meerdere accessoires overzichtelijk en veilig op te bergen.<\/p>\n<p><a href=\"https:\/\/koningdrone.nl\/wp-content\/uploads\/2025\/07\/HPRC-6500W-FOR-Product-DJI-D-RTK3.webp\"><img loading=\"lazy\" decoding=\"async\" class=\"size-medium wp-image-471125 aligncenter\" src=\"https:\/\/koningdrone.nl\/wp-content\/uploads\/2025\/07\/HPRC-6500W-FOR-Product-DJI-D-RTK3-300x300.webp\" alt=\"HPRC 6500W FOR Product DJI D-RTK3\" width=\"300\" height=\"300\" \/><\/a><\/p>\n<h4>Pourquoi vous en avez besoin ?<\/h4>\n<p>Lorsque vous travaillez avec le DJI D-RTK 3, une protection fiable est essentielle. Cette mallette garantit que votre \u00e9quipement reste en s\u00e9curit\u00e9, organis\u00e9 et pr\u00eat \u00e0 l'emploi, quelles que soient les conditions. Un investissement essentiel pour les professionnels qui ont besoin d'une protection et d'une mobilit\u00e9 maximales.<\/p>","protected":false},"excerpt":{"rendered":"<ul>\n<li>Protection IP67 contre l'eau et la poussi\u00e8re dans des conditions extr\u00eames<\/li>\n<li>Fabriqu\u00e9 en r\u00e9sine TTX01\u00ae r\u00e9sistante aux chocs pour une durabilit\u00e9 maximale<\/li>\n<li>Mousse sur mesure pour un ajustement et une protection parfaits<\/li>\n<li>Syst\u00e8me de verrouillage s\u00fbr en deux \u00e9tapes contre l'ouverture inopin\u00e9e<\/li>\n<li>Roues et poign\u00e9e ergonomique pour un transport facile<\/li>\n<\/ul>","protected":false},"featured_media":18095,"template":"","meta":{"_acf_changed":false},"product_brand":[],"product_cat":[1775],"product_tag":[],"class_list":{"0":"post-14746","1":"product","2":"type-product","3":"status-publish","4":"has-post-thumbnail","6":"product_cat-dji-d-rtk-3","7":"product_shipping_class-dronelandall","8":"pa_brand-hprc","9":"pa_producttype-transportkoffer","11":"first","12":"instock","13":"taxable","14":"shipping-taxable","15":"purchasable","16":"product-type-simple"},"acf":[],"yoast_head":"<!-- This site is optimized with the Yoast SEO Premium plugin v27.2 (Yoast SEO v27.2) - https:\/\/yoast.com\/product\/yoast-seo-premium-wordpress\/ -->\n<title>HPRC 6500W FOR DJI D-RTK3 - koningdrone.be<\/title>\n<meta name=\"robots\" content=\"index, follow, max-snippet:-1, max-image-preview:large, max-video-preview:-1\" \/>\n<link rel=\"canonical\" href=\"https:\/\/koningdrone.be\/fr\/produit\/hprc-6500w-for-dji-d-rtk3\/\" \/>\n<meta property=\"og:locale\" content=\"fr_FR\" \/>\n<meta property=\"og:type\" content=\"article\" \/>\n<meta property=\"og:title\" content=\"HPRC 6500W FOR DJI D-RTK3\" \/>\n<meta property=\"og:description\" content=\"IP67 water- en stofdichte bescherming voor extreme omstandigheden  Gemaakt van slagvast TTX01\u00ae hars voor maximale duurzaamheid  Op maat gesneden schuim voor perfecte pasvorm en bescherming  Veilig tweestaps sluitsysteem tegen onverwacht openen  Met wielen en ergonomische handgreep voor eenvoudig transport\" \/>\n<meta property=\"og:url\" content=\"https:\/\/koningdrone.be\/fr\/produit\/hprc-6500w-for-dji-d-rtk3\/\" \/>\n<meta property=\"og:site_name\" content=\"koningdrone.be\" \/>\n<meta property=\"article:modified_time\" content=\"2026-04-29T02:30:29+00:00\" \/>\n<meta property=\"og:image\" content=\"https:\/\/koningdrone.be\/wp-content\/uploads\/sites\/13\/2026\/03\/DJI-D-RTK3-HPRC-6500W-Product.webp\" \/>\n\t<meta property=\"og:image:width\" content=\"2048\" \/>\n\t<meta property=\"og:image:height\" content=\"2048\" \/>\n\t<meta property=\"og:image:type\" content=\"image\/webp\" \/>\n<meta name=\"twitter:card\" content=\"summary_large_image\" \/>\n<meta name=\"twitter:label1\" content=\"Dur\u00e9e de lecture est.\" \/>\n\t<meta name=\"twitter:data1\" content=\"2 minutes\" \/>\n<script type=\"application\/ld+json\" class=\"yoast-schema-graph\">{\"@context\":\"https:\/\/schema.org\",\"@graph\":[{\"@type\":\"WebPage\",\"@id\":\"https:\/\/koningdrone.be\/product\/hprc-6500w-for-dji-d-rtk3\/\",\"url\":\"https:\/\/koningdrone.be\/product\/hprc-6500w-for-dji-d-rtk3\/\",\"name\":\"HPRC 6500W FOR DJI D-RTK3 - koningdrone.be\",\"isPartOf\":{\"@id\":\"https:\/\/koningdrone.be\/#website\"},\"primaryImageOfPage\":{\"@id\":\"https:\/\/koningdrone.be\/product\/hprc-6500w-for-dji-d-rtk3\/#primaryimage\"},\"image\":{\"@id\":\"https:\/\/koningdrone.be\/product\/hprc-6500w-for-dji-d-rtk3\/#primaryimage\"},\"thumbnailUrl\":\"https:\/\/koningdrone.be\/wp-content\/uploads\/sites\/13\/2026\/03\/DJI-D-RTK3-HPRC-6500W-Product.webp\",\"datePublished\":\"2025-07-03T08:02:37+00:00\",\"dateModified\":\"2026-04-29T02:30:29+00:00\",\"breadcrumb\":{\"@id\":\"https:\/\/koningdrone.be\/product\/hprc-6500w-for-dji-d-rtk3\/#breadcrumb\"},\"inLanguage\":\"fr-BE\",\"potentialAction\":[{\"@type\":\"ReadAction\",\"target\":[\"https:\/\/koningdrone.be\/product\/hprc-6500w-for-dji-d-rtk3\/\"]}]},{\"@type\":\"ImageObject\",\"inLanguage\":\"fr-BE\",\"@id\":\"https:\/\/koningdrone.be\/product\/hprc-6500w-for-dji-d-rtk3\/#primaryimage\",\"url\":\"https:\/\/koningdrone.be\/wp-content\/uploads\/sites\/13\/2026\/03\/DJI-D-RTK3-HPRC-6500W-Product.webp\",\"contentUrl\":\"https:\/\/koningdrone.be\/wp-content\/uploads\/sites\/13\/2026\/03\/DJI-D-RTK3-HPRC-6500W-Product.webp\",\"width\":2048,\"height\":2048},{\"@type\":\"BreadcrumbList\",\"@id\":\"https:\/\/koningdrone.be\/product\/hprc-6500w-for-dji-d-rtk3\/#breadcrumb\",\"itemListElement\":[{\"@type\":\"ListItem\",\"position\":1,\"name\":\"Home\",\"item\":\"https:\/\/koningdrone.be\/\"},{\"@type\":\"ListItem\",\"position\":2,\"name\":\"AVSS Parachute Recovery System for DJI Matrice 300\/350\",\"item\":\"https:\/\/koningdrone.be\/product\/avss-parachute-recovery-system-for-dji-matrice-300-350\/\"},{\"@type\":\"ListItem\",\"position\":3,\"name\":\"DJI D-RTK 3\",\"item\":\"https:\/\/koningdrone.be\/categorie\/dji-d-rtk-3\/\"},{\"@type\":\"ListItem\",\"position\":4,\"name\":\"HPRC 6500W FOR DJI D-RTK3\"}]},{\"@type\":\"WebSite\",\"@id\":\"https:\/\/koningdrone.be\/#website\",\"url\":\"https:\/\/koningdrone.be\/\",\"name\":\"Koningdrone.be - Uw online specialist in drones, gimbals, camera's en power stations.\",\"description\":\"De webshop in drones en gimbals\",\"publisher\":{\"@id\":\"https:\/\/koningdrone.be\/#organization\"},\"potentialAction\":[{\"@type\":\"SearchAction\",\"target\":{\"@type\":\"EntryPoint\",\"urlTemplate\":\"https:\/\/koningdrone.be\/?s={search_term_string}\"},\"query-input\":{\"@type\":\"PropertyValueSpecification\",\"valueRequired\":true,\"valueName\":\"search_term_string\"}}],\"inLanguage\":\"fr-BE\"},{\"@type\":\"Organization\",\"@id\":\"https:\/\/koningdrone.be\/#organization\",\"name\":\"Koningdrone.be\",\"url\":\"https:\/\/koningdrone.be\/\",\"logo\":{\"@type\":\"ImageObject\",\"inLanguage\":\"fr-BE\",\"@id\":\"https:\/\/koningdrone.be\/#\/schema\/logo\/image\/\",\"url\":\"https:\/\/koningdrone.be\/wp-content\/uploads\/sites\/13\/2025\/04\/koningdrone-copyright-logo.svg\",\"contentUrl\":\"https:\/\/koningdrone.be\/wp-content\/uploads\/sites\/13\/2025\/04\/koningdrone-copyright-logo.svg\",\"width\":227,\"height\":38,\"caption\":\"Koningdrone.be\"},\"image\":{\"@id\":\"https:\/\/koningdrone.be\/#\/schema\/logo\/image\/\"}}]}<\/script>\n<!-- \/ Yoast SEO Premium plugin. -->","yoast_head_json":{"title":"HPRC 6500W FOR DJI D-RTK3 - koningdrone.be","robots":{"index":"index","follow":"follow","max-snippet":"max-snippet:-1","max-image-preview":"max-image-preview:large","max-video-preview":"max-video-preview:-1"},"canonical":"https:\/\/koningdrone.be\/fr\/produit\/hprc-6500w-for-dji-d-rtk3\/","og_locale":"fr_FR","og_type":"article","og_title":"HPRC 6500W FOR DJI D-RTK3","og_description":"IP67 water- en stofdichte bescherming voor extreme omstandigheden  Gemaakt van slagvast TTX01\u00ae hars voor maximale duurzaamheid  Op maat gesneden schuim voor perfecte pasvorm en bescherming  Veilig tweestaps sluitsysteem tegen onverwacht openen  Met wielen en ergonomische handgreep voor eenvoudig transport","og_url":"https:\/\/koningdrone.be\/fr\/produit\/hprc-6500w-for-dji-d-rtk3\/","og_site_name":"koningdrone.be","article_modified_time":"2026-04-29T02:30:29+00:00","og_image":[{"width":2048,"height":2048,"url":"https:\/\/koningdrone.be\/wp-content\/uploads\/sites\/13\/2026\/03\/DJI-D-RTK3-HPRC-6500W-Product.webp","type":"image\/webp"}],"twitter_card":"summary_large_image","twitter_misc":{"Dur\u00e9e de lecture est.":"2 minutes"},"schema":{"@context":"https:\/\/schema.org","@graph":[{"@type":"WebPage","@id":"https:\/\/koningdrone.be\/product\/hprc-6500w-for-dji-d-rtk3\/","url":"https:\/\/koningdrone.be\/product\/hprc-6500w-for-dji-d-rtk3\/","name":"HPRC 6500W FOR DJI D-RTK3 - koningdrone.be","isPartOf":{"@id":"https:\/\/koningdrone.be\/#website"},"primaryImageOfPage":{"@id":"https:\/\/koningdrone.be\/product\/hprc-6500w-for-dji-d-rtk3\/#primaryimage"},"image":{"@id":"https:\/\/koningdrone.be\/product\/hprc-6500w-for-dji-d-rtk3\/#primaryimage"},"thumbnailUrl":"https:\/\/koningdrone.be\/wp-content\/uploads\/sites\/13\/2026\/03\/DJI-D-RTK3-HPRC-6500W-Product.webp","datePublished":"2025-07-03T08:02:37+00:00","dateModified":"2026-04-29T02:30:29+00:00","breadcrumb":{"@id":"https:\/\/koningdrone.be\/product\/hprc-6500w-for-dji-d-rtk3\/#breadcrumb"},"inLanguage":"fr-BE","potentialAction":[{"@type":"ReadAction","target":["https:\/\/koningdrone.be\/product\/hprc-6500w-for-dji-d-rtk3\/"]}]},{"@type":"ImageObject","inLanguage":"fr-BE","@id":"https:\/\/koningdrone.be\/product\/hprc-6500w-for-dji-d-rtk3\/#primaryimage","url":"https:\/\/koningdrone.be\/wp-content\/uploads\/sites\/13\/2026\/03\/DJI-D-RTK3-HPRC-6500W-Product.webp","contentUrl":"https:\/\/koningdrone.be\/wp-content\/uploads\/sites\/13\/2026\/03\/DJI-D-RTK3-HPRC-6500W-Product.webp","width":2048,"height":2048},{"@type":"BreadcrumbList","@id":"https:\/\/koningdrone.be\/product\/hprc-6500w-for-dji-d-rtk3\/#breadcrumb","itemListElement":[{"@type":"ListItem","position":1,"name":"Home","item":"https:\/\/koningdrone.be\/"},{"@type":"ListItem","position":2,"name":"AVSS Parachute Recovery System for DJI Matrice 300\/350","item":"https:\/\/koningdrone.be\/product\/avss-parachute-recovery-system-for-dji-matrice-300-350\/"},{"@type":"ListItem","position":3,"name":"DJI D-RTK 3","item":"https:\/\/koningdrone.be\/categorie\/dji-d-rtk-3\/"},{"@type":"ListItem","position":4,"name":"HPRC 6500W FOR DJI D-RTK3"}]},{"@type":"WebSite","@id":"https:\/\/koningdrone.be\/#website","url":"https:\/\/koningdrone.be\/","name":"Koningdrone.be - Votre sp\u00e9cialiste en ligne en mati\u00e8re de drones, de cardans, de cam\u00e9ras et de centrales \u00e9lectriques.","description":"La boutique en ligne de drones et de cardans","publisher":{"@id":"https:\/\/koningdrone.be\/#organization"},"potentialAction":[{"@type":"SearchAction","target":{"@type":"EntryPoint","urlTemplate":"https:\/\/koningdrone.be\/?s={search_term_string}"},"query-input":{"@type":"PropertyValueSpecification","valueRequired":true,"valueName":"search_term_string"}}],"inLanguage":"fr-BE"},{"@type":"Organization","@id":"https:\/\/koningdrone.be\/#organization","name":"Kingdrone.co.uk","url":"https:\/\/koningdrone.be\/","logo":{"@type":"ImageObject","inLanguage":"fr-BE","@id":"https:\/\/koningdrone.be\/#\/schema\/logo\/image\/","url":"https:\/\/koningdrone.be\/wp-content\/uploads\/sites\/13\/2025\/04\/koningdrone-copyright-logo.svg","contentUrl":"https:\/\/koningdrone.be\/wp-content\/uploads\/sites\/13\/2025\/04\/koningdrone-copyright-logo.svg","width":227,"height":38,"caption":"Koningdrone.be"},"image":{"@id":"https:\/\/koningdrone.be\/#\/schema\/logo\/image\/"}}]}},"df_price":781,"df_sale_price":"","df_regular_price":781,"df_image_link":"https:\/\/koningdrone.be\/wp-content\/uploads\/sites\/13\/2026\/03\/DJI-D-RTK3-HPRC-6500W-Product-300x300.webp","_links":{"self":[{"href":"https:\/\/koningdrone.be\/fr\/wp-json\/wp\/v2\/product\/14746","targetHints":{"allow":["GET"]}}],"collection":[{"href":"https:\/\/koningdrone.be\/fr\/wp-json\/wp\/v2\/product"}],"about":[{"href":"https:\/\/koningdrone.be\/fr\/wp-json\/wp\/v2\/types\/product"}],"wp:featuredmedia":[{"embeddable":true,"href":"https:\/\/koningdrone.be\/fr\/wp-json\/wp\/v2\/media\/18095"}],"wp:attachment":[{"href":"https:\/\/koningdrone.be\/fr\/wp-json\/wp\/v2\/media?parent=14746"}],"wp:term":[{"taxonomy":"product_brand","embeddable":true,"href":"https:\/\/koningdrone.be\/fr\/wp-json\/wp\/v2\/product_brand?post=14746"},{"taxonomy":"product_cat","embeddable":true,"href":"https:\/\/koningdrone.be\/fr\/wp-json\/wp\/v2\/product_cat?post=14746"},{"taxonomy":"product_tag","embeddable":true,"href":"https:\/\/koningdrone.be\/fr\/wp-json\/wp\/v2\/product_tag?post=14746"}],"curies":[{"name":"wp","href":"https:\/\/api.w.org\/{rel}","templated":true}]}}