{"id":14652,"date":"2025-07-03T10:04:29","date_gmt":"2025-07-03T08:04:29","guid":{"rendered":"https:\/\/koningdrone.be\/product\/bike-tail-mount-kit-2\/"},"modified":"2025-07-03T10:04:29","modified_gmt":"2025-07-03T08:04:29","slug":"bike-tail-mount-kit-2","status":"publish","type":"product","link":"https:\/\/koningdrone.be\/fr\/produit\/bike-tail-mount-kit-2\/","title":{"rendered":"Kit de montage arri\u00e8re pour v\u00e9lo"},"content":{"rendered":"<p>Ce kit de montage arri\u00e8re pour v\u00e9lo permet de r\u00e9aliser des prises de vue immersives \u00e0 la troisi\u00e8me personne en le fixant solidement \u00e0 la selle ou \u00e0 la tige de selle de votre v\u00e9lo. Fabriqu\u00e9 en aluminium, plastique et silicone durables, il maintient votre appareil photo stable m\u00eame \u00e0 grande vitesse. La rotule r\u00e9glable et les multiples fixations vous permettent d'ajuster pr\u00e9cis\u00e9ment les angles et de capturer des perspectives dynamiques. Il est livr\u00e9 avec des adaptateurs pour la tige de selle et le selfie stick et offre une grande polyvalence dans le cadrage. L'installation facile et outill\u00e9e garantit un ajustement fiable, ce qui rend ce kit id\u00e9al pour le cyclisme sur route. Con\u00e7u pour les surfaces lisses et les vitesses allant jusqu'\u00e0 60 km\/h, il offre aux cr\u00e9ateurs de nouvelles options de narration visuelle.<\/p>","protected":false},"excerpt":{"rendered":"<ul>\n<li>Permet des prises de vue immersives \u00e0 la troisi\u00e8me personne et sous le si\u00e8ge.<\/li>\n<li>Construction solide en alliage d'aluminium avec support en silicone.<\/li>\n<li>Angle r\u00e9glable pour un cadrage pr\u00e9cis.<\/li>\n<li>Plusieurs pinces pour une plus grande stabilit\u00e9.<\/li>\n<li>Installation facile avec la cl\u00e9 Allen fournie.<\/li>\n<li>Optimis\u00e9 pour des vitesses de v\u00e9lo de route jusqu'\u00e0 60 km\/h.<\/li>\n<\/ul>","protected":false},"featured_media":14647,"template":"","meta":{"_acf_changed":false},"product_brand":[],"product_cat":[58],"product_tag":[],"class_list":{"0":"post-14652","1":"product","2":"type-product","3":"status-publish","4":"has-post-thumbnail","6":"product_cat-uncategorized","7":"pa_brand-insta360","8":"pa_producttype-montageset-achterklep-achterzadel","10":"first","11":"outofstock","12":"taxable","13":"shipping-taxable","14":"product-type-simple"},"acf":[],"yoast_head":"<!-- This site is optimized with the Yoast SEO Premium plugin v27.2 (Yoast SEO v27.2) - https:\/\/yoast.com\/product\/yoast-seo-premium-wordpress\/ -->\n<title>Bike Tail Mount Kit - koningdrone.be<\/title>\n<meta name=\"robots\" content=\"index, follow, max-snippet:-1, max-image-preview:large, max-video-preview:-1\" \/>\n<link rel=\"canonical\" href=\"https:\/\/koningdrone.be\/fr\/produkt\/bike-tail-mount-kit-2\/\" \/>\n<meta property=\"og:locale\" content=\"fr_FR\" \/>\n<meta property=\"og:type\" content=\"article\" \/>\n<meta property=\"og:title\" content=\"Bike Tail Mount Kit\" \/>\n<meta property=\"og:description\" content=\"Maakt meeslepende actieopnamen vanuit de derde persoon en onder de stoel mogelijk. Sterke constructie van aluminiumlegering met siliconen ondersteuning. Verstelbare hoek voor nauwkeurige kadrering. Meerdere klemmen voor meer stabiliteit. Eenvoudige installatie met meegeleverd inbussleutelgereedschap. Geoptimaliseerd voor wegfietssnelheden tot 60 km\/u.\" \/>\n<meta property=\"og:url\" content=\"https:\/\/koningdrone.be\/fr\/produkt\/bike-tail-mount-kit-2\/\" \/>\n<meta property=\"og:site_name\" content=\"koningdrone.be\" \/>\n<meta property=\"og:image\" content=\"https:\/\/koningdrone.be\/wp-content\/uploads\/sites\/13\/2025\/08\/AV01-1.webp\" \/>\n\t<meta property=\"og:image:width\" content=\"2000\" \/>\n\t<meta property=\"og:image:height\" content=\"2000\" \/>\n\t<meta property=\"og:image:type\" content=\"image\/webp\" \/>\n<meta name=\"twitter:card\" content=\"summary_large_image\" \/>\n<meta name=\"twitter:label1\" content=\"Dur\u00e9e de lecture est.\" \/>\n\t<meta name=\"twitter:data1\" content=\"1 minute\" \/>\n<script type=\"application\/ld+json\" class=\"yoast-schema-graph\">{\"@context\":\"https:\/\/schema.org\",\"@graph\":[{\"@type\":\"WebPage\",\"@id\":\"https:\/\/koningdrone.be\/de\/produkt\/bike-tail-mount-kit-2\/\",\"url\":\"https:\/\/koningdrone.be\/de\/produkt\/bike-tail-mount-kit-2\/\",\"name\":\"Bike Tail Mount Kit - koningdrone.be\",\"isPartOf\":{\"@id\":\"https:\/\/koningdrone.be\/#website\"},\"primaryImageOfPage\":{\"@id\":\"https:\/\/koningdrone.be\/de\/produkt\/bike-tail-mount-kit-2\/#primaryimage\"},\"image\":{\"@id\":\"https:\/\/koningdrone.be\/de\/produkt\/bike-tail-mount-kit-2\/#primaryimage\"},\"thumbnailUrl\":\"https:\/\/koningdrone.be\/wp-content\/uploads\/sites\/13\/2025\/08\/AV01-1.webp\",\"datePublished\":\"2025-07-03T08:04:29+00:00\",\"breadcrumb\":{\"@id\":\"https:\/\/koningdrone.be\/de\/produkt\/bike-tail-mount-kit-2\/#breadcrumb\"},\"inLanguage\":\"fr-BE\",\"potentialAction\":[{\"@type\":\"ReadAction\",\"target\":[\"https:\/\/koningdrone.be\/de\/produkt\/bike-tail-mount-kit-2\/\"]}]},{\"@type\":\"ImageObject\",\"inLanguage\":\"fr-BE\",\"@id\":\"https:\/\/koningdrone.be\/de\/produkt\/bike-tail-mount-kit-2\/#primaryimage\",\"url\":\"https:\/\/koningdrone.be\/wp-content\/uploads\/sites\/13\/2025\/08\/AV01-1.webp\",\"contentUrl\":\"https:\/\/koningdrone.be\/wp-content\/uploads\/sites\/13\/2025\/08\/AV01-1.webp\",\"width\":2000,\"height\":2000},{\"@type\":\"BreadcrumbList\",\"@id\":\"https:\/\/koningdrone.be\/de\/produkt\/bike-tail-mount-kit-2\/#breadcrumb\",\"itemListElement\":[{\"@type\":\"ListItem\",\"position\":1,\"name\":\"Home\",\"item\":\"https:\/\/koningdrone.be\/\"},{\"@type\":\"ListItem\",\"position\":2,\"name\":\"AVSS Parachute Recovery System for DJI Matrice 300\/350\",\"item\":\"https:\/\/koningdrone.be\/product\/avss-parachute-recovery-system-for-dji-matrice-300-350\/\"},{\"@type\":\"ListItem\",\"position\":3,\"name\":\"Uncategorized\",\"item\":\"https:\/\/koningdrone.be\/categorie\/uncategorized\/\"},{\"@type\":\"ListItem\",\"position\":4,\"name\":\"Bike Tail Mount Kit\"}]},{\"@type\":\"WebSite\",\"@id\":\"https:\/\/koningdrone.be\/#website\",\"url\":\"https:\/\/koningdrone.be\/\",\"name\":\"Koningdrone.be - Uw online specialist in drones, gimbals, camera's en power stations.\",\"description\":\"De webshop in drones en gimbals\",\"publisher\":{\"@id\":\"https:\/\/koningdrone.be\/#organization\"},\"potentialAction\":[{\"@type\":\"SearchAction\",\"target\":{\"@type\":\"EntryPoint\",\"urlTemplate\":\"https:\/\/koningdrone.be\/?s={search_term_string}\"},\"query-input\":{\"@type\":\"PropertyValueSpecification\",\"valueRequired\":true,\"valueName\":\"search_term_string\"}}],\"inLanguage\":\"fr-BE\"},{\"@type\":\"Organization\",\"@id\":\"https:\/\/koningdrone.be\/#organization\",\"name\":\"Koningdrone.be\",\"url\":\"https:\/\/koningdrone.be\/\",\"logo\":{\"@type\":\"ImageObject\",\"inLanguage\":\"fr-BE\",\"@id\":\"https:\/\/koningdrone.be\/#\/schema\/logo\/image\/\",\"url\":\"https:\/\/koningdrone.be\/wp-content\/uploads\/sites\/13\/2025\/04\/koningdrone-copyright-logo.svg\",\"contentUrl\":\"https:\/\/koningdrone.be\/wp-content\/uploads\/sites\/13\/2025\/04\/koningdrone-copyright-logo.svg\",\"width\":227,\"height\":38,\"caption\":\"Koningdrone.be\"},\"image\":{\"@id\":\"https:\/\/koningdrone.be\/#\/schema\/logo\/image\/\"}}]}<\/script>\n<!-- \/ Yoast SEO Premium plugin. -->","yoast_head_json":{"title":"Bike Tail Mount Kit - koningdrone.be","robots":{"index":"index","follow":"follow","max-snippet":"max-snippet:-1","max-image-preview":"max-image-preview:large","max-video-preview":"max-video-preview:-1"},"canonical":"https:\/\/koningdrone.be\/fr\/produkt\/bike-tail-mount-kit-2\/","og_locale":"fr_FR","og_type":"article","og_title":"Bike Tail Mount Kit","og_description":"Maakt meeslepende actieopnamen vanuit de derde persoon en onder de stoel mogelijk. Sterke constructie van aluminiumlegering met siliconen ondersteuning. Verstelbare hoek voor nauwkeurige kadrering. Meerdere klemmen voor meer stabiliteit. Eenvoudige installatie met meegeleverd inbussleutelgereedschap. Geoptimaliseerd voor wegfietssnelheden tot 60 km\/u.","og_url":"https:\/\/koningdrone.be\/fr\/produkt\/bike-tail-mount-kit-2\/","og_site_name":"koningdrone.be","og_image":[{"width":2000,"height":2000,"url":"https:\/\/koningdrone.be\/wp-content\/uploads\/sites\/13\/2025\/08\/AV01-1.webp","type":"image\/webp"}],"twitter_card":"summary_large_image","twitter_misc":{"Dur\u00e9e de lecture est.":"1 minute"},"schema":{"@context":"https:\/\/schema.org","@graph":[{"@type":"WebPage","@id":"https:\/\/koningdrone.be\/de\/produkt\/bike-tail-mount-kit-2\/","url":"https:\/\/koningdrone.be\/de\/produkt\/bike-tail-mount-kit-2\/","name":"Bike Tail Mount Kit - koningdrone.be","isPartOf":{"@id":"https:\/\/koningdrone.be\/#website"},"primaryImageOfPage":{"@id":"https:\/\/koningdrone.be\/de\/produkt\/bike-tail-mount-kit-2\/#primaryimage"},"image":{"@id":"https:\/\/koningdrone.be\/de\/produkt\/bike-tail-mount-kit-2\/#primaryimage"},"thumbnailUrl":"https:\/\/koningdrone.be\/wp-content\/uploads\/sites\/13\/2025\/08\/AV01-1.webp","datePublished":"2025-07-03T08:04:29+00:00","breadcrumb":{"@id":"https:\/\/koningdrone.be\/de\/produkt\/bike-tail-mount-kit-2\/#breadcrumb"},"inLanguage":"fr-BE","potentialAction":[{"@type":"ReadAction","target":["https:\/\/koningdrone.be\/de\/produkt\/bike-tail-mount-kit-2\/"]}]},{"@type":"ImageObject","inLanguage":"fr-BE","@id":"https:\/\/koningdrone.be\/de\/produkt\/bike-tail-mount-kit-2\/#primaryimage","url":"https:\/\/koningdrone.be\/wp-content\/uploads\/sites\/13\/2025\/08\/AV01-1.webp","contentUrl":"https:\/\/koningdrone.be\/wp-content\/uploads\/sites\/13\/2025\/08\/AV01-1.webp","width":2000,"height":2000},{"@type":"BreadcrumbList","@id":"https:\/\/koningdrone.be\/de\/produkt\/bike-tail-mount-kit-2\/#breadcrumb","itemListElement":[{"@type":"ListItem","position":1,"name":"Home","item":"https:\/\/koningdrone.be\/"},{"@type":"ListItem","position":2,"name":"AVSS Parachute Recovery System for DJI Matrice 300\/350","item":"https:\/\/koningdrone.be\/product\/avss-parachute-recovery-system-for-dji-matrice-300-350\/"},{"@type":"ListItem","position":3,"name":"Uncategorized","item":"https:\/\/koningdrone.be\/categorie\/uncategorized\/"},{"@type":"ListItem","position":4,"name":"Bike Tail Mount Kit"}]},{"@type":"WebSite","@id":"https:\/\/koningdrone.be\/#website","url":"https:\/\/koningdrone.be\/","name":"Koningdrone.be - Votre sp\u00e9cialiste en ligne en mati\u00e8re de drones, de cardans, de cam\u00e9ras et de centrales \u00e9lectriques.","description":"La boutique en ligne de drones et de cardans","publisher":{"@id":"https:\/\/koningdrone.be\/#organization"},"potentialAction":[{"@type":"SearchAction","target":{"@type":"EntryPoint","urlTemplate":"https:\/\/koningdrone.be\/?s={search_term_string}"},"query-input":{"@type":"PropertyValueSpecification","valueRequired":true,"valueName":"search_term_string"}}],"inLanguage":"fr-BE"},{"@type":"Organization","@id":"https:\/\/koningdrone.be\/#organization","name":"Kingdrone.co.uk","url":"https:\/\/koningdrone.be\/","logo":{"@type":"ImageObject","inLanguage":"fr-BE","@id":"https:\/\/koningdrone.be\/#\/schema\/logo\/image\/","url":"https:\/\/koningdrone.be\/wp-content\/uploads\/sites\/13\/2025\/04\/koningdrone-copyright-logo.svg","contentUrl":"https:\/\/koningdrone.be\/wp-content\/uploads\/sites\/13\/2025\/04\/koningdrone-copyright-logo.svg","width":227,"height":38,"caption":"Koningdrone.be"},"image":{"@id":"https:\/\/koningdrone.be\/#\/schema\/logo\/image\/"}}]}},"df_price":"","df_sale_price":"","df_regular_price":"","df_image_link":"https:\/\/koningdrone.be\/wp-content\/uploads\/sites\/13\/2025\/08\/AV01-1-300x300.webp","_links":{"self":[{"href":"https:\/\/koningdrone.be\/fr\/wp-json\/wp\/v2\/product\/14652","targetHints":{"allow":["GET"]}}],"collection":[{"href":"https:\/\/koningdrone.be\/fr\/wp-json\/wp\/v2\/product"}],"about":[{"href":"https:\/\/koningdrone.be\/fr\/wp-json\/wp\/v2\/types\/product"}],"wp:featuredmedia":[{"embeddable":true,"href":"https:\/\/koningdrone.be\/fr\/wp-json\/wp\/v2\/media\/14647"}],"wp:attachment":[{"href":"https:\/\/koningdrone.be\/fr\/wp-json\/wp\/v2\/media?parent=14652"}],"wp:term":[{"taxonomy":"product_brand","embeddable":true,"href":"https:\/\/koningdrone.be\/fr\/wp-json\/wp\/v2\/product_brand?post=14652"},{"taxonomy":"product_cat","embeddable":true,"href":"https:\/\/koningdrone.be\/fr\/wp-json\/wp\/v2\/product_cat?post=14652"},{"taxonomy":"product_tag","embeddable":true,"href":"https:\/\/koningdrone.be\/fr\/wp-json\/wp\/v2\/product_tag?post=14652"}],"curies":[{"name":"wp","href":"https:\/\/api.w.org\/{rel}","templated":true}]}}