{"id":1456,"date":"2024-12-04T12:18:54","date_gmt":"2024-12-04T11:18:54","guid":{"rendered":"https:\/\/koningdrone.nl\/kon\/product\/anker-solix-rs40d-rigid-solar-panel440w2-pack\/"},"modified":"2025-06-10T14:39:32","modified_gmt":"2025-06-10T12:39:32","slug":"anker-solix-rs40d-rigid-solar-panel440w2-pack","status":"publish","type":"product","link":"https:\/\/koningdrone.be\/fr\/produit\/anker-solix-rs40d-rigid-solar-panel440w2-pack\/","title":{"rendered":"Panneau solaire rigide Anker SOLIX RS40D (440W, 2-Pack)"},"content":{"rendered":"<p>Le panneau solaire rigide SOLIX RS40D d'Anchor offre une \u00e9nergie solaire tr\u00e8s efficace avec 440W par panneau, soit un total de 880W dans ce pack de 2. Construit dans un souci de durabilit\u00e9, le panneau a une conception robuste et r\u00e9sistante aux intemp\u00e9ries qui est parfaite pour les applications ext\u00e9rieures et hors r\u00e9seau. Id\u00e9al pour les v\u00e9hicules de loisirs, les bateaux ou les syst\u00e8mes d'alimentation de secours, le SOLIX RS40D fournit une conversion d'\u00e9nergie fiable et coh\u00e9rente, soutenue par la technologie solaire avanc\u00e9e d'Anker pour des performances sup\u00e9rieures.<\/p>","protected":false},"excerpt":{"rendered":"<ul>\n<li>Puissant : g\u00e9n\u00e8re jusqu'\u00e0 440 watts d'\u00e9nergie \u00e0 partir de la lumi\u00e8re du soleil pour une charge rapide et efficace.<\/li>\n<li>Compact et l\u00e9ger : Facile \u00e0 transporter et \u00e0 positionner pour une exposition maximale au soleil.<\/li>\n<li>Conception robuste : Convient \u00e0 une utilisation en ext\u00e9rieur gr\u00e2ce \u00e0 un mat\u00e9riau r\u00e9sistant aux intemp\u00e9ries et \u00e0 une construction durable.<\/li>\n<li>Convivialit\u00e9 : Rapide \u00e0 installer et \u00e0 connecter \u00e0 la SOLIX Power Station pour la production directe d'\u00e9lectricit\u00e9.<\/li>\n<li>Source d'\u00e9nergie renouvelable : r\u00e9duit la d\u00e9pendance \u00e0 l'\u00e9gard du r\u00e9seau \u00e9lectrique et encourage l'utilisation des \u00e9nergies renouvelables.<\/li>\n<li>Compatibilit\u00e9 universelle : compatible avec une large gamme de centrales \u00e9lectriques portables pour une utilisation flexible.<\/li>\n<\/ul>","protected":false},"featured_media":1455,"template":"","meta":{"_acf_changed":false},"product_brand":[],"product_cat":[97,197,198],"product_tag":[],"class_list":{"0":"post-1456","1":"product","2":"type-product","3":"status-publish","4":"has-post-thumbnail","6":"product_cat-alle-producten","7":"product_cat-anker","8":"product_cat-zonnepanelen","9":"product_shipping_class-outofstock","10":"pa_brand-anker","11":"pa_producttype-zonnepaneel","13":"first","14":"outofstock","15":"taxable","16":"shipping-taxable","17":"product-type-simple"},"acf":[],"yoast_head":"<!-- This site is optimized with the Yoast SEO Premium plugin v27.2 (Yoast SEO v27.2) - https:\/\/yoast.com\/product\/yoast-seo-premium-wordpress\/ -->\n<title>Anker SOLIX RS40D Rigid Solar Panel(440W,2-Pack) - koningdrone.be<\/title>\n<meta name=\"robots\" content=\"index, follow, max-snippet:-1, max-image-preview:large, max-video-preview:-1\" \/>\n<link rel=\"canonical\" href=\"https:\/\/koningdrone.be\/fr\/produit\/anker-solix-rs40d-rigid-solar-panel440w2-pack\/\" \/>\n<meta property=\"og:locale\" content=\"fr_FR\" \/>\n<meta property=\"og:type\" content=\"article\" \/>\n<meta property=\"og:title\" content=\"Anker SOLIX RS40D Rigid Solar Panel(440W,2-Pack)\" \/>\n<meta property=\"og:description\" content=\"Krachtig: Genereert tot 440 watt stroom uit zonlicht voor snel en effici\u00ebnt opladen.  Compact en lichtgewicht: Gemakkelijk te vervoeren en te plaatsen voor maximale blootstelling aan zonlicht.  Robuust ontwerp: Geschikt voor buitengebruik met weerbestendig materiaal en duurzame constructie.  Gebruiksvriendelijk: Snel op te stellen en aan te sluiten op de SOLIX Power Station voor directe stroomopwekking.  Duurzame energiebron: Vermindert de afhankelijkheid van netstroom en stimuleert het gebruik van hernieuwbare energie.  Universele compatibiliteit: Compatibel met een groot aantal draagbare energiecentrales voor flexibel gebruik.\" \/>\n<meta property=\"og:url\" content=\"https:\/\/koningdrone.be\/fr\/produit\/anker-solix-rs40d-rigid-solar-panel440w2-pack\/\" \/>\n<meta property=\"og:site_name\" content=\"koningdrone.be\" \/>\n<meta property=\"article:modified_time\" content=\"2025-06-10T12:39:32+00:00\" \/>\n<meta property=\"og:image\" content=\"https:\/\/koningdrone.be\/wp-content\/uploads\/sites\/13\/2025\/04\/440w-p-a77eb2ffb7904b2bb8e923f073e01fce.jpg\" \/>\n\t<meta property=\"og:image:width\" content=\"1200\" \/>\n\t<meta property=\"og:image:height\" content=\"1200\" \/>\n\t<meta property=\"og:image:type\" content=\"image\/jpeg\" \/>\n<meta name=\"twitter:card\" content=\"summary_large_image\" \/>\n<script type=\"application\/ld+json\" class=\"yoast-schema-graph\">{\"@context\":\"https:\/\/schema.org\",\"@graph\":[{\"@type\":\"WebPage\",\"@id\":\"https:\/\/koningdrone.be\/product\/anker-solix-rs40d-rigid-solar-panel440w2-pack\/\",\"url\":\"https:\/\/koningdrone.be\/product\/anker-solix-rs40d-rigid-solar-panel440w2-pack\/\",\"name\":\"Anker SOLIX RS40D Rigid Solar Panel(440W,2-Pack) - koningdrone.be\",\"isPartOf\":{\"@id\":\"https:\/\/koningdrone.be\/#website\"},\"primaryImageOfPage\":{\"@id\":\"https:\/\/koningdrone.be\/product\/anker-solix-rs40d-rigid-solar-panel440w2-pack\/#primaryimage\"},\"image\":{\"@id\":\"https:\/\/koningdrone.be\/product\/anker-solix-rs40d-rigid-solar-panel440w2-pack\/#primaryimage\"},\"thumbnailUrl\":\"https:\/\/koningdrone.be\/wp-content\/uploads\/sites\/13\/2025\/04\/440w-p-a77eb2ffb7904b2bb8e923f073e01fce.jpg\",\"datePublished\":\"2024-12-04T11:18:54+00:00\",\"dateModified\":\"2025-06-10T12:39:32+00:00\",\"breadcrumb\":{\"@id\":\"https:\/\/koningdrone.be\/product\/anker-solix-rs40d-rigid-solar-panel440w2-pack\/#breadcrumb\"},\"inLanguage\":\"fr-BE\",\"potentialAction\":[{\"@type\":\"ReadAction\",\"target\":[\"https:\/\/koningdrone.be\/product\/anker-solix-rs40d-rigid-solar-panel440w2-pack\/\"]}]},{\"@type\":\"ImageObject\",\"inLanguage\":\"fr-BE\",\"@id\":\"https:\/\/koningdrone.be\/product\/anker-solix-rs40d-rigid-solar-panel440w2-pack\/#primaryimage\",\"url\":\"https:\/\/koningdrone.be\/wp-content\/uploads\/sites\/13\/2025\/04\/440w-p-a77eb2ffb7904b2bb8e923f073e01fce.jpg\",\"contentUrl\":\"https:\/\/koningdrone.be\/wp-content\/uploads\/sites\/13\/2025\/04\/440w-p-a77eb2ffb7904b2bb8e923f073e01fce.jpg\",\"width\":1200,\"height\":1200},{\"@type\":\"BreadcrumbList\",\"@id\":\"https:\/\/koningdrone.be\/product\/anker-solix-rs40d-rigid-solar-panel440w2-pack\/#breadcrumb\",\"itemListElement\":[{\"@type\":\"ListItem\",\"position\":1,\"name\":\"Home\",\"item\":\"https:\/\/koningdrone.be\/\"},{\"@type\":\"ListItem\",\"position\":2,\"name\":\"AVSS Parachute Recovery System for DJI Matrice 300\/350\",\"item\":\"https:\/\/koningdrone.be\/product\/avss-parachute-recovery-system-for-dji-matrice-300-350\/\"},{\"@type\":\"ListItem\",\"position\":3,\"name\":\"Alle producten\",\"item\":\"https:\/\/koningdrone.be\/categorie\/alle-producten\/\"},{\"@type\":\"ListItem\",\"position\":4,\"name\":\"Anker SOLIX RS40D Rigid Solar Panel(440W,2-Pack)\"}]},{\"@type\":\"WebSite\",\"@id\":\"https:\/\/koningdrone.be\/#website\",\"url\":\"https:\/\/koningdrone.be\/\",\"name\":\"Koningdrone.be - Uw online specialist in drones, gimbals, camera's en power stations.\",\"description\":\"De webshop in drones en gimbals\",\"publisher\":{\"@id\":\"https:\/\/koningdrone.be\/#organization\"},\"potentialAction\":[{\"@type\":\"SearchAction\",\"target\":{\"@type\":\"EntryPoint\",\"urlTemplate\":\"https:\/\/koningdrone.be\/?s={search_term_string}\"},\"query-input\":{\"@type\":\"PropertyValueSpecification\",\"valueRequired\":true,\"valueName\":\"search_term_string\"}}],\"inLanguage\":\"fr-BE\"},{\"@type\":\"Organization\",\"@id\":\"https:\/\/koningdrone.be\/#organization\",\"name\":\"Koningdrone.be\",\"url\":\"https:\/\/koningdrone.be\/\",\"logo\":{\"@type\":\"ImageObject\",\"inLanguage\":\"fr-BE\",\"@id\":\"https:\/\/koningdrone.be\/#\/schema\/logo\/image\/\",\"url\":\"https:\/\/koningdrone.be\/wp-content\/uploads\/sites\/13\/2025\/04\/koningdrone-copyright-logo.svg\",\"contentUrl\":\"https:\/\/koningdrone.be\/wp-content\/uploads\/sites\/13\/2025\/04\/koningdrone-copyright-logo.svg\",\"width\":227,\"height\":38,\"caption\":\"Koningdrone.be\"},\"image\":{\"@id\":\"https:\/\/koningdrone.be\/#\/schema\/logo\/image\/\"}}]}<\/script>\n<!-- \/ Yoast SEO Premium plugin. -->","yoast_head_json":{"title":"Anker SOLIX RS40D Rigid Solar Panel(440W,2-Pack) - koningdrone.be","robots":{"index":"index","follow":"follow","max-snippet":"max-snippet:-1","max-image-preview":"max-image-preview:large","max-video-preview":"max-video-preview:-1"},"canonical":"https:\/\/koningdrone.be\/fr\/produit\/anker-solix-rs40d-rigid-solar-panel440w2-pack\/","og_locale":"fr_FR","og_type":"article","og_title":"Anker SOLIX RS40D Rigid Solar Panel(440W,2-Pack)","og_description":"Krachtig: Genereert tot 440 watt stroom uit zonlicht voor snel en effici\u00ebnt opladen.  Compact en lichtgewicht: Gemakkelijk te vervoeren en te plaatsen voor maximale blootstelling aan zonlicht.  Robuust ontwerp: Geschikt voor buitengebruik met weerbestendig materiaal en duurzame constructie.  Gebruiksvriendelijk: Snel op te stellen en aan te sluiten op de SOLIX Power Station voor directe stroomopwekking.  Duurzame energiebron: Vermindert de afhankelijkheid van netstroom en stimuleert het gebruik van hernieuwbare energie.  Universele compatibiliteit: Compatibel met een groot aantal draagbare energiecentrales voor flexibel gebruik.","og_url":"https:\/\/koningdrone.be\/fr\/produit\/anker-solix-rs40d-rigid-solar-panel440w2-pack\/","og_site_name":"koningdrone.be","article_modified_time":"2025-06-10T12:39:32+00:00","og_image":[{"width":1200,"height":1200,"url":"https:\/\/koningdrone.be\/wp-content\/uploads\/sites\/13\/2025\/04\/440w-p-a77eb2ffb7904b2bb8e923f073e01fce.jpg","type":"image\/jpeg"}],"twitter_card":"summary_large_image","schema":{"@context":"https:\/\/schema.org","@graph":[{"@type":"WebPage","@id":"https:\/\/koningdrone.be\/product\/anker-solix-rs40d-rigid-solar-panel440w2-pack\/","url":"https:\/\/koningdrone.be\/product\/anker-solix-rs40d-rigid-solar-panel440w2-pack\/","name":"Anker SOLIX RS40D Rigid Solar Panel(440W,2-Pack) - koningdrone.be","isPartOf":{"@id":"https:\/\/koningdrone.be\/#website"},"primaryImageOfPage":{"@id":"https:\/\/koningdrone.be\/product\/anker-solix-rs40d-rigid-solar-panel440w2-pack\/#primaryimage"},"image":{"@id":"https:\/\/koningdrone.be\/product\/anker-solix-rs40d-rigid-solar-panel440w2-pack\/#primaryimage"},"thumbnailUrl":"https:\/\/koningdrone.be\/wp-content\/uploads\/sites\/13\/2025\/04\/440w-p-a77eb2ffb7904b2bb8e923f073e01fce.jpg","datePublished":"2024-12-04T11:18:54+00:00","dateModified":"2025-06-10T12:39:32+00:00","breadcrumb":{"@id":"https:\/\/koningdrone.be\/product\/anker-solix-rs40d-rigid-solar-panel440w2-pack\/#breadcrumb"},"inLanguage":"fr-BE","potentialAction":[{"@type":"ReadAction","target":["https:\/\/koningdrone.be\/product\/anker-solix-rs40d-rigid-solar-panel440w2-pack\/"]}]},{"@type":"ImageObject","inLanguage":"fr-BE","@id":"https:\/\/koningdrone.be\/product\/anker-solix-rs40d-rigid-solar-panel440w2-pack\/#primaryimage","url":"https:\/\/koningdrone.be\/wp-content\/uploads\/sites\/13\/2025\/04\/440w-p-a77eb2ffb7904b2bb8e923f073e01fce.jpg","contentUrl":"https:\/\/koningdrone.be\/wp-content\/uploads\/sites\/13\/2025\/04\/440w-p-a77eb2ffb7904b2bb8e923f073e01fce.jpg","width":1200,"height":1200},{"@type":"BreadcrumbList","@id":"https:\/\/koningdrone.be\/product\/anker-solix-rs40d-rigid-solar-panel440w2-pack\/#breadcrumb","itemListElement":[{"@type":"ListItem","position":1,"name":"Home","item":"https:\/\/koningdrone.be\/"},{"@type":"ListItem","position":2,"name":"AVSS Parachute Recovery System for DJI Matrice 300\/350","item":"https:\/\/koningdrone.be\/product\/avss-parachute-recovery-system-for-dji-matrice-300-350\/"},{"@type":"ListItem","position":3,"name":"Alle producten","item":"https:\/\/koningdrone.be\/categorie\/alle-producten\/"},{"@type":"ListItem","position":4,"name":"Anker SOLIX RS40D Rigid Solar Panel(440W,2-Pack)"}]},{"@type":"WebSite","@id":"https:\/\/koningdrone.be\/#website","url":"https:\/\/koningdrone.be\/","name":"Koningdrone.be - Votre sp\u00e9cialiste en ligne en mati\u00e8re de drones, de cardans, de cam\u00e9ras et de centrales \u00e9lectriques.","description":"La boutique en ligne de drones et de cardans","publisher":{"@id":"https:\/\/koningdrone.be\/#organization"},"potentialAction":[{"@type":"SearchAction","target":{"@type":"EntryPoint","urlTemplate":"https:\/\/koningdrone.be\/?s={search_term_string}"},"query-input":{"@type":"PropertyValueSpecification","valueRequired":true,"valueName":"search_term_string"}}],"inLanguage":"fr-BE"},{"@type":"Organization","@id":"https:\/\/koningdrone.be\/#organization","name":"Kingdrone.co.uk","url":"https:\/\/koningdrone.be\/","logo":{"@type":"ImageObject","inLanguage":"fr-BE","@id":"https:\/\/koningdrone.be\/#\/schema\/logo\/image\/","url":"https:\/\/koningdrone.be\/wp-content\/uploads\/sites\/13\/2025\/04\/koningdrone-copyright-logo.svg","contentUrl":"https:\/\/koningdrone.be\/wp-content\/uploads\/sites\/13\/2025\/04\/koningdrone-copyright-logo.svg","width":227,"height":38,"caption":"Koningdrone.be"},"image":{"@id":"https:\/\/koningdrone.be\/#\/schema\/logo\/image\/"}}]}},"df_price":"","df_sale_price":"","df_regular_price":"","df_image_link":"https:\/\/koningdrone.be\/wp-content\/uploads\/sites\/13\/2025\/04\/440w-p-a77eb2ffb7904b2bb8e923f073e01fce-300x300.jpg","_links":{"self":[{"href":"https:\/\/koningdrone.be\/fr\/wp-json\/wp\/v2\/product\/1456","targetHints":{"allow":["GET"]}}],"collection":[{"href":"https:\/\/koningdrone.be\/fr\/wp-json\/wp\/v2\/product"}],"about":[{"href":"https:\/\/koningdrone.be\/fr\/wp-json\/wp\/v2\/types\/product"}],"wp:featuredmedia":[{"embeddable":true,"href":"https:\/\/koningdrone.be\/fr\/wp-json\/wp\/v2\/media\/1455"}],"wp:attachment":[{"href":"https:\/\/koningdrone.be\/fr\/wp-json\/wp\/v2\/media?parent=1456"}],"wp:term":[{"taxonomy":"product_brand","embeddable":true,"href":"https:\/\/koningdrone.be\/fr\/wp-json\/wp\/v2\/product_brand?post=1456"},{"taxonomy":"product_cat","embeddable":true,"href":"https:\/\/koningdrone.be\/fr\/wp-json\/wp\/v2\/product_cat?post=1456"},{"taxonomy":"product_tag","embeddable":true,"href":"https:\/\/koningdrone.be\/fr\/wp-json\/wp\/v2\/product_tag?post=1456"}],"curies":[{"name":"wp","href":"https:\/\/api.w.org\/{rel}","templated":true}]}}