{"id":1454,"date":"2024-12-04T12:20:08","date_gmt":"2024-12-04T11:20:08","guid":{"rendered":"https:\/\/koningdrone.nl\/kon\/product\/dji-mic-mini-charging-case\/"},"modified":"2026-04-30T15:20:51","modified_gmt":"2026-04-30T13:20:51","slug":"dji-mic-mini-charging-case","status":"publish","type":"product","link":"https:\/\/koningdrone.be\/fr\/produit\/dji-mic-mini-charging-case\/","title":{"rendered":"\u00c9tui de chargement DJI Mic Mini"},"content":{"rendered":"<p>L'\u00e9tui de chargement DJI Mic Mini est une solution de chargement compacte et portable con\u00e7ue pour le syst\u00e8me DJI Mic Mini. Il offre un moyen pratique de stocker et de charger vos 2 TX (\u00e9metteurs) et 1 RX (r\u00e9cepteurs) lorsque vous \u00eates en d\u00e9placement. L'\u00e9tui de chargement offre jusqu'\u00e0 12 heures d'autonomie suppl\u00e9mentaire, pour que vous ayez toujours de l'\u00e9nergie quand vous en avez le plus besoin. Le design fin est parfait pour les cr\u00e9ateurs de contenu et les vloggers qui ont besoin d'une option de charge fiable pendant les tournages ou les longues journ\u00e9es de tournage. L'\u00e9tui est compatible avec tous les composants du syst\u00e8me DJI Mic Mini, ce qui permet de tout organiser et d'\u00eatre pr\u00eat \u00e0 l'emploi.<\/p>","protected":false},"excerpt":{"rendered":"<ul>\n<li>Le socle de charge permet de stocker et de charger jusqu'\u00e0 2 TX (\u00e9metteurs) et 1 RX (r\u00e9cepteur).<\/li>\n<li>La batterie dure jusqu'\u00e0 12 heures de plus, ce qui vous permet de l'utiliser en d\u00e9placement.<\/li>\n<li>Le design compact et portable facilite le transport et le rangement du syst\u00e8me DJI Mic Mini pendant les enregistrements.<\/li>\n<li>Le sac pr\u00e9sente une disposition rationalis\u00e9e et organis\u00e9e qui permet de conserver les composants en s\u00e9curit\u00e9 et de les rendre rapidement accessibles.<\/li>\n<li>Compatible avec tous les composants du syst\u00e8me DJI Mic Mini, il constitue une solution de chargement et de stockage tout-en-un.<\/li>\n<\/ul>","protected":false},"featured_media":1449,"template":"","meta":{"_acf_changed":false},"product_brand":[],"product_cat":[97,191,192],"product_tag":[],"class_list":{"0":"post-1454","1":"product","2":"type-product","3":"status-publish","4":"has-post-thumbnail","6":"product_cat-alle-producten","7":"product_cat-dji-mic","8":"product_cat-dji-mic-mini","9":"product_shipping_class-outofstock","10":"pa_brand-dji","11":"pa_producttype-oplaadhoes","12":"pa_series-mic-mini","14":"first","15":"outofstock","16":"taxable","17":"shipping-taxable","18":"purchasable","19":"product-type-simple"},"acf":[],"yoast_head":"<!-- This site is optimized with the Yoast SEO Premium plugin v27.2 (Yoast SEO v27.2) - https:\/\/yoast.com\/product\/yoast-seo-premium-wordpress\/ -->\n<title>DJI Mic Mini Charging Case - koningdrone.be<\/title>\n<meta name=\"robots\" content=\"index, follow, max-snippet:-1, max-image-preview:large, max-video-preview:-1\" \/>\n<link rel=\"canonical\" href=\"https:\/\/koningdrone.be\/fr\/produit\/dji-mic-mini-charging-case\/\" \/>\n<meta property=\"og:locale\" content=\"fr_FR\" \/>\n<meta property=\"og:type\" content=\"article\" \/>\n<meta property=\"og:title\" content=\"DJI Mic Mini Charging Case\" \/>\n<meta property=\"og:description\" content=\"In de oplaadhouder kun je tot 2 TX (zenders) en 1 RX (ontvanger) handig opbergen en opladen.De batterij gaat tot 12 uur langer mee, zodat je hem ook onderweg kunt gebruiken.Het compacte en draagbare ontwerp maakt het gemakkelijk om het DJI Mic Mini systeem mee te nemen en op te bergen tijdens opnames.De tas heeft een gestroomlijnde, georganiseerde indeling die de componenten veilig en snel toegankelijk houdt.Hij is compatibel met alle componenten van het DJI Mic Mini systeem en biedt een alles-in-\u00e9\u00e9n oplaad- en opslagoplossing.\" \/>\n<meta property=\"og:url\" content=\"https:\/\/koningdrone.be\/fr\/produit\/dji-mic-mini-charging-case\/\" \/>\n<meta property=\"og:site_name\" content=\"koningdrone.be\" \/>\n<meta property=\"article:modified_time\" content=\"2026-04-30T13:20:51+00:00\" \/>\n<meta property=\"og:image\" content=\"https:\/\/koningdrone.be\/wp-content\/uploads\/sites\/13\/2025\/04\/ed911d30178752530a9eabe64c4ff12f@large.webp\" \/>\n\t<meta property=\"og:image:width\" content=\"1200\" \/>\n\t<meta property=\"og:image:height\" content=\"800\" \/>\n\t<meta property=\"og:image:type\" content=\"image\/webp\" \/>\n<meta name=\"twitter:card\" content=\"summary_large_image\" \/>\n<meta name=\"twitter:label1\" content=\"Dur\u00e9e de lecture est.\" \/>\n\t<meta name=\"twitter:data1\" content=\"1 minute\" \/>\n<script type=\"application\/ld+json\" class=\"yoast-schema-graph\">{\"@context\":\"https:\/\/schema.org\",\"@graph\":[{\"@type\":\"WebPage\",\"@id\":\"https:\/\/koningdrone.be\/product\/dji-mic-mini-charging-case\/\",\"url\":\"https:\/\/koningdrone.be\/product\/dji-mic-mini-charging-case\/\",\"name\":\"DJI Mic Mini Charging Case - koningdrone.be\",\"isPartOf\":{\"@id\":\"https:\/\/koningdrone.be\/#website\"},\"primaryImageOfPage\":{\"@id\":\"https:\/\/koningdrone.be\/product\/dji-mic-mini-charging-case\/#primaryimage\"},\"image\":{\"@id\":\"https:\/\/koningdrone.be\/product\/dji-mic-mini-charging-case\/#primaryimage\"},\"thumbnailUrl\":\"https:\/\/koningdrone.be\/wp-content\/uploads\/sites\/13\/2025\/04\/ed911d30178752530a9eabe64c4ff12f@large.webp\",\"datePublished\":\"2024-12-04T11:20:08+00:00\",\"dateModified\":\"2026-04-30T13:20:51+00:00\",\"breadcrumb\":{\"@id\":\"https:\/\/koningdrone.be\/product\/dji-mic-mini-charging-case\/#breadcrumb\"},\"inLanguage\":\"fr-BE\",\"potentialAction\":[{\"@type\":\"ReadAction\",\"target\":[\"https:\/\/koningdrone.be\/product\/dji-mic-mini-charging-case\/\"]}]},{\"@type\":\"ImageObject\",\"inLanguage\":\"fr-BE\",\"@id\":\"https:\/\/koningdrone.be\/product\/dji-mic-mini-charging-case\/#primaryimage\",\"url\":\"https:\/\/koningdrone.be\/wp-content\/uploads\/sites\/13\/2025\/04\/ed911d30178752530a9eabe64c4ff12f@large.webp\",\"contentUrl\":\"https:\/\/koningdrone.be\/wp-content\/uploads\/sites\/13\/2025\/04\/ed911d30178752530a9eabe64c4ff12f@large.webp\",\"width\":1200,\"height\":800},{\"@type\":\"BreadcrumbList\",\"@id\":\"https:\/\/koningdrone.be\/product\/dji-mic-mini-charging-case\/#breadcrumb\",\"itemListElement\":[{\"@type\":\"ListItem\",\"position\":1,\"name\":\"Home\",\"item\":\"https:\/\/koningdrone.be\/\"},{\"@type\":\"ListItem\",\"position\":2,\"name\":\"AVSS Parachute Recovery System for DJI Matrice 300\/350\",\"item\":\"https:\/\/koningdrone.be\/product\/avss-parachute-recovery-system-for-dji-matrice-300-350\/\"},{\"@type\":\"ListItem\",\"position\":3,\"name\":\"Alle producten\",\"item\":\"https:\/\/koningdrone.be\/categorie\/alle-producten\/\"},{\"@type\":\"ListItem\",\"position\":4,\"name\":\"DJI Mic Mini Charging Case\"}]},{\"@type\":\"WebSite\",\"@id\":\"https:\/\/koningdrone.be\/#website\",\"url\":\"https:\/\/koningdrone.be\/\",\"name\":\"Koningdrone.be - Uw online specialist in drones, gimbals, camera's en power stations.\",\"description\":\"De webshop in drones en gimbals\",\"publisher\":{\"@id\":\"https:\/\/koningdrone.be\/#organization\"},\"potentialAction\":[{\"@type\":\"SearchAction\",\"target\":{\"@type\":\"EntryPoint\",\"urlTemplate\":\"https:\/\/koningdrone.be\/?s={search_term_string}\"},\"query-input\":{\"@type\":\"PropertyValueSpecification\",\"valueRequired\":true,\"valueName\":\"search_term_string\"}}],\"inLanguage\":\"fr-BE\"},{\"@type\":\"Organization\",\"@id\":\"https:\/\/koningdrone.be\/#organization\",\"name\":\"Koningdrone.be\",\"url\":\"https:\/\/koningdrone.be\/\",\"logo\":{\"@type\":\"ImageObject\",\"inLanguage\":\"fr-BE\",\"@id\":\"https:\/\/koningdrone.be\/#\/schema\/logo\/image\/\",\"url\":\"https:\/\/koningdrone.be\/wp-content\/uploads\/sites\/13\/2025\/04\/koningdrone-copyright-logo.svg\",\"contentUrl\":\"https:\/\/koningdrone.be\/wp-content\/uploads\/sites\/13\/2025\/04\/koningdrone-copyright-logo.svg\",\"width\":227,\"height\":38,\"caption\":\"Koningdrone.be\"},\"image\":{\"@id\":\"https:\/\/koningdrone.be\/#\/schema\/logo\/image\/\"}}]}<\/script>\n<!-- \/ Yoast SEO Premium plugin. -->","yoast_head_json":{"title":"DJI Mic Mini Charging Case - koningdrone.be","robots":{"index":"index","follow":"follow","max-snippet":"max-snippet:-1","max-image-preview":"max-image-preview:large","max-video-preview":"max-video-preview:-1"},"canonical":"https:\/\/koningdrone.be\/fr\/produit\/dji-mic-mini-charging-case\/","og_locale":"fr_FR","og_type":"article","og_title":"DJI Mic Mini Charging Case","og_description":"In de oplaadhouder kun je tot 2 TX (zenders) en 1 RX (ontvanger) handig opbergen en opladen.De batterij gaat tot 12 uur langer mee, zodat je hem ook onderweg kunt gebruiken.Het compacte en draagbare ontwerp maakt het gemakkelijk om het DJI Mic Mini systeem mee te nemen en op te bergen tijdens opnames.De tas heeft een gestroomlijnde, georganiseerde indeling die de componenten veilig en snel toegankelijk houdt.Hij is compatibel met alle componenten van het DJI Mic Mini systeem en biedt een alles-in-\u00e9\u00e9n oplaad- en opslagoplossing.","og_url":"https:\/\/koningdrone.be\/fr\/produit\/dji-mic-mini-charging-case\/","og_site_name":"koningdrone.be","article_modified_time":"2026-04-30T13:20:51+00:00","og_image":[{"width":1200,"height":800,"url":"https:\/\/koningdrone.be\/wp-content\/uploads\/sites\/13\/2025\/04\/ed911d30178752530a9eabe64c4ff12f@large.webp","type":"image\/webp"}],"twitter_card":"summary_large_image","twitter_misc":{"Dur\u00e9e de lecture est.":"1 minute"},"schema":{"@context":"https:\/\/schema.org","@graph":[{"@type":"WebPage","@id":"https:\/\/koningdrone.be\/product\/dji-mic-mini-charging-case\/","url":"https:\/\/koningdrone.be\/product\/dji-mic-mini-charging-case\/","name":"DJI Mic Mini Charging Case - koningdrone.be","isPartOf":{"@id":"https:\/\/koningdrone.be\/#website"},"primaryImageOfPage":{"@id":"https:\/\/koningdrone.be\/product\/dji-mic-mini-charging-case\/#primaryimage"},"image":{"@id":"https:\/\/koningdrone.be\/product\/dji-mic-mini-charging-case\/#primaryimage"},"thumbnailUrl":"https:\/\/koningdrone.be\/wp-content\/uploads\/sites\/13\/2025\/04\/ed911d30178752530a9eabe64c4ff12f@large.webp","datePublished":"2024-12-04T11:20:08+00:00","dateModified":"2026-04-30T13:20:51+00:00","breadcrumb":{"@id":"https:\/\/koningdrone.be\/product\/dji-mic-mini-charging-case\/#breadcrumb"},"inLanguage":"fr-BE","potentialAction":[{"@type":"ReadAction","target":["https:\/\/koningdrone.be\/product\/dji-mic-mini-charging-case\/"]}]},{"@type":"ImageObject","inLanguage":"fr-BE","@id":"https:\/\/koningdrone.be\/product\/dji-mic-mini-charging-case\/#primaryimage","url":"https:\/\/koningdrone.be\/wp-content\/uploads\/sites\/13\/2025\/04\/ed911d30178752530a9eabe64c4ff12f@large.webp","contentUrl":"https:\/\/koningdrone.be\/wp-content\/uploads\/sites\/13\/2025\/04\/ed911d30178752530a9eabe64c4ff12f@large.webp","width":1200,"height":800},{"@type":"BreadcrumbList","@id":"https:\/\/koningdrone.be\/product\/dji-mic-mini-charging-case\/#breadcrumb","itemListElement":[{"@type":"ListItem","position":1,"name":"Home","item":"https:\/\/koningdrone.be\/"},{"@type":"ListItem","position":2,"name":"AVSS Parachute Recovery System for DJI Matrice 300\/350","item":"https:\/\/koningdrone.be\/product\/avss-parachute-recovery-system-for-dji-matrice-300-350\/"},{"@type":"ListItem","position":3,"name":"Alle producten","item":"https:\/\/koningdrone.be\/categorie\/alle-producten\/"},{"@type":"ListItem","position":4,"name":"DJI Mic Mini Charging Case"}]},{"@type":"WebSite","@id":"https:\/\/koningdrone.be\/#website","url":"https:\/\/koningdrone.be\/","name":"Koningdrone.be - Votre sp\u00e9cialiste en ligne en mati\u00e8re de drones, de cardans, de cam\u00e9ras et de centrales \u00e9lectriques.","description":"La boutique en ligne de drones et de cardans","publisher":{"@id":"https:\/\/koningdrone.be\/#organization"},"potentialAction":[{"@type":"SearchAction","target":{"@type":"EntryPoint","urlTemplate":"https:\/\/koningdrone.be\/?s={search_term_string}"},"query-input":{"@type":"PropertyValueSpecification","valueRequired":true,"valueName":"search_term_string"}}],"inLanguage":"fr-BE"},{"@type":"Organization","@id":"https:\/\/koningdrone.be\/#organization","name":"Kingdrone.co.uk","url":"https:\/\/koningdrone.be\/","logo":{"@type":"ImageObject","inLanguage":"fr-BE","@id":"https:\/\/koningdrone.be\/#\/schema\/logo\/image\/","url":"https:\/\/koningdrone.be\/wp-content\/uploads\/sites\/13\/2025\/04\/koningdrone-copyright-logo.svg","contentUrl":"https:\/\/koningdrone.be\/wp-content\/uploads\/sites\/13\/2025\/04\/koningdrone-copyright-logo.svg","width":227,"height":38,"caption":"Koningdrone.be"},"image":{"@id":"https:\/\/koningdrone.be\/#\/schema\/logo\/image\/"}}]}},"df_price":33,"df_sale_price":"","df_regular_price":33,"df_image_link":"https:\/\/koningdrone.be\/wp-content\/uploads\/sites\/13\/2025\/04\/ed911d30178752530a9eabe64c4ff12f@large-300x200.webp","_links":{"self":[{"href":"https:\/\/koningdrone.be\/fr\/wp-json\/wp\/v2\/product\/1454","targetHints":{"allow":["GET"]}}],"collection":[{"href":"https:\/\/koningdrone.be\/fr\/wp-json\/wp\/v2\/product"}],"about":[{"href":"https:\/\/koningdrone.be\/fr\/wp-json\/wp\/v2\/types\/product"}],"wp:featuredmedia":[{"embeddable":true,"href":"https:\/\/koningdrone.be\/fr\/wp-json\/wp\/v2\/media\/1449"}],"wp:attachment":[{"href":"https:\/\/koningdrone.be\/fr\/wp-json\/wp\/v2\/media?parent=1454"}],"wp:term":[{"taxonomy":"product_brand","embeddable":true,"href":"https:\/\/koningdrone.be\/fr\/wp-json\/wp\/v2\/product_brand?post=1454"},{"taxonomy":"product_cat","embeddable":true,"href":"https:\/\/koningdrone.be\/fr\/wp-json\/wp\/v2\/product_cat?post=1454"},{"taxonomy":"product_tag","embeddable":true,"href":"https:\/\/koningdrone.be\/fr\/wp-json\/wp\/v2\/product_tag?post=1454"}],"curies":[{"name":"wp","href":"https:\/\/api.w.org\/{rel}","templated":true}]}}