{"id":14507,"date":"2025-07-18T13:04:27","date_gmt":"2025-07-18T11:04:27","guid":{"rendered":"https:\/\/koningdrone.be\/product\/share-slam-s20\/"},"modified":"2026-04-29T03:30:12","modified_gmt":"2026-04-29T01:30:12","slug":"share-slam-s20","status":"publish","type":"product","link":"https:\/\/koningdrone.be\/fr\/produit\/share-slam-s20\/","title":{"rendered":"SHARE SLAM S20"},"content":{"rendered":"<h3>SHARE SLAM S20 : la solution hybride ultime de num\u00e9risation 3D<\/h3>\n<p><iframe loading=\"lazy\" title=\"SHARE lance la nouvelle g\u00e9n\u00e9ration de scanners 3D LiDAR - SHARE SLAM S20.\" width=\"800\" height=\"450\" src=\"https:\/\/www.youtube.com\/embed\/bws8PqfZ8cQ?feature=oembed&#038;enablejsapi=1&#038;origin=https:\/\/koningdrone.be\" frameborder=\"0\" allow=\"accelerometer; autoplay; clipboard-write; encrypted-media; gyroscope; picture-in-picture; web-share\" referrerpolicy=\"strict-origin-when-cross-origin\" allowfullscreen><\/iframe><\/p>\n<p style=\"margin: 20px 0\">Le <strong>SHARE SLAM S20<\/strong> repr\u00e9sente la nouvelle g\u00e9n\u00e9ration de num\u00e9risation spatiale portable. En tant que scanner LiDAR 3D portable haut de gamme, il brise les barri\u00e8res entre la cartographie int\u00e9rieure et ext\u00e9rieure en fusionnant la puissance de la num\u00e9risation LiDAR avec l'intelligence SLAM visuelle et la pr\u00e9cision RTK. Con\u00e7u pour les professionnels qui ne font pas de compromis, le S20 permet de transformer des infrastructures complexes, des monuments historiques et de vastes chantiers en copies num\u00e9riques hyper-d\u00e9taill\u00e9es en temps r\u00e9el. Il ne s'agit pas d'un simple scanner, mais d'un \u00e9cosyst\u00e8me g\u00e9ospatial complet dans la paume de votre main.<\/p>\n<p><a href=\"https:\/\/koningdrone.nl\/wp-content\/uploads\/2025\/07\/SHARE-SLAM-S20.webp\"><img loading=\"lazy\" decoding=\"async\" class=\"size-full wp-image-467330 aligncenter\" src=\"https:\/\/koningdrone.nl\/wp-content\/uploads\/2025\/07\/SHARE-SLAM-S20.webp\" alt=\"SHARE SLAM S20\" width=\"1200\" height=\"800\" \/><\/a><\/p>\n<h4>Perception illimit\u00e9e et suivi hybride de l'intelligence<\/h4>\n<p>Le SHARE SLAM S20 est construit autour d'un capteur LiDAR avanc\u00e9 qui fonctionne \u00e0 un taux de <strong>200 000 points par seconde<\/strong> analyse l'environnement. Mais ce qui distingue vraiment le S20, c'est son syst\u00e8me unique d'analyse de l'environnement. <strong>Algorithme Fusion-SLAM<\/strong>. En combinant les donn\u00e9es LiDAR et les informations visuelles fournies par des cam\u00e9ras haut de gamme, le syst\u00e8me assure un suivi sans faille dans des environnements o\u00f9 les scanners traditionnels \u00e9chouent, tels que les murs glissants, les tunnels \u00e9troits ou les vastes for\u00eats. Gr\u00e2ce au syst\u00e8me int\u00e9gr\u00e9 de <strong>Module RTK-GNSS<\/strong> Les scans sont instantan\u00e9ment dot\u00e9s d'un cadre de g\u00e9or\u00e9f\u00e9rencement absolu avec une pr\u00e9cision centim\u00e9trique, ce qui fait de la liaison manuelle des ensembles de donn\u00e9es une chose du pass\u00e9.<\/p>\n<h4>Qualit\u00e9 d'image exceptionnelle et perfection ergonomique<\/h4>\n<p>La r\u00e9alit\u00e9 visuelle est au c\u0153ur du S20. Le syst\u00e8me est \u00e9quip\u00e9 de <strong>deux cam\u00e9ras CMOS de 1 pouce<\/strong>, \u00e9quip\u00e9s d'obturateurs m\u00e9caniques. Ces optiques haut de gamme permettent une colorisation fid\u00e8le des nuages de points, rendant les mod\u00e8les BIM et les jumeaux num\u00e9riques non seulement techniquement exacts, mais aussi visuellement identiques \u00e0 la r\u00e9alit\u00e9. Pesant seulement <strong>1,07 kg<\/strong> le scanner est \u00e9quilibr\u00e9 dans les d\u00e9tails pour une utilisation portative \u00e0 long terme. La qualit\u00e9 de construction robuste garantit un fonctionnement fiable \u00e0 des temp\u00e9ratures extr\u00eames allant de -20\u00b0C \u00e0 +20\u00b0C. <strong>De -20 \u00b0C \u00e0 +50 \u00b0C<\/strong>, tandis que la puissante batterie offre jusqu'\u00e0 <strong>150 minutes<\/strong> permet un balayage continu, suffisant pour les missions de terrain les plus exigeantes.<\/p>\n<p><a href=\"https:\/\/koningdrone.nl\/wp-content\/uploads\/2025\/07\/SLAM-S20-SHARE.webp\"><img loading=\"lazy\" decoding=\"async\" class=\"wp-image-467327 size-medium aligncenter\" src=\"https:\/\/koningdrone.nl\/wp-content\/uploads\/2025\/07\/SLAM-S20-SHARE-300x300.webp\" alt=\"SLAM S20 SHARE\" width=\"300\" height=\"300\" \/><\/a><\/p>\n<h4>Pourquoi le SHARE SLAM S20 est indispensable<\/h4>\n<p>Le SHARE SLAM S20 est le catalyseur ultime pour les organisations qui recherchent une efficacit\u00e9 maximale dans la documentation des b\u00e2timents, la mod\u00e9lisation industrielle ou la criminalistique. Le syst\u00e8me \u00e9limine le besoin de configurations statiques complexes et r\u00e9duit consid\u00e9rablement le temps d'acquisition des donn\u00e9es. Qu'il s'agisse de g\u00e9n\u00e9rer un mod\u00e8le d'usine complexe ou de cartographier un site arch\u00e9ologique, le syst\u00e8me SHARE SLAM S20 offre la rapidit\u00e9 d'un appareil portable et la pr\u00e9cision d'un instrument d'arpentage. C'est la voie la plus intelligente vers une transformation num\u00e9rique sans erreur.<\/p>","protected":false},"excerpt":{"rendered":"<ul>\n<li>Scanner LiDAR 3D portable professionnel pour la cartographie et l'arpentage<\/li>\n<li>Scanne jusqu'\u00e0 200 000 points par seconde pour obtenir des nuages de points d\u00e9taill\u00e9s<\/li>\n<li>Positionnement RTK-GNSS int\u00e9gr\u00e9 pour des mesures au centim\u00e8tre pr\u00e8s<\/li>\n<li>Deux cam\u00e9ras CMOS de 1 pouce avec obturateur m\u00e9canique pour une reproduction fid\u00e8le des couleurs<\/li>\n<li>Convient pour le BIM, la CAO, l'inspection des infrastructures et la mod\u00e9lisation 3D<\/li>\n<\/ul>","protected":false},"featured_media":17136,"template":"","meta":{"_acf_changed":false},"product_brand":[],"product_cat":[1764],"product_tag":[],"class_list":{"0":"post-14507","1":"product","2":"type-product","3":"status-publish","4":"has-post-thumbnail","6":"product_cat-share-slam-s20","7":"product_shipping_class-uavspacesall","8":"pa_brand-shareuav","9":"pa_producttype-3d-lidar-scanner","11":"first","12":"instock","13":"taxable","14":"shipping-taxable","15":"purchasable","16":"product-type-simple"},"acf":[],"yoast_head":"<!-- This site is optimized with the Yoast SEO Premium plugin v27.2 (Yoast SEO v27.2) - https:\/\/yoast.com\/product\/yoast-seo-premium-wordpress\/ -->\n<title>SHARE SLAM S20 - koningdrone.be<\/title>\n<meta name=\"robots\" content=\"index, follow, max-snippet:-1, max-image-preview:large, max-video-preview:-1\" \/>\n<link rel=\"canonical\" href=\"https:\/\/koningdrone.be\/fr\/produit\/share-slam-s20\/\" \/>\n<meta property=\"og:locale\" content=\"fr_FR\" \/>\n<meta property=\"og:type\" content=\"article\" \/>\n<meta property=\"og:title\" content=\"SHARE SLAM S20\" \/>\n<meta property=\"og:description\" content=\"Professionele handheld 3D LiDAR-scanner voor mapping en surveying  Scant tot 200.000 punten per seconde voor gedetailleerde point clouds  Ge\u00efntegreerde RTK-GNSS positionering voor centimeter-nauwkeurige metingen  Dual 1-inch CMOS camera\u2019s met mechanische shutter voor nauwkeurige kleurweergave  Geschikt voor BIM, CAD, infrastructuurinspectie en 3D-modellering\" \/>\n<meta property=\"og:url\" content=\"https:\/\/koningdrone.be\/fr\/produit\/share-slam-s20\/\" \/>\n<meta property=\"og:site_name\" content=\"koningdrone.be\" \/>\n<meta property=\"article:modified_time\" content=\"2026-04-29T01:30:12+00:00\" \/>\n<meta property=\"og:image\" content=\"https:\/\/koningdrone.be\/wp-content\/uploads\/sites\/13\/2026\/03\/SHARE-SLAM-S20-Product.webp\" \/>\n\t<meta property=\"og:image:width\" content=\"2048\" \/>\n\t<meta property=\"og:image:height\" content=\"2048\" \/>\n\t<meta property=\"og:image:type\" content=\"image\/webp\" \/>\n<meta name=\"twitter:card\" content=\"summary_large_image\" \/>\n<meta name=\"twitter:label1\" content=\"Dur\u00e9e de lecture est.\" \/>\n\t<meta name=\"twitter:data1\" content=\"3 minutes\" \/>\n<script type=\"application\/ld+json\" class=\"yoast-schema-graph\">{\"@context\":\"https:\/\/schema.org\",\"@graph\":[{\"@type\":\"WebPage\",\"@id\":\"https:\/\/koningdrone.be\/product\/share-slam-s20\/\",\"url\":\"https:\/\/koningdrone.be\/product\/share-slam-s20\/\",\"name\":\"SHARE SLAM S20 - koningdrone.be\",\"isPartOf\":{\"@id\":\"https:\/\/koningdrone.be\/#website\"},\"primaryImageOfPage\":{\"@id\":\"https:\/\/koningdrone.be\/product\/share-slam-s20\/#primaryimage\"},\"image\":{\"@id\":\"https:\/\/koningdrone.be\/product\/share-slam-s20\/#primaryimage\"},\"thumbnailUrl\":\"https:\/\/koningdrone.be\/wp-content\/uploads\/sites\/13\/2026\/03\/SHARE-SLAM-S20-Product.webp\",\"datePublished\":\"2025-07-18T11:04:27+00:00\",\"dateModified\":\"2026-04-29T01:30:12+00:00\",\"breadcrumb\":{\"@id\":\"https:\/\/koningdrone.be\/product\/share-slam-s20\/#breadcrumb\"},\"inLanguage\":\"fr-BE\",\"potentialAction\":[{\"@type\":\"ReadAction\",\"target\":[\"https:\/\/koningdrone.be\/product\/share-slam-s20\/\"]}]},{\"@type\":\"ImageObject\",\"inLanguage\":\"fr-BE\",\"@id\":\"https:\/\/koningdrone.be\/product\/share-slam-s20\/#primaryimage\",\"url\":\"https:\/\/koningdrone.be\/wp-content\/uploads\/sites\/13\/2026\/03\/SHARE-SLAM-S20-Product.webp\",\"contentUrl\":\"https:\/\/koningdrone.be\/wp-content\/uploads\/sites\/13\/2026\/03\/SHARE-SLAM-S20-Product.webp\",\"width\":2048,\"height\":2048},{\"@type\":\"BreadcrumbList\",\"@id\":\"https:\/\/koningdrone.be\/product\/share-slam-s20\/#breadcrumb\",\"itemListElement\":[{\"@type\":\"ListItem\",\"position\":1,\"name\":\"Home\",\"item\":\"https:\/\/koningdrone.be\/\"},{\"@type\":\"ListItem\",\"position\":2,\"name\":\"AVSS Parachute Recovery System for DJI Matrice 300\/350\",\"item\":\"https:\/\/koningdrone.be\/product\/avss-parachute-recovery-system-for-dji-matrice-300-350\/\"},{\"@type\":\"ListItem\",\"position\":3,\"name\":\"Share Slam S20\",\"item\":\"https:\/\/koningdrone.be\/categorie\/share-slam-s20\/\"},{\"@type\":\"ListItem\",\"position\":4,\"name\":\"SHARE SLAM S20\"}]},{\"@type\":\"WebSite\",\"@id\":\"https:\/\/koningdrone.be\/#website\",\"url\":\"https:\/\/koningdrone.be\/\",\"name\":\"Koningdrone.be - Uw online specialist in drones, gimbals, camera's en power stations.\",\"description\":\"De webshop in drones en gimbals\",\"publisher\":{\"@id\":\"https:\/\/koningdrone.be\/#organization\"},\"potentialAction\":[{\"@type\":\"SearchAction\",\"target\":{\"@type\":\"EntryPoint\",\"urlTemplate\":\"https:\/\/koningdrone.be\/?s={search_term_string}\"},\"query-input\":{\"@type\":\"PropertyValueSpecification\",\"valueRequired\":true,\"valueName\":\"search_term_string\"}}],\"inLanguage\":\"fr-BE\"},{\"@type\":\"Organization\",\"@id\":\"https:\/\/koningdrone.be\/#organization\",\"name\":\"Koningdrone.be\",\"url\":\"https:\/\/koningdrone.be\/\",\"logo\":{\"@type\":\"ImageObject\",\"inLanguage\":\"fr-BE\",\"@id\":\"https:\/\/koningdrone.be\/#\/schema\/logo\/image\/\",\"url\":\"https:\/\/koningdrone.be\/wp-content\/uploads\/sites\/13\/2025\/04\/koningdrone-copyright-logo.svg\",\"contentUrl\":\"https:\/\/koningdrone.be\/wp-content\/uploads\/sites\/13\/2025\/04\/koningdrone-copyright-logo.svg\",\"width\":227,\"height\":38,\"caption\":\"Koningdrone.be\"},\"image\":{\"@id\":\"https:\/\/koningdrone.be\/#\/schema\/logo\/image\/\"}}]}<\/script>\n<!-- \/ Yoast SEO Premium plugin. -->","yoast_head_json":{"title":"SHARE SLAM S20 - koningdrone.be","robots":{"index":"index","follow":"follow","max-snippet":"max-snippet:-1","max-image-preview":"max-image-preview:large","max-video-preview":"max-video-preview:-1"},"canonical":"https:\/\/koningdrone.be\/fr\/produit\/share-slam-s20\/","og_locale":"fr_FR","og_type":"article","og_title":"SHARE SLAM S20","og_description":"Professionele handheld 3D LiDAR-scanner voor mapping en surveying  Scant tot 200.000 punten per seconde voor gedetailleerde point clouds  Ge\u00efntegreerde RTK-GNSS positionering voor centimeter-nauwkeurige metingen  Dual 1-inch CMOS camera\u2019s met mechanische shutter voor nauwkeurige kleurweergave  Geschikt voor BIM, CAD, infrastructuurinspectie en 3D-modellering","og_url":"https:\/\/koningdrone.be\/fr\/produit\/share-slam-s20\/","og_site_name":"koningdrone.be","article_modified_time":"2026-04-29T01:30:12+00:00","og_image":[{"width":2048,"height":2048,"url":"https:\/\/koningdrone.be\/wp-content\/uploads\/sites\/13\/2026\/03\/SHARE-SLAM-S20-Product.webp","type":"image\/webp"}],"twitter_card":"summary_large_image","twitter_misc":{"Dur\u00e9e de lecture est.":"3 minutes"},"schema":{"@context":"https:\/\/schema.org","@graph":[{"@type":"WebPage","@id":"https:\/\/koningdrone.be\/product\/share-slam-s20\/","url":"https:\/\/koningdrone.be\/product\/share-slam-s20\/","name":"SHARE SLAM S20 - koningdrone.be","isPartOf":{"@id":"https:\/\/koningdrone.be\/#website"},"primaryImageOfPage":{"@id":"https:\/\/koningdrone.be\/product\/share-slam-s20\/#primaryimage"},"image":{"@id":"https:\/\/koningdrone.be\/product\/share-slam-s20\/#primaryimage"},"thumbnailUrl":"https:\/\/koningdrone.be\/wp-content\/uploads\/sites\/13\/2026\/03\/SHARE-SLAM-S20-Product.webp","datePublished":"2025-07-18T11:04:27+00:00","dateModified":"2026-04-29T01:30:12+00:00","breadcrumb":{"@id":"https:\/\/koningdrone.be\/product\/share-slam-s20\/#breadcrumb"},"inLanguage":"fr-BE","potentialAction":[{"@type":"ReadAction","target":["https:\/\/koningdrone.be\/product\/share-slam-s20\/"]}]},{"@type":"ImageObject","inLanguage":"fr-BE","@id":"https:\/\/koningdrone.be\/product\/share-slam-s20\/#primaryimage","url":"https:\/\/koningdrone.be\/wp-content\/uploads\/sites\/13\/2026\/03\/SHARE-SLAM-S20-Product.webp","contentUrl":"https:\/\/koningdrone.be\/wp-content\/uploads\/sites\/13\/2026\/03\/SHARE-SLAM-S20-Product.webp","width":2048,"height":2048},{"@type":"BreadcrumbList","@id":"https:\/\/koningdrone.be\/product\/share-slam-s20\/#breadcrumb","itemListElement":[{"@type":"ListItem","position":1,"name":"Home","item":"https:\/\/koningdrone.be\/"},{"@type":"ListItem","position":2,"name":"AVSS Parachute Recovery System for DJI Matrice 300\/350","item":"https:\/\/koningdrone.be\/product\/avss-parachute-recovery-system-for-dji-matrice-300-350\/"},{"@type":"ListItem","position":3,"name":"Share Slam S20","item":"https:\/\/koningdrone.be\/categorie\/share-slam-s20\/"},{"@type":"ListItem","position":4,"name":"SHARE SLAM S20"}]},{"@type":"WebSite","@id":"https:\/\/koningdrone.be\/#website","url":"https:\/\/koningdrone.be\/","name":"Koningdrone.be - Votre sp\u00e9cialiste en ligne en mati\u00e8re de drones, de cardans, de cam\u00e9ras et de centrales \u00e9lectriques.","description":"La boutique en ligne de drones et de cardans","publisher":{"@id":"https:\/\/koningdrone.be\/#organization"},"potentialAction":[{"@type":"SearchAction","target":{"@type":"EntryPoint","urlTemplate":"https:\/\/koningdrone.be\/?s={search_term_string}"},"query-input":{"@type":"PropertyValueSpecification","valueRequired":true,"valueName":"search_term_string"}}],"inLanguage":"fr-BE"},{"@type":"Organization","@id":"https:\/\/koningdrone.be\/#organization","name":"Kingdrone.co.uk","url":"https:\/\/koningdrone.be\/","logo":{"@type":"ImageObject","inLanguage":"fr-BE","@id":"https:\/\/koningdrone.be\/#\/schema\/logo\/image\/","url":"https:\/\/koningdrone.be\/wp-content\/uploads\/sites\/13\/2025\/04\/koningdrone-copyright-logo.svg","contentUrl":"https:\/\/koningdrone.be\/wp-content\/uploads\/sites\/13\/2025\/04\/koningdrone-copyright-logo.svg","width":227,"height":38,"caption":"Koningdrone.be"},"image":{"@id":"https:\/\/koningdrone.be\/#\/schema\/logo\/image\/"}}]}},"df_price":4999,"df_sale_price":"","df_regular_price":4999,"df_image_link":"https:\/\/koningdrone.be\/wp-content\/uploads\/sites\/13\/2026\/03\/SHARE-SLAM-S20-Product-300x300.webp","_links":{"self":[{"href":"https:\/\/koningdrone.be\/fr\/wp-json\/wp\/v2\/product\/14507","targetHints":{"allow":["GET"]}}],"collection":[{"href":"https:\/\/koningdrone.be\/fr\/wp-json\/wp\/v2\/product"}],"about":[{"href":"https:\/\/koningdrone.be\/fr\/wp-json\/wp\/v2\/types\/product"}],"wp:featuredmedia":[{"embeddable":true,"href":"https:\/\/koningdrone.be\/fr\/wp-json\/wp\/v2\/media\/17136"}],"wp:attachment":[{"href":"https:\/\/koningdrone.be\/fr\/wp-json\/wp\/v2\/media?parent=14507"}],"wp:term":[{"taxonomy":"product_brand","embeddable":true,"href":"https:\/\/koningdrone.be\/fr\/wp-json\/wp\/v2\/product_brand?post=14507"},{"taxonomy":"product_cat","embeddable":true,"href":"https:\/\/koningdrone.be\/fr\/wp-json\/wp\/v2\/product_cat?post=14507"},{"taxonomy":"product_tag","embeddable":true,"href":"https:\/\/koningdrone.be\/fr\/wp-json\/wp\/v2\/product_tag?post=14507"}],"curies":[{"name":"wp","href":"https:\/\/api.w.org\/{rel}","templated":true}]}}