{"id":1403,"date":"2024-12-05T09:19:56","date_gmt":"2024-12-05T08:19:56","guid":{"rendered":"https:\/\/koningdrone.nl\/kon\/product\/hesai-at128p\/"},"modified":"2026-04-29T14:20:02","modified_gmt":"2026-04-29T12:20:02","slug":"hesai-at128p","status":"publish","type":"product","link":"https:\/\/koningdrone.be\/fr\/produit\/hesai-at128p\/","title":{"rendered":"Hesai AT128P"},"content":{"rendered":"<p>Le Hesai AT128P est un capteur lidar haute performance con\u00e7u pour la conduite autonome, la robotique et les applications cartographiques avanc\u00e9es. Avec 128 canaux laser, il fournit des donn\u00e9es de nuage de points 3D \u00e0 haute r\u00e9solution pour une perception pr\u00e9cise et d\u00e9taill\u00e9e de l'environnement. L'AT128P excelle dans la d\u00e9tection \u00e0 courte et \u00e0 longue distance, ce qui permet de d\u00e9tecter les obstacles et de naviguer avec pr\u00e9cision, m\u00eame dans des environnements complexes. Sa conception robuste et compacte lui permet de s'adapter \u00e0 une large gamme d'applications industrielles et de syst\u00e8mes autonomes, fournissant des donn\u00e9es fiables et en temps r\u00e9el pour une s\u00e9curit\u00e9 et des performances accrues.<\/p>","protected":false},"excerpt":{"rendered":"<ul>\n<li>Fournit des donn\u00e9es de nuages de points 3D \u00e0 haute r\u00e9solution pour une cartographie environnementale pr\u00e9cise.<\/li>\n<li>Con\u00e7ue pour une int\u00e9gration transparente dans les v\u00e9hicules autonomes et la robotique.<\/li>\n<li>Fournit des performances fiables dans des environnements complexes avec des donn\u00e9es en temps r\u00e9el.<\/li>\n<li>De conception robuste et compacte, il convient \u00e0 diverses applications industrielles.<\/li>\n<li>D\u00e9tection pr\u00e9cise des obstacles et navigation pour une s\u00e9curit\u00e9 accrue.<\/li>\n<li>Permet un traitement efficace et fiable des donn\u00e9es pour les syst\u00e8mes autonomes avanc\u00e9s.<\/li>\n<\/ul>","protected":false},"featured_media":1402,"template":"","meta":{"_acf_changed":false},"product_brand":[],"product_cat":[187,97,188],"product_tag":[],"class_list":{"0":"post-1403","1":"product","2":"type-product","3":"status-publish","4":"has-post-thumbnail","6":"product_cat-alle-lidar","7":"product_cat-alle-producten","8":"product_cat-hesai","9":"product_shipping_class-outofstock","10":"pa_brand-hesai","11":"pa_producttype-lidar","13":"first","14":"outofstock","15":"taxable","16":"shipping-taxable","17":"product-type-simple"},"acf":[],"yoast_head":"<!-- This site is optimized with the Yoast SEO Premium plugin v27.2 (Yoast SEO v27.2) - https:\/\/yoast.com\/product\/yoast-seo-premium-wordpress\/ -->\n<title>Hesai AT128P - koningdrone.be<\/title>\n<meta name=\"robots\" content=\"index, follow, max-snippet:-1, max-image-preview:large, max-video-preview:-1\" \/>\n<link rel=\"canonical\" href=\"https:\/\/koningdrone.be\/fr\/produit\/hesai-at128p\/\" \/>\n<meta property=\"og:locale\" content=\"fr_FR\" \/>\n<meta property=\"og:type\" content=\"article\" \/>\n<meta property=\"og:title\" content=\"Hesai AT128P\" \/>\n<meta property=\"og:description\" content=\"Levert 3D-puntenwolkgegevens met hoge resolutie voor nauwkeurige omgevingskartering.Ontworpen voor naadloze integratie in autonome voertuigen en robotica.Biedt betrouwbare prestaties in complexe omgevingen met real-time gegevens.Gebouwd met een robuust en compact ontwerp dat geschikt is voor diverse industri\u00eble toepassingen.Zorgt voor nauwkeurige obstakeldetectie en navigatie voor verbeterde veiligheid.Ondersteunt effici\u00ebnte en betrouwbare gegevensverwerking voor geavanceerde autonome systemen.\" \/>\n<meta property=\"og:url\" content=\"https:\/\/koningdrone.be\/fr\/produit\/hesai-at128p\/\" \/>\n<meta property=\"og:site_name\" content=\"koningdrone.be\" \/>\n<meta property=\"article:modified_time\" content=\"2026-04-29T12:20:02+00:00\" \/>\n<meta property=\"og:image\" content=\"https:\/\/koningdrone.be\/wp-content\/uploads\/sites\/13\/2025\/04\/hesai-at128p.webp\" \/>\n\t<meta property=\"og:image:width\" content=\"1200\" \/>\n\t<meta property=\"og:image:height\" content=\"492\" \/>\n\t<meta property=\"og:image:type\" content=\"image\/webp\" \/>\n<meta name=\"twitter:card\" content=\"summary_large_image\" \/>\n<script type=\"application\/ld+json\" class=\"yoast-schema-graph\">{\"@context\":\"https:\/\/schema.org\",\"@graph\":[{\"@type\":\"WebPage\",\"@id\":\"https:\/\/koningdrone.be\/product\/hesai-at128p\/\",\"url\":\"https:\/\/koningdrone.be\/product\/hesai-at128p\/\",\"name\":\"Hesai AT128P - koningdrone.be\",\"isPartOf\":{\"@id\":\"https:\/\/koningdrone.be\/#website\"},\"primaryImageOfPage\":{\"@id\":\"https:\/\/koningdrone.be\/product\/hesai-at128p\/#primaryimage\"},\"image\":{\"@id\":\"https:\/\/koningdrone.be\/product\/hesai-at128p\/#primaryimage\"},\"thumbnailUrl\":\"https:\/\/koningdrone.be\/wp-content\/uploads\/sites\/13\/2025\/04\/hesai-at128p.webp\",\"datePublished\":\"2024-12-05T08:19:56+00:00\",\"dateModified\":\"2026-04-29T12:20:02+00:00\",\"breadcrumb\":{\"@id\":\"https:\/\/koningdrone.be\/product\/hesai-at128p\/#breadcrumb\"},\"inLanguage\":\"fr-BE\",\"potentialAction\":[{\"@type\":\"ReadAction\",\"target\":[\"https:\/\/koningdrone.be\/product\/hesai-at128p\/\"]}]},{\"@type\":\"ImageObject\",\"inLanguage\":\"fr-BE\",\"@id\":\"https:\/\/koningdrone.be\/product\/hesai-at128p\/#primaryimage\",\"url\":\"https:\/\/koningdrone.be\/wp-content\/uploads\/sites\/13\/2025\/04\/hesai-at128p.webp\",\"contentUrl\":\"https:\/\/koningdrone.be\/wp-content\/uploads\/sites\/13\/2025\/04\/hesai-at128p.webp\",\"width\":1200,\"height\":492},{\"@type\":\"BreadcrumbList\",\"@id\":\"https:\/\/koningdrone.be\/product\/hesai-at128p\/#breadcrumb\",\"itemListElement\":[{\"@type\":\"ListItem\",\"position\":1,\"name\":\"Home\",\"item\":\"https:\/\/koningdrone.be\/\"},{\"@type\":\"ListItem\",\"position\":2,\"name\":\"AVSS Parachute Recovery System for DJI Matrice 300\/350\",\"item\":\"https:\/\/koningdrone.be\/product\/avss-parachute-recovery-system-for-dji-matrice-300-350\/\"},{\"@type\":\"ListItem\",\"position\":3,\"name\":\"Alle LiDaR\",\"item\":\"https:\/\/koningdrone.be\/categorie\/alle-lidar\/\"},{\"@type\":\"ListItem\",\"position\":4,\"name\":\"Hesai AT128P\"}]},{\"@type\":\"WebSite\",\"@id\":\"https:\/\/koningdrone.be\/#website\",\"url\":\"https:\/\/koningdrone.be\/\",\"name\":\"Koningdrone.be - Uw online specialist in drones, gimbals, camera's en power stations.\",\"description\":\"De webshop in drones en gimbals\",\"publisher\":{\"@id\":\"https:\/\/koningdrone.be\/#organization\"},\"potentialAction\":[{\"@type\":\"SearchAction\",\"target\":{\"@type\":\"EntryPoint\",\"urlTemplate\":\"https:\/\/koningdrone.be\/?s={search_term_string}\"},\"query-input\":{\"@type\":\"PropertyValueSpecification\",\"valueRequired\":true,\"valueName\":\"search_term_string\"}}],\"inLanguage\":\"fr-BE\"},{\"@type\":\"Organization\",\"@id\":\"https:\/\/koningdrone.be\/#organization\",\"name\":\"Koningdrone.be\",\"url\":\"https:\/\/koningdrone.be\/\",\"logo\":{\"@type\":\"ImageObject\",\"inLanguage\":\"fr-BE\",\"@id\":\"https:\/\/koningdrone.be\/#\/schema\/logo\/image\/\",\"url\":\"https:\/\/koningdrone.be\/wp-content\/uploads\/sites\/13\/2025\/04\/koningdrone-copyright-logo.svg\",\"contentUrl\":\"https:\/\/koningdrone.be\/wp-content\/uploads\/sites\/13\/2025\/04\/koningdrone-copyright-logo.svg\",\"width\":227,\"height\":38,\"caption\":\"Koningdrone.be\"},\"image\":{\"@id\":\"https:\/\/koningdrone.be\/#\/schema\/logo\/image\/\"}}]}<\/script>\n<!-- \/ Yoast SEO Premium plugin. -->","yoast_head_json":{"title":"Hesai AT128P - koningdrone.be","robots":{"index":"index","follow":"follow","max-snippet":"max-snippet:-1","max-image-preview":"max-image-preview:large","max-video-preview":"max-video-preview:-1"},"canonical":"https:\/\/koningdrone.be\/fr\/produit\/hesai-at128p\/","og_locale":"fr_FR","og_type":"article","og_title":"Hesai AT128P","og_description":"Levert 3D-puntenwolkgegevens met hoge resolutie voor nauwkeurige omgevingskartering.Ontworpen voor naadloze integratie in autonome voertuigen en robotica.Biedt betrouwbare prestaties in complexe omgevingen met real-time gegevens.Gebouwd met een robuust en compact ontwerp dat geschikt is voor diverse industri\u00eble toepassingen.Zorgt voor nauwkeurige obstakeldetectie en navigatie voor verbeterde veiligheid.Ondersteunt effici\u00ebnte en betrouwbare gegevensverwerking voor geavanceerde autonome systemen.","og_url":"https:\/\/koningdrone.be\/fr\/produit\/hesai-at128p\/","og_site_name":"koningdrone.be","article_modified_time":"2026-04-29T12:20:02+00:00","og_image":[{"width":1200,"height":492,"url":"https:\/\/koningdrone.be\/wp-content\/uploads\/sites\/13\/2025\/04\/hesai-at128p.webp","type":"image\/webp"}],"twitter_card":"summary_large_image","schema":{"@context":"https:\/\/schema.org","@graph":[{"@type":"WebPage","@id":"https:\/\/koningdrone.be\/product\/hesai-at128p\/","url":"https:\/\/koningdrone.be\/product\/hesai-at128p\/","name":"Hesai AT128P - koningdrone.be","isPartOf":{"@id":"https:\/\/koningdrone.be\/#website"},"primaryImageOfPage":{"@id":"https:\/\/koningdrone.be\/product\/hesai-at128p\/#primaryimage"},"image":{"@id":"https:\/\/koningdrone.be\/product\/hesai-at128p\/#primaryimage"},"thumbnailUrl":"https:\/\/koningdrone.be\/wp-content\/uploads\/sites\/13\/2025\/04\/hesai-at128p.webp","datePublished":"2024-12-05T08:19:56+00:00","dateModified":"2026-04-29T12:20:02+00:00","breadcrumb":{"@id":"https:\/\/koningdrone.be\/product\/hesai-at128p\/#breadcrumb"},"inLanguage":"fr-BE","potentialAction":[{"@type":"ReadAction","target":["https:\/\/koningdrone.be\/product\/hesai-at128p\/"]}]},{"@type":"ImageObject","inLanguage":"fr-BE","@id":"https:\/\/koningdrone.be\/product\/hesai-at128p\/#primaryimage","url":"https:\/\/koningdrone.be\/wp-content\/uploads\/sites\/13\/2025\/04\/hesai-at128p.webp","contentUrl":"https:\/\/koningdrone.be\/wp-content\/uploads\/sites\/13\/2025\/04\/hesai-at128p.webp","width":1200,"height":492},{"@type":"BreadcrumbList","@id":"https:\/\/koningdrone.be\/product\/hesai-at128p\/#breadcrumb","itemListElement":[{"@type":"ListItem","position":1,"name":"Home","item":"https:\/\/koningdrone.be\/"},{"@type":"ListItem","position":2,"name":"AVSS Parachute Recovery System for DJI Matrice 300\/350","item":"https:\/\/koningdrone.be\/product\/avss-parachute-recovery-system-for-dji-matrice-300-350\/"},{"@type":"ListItem","position":3,"name":"Alle LiDaR","item":"https:\/\/koningdrone.be\/categorie\/alle-lidar\/"},{"@type":"ListItem","position":4,"name":"Hesai AT128P"}]},{"@type":"WebSite","@id":"https:\/\/koningdrone.be\/#website","url":"https:\/\/koningdrone.be\/","name":"Koningdrone.be - Votre sp\u00e9cialiste en ligne en mati\u00e8re de drones, de cardans, de cam\u00e9ras et de centrales \u00e9lectriques.","description":"La boutique en ligne de drones et de cardans","publisher":{"@id":"https:\/\/koningdrone.be\/#organization"},"potentialAction":[{"@type":"SearchAction","target":{"@type":"EntryPoint","urlTemplate":"https:\/\/koningdrone.be\/?s={search_term_string}"},"query-input":{"@type":"PropertyValueSpecification","valueRequired":true,"valueName":"search_term_string"}}],"inLanguage":"fr-BE"},{"@type":"Organization","@id":"https:\/\/koningdrone.be\/#organization","name":"Kingdrone.co.uk","url":"https:\/\/koningdrone.be\/","logo":{"@type":"ImageObject","inLanguage":"fr-BE","@id":"https:\/\/koningdrone.be\/#\/schema\/logo\/image\/","url":"https:\/\/koningdrone.be\/wp-content\/uploads\/sites\/13\/2025\/04\/koningdrone-copyright-logo.svg","contentUrl":"https:\/\/koningdrone.be\/wp-content\/uploads\/sites\/13\/2025\/04\/koningdrone-copyright-logo.svg","width":227,"height":38,"caption":"Koningdrone.be"},"image":{"@id":"https:\/\/koningdrone.be\/#\/schema\/logo\/image\/"}}]}},"df_price":"","df_sale_price":"","df_regular_price":"","df_image_link":"https:\/\/koningdrone.be\/wp-content\/uploads\/sites\/13\/2025\/04\/hesai-at128p-300x123.webp","_links":{"self":[{"href":"https:\/\/koningdrone.be\/fr\/wp-json\/wp\/v2\/product\/1403","targetHints":{"allow":["GET"]}}],"collection":[{"href":"https:\/\/koningdrone.be\/fr\/wp-json\/wp\/v2\/product"}],"about":[{"href":"https:\/\/koningdrone.be\/fr\/wp-json\/wp\/v2\/types\/product"}],"wp:featuredmedia":[{"embeddable":true,"href":"https:\/\/koningdrone.be\/fr\/wp-json\/wp\/v2\/media\/1402"}],"wp:attachment":[{"href":"https:\/\/koningdrone.be\/fr\/wp-json\/wp\/v2\/media?parent=1403"}],"wp:term":[{"taxonomy":"product_brand","embeddable":true,"href":"https:\/\/koningdrone.be\/fr\/wp-json\/wp\/v2\/product_brand?post=1403"},{"taxonomy":"product_cat","embeddable":true,"href":"https:\/\/koningdrone.be\/fr\/wp-json\/wp\/v2\/product_cat?post=1403"},{"taxonomy":"product_tag","embeddable":true,"href":"https:\/\/koningdrone.be\/fr\/wp-json\/wp\/v2\/product_tag?post=1403"}],"curies":[{"name":"wp","href":"https:\/\/api.w.org\/{rel}","templated":true}]}}