{"id":1388,"date":"2024-12-24T11:27:43","date_gmt":"2024-12-24T10:27:43","guid":{"rendered":"https:\/\/koningdrone.nl\/kon\/product\/dronertk-ntrip-jaarabonnement-inclusief-m2m-simkaart\/"},"modified":"2026-04-30T05:20:14","modified_gmt":"2026-04-30T03:20:14","slug":"dronertk-ntrip-jaarabonnement-inclusief-m2m-simkaart","status":"publish","type":"product","link":"https:\/\/koningdrone.be\/fr\/produit\/dronertk-ntrip-jaarabonnement-inclusief-m2m-simkaart\/","title":{"rendered":"DroneRTK NTRIP Abonnement annuel incluant la carte SIM M2M"},"content":{"rendered":"<p>DroneRTK est un abonnement NTRIP pour et par les sp\u00e9cialistes des drones, propos\u00e9 par DroneLand.<\/p>\n<p>Les drones sont de plus en plus utilis\u00e9s pour des applications de cartographie et d'arpentage. Normalement, des points de contr\u00f4le au sol (GCP) sont n\u00e9cessaires pour corriger votre mod\u00e8le 2D ou 3D par la suite afin d'obtenir un mod\u00e8le pr\u00e9cis et aux bonnes coordonn\u00e9es. Cependant, des appareils comme le DJI Phantom 4 RTK et le DJI Matrice 210 RTK V2, en utilisant un abonnement NTRIP, peuvent corriger leur position en temps r\u00e9el pendant qu'ils volent, pour obtenir instantan\u00e9ment une pr\u00e9cision au centim\u00e8tre pr\u00e8s. Gr\u00e2ce \u00e0 cette correction en temps r\u00e9el, la position GPS stock\u00e9e dans les m\u00e9tadonn\u00e9es de l'image est imm\u00e9diatement la position exacte, ce qui signifie que lors du traitement des donn\u00e9es dans un mod\u00e8le 2D ou 3D, vous n'avez (pratiquement) plus besoin de points de contr\u00f4le au sol. Cela permet d'\u00e9conomiser beaucoup de travail dans votre flux de travail et de garantir une grande pr\u00e9cision de votre mod\u00e8le.<\/p>\n<p>DroneLand propose DroneRTK, un abonnement NTRIP sp\u00e9cialement con\u00e7u pour les op\u00e9rateurs de drones.<\/p>\n<p>Quelles sont les sp\u00e9cificit\u00e9s de DroneRTK ?<\/p>\n<ul>\n<li>Couverture dans toute l'Europe (au moment de la r\u00e9daction+- 1400 stations de base)<\/li>\n<li>Haute pr\u00e9cision &lt;1,5CM<\/li>\n<li>Prise en charge compl\u00e8te de Galileo, GPS et Glonass<\/li>\n<li>Tarifs tr\u00e8s avantageux<\/li>\n<li>Verrouillable par mois ou par an<\/li>\n<li>Carte SIM M2M Data de KPN pour une connexion stable<\/li>\n<li>Acc\u00e9dez \u00e0 l'application pour surveiller vos comptes et avoir une vue d'ensemble de toutes les stations de base.<\/li>\n<\/ul>\n<p>&nbsp;<\/p>","protected":false},"excerpt":{"rendered":"<ul>\n<li>Compatibilit\u00e9 de pr\u00e9cision : chaque h\u00e9lice est con\u00e7ue sp\u00e9cifiquement pour le drone Autel Alpha, garantissant un ajustement et un fonctionnement parfaits.<\/li>\n<\/ul>","protected":false},"featured_media":1387,"template":"","meta":{"_acf_changed":false},"product_brand":[],"product_cat":[97,180],"product_tag":[],"class_list":{"0":"post-1388","1":"product","2":"type-product","3":"status-publish","4":"has-post-thumbnail","6":"product_cat-alle-producten","7":"product_cat-autel-alpha","8":"product_shipping_class-outofstock","9":"pa_brand-autel","10":"pa_producttype-schroeven","11":"pa_series-alpha","13":"first","14":"outofstock","15":"taxable","16":"shipping-taxable","17":"product-type-simple"},"acf":[],"yoast_head":"<!-- This site is optimized with the Yoast SEO Premium plugin v27.2 (Yoast SEO v27.2) - https:\/\/yoast.com\/product\/yoast-seo-premium-wordpress\/ -->\n<title>DroneRTK NTRIP Jaarabonnement Inclusief M2M Simkaart - koningdrone.be<\/title>\n<meta name=\"robots\" content=\"index, follow, max-snippet:-1, max-image-preview:large, max-video-preview:-1\" \/>\n<link rel=\"canonical\" href=\"https:\/\/koningdrone.be\/fr\/produit\/dronertk-ntrip-jaarabonnement-inclusief-m2m-simkaart\/\" \/>\n<meta property=\"og:locale\" content=\"fr_FR\" \/>\n<meta property=\"og:type\" content=\"article\" \/>\n<meta property=\"og:title\" content=\"DroneRTK NTRIP Jaarabonnement Inclusief M2M Simkaart\" \/>\n<meta property=\"og:description\" content=\"Precisiecompatibiliteit: elke propeller is speciaal ontworpen voor de Autel Alpha-drone, wat een perfecte pasvorm en functie garandeert.\" \/>\n<meta property=\"og:url\" content=\"https:\/\/koningdrone.be\/fr\/produit\/dronertk-ntrip-jaarabonnement-inclusief-m2m-simkaart\/\" \/>\n<meta property=\"og:site_name\" content=\"koningdrone.be\" \/>\n<meta property=\"article:modified_time\" content=\"2026-04-30T03:20:14+00:00\" \/>\n<meta property=\"og:image\" content=\"https:\/\/koningdrone.be\/wp-content\/uploads\/sites\/13\/2025\/04\/droneland-drone-rtk.png\" \/>\n\t<meta property=\"og:image:width\" content=\"699\" \/>\n\t<meta property=\"og:image:height\" content=\"698\" \/>\n\t<meta property=\"og:image:type\" content=\"image\/png\" \/>\n<meta name=\"twitter:card\" content=\"summary_large_image\" \/>\n<meta name=\"twitter:label1\" content=\"Dur\u00e9e de lecture est.\" \/>\n\t<meta name=\"twitter:data1\" content=\"1 minute\" \/>\n<script type=\"application\/ld+json\" class=\"yoast-schema-graph\">{\"@context\":\"https:\/\/schema.org\",\"@graph\":[{\"@type\":\"WebPage\",\"@id\":\"https:\/\/koningdrone.be\/product\/dronertk-ntrip-jaarabonnement-inclusief-m2m-simkaart\/\",\"url\":\"https:\/\/koningdrone.be\/product\/dronertk-ntrip-jaarabonnement-inclusief-m2m-simkaart\/\",\"name\":\"DroneRTK NTRIP Jaarabonnement Inclusief M2M Simkaart - koningdrone.be\",\"isPartOf\":{\"@id\":\"https:\/\/koningdrone.be\/#website\"},\"primaryImageOfPage\":{\"@id\":\"https:\/\/koningdrone.be\/product\/dronertk-ntrip-jaarabonnement-inclusief-m2m-simkaart\/#primaryimage\"},\"image\":{\"@id\":\"https:\/\/koningdrone.be\/product\/dronertk-ntrip-jaarabonnement-inclusief-m2m-simkaart\/#primaryimage\"},\"thumbnailUrl\":\"https:\/\/koningdrone.be\/wp-content\/uploads\/sites\/13\/2025\/04\/droneland-drone-rtk.png\",\"datePublished\":\"2024-12-24T10:27:43+00:00\",\"dateModified\":\"2026-04-30T03:20:14+00:00\",\"breadcrumb\":{\"@id\":\"https:\/\/koningdrone.be\/product\/dronertk-ntrip-jaarabonnement-inclusief-m2m-simkaart\/#breadcrumb\"},\"inLanguage\":\"fr-BE\",\"potentialAction\":[{\"@type\":\"ReadAction\",\"target\":[\"https:\/\/koningdrone.be\/product\/dronertk-ntrip-jaarabonnement-inclusief-m2m-simkaart\/\"]}]},{\"@type\":\"ImageObject\",\"inLanguage\":\"fr-BE\",\"@id\":\"https:\/\/koningdrone.be\/product\/dronertk-ntrip-jaarabonnement-inclusief-m2m-simkaart\/#primaryimage\",\"url\":\"https:\/\/koningdrone.be\/wp-content\/uploads\/sites\/13\/2025\/04\/droneland-drone-rtk.png\",\"contentUrl\":\"https:\/\/koningdrone.be\/wp-content\/uploads\/sites\/13\/2025\/04\/droneland-drone-rtk.png\",\"width\":699,\"height\":698},{\"@type\":\"BreadcrumbList\",\"@id\":\"https:\/\/koningdrone.be\/product\/dronertk-ntrip-jaarabonnement-inclusief-m2m-simkaart\/#breadcrumb\",\"itemListElement\":[{\"@type\":\"ListItem\",\"position\":1,\"name\":\"Home\",\"item\":\"https:\/\/koningdrone.be\/\"},{\"@type\":\"ListItem\",\"position\":2,\"name\":\"AVSS Parachute Recovery System for DJI Matrice 300\/350\",\"item\":\"https:\/\/koningdrone.be\/product\/avss-parachute-recovery-system-for-dji-matrice-300-350\/\"},{\"@type\":\"ListItem\",\"position\":3,\"name\":\"Alle producten\",\"item\":\"https:\/\/koningdrone.be\/categorie\/alle-producten\/\"},{\"@type\":\"ListItem\",\"position\":4,\"name\":\"DroneRTK NTRIP Jaarabonnement Inclusief M2M Simkaart\"}]},{\"@type\":\"WebSite\",\"@id\":\"https:\/\/koningdrone.be\/#website\",\"url\":\"https:\/\/koningdrone.be\/\",\"name\":\"Koningdrone.be - Uw online specialist in drones, gimbals, camera's en power stations.\",\"description\":\"De webshop in drones en gimbals\",\"publisher\":{\"@id\":\"https:\/\/koningdrone.be\/#organization\"},\"potentialAction\":[{\"@type\":\"SearchAction\",\"target\":{\"@type\":\"EntryPoint\",\"urlTemplate\":\"https:\/\/koningdrone.be\/?s={search_term_string}\"},\"query-input\":{\"@type\":\"PropertyValueSpecification\",\"valueRequired\":true,\"valueName\":\"search_term_string\"}}],\"inLanguage\":\"fr-BE\"},{\"@type\":\"Organization\",\"@id\":\"https:\/\/koningdrone.be\/#organization\",\"name\":\"Koningdrone.be\",\"url\":\"https:\/\/koningdrone.be\/\",\"logo\":{\"@type\":\"ImageObject\",\"inLanguage\":\"fr-BE\",\"@id\":\"https:\/\/koningdrone.be\/#\/schema\/logo\/image\/\",\"url\":\"https:\/\/koningdrone.be\/wp-content\/uploads\/sites\/13\/2025\/04\/koningdrone-copyright-logo.svg\",\"contentUrl\":\"https:\/\/koningdrone.be\/wp-content\/uploads\/sites\/13\/2025\/04\/koningdrone-copyright-logo.svg\",\"width\":227,\"height\":38,\"caption\":\"Koningdrone.be\"},\"image\":{\"@id\":\"https:\/\/koningdrone.be\/#\/schema\/logo\/image\/\"}}]}<\/script>\n<!-- \/ Yoast SEO Premium plugin. -->","yoast_head_json":{"title":"DroneRTK NTRIP Jaarabonnement Inclusief M2M Simkaart - koningdrone.be","robots":{"index":"index","follow":"follow","max-snippet":"max-snippet:-1","max-image-preview":"max-image-preview:large","max-video-preview":"max-video-preview:-1"},"canonical":"https:\/\/koningdrone.be\/fr\/produit\/dronertk-ntrip-jaarabonnement-inclusief-m2m-simkaart\/","og_locale":"fr_FR","og_type":"article","og_title":"DroneRTK NTRIP Jaarabonnement Inclusief M2M Simkaart","og_description":"Precisiecompatibiliteit: elke propeller is speciaal ontworpen voor de Autel Alpha-drone, wat een perfecte pasvorm en functie garandeert.","og_url":"https:\/\/koningdrone.be\/fr\/produit\/dronertk-ntrip-jaarabonnement-inclusief-m2m-simkaart\/","og_site_name":"koningdrone.be","article_modified_time":"2026-04-30T03:20:14+00:00","og_image":[{"width":699,"height":698,"url":"https:\/\/koningdrone.be\/wp-content\/uploads\/sites\/13\/2025\/04\/droneland-drone-rtk.png","type":"image\/png"}],"twitter_card":"summary_large_image","twitter_misc":{"Dur\u00e9e de lecture est.":"1 minute"},"schema":{"@context":"https:\/\/schema.org","@graph":[{"@type":"WebPage","@id":"https:\/\/koningdrone.be\/product\/dronertk-ntrip-jaarabonnement-inclusief-m2m-simkaart\/","url":"https:\/\/koningdrone.be\/product\/dronertk-ntrip-jaarabonnement-inclusief-m2m-simkaart\/","name":"DroneRTK NTRIP Jaarabonnement Inclusief M2M Simkaart - koningdrone.be","isPartOf":{"@id":"https:\/\/koningdrone.be\/#website"},"primaryImageOfPage":{"@id":"https:\/\/koningdrone.be\/product\/dronertk-ntrip-jaarabonnement-inclusief-m2m-simkaart\/#primaryimage"},"image":{"@id":"https:\/\/koningdrone.be\/product\/dronertk-ntrip-jaarabonnement-inclusief-m2m-simkaart\/#primaryimage"},"thumbnailUrl":"https:\/\/koningdrone.be\/wp-content\/uploads\/sites\/13\/2025\/04\/droneland-drone-rtk.png","datePublished":"2024-12-24T10:27:43+00:00","dateModified":"2026-04-30T03:20:14+00:00","breadcrumb":{"@id":"https:\/\/koningdrone.be\/product\/dronertk-ntrip-jaarabonnement-inclusief-m2m-simkaart\/#breadcrumb"},"inLanguage":"fr-BE","potentialAction":[{"@type":"ReadAction","target":["https:\/\/koningdrone.be\/product\/dronertk-ntrip-jaarabonnement-inclusief-m2m-simkaart\/"]}]},{"@type":"ImageObject","inLanguage":"fr-BE","@id":"https:\/\/koningdrone.be\/product\/dronertk-ntrip-jaarabonnement-inclusief-m2m-simkaart\/#primaryimage","url":"https:\/\/koningdrone.be\/wp-content\/uploads\/sites\/13\/2025\/04\/droneland-drone-rtk.png","contentUrl":"https:\/\/koningdrone.be\/wp-content\/uploads\/sites\/13\/2025\/04\/droneland-drone-rtk.png","width":699,"height":698},{"@type":"BreadcrumbList","@id":"https:\/\/koningdrone.be\/product\/dronertk-ntrip-jaarabonnement-inclusief-m2m-simkaart\/#breadcrumb","itemListElement":[{"@type":"ListItem","position":1,"name":"Home","item":"https:\/\/koningdrone.be\/"},{"@type":"ListItem","position":2,"name":"AVSS Parachute Recovery System for DJI Matrice 300\/350","item":"https:\/\/koningdrone.be\/product\/avss-parachute-recovery-system-for-dji-matrice-300-350\/"},{"@type":"ListItem","position":3,"name":"Alle producten","item":"https:\/\/koningdrone.be\/categorie\/alle-producten\/"},{"@type":"ListItem","position":4,"name":"DroneRTK NTRIP Jaarabonnement Inclusief M2M Simkaart"}]},{"@type":"WebSite","@id":"https:\/\/koningdrone.be\/#website","url":"https:\/\/koningdrone.be\/","name":"Koningdrone.be - Votre sp\u00e9cialiste en ligne en mati\u00e8re de drones, de cardans, de cam\u00e9ras et de centrales \u00e9lectriques.","description":"La boutique en ligne de drones et de cardans","publisher":{"@id":"https:\/\/koningdrone.be\/#organization"},"potentialAction":[{"@type":"SearchAction","target":{"@type":"EntryPoint","urlTemplate":"https:\/\/koningdrone.be\/?s={search_term_string}"},"query-input":{"@type":"PropertyValueSpecification","valueRequired":true,"valueName":"search_term_string"}}],"inLanguage":"fr-BE"},{"@type":"Organization","@id":"https:\/\/koningdrone.be\/#organization","name":"Kingdrone.co.uk","url":"https:\/\/koningdrone.be\/","logo":{"@type":"ImageObject","inLanguage":"fr-BE","@id":"https:\/\/koningdrone.be\/#\/schema\/logo\/image\/","url":"https:\/\/koningdrone.be\/wp-content\/uploads\/sites\/13\/2025\/04\/koningdrone-copyright-logo.svg","contentUrl":"https:\/\/koningdrone.be\/wp-content\/uploads\/sites\/13\/2025\/04\/koningdrone-copyright-logo.svg","width":227,"height":38,"caption":"Koningdrone.be"},"image":{"@id":"https:\/\/koningdrone.be\/#\/schema\/logo\/image\/"}}]}},"df_price":"","df_sale_price":"","df_regular_price":"","df_image_link":"https:\/\/koningdrone.be\/wp-content\/uploads\/sites\/13\/2025\/04\/droneland-drone-rtk-300x300.png","_links":{"self":[{"href":"https:\/\/koningdrone.be\/fr\/wp-json\/wp\/v2\/product\/1388","targetHints":{"allow":["GET"]}}],"collection":[{"href":"https:\/\/koningdrone.be\/fr\/wp-json\/wp\/v2\/product"}],"about":[{"href":"https:\/\/koningdrone.be\/fr\/wp-json\/wp\/v2\/types\/product"}],"wp:featuredmedia":[{"embeddable":true,"href":"https:\/\/koningdrone.be\/fr\/wp-json\/wp\/v2\/media\/1387"}],"wp:attachment":[{"href":"https:\/\/koningdrone.be\/fr\/wp-json\/wp\/v2\/media?parent=1388"}],"wp:term":[{"taxonomy":"product_brand","embeddable":true,"href":"https:\/\/koningdrone.be\/fr\/wp-json\/wp\/v2\/product_brand?post=1388"},{"taxonomy":"product_cat","embeddable":true,"href":"https:\/\/koningdrone.be\/fr\/wp-json\/wp\/v2\/product_cat?post=1388"},{"taxonomy":"product_tag","embeddable":true,"href":"https:\/\/koningdrone.be\/fr\/wp-json\/wp\/v2\/product_tag?post=1388"}],"curies":[{"name":"wp","href":"https:\/\/api.w.org\/{rel}","templated":true}]}}