{"id":1370,"date":"2025-01-28T10:00:23","date_gmt":"2025-01-28T10:00:23","guid":{"rendered":"https:\/\/koningdrone.nl\/kon\/product\/skyfend-hunter-shh100\/"},"modified":"2025-04-29T11:14:26","modified_gmt":"2025-04-29T11:14:26","slug":"skyfend-hunter-shh100","status":"publish","type":"product","link":"https:\/\/koningdrone.be\/fr\/produit\/skyfend-hunter-shh100\/","title":{"rendered":"Skyfend - Chasseur - SHH100"},"content":{"rendered":"<p>Le Skyfend Hunter est un canon brouilleur portable, \u00e9conomique et polyvalent, capable de d\u00e9tecter, d'identifier, de localiser et d'att\u00e9nuer les menaces li\u00e9es aux drones. Le Hunter offre une efficacit\u00e9 exceptionnelle contre la plupart des types et mod\u00e8les de drones. Il a la capacit\u00e9 de perturber simultan\u00e9ment la liaison de contr\u00f4le, la navigation et la transmission vid\u00e9o de plusieurs drones. Hunter r\u00e9volutionne la technologie d'att\u00e9nuation gr\u00e2ce \u00e0 sa conception \u00e9l\u00e9gante et tout-en-un, qui permet un brouillage RF et GNSS pr\u00e9cis. Avec son format compact et son interface conviviale, Hunter est la solution anti-drone ultime pour divers sc\u00e9narios, y compris la s\u00e9curit\u00e9 des \u00e9v\u00e9nements, la protection des VIP et la s\u00e9curit\u00e9 des installations \u00e9nerg\u00e9tiques.<\/p>","protected":false},"excerpt":{"rendered":"<ul>\n<li>Skyfend Hunter SHH100 en un seul brouilleur anti-drone D\u00e9tection et brouillage tout-en-un.<\/li>\n<li>Port\u00e9e de brouillage de 3 000 m.<\/li>\n<li>Couverture totale 400 MHz-6 GHz.<\/li>\n<li>\u00c9quip\u00e9 d'un \u00e9cran tactile de 3,5 pouces.<\/li>\n<li>Orientation guid\u00e9e.<\/li>\n<li>Brouillage intelligent.<\/li>\n<li>Journaux des utilisateurs.<\/li>\n<li>Mises \u00e0 jour du micrologiciel.<\/li>\n<\/ul>","protected":false},"featured_media":1243,"template":"","meta":{"_acf_changed":false},"product_brand":[],"product_cat":[97,142],"product_tag":[],"class_list":{"0":"post-1370","1":"product","2":"type-product","3":"status-publish","4":"has-post-thumbnail","6":"product_cat-alle-producten","7":"product_cat-skyfend","8":"pa_brand-skyfend","9":"pa_producttype-detecting-and-jamming-device","11":"first","12":"outofstock","13":"taxable","14":"shipping-taxable","15":"product-type-simple"},"acf":[],"yoast_head":"<!-- This site is optimized with the Yoast SEO Premium plugin v27.2 (Yoast SEO v27.2) - https:\/\/yoast.com\/product\/yoast-seo-premium-wordpress\/ -->\n<title>Skyfend - Hunter - SHH100 - koningdrone.be<\/title>\n<meta name=\"robots\" content=\"index, follow, max-snippet:-1, max-image-preview:large, max-video-preview:-1\" \/>\n<link rel=\"canonical\" href=\"https:\/\/koningdrone.be\/fr\/produit\/skyfend-hunter-shh100\/\" \/>\n<meta property=\"og:locale\" content=\"fr_FR\" \/>\n<meta property=\"og:type\" content=\"article\" \/>\n<meta property=\"og:title\" content=\"Skyfend - Hunter - SHH100\" \/>\n<meta property=\"og:description\" content=\"Skyfend Hunter SHH100 in a single anti-drone jammer All-in-one Detection and Jamming.Jamming Range of 3,000m.Full Coverage 400 MHz-6 GHz.Equipped with a 3.5-inch touchscreen.Guided Orientation.Intelligent Jamming.User Logs.Firmware Upgrades.\" \/>\n<meta property=\"og:url\" content=\"https:\/\/koningdrone.be\/fr\/produit\/skyfend-hunter-shh100\/\" \/>\n<meta property=\"og:site_name\" content=\"koningdrone.be\" \/>\n<meta property=\"article:modified_time\" content=\"2025-04-29T11:14:26+00:00\" \/>\n<meta property=\"og:image\" content=\"https:\/\/koningdrone.be\/wp-content\/uploads\/sites\/13\/2025\/04\/skyfend-hunter-canon-antidrone-detecte-localise-identifie-paralyse.png\" \/>\n\t<meta property=\"og:image:width\" content=\"800\" \/>\n\t<meta property=\"og:image:height\" content=\"800\" \/>\n\t<meta property=\"og:image:type\" content=\"image\/png\" \/>\n<meta name=\"twitter:card\" content=\"summary_large_image\" \/>\n<script type=\"application\/ld+json\" class=\"yoast-schema-graph\">{\"@context\":\"https:\/\/schema.org\",\"@graph\":[{\"@type\":\"WebPage\",\"@id\":\"https:\/\/koningdrone.be\/product\/skyfend-hunter-shh100\/\",\"url\":\"https:\/\/koningdrone.be\/product\/skyfend-hunter-shh100\/\",\"name\":\"Skyfend - Hunter - SHH100 - koningdrone.be\",\"isPartOf\":{\"@id\":\"https:\/\/koningdrone.be\/#website\"},\"primaryImageOfPage\":{\"@id\":\"https:\/\/koningdrone.be\/product\/skyfend-hunter-shh100\/#primaryimage\"},\"image\":{\"@id\":\"https:\/\/koningdrone.be\/product\/skyfend-hunter-shh100\/#primaryimage\"},\"thumbnailUrl\":\"https:\/\/koningdrone.be\/wp-content\/uploads\/sites\/13\/2025\/04\/skyfend-hunter-canon-antidrone-detecte-localise-identifie-paralyse.png\",\"datePublished\":\"2025-01-28T10:00:23+00:00\",\"dateModified\":\"2025-04-29T11:14:26+00:00\",\"breadcrumb\":{\"@id\":\"https:\/\/koningdrone.be\/product\/skyfend-hunter-shh100\/#breadcrumb\"},\"inLanguage\":\"fr-BE\",\"potentialAction\":[{\"@type\":\"ReadAction\",\"target\":[\"https:\/\/koningdrone.be\/product\/skyfend-hunter-shh100\/\"]}]},{\"@type\":\"ImageObject\",\"inLanguage\":\"fr-BE\",\"@id\":\"https:\/\/koningdrone.be\/product\/skyfend-hunter-shh100\/#primaryimage\",\"url\":\"https:\/\/koningdrone.be\/wp-content\/uploads\/sites\/13\/2025\/04\/skyfend-hunter-canon-antidrone-detecte-localise-identifie-paralyse.png\",\"contentUrl\":\"https:\/\/koningdrone.be\/wp-content\/uploads\/sites\/13\/2025\/04\/skyfend-hunter-canon-antidrone-detecte-localise-identifie-paralyse.png\",\"width\":800,\"height\":800},{\"@type\":\"BreadcrumbList\",\"@id\":\"https:\/\/koningdrone.be\/product\/skyfend-hunter-shh100\/#breadcrumb\",\"itemListElement\":[{\"@type\":\"ListItem\",\"position\":1,\"name\":\"Home\",\"item\":\"https:\/\/koningdrone.be\/\"},{\"@type\":\"ListItem\",\"position\":2,\"name\":\"AVSS Parachute Recovery System for DJI Matrice 300\/350\",\"item\":\"https:\/\/koningdrone.be\/product\/avss-parachute-recovery-system-for-dji-matrice-300-350\/\"},{\"@type\":\"ListItem\",\"position\":3,\"name\":\"Alle producten\",\"item\":\"https:\/\/koningdrone.be\/categorie\/alle-producten\/\"},{\"@type\":\"ListItem\",\"position\":4,\"name\":\"Skyfend &#8211; Hunter &#8211; SHH100\"}]},{\"@type\":\"WebSite\",\"@id\":\"https:\/\/koningdrone.be\/#website\",\"url\":\"https:\/\/koningdrone.be\/\",\"name\":\"Koningdrone.be - Uw online specialist in drones, gimbals, camera's en power stations.\",\"description\":\"De webshop in drones en gimbals\",\"publisher\":{\"@id\":\"https:\/\/koningdrone.be\/#organization\"},\"potentialAction\":[{\"@type\":\"SearchAction\",\"target\":{\"@type\":\"EntryPoint\",\"urlTemplate\":\"https:\/\/koningdrone.be\/?s={search_term_string}\"},\"query-input\":{\"@type\":\"PropertyValueSpecification\",\"valueRequired\":true,\"valueName\":\"search_term_string\"}}],\"inLanguage\":\"fr-BE\"},{\"@type\":\"Organization\",\"@id\":\"https:\/\/koningdrone.be\/#organization\",\"name\":\"Koningdrone.be\",\"url\":\"https:\/\/koningdrone.be\/\",\"logo\":{\"@type\":\"ImageObject\",\"inLanguage\":\"fr-BE\",\"@id\":\"https:\/\/koningdrone.be\/#\/schema\/logo\/image\/\",\"url\":\"https:\/\/koningdrone.be\/wp-content\/uploads\/sites\/13\/2025\/04\/koningdrone-copyright-logo.svg\",\"contentUrl\":\"https:\/\/koningdrone.be\/wp-content\/uploads\/sites\/13\/2025\/04\/koningdrone-copyright-logo.svg\",\"width\":227,\"height\":38,\"caption\":\"Koningdrone.be\"},\"image\":{\"@id\":\"https:\/\/koningdrone.be\/#\/schema\/logo\/image\/\"}}]}<\/script>\n<!-- \/ Yoast SEO Premium plugin. -->","yoast_head_json":{"title":"Skyfend - Hunter - SHH100 - koningdrone.be","robots":{"index":"index","follow":"follow","max-snippet":"max-snippet:-1","max-image-preview":"max-image-preview:large","max-video-preview":"max-video-preview:-1"},"canonical":"https:\/\/koningdrone.be\/fr\/produit\/skyfend-hunter-shh100\/","og_locale":"fr_FR","og_type":"article","og_title":"Skyfend - Hunter - SHH100","og_description":"Skyfend Hunter SHH100 in a single anti-drone jammer All-in-one Detection and Jamming.Jamming Range of 3,000m.Full Coverage 400 MHz-6 GHz.Equipped with a 3.5-inch touchscreen.Guided Orientation.Intelligent Jamming.User Logs.Firmware Upgrades.","og_url":"https:\/\/koningdrone.be\/fr\/produit\/skyfend-hunter-shh100\/","og_site_name":"koningdrone.be","article_modified_time":"2025-04-29T11:14:26+00:00","og_image":[{"width":800,"height":800,"url":"https:\/\/koningdrone.be\/wp-content\/uploads\/sites\/13\/2025\/04\/skyfend-hunter-canon-antidrone-detecte-localise-identifie-paralyse.png","type":"image\/png"}],"twitter_card":"summary_large_image","schema":{"@context":"https:\/\/schema.org","@graph":[{"@type":"WebPage","@id":"https:\/\/koningdrone.be\/product\/skyfend-hunter-shh100\/","url":"https:\/\/koningdrone.be\/product\/skyfend-hunter-shh100\/","name":"Skyfend - Hunter - SHH100 - koningdrone.be","isPartOf":{"@id":"https:\/\/koningdrone.be\/#website"},"primaryImageOfPage":{"@id":"https:\/\/koningdrone.be\/product\/skyfend-hunter-shh100\/#primaryimage"},"image":{"@id":"https:\/\/koningdrone.be\/product\/skyfend-hunter-shh100\/#primaryimage"},"thumbnailUrl":"https:\/\/koningdrone.be\/wp-content\/uploads\/sites\/13\/2025\/04\/skyfend-hunter-canon-antidrone-detecte-localise-identifie-paralyse.png","datePublished":"2025-01-28T10:00:23+00:00","dateModified":"2025-04-29T11:14:26+00:00","breadcrumb":{"@id":"https:\/\/koningdrone.be\/product\/skyfend-hunter-shh100\/#breadcrumb"},"inLanguage":"fr-BE","potentialAction":[{"@type":"ReadAction","target":["https:\/\/koningdrone.be\/product\/skyfend-hunter-shh100\/"]}]},{"@type":"ImageObject","inLanguage":"fr-BE","@id":"https:\/\/koningdrone.be\/product\/skyfend-hunter-shh100\/#primaryimage","url":"https:\/\/koningdrone.be\/wp-content\/uploads\/sites\/13\/2025\/04\/skyfend-hunter-canon-antidrone-detecte-localise-identifie-paralyse.png","contentUrl":"https:\/\/koningdrone.be\/wp-content\/uploads\/sites\/13\/2025\/04\/skyfend-hunter-canon-antidrone-detecte-localise-identifie-paralyse.png","width":800,"height":800},{"@type":"BreadcrumbList","@id":"https:\/\/koningdrone.be\/product\/skyfend-hunter-shh100\/#breadcrumb","itemListElement":[{"@type":"ListItem","position":1,"name":"Home","item":"https:\/\/koningdrone.be\/"},{"@type":"ListItem","position":2,"name":"AVSS Parachute Recovery System for DJI Matrice 300\/350","item":"https:\/\/koningdrone.be\/product\/avss-parachute-recovery-system-for-dji-matrice-300-350\/"},{"@type":"ListItem","position":3,"name":"Alle producten","item":"https:\/\/koningdrone.be\/categorie\/alle-producten\/"},{"@type":"ListItem","position":4,"name":"Skyfend &#8211; Hunter &#8211; SHH100"}]},{"@type":"WebSite","@id":"https:\/\/koningdrone.be\/#website","url":"https:\/\/koningdrone.be\/","name":"Koningdrone.be - Votre sp\u00e9cialiste en ligne en mati\u00e8re de drones, de cardans, de cam\u00e9ras et de centrales \u00e9lectriques.","description":"La boutique en ligne de drones et de cardans","publisher":{"@id":"https:\/\/koningdrone.be\/#organization"},"potentialAction":[{"@type":"SearchAction","target":{"@type":"EntryPoint","urlTemplate":"https:\/\/koningdrone.be\/?s={search_term_string}"},"query-input":{"@type":"PropertyValueSpecification","valueRequired":true,"valueName":"search_term_string"}}],"inLanguage":"fr-BE"},{"@type":"Organization","@id":"https:\/\/koningdrone.be\/#organization","name":"Kingdrone.co.uk","url":"https:\/\/koningdrone.be\/","logo":{"@type":"ImageObject","inLanguage":"fr-BE","@id":"https:\/\/koningdrone.be\/#\/schema\/logo\/image\/","url":"https:\/\/koningdrone.be\/wp-content\/uploads\/sites\/13\/2025\/04\/koningdrone-copyright-logo.svg","contentUrl":"https:\/\/koningdrone.be\/wp-content\/uploads\/sites\/13\/2025\/04\/koningdrone-copyright-logo.svg","width":227,"height":38,"caption":"Koningdrone.be"},"image":{"@id":"https:\/\/koningdrone.be\/#\/schema\/logo\/image\/"}}]}},"df_price":"","df_sale_price":"","df_regular_price":"","df_image_link":"https:\/\/koningdrone.be\/wp-content\/uploads\/sites\/13\/2025\/04\/skyfend-hunter-canon-antidrone-detecte-localise-identifie-paralyse-300x300.png","_links":{"self":[{"href":"https:\/\/koningdrone.be\/fr\/wp-json\/wp\/v2\/product\/1370","targetHints":{"allow":["GET"]}}],"collection":[{"href":"https:\/\/koningdrone.be\/fr\/wp-json\/wp\/v2\/product"}],"about":[{"href":"https:\/\/koningdrone.be\/fr\/wp-json\/wp\/v2\/types\/product"}],"wp:featuredmedia":[{"embeddable":true,"href":"https:\/\/koningdrone.be\/fr\/wp-json\/wp\/v2\/media\/1243"}],"wp:attachment":[{"href":"https:\/\/koningdrone.be\/fr\/wp-json\/wp\/v2\/media?parent=1370"}],"wp:term":[{"taxonomy":"product_brand","embeddable":true,"href":"https:\/\/koningdrone.be\/fr\/wp-json\/wp\/v2\/product_brand?post=1370"},{"taxonomy":"product_cat","embeddable":true,"href":"https:\/\/koningdrone.be\/fr\/wp-json\/wp\/v2\/product_cat?post=1370"},{"taxonomy":"product_tag","embeddable":true,"href":"https:\/\/koningdrone.be\/fr\/wp-json\/wp\/v2\/product_tag?post=1370"}],"curies":[{"name":"wp","href":"https:\/\/api.w.org\/{rel}","templated":true}]}}