{"id":1354,"date":"2025-01-28T10:06:33","date_gmt":"2025-01-28T09:06:33","guid":{"rendered":"https:\/\/koningdrone.nl\/kon\/product\/jzdrones-t60s-matrix-lamp\/"},"modified":"2026-04-29T04:51:08","modified_gmt":"2026-04-29T02:51:08","slug":"jzdrones-t60s-matrix-lamp","status":"publish","type":"product","link":"https:\/\/koningdrone.be\/fr\/produit\/jzdrones-t60s-matrix-lamp\/","title":{"rendered":"JZdrones T60s LAMPE MATRIX"},"content":{"rendered":"<p>La lampe matricielle JZ T60S est une solution d'\u00e9clairage de haute qualit\u00e9 con\u00e7ue pour les drones de la s\u00e9rie DJI Matrice 30. La lampe dispose d'un projecteur de 60W avec un angle de rayonnement de 16\u00b0 et fournit un \u00e9clairage homog\u00e8ne sur des distances de plus de 150 m\u00e8tres. La lampe prend en charge le r\u00e9glage de la luminosit\u00e9, les modes de lumi\u00e8re forte et de flash, tous contr\u00f4lables via DJI Pilot 2. Le syst\u00e8me de fixation rapide et le cardan orientable garantissent une int\u00e9gration transparente avec le drone, ce qui en fait la solution id\u00e9ale pour la recherche et le sauvetage, la surveillance et d'autres applications professionnelles.<\/p>","protected":false},"excerpt":{"rendered":"<ul>\n<li>Fournit un \u00e9clairage puissant de 60 W, id\u00e9al pour les applications professionnelles.<\/li>\n<li>L'angle de rayonnement est de 16\u00b0 pour un \u00e9clairage cibl\u00e9 et efficace.<\/li>\n<li>Permet de r\u00e9gler la luminosit\u00e9 et d'utiliser plusieurs modes d'\u00e9clairage pour diff\u00e9rents sc\u00e9narios.<\/li>\n<li>S'int\u00e8gre facilement aux drones de la s\u00e9rie DJI Matrice 30 gr\u00e2ce \u00e0 un syst\u00e8me de fixation rapide.<\/li>\n<li>Parfait pour la recherche et le sauvetage, la surveillance et d'autres op\u00e9rations critiques.<\/li>\n<\/ul>","protected":false},"featured_media":1352,"template":"","meta":{"_acf_changed":false},"product_brand":[],"product_cat":[126,97,149,150],"product_tag":[],"class_list":{"0":"post-1354","1":"product","2":"type-product","3":"status-publish","4":"has-post-thumbnail","6":"product_cat-alle-payloads","7":"product_cat-alle-producten","8":"product_cat-dji-matrice-30","9":"product_cat-jzdrones","10":"product_shipping_class-outofstock","11":"pa_brand-jzdrones","12":"pa_producttype-lamp","14":"first","15":"outofstock","16":"taxable","17":"shipping-taxable","18":"product-type-simple"},"acf":[],"yoast_head":"<!-- This site is optimized with the Yoast SEO Premium plugin v27.2 (Yoast SEO v27.2) - https:\/\/yoast.com\/product\/yoast-seo-premium-wordpress\/ -->\n<title>JZdrones T60s MATRIX LAMP - koningdrone.be<\/title>\n<meta name=\"robots\" content=\"index, follow, max-snippet:-1, max-image-preview:large, max-video-preview:-1\" \/>\n<link rel=\"canonical\" href=\"https:\/\/koningdrone.be\/fr\/produit\/jzdrones-t60s-matrix-lamp\/\" \/>\n<meta property=\"og:locale\" content=\"fr_FR\" \/>\n<meta property=\"og:type\" content=\"article\" \/>\n<meta property=\"og:title\" content=\"JZdrones T60s MATRIX LAMP\" \/>\n<meta property=\"og:description\" content=\"Biedt krachtige verlichting van 60 W, ideaal voor professionele toepassingen.Heeft een stralingshoek van 16\u00b0 voor gerichte en effici\u00ebnte verlichting.Ondersteunt instelbare helderheid en meerdere lichtstanden voor verschillende scenario&#039;s.Integreert eenvoudig met DJI Matrice 30-serie drones met behulp van quick-release montage.Perfect voor zoek- en reddingsacties, bewaking en andere kritieke operaties.\" \/>\n<meta property=\"og:url\" content=\"https:\/\/koningdrone.be\/fr\/produit\/jzdrones-t60s-matrix-lamp\/\" \/>\n<meta property=\"og:site_name\" content=\"koningdrone.be\" \/>\n<meta property=\"article:modified_time\" content=\"2026-04-29T02:51:08+00:00\" \/>\n<meta property=\"og:image\" content=\"https:\/\/koningdrone.be\/wp-content\/uploads\/sites\/13\/2025\/04\/T60S1.webp\" \/>\n\t<meta property=\"og:image:width\" content=\"795\" \/>\n\t<meta property=\"og:image:height\" content=\"633\" \/>\n\t<meta property=\"og:image:type\" content=\"image\/webp\" \/>\n<meta name=\"twitter:card\" content=\"summary_large_image\" \/>\n<script type=\"application\/ld+json\" class=\"yoast-schema-graph\">{\"@context\":\"https:\/\/schema.org\",\"@graph\":[{\"@type\":\"WebPage\",\"@id\":\"https:\/\/koningdrone.be\/product\/jzdrones-t60s-matrix-lamp\/\",\"url\":\"https:\/\/koningdrone.be\/product\/jzdrones-t60s-matrix-lamp\/\",\"name\":\"JZdrones T60s MATRIX LAMP - koningdrone.be\",\"isPartOf\":{\"@id\":\"https:\/\/koningdrone.be\/#website\"},\"primaryImageOfPage\":{\"@id\":\"https:\/\/koningdrone.be\/product\/jzdrones-t60s-matrix-lamp\/#primaryimage\"},\"image\":{\"@id\":\"https:\/\/koningdrone.be\/product\/jzdrones-t60s-matrix-lamp\/#primaryimage\"},\"thumbnailUrl\":\"https:\/\/koningdrone.be\/wp-content\/uploads\/sites\/13\/2025\/04\/T60S1.webp\",\"datePublished\":\"2025-01-28T09:06:33+00:00\",\"dateModified\":\"2026-04-29T02:51:08+00:00\",\"breadcrumb\":{\"@id\":\"https:\/\/koningdrone.be\/product\/jzdrones-t60s-matrix-lamp\/#breadcrumb\"},\"inLanguage\":\"fr-BE\",\"potentialAction\":[{\"@type\":\"ReadAction\",\"target\":[\"https:\/\/koningdrone.be\/product\/jzdrones-t60s-matrix-lamp\/\"]}]},{\"@type\":\"ImageObject\",\"inLanguage\":\"fr-BE\",\"@id\":\"https:\/\/koningdrone.be\/product\/jzdrones-t60s-matrix-lamp\/#primaryimage\",\"url\":\"https:\/\/koningdrone.be\/wp-content\/uploads\/sites\/13\/2025\/04\/T60S1.webp\",\"contentUrl\":\"https:\/\/koningdrone.be\/wp-content\/uploads\/sites\/13\/2025\/04\/T60S1.webp\",\"width\":795,\"height\":633},{\"@type\":\"BreadcrumbList\",\"@id\":\"https:\/\/koningdrone.be\/product\/jzdrones-t60s-matrix-lamp\/#breadcrumb\",\"itemListElement\":[{\"@type\":\"ListItem\",\"position\":1,\"name\":\"Home\",\"item\":\"https:\/\/koningdrone.be\/\"},{\"@type\":\"ListItem\",\"position\":2,\"name\":\"AVSS Parachute Recovery System for DJI Matrice 300\/350\",\"item\":\"https:\/\/koningdrone.be\/product\/avss-parachute-recovery-system-for-dji-matrice-300-350\/\"},{\"@type\":\"ListItem\",\"position\":3,\"name\":\"Alle payloads\",\"item\":\"https:\/\/koningdrone.be\/categorie\/alle-payloads\/\"},{\"@type\":\"ListItem\",\"position\":4,\"name\":\"JZdrones T60s MATRIX LAMP\"}]},{\"@type\":\"WebSite\",\"@id\":\"https:\/\/koningdrone.be\/#website\",\"url\":\"https:\/\/koningdrone.be\/\",\"name\":\"Koningdrone.be - Uw online specialist in drones, gimbals, camera's en power stations.\",\"description\":\"De webshop in drones en gimbals\",\"publisher\":{\"@id\":\"https:\/\/koningdrone.be\/#organization\"},\"potentialAction\":[{\"@type\":\"SearchAction\",\"target\":{\"@type\":\"EntryPoint\",\"urlTemplate\":\"https:\/\/koningdrone.be\/?s={search_term_string}\"},\"query-input\":{\"@type\":\"PropertyValueSpecification\",\"valueRequired\":true,\"valueName\":\"search_term_string\"}}],\"inLanguage\":\"fr-BE\"},{\"@type\":\"Organization\",\"@id\":\"https:\/\/koningdrone.be\/#organization\",\"name\":\"Koningdrone.be\",\"url\":\"https:\/\/koningdrone.be\/\",\"logo\":{\"@type\":\"ImageObject\",\"inLanguage\":\"fr-BE\",\"@id\":\"https:\/\/koningdrone.be\/#\/schema\/logo\/image\/\",\"url\":\"https:\/\/koningdrone.be\/wp-content\/uploads\/sites\/13\/2025\/04\/koningdrone-copyright-logo.svg\",\"contentUrl\":\"https:\/\/koningdrone.be\/wp-content\/uploads\/sites\/13\/2025\/04\/koningdrone-copyright-logo.svg\",\"width\":227,\"height\":38,\"caption\":\"Koningdrone.be\"},\"image\":{\"@id\":\"https:\/\/koningdrone.be\/#\/schema\/logo\/image\/\"}}]}<\/script>\n<!-- \/ Yoast SEO Premium plugin. -->","yoast_head_json":{"title":"JZdrones T60s MATRIX LAMP - koningdrone.be","robots":{"index":"index","follow":"follow","max-snippet":"max-snippet:-1","max-image-preview":"max-image-preview:large","max-video-preview":"max-video-preview:-1"},"canonical":"https:\/\/koningdrone.be\/fr\/produit\/jzdrones-t60s-matrix-lamp\/","og_locale":"fr_FR","og_type":"article","og_title":"JZdrones T60s MATRIX LAMP","og_description":"Biedt krachtige verlichting van 60 W, ideaal voor professionele toepassingen.Heeft een stralingshoek van 16\u00b0 voor gerichte en effici\u00ebnte verlichting.Ondersteunt instelbare helderheid en meerdere lichtstanden voor verschillende scenario's.Integreert eenvoudig met DJI Matrice 30-serie drones met behulp van quick-release montage.Perfect voor zoek- en reddingsacties, bewaking en andere kritieke operaties.","og_url":"https:\/\/koningdrone.be\/fr\/produit\/jzdrones-t60s-matrix-lamp\/","og_site_name":"koningdrone.be","article_modified_time":"2026-04-29T02:51:08+00:00","og_image":[{"width":795,"height":633,"url":"https:\/\/koningdrone.be\/wp-content\/uploads\/sites\/13\/2025\/04\/T60S1.webp","type":"image\/webp"}],"twitter_card":"summary_large_image","schema":{"@context":"https:\/\/schema.org","@graph":[{"@type":"WebPage","@id":"https:\/\/koningdrone.be\/product\/jzdrones-t60s-matrix-lamp\/","url":"https:\/\/koningdrone.be\/product\/jzdrones-t60s-matrix-lamp\/","name":"JZdrones T60s MATRIX LAMP - koningdrone.be","isPartOf":{"@id":"https:\/\/koningdrone.be\/#website"},"primaryImageOfPage":{"@id":"https:\/\/koningdrone.be\/product\/jzdrones-t60s-matrix-lamp\/#primaryimage"},"image":{"@id":"https:\/\/koningdrone.be\/product\/jzdrones-t60s-matrix-lamp\/#primaryimage"},"thumbnailUrl":"https:\/\/koningdrone.be\/wp-content\/uploads\/sites\/13\/2025\/04\/T60S1.webp","datePublished":"2025-01-28T09:06:33+00:00","dateModified":"2026-04-29T02:51:08+00:00","breadcrumb":{"@id":"https:\/\/koningdrone.be\/product\/jzdrones-t60s-matrix-lamp\/#breadcrumb"},"inLanguage":"fr-BE","potentialAction":[{"@type":"ReadAction","target":["https:\/\/koningdrone.be\/product\/jzdrones-t60s-matrix-lamp\/"]}]},{"@type":"ImageObject","inLanguage":"fr-BE","@id":"https:\/\/koningdrone.be\/product\/jzdrones-t60s-matrix-lamp\/#primaryimage","url":"https:\/\/koningdrone.be\/wp-content\/uploads\/sites\/13\/2025\/04\/T60S1.webp","contentUrl":"https:\/\/koningdrone.be\/wp-content\/uploads\/sites\/13\/2025\/04\/T60S1.webp","width":795,"height":633},{"@type":"BreadcrumbList","@id":"https:\/\/koningdrone.be\/product\/jzdrones-t60s-matrix-lamp\/#breadcrumb","itemListElement":[{"@type":"ListItem","position":1,"name":"Home","item":"https:\/\/koningdrone.be\/"},{"@type":"ListItem","position":2,"name":"AVSS Parachute Recovery System for DJI Matrice 300\/350","item":"https:\/\/koningdrone.be\/product\/avss-parachute-recovery-system-for-dji-matrice-300-350\/"},{"@type":"ListItem","position":3,"name":"Alle payloads","item":"https:\/\/koningdrone.be\/categorie\/alle-payloads\/"},{"@type":"ListItem","position":4,"name":"JZdrones T60s MATRIX LAMP"}]},{"@type":"WebSite","@id":"https:\/\/koningdrone.be\/#website","url":"https:\/\/koningdrone.be\/","name":"Koningdrone.be - Votre sp\u00e9cialiste en ligne en mati\u00e8re de drones, de cardans, de cam\u00e9ras et de centrales \u00e9lectriques.","description":"La boutique en ligne de drones et de cardans","publisher":{"@id":"https:\/\/koningdrone.be\/#organization"},"potentialAction":[{"@type":"SearchAction","target":{"@type":"EntryPoint","urlTemplate":"https:\/\/koningdrone.be\/?s={search_term_string}"},"query-input":{"@type":"PropertyValueSpecification","valueRequired":true,"valueName":"search_term_string"}}],"inLanguage":"fr-BE"},{"@type":"Organization","@id":"https:\/\/koningdrone.be\/#organization","name":"Kingdrone.co.uk","url":"https:\/\/koningdrone.be\/","logo":{"@type":"ImageObject","inLanguage":"fr-BE","@id":"https:\/\/koningdrone.be\/#\/schema\/logo\/image\/","url":"https:\/\/koningdrone.be\/wp-content\/uploads\/sites\/13\/2025\/04\/koningdrone-copyright-logo.svg","contentUrl":"https:\/\/koningdrone.be\/wp-content\/uploads\/sites\/13\/2025\/04\/koningdrone-copyright-logo.svg","width":227,"height":38,"caption":"Koningdrone.be"},"image":{"@id":"https:\/\/koningdrone.be\/#\/schema\/logo\/image\/"}}]}},"df_price":"","df_sale_price":"","df_regular_price":"","df_image_link":"https:\/\/koningdrone.be\/wp-content\/uploads\/sites\/13\/2025\/04\/T60S1-300x239.webp","_links":{"self":[{"href":"https:\/\/koningdrone.be\/fr\/wp-json\/wp\/v2\/product\/1354","targetHints":{"allow":["GET"]}}],"collection":[{"href":"https:\/\/koningdrone.be\/fr\/wp-json\/wp\/v2\/product"}],"about":[{"href":"https:\/\/koningdrone.be\/fr\/wp-json\/wp\/v2\/types\/product"}],"wp:featuredmedia":[{"embeddable":true,"href":"https:\/\/koningdrone.be\/fr\/wp-json\/wp\/v2\/media\/1352"}],"wp:attachment":[{"href":"https:\/\/koningdrone.be\/fr\/wp-json\/wp\/v2\/media?parent=1354"}],"wp:term":[{"taxonomy":"product_brand","embeddable":true,"href":"https:\/\/koningdrone.be\/fr\/wp-json\/wp\/v2\/product_brand?post=1354"},{"taxonomy":"product_cat","embeddable":true,"href":"https:\/\/koningdrone.be\/fr\/wp-json\/wp\/v2\/product_cat?post=1354"},{"taxonomy":"product_tag","embeddable":true,"href":"https:\/\/koningdrone.be\/fr\/wp-json\/wp\/v2\/product_tag?post=1354"}],"curies":[{"name":"wp","href":"https:\/\/api.w.org\/{rel}","templated":true}]}}