{"id":1351,"date":"2025-01-28T10:06:33","date_gmt":"2025-01-28T09:06:33","guid":{"rendered":"https:\/\/koningdrone.nl\/kon\/product\/dji-flip-intelligent-flight-battery\/"},"modified":"2026-04-29T03:30:29","modified_gmt":"2026-04-29T01:30:29","slug":"dji-flip-intelligent-flight-battery","status":"publish","type":"product","link":"https:\/\/koningdrone.be\/fr\/produit\/dji-flip-intelligent-flight-battery\/","title":{"rendered":"DJI Flip Batterie de vol intelligente"},"content":{"rendered":"<p>La batterie DJI Flip Intelligent Flight est une source d'alimentation de haute qualit\u00e9 con\u00e7ue pour faire voler votre drone plus longtemps et de mani\u00e8re plus fiable. Dot\u00e9e de fonctions de s\u00e9curit\u00e9 avanc\u00e9es, notamment une protection contre la surcharge et la d\u00e9charge, elle garantit des performances et une durabilit\u00e9 optimales. Le syst\u00e8me intelligent de gestion de la batterie fournit des mises \u00e0 jour en temps r\u00e9el sur les niveaux de puissance, afin que vous puissiez planifier vos vols avec pr\u00e9cision. L\u00e9ger et facile \u00e0 installer, il est le compagnon id\u00e9al pour les longues aventures dans le ciel.<\/p>","protected":false},"excerpt":{"rendered":"<ul>\n<li>Offre une dur\u00e9e de vol prolong\u00e9e pour des aventures plus longues dans le ciel.<\/li>\n<li>Il est dot\u00e9 d'un syst\u00e8me intelligent de gestion de la batterie pour un contr\u00f4le en temps r\u00e9el de la puissance.<\/li>\n<li>\u00c9quip\u00e9 de multiples protections de s\u00e9curit\u00e9, y compris la pr\u00e9vention de la surcharge et de la d\u00e9charge.<\/li>\n<li>Con\u00e7u pour une installation rapide et s\u00fbre, pour un fonctionnement sans faille.<\/li>\n<li>Optimis\u00e9 pour la fiabilit\u00e9 et la durabilit\u00e9 dans diverses conditions de vol.<\/li>\n<\/ul>","protected":false},"featured_media":1345,"template":"","meta":{"_acf_changed":false},"product_brand":[],"product_cat":[113,97,170],"product_tag":[],"class_list":{"0":"post-1351","1":"product","2":"type-product","3":"status-publish","4":"has-post-thumbnail","6":"product_cat-alle-batterijen","7":"product_cat-alle-producten","8":"product_cat-dji-flip","9":"product_shipping_class-uavspacesall","10":"pa_brand-dji","11":"pa_productfamily-flip","12":"pa_producttype-batterij","13":"pa_series-flip","15":"first","16":"instock","17":"taxable","18":"shipping-taxable","19":"purchasable","20":"product-type-simple"},"acf":[],"yoast_head":"<!-- This site is optimized with the Yoast SEO Premium plugin v27.2 (Yoast SEO v27.2) - https:\/\/yoast.com\/product\/yoast-seo-premium-wordpress\/ -->\n<title>DJI Flip Intelligent Flight Battery - koningdrone.be<\/title>\n<meta name=\"robots\" content=\"index, follow, max-snippet:-1, max-image-preview:large, max-video-preview:-1\" \/>\n<link rel=\"canonical\" href=\"https:\/\/koningdrone.be\/fr\/produit\/dji-flip-intelligent-flight-battery\/\" \/>\n<meta property=\"og:locale\" content=\"fr_FR\" \/>\n<meta property=\"og:type\" content=\"article\" \/>\n<meta property=\"og:title\" content=\"DJI Flip Intelligent Flight Battery\" \/>\n<meta property=\"og:description\" content=\"Biedt een langere vliegtijd voor langere avonturen in de lucht.  Beschikt over een intelligent batterijbeheersysteem voor realtime vermogensbewaking.  Uitgerust met meerdere veiligheidsbeveiligingen, waaronder overlaad- en ontlaadpreventie.  Ontworpen voor snelle en veilige installatie, voor naadloze werking.  Geoptimaliseerd voor betrouwbaarheid en duurzaamheid in verschillende vluchtomstandigheden.\" \/>\n<meta property=\"og:url\" content=\"https:\/\/koningdrone.be\/fr\/produit\/dji-flip-intelligent-flight-battery\/\" \/>\n<meta property=\"og:site_name\" content=\"koningdrone.be\" \/>\n<meta property=\"article:modified_time\" content=\"2026-04-29T01:30:29+00:00\" \/>\n<meta property=\"og:image\" content=\"https:\/\/koningdrone.be\/wp-content\/uploads\/sites\/13\/2025\/04\/d1692f56513b6698e7b63ed6b99c2a1e@large.webp\" \/>\n\t<meta property=\"og:image:width\" content=\"1200\" \/>\n\t<meta property=\"og:image:height\" content=\"800\" \/>\n\t<meta property=\"og:image:type\" content=\"image\/webp\" \/>\n<meta name=\"twitter:card\" content=\"summary_large_image\" \/>\n<meta name=\"twitter:label1\" content=\"Dur\u00e9e de lecture est.\" \/>\n\t<meta name=\"twitter:data1\" content=\"2 minutes\" \/>\n<script type=\"application\/ld+json\" class=\"yoast-schema-graph\">{\"@context\":\"https:\/\/schema.org\",\"@graph\":[{\"@type\":\"WebPage\",\"@id\":\"https:\/\/koningdrone.be\/product\/dji-flip-intelligent-flight-battery\/\",\"url\":\"https:\/\/koningdrone.be\/product\/dji-flip-intelligent-flight-battery\/\",\"name\":\"DJI Flip Intelligent Flight Battery - koningdrone.be\",\"isPartOf\":{\"@id\":\"https:\/\/koningdrone.be\/#website\"},\"primaryImageOfPage\":{\"@id\":\"https:\/\/koningdrone.be\/product\/dji-flip-intelligent-flight-battery\/#primaryimage\"},\"image\":{\"@id\":\"https:\/\/koningdrone.be\/product\/dji-flip-intelligent-flight-battery\/#primaryimage\"},\"thumbnailUrl\":\"https:\/\/koningdrone.be\/wp-content\/uploads\/sites\/13\/2025\/04\/d1692f56513b6698e7b63ed6b99c2a1e@large.webp\",\"datePublished\":\"2025-01-28T09:06:33+00:00\",\"dateModified\":\"2026-04-29T01:30:29+00:00\",\"breadcrumb\":{\"@id\":\"https:\/\/koningdrone.be\/product\/dji-flip-intelligent-flight-battery\/#breadcrumb\"},\"inLanguage\":\"fr-BE\",\"potentialAction\":[{\"@type\":\"ReadAction\",\"target\":[\"https:\/\/koningdrone.be\/product\/dji-flip-intelligent-flight-battery\/\"]}]},{\"@type\":\"ImageObject\",\"inLanguage\":\"fr-BE\",\"@id\":\"https:\/\/koningdrone.be\/product\/dji-flip-intelligent-flight-battery\/#primaryimage\",\"url\":\"https:\/\/koningdrone.be\/wp-content\/uploads\/sites\/13\/2025\/04\/d1692f56513b6698e7b63ed6b99c2a1e@large.webp\",\"contentUrl\":\"https:\/\/koningdrone.be\/wp-content\/uploads\/sites\/13\/2025\/04\/d1692f56513b6698e7b63ed6b99c2a1e@large.webp\",\"width\":1200,\"height\":800},{\"@type\":\"BreadcrumbList\",\"@id\":\"https:\/\/koningdrone.be\/product\/dji-flip-intelligent-flight-battery\/#breadcrumb\",\"itemListElement\":[{\"@type\":\"ListItem\",\"position\":1,\"name\":\"Home\",\"item\":\"https:\/\/koningdrone.be\/\"},{\"@type\":\"ListItem\",\"position\":2,\"name\":\"AVSS Parachute Recovery System for DJI Matrice 300\/350\",\"item\":\"https:\/\/koningdrone.be\/product\/avss-parachute-recovery-system-for-dji-matrice-300-350\/\"},{\"@type\":\"ListItem\",\"position\":3,\"name\":\"Alle batterijen\",\"item\":\"https:\/\/koningdrone.be\/categorie\/alle-batterijen\/\"},{\"@type\":\"ListItem\",\"position\":4,\"name\":\"DJI Flip Intelligent Flight Battery\"}]},{\"@type\":\"WebSite\",\"@id\":\"https:\/\/koningdrone.be\/#website\",\"url\":\"https:\/\/koningdrone.be\/\",\"name\":\"Koningdrone.be - Uw online specialist in drones, gimbals, camera's en power stations.\",\"description\":\"De webshop in drones en gimbals\",\"publisher\":{\"@id\":\"https:\/\/koningdrone.be\/#organization\"},\"potentialAction\":[{\"@type\":\"SearchAction\",\"target\":{\"@type\":\"EntryPoint\",\"urlTemplate\":\"https:\/\/koningdrone.be\/?s={search_term_string}\"},\"query-input\":{\"@type\":\"PropertyValueSpecification\",\"valueRequired\":true,\"valueName\":\"search_term_string\"}}],\"inLanguage\":\"fr-BE\"},{\"@type\":\"Organization\",\"@id\":\"https:\/\/koningdrone.be\/#organization\",\"name\":\"Koningdrone.be\",\"url\":\"https:\/\/koningdrone.be\/\",\"logo\":{\"@type\":\"ImageObject\",\"inLanguage\":\"fr-BE\",\"@id\":\"https:\/\/koningdrone.be\/#\/schema\/logo\/image\/\",\"url\":\"https:\/\/koningdrone.be\/wp-content\/uploads\/sites\/13\/2025\/04\/koningdrone-copyright-logo.svg\",\"contentUrl\":\"https:\/\/koningdrone.be\/wp-content\/uploads\/sites\/13\/2025\/04\/koningdrone-copyright-logo.svg\",\"width\":227,\"height\":38,\"caption\":\"Koningdrone.be\"},\"image\":{\"@id\":\"https:\/\/koningdrone.be\/#\/schema\/logo\/image\/\"}}]}<\/script>\n<!-- \/ Yoast SEO Premium plugin. -->","yoast_head_json":{"title":"DJI Flip Intelligent Flight Battery - koningdrone.be","robots":{"index":"index","follow":"follow","max-snippet":"max-snippet:-1","max-image-preview":"max-image-preview:large","max-video-preview":"max-video-preview:-1"},"canonical":"https:\/\/koningdrone.be\/fr\/produit\/dji-flip-intelligent-flight-battery\/","og_locale":"fr_FR","og_type":"article","og_title":"DJI Flip Intelligent Flight Battery","og_description":"Biedt een langere vliegtijd voor langere avonturen in de lucht.  Beschikt over een intelligent batterijbeheersysteem voor realtime vermogensbewaking.  Uitgerust met meerdere veiligheidsbeveiligingen, waaronder overlaad- en ontlaadpreventie.  Ontworpen voor snelle en veilige installatie, voor naadloze werking.  Geoptimaliseerd voor betrouwbaarheid en duurzaamheid in verschillende vluchtomstandigheden.","og_url":"https:\/\/koningdrone.be\/fr\/produit\/dji-flip-intelligent-flight-battery\/","og_site_name":"koningdrone.be","article_modified_time":"2026-04-29T01:30:29+00:00","og_image":[{"width":1200,"height":800,"url":"https:\/\/koningdrone.be\/wp-content\/uploads\/sites\/13\/2025\/04\/d1692f56513b6698e7b63ed6b99c2a1e@large.webp","type":"image\/webp"}],"twitter_card":"summary_large_image","twitter_misc":{"Dur\u00e9e de lecture est.":"2 minutes"},"schema":{"@context":"https:\/\/schema.org","@graph":[{"@type":"WebPage","@id":"https:\/\/koningdrone.be\/product\/dji-flip-intelligent-flight-battery\/","url":"https:\/\/koningdrone.be\/product\/dji-flip-intelligent-flight-battery\/","name":"DJI Flip Intelligent Flight Battery - koningdrone.be","isPartOf":{"@id":"https:\/\/koningdrone.be\/#website"},"primaryImageOfPage":{"@id":"https:\/\/koningdrone.be\/product\/dji-flip-intelligent-flight-battery\/#primaryimage"},"image":{"@id":"https:\/\/koningdrone.be\/product\/dji-flip-intelligent-flight-battery\/#primaryimage"},"thumbnailUrl":"https:\/\/koningdrone.be\/wp-content\/uploads\/sites\/13\/2025\/04\/d1692f56513b6698e7b63ed6b99c2a1e@large.webp","datePublished":"2025-01-28T09:06:33+00:00","dateModified":"2026-04-29T01:30:29+00:00","breadcrumb":{"@id":"https:\/\/koningdrone.be\/product\/dji-flip-intelligent-flight-battery\/#breadcrumb"},"inLanguage":"fr-BE","potentialAction":[{"@type":"ReadAction","target":["https:\/\/koningdrone.be\/product\/dji-flip-intelligent-flight-battery\/"]}]},{"@type":"ImageObject","inLanguage":"fr-BE","@id":"https:\/\/koningdrone.be\/product\/dji-flip-intelligent-flight-battery\/#primaryimage","url":"https:\/\/koningdrone.be\/wp-content\/uploads\/sites\/13\/2025\/04\/d1692f56513b6698e7b63ed6b99c2a1e@large.webp","contentUrl":"https:\/\/koningdrone.be\/wp-content\/uploads\/sites\/13\/2025\/04\/d1692f56513b6698e7b63ed6b99c2a1e@large.webp","width":1200,"height":800},{"@type":"BreadcrumbList","@id":"https:\/\/koningdrone.be\/product\/dji-flip-intelligent-flight-battery\/#breadcrumb","itemListElement":[{"@type":"ListItem","position":1,"name":"Home","item":"https:\/\/koningdrone.be\/"},{"@type":"ListItem","position":2,"name":"AVSS Parachute Recovery System for DJI Matrice 300\/350","item":"https:\/\/koningdrone.be\/product\/avss-parachute-recovery-system-for-dji-matrice-300-350\/"},{"@type":"ListItem","position":3,"name":"Alle batterijen","item":"https:\/\/koningdrone.be\/categorie\/alle-batterijen\/"},{"@type":"ListItem","position":4,"name":"DJI Flip Intelligent Flight Battery"}]},{"@type":"WebSite","@id":"https:\/\/koningdrone.be\/#website","url":"https:\/\/koningdrone.be\/","name":"Koningdrone.be - Votre sp\u00e9cialiste en ligne en mati\u00e8re de drones, de cardans, de cam\u00e9ras et de centrales \u00e9lectriques.","description":"La boutique en ligne de drones et de cardans","publisher":{"@id":"https:\/\/koningdrone.be\/#organization"},"potentialAction":[{"@type":"SearchAction","target":{"@type":"EntryPoint","urlTemplate":"https:\/\/koningdrone.be\/?s={search_term_string}"},"query-input":{"@type":"PropertyValueSpecification","valueRequired":true,"valueName":"search_term_string"}}],"inLanguage":"fr-BE"},{"@type":"Organization","@id":"https:\/\/koningdrone.be\/#organization","name":"Kingdrone.co.uk","url":"https:\/\/koningdrone.be\/","logo":{"@type":"ImageObject","inLanguage":"fr-BE","@id":"https:\/\/koningdrone.be\/#\/schema\/logo\/image\/","url":"https:\/\/koningdrone.be\/wp-content\/uploads\/sites\/13\/2025\/04\/koningdrone-copyright-logo.svg","contentUrl":"https:\/\/koningdrone.be\/wp-content\/uploads\/sites\/13\/2025\/04\/koningdrone-copyright-logo.svg","width":227,"height":38,"caption":"Koningdrone.be"},"image":{"@id":"https:\/\/koningdrone.be\/#\/schema\/logo\/image\/"}}]}},"df_price":66,"df_sale_price":"","df_regular_price":66,"df_image_link":"https:\/\/koningdrone.be\/wp-content\/uploads\/sites\/13\/2025\/04\/d1692f56513b6698e7b63ed6b99c2a1e@large-300x200.webp","_links":{"self":[{"href":"https:\/\/koningdrone.be\/fr\/wp-json\/wp\/v2\/product\/1351","targetHints":{"allow":["GET"]}}],"collection":[{"href":"https:\/\/koningdrone.be\/fr\/wp-json\/wp\/v2\/product"}],"about":[{"href":"https:\/\/koningdrone.be\/fr\/wp-json\/wp\/v2\/types\/product"}],"wp:featuredmedia":[{"embeddable":true,"href":"https:\/\/koningdrone.be\/fr\/wp-json\/wp\/v2\/media\/1345"}],"wp:attachment":[{"href":"https:\/\/koningdrone.be\/fr\/wp-json\/wp\/v2\/media?parent=1351"}],"wp:term":[{"taxonomy":"product_brand","embeddable":true,"href":"https:\/\/koningdrone.be\/fr\/wp-json\/wp\/v2\/product_brand?post=1351"},{"taxonomy":"product_cat","embeddable":true,"href":"https:\/\/koningdrone.be\/fr\/wp-json\/wp\/v2\/product_cat?post=1351"},{"taxonomy":"product_tag","embeddable":true,"href":"https:\/\/koningdrone.be\/fr\/wp-json\/wp\/v2\/product_tag?post=1351"}],"curies":[{"name":"wp","href":"https:\/\/api.w.org\/{rel}","templated":true}]}}