{"id":1341,"date":"2025-01-28T10:06:33","date_gmt":"2025-01-28T09:06:33","guid":{"rendered":"https:\/\/koningdrone.nl\/kon\/product\/dji-flip-fly-more-combo-including-dji-rc331-smart-controller\/"},"modified":"2026-04-29T04:10:32","modified_gmt":"2026-04-29T02:10:32","slug":"dji-flip-fly-more-combo-including-dji-rc331-smart-controller","status":"publish","type":"product","link":"https:\/\/koningdrone.be\/fr\/produit\/dji-flip-fly-more-combo-including-dji-rc331-smart-controller\/","title":{"rendered":"DJI Flip - Fly more Combo - Incluant DJI RC331 Smart Controller"},"content":{"rendered":"<p>Le DJI Flip - Fly More Combo, avec le DJI RC331 Smart Controller, est l'ensemble ultime pour un temps de vol plus long et plus de cr\u00e9ativit\u00e9 depuis les airs. Ce combo comprend des batteries suppl\u00e9mentaires, des h\u00e9lices de rechange et des accessoires essentiels pour vous permettre de voler plus longtemps sans interruption. Le contr\u00f4leur DJI RC331 Smart offre un \u00e9cran haute r\u00e9solution transparent et des commandes intuitives pour une exp\u00e9rience de vol sup\u00e9rieure. Que vous filmiez des s\u00e9quences cin\u00e9matographiques ou que vous exploriez de nouvelles perspectives, le combo DJI Flip - Fly More offre tout ce dont vous avez besoin pour une aventure de drone sans pareil.<\/p>","protected":false},"excerpt":{"rendered":"<ul>\n<li>Protections d'h\u00e9lice int\u00e9gr\u00e9es avec couverture totale<\/li>\n<li>Conception portable avec h\u00e9lices pliables<\/li>\n<li>Vid\u00e9o horizontale jusqu'\u00e0 4K60<\/li>\n<li>Vid\u00e9o verticale jusqu'\u00e0 2,7K<\/li>\n<li>Images fixes de 48 Mpx<\/li>\n<li>Suivi des sujets par l'IA et modes de vol automatiques<\/li>\n<li>Dur\u00e9e de vol jusqu'\u00e0 31 minutes<\/li>\n<li>Transmission O4 avec jusqu'\u00e0 8 miles d'autonomie<\/li>\n<li>Mode couleur D-Log M 10 bits<\/li>\n<li>DJI RC331 Smart Controller &amp; Fly More Combo inclus<\/li>\n<\/ul>","protected":false},"featured_media":1332,"template":"","meta":{"_acf_changed":false},"product_brand":[],"product_cat":[135,97,136,170,177],"product_tag":[],"class_list":{"0":"post-1341","1":"product","2":"type-product","3":"status-publish","4":"has-post-thumbnail","6":"product_cat-alle-drones","7":"product_cat-alle-producten","8":"product_cat-consumer-drones","9":"product_cat-dji-flip","10":"product_cat-drones-zonder-certificaat","11":"product_shipping_class-acsystemsall","12":"pa_brand-dji","13":"pa_productfamily-flip","14":"pa_producttype-drone","15":"pa_series-flip","17":"first","18":"instock","19":"taxable","20":"shipping-taxable","21":"purchasable","22":"product-type-simple"},"acf":[],"yoast_head":"<!-- This site is optimized with the Yoast SEO Premium plugin v27.2 (Yoast SEO v27.2) - https:\/\/yoast.com\/product\/yoast-seo-premium-wordpress\/ -->\n<title>DJI Flip - Fly more Combo - Including DJI RC331 Smart Controller - koningdrone.be<\/title>\n<meta name=\"robots\" content=\"index, follow, max-snippet:-1, max-image-preview:large, max-video-preview:-1\" \/>\n<link rel=\"canonical\" href=\"https:\/\/koningdrone.be\/fr\/produit\/dji-flip-fly-more-combo-including-dji-rc331-smart-controller\/\" \/>\n<meta property=\"og:locale\" content=\"fr_FR\" \/>\n<meta property=\"og:type\" content=\"article\" \/>\n<meta property=\"og:title\" content=\"DJI Flip - Fly more Combo - Including DJI RC331 Smart Controller\" \/>\n<meta property=\"og:description\" content=\"Ingebouwde propellerbeschermers met volledige dekkingDraagbaar ontwerp met inklapbare propellersTot 4K60 horizontale videoTot 2,7K verticale video48MP stilstaande beeldenAI Onderwerp Volgen &amp; Automatische VluchtmodiVliegtijd tot 31 minutenO4 Transmissie met maximaal 8 mijl bereik10-bit D-Log M kleurmodusDJI RC331 Smart Controller &amp; Fly More Combo meegeleverd\" \/>\n<meta property=\"og:url\" content=\"https:\/\/koningdrone.be\/fr\/produit\/dji-flip-fly-more-combo-including-dji-rc331-smart-controller\/\" \/>\n<meta property=\"og:site_name\" content=\"koningdrone.be\" \/>\n<meta property=\"article:modified_time\" content=\"2026-04-29T02:10:32+00:00\" \/>\n<meta property=\"og:image\" content=\"https:\/\/koningdrone.be\/wp-content\/uploads\/sites\/13\/2025\/04\/DJI-Flip-Drone-Fly-more-Combo-with-DJI-RC331-Smart-Controller.jpg\" \/>\n\t<meta property=\"og:image:width\" content=\"1000\" \/>\n\t<meta property=\"og:image:height\" content=\"1000\" \/>\n\t<meta property=\"og:image:type\" content=\"image\/jpeg\" \/>\n<meta name=\"twitter:card\" content=\"summary_large_image\" \/>\n<script type=\"application\/ld+json\" class=\"yoast-schema-graph\">{\"@context\":\"https:\/\/schema.org\",\"@graph\":[{\"@type\":\"WebPage\",\"@id\":\"https:\/\/koningdrone.be\/product\/dji-flip-fly-more-combo-including-dji-rc331-smart-controller\/\",\"url\":\"https:\/\/koningdrone.be\/product\/dji-flip-fly-more-combo-including-dji-rc331-smart-controller\/\",\"name\":\"DJI Flip - Fly more Combo - Including DJI RC331 Smart Controller - koningdrone.be\",\"isPartOf\":{\"@id\":\"https:\/\/koningdrone.be\/#website\"},\"primaryImageOfPage\":{\"@id\":\"https:\/\/koningdrone.be\/product\/dji-flip-fly-more-combo-including-dji-rc331-smart-controller\/#primaryimage\"},\"image\":{\"@id\":\"https:\/\/koningdrone.be\/product\/dji-flip-fly-more-combo-including-dji-rc331-smart-controller\/#primaryimage\"},\"thumbnailUrl\":\"https:\/\/koningdrone.be\/wp-content\/uploads\/sites\/13\/2025\/04\/DJI-Flip-Drone-Fly-more-Combo-with-DJI-RC331-Smart-Controller.jpg\",\"datePublished\":\"2025-01-28T09:06:33+00:00\",\"dateModified\":\"2026-04-29T02:10:32+00:00\",\"breadcrumb\":{\"@id\":\"https:\/\/koningdrone.be\/product\/dji-flip-fly-more-combo-including-dji-rc331-smart-controller\/#breadcrumb\"},\"inLanguage\":\"fr-BE\",\"potentialAction\":[{\"@type\":\"ReadAction\",\"target\":[\"https:\/\/koningdrone.be\/product\/dji-flip-fly-more-combo-including-dji-rc331-smart-controller\/\"]}]},{\"@type\":\"ImageObject\",\"inLanguage\":\"fr-BE\",\"@id\":\"https:\/\/koningdrone.be\/product\/dji-flip-fly-more-combo-including-dji-rc331-smart-controller\/#primaryimage\",\"url\":\"https:\/\/koningdrone.be\/wp-content\/uploads\/sites\/13\/2025\/04\/DJI-Flip-Drone-Fly-more-Combo-with-DJI-RC331-Smart-Controller.jpg\",\"contentUrl\":\"https:\/\/koningdrone.be\/wp-content\/uploads\/sites\/13\/2025\/04\/DJI-Flip-Drone-Fly-more-Combo-with-DJI-RC331-Smart-Controller.jpg\",\"width\":1000,\"height\":1000},{\"@type\":\"BreadcrumbList\",\"@id\":\"https:\/\/koningdrone.be\/product\/dji-flip-fly-more-combo-including-dji-rc331-smart-controller\/#breadcrumb\",\"itemListElement\":[{\"@type\":\"ListItem\",\"position\":1,\"name\":\"Home\",\"item\":\"https:\/\/koningdrone.be\/\"},{\"@type\":\"ListItem\",\"position\":2,\"name\":\"AVSS Parachute Recovery System for DJI Matrice 300\/350\",\"item\":\"https:\/\/koningdrone.be\/product\/avss-parachute-recovery-system-for-dji-matrice-300-350\/\"},{\"@type\":\"ListItem\",\"position\":3,\"name\":\"Alle drones\",\"item\":\"https:\/\/koningdrone.be\/categorie\/alle-drones\/\"},{\"@type\":\"ListItem\",\"position\":4,\"name\":\"DJI Flip &#8211; Fly more Combo &#8211; Including DJI RC331 Smart Controller\"}]},{\"@type\":\"WebSite\",\"@id\":\"https:\/\/koningdrone.be\/#website\",\"url\":\"https:\/\/koningdrone.be\/\",\"name\":\"Koningdrone.be - Uw online specialist in drones, gimbals, camera's en power stations.\",\"description\":\"De webshop in drones en gimbals\",\"publisher\":{\"@id\":\"https:\/\/koningdrone.be\/#organization\"},\"potentialAction\":[{\"@type\":\"SearchAction\",\"target\":{\"@type\":\"EntryPoint\",\"urlTemplate\":\"https:\/\/koningdrone.be\/?s={search_term_string}\"},\"query-input\":{\"@type\":\"PropertyValueSpecification\",\"valueRequired\":true,\"valueName\":\"search_term_string\"}}],\"inLanguage\":\"fr-BE\"},{\"@type\":\"Organization\",\"@id\":\"https:\/\/koningdrone.be\/#organization\",\"name\":\"Koningdrone.be\",\"url\":\"https:\/\/koningdrone.be\/\",\"logo\":{\"@type\":\"ImageObject\",\"inLanguage\":\"fr-BE\",\"@id\":\"https:\/\/koningdrone.be\/#\/schema\/logo\/image\/\",\"url\":\"https:\/\/koningdrone.be\/wp-content\/uploads\/sites\/13\/2025\/04\/koningdrone-copyright-logo.svg\",\"contentUrl\":\"https:\/\/koningdrone.be\/wp-content\/uploads\/sites\/13\/2025\/04\/koningdrone-copyright-logo.svg\",\"width\":227,\"height\":38,\"caption\":\"Koningdrone.be\"},\"image\":{\"@id\":\"https:\/\/koningdrone.be\/#\/schema\/logo\/image\/\"}}]}<\/script>\n<!-- \/ Yoast SEO Premium plugin. -->","yoast_head_json":{"title":"DJI Flip - Fly more Combo - Including DJI RC331 Smart Controller - koningdrone.be","robots":{"index":"index","follow":"follow","max-snippet":"max-snippet:-1","max-image-preview":"max-image-preview:large","max-video-preview":"max-video-preview:-1"},"canonical":"https:\/\/koningdrone.be\/fr\/produit\/dji-flip-fly-more-combo-including-dji-rc331-smart-controller\/","og_locale":"fr_FR","og_type":"article","og_title":"DJI Flip - Fly more Combo - Including DJI RC331 Smart Controller","og_description":"Ingebouwde propellerbeschermers met volledige dekkingDraagbaar ontwerp met inklapbare propellersTot 4K60 horizontale videoTot 2,7K verticale video48MP stilstaande beeldenAI Onderwerp Volgen &amp; Automatische VluchtmodiVliegtijd tot 31 minutenO4 Transmissie met maximaal 8 mijl bereik10-bit D-Log M kleurmodusDJI RC331 Smart Controller &amp; Fly More Combo meegeleverd","og_url":"https:\/\/koningdrone.be\/fr\/produit\/dji-flip-fly-more-combo-including-dji-rc331-smart-controller\/","og_site_name":"koningdrone.be","article_modified_time":"2026-04-29T02:10:32+00:00","og_image":[{"width":1000,"height":1000,"url":"https:\/\/koningdrone.be\/wp-content\/uploads\/sites\/13\/2025\/04\/DJI-Flip-Drone-Fly-more-Combo-with-DJI-RC331-Smart-Controller.jpg","type":"image\/jpeg"}],"twitter_card":"summary_large_image","schema":{"@context":"https:\/\/schema.org","@graph":[{"@type":"WebPage","@id":"https:\/\/koningdrone.be\/product\/dji-flip-fly-more-combo-including-dji-rc331-smart-controller\/","url":"https:\/\/koningdrone.be\/product\/dji-flip-fly-more-combo-including-dji-rc331-smart-controller\/","name":"DJI Flip - Fly more Combo - Including DJI RC331 Smart Controller - koningdrone.be","isPartOf":{"@id":"https:\/\/koningdrone.be\/#website"},"primaryImageOfPage":{"@id":"https:\/\/koningdrone.be\/product\/dji-flip-fly-more-combo-including-dji-rc331-smart-controller\/#primaryimage"},"image":{"@id":"https:\/\/koningdrone.be\/product\/dji-flip-fly-more-combo-including-dji-rc331-smart-controller\/#primaryimage"},"thumbnailUrl":"https:\/\/koningdrone.be\/wp-content\/uploads\/sites\/13\/2025\/04\/DJI-Flip-Drone-Fly-more-Combo-with-DJI-RC331-Smart-Controller.jpg","datePublished":"2025-01-28T09:06:33+00:00","dateModified":"2026-04-29T02:10:32+00:00","breadcrumb":{"@id":"https:\/\/koningdrone.be\/product\/dji-flip-fly-more-combo-including-dji-rc331-smart-controller\/#breadcrumb"},"inLanguage":"fr-BE","potentialAction":[{"@type":"ReadAction","target":["https:\/\/koningdrone.be\/product\/dji-flip-fly-more-combo-including-dji-rc331-smart-controller\/"]}]},{"@type":"ImageObject","inLanguage":"fr-BE","@id":"https:\/\/koningdrone.be\/product\/dji-flip-fly-more-combo-including-dji-rc331-smart-controller\/#primaryimage","url":"https:\/\/koningdrone.be\/wp-content\/uploads\/sites\/13\/2025\/04\/DJI-Flip-Drone-Fly-more-Combo-with-DJI-RC331-Smart-Controller.jpg","contentUrl":"https:\/\/koningdrone.be\/wp-content\/uploads\/sites\/13\/2025\/04\/DJI-Flip-Drone-Fly-more-Combo-with-DJI-RC331-Smart-Controller.jpg","width":1000,"height":1000},{"@type":"BreadcrumbList","@id":"https:\/\/koningdrone.be\/product\/dji-flip-fly-more-combo-including-dji-rc331-smart-controller\/#breadcrumb","itemListElement":[{"@type":"ListItem","position":1,"name":"Home","item":"https:\/\/koningdrone.be\/"},{"@type":"ListItem","position":2,"name":"AVSS Parachute Recovery System for DJI Matrice 300\/350","item":"https:\/\/koningdrone.be\/product\/avss-parachute-recovery-system-for-dji-matrice-300-350\/"},{"@type":"ListItem","position":3,"name":"Alle drones","item":"https:\/\/koningdrone.be\/categorie\/alle-drones\/"},{"@type":"ListItem","position":4,"name":"DJI Flip &#8211; Fly more Combo &#8211; Including DJI RC331 Smart Controller"}]},{"@type":"WebSite","@id":"https:\/\/koningdrone.be\/#website","url":"https:\/\/koningdrone.be\/","name":"Koningdrone.be - Votre sp\u00e9cialiste en ligne en mati\u00e8re de drones, de cardans, de cam\u00e9ras et de centrales \u00e9lectriques.","description":"La boutique en ligne de drones et de cardans","publisher":{"@id":"https:\/\/koningdrone.be\/#organization"},"potentialAction":[{"@type":"SearchAction","target":{"@type":"EntryPoint","urlTemplate":"https:\/\/koningdrone.be\/?s={search_term_string}"},"query-input":{"@type":"PropertyValueSpecification","valueRequired":true,"valueName":"search_term_string"}}],"inLanguage":"fr-BE"},{"@type":"Organization","@id":"https:\/\/koningdrone.be\/#organization","name":"Kingdrone.co.uk","url":"https:\/\/koningdrone.be\/","logo":{"@type":"ImageObject","inLanguage":"fr-BE","@id":"https:\/\/koningdrone.be\/#\/schema\/logo\/image\/","url":"https:\/\/koningdrone.be\/wp-content\/uploads\/sites\/13\/2025\/04\/koningdrone-copyright-logo.svg","contentUrl":"https:\/\/koningdrone.be\/wp-content\/uploads\/sites\/13\/2025\/04\/koningdrone-copyright-logo.svg","width":227,"height":38,"caption":"Koningdrone.be"},"image":{"@id":"https:\/\/koningdrone.be\/#\/schema\/logo\/image\/"}}]}},"df_price":755,"df_sale_price":"","df_regular_price":755,"df_image_link":"https:\/\/koningdrone.be\/wp-content\/uploads\/sites\/13\/2025\/04\/DJI-Flip-Drone-Fly-more-Combo-with-DJI-RC331-Smart-Controller-300x300.jpg","_links":{"self":[{"href":"https:\/\/koningdrone.be\/fr\/wp-json\/wp\/v2\/product\/1341","targetHints":{"allow":["GET"]}}],"collection":[{"href":"https:\/\/koningdrone.be\/fr\/wp-json\/wp\/v2\/product"}],"about":[{"href":"https:\/\/koningdrone.be\/fr\/wp-json\/wp\/v2\/types\/product"}],"wp:featuredmedia":[{"embeddable":true,"href":"https:\/\/koningdrone.be\/fr\/wp-json\/wp\/v2\/media\/1332"}],"wp:attachment":[{"href":"https:\/\/koningdrone.be\/fr\/wp-json\/wp\/v2\/media?parent=1341"}],"wp:term":[{"taxonomy":"product_brand","embeddable":true,"href":"https:\/\/koningdrone.be\/fr\/wp-json\/wp\/v2\/product_brand?post=1341"},{"taxonomy":"product_cat","embeddable":true,"href":"https:\/\/koningdrone.be\/fr\/wp-json\/wp\/v2\/product_cat?post=1341"},{"taxonomy":"product_tag","embeddable":true,"href":"https:\/\/koningdrone.be\/fr\/wp-json\/wp\/v2\/product_tag?post=1341"}],"curies":[{"name":"wp","href":"https:\/\/api.w.org\/{rel}","templated":true}]}}