{"id":1311,"date":"2025-01-28T10:06:33","date_gmt":"2025-01-28T09:06:33","guid":{"rendered":"https:\/\/koningdrone.nl\/kon\/product\/dji-flip-including-dji-rc-n3-controller\/"},"modified":"2026-04-29T15:20:08","modified_gmt":"2026-04-29T13:20:08","slug":"dji-flip-including-dji-rc-n3-controller","status":"publish","type":"product","link":"https:\/\/koningdrone.be\/fr\/produit\/dji-flip-including-dji-rc-n3-controller\/","title":{"rendered":"DJI Flip - Incluant le contr\u00f4leur DJI RC-N3"},"content":{"rendered":"<p>Le DJI Flip avec contr\u00f4leur DJI RC-N3 est un drone compact et puissant con\u00e7u pour la photographie a\u00e9rienne sans effort et l'enregistrement vid\u00e9o fluide. Avec une stabilisation avanc\u00e9e, des modes de vol intelligents et une autonomie de batterie \u00e9tendue, il fournit sans effort des images de haute qualit\u00e9. Le contr\u00f4leur RC-N3 offre un contr\u00f4le pr\u00e9cis et une connectivit\u00e9 transparente, pour une exp\u00e9rience de vol r\u00e9active et immersive. Parfait pour les d\u00e9butants comme pour les professionnels, le DJI Flip offre portabilit\u00e9, fiabilit\u00e9 et technologie avanc\u00e9e dans un design fin.<\/p>","protected":false},"excerpt":{"rendered":"<ul>\n<li>Protection pliable de l'h\u00e9lice avec couverture totale<\/li>\n<li>Moins de 249 g (l\u00e9ger et facile \u00e0 utiliser)<\/li>\n<li>Al Subject Tracking (suivi du sujet par l'IA pour la prise de vue dynamique)<\/li>\n<li>Capturez votre meilleur angle (modes de prise de vue intelligents pour un cadrage optimal)<\/li>\n<li>Capteur CMOS de 1\/1,3 pouce (qualit\u00e9 d'image et performances en basse lumi\u00e8re am\u00e9lior\u00e9es)<\/li>\n<li>Vid\u00e9o HDR 4K\/60 fps (enregistrement vid\u00e9o haute r\u00e9solution fluide avec HDR)<\/li>\n<li>Dur\u00e9e de vol maximale de 31 minutes (dur\u00e9e de vol plus longue pour des prises de vue plus longues)<\/li>\n<\/ul>","protected":false},"featured_media":1303,"template":"","meta":{"_acf_changed":false},"product_brand":[],"product_cat":[175,135,97,136,170,177],"product_tag":[],"class_list":{"0":"post-1311","1":"product","2":"type-product","3":"status-publish","4":"has-post-thumbnail","6":"product_cat-alle-care-refresh","7":"product_cat-alle-drones","8":"product_cat-alle-producten","9":"product_cat-consumer-drones","10":"product_cat-dji-flip","11":"product_cat-drones-zonder-certificaat","12":"product_shipping_class-outofstock","13":"pa_brand-dji","14":"pa_productfamily-flip","15":"pa_producttype-drone","16":"pa_series-flip","18":"first","19":"outofstock","20":"taxable","21":"shipping-taxable","22":"purchasable","23":"product-type-simple"},"acf":[],"yoast_head":"<!-- This site is optimized with the Yoast SEO Premium plugin v27.2 (Yoast SEO v27.2) - https:\/\/yoast.com\/product\/yoast-seo-premium-wordpress\/ -->\n<title>DJI Flip - Including DJI RC-N3 Controller - koningdrone.be<\/title>\n<meta name=\"robots\" content=\"index, follow, max-snippet:-1, max-image-preview:large, max-video-preview:-1\" \/>\n<link rel=\"canonical\" href=\"https:\/\/koningdrone.be\/fr\/produit\/dji-flip-including-dji-rc-n3-controller\/\" \/>\n<meta property=\"og:locale\" content=\"fr_FR\" \/>\n<meta property=\"og:type\" content=\"article\" \/>\n<meta property=\"og:title\" content=\"DJI Flip - Including DJI RC-N3 Controller\" \/>\n<meta property=\"og:description\" content=\"Opvouwbare propellerbescherming met volledige dekking  Minder dan 249 g (Lichtgewicht en gebruiksvriendelijk)  Al Subject Tracking (AI-onderwerp volgen voor dynamische opnamen)  Leg je beste hoek vast (Intelligente opnamemodi voor optimale kadrering)  1\/1,3-inch CMOS-sensor (Verbeterde beeldkwaliteit en prestaties bij weinig licht)  4K\/60 fps HDR-video (Vloeiende video-opnamen in hoge resolutie met HDR)  Maximale vliegtijd van 31 minuten (langere vliegtijd voor langere opnamen)\" \/>\n<meta property=\"og:url\" content=\"https:\/\/koningdrone.be\/fr\/produit\/dji-flip-including-dji-rc-n3-controller\/\" \/>\n<meta property=\"og:site_name\" content=\"koningdrone.be\" \/>\n<meta property=\"article:modified_time\" content=\"2026-04-29T13:20:08+00:00\" \/>\n<meta property=\"og:image\" content=\"https:\/\/koningdrone.be\/wp-content\/uploads\/sites\/13\/2025\/04\/ff214d869bc96008e29aaed683700be4@ultra.webp\" \/>\n\t<meta property=\"og:image:width\" content=\"1280\" \/>\n\t<meta property=\"og:image:height\" content=\"1280\" \/>\n\t<meta property=\"og:image:type\" content=\"image\/webp\" \/>\n<meta name=\"twitter:card\" content=\"summary_large_image\" \/>\n<meta name=\"twitter:label1\" content=\"Dur\u00e9e de lecture est.\" \/>\n\t<meta name=\"twitter:data1\" content=\"3 minutes\" \/>\n<script type=\"application\/ld+json\" class=\"yoast-schema-graph\">{\"@context\":\"https:\/\/schema.org\",\"@graph\":[{\"@type\":\"WebPage\",\"@id\":\"https:\/\/koningdrone.be\/product\/dji-flip-including-dji-rc-n3-controller\/\",\"url\":\"https:\/\/koningdrone.be\/product\/dji-flip-including-dji-rc-n3-controller\/\",\"name\":\"DJI Flip - Including DJI RC-N3 Controller - koningdrone.be\",\"isPartOf\":{\"@id\":\"https:\/\/koningdrone.be\/#website\"},\"primaryImageOfPage\":{\"@id\":\"https:\/\/koningdrone.be\/product\/dji-flip-including-dji-rc-n3-controller\/#primaryimage\"},\"image\":{\"@id\":\"https:\/\/koningdrone.be\/product\/dji-flip-including-dji-rc-n3-controller\/#primaryimage\"},\"thumbnailUrl\":\"https:\/\/koningdrone.be\/wp-content\/uploads\/sites\/13\/2025\/04\/ff214d869bc96008e29aaed683700be4@ultra.webp\",\"datePublished\":\"2025-01-28T09:06:33+00:00\",\"dateModified\":\"2026-04-29T13:20:08+00:00\",\"breadcrumb\":{\"@id\":\"https:\/\/koningdrone.be\/product\/dji-flip-including-dji-rc-n3-controller\/#breadcrumb\"},\"inLanguage\":\"fr-BE\",\"potentialAction\":[{\"@type\":\"ReadAction\",\"target\":[\"https:\/\/koningdrone.be\/product\/dji-flip-including-dji-rc-n3-controller\/\"]}]},{\"@type\":\"ImageObject\",\"inLanguage\":\"fr-BE\",\"@id\":\"https:\/\/koningdrone.be\/product\/dji-flip-including-dji-rc-n3-controller\/#primaryimage\",\"url\":\"https:\/\/koningdrone.be\/wp-content\/uploads\/sites\/13\/2025\/04\/ff214d869bc96008e29aaed683700be4@ultra.webp\",\"contentUrl\":\"https:\/\/koningdrone.be\/wp-content\/uploads\/sites\/13\/2025\/04\/ff214d869bc96008e29aaed683700be4@ultra.webp\",\"width\":1280,\"height\":1280},{\"@type\":\"BreadcrumbList\",\"@id\":\"https:\/\/koningdrone.be\/product\/dji-flip-including-dji-rc-n3-controller\/#breadcrumb\",\"itemListElement\":[{\"@type\":\"ListItem\",\"position\":1,\"name\":\"Home\",\"item\":\"https:\/\/koningdrone.be\/\"},{\"@type\":\"ListItem\",\"position\":2,\"name\":\"AVSS Parachute Recovery System for DJI Matrice 300\/350\",\"item\":\"https:\/\/koningdrone.be\/product\/avss-parachute-recovery-system-for-dji-matrice-300-350\/\"},{\"@type\":\"ListItem\",\"position\":3,\"name\":\"Alle care refresh\",\"item\":\"https:\/\/koningdrone.be\/categorie\/alle-care-refresh\/\"},{\"@type\":\"ListItem\",\"position\":4,\"name\":\"DJI Flip &#8211; Including DJI RC-N3 Controller\"}]},{\"@type\":\"WebSite\",\"@id\":\"https:\/\/koningdrone.be\/#website\",\"url\":\"https:\/\/koningdrone.be\/\",\"name\":\"Koningdrone.be - Uw online specialist in drones, gimbals, camera's en power stations.\",\"description\":\"De webshop in drones en gimbals\",\"publisher\":{\"@id\":\"https:\/\/koningdrone.be\/#organization\"},\"potentialAction\":[{\"@type\":\"SearchAction\",\"target\":{\"@type\":\"EntryPoint\",\"urlTemplate\":\"https:\/\/koningdrone.be\/?s={search_term_string}\"},\"query-input\":{\"@type\":\"PropertyValueSpecification\",\"valueRequired\":true,\"valueName\":\"search_term_string\"}}],\"inLanguage\":\"fr-BE\"},{\"@type\":\"Organization\",\"@id\":\"https:\/\/koningdrone.be\/#organization\",\"name\":\"Koningdrone.be\",\"url\":\"https:\/\/koningdrone.be\/\",\"logo\":{\"@type\":\"ImageObject\",\"inLanguage\":\"fr-BE\",\"@id\":\"https:\/\/koningdrone.be\/#\/schema\/logo\/image\/\",\"url\":\"https:\/\/koningdrone.be\/wp-content\/uploads\/sites\/13\/2025\/04\/koningdrone-copyright-logo.svg\",\"contentUrl\":\"https:\/\/koningdrone.be\/wp-content\/uploads\/sites\/13\/2025\/04\/koningdrone-copyright-logo.svg\",\"width\":227,\"height\":38,\"caption\":\"Koningdrone.be\"},\"image\":{\"@id\":\"https:\/\/koningdrone.be\/#\/schema\/logo\/image\/\"}}]}<\/script>\n<!-- \/ Yoast SEO Premium plugin. -->","yoast_head_json":{"title":"DJI Flip - Including DJI RC-N3 Controller - koningdrone.be","robots":{"index":"index","follow":"follow","max-snippet":"max-snippet:-1","max-image-preview":"max-image-preview:large","max-video-preview":"max-video-preview:-1"},"canonical":"https:\/\/koningdrone.be\/fr\/produit\/dji-flip-including-dji-rc-n3-controller\/","og_locale":"fr_FR","og_type":"article","og_title":"DJI Flip - Including DJI RC-N3 Controller","og_description":"Opvouwbare propellerbescherming met volledige dekking  Minder dan 249 g (Lichtgewicht en gebruiksvriendelijk)  Al Subject Tracking (AI-onderwerp volgen voor dynamische opnamen)  Leg je beste hoek vast (Intelligente opnamemodi voor optimale kadrering)  1\/1,3-inch CMOS-sensor (Verbeterde beeldkwaliteit en prestaties bij weinig licht)  4K\/60 fps HDR-video (Vloeiende video-opnamen in hoge resolutie met HDR)  Maximale vliegtijd van 31 minuten (langere vliegtijd voor langere opnamen)","og_url":"https:\/\/koningdrone.be\/fr\/produit\/dji-flip-including-dji-rc-n3-controller\/","og_site_name":"koningdrone.be","article_modified_time":"2026-04-29T13:20:08+00:00","og_image":[{"width":1280,"height":1280,"url":"https:\/\/koningdrone.be\/wp-content\/uploads\/sites\/13\/2025\/04\/ff214d869bc96008e29aaed683700be4@ultra.webp","type":"image\/webp"}],"twitter_card":"summary_large_image","twitter_misc":{"Dur\u00e9e de lecture est.":"3 minutes"},"schema":{"@context":"https:\/\/schema.org","@graph":[{"@type":"WebPage","@id":"https:\/\/koningdrone.be\/product\/dji-flip-including-dji-rc-n3-controller\/","url":"https:\/\/koningdrone.be\/product\/dji-flip-including-dji-rc-n3-controller\/","name":"DJI Flip - Including DJI RC-N3 Controller - koningdrone.be","isPartOf":{"@id":"https:\/\/koningdrone.be\/#website"},"primaryImageOfPage":{"@id":"https:\/\/koningdrone.be\/product\/dji-flip-including-dji-rc-n3-controller\/#primaryimage"},"image":{"@id":"https:\/\/koningdrone.be\/product\/dji-flip-including-dji-rc-n3-controller\/#primaryimage"},"thumbnailUrl":"https:\/\/koningdrone.be\/wp-content\/uploads\/sites\/13\/2025\/04\/ff214d869bc96008e29aaed683700be4@ultra.webp","datePublished":"2025-01-28T09:06:33+00:00","dateModified":"2026-04-29T13:20:08+00:00","breadcrumb":{"@id":"https:\/\/koningdrone.be\/product\/dji-flip-including-dji-rc-n3-controller\/#breadcrumb"},"inLanguage":"fr-BE","potentialAction":[{"@type":"ReadAction","target":["https:\/\/koningdrone.be\/product\/dji-flip-including-dji-rc-n3-controller\/"]}]},{"@type":"ImageObject","inLanguage":"fr-BE","@id":"https:\/\/koningdrone.be\/product\/dji-flip-including-dji-rc-n3-controller\/#primaryimage","url":"https:\/\/koningdrone.be\/wp-content\/uploads\/sites\/13\/2025\/04\/ff214d869bc96008e29aaed683700be4@ultra.webp","contentUrl":"https:\/\/koningdrone.be\/wp-content\/uploads\/sites\/13\/2025\/04\/ff214d869bc96008e29aaed683700be4@ultra.webp","width":1280,"height":1280},{"@type":"BreadcrumbList","@id":"https:\/\/koningdrone.be\/product\/dji-flip-including-dji-rc-n3-controller\/#breadcrumb","itemListElement":[{"@type":"ListItem","position":1,"name":"Home","item":"https:\/\/koningdrone.be\/"},{"@type":"ListItem","position":2,"name":"AVSS Parachute Recovery System for DJI Matrice 300\/350","item":"https:\/\/koningdrone.be\/product\/avss-parachute-recovery-system-for-dji-matrice-300-350\/"},{"@type":"ListItem","position":3,"name":"Alle care refresh","item":"https:\/\/koningdrone.be\/categorie\/alle-care-refresh\/"},{"@type":"ListItem","position":4,"name":"DJI Flip &#8211; Including DJI RC-N3 Controller"}]},{"@type":"WebSite","@id":"https:\/\/koningdrone.be\/#website","url":"https:\/\/koningdrone.be\/","name":"Koningdrone.be - Votre sp\u00e9cialiste en ligne en mati\u00e8re de drones, de cardans, de cam\u00e9ras et de centrales \u00e9lectriques.","description":"La boutique en ligne de drones et de cardans","publisher":{"@id":"https:\/\/koningdrone.be\/#organization"},"potentialAction":[{"@type":"SearchAction","target":{"@type":"EntryPoint","urlTemplate":"https:\/\/koningdrone.be\/?s={search_term_string}"},"query-input":{"@type":"PropertyValueSpecification","valueRequired":true,"valueName":"search_term_string"}}],"inLanguage":"fr-BE"},{"@type":"Organization","@id":"https:\/\/koningdrone.be\/#organization","name":"Kingdrone.co.uk","url":"https:\/\/koningdrone.be\/","logo":{"@type":"ImageObject","inLanguage":"fr-BE","@id":"https:\/\/koningdrone.be\/#\/schema\/logo\/image\/","url":"https:\/\/koningdrone.be\/wp-content\/uploads\/sites\/13\/2025\/04\/koningdrone-copyright-logo.svg","contentUrl":"https:\/\/koningdrone.be\/wp-content\/uploads\/sites\/13\/2025\/04\/koningdrone-copyright-logo.svg","width":227,"height":38,"caption":"Koningdrone.be"},"image":{"@id":"https:\/\/koningdrone.be\/#\/schema\/logo\/image\/"}}]}},"df_price":439,"df_sale_price":"","df_regular_price":439,"df_image_link":"https:\/\/koningdrone.be\/wp-content\/uploads\/sites\/13\/2025\/04\/ff214d869bc96008e29aaed683700be4@ultra-300x300.webp","_links":{"self":[{"href":"https:\/\/koningdrone.be\/fr\/wp-json\/wp\/v2\/product\/1311","targetHints":{"allow":["GET"]}}],"collection":[{"href":"https:\/\/koningdrone.be\/fr\/wp-json\/wp\/v2\/product"}],"about":[{"href":"https:\/\/koningdrone.be\/fr\/wp-json\/wp\/v2\/types\/product"}],"wp:featuredmedia":[{"embeddable":true,"href":"https:\/\/koningdrone.be\/fr\/wp-json\/wp\/v2\/media\/1303"}],"wp:attachment":[{"href":"https:\/\/koningdrone.be\/fr\/wp-json\/wp\/v2\/media?parent=1311"}],"wp:term":[{"taxonomy":"product_brand","embeddable":true,"href":"https:\/\/koningdrone.be\/fr\/wp-json\/wp\/v2\/product_brand?post=1311"},{"taxonomy":"product_cat","embeddable":true,"href":"https:\/\/koningdrone.be\/fr\/wp-json\/wp\/v2\/product_cat?post=1311"},{"taxonomy":"product_tag","embeddable":true,"href":"https:\/\/koningdrone.be\/fr\/wp-json\/wp\/v2\/product_tag?post=1311"}],"curies":[{"name":"wp","href":"https:\/\/api.w.org\/{rel}","templated":true}]}}