{"id":1242,"date":"2025-01-28T10:06:42","date_gmt":"2025-01-28T09:06:42","guid":{"rendered":"https:\/\/koningdrone.nl\/kon\/product\/jzdrones-u3s-speaker-spotlight-system\/"},"modified":"2026-04-29T05:00:12","modified_gmt":"2026-04-29T03:00:12","slug":"jzdrones-u3s-speaker-spotlight-system","status":"publish","type":"product","link":"https:\/\/koningdrone.be\/fr\/produit\/jzdrones-u3s-speaker-spotlight-system\/","title":{"rendered":"JZdrones Syst\u00e8me de haut-parleurs et de projecteurs U3S"},"content":{"rendered":"<p>Le JZ U3S est un appareil l\u00e9ger (153 g) et puissant qui combine des capacit\u00e9s vocales et d'\u00e9clairage. Il est dot\u00e9 d'un projecteur concentr\u00e9 \u00e0 14\u00b0 d'une luminosit\u00e9 de 30Lux \u00e0 50 m\u00e8tres et d'un flash multicolore. Le haut-parleur int\u00e9gr\u00e9 d\u00e9livre une pression sonore de 114 dB \u00e0 un m\u00e8tre, avec une port\u00e9e de transmission de plus de 300 m\u00e8tres, et prend en charge la lecture de boucles TTS bilingues dans plusieurs langues et dialectes.<\/p>","protected":false},"excerpt":{"rendered":"<ul>\n<li>Combine de puissantes capacit\u00e9s d'\u00e9clairage et vocales dans un seul appareil.<\/li>\n<li>Offre une portabilit\u00e9 et une stabilit\u00e9 exceptionnelles pour des applications polyvalentes.<\/li>\n<li>S'int\u00e8gre parfaitement aux drones DJI Mavic 3E et 3T.<\/li>\n<li>Id\u00e9al pour la recherche et le sauvetage de nuit et les appels d'urgence.<\/li>\n<li>Prise en charge de la communication multilingue pour une utilisation \u00e0 l'\u00e9chelle mondiale.<\/li>\n<\/ul>","protected":false},"featured_media":1,"template":"","meta":{"_acf_changed":false},"product_brand":[],"product_cat":[126,97,165,150],"product_tag":[],"class_list":{"0":"post-1242","1":"product","2":"type-product","3":"status-publish","4":"has-post-thumbnail","6":"product_cat-alle-payloads","7":"product_cat-alle-producten","8":"product_cat-dji-mavic-3-enterprise","9":"product_cat-jzdrones","10":"product_shipping_class-outofstock","11":"pa_brand-jzdrones","12":"pa_producttype-speaker-en-spotlightsysteem","14":"first","15":"outofstock","16":"taxable","17":"shipping-taxable","18":"product-type-simple"},"acf":[],"yoast_head":"<!-- This site is optimized with the Yoast SEO Premium plugin v27.2 (Yoast SEO v27.2) - https:\/\/yoast.com\/product\/yoast-seo-premium-wordpress\/ -->\n<title>JZdrones U3S SPEAKER &amp; SPOTLIGHT SYSTEM - koningdrone.be<\/title>\n<meta name=\"robots\" content=\"index, follow, max-snippet:-1, max-image-preview:large, max-video-preview:-1\" \/>\n<link rel=\"canonical\" href=\"https:\/\/koningdrone.be\/fr\/produit\/jzdrones-u3s-speaker-spotlight-system\/\" \/>\n<meta property=\"og:locale\" content=\"fr_FR\" \/>\n<meta property=\"og:type\" content=\"article\" \/>\n<meta property=\"og:title\" content=\"JZdrones U3S SPEAKER &amp; SPOTLIGHT SYSTEM\" \/>\n<meta property=\"og:description\" content=\"Combineert krachtige verlichting en spraakmogelijkheden in \u00e9\u00e9n apparaat.Levert uitzonderlijke draagbaarheid en stabiliteit voor veelzijdige toepassingen.Integreert naadloos met DJI Mavic 3E en 3T drones.Ideaal voor nachtelijke zoek- en reddingsacties en noodoproepen.Ondersteunt meertalige communicatie voor wereldwijde bruikbaarheid.\" \/>\n<meta property=\"og:url\" content=\"https:\/\/koningdrone.be\/fr\/produit\/jzdrones-u3s-speaker-spotlight-system\/\" \/>\n<meta property=\"og:site_name\" content=\"koningdrone.be\" \/>\n<meta property=\"article:modified_time\" content=\"2026-04-29T03:00:12+00:00\" \/>\n<meta name=\"twitter:card\" content=\"summary_large_image\" \/>\n<script type=\"application\/ld+json\" class=\"yoast-schema-graph\">{\"@context\":\"https:\/\/schema.org\",\"@graph\":[{\"@type\":\"WebPage\",\"@id\":\"https:\/\/koningdrone.be\/product\/jzdrones-u3s-speaker-spotlight-system\/\",\"url\":\"https:\/\/koningdrone.be\/product\/jzdrones-u3s-speaker-spotlight-system\/\",\"name\":\"JZdrones U3S SPEAKER &amp; SPOTLIGHT SYSTEM - koningdrone.be\",\"isPartOf\":{\"@id\":\"https:\/\/koningdrone.be\/#website\"},\"primaryImageOfPage\":{\"@id\":\"https:\/\/koningdrone.be\/product\/jzdrones-u3s-speaker-spotlight-system\/#primaryimage\"},\"image\":{\"@id\":\"https:\/\/koningdrone.be\/product\/jzdrones-u3s-speaker-spotlight-system\/#primaryimage\"},\"thumbnailUrl\":\"\",\"datePublished\":\"2025-01-28T09:06:42+00:00\",\"dateModified\":\"2026-04-29T03:00:12+00:00\",\"breadcrumb\":{\"@id\":\"https:\/\/koningdrone.be\/product\/jzdrones-u3s-speaker-spotlight-system\/#breadcrumb\"},\"inLanguage\":\"fr-BE\",\"potentialAction\":[{\"@type\":\"ReadAction\",\"target\":[\"https:\/\/koningdrone.be\/product\/jzdrones-u3s-speaker-spotlight-system\/\"]}]},{\"@type\":\"ImageObject\",\"inLanguage\":\"fr-BE\",\"@id\":\"https:\/\/koningdrone.be\/product\/jzdrones-u3s-speaker-spotlight-system\/#primaryimage\",\"url\":\"\",\"contentUrl\":\"\"},{\"@type\":\"BreadcrumbList\",\"@id\":\"https:\/\/koningdrone.be\/product\/jzdrones-u3s-speaker-spotlight-system\/#breadcrumb\",\"itemListElement\":[{\"@type\":\"ListItem\",\"position\":1,\"name\":\"Home\",\"item\":\"https:\/\/koningdrone.be\/\"},{\"@type\":\"ListItem\",\"position\":2,\"name\":\"AVSS Parachute Recovery System for DJI Matrice 300\/350\",\"item\":\"https:\/\/koningdrone.be\/product\/avss-parachute-recovery-system-for-dji-matrice-300-350\/\"},{\"@type\":\"ListItem\",\"position\":3,\"name\":\"Alle payloads\",\"item\":\"https:\/\/koningdrone.be\/categorie\/alle-payloads\/\"},{\"@type\":\"ListItem\",\"position\":4,\"name\":\"JZdrones U3S SPEAKER &amp; SPOTLIGHT SYSTEM\"}]},{\"@type\":\"WebSite\",\"@id\":\"https:\/\/koningdrone.be\/#website\",\"url\":\"https:\/\/koningdrone.be\/\",\"name\":\"Koningdrone.be - Uw online specialist in drones, gimbals, camera's en power stations.\",\"description\":\"De webshop in drones en gimbals\",\"publisher\":{\"@id\":\"https:\/\/koningdrone.be\/#organization\"},\"potentialAction\":[{\"@type\":\"SearchAction\",\"target\":{\"@type\":\"EntryPoint\",\"urlTemplate\":\"https:\/\/koningdrone.be\/?s={search_term_string}\"},\"query-input\":{\"@type\":\"PropertyValueSpecification\",\"valueRequired\":true,\"valueName\":\"search_term_string\"}}],\"inLanguage\":\"fr-BE\"},{\"@type\":\"Organization\",\"@id\":\"https:\/\/koningdrone.be\/#organization\",\"name\":\"Koningdrone.be\",\"url\":\"https:\/\/koningdrone.be\/\",\"logo\":{\"@type\":\"ImageObject\",\"inLanguage\":\"fr-BE\",\"@id\":\"https:\/\/koningdrone.be\/#\/schema\/logo\/image\/\",\"url\":\"https:\/\/koningdrone.be\/wp-content\/uploads\/sites\/13\/2025\/04\/koningdrone-copyright-logo.svg\",\"contentUrl\":\"https:\/\/koningdrone.be\/wp-content\/uploads\/sites\/13\/2025\/04\/koningdrone-copyright-logo.svg\",\"width\":227,\"height\":38,\"caption\":\"Koningdrone.be\"},\"image\":{\"@id\":\"https:\/\/koningdrone.be\/#\/schema\/logo\/image\/\"}}]}<\/script>\n<!-- \/ Yoast SEO Premium plugin. -->","yoast_head_json":{"title":"JZdrones U3S SPEAKER &amp; SPOTLIGHT SYSTEM - koningdrone.be","robots":{"index":"index","follow":"follow","max-snippet":"max-snippet:-1","max-image-preview":"max-image-preview:large","max-video-preview":"max-video-preview:-1"},"canonical":"https:\/\/koningdrone.be\/fr\/produit\/jzdrones-u3s-speaker-spotlight-system\/","og_locale":"fr_FR","og_type":"article","og_title":"JZdrones U3S SPEAKER &amp; SPOTLIGHT SYSTEM","og_description":"Combineert krachtige verlichting en spraakmogelijkheden in \u00e9\u00e9n apparaat.Levert uitzonderlijke draagbaarheid en stabiliteit voor veelzijdige toepassingen.Integreert naadloos met DJI Mavic 3E en 3T drones.Ideaal voor nachtelijke zoek- en reddingsacties en noodoproepen.Ondersteunt meertalige communicatie voor wereldwijde bruikbaarheid.","og_url":"https:\/\/koningdrone.be\/fr\/produit\/jzdrones-u3s-speaker-spotlight-system\/","og_site_name":"koningdrone.be","article_modified_time":"2026-04-29T03:00:12+00:00","twitter_card":"summary_large_image","schema":{"@context":"https:\/\/schema.org","@graph":[{"@type":"WebPage","@id":"https:\/\/koningdrone.be\/product\/jzdrones-u3s-speaker-spotlight-system\/","url":"https:\/\/koningdrone.be\/product\/jzdrones-u3s-speaker-spotlight-system\/","name":"JZdrones U3S SPEAKER &amp; SPOTLIGHT SYSTEM - koningdrone.be","isPartOf":{"@id":"https:\/\/koningdrone.be\/#website"},"primaryImageOfPage":{"@id":"https:\/\/koningdrone.be\/product\/jzdrones-u3s-speaker-spotlight-system\/#primaryimage"},"image":{"@id":"https:\/\/koningdrone.be\/product\/jzdrones-u3s-speaker-spotlight-system\/#primaryimage"},"thumbnailUrl":"","datePublished":"2025-01-28T09:06:42+00:00","dateModified":"2026-04-29T03:00:12+00:00","breadcrumb":{"@id":"https:\/\/koningdrone.be\/product\/jzdrones-u3s-speaker-spotlight-system\/#breadcrumb"},"inLanguage":"fr-BE","potentialAction":[{"@type":"ReadAction","target":["https:\/\/koningdrone.be\/product\/jzdrones-u3s-speaker-spotlight-system\/"]}]},{"@type":"ImageObject","inLanguage":"fr-BE","@id":"https:\/\/koningdrone.be\/product\/jzdrones-u3s-speaker-spotlight-system\/#primaryimage","url":"","contentUrl":""},{"@type":"BreadcrumbList","@id":"https:\/\/koningdrone.be\/product\/jzdrones-u3s-speaker-spotlight-system\/#breadcrumb","itemListElement":[{"@type":"ListItem","position":1,"name":"Home","item":"https:\/\/koningdrone.be\/"},{"@type":"ListItem","position":2,"name":"AVSS Parachute Recovery System for DJI Matrice 300\/350","item":"https:\/\/koningdrone.be\/product\/avss-parachute-recovery-system-for-dji-matrice-300-350\/"},{"@type":"ListItem","position":3,"name":"Alle payloads","item":"https:\/\/koningdrone.be\/categorie\/alle-payloads\/"},{"@type":"ListItem","position":4,"name":"JZdrones U3S SPEAKER &amp; SPOTLIGHT SYSTEM"}]},{"@type":"WebSite","@id":"https:\/\/koningdrone.be\/#website","url":"https:\/\/koningdrone.be\/","name":"Koningdrone.be - Votre sp\u00e9cialiste en ligne en mati\u00e8re de drones, de cardans, de cam\u00e9ras et de centrales \u00e9lectriques.","description":"La boutique en ligne de drones et de cardans","publisher":{"@id":"https:\/\/koningdrone.be\/#organization"},"potentialAction":[{"@type":"SearchAction","target":{"@type":"EntryPoint","urlTemplate":"https:\/\/koningdrone.be\/?s={search_term_string}"},"query-input":{"@type":"PropertyValueSpecification","valueRequired":true,"valueName":"search_term_string"}}],"inLanguage":"fr-BE"},{"@type":"Organization","@id":"https:\/\/koningdrone.be\/#organization","name":"Kingdrone.co.uk","url":"https:\/\/koningdrone.be\/","logo":{"@type":"ImageObject","inLanguage":"fr-BE","@id":"https:\/\/koningdrone.be\/#\/schema\/logo\/image\/","url":"https:\/\/koningdrone.be\/wp-content\/uploads\/sites\/13\/2025\/04\/koningdrone-copyright-logo.svg","contentUrl":"https:\/\/koningdrone.be\/wp-content\/uploads\/sites\/13\/2025\/04\/koningdrone-copyright-logo.svg","width":227,"height":38,"caption":"Koningdrone.be"},"image":{"@id":"https:\/\/koningdrone.be\/#\/schema\/logo\/image\/"}}]}},"df_price":"","df_sale_price":"","df_regular_price":"","df_image_link":"https:\/\/koningdrone.be\/wp-content\/uploads\/sites\/13\/woocommerce-placeholder-300x300.png","_links":{"self":[{"href":"https:\/\/koningdrone.be\/fr\/wp-json\/wp\/v2\/product\/1242","targetHints":{"allow":["GET"]}}],"collection":[{"href":"https:\/\/koningdrone.be\/fr\/wp-json\/wp\/v2\/product"}],"about":[{"href":"https:\/\/koningdrone.be\/fr\/wp-json\/wp\/v2\/types\/product"}],"wp:featuredmedia":[{"embeddable":true,"href":"https:\/\/koningdrone.be\/fr\/wp-json\/wp\/v2\/posts\/1"}],"wp:attachment":[{"href":"https:\/\/koningdrone.be\/fr\/wp-json\/wp\/v2\/media?parent=1242"}],"wp:term":[{"taxonomy":"product_brand","embeddable":true,"href":"https:\/\/koningdrone.be\/fr\/wp-json\/wp\/v2\/product_brand?post=1242"},{"taxonomy":"product_cat","embeddable":true,"href":"https:\/\/koningdrone.be\/fr\/wp-json\/wp\/v2\/product_cat?post=1242"},{"taxonomy":"product_tag","embeddable":true,"href":"https:\/\/koningdrone.be\/fr\/wp-json\/wp\/v2\/product_tag?post=1242"}],"curies":[{"name":"wp","href":"https:\/\/api.w.org\/{rel}","templated":true}]}}