{"id":1235,"date":"2025-01-28T10:06:42","date_gmt":"2025-01-28T09:06:42","guid":{"rendered":"https:\/\/koningdrone.nl\/kon\/product\/jzdrones-m3d-quick-search-kit\/"},"modified":"2026-04-29T05:00:09","modified_gmt":"2026-04-29T03:00:09","slug":"jzdrones-m3d-quick-search-kit","status":"publish","type":"product","link":"https:\/\/koningdrone.be\/fr\/produit\/jzdrones-m3d-quick-search-kit\/","title":{"rendered":"Kit de recherche rapide M3D de JZdrones"},"content":{"rendered":"<p>Le kit de recherche rapide M3D est une solution polyvalente con\u00e7ue pour am\u00e9liorer les op\u00e9rations de recherche et de r\u00e9cup\u00e9ration avec des drones. Le kit peut \u00eatre d\u00e9ploy\u00e9 rapidement et permet de localiser avec pr\u00e9cision des objets ou des zones d'int\u00e9r\u00eat, ce qui simplifie les missions de recherche. Ce kit est \u00e9quip\u00e9 de fonctions avanc\u00e9es pour am\u00e9liorer l'efficacit\u00e9 et la pr\u00e9cision, ce qui le rend id\u00e9al pour les applications professionnelles et d'urgence.<\/p>","protected":false},"excerpt":{"rendered":"<ul>\n<li>Le kit de recherche rapide M3D est con\u00e7u pour des op\u00e9rations de recherche rapides et efficaces.<\/li>\n<li>Il permet de cibler avec pr\u00e9cision et de retrouver rapidement des objets ou des zones d'int\u00e9r\u00eat.<\/li>\n<li>Le kit est \u00e9quip\u00e9 d'une technologie avanc\u00e9e pour am\u00e9liorer l'efficacit\u00e9 op\u00e9rationnelle.<\/li>\n<li>Id\u00e9al pour les missions professionnelles et les op\u00e9rations d'urgence.<\/li>\n<li>La conception conviviale garantit une utilisation ais\u00e9e dans divers environnements.<\/li>\n<\/ul>","protected":false},"featured_media":1233,"template":"","meta":{"_acf_changed":false},"product_brand":[],"product_cat":[126,97,161,162,150],"product_tag":[],"class_list":{"0":"post-1235","1":"product","2":"type-product","3":"status-publish","4":"has-post-thumbnail","6":"product_cat-alle-payloads","7":"product_cat-alle-producten","8":"product_cat-dji-matrice-3","9":"product_cat-dji-matrice-3d","10":"product_cat-jzdrones","11":"product_shipping_class-outofstock","12":"pa_brand-jzdrones","13":"pa_producttype-snelzoekkit","15":"first","16":"outofstock","17":"taxable","18":"shipping-taxable","19":"product-type-simple"},"acf":[],"yoast_head":"<!-- This site is optimized with the Yoast SEO Premium plugin v27.2 (Yoast SEO v27.2) - https:\/\/yoast.com\/product\/yoast-seo-premium-wordpress\/ -->\n<title>JZdrones M3D Quick Search Kit - koningdrone.be<\/title>\n<meta name=\"robots\" content=\"index, follow, max-snippet:-1, max-image-preview:large, max-video-preview:-1\" \/>\n<link rel=\"canonical\" href=\"https:\/\/koningdrone.be\/fr\/produit\/jzdrones-m3d-quick-search-kit\/\" \/>\n<meta property=\"og:locale\" content=\"fr_FR\" \/>\n<meta property=\"og:type\" content=\"article\" \/>\n<meta property=\"og:title\" content=\"JZdrones M3D Quick Search Kit\" \/>\n<meta property=\"og:description\" content=\"De M3D Quick Search Kit is ontworpen voor snelle en effici\u00ebnte zoekoperaties.Het maakt nauwkeurig richten en snel terugvinden van objecten of aandachtsgebieden mogelijk.De kit is uitgerust met geavanceerde technologie om de operationele effici\u00ebntie te verbeteren.Ideaal voor zowel professionele missies als noodhulpoperaties.Het gebruiksvriendelijke ontwerp zorgt voor gebruiksgemak in verschillende omgevingen.\" \/>\n<meta property=\"og:url\" content=\"https:\/\/koningdrone.be\/fr\/produit\/jzdrones-m3d-quick-search-kit\/\" \/>\n<meta property=\"og:site_name\" content=\"koningdrone.be\" \/>\n<meta property=\"article:modified_time\" content=\"2026-04-29T03:00:09+00:00\" \/>\n<meta property=\"og:image\" content=\"https:\/\/koningdrone.be\/wp-content\/uploads\/sites\/13\/2025\/04\/M3D1.webp\" \/>\n\t<meta property=\"og:image:width\" content=\"795\" \/>\n\t<meta property=\"og:image:height\" content=\"633\" \/>\n\t<meta property=\"og:image:type\" content=\"image\/webp\" \/>\n<meta name=\"twitter:card\" content=\"summary_large_image\" \/>\n<script type=\"application\/ld+json\" class=\"yoast-schema-graph\">{\"@context\":\"https:\/\/schema.org\",\"@graph\":[{\"@type\":\"WebPage\",\"@id\":\"https:\/\/koningdrone.be\/product\/jzdrones-m3d-quick-search-kit\/\",\"url\":\"https:\/\/koningdrone.be\/product\/jzdrones-m3d-quick-search-kit\/\",\"name\":\"JZdrones M3D Quick Search Kit - koningdrone.be\",\"isPartOf\":{\"@id\":\"https:\/\/koningdrone.be\/#website\"},\"primaryImageOfPage\":{\"@id\":\"https:\/\/koningdrone.be\/product\/jzdrones-m3d-quick-search-kit\/#primaryimage\"},\"image\":{\"@id\":\"https:\/\/koningdrone.be\/product\/jzdrones-m3d-quick-search-kit\/#primaryimage\"},\"thumbnailUrl\":\"https:\/\/koningdrone.be\/wp-content\/uploads\/sites\/13\/2025\/04\/M3D1.webp\",\"datePublished\":\"2025-01-28T09:06:42+00:00\",\"dateModified\":\"2026-04-29T03:00:09+00:00\",\"breadcrumb\":{\"@id\":\"https:\/\/koningdrone.be\/product\/jzdrones-m3d-quick-search-kit\/#breadcrumb\"},\"inLanguage\":\"fr-BE\",\"potentialAction\":[{\"@type\":\"ReadAction\",\"target\":[\"https:\/\/koningdrone.be\/product\/jzdrones-m3d-quick-search-kit\/\"]}]},{\"@type\":\"ImageObject\",\"inLanguage\":\"fr-BE\",\"@id\":\"https:\/\/koningdrone.be\/product\/jzdrones-m3d-quick-search-kit\/#primaryimage\",\"url\":\"https:\/\/koningdrone.be\/wp-content\/uploads\/sites\/13\/2025\/04\/M3D1.webp\",\"contentUrl\":\"https:\/\/koningdrone.be\/wp-content\/uploads\/sites\/13\/2025\/04\/M3D1.webp\",\"width\":795,\"height\":633},{\"@type\":\"BreadcrumbList\",\"@id\":\"https:\/\/koningdrone.be\/product\/jzdrones-m3d-quick-search-kit\/#breadcrumb\",\"itemListElement\":[{\"@type\":\"ListItem\",\"position\":1,\"name\":\"Home\",\"item\":\"https:\/\/koningdrone.be\/\"},{\"@type\":\"ListItem\",\"position\":2,\"name\":\"AVSS Parachute Recovery System for DJI Matrice 300\/350\",\"item\":\"https:\/\/koningdrone.be\/product\/avss-parachute-recovery-system-for-dji-matrice-300-350\/\"},{\"@type\":\"ListItem\",\"position\":3,\"name\":\"Alle payloads\",\"item\":\"https:\/\/koningdrone.be\/categorie\/alle-payloads\/\"},{\"@type\":\"ListItem\",\"position\":4,\"name\":\"JZdrones M3D Quick Search Kit\"}]},{\"@type\":\"WebSite\",\"@id\":\"https:\/\/koningdrone.be\/#website\",\"url\":\"https:\/\/koningdrone.be\/\",\"name\":\"Koningdrone.be - Uw online specialist in drones, gimbals, camera's en power stations.\",\"description\":\"De webshop in drones en gimbals\",\"publisher\":{\"@id\":\"https:\/\/koningdrone.be\/#organization\"},\"potentialAction\":[{\"@type\":\"SearchAction\",\"target\":{\"@type\":\"EntryPoint\",\"urlTemplate\":\"https:\/\/koningdrone.be\/?s={search_term_string}\"},\"query-input\":{\"@type\":\"PropertyValueSpecification\",\"valueRequired\":true,\"valueName\":\"search_term_string\"}}],\"inLanguage\":\"fr-BE\"},{\"@type\":\"Organization\",\"@id\":\"https:\/\/koningdrone.be\/#organization\",\"name\":\"Koningdrone.be\",\"url\":\"https:\/\/koningdrone.be\/\",\"logo\":{\"@type\":\"ImageObject\",\"inLanguage\":\"fr-BE\",\"@id\":\"https:\/\/koningdrone.be\/#\/schema\/logo\/image\/\",\"url\":\"https:\/\/koningdrone.be\/wp-content\/uploads\/sites\/13\/2025\/04\/koningdrone-copyright-logo.svg\",\"contentUrl\":\"https:\/\/koningdrone.be\/wp-content\/uploads\/sites\/13\/2025\/04\/koningdrone-copyright-logo.svg\",\"width\":227,\"height\":38,\"caption\":\"Koningdrone.be\"},\"image\":{\"@id\":\"https:\/\/koningdrone.be\/#\/schema\/logo\/image\/\"}}]}<\/script>\n<!-- \/ Yoast SEO Premium plugin. -->","yoast_head_json":{"title":"JZdrones M3D Quick Search Kit - koningdrone.be","robots":{"index":"index","follow":"follow","max-snippet":"max-snippet:-1","max-image-preview":"max-image-preview:large","max-video-preview":"max-video-preview:-1"},"canonical":"https:\/\/koningdrone.be\/fr\/produit\/jzdrones-m3d-quick-search-kit\/","og_locale":"fr_FR","og_type":"article","og_title":"JZdrones M3D Quick Search Kit","og_description":"De M3D Quick Search Kit is ontworpen voor snelle en effici\u00ebnte zoekoperaties.Het maakt nauwkeurig richten en snel terugvinden van objecten of aandachtsgebieden mogelijk.De kit is uitgerust met geavanceerde technologie om de operationele effici\u00ebntie te verbeteren.Ideaal voor zowel professionele missies als noodhulpoperaties.Het gebruiksvriendelijke ontwerp zorgt voor gebruiksgemak in verschillende omgevingen.","og_url":"https:\/\/koningdrone.be\/fr\/produit\/jzdrones-m3d-quick-search-kit\/","og_site_name":"koningdrone.be","article_modified_time":"2026-04-29T03:00:09+00:00","og_image":[{"width":795,"height":633,"url":"https:\/\/koningdrone.be\/wp-content\/uploads\/sites\/13\/2025\/04\/M3D1.webp","type":"image\/webp"}],"twitter_card":"summary_large_image","schema":{"@context":"https:\/\/schema.org","@graph":[{"@type":"WebPage","@id":"https:\/\/koningdrone.be\/product\/jzdrones-m3d-quick-search-kit\/","url":"https:\/\/koningdrone.be\/product\/jzdrones-m3d-quick-search-kit\/","name":"JZdrones M3D Quick Search Kit - koningdrone.be","isPartOf":{"@id":"https:\/\/koningdrone.be\/#website"},"primaryImageOfPage":{"@id":"https:\/\/koningdrone.be\/product\/jzdrones-m3d-quick-search-kit\/#primaryimage"},"image":{"@id":"https:\/\/koningdrone.be\/product\/jzdrones-m3d-quick-search-kit\/#primaryimage"},"thumbnailUrl":"https:\/\/koningdrone.be\/wp-content\/uploads\/sites\/13\/2025\/04\/M3D1.webp","datePublished":"2025-01-28T09:06:42+00:00","dateModified":"2026-04-29T03:00:09+00:00","breadcrumb":{"@id":"https:\/\/koningdrone.be\/product\/jzdrones-m3d-quick-search-kit\/#breadcrumb"},"inLanguage":"fr-BE","potentialAction":[{"@type":"ReadAction","target":["https:\/\/koningdrone.be\/product\/jzdrones-m3d-quick-search-kit\/"]}]},{"@type":"ImageObject","inLanguage":"fr-BE","@id":"https:\/\/koningdrone.be\/product\/jzdrones-m3d-quick-search-kit\/#primaryimage","url":"https:\/\/koningdrone.be\/wp-content\/uploads\/sites\/13\/2025\/04\/M3D1.webp","contentUrl":"https:\/\/koningdrone.be\/wp-content\/uploads\/sites\/13\/2025\/04\/M3D1.webp","width":795,"height":633},{"@type":"BreadcrumbList","@id":"https:\/\/koningdrone.be\/product\/jzdrones-m3d-quick-search-kit\/#breadcrumb","itemListElement":[{"@type":"ListItem","position":1,"name":"Home","item":"https:\/\/koningdrone.be\/"},{"@type":"ListItem","position":2,"name":"AVSS Parachute Recovery System for DJI Matrice 300\/350","item":"https:\/\/koningdrone.be\/product\/avss-parachute-recovery-system-for-dji-matrice-300-350\/"},{"@type":"ListItem","position":3,"name":"Alle payloads","item":"https:\/\/koningdrone.be\/categorie\/alle-payloads\/"},{"@type":"ListItem","position":4,"name":"JZdrones M3D Quick Search Kit"}]},{"@type":"WebSite","@id":"https:\/\/koningdrone.be\/#website","url":"https:\/\/koningdrone.be\/","name":"Koningdrone.be - Votre sp\u00e9cialiste en ligne en mati\u00e8re de drones, de cardans, de cam\u00e9ras et de centrales \u00e9lectriques.","description":"La boutique en ligne de drones et de cardans","publisher":{"@id":"https:\/\/koningdrone.be\/#organization"},"potentialAction":[{"@type":"SearchAction","target":{"@type":"EntryPoint","urlTemplate":"https:\/\/koningdrone.be\/?s={search_term_string}"},"query-input":{"@type":"PropertyValueSpecification","valueRequired":true,"valueName":"search_term_string"}}],"inLanguage":"fr-BE"},{"@type":"Organization","@id":"https:\/\/koningdrone.be\/#organization","name":"Kingdrone.co.uk","url":"https:\/\/koningdrone.be\/","logo":{"@type":"ImageObject","inLanguage":"fr-BE","@id":"https:\/\/koningdrone.be\/#\/schema\/logo\/image\/","url":"https:\/\/koningdrone.be\/wp-content\/uploads\/sites\/13\/2025\/04\/koningdrone-copyright-logo.svg","contentUrl":"https:\/\/koningdrone.be\/wp-content\/uploads\/sites\/13\/2025\/04\/koningdrone-copyright-logo.svg","width":227,"height":38,"caption":"Koningdrone.be"},"image":{"@id":"https:\/\/koningdrone.be\/#\/schema\/logo\/image\/"}}]}},"df_price":"","df_sale_price":"","df_regular_price":"","df_image_link":"https:\/\/koningdrone.be\/wp-content\/uploads\/sites\/13\/2025\/04\/M3D1-300x239.webp","_links":{"self":[{"href":"https:\/\/koningdrone.be\/fr\/wp-json\/wp\/v2\/product\/1235","targetHints":{"allow":["GET"]}}],"collection":[{"href":"https:\/\/koningdrone.be\/fr\/wp-json\/wp\/v2\/product"}],"about":[{"href":"https:\/\/koningdrone.be\/fr\/wp-json\/wp\/v2\/types\/product"}],"wp:featuredmedia":[{"embeddable":true,"href":"https:\/\/koningdrone.be\/fr\/wp-json\/wp\/v2\/media\/1233"}],"wp:attachment":[{"href":"https:\/\/koningdrone.be\/fr\/wp-json\/wp\/v2\/media?parent=1235"}],"wp:term":[{"taxonomy":"product_brand","embeddable":true,"href":"https:\/\/koningdrone.be\/fr\/wp-json\/wp\/v2\/product_brand?post=1235"},{"taxonomy":"product_cat","embeddable":true,"href":"https:\/\/koningdrone.be\/fr\/wp-json\/wp\/v2\/product_cat?post=1235"},{"taxonomy":"product_tag","embeddable":true,"href":"https:\/\/koningdrone.be\/fr\/wp-json\/wp\/v2\/product_tag?post=1235"}],"curies":[{"name":"wp","href":"https:\/\/api.w.org\/{rel}","templated":true}]}}