{"id":1232,"date":"2025-01-28T10:06:42","date_gmt":"2025-01-28T09:06:42","guid":{"rendered":"https:\/\/koningdrone.nl\/kon\/product\/jzdrones-et4-four-drop-kit\/"},"modified":"2026-04-29T05:00:08","modified_gmt":"2026-04-29T03:00:08","slug":"jzdrones-et4-four-drop-kit","status":"publish","type":"product","link":"https:\/\/koningdrone.be\/fr\/produit\/jzdrones-et4-four-drop-kit\/","title":{"rendered":"JZdrones ET4 FOUR DROP KIT"},"content":{"rendered":"<p>Le kit ET4 Four Drop est une solution de livraison a\u00e9rienne polyvalente et fiable, con\u00e7ue pour le largage contr\u00f4l\u00e9 de plusieurs charges \u00e0 partir d'un drone. Le kit dispose de quatre points de largage, pour une distribution efficace des mat\u00e9riaux pendant les op\u00e9rations. Id\u00e9al pour diverses applications, ce kit garantit la pr\u00e9cision, la facilit\u00e9 d'utilisation et la s\u00e9curit\u00e9 du d\u00e9ploiement dans diff\u00e9rents environnements.<\/p>","protected":false},"excerpt":{"rendered":"<ul>\n<li>Le kit ET4 Four Drop est con\u00e7u pour une livraison efficace et pr\u00e9cise des charges a\u00e9riennes.<\/li>\n<li>La fonction quatre gouttes permet de d\u00e9poser plusieurs charges \u00e0 la fois.<\/li>\n<li>La vis\u00e9e assist\u00e9e par laser garantit une vis\u00e9e pr\u00e9cise et fiable \u00e0 chaque chute.<\/li>\n<li>Compatible avec plusieurs drones DJI, il offre une polyvalence pour diff\u00e9rentes applications.<\/li>\n<li>L'installation \u00e0 d\u00e9gagement rapide simplifie l'installation et am\u00e9liore l'efficacit\u00e9 op\u00e9rationnelle.<\/li>\n<\/ul>","protected":false},"featured_media":1229,"template":"","meta":{"_acf_changed":false},"product_brand":[],"product_cat":[126,97,152,153,150],"product_tag":[],"class_list":{"0":"post-1232","1":"product","2":"type-product","3":"status-publish","4":"has-post-thumbnail","6":"product_cat-alle-payloads","7":"product_cat-alle-producten","8":"product_cat-dji-matrice-300","9":"product_cat-dji-matrice-350","10":"product_cat-jzdrones","11":"product_shipping_class-outofstock","12":"pa_brand-jzdrones","13":"pa_producttype-drop-kit","15":"first","16":"outofstock","17":"taxable","18":"shipping-taxable","19":"product-type-simple"},"acf":[],"yoast_head":"<!-- This site is optimized with the Yoast SEO Premium plugin v27.2 (Yoast SEO v27.2) - https:\/\/yoast.com\/product\/yoast-seo-premium-wordpress\/ -->\n<title>JZdrones ET4 FOUR DROP KIT - koningdrone.be<\/title>\n<meta name=\"robots\" content=\"index, follow, max-snippet:-1, max-image-preview:large, max-video-preview:-1\" \/>\n<link rel=\"canonical\" href=\"https:\/\/koningdrone.be\/fr\/produit\/jzdrones-et4-four-drop-kit\/\" \/>\n<meta property=\"og:locale\" content=\"fr_FR\" \/>\n<meta property=\"og:type\" content=\"article\" \/>\n<meta property=\"og:title\" content=\"JZdrones ET4 FOUR DROP KIT\" \/>\n<meta property=\"og:description\" content=\"De ET4 Four Drop Kit is ontworpen voor het effici\u00ebnt en nauwkeurig afleveren van ladingen vanuit de lucht.Dankzij de vierdropfunctionaliteit kunnen meerdere ladingen in \u00e9\u00e9n keer worden gedropt.Laserondersteund richten zorgt voor nauwkeurig en betrouwbaar richten tijdens elke dropping.Het is compatibel met verschillende DJI drones en biedt veelzijdigheid voor verschillende toepassingen.Quick-release installatie vereenvoudigt de installatie en verbetert de operationele effici\u00ebntie.\" \/>\n<meta property=\"og:url\" content=\"https:\/\/koningdrone.be\/fr\/produit\/jzdrones-et4-four-drop-kit\/\" \/>\n<meta property=\"og:site_name\" content=\"koningdrone.be\" \/>\n<meta property=\"article:modified_time\" content=\"2026-04-29T03:00:08+00:00\" \/>\n<meta property=\"og:image\" content=\"https:\/\/koningdrone.be\/wp-content\/uploads\/sites\/13\/2025\/04\/ET43.webp\" \/>\n\t<meta property=\"og:image:width\" content=\"794\" \/>\n\t<meta property=\"og:image:height\" content=\"633\" \/>\n\t<meta property=\"og:image:type\" content=\"image\/webp\" \/>\n<meta name=\"twitter:card\" content=\"summary_large_image\" \/>\n<script type=\"application\/ld+json\" class=\"yoast-schema-graph\">{\"@context\":\"https:\/\/schema.org\",\"@graph\":[{\"@type\":\"WebPage\",\"@id\":\"https:\/\/koningdrone.be\/product\/jzdrones-et4-four-drop-kit\/\",\"url\":\"https:\/\/koningdrone.be\/product\/jzdrones-et4-four-drop-kit\/\",\"name\":\"JZdrones ET4 FOUR DROP KIT - koningdrone.be\",\"isPartOf\":{\"@id\":\"https:\/\/koningdrone.be\/#website\"},\"primaryImageOfPage\":{\"@id\":\"https:\/\/koningdrone.be\/product\/jzdrones-et4-four-drop-kit\/#primaryimage\"},\"image\":{\"@id\":\"https:\/\/koningdrone.be\/product\/jzdrones-et4-four-drop-kit\/#primaryimage\"},\"thumbnailUrl\":\"https:\/\/koningdrone.be\/wp-content\/uploads\/sites\/13\/2025\/04\/ET43.webp\",\"datePublished\":\"2025-01-28T09:06:42+00:00\",\"dateModified\":\"2026-04-29T03:00:08+00:00\",\"breadcrumb\":{\"@id\":\"https:\/\/koningdrone.be\/product\/jzdrones-et4-four-drop-kit\/#breadcrumb\"},\"inLanguage\":\"fr-BE\",\"potentialAction\":[{\"@type\":\"ReadAction\",\"target\":[\"https:\/\/koningdrone.be\/product\/jzdrones-et4-four-drop-kit\/\"]}]},{\"@type\":\"ImageObject\",\"inLanguage\":\"fr-BE\",\"@id\":\"https:\/\/koningdrone.be\/product\/jzdrones-et4-four-drop-kit\/#primaryimage\",\"url\":\"https:\/\/koningdrone.be\/wp-content\/uploads\/sites\/13\/2025\/04\/ET43.webp\",\"contentUrl\":\"https:\/\/koningdrone.be\/wp-content\/uploads\/sites\/13\/2025\/04\/ET43.webp\",\"width\":794,\"height\":633},{\"@type\":\"BreadcrumbList\",\"@id\":\"https:\/\/koningdrone.be\/product\/jzdrones-et4-four-drop-kit\/#breadcrumb\",\"itemListElement\":[{\"@type\":\"ListItem\",\"position\":1,\"name\":\"Home\",\"item\":\"https:\/\/koningdrone.be\/\"},{\"@type\":\"ListItem\",\"position\":2,\"name\":\"AVSS Parachute Recovery System for DJI Matrice 300\/350\",\"item\":\"https:\/\/koningdrone.be\/product\/avss-parachute-recovery-system-for-dji-matrice-300-350\/\"},{\"@type\":\"ListItem\",\"position\":3,\"name\":\"Alle payloads\",\"item\":\"https:\/\/koningdrone.be\/categorie\/alle-payloads\/\"},{\"@type\":\"ListItem\",\"position\":4,\"name\":\"JZdrones ET4 FOUR DROP KIT\"}]},{\"@type\":\"WebSite\",\"@id\":\"https:\/\/koningdrone.be\/#website\",\"url\":\"https:\/\/koningdrone.be\/\",\"name\":\"Koningdrone.be - Uw online specialist in drones, gimbals, camera's en power stations.\",\"description\":\"De webshop in drones en gimbals\",\"publisher\":{\"@id\":\"https:\/\/koningdrone.be\/#organization\"},\"potentialAction\":[{\"@type\":\"SearchAction\",\"target\":{\"@type\":\"EntryPoint\",\"urlTemplate\":\"https:\/\/koningdrone.be\/?s={search_term_string}\"},\"query-input\":{\"@type\":\"PropertyValueSpecification\",\"valueRequired\":true,\"valueName\":\"search_term_string\"}}],\"inLanguage\":\"fr-BE\"},{\"@type\":\"Organization\",\"@id\":\"https:\/\/koningdrone.be\/#organization\",\"name\":\"Koningdrone.be\",\"url\":\"https:\/\/koningdrone.be\/\",\"logo\":{\"@type\":\"ImageObject\",\"inLanguage\":\"fr-BE\",\"@id\":\"https:\/\/koningdrone.be\/#\/schema\/logo\/image\/\",\"url\":\"https:\/\/koningdrone.be\/wp-content\/uploads\/sites\/13\/2025\/04\/koningdrone-copyright-logo.svg\",\"contentUrl\":\"https:\/\/koningdrone.be\/wp-content\/uploads\/sites\/13\/2025\/04\/koningdrone-copyright-logo.svg\",\"width\":227,\"height\":38,\"caption\":\"Koningdrone.be\"},\"image\":{\"@id\":\"https:\/\/koningdrone.be\/#\/schema\/logo\/image\/\"}}]}<\/script>\n<!-- \/ Yoast SEO Premium plugin. -->","yoast_head_json":{"title":"JZdrones ET4 FOUR DROP KIT - koningdrone.be","robots":{"index":"index","follow":"follow","max-snippet":"max-snippet:-1","max-image-preview":"max-image-preview:large","max-video-preview":"max-video-preview:-1"},"canonical":"https:\/\/koningdrone.be\/fr\/produit\/jzdrones-et4-four-drop-kit\/","og_locale":"fr_FR","og_type":"article","og_title":"JZdrones ET4 FOUR DROP KIT","og_description":"De ET4 Four Drop Kit is ontworpen voor het effici\u00ebnt en nauwkeurig afleveren van ladingen vanuit de lucht.Dankzij de vierdropfunctionaliteit kunnen meerdere ladingen in \u00e9\u00e9n keer worden gedropt.Laserondersteund richten zorgt voor nauwkeurig en betrouwbaar richten tijdens elke dropping.Het is compatibel met verschillende DJI drones en biedt veelzijdigheid voor verschillende toepassingen.Quick-release installatie vereenvoudigt de installatie en verbetert de operationele effici\u00ebntie.","og_url":"https:\/\/koningdrone.be\/fr\/produit\/jzdrones-et4-four-drop-kit\/","og_site_name":"koningdrone.be","article_modified_time":"2026-04-29T03:00:08+00:00","og_image":[{"width":794,"height":633,"url":"https:\/\/koningdrone.be\/wp-content\/uploads\/sites\/13\/2025\/04\/ET43.webp","type":"image\/webp"}],"twitter_card":"summary_large_image","schema":{"@context":"https:\/\/schema.org","@graph":[{"@type":"WebPage","@id":"https:\/\/koningdrone.be\/product\/jzdrones-et4-four-drop-kit\/","url":"https:\/\/koningdrone.be\/product\/jzdrones-et4-four-drop-kit\/","name":"JZdrones ET4 FOUR DROP KIT - koningdrone.be","isPartOf":{"@id":"https:\/\/koningdrone.be\/#website"},"primaryImageOfPage":{"@id":"https:\/\/koningdrone.be\/product\/jzdrones-et4-four-drop-kit\/#primaryimage"},"image":{"@id":"https:\/\/koningdrone.be\/product\/jzdrones-et4-four-drop-kit\/#primaryimage"},"thumbnailUrl":"https:\/\/koningdrone.be\/wp-content\/uploads\/sites\/13\/2025\/04\/ET43.webp","datePublished":"2025-01-28T09:06:42+00:00","dateModified":"2026-04-29T03:00:08+00:00","breadcrumb":{"@id":"https:\/\/koningdrone.be\/product\/jzdrones-et4-four-drop-kit\/#breadcrumb"},"inLanguage":"fr-BE","potentialAction":[{"@type":"ReadAction","target":["https:\/\/koningdrone.be\/product\/jzdrones-et4-four-drop-kit\/"]}]},{"@type":"ImageObject","inLanguage":"fr-BE","@id":"https:\/\/koningdrone.be\/product\/jzdrones-et4-four-drop-kit\/#primaryimage","url":"https:\/\/koningdrone.be\/wp-content\/uploads\/sites\/13\/2025\/04\/ET43.webp","contentUrl":"https:\/\/koningdrone.be\/wp-content\/uploads\/sites\/13\/2025\/04\/ET43.webp","width":794,"height":633},{"@type":"BreadcrumbList","@id":"https:\/\/koningdrone.be\/product\/jzdrones-et4-four-drop-kit\/#breadcrumb","itemListElement":[{"@type":"ListItem","position":1,"name":"Home","item":"https:\/\/koningdrone.be\/"},{"@type":"ListItem","position":2,"name":"AVSS Parachute Recovery System for DJI Matrice 300\/350","item":"https:\/\/koningdrone.be\/product\/avss-parachute-recovery-system-for-dji-matrice-300-350\/"},{"@type":"ListItem","position":3,"name":"Alle payloads","item":"https:\/\/koningdrone.be\/categorie\/alle-payloads\/"},{"@type":"ListItem","position":4,"name":"JZdrones ET4 FOUR DROP KIT"}]},{"@type":"WebSite","@id":"https:\/\/koningdrone.be\/#website","url":"https:\/\/koningdrone.be\/","name":"Koningdrone.be - Votre sp\u00e9cialiste en ligne en mati\u00e8re de drones, de cardans, de cam\u00e9ras et de centrales \u00e9lectriques.","description":"La boutique en ligne de drones et de cardans","publisher":{"@id":"https:\/\/koningdrone.be\/#organization"},"potentialAction":[{"@type":"SearchAction","target":{"@type":"EntryPoint","urlTemplate":"https:\/\/koningdrone.be\/?s={search_term_string}"},"query-input":{"@type":"PropertyValueSpecification","valueRequired":true,"valueName":"search_term_string"}}],"inLanguage":"fr-BE"},{"@type":"Organization","@id":"https:\/\/koningdrone.be\/#organization","name":"Kingdrone.co.uk","url":"https:\/\/koningdrone.be\/","logo":{"@type":"ImageObject","inLanguage":"fr-BE","@id":"https:\/\/koningdrone.be\/#\/schema\/logo\/image\/","url":"https:\/\/koningdrone.be\/wp-content\/uploads\/sites\/13\/2025\/04\/koningdrone-copyright-logo.svg","contentUrl":"https:\/\/koningdrone.be\/wp-content\/uploads\/sites\/13\/2025\/04\/koningdrone-copyright-logo.svg","width":227,"height":38,"caption":"Koningdrone.be"},"image":{"@id":"https:\/\/koningdrone.be\/#\/schema\/logo\/image\/"}}]}},"df_price":"","df_sale_price":"","df_regular_price":"","df_image_link":"https:\/\/koningdrone.be\/wp-content\/uploads\/sites\/13\/2025\/04\/ET43-300x239.webp","_links":{"self":[{"href":"https:\/\/koningdrone.be\/fr\/wp-json\/wp\/v2\/product\/1232","targetHints":{"allow":["GET"]}}],"collection":[{"href":"https:\/\/koningdrone.be\/fr\/wp-json\/wp\/v2\/product"}],"about":[{"href":"https:\/\/koningdrone.be\/fr\/wp-json\/wp\/v2\/types\/product"}],"wp:featuredmedia":[{"embeddable":true,"href":"https:\/\/koningdrone.be\/fr\/wp-json\/wp\/v2\/media\/1229"}],"wp:attachment":[{"href":"https:\/\/koningdrone.be\/fr\/wp-json\/wp\/v2\/media?parent=1232"}],"wp:term":[{"taxonomy":"product_brand","embeddable":true,"href":"https:\/\/koningdrone.be\/fr\/wp-json\/wp\/v2\/product_brand?post=1232"},{"taxonomy":"product_cat","embeddable":true,"href":"https:\/\/koningdrone.be\/fr\/wp-json\/wp\/v2\/product_cat?post=1232"},{"taxonomy":"product_tag","embeddable":true,"href":"https:\/\/koningdrone.be\/fr\/wp-json\/wp\/v2\/product_tag?post=1232"}],"curies":[{"name":"wp","href":"https:\/\/api.w.org\/{rel}","templated":true}]}}