{"id":1197,"date":"2025-01-28T10:06:42","date_gmt":"2025-01-28T10:06:42","guid":{"rendered":"https:\/\/koningdrone.nl\/kon\/product\/skyfend-blader-sps100-3\/"},"modified":"2025-04-29T11:11:05","modified_gmt":"2025-04-29T11:11:05","slug":"skyfend-blader-sps100-3","status":"publish","type":"product","link":"https:\/\/koningdrone.be\/fr\/produit\/skyfend-blader-sps100-3\/","title":{"rendered":"Skyfend - Blader - SPS100"},"content":{"rendered":"<p>Le Skyfend Blader SPS100 est un brouilleur anti-drone portable con\u00e7u pour perturber les op\u00e9rations des drones. Il est dot\u00e9 d'un syst\u00e8me de brouillage multifr\u00e9quence qui cible les canaux de communication critiques tels que les commandes de vol, la transmission d'images et les signaux GNSS, ce qui permet de neutraliser efficacement les drones malveillants. Ce syst\u00e8me est particuli\u00e8rement utile pour emp\u00eacher les incursions non autoris\u00e9es de drones dans des zones sensibles. L'appareil est compact, ce qui facilite son d\u00e9ploiement dans divers environnements, et il est compatible avec les mod\u00e8les de drones civils et commerciaux. Il est con\u00e7u pour les applications de s\u00e9curit\u00e9 o\u00f9 la limitation des drones est n\u00e9cessaire.<\/p>","protected":false},"excerpt":{"rendered":"<ul>\n<li>Brouilleur anti-drone portable<\/li>\n<li>Port\u00e9e de brouillage : 1,5 km<\/li>\n<li>Couverture compl\u00e8te : bandes de fr\u00e9quences multiples (868 MHz, 915 MHz, 1,2 GHz, 2,4 GHz, etc.)<\/li>\n<li>Port\u00e9e de d\u00e9tection : 2 km pour les radiofr\u00e9quences<\/li>\n<li>Port\u00e9e de brouillage : 2 km pour le GNSS<\/li>\n<li>Enregistrement des \u00e9v\u00e9nements : Oui<\/li>\n<li>Class\u00e9 IP65 : \u00e9tanche \u00e0 la poussi\u00e8re et \u00e0 l'eau<\/li>\n<li>Poids : ~4 kg<\/li>\n<li>Plage de temp\u00e9rature : -20\u00b0C \u00e0 +55\u00b0C<\/li>\n<\/ul>","protected":false},"featured_media":1196,"template":"","meta":{"_acf_changed":false},"product_brand":[],"product_cat":[97,142],"product_tag":[],"class_list":{"0":"post-1197","1":"product","2":"type-product","3":"status-publish","4":"has-post-thumbnail","6":"product_cat-alle-producten","7":"product_cat-skyfend","8":"pa_brand-skyfend","9":"pa_producttype-jamming-device","11":"first","12":"outofstock","13":"taxable","14":"shipping-taxable","15":"product-type-simple"},"acf":[],"yoast_head":"<!-- This site is optimized with the Yoast SEO Premium plugin v27.2 (Yoast SEO v27.2) - https:\/\/yoast.com\/product\/yoast-seo-premium-wordpress\/ -->\n<title>Skyfend - Blader - SPS100 - koningdrone.be<\/title>\n<meta name=\"robots\" content=\"index, follow, max-snippet:-1, max-image-preview:large, max-video-preview:-1\" \/>\n<link rel=\"canonical\" href=\"https:\/\/koningdrone.be\/fr\/produit\/skyfend-blader-sps100-3\/\" \/>\n<meta property=\"og:locale\" content=\"fr_FR\" \/>\n<meta property=\"og:type\" content=\"article\" \/>\n<meta property=\"og:title\" content=\"Skyfend - Blader - SPS100\" \/>\n<meta property=\"og:description\" content=\"Portable Anti-Drone JammerJamming Range: 1.5 kmFull Coverage: Multiple frequency bands (868 MHz, 915 MHz, 1.2 GHz, 2.4 GHz, and more)Detection Range: 2 km for RFSpoofing Range: 2 km for GNSSEvent Logging: YesIP65 Rated: Dustproof and water-resistantWeight: ~4 kgTemperature Range: -20\u00b0C to +55\u00b0C\" \/>\n<meta property=\"og:url\" content=\"https:\/\/koningdrone.be\/fr\/produit\/skyfend-blader-sps100-3\/\" \/>\n<meta property=\"og:site_name\" content=\"koningdrone.be\" \/>\n<meta property=\"article:modified_time\" content=\"2025-04-29T11:11:05+00:00\" \/>\n<meta property=\"og:image\" content=\"https:\/\/koningdrone.be\/wp-content\/uploads\/sites\/13\/2025\/04\/21.png\" \/>\n\t<meta property=\"og:image:width\" content=\"1500\" \/>\n\t<meta property=\"og:image:height\" content=\"1500\" \/>\n\t<meta property=\"og:image:type\" content=\"image\/png\" \/>\n<meta name=\"twitter:card\" content=\"summary_large_image\" \/>\n<script type=\"application\/ld+json\" class=\"yoast-schema-graph\">{\"@context\":\"https:\/\/schema.org\",\"@graph\":[{\"@type\":\"WebPage\",\"@id\":\"https:\/\/koningdrone.be\/product\/skyfend-blader-sps100-3\/\",\"url\":\"https:\/\/koningdrone.be\/product\/skyfend-blader-sps100-3\/\",\"name\":\"Skyfend - Blader - SPS100 - koningdrone.be\",\"isPartOf\":{\"@id\":\"https:\/\/koningdrone.be\/#website\"},\"primaryImageOfPage\":{\"@id\":\"https:\/\/koningdrone.be\/product\/skyfend-blader-sps100-3\/#primaryimage\"},\"image\":{\"@id\":\"https:\/\/koningdrone.be\/product\/skyfend-blader-sps100-3\/#primaryimage\"},\"thumbnailUrl\":\"https:\/\/koningdrone.be\/wp-content\/uploads\/sites\/13\/2025\/04\/21.png\",\"datePublished\":\"2025-01-28T10:06:42+00:00\",\"dateModified\":\"2025-04-29T11:11:05+00:00\",\"breadcrumb\":{\"@id\":\"https:\/\/koningdrone.be\/product\/skyfend-blader-sps100-3\/#breadcrumb\"},\"inLanguage\":\"fr-BE\",\"potentialAction\":[{\"@type\":\"ReadAction\",\"target\":[\"https:\/\/koningdrone.be\/product\/skyfend-blader-sps100-3\/\"]}]},{\"@type\":\"ImageObject\",\"inLanguage\":\"fr-BE\",\"@id\":\"https:\/\/koningdrone.be\/product\/skyfend-blader-sps100-3\/#primaryimage\",\"url\":\"https:\/\/koningdrone.be\/wp-content\/uploads\/sites\/13\/2025\/04\/21.png\",\"contentUrl\":\"https:\/\/koningdrone.be\/wp-content\/uploads\/sites\/13\/2025\/04\/21.png\",\"width\":1500,\"height\":1500},{\"@type\":\"BreadcrumbList\",\"@id\":\"https:\/\/koningdrone.be\/product\/skyfend-blader-sps100-3\/#breadcrumb\",\"itemListElement\":[{\"@type\":\"ListItem\",\"position\":1,\"name\":\"Home\",\"item\":\"https:\/\/koningdrone.be\/\"},{\"@type\":\"ListItem\",\"position\":2,\"name\":\"AVSS Parachute Recovery System for DJI Matrice 300\/350\",\"item\":\"https:\/\/koningdrone.be\/product\/avss-parachute-recovery-system-for-dji-matrice-300-350\/\"},{\"@type\":\"ListItem\",\"position\":3,\"name\":\"Alle producten\",\"item\":\"https:\/\/koningdrone.be\/categorie\/alle-producten\/\"},{\"@type\":\"ListItem\",\"position\":4,\"name\":\"Skyfend &#8211; Blader &#8211; SPS100\"}]},{\"@type\":\"WebSite\",\"@id\":\"https:\/\/koningdrone.be\/#website\",\"url\":\"https:\/\/koningdrone.be\/\",\"name\":\"Koningdrone.be - Uw online specialist in drones, gimbals, camera's en power stations.\",\"description\":\"De webshop in drones en gimbals\",\"publisher\":{\"@id\":\"https:\/\/koningdrone.be\/#organization\"},\"potentialAction\":[{\"@type\":\"SearchAction\",\"target\":{\"@type\":\"EntryPoint\",\"urlTemplate\":\"https:\/\/koningdrone.be\/?s={search_term_string}\"},\"query-input\":{\"@type\":\"PropertyValueSpecification\",\"valueRequired\":true,\"valueName\":\"search_term_string\"}}],\"inLanguage\":\"fr-BE\"},{\"@type\":\"Organization\",\"@id\":\"https:\/\/koningdrone.be\/#organization\",\"name\":\"Koningdrone.be\",\"url\":\"https:\/\/koningdrone.be\/\",\"logo\":{\"@type\":\"ImageObject\",\"inLanguage\":\"fr-BE\",\"@id\":\"https:\/\/koningdrone.be\/#\/schema\/logo\/image\/\",\"url\":\"https:\/\/koningdrone.be\/wp-content\/uploads\/sites\/13\/2025\/04\/koningdrone-copyright-logo.svg\",\"contentUrl\":\"https:\/\/koningdrone.be\/wp-content\/uploads\/sites\/13\/2025\/04\/koningdrone-copyright-logo.svg\",\"width\":227,\"height\":38,\"caption\":\"Koningdrone.be\"},\"image\":{\"@id\":\"https:\/\/koningdrone.be\/#\/schema\/logo\/image\/\"}}]}<\/script>\n<!-- \/ Yoast SEO Premium plugin. -->","yoast_head_json":{"title":"Skyfend - Blader - SPS100 - koningdrone.be","robots":{"index":"index","follow":"follow","max-snippet":"max-snippet:-1","max-image-preview":"max-image-preview:large","max-video-preview":"max-video-preview:-1"},"canonical":"https:\/\/koningdrone.be\/fr\/produit\/skyfend-blader-sps100-3\/","og_locale":"fr_FR","og_type":"article","og_title":"Skyfend - Blader - SPS100","og_description":"Portable Anti-Drone JammerJamming Range: 1.5 kmFull Coverage: Multiple frequency bands (868 MHz, 915 MHz, 1.2 GHz, 2.4 GHz, and more)Detection Range: 2 km for RFSpoofing Range: 2 km for GNSSEvent Logging: YesIP65 Rated: Dustproof and water-resistantWeight: ~4 kgTemperature Range: -20\u00b0C to +55\u00b0C","og_url":"https:\/\/koningdrone.be\/fr\/produit\/skyfend-blader-sps100-3\/","og_site_name":"koningdrone.be","article_modified_time":"2025-04-29T11:11:05+00:00","og_image":[{"width":1500,"height":1500,"url":"https:\/\/koningdrone.be\/wp-content\/uploads\/sites\/13\/2025\/04\/21.png","type":"image\/png"}],"twitter_card":"summary_large_image","schema":{"@context":"https:\/\/schema.org","@graph":[{"@type":"WebPage","@id":"https:\/\/koningdrone.be\/product\/skyfend-blader-sps100-3\/","url":"https:\/\/koningdrone.be\/product\/skyfend-blader-sps100-3\/","name":"Skyfend - Blader - SPS100 - koningdrone.be","isPartOf":{"@id":"https:\/\/koningdrone.be\/#website"},"primaryImageOfPage":{"@id":"https:\/\/koningdrone.be\/product\/skyfend-blader-sps100-3\/#primaryimage"},"image":{"@id":"https:\/\/koningdrone.be\/product\/skyfend-blader-sps100-3\/#primaryimage"},"thumbnailUrl":"https:\/\/koningdrone.be\/wp-content\/uploads\/sites\/13\/2025\/04\/21.png","datePublished":"2025-01-28T10:06:42+00:00","dateModified":"2025-04-29T11:11:05+00:00","breadcrumb":{"@id":"https:\/\/koningdrone.be\/product\/skyfend-blader-sps100-3\/#breadcrumb"},"inLanguage":"fr-BE","potentialAction":[{"@type":"ReadAction","target":["https:\/\/koningdrone.be\/product\/skyfend-blader-sps100-3\/"]}]},{"@type":"ImageObject","inLanguage":"fr-BE","@id":"https:\/\/koningdrone.be\/product\/skyfend-blader-sps100-3\/#primaryimage","url":"https:\/\/koningdrone.be\/wp-content\/uploads\/sites\/13\/2025\/04\/21.png","contentUrl":"https:\/\/koningdrone.be\/wp-content\/uploads\/sites\/13\/2025\/04\/21.png","width":1500,"height":1500},{"@type":"BreadcrumbList","@id":"https:\/\/koningdrone.be\/product\/skyfend-blader-sps100-3\/#breadcrumb","itemListElement":[{"@type":"ListItem","position":1,"name":"Home","item":"https:\/\/koningdrone.be\/"},{"@type":"ListItem","position":2,"name":"AVSS Parachute Recovery System for DJI Matrice 300\/350","item":"https:\/\/koningdrone.be\/product\/avss-parachute-recovery-system-for-dji-matrice-300-350\/"},{"@type":"ListItem","position":3,"name":"Alle producten","item":"https:\/\/koningdrone.be\/categorie\/alle-producten\/"},{"@type":"ListItem","position":4,"name":"Skyfend &#8211; Blader &#8211; SPS100"}]},{"@type":"WebSite","@id":"https:\/\/koningdrone.be\/#website","url":"https:\/\/koningdrone.be\/","name":"Koningdrone.be - Votre sp\u00e9cialiste en ligne en mati\u00e8re de drones, de cardans, de cam\u00e9ras et de centrales \u00e9lectriques.","description":"La boutique en ligne de drones et de cardans","publisher":{"@id":"https:\/\/koningdrone.be\/#organization"},"potentialAction":[{"@type":"SearchAction","target":{"@type":"EntryPoint","urlTemplate":"https:\/\/koningdrone.be\/?s={search_term_string}"},"query-input":{"@type":"PropertyValueSpecification","valueRequired":true,"valueName":"search_term_string"}}],"inLanguage":"fr-BE"},{"@type":"Organization","@id":"https:\/\/koningdrone.be\/#organization","name":"Kingdrone.co.uk","url":"https:\/\/koningdrone.be\/","logo":{"@type":"ImageObject","inLanguage":"fr-BE","@id":"https:\/\/koningdrone.be\/#\/schema\/logo\/image\/","url":"https:\/\/koningdrone.be\/wp-content\/uploads\/sites\/13\/2025\/04\/koningdrone-copyright-logo.svg","contentUrl":"https:\/\/koningdrone.be\/wp-content\/uploads\/sites\/13\/2025\/04\/koningdrone-copyright-logo.svg","width":227,"height":38,"caption":"Koningdrone.be"},"image":{"@id":"https:\/\/koningdrone.be\/#\/schema\/logo\/image\/"}}]}},"df_price":"","df_sale_price":"","df_regular_price":"","df_image_link":"https:\/\/koningdrone.be\/wp-content\/uploads\/sites\/13\/2025\/04\/21-300x300.png","_links":{"self":[{"href":"https:\/\/koningdrone.be\/fr\/wp-json\/wp\/v2\/product\/1197","targetHints":{"allow":["GET"]}}],"collection":[{"href":"https:\/\/koningdrone.be\/fr\/wp-json\/wp\/v2\/product"}],"about":[{"href":"https:\/\/koningdrone.be\/fr\/wp-json\/wp\/v2\/types\/product"}],"wp:featuredmedia":[{"embeddable":true,"href":"https:\/\/koningdrone.be\/fr\/wp-json\/wp\/v2\/media\/1196"}],"wp:attachment":[{"href":"https:\/\/koningdrone.be\/fr\/wp-json\/wp\/v2\/media?parent=1197"}],"wp:term":[{"taxonomy":"product_brand","embeddable":true,"href":"https:\/\/koningdrone.be\/fr\/wp-json\/wp\/v2\/product_brand?post=1197"},{"taxonomy":"product_cat","embeddable":true,"href":"https:\/\/koningdrone.be\/fr\/wp-json\/wp\/v2\/product_cat?post=1197"},{"taxonomy":"product_tag","embeddable":true,"href":"https:\/\/koningdrone.be\/fr\/wp-json\/wp\/v2\/product_tag?post=1197"}],"curies":[{"name":"wp","href":"https:\/\/api.w.org\/{rel}","templated":true}]}}