{"id":1173,"date":"2025-02-25T06:49:44","date_gmt":"2025-02-25T05:49:44","guid":{"rendered":"https:\/\/koningdrone.nl\/kon\/product\/dji-as1-speaker\/"},"modified":"2026-04-29T03:40:25","modified_gmt":"2026-04-29T01:40:25","slug":"dji-as1-speaker","status":"publish","type":"product","link":"https:\/\/koningdrone.be\/fr\/produit\/dji-as1-speaker\/","title":{"rendered":"DJI AS1 Haut-parleur"},"content":{"rendered":"<h3>DJI AS1 Haut-parleur<\/h3>\n<p><iframe loading=\"lazy\" title=\"DJI AS1 Speaker | Premi\u00e8re utilisation\" width=\"800\" height=\"450\" src=\"https:\/\/www.youtube.com\/embed\/tuN_N2jJpuo?feature=oembed&#038;enablejsapi=1&#038;origin=https:\/\/koningdrone.be\" frameborder=\"0\" allow=\"accelerometer; autoplay; clipboard-write; encrypted-media; gyroscope; picture-in-picture; web-share\" referrerpolicy=\"strict-origin-when-cross-origin\" allowfullscreen><\/iframe><\/p>\n<p style=\"margin-top: 20px\">Le <strong>DJI AS1 Haut-parleur<\/strong> est un puissant haut-parleur pour drone con\u00e7u pour \u00eatre utilis\u00e9 avec les produits DJI <strong>Matrice s\u00e9rie 4<\/strong> drones. Avec un <strong>volume maximal de 114 dB \u00e0 1 m\u00e8tre<\/strong> ce haut-parleur permet une communication audio claire et forte sur de longues distances, ce qui le rend id\u00e9al pour des applications telles que la recherche et le sauvetage, les op\u00e9rations de s\u00e9curit\u00e9 et les messages a\u00e9riens.<\/p>\n<p style=\"margin-bottom: 20px\">Ce haut-parleur prend en charge plusieurs modes de diffusion, tels que <strong>diffusion en direct<\/strong>, <strong>messages pr\u00e9enregistr\u00e9s<\/strong>, <strong>entr\u00e9e m\u00e9dia<\/strong> et <strong>conversion texte-parole<\/strong>. En outre, il y a <strong>annulation de l'\u00e9cho<\/strong> pour une parole claire, m\u00eame dans des environnements d'ondes sonores.<\/p>\n<p><a href=\"https:\/\/koningdrone.nl\/wp-content\/uploads\/2025\/02\/DJI-AS1-Speaker-Product.webp\"><img loading=\"lazy\" decoding=\"async\" class=\"size-full wp-image-467381 aligncenter\" src=\"https:\/\/koningdrone.nl\/wp-content\/uploads\/2025\/02\/DJI-AS1-Speaker-Product.webp\" alt=\"DJI AS1 Speaker Product\" width=\"1200\" height=\"800\" \/><\/a><\/p>\n<h4>Performance et fonctionnalit\u00e9<\/h4>\n<p>L'AS1 fournit jusqu'\u00e0 <strong>114 dB \u00e0 1 m\u00e8tre de distance<\/strong> et dispose d'un <strong>port\u00e9e effective jusqu'\u00e0 environ 300 m<\/strong> pour les messages vocaux ou audio, assurant une excellente couverture sonore lors des missions nocturnes ou diurnes.<\/p>\n<p>Le haut-parleur peut diffuser des messages en temps r\u00e9el et prend en charge la transmission et la lecture simultan\u00e9es de fichiers audio, offrant ainsi aux utilisateurs une grande souplesse dans leurs t\u00e2ches de communication.<\/p>\n<h4>Qualit\u00e9 de construction et conception<\/h4>\n<p>L'AS1 est de construction compacte et l\u00e9g\u00e8re. <strong>fixation rapide<\/strong> gr\u00e2ce \u00e0 des vis serr\u00e9es \u00e0 la main, ce qui facilite la fixation sur le drone.<\/p>\n<p>La conception tient compte des missions de longue dur\u00e9e et comprend un support d'adaptation de rechange et une cl\u00e9 Allen pour une installation s\u00fbre.<\/p>\n<p><a href=\"https:\/\/koningdrone.nl\/wp-content\/uploads\/2025\/02\/AS1-Speaker-Product-DJI.webp\"><img loading=\"lazy\" decoding=\"async\" class=\"aligncenter wp-image-467379 size-medium\" src=\"https:\/\/koningdrone.nl\/wp-content\/uploads\/2025\/02\/AS1-Speaker-Product-DJI-300x300.webp\" alt=\"AS1 Speaker Product DJI\" width=\"300\" height=\"300\" \/><\/a><\/p>\n<h4>Pourquoi vous en avez besoin<\/h4>\n<p>Pour les organisations n\u00e9cessitant des communications a\u00e9riennes lors d'op\u00e9rations telles que la s\u00e9curit\u00e9 publique, le contr\u00f4le des foules, les interventions d'urgence ou les inspections, le DJI AS1 Speaker offre un moyen fiable et puissant de diffuser des messages vocaux sur de longues distances \u00e0 partir du drone.<\/p>","protected":false},"excerpt":{"rendered":"<ul>\n<li>Niveau de bruit maximal de 114 dB \u00e0 1 m pour un son clair<\/li>\n<li>Port\u00e9e jusqu'\u00e0 300 m pour la transmission du son<\/li>\n<li>Prise en charge de la diffusion en temps r\u00e9el, des messages enregistr\u00e9s et de la synth\u00e8se vocale<\/li>\n<li>Suppression de l'\u00e9cho pour une parole claire<\/li>\n<li>L\u00e9ger et compact avec fixation rapide<\/li>\n<\/ul>","protected":false},"featured_media":17203,"template":"","meta":{"_acf_changed":false},"product_brand":[],"product_cat":[1769,98],"product_tag":[],"class_list":{"0":"post-1173","1":"product","2":"type-product","3":"status-publish","4":"has-post-thumbnail","6":"product_cat-dji-as1","7":"product_cat-dji-matrice-4","8":"product_shipping_class-uavspacesall","9":"pa_brand-dji","10":"pa_producttype-luidspreker","11":"pa_series-as1","13":"first","14":"instock","15":"taxable","16":"shipping-taxable","17":"purchasable","18":"product-type-simple"},"acf":[],"yoast_head":"<!-- This site is optimized with the Yoast SEO Premium plugin v27.2 (Yoast SEO v27.2) - https:\/\/yoast.com\/product\/yoast-seo-premium-wordpress\/ -->\n<title>DJI AS1 Speaker - koningdrone.be<\/title>\n<meta name=\"robots\" content=\"index, follow, max-snippet:-1, max-image-preview:large, max-video-preview:-1\" \/>\n<link rel=\"canonical\" href=\"https:\/\/koningdrone.be\/fr\/produit\/dji-as1-speaker\/\" \/>\n<meta property=\"og:locale\" content=\"fr_FR\" \/>\n<meta property=\"og:type\" content=\"article\" \/>\n<meta property=\"og:title\" content=\"DJI AS1 Speaker\" \/>\n<meta property=\"og:description\" content=\"Maximaal geluidsniveau van 114\u202fdB @ 1\u202fm voor duidelijke audio  Bereik tot 300\u202fm voor geluidstransmissie  Ondersteunt realtime uitzending, opgenomen berichten en tekst\u2011naar\u2011spraak  Echo\u2011onderdrukking voor heldere spraak  Licht en compact met quick\u2011release montage\" \/>\n<meta property=\"og:url\" content=\"https:\/\/koningdrone.be\/fr\/produit\/dji-as1-speaker\/\" \/>\n<meta property=\"og:site_name\" content=\"koningdrone.be\" \/>\n<meta property=\"article:modified_time\" content=\"2026-04-29T01:40:25+00:00\" \/>\n<meta property=\"og:image\" content=\"https:\/\/koningdrone.be\/wp-content\/uploads\/sites\/13\/2026\/03\/DJI-AS1-Speaker.webp\" \/>\n\t<meta property=\"og:image:width\" content=\"2048\" \/>\n\t<meta property=\"og:image:height\" content=\"2048\" \/>\n\t<meta property=\"og:image:type\" content=\"image\/webp\" \/>\n<meta name=\"twitter:card\" content=\"summary_large_image\" \/>\n<meta name=\"twitter:label1\" content=\"Dur\u00e9e de lecture est.\" \/>\n\t<meta name=\"twitter:data1\" content=\"1 minute\" \/>\n<script type=\"application\/ld+json\" class=\"yoast-schema-graph\">{\"@context\":\"https:\/\/schema.org\",\"@graph\":[{\"@type\":\"WebPage\",\"@id\":\"https:\/\/koningdrone.be\/product\/dji-as1-speaker\/\",\"url\":\"https:\/\/koningdrone.be\/product\/dji-as1-speaker\/\",\"name\":\"DJI AS1 Speaker - koningdrone.be\",\"isPartOf\":{\"@id\":\"https:\/\/koningdrone.be\/#website\"},\"primaryImageOfPage\":{\"@id\":\"https:\/\/koningdrone.be\/product\/dji-as1-speaker\/#primaryimage\"},\"image\":{\"@id\":\"https:\/\/koningdrone.be\/product\/dji-as1-speaker\/#primaryimage\"},\"thumbnailUrl\":\"https:\/\/koningdrone.be\/wp-content\/uploads\/sites\/13\/2026\/03\/DJI-AS1-Speaker.webp\",\"datePublished\":\"2025-02-25T05:49:44+00:00\",\"dateModified\":\"2026-04-29T01:40:25+00:00\",\"breadcrumb\":{\"@id\":\"https:\/\/koningdrone.be\/product\/dji-as1-speaker\/#breadcrumb\"},\"inLanguage\":\"fr-BE\",\"potentialAction\":[{\"@type\":\"ReadAction\",\"target\":[\"https:\/\/koningdrone.be\/product\/dji-as1-speaker\/\"]}]},{\"@type\":\"ImageObject\",\"inLanguage\":\"fr-BE\",\"@id\":\"https:\/\/koningdrone.be\/product\/dji-as1-speaker\/#primaryimage\",\"url\":\"https:\/\/koningdrone.be\/wp-content\/uploads\/sites\/13\/2026\/03\/DJI-AS1-Speaker.webp\",\"contentUrl\":\"https:\/\/koningdrone.be\/wp-content\/uploads\/sites\/13\/2026\/03\/DJI-AS1-Speaker.webp\",\"width\":2048,\"height\":2048},{\"@type\":\"BreadcrumbList\",\"@id\":\"https:\/\/koningdrone.be\/product\/dji-as1-speaker\/#breadcrumb\",\"itemListElement\":[{\"@type\":\"ListItem\",\"position\":1,\"name\":\"Home\",\"item\":\"https:\/\/koningdrone.be\/\"},{\"@type\":\"ListItem\",\"position\":2,\"name\":\"AVSS Parachute Recovery System for DJI Matrice 300\/350\",\"item\":\"https:\/\/koningdrone.be\/product\/avss-parachute-recovery-system-for-dji-matrice-300-350\/\"},{\"@type\":\"ListItem\",\"position\":3,\"name\":\"DJI AS1\",\"item\":\"https:\/\/koningdrone.be\/categorie\/dji-as1\/\"},{\"@type\":\"ListItem\",\"position\":4,\"name\":\"DJI AS1 Speaker\"}]},{\"@type\":\"WebSite\",\"@id\":\"https:\/\/koningdrone.be\/#website\",\"url\":\"https:\/\/koningdrone.be\/\",\"name\":\"Koningdrone.be - Uw online specialist in drones, gimbals, camera's en power stations.\",\"description\":\"De webshop in drones en gimbals\",\"publisher\":{\"@id\":\"https:\/\/koningdrone.be\/#organization\"},\"potentialAction\":[{\"@type\":\"SearchAction\",\"target\":{\"@type\":\"EntryPoint\",\"urlTemplate\":\"https:\/\/koningdrone.be\/?s={search_term_string}\"},\"query-input\":{\"@type\":\"PropertyValueSpecification\",\"valueRequired\":true,\"valueName\":\"search_term_string\"}}],\"inLanguage\":\"fr-BE\"},{\"@type\":\"Organization\",\"@id\":\"https:\/\/koningdrone.be\/#organization\",\"name\":\"Koningdrone.be\",\"url\":\"https:\/\/koningdrone.be\/\",\"logo\":{\"@type\":\"ImageObject\",\"inLanguage\":\"fr-BE\",\"@id\":\"https:\/\/koningdrone.be\/#\/schema\/logo\/image\/\",\"url\":\"https:\/\/koningdrone.be\/wp-content\/uploads\/sites\/13\/2025\/04\/koningdrone-copyright-logo.svg\",\"contentUrl\":\"https:\/\/koningdrone.be\/wp-content\/uploads\/sites\/13\/2025\/04\/koningdrone-copyright-logo.svg\",\"width\":227,\"height\":38,\"caption\":\"Koningdrone.be\"},\"image\":{\"@id\":\"https:\/\/koningdrone.be\/#\/schema\/logo\/image\/\"}}]}<\/script>\n<!-- \/ Yoast SEO Premium plugin. -->","yoast_head_json":{"title":"DJI AS1 Speaker - koningdrone.be","robots":{"index":"index","follow":"follow","max-snippet":"max-snippet:-1","max-image-preview":"max-image-preview:large","max-video-preview":"max-video-preview:-1"},"canonical":"https:\/\/koningdrone.be\/fr\/produit\/dji-as1-speaker\/","og_locale":"fr_FR","og_type":"article","og_title":"DJI AS1 Speaker","og_description":"Maximaal geluidsniveau van 114\u202fdB @ 1\u202fm voor duidelijke audio  Bereik tot 300\u202fm voor geluidstransmissie  Ondersteunt realtime uitzending, opgenomen berichten en tekst\u2011naar\u2011spraak  Echo\u2011onderdrukking voor heldere spraak  Licht en compact met quick\u2011release montage","og_url":"https:\/\/koningdrone.be\/fr\/produit\/dji-as1-speaker\/","og_site_name":"koningdrone.be","article_modified_time":"2026-04-29T01:40:25+00:00","og_image":[{"width":2048,"height":2048,"url":"https:\/\/koningdrone.be\/wp-content\/uploads\/sites\/13\/2026\/03\/DJI-AS1-Speaker.webp","type":"image\/webp"}],"twitter_card":"summary_large_image","twitter_misc":{"Dur\u00e9e de lecture est.":"1 minute"},"schema":{"@context":"https:\/\/schema.org","@graph":[{"@type":"WebPage","@id":"https:\/\/koningdrone.be\/product\/dji-as1-speaker\/","url":"https:\/\/koningdrone.be\/product\/dji-as1-speaker\/","name":"DJI AS1 Speaker - koningdrone.be","isPartOf":{"@id":"https:\/\/koningdrone.be\/#website"},"primaryImageOfPage":{"@id":"https:\/\/koningdrone.be\/product\/dji-as1-speaker\/#primaryimage"},"image":{"@id":"https:\/\/koningdrone.be\/product\/dji-as1-speaker\/#primaryimage"},"thumbnailUrl":"https:\/\/koningdrone.be\/wp-content\/uploads\/sites\/13\/2026\/03\/DJI-AS1-Speaker.webp","datePublished":"2025-02-25T05:49:44+00:00","dateModified":"2026-04-29T01:40:25+00:00","breadcrumb":{"@id":"https:\/\/koningdrone.be\/product\/dji-as1-speaker\/#breadcrumb"},"inLanguage":"fr-BE","potentialAction":[{"@type":"ReadAction","target":["https:\/\/koningdrone.be\/product\/dji-as1-speaker\/"]}]},{"@type":"ImageObject","inLanguage":"fr-BE","@id":"https:\/\/koningdrone.be\/product\/dji-as1-speaker\/#primaryimage","url":"https:\/\/koningdrone.be\/wp-content\/uploads\/sites\/13\/2026\/03\/DJI-AS1-Speaker.webp","contentUrl":"https:\/\/koningdrone.be\/wp-content\/uploads\/sites\/13\/2026\/03\/DJI-AS1-Speaker.webp","width":2048,"height":2048},{"@type":"BreadcrumbList","@id":"https:\/\/koningdrone.be\/product\/dji-as1-speaker\/#breadcrumb","itemListElement":[{"@type":"ListItem","position":1,"name":"Home","item":"https:\/\/koningdrone.be\/"},{"@type":"ListItem","position":2,"name":"AVSS Parachute Recovery System for DJI Matrice 300\/350","item":"https:\/\/koningdrone.be\/product\/avss-parachute-recovery-system-for-dji-matrice-300-350\/"},{"@type":"ListItem","position":3,"name":"DJI AS1","item":"https:\/\/koningdrone.be\/categorie\/dji-as1\/"},{"@type":"ListItem","position":4,"name":"DJI AS1 Speaker"}]},{"@type":"WebSite","@id":"https:\/\/koningdrone.be\/#website","url":"https:\/\/koningdrone.be\/","name":"Koningdrone.be - Votre sp\u00e9cialiste en ligne en mati\u00e8re de drones, de cardans, de cam\u00e9ras et de centrales \u00e9lectriques.","description":"La boutique en ligne de drones et de cardans","publisher":{"@id":"https:\/\/koningdrone.be\/#organization"},"potentialAction":[{"@type":"SearchAction","target":{"@type":"EntryPoint","urlTemplate":"https:\/\/koningdrone.be\/?s={search_term_string}"},"query-input":{"@type":"PropertyValueSpecification","valueRequired":true,"valueName":"search_term_string"}}],"inLanguage":"fr-BE"},{"@type":"Organization","@id":"https:\/\/koningdrone.be\/#organization","name":"Kingdrone.co.uk","url":"https:\/\/koningdrone.be\/","logo":{"@type":"ImageObject","inLanguage":"fr-BE","@id":"https:\/\/koningdrone.be\/#\/schema\/logo\/image\/","url":"https:\/\/koningdrone.be\/wp-content\/uploads\/sites\/13\/2025\/04\/koningdrone-copyright-logo.svg","contentUrl":"https:\/\/koningdrone.be\/wp-content\/uploads\/sites\/13\/2025\/04\/koningdrone-copyright-logo.svg","width":227,"height":38,"caption":"Koningdrone.be"},"image":{"@id":"https:\/\/koningdrone.be\/#\/schema\/logo\/image\/"}}]}},"df_price":218,"df_sale_price":"","df_regular_price":218,"df_image_link":"https:\/\/koningdrone.be\/wp-content\/uploads\/sites\/13\/2026\/03\/DJI-AS1-Speaker-300x300.webp","_links":{"self":[{"href":"https:\/\/koningdrone.be\/fr\/wp-json\/wp\/v2\/product\/1173","targetHints":{"allow":["GET"]}}],"collection":[{"href":"https:\/\/koningdrone.be\/fr\/wp-json\/wp\/v2\/product"}],"about":[{"href":"https:\/\/koningdrone.be\/fr\/wp-json\/wp\/v2\/types\/product"}],"wp:featuredmedia":[{"embeddable":true,"href":"https:\/\/koningdrone.be\/fr\/wp-json\/wp\/v2\/media\/17203"}],"wp:attachment":[{"href":"https:\/\/koningdrone.be\/fr\/wp-json\/wp\/v2\/media?parent=1173"}],"wp:term":[{"taxonomy":"product_brand","embeddable":true,"href":"https:\/\/koningdrone.be\/fr\/wp-json\/wp\/v2\/product_brand?post=1173"},{"taxonomy":"product_cat","embeddable":true,"href":"https:\/\/koningdrone.be\/fr\/wp-json\/wp\/v2\/product_cat?post=1173"},{"taxonomy":"product_tag","embeddable":true,"href":"https:\/\/koningdrone.be\/fr\/wp-json\/wp\/v2\/product_tag?post=1173"}],"curies":[{"name":"wp","href":"https:\/\/api.w.org\/{rel}","templated":true}]}}