{"id":1167,"date":"2025-02-25T06:49:44","date_gmt":"2025-02-25T05:49:44","guid":{"rendered":"https:\/\/koningdrone.nl\/kon\/product\/dji-matrice-4-series-propellers\/"},"modified":"2026-04-29T14:50:42","modified_gmt":"2026-04-29T12:50:42","slug":"dji-matrice-4-series-propellers","status":"publish","type":"product","link":"https:\/\/koningdrone.be\/fr\/produit\/dji-matrice-4-series-propellers\/","title":{"rendered":"H\u00e9lices DJI Matrice 4 Series"},"content":{"rendered":"<h3>H\u00e9lices DJI Matrice 4 Series<\/h3>\n<p style=\"margin-bottom: 20px\">Les h\u00e9lices DJI Matrice 4 Series sont des h\u00e9lices standard de remplacement con\u00e7ues pour les drones DJI Matrice 4 series. Ces h\u00e9lices sont id\u00e9ales pour les pilotes de drones qui souhaitent remplacer les h\u00e9lices d'origine ou qui recherchent des pi\u00e8ces de rechange suppl\u00e9mentaires pour maintenir la fiabilit\u00e9 du vol. Avec des pales \u00e9quilibr\u00e9es avec pr\u00e9cision, elles offrent des performances stables et un vol efficace.<\/p>\n<p><a href=\"https:\/\/koningdrone.nl\/wp-content\/uploads\/2025\/02\/DJI-Matrice-4-Series-Propellers.jpg\"><img loading=\"lazy\" decoding=\"async\" class=\"size-medium wp-image-467638 aligncenter\" src=\"https:\/\/koningdrone.nl\/wp-content\/uploads\/2025\/02\/DJI-Matrice-4-Series-Propellers-300x300.jpg\" alt=\"DJI Matrice 4 Series Propellers\" width=\"300\" height=\"300\" \/><\/a><\/p>\n<h4>Performance et fonctionnalit\u00e9<\/h4>\n<p>Chaque h\u00e9lice est \u00e9quilibr\u00e9e dynamiquement pour r\u00e9duire la tra\u00een\u00e9e, ce qui contribue \u00e0 assurer un vol plus stable et une r\u00e9partition uniforme de la puissance pendant le vol. Il en r\u00e9sulte une meilleure efficacit\u00e9 a\u00e9rodynamique, des niveaux de bruit plus faibles et une consommation d'\u00e9nergie optimale pendant des dur\u00e9es de vol plus longues.<\/p>\n<h4>Qualit\u00e9 de construction et conception<\/h4>\n<p>Fabriqu\u00e9es dans des mat\u00e9riaux durables et l\u00e9gers, ces h\u00e9lices sont suffisamment robustes pour une utilisation r\u00e9guli\u00e8re. Les principes de conception ax\u00e9s sur la s\u00e9curit\u00e9 permettent de minimiser les dommages en cas d'\u00e9v\u00e9nement inattendu, afin de mieux prot\u00e9ger le drone et les objets environnants.<\/p>\n<p><a href=\"https:\/\/koningdrone.nl\/wp-content\/uploads\/2025\/02\/DJI-Matrice-4-Series-Propellers-Product.jpg\"><img loading=\"lazy\" decoding=\"async\" class=\"size-medium wp-image-467637 aligncenter\" src=\"https:\/\/koningdrone.nl\/wp-content\/uploads\/2025\/02\/DJI-Matrice-4-Series-Propellers-Product-300x300.jpg\" alt=\"DJI Matrice 4 Series Propellers Product\" width=\"300\" height=\"300\" \/><\/a><\/p>\n<h4>Pourquoi vous en avez besoin<\/h4>\n<p>Si vos h\u00e9lices standard sont endommag\u00e9es ou si vous souhaitez des pi\u00e8ces de rechange pour votre drone DJI Matrice 4, ces h\u00e9lices sont un remplacement essentiel. Elles favorisent des performances de vol constantes et vous offrent une tranquillit\u00e9 d'esprit lors de chaque mission.<\/p>","protected":false},"excerpt":{"rendered":"<ul>\n<li>Pales pr\u00e9cis\u00e9ment \u00e9quilibr\u00e9es pour des vols plus stables.<\/li>\n<li>Am\u00e9lioration de l'efficacit\u00e9 a\u00e9rodynamique pour une consommation d'\u00e9nergie mod\u00e9r\u00e9e.<\/li>\n<li>Conception durable et l\u00e9g\u00e8re pour une utilisation \u00e0 long terme.<\/li>\n<li>Conception ax\u00e9e sur la s\u00e9curit\u00e9 afin de r\u00e9duire les dommages en cas d'incident.<\/li>\n<li>Remplacement direct des h\u00e9lices d'origine de la s\u00e9rie Matrice 4.<\/li>\n<\/ul>","protected":false},"featured_media":17310,"template":"","meta":{"_acf_changed":false},"product_brand":[],"product_cat":[98],"product_tag":[],"class_list":{"0":"post-1167","1":"product","2":"type-product","3":"status-publish","4":"has-post-thumbnail","6":"product_cat-dji-matrice-4","7":"product_shipping_class-outofstock","8":"pa_brand-dji","9":"pa_producttype-propellers","10":"pa_series-matrice","12":"first","13":"onbackorder","14":"taxable","15":"shipping-taxable","16":"purchasable","17":"product-type-simple"},"acf":[],"yoast_head":"<!-- This site is optimized with the Yoast SEO Premium plugin v27.2 (Yoast SEO v27.2) - https:\/\/yoast.com\/product\/yoast-seo-premium-wordpress\/ -->\n<title>DJI Matrice 4 Series Propellers - koningdrone.be<\/title>\n<meta name=\"robots\" content=\"index, follow, max-snippet:-1, max-image-preview:large, max-video-preview:-1\" \/>\n<link rel=\"canonical\" href=\"https:\/\/koningdrone.be\/fr\/produit\/dji-matrice-4-series-propellers\/\" \/>\n<meta property=\"og:locale\" content=\"fr_FR\" \/>\n<meta property=\"og:type\" content=\"article\" \/>\n<meta property=\"og:title\" content=\"DJI Matrice 4 Series Propellers\" \/>\n<meta property=\"og:description\" content=\"Nauwkeurig uitgebalanceerde bladen voor stabielere vluchten.  Verbeterde aerodynamische effici\u00ebntie voor soepel stroomverbruik.  Duurzaam, lichtgewicht ontwerp voor langdurig gebruik.  Veiligheidsgericht ontwerp om schade bij incidenten te verminderen.  Directe vervanging voor originele propellers van de Matrice 4 serie.\" \/>\n<meta property=\"og:url\" content=\"https:\/\/koningdrone.be\/fr\/produit\/dji-matrice-4-series-propellers\/\" \/>\n<meta property=\"og:site_name\" content=\"koningdrone.be\" \/>\n<meta property=\"article:modified_time\" content=\"2026-04-29T12:50:42+00:00\" \/>\n<meta property=\"og:image\" content=\"https:\/\/koningdrone.be\/wp-content\/uploads\/sites\/13\/2026\/03\/DJI-Matrice-4-Series-Propellers.jpg\" \/>\n\t<meta property=\"og:image:width\" content=\"2048\" \/>\n\t<meta property=\"og:image:height\" content=\"2048\" \/>\n\t<meta property=\"og:image:type\" content=\"image\/jpeg\" \/>\n<meta name=\"twitter:card\" content=\"summary_large_image\" \/>\n<meta name=\"twitter:label1\" content=\"Dur\u00e9e de lecture est.\" \/>\n\t<meta name=\"twitter:data1\" content=\"1 minute\" \/>\n<script type=\"application\/ld+json\" class=\"yoast-schema-graph\">{\"@context\":\"https:\/\/schema.org\",\"@graph\":[{\"@type\":\"WebPage\",\"@id\":\"https:\/\/koningdrone.be\/product\/dji-matrice-4-series-propellers\/\",\"url\":\"https:\/\/koningdrone.be\/product\/dji-matrice-4-series-propellers\/\",\"name\":\"DJI Matrice 4 Series Propellers - koningdrone.be\",\"isPartOf\":{\"@id\":\"https:\/\/koningdrone.be\/#website\"},\"primaryImageOfPage\":{\"@id\":\"https:\/\/koningdrone.be\/product\/dji-matrice-4-series-propellers\/#primaryimage\"},\"image\":{\"@id\":\"https:\/\/koningdrone.be\/product\/dji-matrice-4-series-propellers\/#primaryimage\"},\"thumbnailUrl\":\"https:\/\/koningdrone.be\/wp-content\/uploads\/sites\/13\/2026\/03\/DJI-Matrice-4-Series-Propellers.jpg\",\"datePublished\":\"2025-02-25T05:49:44+00:00\",\"dateModified\":\"2026-04-29T12:50:42+00:00\",\"breadcrumb\":{\"@id\":\"https:\/\/koningdrone.be\/product\/dji-matrice-4-series-propellers\/#breadcrumb\"},\"inLanguage\":\"fr-BE\",\"potentialAction\":[{\"@type\":\"ReadAction\",\"target\":[\"https:\/\/koningdrone.be\/product\/dji-matrice-4-series-propellers\/\"]}]},{\"@type\":\"ImageObject\",\"inLanguage\":\"fr-BE\",\"@id\":\"https:\/\/koningdrone.be\/product\/dji-matrice-4-series-propellers\/#primaryimage\",\"url\":\"https:\/\/koningdrone.be\/wp-content\/uploads\/sites\/13\/2026\/03\/DJI-Matrice-4-Series-Propellers.jpg\",\"contentUrl\":\"https:\/\/koningdrone.be\/wp-content\/uploads\/sites\/13\/2026\/03\/DJI-Matrice-4-Series-Propellers.jpg\",\"width\":2048,\"height\":2048},{\"@type\":\"BreadcrumbList\",\"@id\":\"https:\/\/koningdrone.be\/product\/dji-matrice-4-series-propellers\/#breadcrumb\",\"itemListElement\":[{\"@type\":\"ListItem\",\"position\":1,\"name\":\"Home\",\"item\":\"https:\/\/koningdrone.be\/\"},{\"@type\":\"ListItem\",\"position\":2,\"name\":\"AVSS Parachute Recovery System for DJI Matrice 300\/350\",\"item\":\"https:\/\/koningdrone.be\/product\/avss-parachute-recovery-system-for-dji-matrice-300-350\/\"},{\"@type\":\"ListItem\",\"position\":3,\"name\":\"DJI Matrice 4\",\"item\":\"https:\/\/koningdrone.be\/categorie\/dji-matrice-4\/\"},{\"@type\":\"ListItem\",\"position\":4,\"name\":\"DJI Matrice 4 Series Propellers\"}]},{\"@type\":\"WebSite\",\"@id\":\"https:\/\/koningdrone.be\/#website\",\"url\":\"https:\/\/koningdrone.be\/\",\"name\":\"Koningdrone.be - Uw online specialist in drones, gimbals, camera's en power stations.\",\"description\":\"De webshop in drones en gimbals\",\"publisher\":{\"@id\":\"https:\/\/koningdrone.be\/#organization\"},\"potentialAction\":[{\"@type\":\"SearchAction\",\"target\":{\"@type\":\"EntryPoint\",\"urlTemplate\":\"https:\/\/koningdrone.be\/?s={search_term_string}\"},\"query-input\":{\"@type\":\"PropertyValueSpecification\",\"valueRequired\":true,\"valueName\":\"search_term_string\"}}],\"inLanguage\":\"fr-BE\"},{\"@type\":\"Organization\",\"@id\":\"https:\/\/koningdrone.be\/#organization\",\"name\":\"Koningdrone.be\",\"url\":\"https:\/\/koningdrone.be\/\",\"logo\":{\"@type\":\"ImageObject\",\"inLanguage\":\"fr-BE\",\"@id\":\"https:\/\/koningdrone.be\/#\/schema\/logo\/image\/\",\"url\":\"https:\/\/koningdrone.be\/wp-content\/uploads\/sites\/13\/2025\/04\/koningdrone-copyright-logo.svg\",\"contentUrl\":\"https:\/\/koningdrone.be\/wp-content\/uploads\/sites\/13\/2025\/04\/koningdrone-copyright-logo.svg\",\"width\":227,\"height\":38,\"caption\":\"Koningdrone.be\"},\"image\":{\"@id\":\"https:\/\/koningdrone.be\/#\/schema\/logo\/image\/\"}}]}<\/script>\n<!-- \/ Yoast SEO Premium plugin. -->","yoast_head_json":{"title":"DJI Matrice 4 Series Propellers - koningdrone.be","robots":{"index":"index","follow":"follow","max-snippet":"max-snippet:-1","max-image-preview":"max-image-preview:large","max-video-preview":"max-video-preview:-1"},"canonical":"https:\/\/koningdrone.be\/fr\/produit\/dji-matrice-4-series-propellers\/","og_locale":"fr_FR","og_type":"article","og_title":"DJI Matrice 4 Series Propellers","og_description":"Nauwkeurig uitgebalanceerde bladen voor stabielere vluchten.  Verbeterde aerodynamische effici\u00ebntie voor soepel stroomverbruik.  Duurzaam, lichtgewicht ontwerp voor langdurig gebruik.  Veiligheidsgericht ontwerp om schade bij incidenten te verminderen.  Directe vervanging voor originele propellers van de Matrice 4 serie.","og_url":"https:\/\/koningdrone.be\/fr\/produit\/dji-matrice-4-series-propellers\/","og_site_name":"koningdrone.be","article_modified_time":"2026-04-29T12:50:42+00:00","og_image":[{"width":2048,"height":2048,"url":"https:\/\/koningdrone.be\/wp-content\/uploads\/sites\/13\/2026\/03\/DJI-Matrice-4-Series-Propellers.jpg","type":"image\/jpeg"}],"twitter_card":"summary_large_image","twitter_misc":{"Dur\u00e9e de lecture est.":"1 minute"},"schema":{"@context":"https:\/\/schema.org","@graph":[{"@type":"WebPage","@id":"https:\/\/koningdrone.be\/product\/dji-matrice-4-series-propellers\/","url":"https:\/\/koningdrone.be\/product\/dji-matrice-4-series-propellers\/","name":"DJI Matrice 4 Series Propellers - koningdrone.be","isPartOf":{"@id":"https:\/\/koningdrone.be\/#website"},"primaryImageOfPage":{"@id":"https:\/\/koningdrone.be\/product\/dji-matrice-4-series-propellers\/#primaryimage"},"image":{"@id":"https:\/\/koningdrone.be\/product\/dji-matrice-4-series-propellers\/#primaryimage"},"thumbnailUrl":"https:\/\/koningdrone.be\/wp-content\/uploads\/sites\/13\/2026\/03\/DJI-Matrice-4-Series-Propellers.jpg","datePublished":"2025-02-25T05:49:44+00:00","dateModified":"2026-04-29T12:50:42+00:00","breadcrumb":{"@id":"https:\/\/koningdrone.be\/product\/dji-matrice-4-series-propellers\/#breadcrumb"},"inLanguage":"fr-BE","potentialAction":[{"@type":"ReadAction","target":["https:\/\/koningdrone.be\/product\/dji-matrice-4-series-propellers\/"]}]},{"@type":"ImageObject","inLanguage":"fr-BE","@id":"https:\/\/koningdrone.be\/product\/dji-matrice-4-series-propellers\/#primaryimage","url":"https:\/\/koningdrone.be\/wp-content\/uploads\/sites\/13\/2026\/03\/DJI-Matrice-4-Series-Propellers.jpg","contentUrl":"https:\/\/koningdrone.be\/wp-content\/uploads\/sites\/13\/2026\/03\/DJI-Matrice-4-Series-Propellers.jpg","width":2048,"height":2048},{"@type":"BreadcrumbList","@id":"https:\/\/koningdrone.be\/product\/dji-matrice-4-series-propellers\/#breadcrumb","itemListElement":[{"@type":"ListItem","position":1,"name":"Home","item":"https:\/\/koningdrone.be\/"},{"@type":"ListItem","position":2,"name":"AVSS Parachute Recovery System for DJI Matrice 300\/350","item":"https:\/\/koningdrone.be\/product\/avss-parachute-recovery-system-for-dji-matrice-300-350\/"},{"@type":"ListItem","position":3,"name":"DJI Matrice 4","item":"https:\/\/koningdrone.be\/categorie\/dji-matrice-4\/"},{"@type":"ListItem","position":4,"name":"DJI Matrice 4 Series Propellers"}]},{"@type":"WebSite","@id":"https:\/\/koningdrone.be\/#website","url":"https:\/\/koningdrone.be\/","name":"Koningdrone.be - Votre sp\u00e9cialiste en ligne en mati\u00e8re de drones, de cardans, de cam\u00e9ras et de centrales \u00e9lectriques.","description":"La boutique en ligne de drones et de cardans","publisher":{"@id":"https:\/\/koningdrone.be\/#organization"},"potentialAction":[{"@type":"SearchAction","target":{"@type":"EntryPoint","urlTemplate":"https:\/\/koningdrone.be\/?s={search_term_string}"},"query-input":{"@type":"PropertyValueSpecification","valueRequired":true,"valueName":"search_term_string"}}],"inLanguage":"fr-BE"},{"@type":"Organization","@id":"https:\/\/koningdrone.be\/#organization","name":"Kingdrone.co.uk","url":"https:\/\/koningdrone.be\/","logo":{"@type":"ImageObject","inLanguage":"fr-BE","@id":"https:\/\/koningdrone.be\/#\/schema\/logo\/image\/","url":"https:\/\/koningdrone.be\/wp-content\/uploads\/sites\/13\/2025\/04\/koningdrone-copyright-logo.svg","contentUrl":"https:\/\/koningdrone.be\/wp-content\/uploads\/sites\/13\/2025\/04\/koningdrone-copyright-logo.svg","width":227,"height":38,"caption":"Koningdrone.be"},"image":{"@id":"https:\/\/koningdrone.be\/#\/schema\/logo\/image\/"}}]}},"df_price":19,"df_sale_price":"","df_regular_price":19,"df_image_link":"https:\/\/koningdrone.be\/wp-content\/uploads\/sites\/13\/2026\/03\/DJI-Matrice-4-Series-Propellers-300x300.jpg","_links":{"self":[{"href":"https:\/\/koningdrone.be\/fr\/wp-json\/wp\/v2\/product\/1167","targetHints":{"allow":["GET"]}}],"collection":[{"href":"https:\/\/koningdrone.be\/fr\/wp-json\/wp\/v2\/product"}],"about":[{"href":"https:\/\/koningdrone.be\/fr\/wp-json\/wp\/v2\/types\/product"}],"wp:featuredmedia":[{"embeddable":true,"href":"https:\/\/koningdrone.be\/fr\/wp-json\/wp\/v2\/media\/17310"}],"wp:attachment":[{"href":"https:\/\/koningdrone.be\/fr\/wp-json\/wp\/v2\/media?parent=1167"}],"wp:term":[{"taxonomy":"product_brand","embeddable":true,"href":"https:\/\/koningdrone.be\/fr\/wp-json\/wp\/v2\/product_brand?post=1167"},{"taxonomy":"product_cat","embeddable":true,"href":"https:\/\/koningdrone.be\/fr\/wp-json\/wp\/v2\/product_cat?post=1167"},{"taxonomy":"product_tag","embeddable":true,"href":"https:\/\/koningdrone.be\/fr\/wp-json\/wp\/v2\/product_tag?post=1167"}],"curies":[{"name":"wp","href":"https:\/\/api.w.org\/{rel}","templated":true}]}}