{"id":1155,"date":"2025-02-25T06:49:44","date_gmt":"2025-02-25T05:49:44","guid":{"rendered":"https:\/\/koningdrone.nl\/kon\/product\/dji-matrice-4e\/"},"modified":"2026-04-29T03:30:52","modified_gmt":"2026-04-29T01:30:52","slug":"dji-matrice-4e","status":"publish","type":"product","link":"https:\/\/koningdrone.be\/fr\/produit\/dji-matrice-4e\/","title":{"rendered":"DJI Matrice 4E"},"content":{"rendered":"<h3>DJI Matrice 4E (EU) SP Plus : la nouvelle norme en mati\u00e8re d'efficacit\u00e9 g\u00e9ospatiale<\/h3>\n<p><iframe loading=\"lazy\" title=\"Dji Matrice 4E vols d&#039;\u00e9tude\" width=\"800\" height=\"450\" src=\"https:\/\/www.youtube.com\/embed\/q1Z1-uTdZ20?feature=oembed&#038;enablejsapi=1&#038;origin=https:\/\/koningdrone.be\" frameborder=\"0\" allow=\"accelerometer; autoplay; clipboard-write; encrypted-media; gyroscope; picture-in-picture; web-share\" referrerpolicy=\"strict-origin-when-cross-origin\" allowfullscreen><\/iframe><\/p>\n<p style=\"margin: 20px 0\">Le <strong>DJI Matrice 4E (EU) SP Plus<\/strong> est une plate-forme d'entreprise avanc\u00e9e sp\u00e9cialement con\u00e7ue pour \u00e9tablir la norme en mati\u00e8re de lev\u00e9s, de cartographie et d'analyse industrielle. Lorsque la pr\u00e9cision rencontre la vitesse, la Matrice 4E offre une solution tout-en-un aux professionnels des secteurs de la construction, de l'\u00e9nergie et du g\u00e9ospatial. En int\u00e9grant des capteurs d'image de qualit\u00e9 sup\u00e9rieure \u00e0 une automatisation intelligente, les acquisitions de donn\u00e9es complexes se transforment en flux de travail rationalis\u00e9s et extr\u00eamement pr\u00e9cis, quelle que soit l'\u00e9chelle du projet.<\/p>\n<p><a href=\"https:\/\/koningdrone.nl\/wp-content\/uploads\/2025\/02\/4E-Matrice-DJI.webp\"><img loading=\"lazy\" decoding=\"async\" class=\"size-full wp-image-466957 aligncenter\" src=\"https:\/\/koningdrone.nl\/wp-content\/uploads\/2025\/02\/4E-Matrice-DJI.webp\" alt=\"4E Matrice DJI\" width=\"1200\" height=\"800\" \/><\/a><\/p>\n<h4>Optique sup\u00e9rieure et pr\u00e9cision des lev\u00e9s<\/h4>\n<p>Au c\u0153ur de la Matrice 4E se trouve un syst\u00e8me multi-cam\u00e9ras avanc\u00e9 qui ne fait aucun compromis sur les d\u00e9tails. Le capteur principal est un impressionnant <strong>Capteur CMOS 4\/3 pouces de 20 MP<\/strong>, Ce capteur est sp\u00e9cialement optimis\u00e9 pour la photogramm\u00e9trie et la cartographie. Ce capteur capture des images avec une plage dynamique exceptionnelle, ce qui est essentiel pour cr\u00e9er des jumeaux num\u00e9riques aux couleurs stables et \u00e0 la g\u00e9om\u00e9trie pr\u00e9cise. Pour les inspections \u00e0 distance, le drone est \u00e9quip\u00e9 de t\u00e9l\u00e9cam\u00e9ras puissantes allant jusqu'\u00e0 <strong>48 D\u00c9PUT\u00c9S<\/strong>, qui permet aux op\u00e9rateurs d'identifier les risques de s\u00e9curit\u00e9 ou les d\u00e9fauts techniques sans avoir \u00e0 man\u0153uvrer l'appareil physiquement pr\u00e8s des objets.<\/p>\n<h4>Puissance op\u00e9rationnelle et automatisation intelligente<\/h4>\n<p>La Matrice 4E est con\u00e7ue pour maximiser la productivit\u00e9. Avec une dur\u00e9e de vol impressionnante allant jusqu'\u00e0 <strong>49 minutes<\/strong> peuvent cartographier de vastes \u00e9tendues de terre en un seul vol. L'a\u00e9ronef utilise des <strong>Modes de vol de l'IA<\/strong> et la planification automatis\u00e9e des itin\u00e9raires, ce qui permet de r\u00e9aliser des missions telles que des orthophotos en 2D ou des mod\u00e9lisations en 3D avec une intervention humaine minimale. Gr\u00e2ce \u00e0 l'int\u00e9gration de puissants syst\u00e8mes de transmission et \u00e0 la pr\u00e9cision du positionnement GNSS, la connectivit\u00e9 reste stable et la production de donn\u00e9es coh\u00e9rente, m\u00eame lors d'op\u00e9rations sur de longues distances.<\/p>\n<p style=\"text-align: center\"><a href=\"https:\/\/koningdrone.nl\/wp-content\/uploads\/2025\/02\/Matrice-4E-DJI-Product.webp\"><img loading=\"lazy\" decoding=\"async\" class=\"alignnone wp-image-466954 size-medium\" src=\"https:\/\/koningdrone.nl\/wp-content\/uploads\/2025\/02\/Matrice-4E-DJI-Product-300x300.webp\" alt=\"Matrice 4E DJI Product\" width=\"300\" height=\"300\" \/><\/a><\/p>\n<h4>Conception industrielle et s\u00e9curit\u00e9 omnidirectionnelle<\/h4>\n<p>La s\u00e9curit\u00e9 est inscrite dans l'ADN du Matrice 4E. La construction robuste du quadcopt\u00e8re pr\u00e9sente les caract\u00e9ristiques suivantes <strong>d\u00e9tection de g\u00eane omnidirectionnelle<\/strong>, Ce qui lui permet de balayer dans toutes les directions pour d\u00e9tecter les dangers potentiels au cours de missions complexes. Sa conception compacte et pliable facilite son transport vers des lieux \u00e9loign\u00e9s, tandis que la prise en charge d'accessoires tels que le syst\u00e8me d'alarme et le syst\u00e8me de surveillance de l'environnement permet de r\u00e9duire les co\u00fbts. <strong>Modules RTK, haut-parleurs et projecteurs<\/strong> rend le drone instantan\u00e9ment adaptable aux exigences sp\u00e9cifiques de la mission. Cette plateforme n'est pas un simple drone, mais un investissement durable dans une analyse de donn\u00e9es plus s\u00fbre et plus rapide.<\/p>","protected":false},"excerpt":{"rendered":"<ul>\n<li>Drone professionnel d'entreprise con\u00e7u pour la cartographie, l'inspection et les applications industrielles<\/li>\n<li>Syst\u00e8me multi-cam\u00e9ras avanc\u00e9 avec une r\u00e9solution allant jusqu'\u00e0 48 MP et une vid\u00e9o 4K<\/li>\n<li>Dur\u00e9e de vol maximale d'environ 49 minutes pour des missions efficaces<\/li>\n<li>D\u00e9tection omnidirectionnelle des obstacles pour un vol s\u00fbr et stable<\/li>\n<li>Modes de vol intelligents et cartographie automatique pour une collecte de donn\u00e9es pr\u00e9cise<\/li>\n<\/ul>","protected":false},"featured_media":17001,"template":"","meta":{"_acf_changed":false},"product_brand":[],"product_cat":[97,98,1735,1734],"product_tag":[],"class_list":{"0":"post-1155","1":"product","2":"type-product","3":"status-publish","4":"has-post-thumbnail","6":"product_cat-alle-producten","7":"product_cat-dji-matrice-4","8":"product_cat-dji-matrice-4-serie","9":"product_cat-dji-matrice-4e","10":"product_shipping_class-uavspacesall","11":"pa_brand-dji","12":"pa_productfamily-matrice","13":"pa_producttype-drone","14":"pa_series-matrice-4","16":"first","17":"instock","18":"taxable","19":"shipping-taxable","20":"purchasable","21":"product-type-simple"},"acf":[],"yoast_head":"<!-- This site is optimized with the Yoast SEO Premium plugin v27.2 (Yoast SEO v27.2) - https:\/\/yoast.com\/product\/yoast-seo-premium-wordpress\/ -->\n<title>DJI Matrice 4E - koningdrone.be<\/title>\n<meta name=\"robots\" content=\"index, follow, max-snippet:-1, max-image-preview:large, max-video-preview:-1\" \/>\n<link rel=\"canonical\" href=\"https:\/\/koningdrone.be\/fr\/produit\/dji-matrice-4e\/\" \/>\n<meta property=\"og:locale\" content=\"fr_FR\" \/>\n<meta property=\"og:type\" content=\"article\" \/>\n<meta property=\"og:title\" content=\"DJI Matrice 4E\" \/>\n<meta property=\"og:description\" content=\"Professionele enterprise drone ontworpen voor mapping, inspectie en industri\u00eble toepassingen  Geavanceerd multicamera-systeem met tot 48 MP resolutie en 4K video  Maximale vliegtijd tot ongeveer 49 minuten voor effici\u00ebnte missies  Omnidirectionele obstakeldetectie voor veilig en stabiel vliegen  Intelligente vluchtmodi en automatische mapping voor nauwkeurige dataverzameling\" \/>\n<meta property=\"og:url\" content=\"https:\/\/koningdrone.be\/fr\/produit\/dji-matrice-4e\/\" \/>\n<meta property=\"og:site_name\" content=\"koningdrone.be\" \/>\n<meta property=\"article:modified_time\" content=\"2026-04-29T01:30:52+00:00\" \/>\n<meta property=\"og:image\" content=\"https:\/\/koningdrone.be\/wp-content\/uploads\/sites\/13\/2026\/03\/DJI-Matrice-4E.webp\" \/>\n\t<meta property=\"og:image:width\" content=\"2048\" \/>\n\t<meta property=\"og:image:height\" content=\"2048\" \/>\n\t<meta property=\"og:image:type\" content=\"image\/webp\" \/>\n<meta name=\"twitter:card\" content=\"summary_large_image\" \/>\n<meta name=\"twitter:label1\" content=\"Dur\u00e9e de lecture est.\" \/>\n\t<meta name=\"twitter:data1\" content=\"2 minutes\" \/>\n<script type=\"application\/ld+json\" class=\"yoast-schema-graph\">{\"@context\":\"https:\/\/schema.org\",\"@graph\":[{\"@type\":\"WebPage\",\"@id\":\"https:\/\/koningdrone.be\/product\/dji-matrice-4e\/\",\"url\":\"https:\/\/koningdrone.be\/product\/dji-matrice-4e\/\",\"name\":\"DJI Matrice 4E - koningdrone.be\",\"isPartOf\":{\"@id\":\"https:\/\/koningdrone.be\/#website\"},\"primaryImageOfPage\":{\"@id\":\"https:\/\/koningdrone.be\/product\/dji-matrice-4e\/#primaryimage\"},\"image\":{\"@id\":\"https:\/\/koningdrone.be\/product\/dji-matrice-4e\/#primaryimage\"},\"thumbnailUrl\":\"https:\/\/koningdrone.be\/wp-content\/uploads\/sites\/13\/2026\/03\/DJI-Matrice-4E.webp\",\"datePublished\":\"2025-02-25T05:49:44+00:00\",\"dateModified\":\"2026-04-29T01:30:52+00:00\",\"breadcrumb\":{\"@id\":\"https:\/\/koningdrone.be\/product\/dji-matrice-4e\/#breadcrumb\"},\"inLanguage\":\"fr-BE\",\"potentialAction\":[{\"@type\":\"ReadAction\",\"target\":[\"https:\/\/koningdrone.be\/product\/dji-matrice-4e\/\"]}]},{\"@type\":\"ImageObject\",\"inLanguage\":\"fr-BE\",\"@id\":\"https:\/\/koningdrone.be\/product\/dji-matrice-4e\/#primaryimage\",\"url\":\"https:\/\/koningdrone.be\/wp-content\/uploads\/sites\/13\/2026\/03\/DJI-Matrice-4E.webp\",\"contentUrl\":\"https:\/\/koningdrone.be\/wp-content\/uploads\/sites\/13\/2026\/03\/DJI-Matrice-4E.webp\",\"width\":2048,\"height\":2048},{\"@type\":\"BreadcrumbList\",\"@id\":\"https:\/\/koningdrone.be\/product\/dji-matrice-4e\/#breadcrumb\",\"itemListElement\":[{\"@type\":\"ListItem\",\"position\":1,\"name\":\"Home\",\"item\":\"https:\/\/koningdrone.be\/\"},{\"@type\":\"ListItem\",\"position\":2,\"name\":\"AVSS Parachute Recovery System for DJI Matrice 300\/350\",\"item\":\"https:\/\/koningdrone.be\/product\/avss-parachute-recovery-system-for-dji-matrice-300-350\/\"},{\"@type\":\"ListItem\",\"position\":3,\"name\":\"Alle producten\",\"item\":\"https:\/\/koningdrone.be\/categorie\/alle-producten\/\"},{\"@type\":\"ListItem\",\"position\":4,\"name\":\"DJI Matrice 4E\"}]},{\"@type\":\"WebSite\",\"@id\":\"https:\/\/koningdrone.be\/#website\",\"url\":\"https:\/\/koningdrone.be\/\",\"name\":\"Koningdrone.be - Uw online specialist in drones, gimbals, camera's en power stations.\",\"description\":\"De webshop in drones en gimbals\",\"publisher\":{\"@id\":\"https:\/\/koningdrone.be\/#organization\"},\"potentialAction\":[{\"@type\":\"SearchAction\",\"target\":{\"@type\":\"EntryPoint\",\"urlTemplate\":\"https:\/\/koningdrone.be\/?s={search_term_string}\"},\"query-input\":{\"@type\":\"PropertyValueSpecification\",\"valueRequired\":true,\"valueName\":\"search_term_string\"}}],\"inLanguage\":\"fr-BE\"},{\"@type\":\"Organization\",\"@id\":\"https:\/\/koningdrone.be\/#organization\",\"name\":\"Koningdrone.be\",\"url\":\"https:\/\/koningdrone.be\/\",\"logo\":{\"@type\":\"ImageObject\",\"inLanguage\":\"fr-BE\",\"@id\":\"https:\/\/koningdrone.be\/#\/schema\/logo\/image\/\",\"url\":\"https:\/\/koningdrone.be\/wp-content\/uploads\/sites\/13\/2025\/04\/koningdrone-copyright-logo.svg\",\"contentUrl\":\"https:\/\/koningdrone.be\/wp-content\/uploads\/sites\/13\/2025\/04\/koningdrone-copyright-logo.svg\",\"width\":227,\"height\":38,\"caption\":\"Koningdrone.be\"},\"image\":{\"@id\":\"https:\/\/koningdrone.be\/#\/schema\/logo\/image\/\"}}]}<\/script>\n<!-- \/ Yoast SEO Premium plugin. -->","yoast_head_json":{"title":"DJI Matrice 4E - koningdrone.be","robots":{"index":"index","follow":"follow","max-snippet":"max-snippet:-1","max-image-preview":"max-image-preview:large","max-video-preview":"max-video-preview:-1"},"canonical":"https:\/\/koningdrone.be\/fr\/produit\/dji-matrice-4e\/","og_locale":"fr_FR","og_type":"article","og_title":"DJI Matrice 4E","og_description":"Professionele enterprise drone ontworpen voor mapping, inspectie en industri\u00eble toepassingen  Geavanceerd multicamera-systeem met tot 48 MP resolutie en 4K video  Maximale vliegtijd tot ongeveer 49 minuten voor effici\u00ebnte missies  Omnidirectionele obstakeldetectie voor veilig en stabiel vliegen  Intelligente vluchtmodi en automatische mapping voor nauwkeurige dataverzameling","og_url":"https:\/\/koningdrone.be\/fr\/produit\/dji-matrice-4e\/","og_site_name":"koningdrone.be","article_modified_time":"2026-04-29T01:30:52+00:00","og_image":[{"width":2048,"height":2048,"url":"https:\/\/koningdrone.be\/wp-content\/uploads\/sites\/13\/2026\/03\/DJI-Matrice-4E.webp","type":"image\/webp"}],"twitter_card":"summary_large_image","twitter_misc":{"Dur\u00e9e de lecture est.":"2 minutes"},"schema":{"@context":"https:\/\/schema.org","@graph":[{"@type":"WebPage","@id":"https:\/\/koningdrone.be\/product\/dji-matrice-4e\/","url":"https:\/\/koningdrone.be\/product\/dji-matrice-4e\/","name":"DJI Matrice 4E - koningdrone.be","isPartOf":{"@id":"https:\/\/koningdrone.be\/#website"},"primaryImageOfPage":{"@id":"https:\/\/koningdrone.be\/product\/dji-matrice-4e\/#primaryimage"},"image":{"@id":"https:\/\/koningdrone.be\/product\/dji-matrice-4e\/#primaryimage"},"thumbnailUrl":"https:\/\/koningdrone.be\/wp-content\/uploads\/sites\/13\/2026\/03\/DJI-Matrice-4E.webp","datePublished":"2025-02-25T05:49:44+00:00","dateModified":"2026-04-29T01:30:52+00:00","breadcrumb":{"@id":"https:\/\/koningdrone.be\/product\/dji-matrice-4e\/#breadcrumb"},"inLanguage":"fr-BE","potentialAction":[{"@type":"ReadAction","target":["https:\/\/koningdrone.be\/product\/dji-matrice-4e\/"]}]},{"@type":"ImageObject","inLanguage":"fr-BE","@id":"https:\/\/koningdrone.be\/product\/dji-matrice-4e\/#primaryimage","url":"https:\/\/koningdrone.be\/wp-content\/uploads\/sites\/13\/2026\/03\/DJI-Matrice-4E.webp","contentUrl":"https:\/\/koningdrone.be\/wp-content\/uploads\/sites\/13\/2026\/03\/DJI-Matrice-4E.webp","width":2048,"height":2048},{"@type":"BreadcrumbList","@id":"https:\/\/koningdrone.be\/product\/dji-matrice-4e\/#breadcrumb","itemListElement":[{"@type":"ListItem","position":1,"name":"Home","item":"https:\/\/koningdrone.be\/"},{"@type":"ListItem","position":2,"name":"AVSS Parachute Recovery System for DJI Matrice 300\/350","item":"https:\/\/koningdrone.be\/product\/avss-parachute-recovery-system-for-dji-matrice-300-350\/"},{"@type":"ListItem","position":3,"name":"Alle producten","item":"https:\/\/koningdrone.be\/categorie\/alle-producten\/"},{"@type":"ListItem","position":4,"name":"DJI Matrice 4E"}]},{"@type":"WebSite","@id":"https:\/\/koningdrone.be\/#website","url":"https:\/\/koningdrone.be\/","name":"Koningdrone.be - Votre sp\u00e9cialiste en ligne en mati\u00e8re de drones, de cardans, de cam\u00e9ras et de centrales \u00e9lectriques.","description":"La boutique en ligne de drones et de cardans","publisher":{"@id":"https:\/\/koningdrone.be\/#organization"},"potentialAction":[{"@type":"SearchAction","target":{"@type":"EntryPoint","urlTemplate":"https:\/\/koningdrone.be\/?s={search_term_string}"},"query-input":{"@type":"PropertyValueSpecification","valueRequired":true,"valueName":"search_term_string"}}],"inLanguage":"fr-BE"},{"@type":"Organization","@id":"https:\/\/koningdrone.be\/#organization","name":"Kingdrone.co.uk","url":"https:\/\/koningdrone.be\/","logo":{"@type":"ImageObject","inLanguage":"fr-BE","@id":"https:\/\/koningdrone.be\/#\/schema\/logo\/image\/","url":"https:\/\/koningdrone.be\/wp-content\/uploads\/sites\/13\/2025\/04\/koningdrone-copyright-logo.svg","contentUrl":"https:\/\/koningdrone.be\/wp-content\/uploads\/sites\/13\/2025\/04\/koningdrone-copyright-logo.svg","width":227,"height":38,"caption":"Koningdrone.be"},"image":{"@id":"https:\/\/koningdrone.be\/#\/schema\/logo\/image\/"}}]}},"df_price":4599,"df_sale_price":"","df_regular_price":4599,"df_image_link":"https:\/\/koningdrone.be\/wp-content\/uploads\/sites\/13\/2026\/03\/DJI-Matrice-4E-300x300.webp","_links":{"self":[{"href":"https:\/\/koningdrone.be\/fr\/wp-json\/wp\/v2\/product\/1155","targetHints":{"allow":["GET"]}}],"collection":[{"href":"https:\/\/koningdrone.be\/fr\/wp-json\/wp\/v2\/product"}],"about":[{"href":"https:\/\/koningdrone.be\/fr\/wp-json\/wp\/v2\/types\/product"}],"wp:featuredmedia":[{"embeddable":true,"href":"https:\/\/koningdrone.be\/fr\/wp-json\/wp\/v2\/media\/17001"}],"wp:attachment":[{"href":"https:\/\/koningdrone.be\/fr\/wp-json\/wp\/v2\/media?parent=1155"}],"wp:term":[{"taxonomy":"product_brand","embeddable":true,"href":"https:\/\/koningdrone.be\/fr\/wp-json\/wp\/v2\/product_brand?post=1155"},{"taxonomy":"product_cat","embeddable":true,"href":"https:\/\/koningdrone.be\/fr\/wp-json\/wp\/v2\/product_cat?post=1155"},{"taxonomy":"product_tag","embeddable":true,"href":"https:\/\/koningdrone.be\/fr\/wp-json\/wp\/v2\/product_tag?post=1155"}],"curies":[{"name":"wp","href":"https:\/\/api.w.org\/{rel}","templated":true}]}}