{"id":1147,"date":"2025-02-25T06:49:44","date_gmt":"2025-02-25T05:49:44","guid":{"rendered":"https:\/\/koningdrone.nl\/kon\/product\/dji-al1-spotlight\/"},"modified":"2026-04-29T03:50:28","modified_gmt":"2026-04-29T01:50:28","slug":"dji-al1-spotlight","status":"publish","type":"product","link":"https:\/\/koningdrone.be\/fr\/produit\/dji-al1-spotlight\/","title":{"rendered":"DJI AL1 SpotLight"},"content":{"rendered":"<h3>DJI AL1 SpotLight<\/h3>\n<p><iframe loading=\"lazy\" title=\"DJI AL1 Spotlight | Premi\u00e8re utilisation\" width=\"800\" height=\"450\" src=\"https:\/\/www.youtube.com\/embed\/OlEeFrNEHmw?feature=oembed&#038;enablejsapi=1&#038;origin=https:\/\/koningdrone.be\" frameborder=\"0\" allow=\"accelerometer; autoplay; clipboard-write; encrypted-media; gyroscope; picture-in-picture; web-share\" referrerpolicy=\"strict-origin-when-cross-origin\" allowfullscreen><\/iframe><\/p>\n<p style=\"margin-top: 20px\">Le DJI AL1 Spotlight est un projecteur professionnel. <strong>projecteur sur les drones<\/strong> con\u00e7u pour \u00eatre d\u00e9ploy\u00e9 avec les drones d'entreprise DJI, en particulier le <strong>Matrice s\u00e9rie 4<\/strong>. Cette puissante unit\u00e9 d'\u00e9clairage fournit un \u00e9clairage puissant et cibl\u00e9 pour les missions nocturnes et mal \u00e9clair\u00e9es telles que les op\u00e9rations de recherche et de sauvetage, les inspections et les t\u00e2ches de s\u00e9curit\u00e9 publique.<\/p>\n<p style=\"margin-bottom: 20px\">Le projecteur peut \u00eatre reli\u00e9 de mani\u00e8re intelligente au cardan du drone, ce qui permet \u00e0 la zone \u00e9clair\u00e9e de suivre automatiquement ce que voit la cam\u00e9ra, garantissant ainsi un \u00e9clairage pr\u00e9cis des sujets en vol.<\/p>\n<p style=\"text-align: center\"><a href=\"https:\/\/koningdrone.nl\/wp-content\/uploads\/2025\/02\/DJI-AL1-SpotLight.webp\"><img loading=\"lazy\" decoding=\"async\" class=\"size-full wp-image-467372 aligncenter\" src=\"https:\/\/koningdrone.nl\/wp-content\/uploads\/2025\/02\/DJI-AL1-SpotLight.webp\" alt=\"DJI AL1 SpotLight\" width=\"1200\" height=\"800\" \/><\/a><\/p>\n<h4>Performance et fonctionnalit\u00e9<\/h4>\n<p>L'AL1 Spotlight propose deux modes d'\u00e9clairage : <strong>Toujours en service<\/strong> pour l'\u00e9clairage continu et <strong>Strobe<\/strong> Pour les feux de signalisation ou d'avertissement. Avec une port\u00e9e allant jusqu'\u00e0 env. <strong>100 m\u00e8tres<\/strong> il permet d'\u00e9clairer clairement les sujets \u00e0 distance, ce qui est essentiel pour les op\u00e9rations et les observations nocturnes.<\/p>\n<p>Le projecteur offre \u00e9galement une <strong>Mode FOV large<\/strong> qui produit une zone \u00e9clair\u00e9e plus large, id\u00e9ale pour les grandes surfaces ou les p\u00e9riodes o\u00f9 une plus grande surface doit \u00eatre visible.<\/p>\n<h4>Qualit\u00e9 de construction et conception<\/h4>\n<p>L'AL1 est <strong>l\u00e9ger et compact<\/strong> Il s'agit d'une construction robuste adapt\u00e9e aux missions en ext\u00e9rieur dans des conditions vari\u00e9es. La conception utilise <strong>vis de fixation rapide<\/strong>, Il est donc facile \u00e0 monter sur le cardan des drones d'entreprise sans outils suppl\u00e9mentaires.<\/p>\n<p>Gr\u00e2ce \u00e0 l'int\u00e9gration intelligente du cardan, l'\u00e9clairage reste stable et focalis\u00e9 m\u00eame lors des mouvements dynamiques du drone.<\/p>\n<p><a href=\"https:\/\/koningdrone.nl\/wp-content\/uploads\/2025\/02\/AL1-SpotLight-DJI-Product.webp\"><img loading=\"lazy\" decoding=\"async\" class=\"wp-image-467368 size-medium aligncenter\" src=\"https:\/\/koningdrone.nl\/wp-content\/uploads\/2025\/02\/AL1-SpotLight-DJI-Product-300x300.webp\" alt=\"AL1 SpotLight DJI Product\" width=\"300\" height=\"300\" \/><\/a><\/p>\n<h4>Pourquoi vous en avez besoin<\/h4>\n<p>Le projecteur DJI AL1 est important pour les professionnels qui ont besoin d'un excellent \u00e9clairage lors de missions nocturnes, d'inspections ou d'op\u00e9rations de s\u00e9curit\u00e9 publique. Gr\u00e2ce \u00e0 ses multiples modes d'\u00e9clairage, au suivi du cardan et \u00e0 sa grande port\u00e9e, il permet aux utilisateurs d'avoir une meilleure vision de leurs zones cibles et d'op\u00e9rer en toute s\u00e9curit\u00e9.<\/p>","protected":false},"excerpt":{"rendered":"<ul>\n<li>Eclairage puissant jusqu'\u00e0 une distance d'environ 100 m\u00e8tres<\/li>\n<li>Prise en charge de deux modes d'\u00e9clairage : toujours allum\u00e9 et stroboscopique<\/li>\n<li>Mode Wide FOV pour un \u00e9clairage plus large<\/li>\n<li>Liaison intelligente avec le cardan pour une exposition pr\u00e9cise<\/li>\n<li>Conception l\u00e9g\u00e8re et compacte, facile \u00e0 installer sur les drones<\/li>\n<\/ul>","protected":false},"featured_media":17198,"template":"","meta":{"_acf_changed":false},"product_brand":[],"product_cat":[1767,98],"product_tag":[],"class_list":{"0":"post-1147","1":"product","2":"type-product","3":"status-publish","4":"has-post-thumbnail","6":"product_cat-dji-al1","7":"product_cat-dji-matrice-4","8":"product_shipping_class-uavspacesshowall","9":"pa_brand-dji","10":"pa_producttype-drone-schijnwerper","11":"pa_series-al1","13":"first","14":"instock","15":"taxable","16":"shipping-taxable","17":"purchasable","18":"product-type-simple"},"acf":[],"yoast_head":"<!-- This site is optimized with the Yoast SEO Premium plugin v27.2 (Yoast SEO v27.2) - https:\/\/yoast.com\/product\/yoast-seo-premium-wordpress\/ -->\n<title>DJI AL1 SpotLight - koningdrone.be<\/title>\n<meta name=\"robots\" content=\"index, follow, max-snippet:-1, max-image-preview:large, max-video-preview:-1\" \/>\n<link rel=\"canonical\" href=\"https:\/\/koningdrone.be\/fr\/produit\/dji-al1-spotlight\/\" \/>\n<meta property=\"og:locale\" content=\"fr_FR\" \/>\n<meta property=\"og:type\" content=\"article\" \/>\n<meta property=\"og:title\" content=\"DJI AL1 SpotLight\" \/>\n<meta property=\"og:description\" content=\"Sterke verlichting tot ongeveer 100 meter afstand  Ondersteunt twee verlichtingsmodi: Always\u2011On en Strobe  Wide FOV\u2011modus voor bredere verlichting  Intelligente gimbal\u2011linking voor nauwkeurige belichting  Licht en compact ontwerp dat eenvoudig op drones te installeren is\" \/>\n<meta property=\"og:url\" content=\"https:\/\/koningdrone.be\/fr\/produit\/dji-al1-spotlight\/\" \/>\n<meta property=\"og:site_name\" content=\"koningdrone.be\" \/>\n<meta property=\"article:modified_time\" content=\"2026-04-29T01:50:28+00:00\" \/>\n<meta property=\"og:image\" content=\"https:\/\/koningdrone.be\/wp-content\/uploads\/sites\/13\/2026\/03\/DJI-AL1-SpotLight-Product.webp\" \/>\n\t<meta property=\"og:image:width\" content=\"2048\" \/>\n\t<meta property=\"og:image:height\" content=\"2048\" \/>\n\t<meta property=\"og:image:type\" content=\"image\/webp\" \/>\n<meta name=\"twitter:card\" content=\"summary_large_image\" \/>\n<meta name=\"twitter:label1\" content=\"Dur\u00e9e de lecture est.\" \/>\n\t<meta name=\"twitter:data1\" content=\"1 minute\" \/>\n<script type=\"application\/ld+json\" class=\"yoast-schema-graph\">{\"@context\":\"https:\/\/schema.org\",\"@graph\":[{\"@type\":\"WebPage\",\"@id\":\"https:\/\/koningdrone.be\/product\/dji-al1-spotlight\/\",\"url\":\"https:\/\/koningdrone.be\/product\/dji-al1-spotlight\/\",\"name\":\"DJI AL1 SpotLight - koningdrone.be\",\"isPartOf\":{\"@id\":\"https:\/\/koningdrone.be\/#website\"},\"primaryImageOfPage\":{\"@id\":\"https:\/\/koningdrone.be\/product\/dji-al1-spotlight\/#primaryimage\"},\"image\":{\"@id\":\"https:\/\/koningdrone.be\/product\/dji-al1-spotlight\/#primaryimage\"},\"thumbnailUrl\":\"https:\/\/koningdrone.be\/wp-content\/uploads\/sites\/13\/2026\/03\/DJI-AL1-SpotLight-Product.webp\",\"datePublished\":\"2025-02-25T05:49:44+00:00\",\"dateModified\":\"2026-04-29T01:50:28+00:00\",\"breadcrumb\":{\"@id\":\"https:\/\/koningdrone.be\/product\/dji-al1-spotlight\/#breadcrumb\"},\"inLanguage\":\"fr-BE\",\"potentialAction\":[{\"@type\":\"ReadAction\",\"target\":[\"https:\/\/koningdrone.be\/product\/dji-al1-spotlight\/\"]}]},{\"@type\":\"ImageObject\",\"inLanguage\":\"fr-BE\",\"@id\":\"https:\/\/koningdrone.be\/product\/dji-al1-spotlight\/#primaryimage\",\"url\":\"https:\/\/koningdrone.be\/wp-content\/uploads\/sites\/13\/2026\/03\/DJI-AL1-SpotLight-Product.webp\",\"contentUrl\":\"https:\/\/koningdrone.be\/wp-content\/uploads\/sites\/13\/2026\/03\/DJI-AL1-SpotLight-Product.webp\",\"width\":2048,\"height\":2048},{\"@type\":\"BreadcrumbList\",\"@id\":\"https:\/\/koningdrone.be\/product\/dji-al1-spotlight\/#breadcrumb\",\"itemListElement\":[{\"@type\":\"ListItem\",\"position\":1,\"name\":\"Home\",\"item\":\"https:\/\/koningdrone.be\/\"},{\"@type\":\"ListItem\",\"position\":2,\"name\":\"AVSS Parachute Recovery System for DJI Matrice 300\/350\",\"item\":\"https:\/\/koningdrone.be\/product\/avss-parachute-recovery-system-for-dji-matrice-300-350\/\"},{\"@type\":\"ListItem\",\"position\":3,\"name\":\"DJI AL1\",\"item\":\"https:\/\/koningdrone.be\/categorie\/dji-al1\/\"},{\"@type\":\"ListItem\",\"position\":4,\"name\":\"DJI AL1 SpotLight\"}]},{\"@type\":\"WebSite\",\"@id\":\"https:\/\/koningdrone.be\/#website\",\"url\":\"https:\/\/koningdrone.be\/\",\"name\":\"Koningdrone.be - Uw online specialist in drones, gimbals, camera's en power stations.\",\"description\":\"De webshop in drones en gimbals\",\"publisher\":{\"@id\":\"https:\/\/koningdrone.be\/#organization\"},\"potentialAction\":[{\"@type\":\"SearchAction\",\"target\":{\"@type\":\"EntryPoint\",\"urlTemplate\":\"https:\/\/koningdrone.be\/?s={search_term_string}\"},\"query-input\":{\"@type\":\"PropertyValueSpecification\",\"valueRequired\":true,\"valueName\":\"search_term_string\"}}],\"inLanguage\":\"fr-BE\"},{\"@type\":\"Organization\",\"@id\":\"https:\/\/koningdrone.be\/#organization\",\"name\":\"Koningdrone.be\",\"url\":\"https:\/\/koningdrone.be\/\",\"logo\":{\"@type\":\"ImageObject\",\"inLanguage\":\"fr-BE\",\"@id\":\"https:\/\/koningdrone.be\/#\/schema\/logo\/image\/\",\"url\":\"https:\/\/koningdrone.be\/wp-content\/uploads\/sites\/13\/2025\/04\/koningdrone-copyright-logo.svg\",\"contentUrl\":\"https:\/\/koningdrone.be\/wp-content\/uploads\/sites\/13\/2025\/04\/koningdrone-copyright-logo.svg\",\"width\":227,\"height\":38,\"caption\":\"Koningdrone.be\"},\"image\":{\"@id\":\"https:\/\/koningdrone.be\/#\/schema\/logo\/image\/\"}}]}<\/script>\n<!-- \/ Yoast SEO Premium plugin. -->","yoast_head_json":{"title":"DJI AL1 SpotLight - koningdrone.be","robots":{"index":"index","follow":"follow","max-snippet":"max-snippet:-1","max-image-preview":"max-image-preview:large","max-video-preview":"max-video-preview:-1"},"canonical":"https:\/\/koningdrone.be\/fr\/produit\/dji-al1-spotlight\/","og_locale":"fr_FR","og_type":"article","og_title":"DJI AL1 SpotLight","og_description":"Sterke verlichting tot ongeveer 100 meter afstand  Ondersteunt twee verlichtingsmodi: Always\u2011On en Strobe  Wide FOV\u2011modus voor bredere verlichting  Intelligente gimbal\u2011linking voor nauwkeurige belichting  Licht en compact ontwerp dat eenvoudig op drones te installeren is","og_url":"https:\/\/koningdrone.be\/fr\/produit\/dji-al1-spotlight\/","og_site_name":"koningdrone.be","article_modified_time":"2026-04-29T01:50:28+00:00","og_image":[{"width":2048,"height":2048,"url":"https:\/\/koningdrone.be\/wp-content\/uploads\/sites\/13\/2026\/03\/DJI-AL1-SpotLight-Product.webp","type":"image\/webp"}],"twitter_card":"summary_large_image","twitter_misc":{"Dur\u00e9e de lecture est.":"1 minute"},"schema":{"@context":"https:\/\/schema.org","@graph":[{"@type":"WebPage","@id":"https:\/\/koningdrone.be\/product\/dji-al1-spotlight\/","url":"https:\/\/koningdrone.be\/product\/dji-al1-spotlight\/","name":"DJI AL1 SpotLight - koningdrone.be","isPartOf":{"@id":"https:\/\/koningdrone.be\/#website"},"primaryImageOfPage":{"@id":"https:\/\/koningdrone.be\/product\/dji-al1-spotlight\/#primaryimage"},"image":{"@id":"https:\/\/koningdrone.be\/product\/dji-al1-spotlight\/#primaryimage"},"thumbnailUrl":"https:\/\/koningdrone.be\/wp-content\/uploads\/sites\/13\/2026\/03\/DJI-AL1-SpotLight-Product.webp","datePublished":"2025-02-25T05:49:44+00:00","dateModified":"2026-04-29T01:50:28+00:00","breadcrumb":{"@id":"https:\/\/koningdrone.be\/product\/dji-al1-spotlight\/#breadcrumb"},"inLanguage":"fr-BE","potentialAction":[{"@type":"ReadAction","target":["https:\/\/koningdrone.be\/product\/dji-al1-spotlight\/"]}]},{"@type":"ImageObject","inLanguage":"fr-BE","@id":"https:\/\/koningdrone.be\/product\/dji-al1-spotlight\/#primaryimage","url":"https:\/\/koningdrone.be\/wp-content\/uploads\/sites\/13\/2026\/03\/DJI-AL1-SpotLight-Product.webp","contentUrl":"https:\/\/koningdrone.be\/wp-content\/uploads\/sites\/13\/2026\/03\/DJI-AL1-SpotLight-Product.webp","width":2048,"height":2048},{"@type":"BreadcrumbList","@id":"https:\/\/koningdrone.be\/product\/dji-al1-spotlight\/#breadcrumb","itemListElement":[{"@type":"ListItem","position":1,"name":"Home","item":"https:\/\/koningdrone.be\/"},{"@type":"ListItem","position":2,"name":"AVSS Parachute Recovery System for DJI Matrice 300\/350","item":"https:\/\/koningdrone.be\/product\/avss-parachute-recovery-system-for-dji-matrice-300-350\/"},{"@type":"ListItem","position":3,"name":"DJI AL1","item":"https:\/\/koningdrone.be\/categorie\/dji-al1\/"},{"@type":"ListItem","position":4,"name":"DJI AL1 SpotLight"}]},{"@type":"WebSite","@id":"https:\/\/koningdrone.be\/#website","url":"https:\/\/koningdrone.be\/","name":"Koningdrone.be - Votre sp\u00e9cialiste en ligne en mati\u00e8re de drones, de cardans, de cam\u00e9ras et de centrales \u00e9lectriques.","description":"La boutique en ligne de drones et de cardans","publisher":{"@id":"https:\/\/koningdrone.be\/#organization"},"potentialAction":[{"@type":"SearchAction","target":{"@type":"EntryPoint","urlTemplate":"https:\/\/koningdrone.be\/?s={search_term_string}"},"query-input":{"@type":"PropertyValueSpecification","valueRequired":true,"valueName":"search_term_string"}}],"inLanguage":"fr-BE"},{"@type":"Organization","@id":"https:\/\/koningdrone.be\/#organization","name":"Kingdrone.co.uk","url":"https:\/\/koningdrone.be\/","logo":{"@type":"ImageObject","inLanguage":"fr-BE","@id":"https:\/\/koningdrone.be\/#\/schema\/logo\/image\/","url":"https:\/\/koningdrone.be\/wp-content\/uploads\/sites\/13\/2025\/04\/koningdrone-copyright-logo.svg","contentUrl":"https:\/\/koningdrone.be\/wp-content\/uploads\/sites\/13\/2025\/04\/koningdrone-copyright-logo.svg","width":227,"height":38,"caption":"Koningdrone.be"},"image":{"@id":"https:\/\/koningdrone.be\/#\/schema\/logo\/image\/"}}]}},"df_price":299,"df_sale_price":"","df_regular_price":299,"df_image_link":"https:\/\/koningdrone.be\/wp-content\/uploads\/sites\/13\/2026\/03\/DJI-AL1-SpotLight-Product-300x300.webp","_links":{"self":[{"href":"https:\/\/koningdrone.be\/fr\/wp-json\/wp\/v2\/product\/1147","targetHints":{"allow":["GET"]}}],"collection":[{"href":"https:\/\/koningdrone.be\/fr\/wp-json\/wp\/v2\/product"}],"about":[{"href":"https:\/\/koningdrone.be\/fr\/wp-json\/wp\/v2\/types\/product"}],"wp:featuredmedia":[{"embeddable":true,"href":"https:\/\/koningdrone.be\/fr\/wp-json\/wp\/v2\/media\/17198"}],"wp:attachment":[{"href":"https:\/\/koningdrone.be\/fr\/wp-json\/wp\/v2\/media?parent=1147"}],"wp:term":[{"taxonomy":"product_brand","embeddable":true,"href":"https:\/\/koningdrone.be\/fr\/wp-json\/wp\/v2\/product_brand?post=1147"},{"taxonomy":"product_cat","embeddable":true,"href":"https:\/\/koningdrone.be\/fr\/wp-json\/wp\/v2\/product_cat?post=1147"},{"taxonomy":"product_tag","embeddable":true,"href":"https:\/\/koningdrone.be\/fr\/wp-json\/wp\/v2\/product_tag?post=1147"}],"curies":[{"name":"wp","href":"https:\/\/api.w.org\/{rel}","templated":true}]}}