{"id":1141,"date":"2025-02-25T06:50:44","date_gmt":"2025-02-25T05:50:44","guid":{"rendered":"https:\/\/koningdrone.nl\/kon\/product\/dji-rc-plus-2\/"},"modified":"2026-04-29T03:30:55","modified_gmt":"2026-04-29T01:30:55","slug":"dji-rc-plus-2","status":"publish","type":"product","link":"https:\/\/koningdrone.be\/fr\/produit\/dji-rc-plus-2\/","title":{"rendered":"DJI RC Plus 2"},"content":{"rendered":"<h3>DJI RC Plus 2<\/h3>\n<p><iframe loading=\"lazy\" title=\"DJI RC Plus 2 Tutoriel (Premier vol)\" width=\"800\" height=\"450\" src=\"https:\/\/www.youtube.com\/embed\/0Gpc4V45Bcs?feature=oembed&#038;enablejsapi=1&#038;origin=https:\/\/koningdrone.be\" frameborder=\"0\" allow=\"accelerometer; autoplay; clipboard-write; encrypted-media; gyroscope; picture-in-picture; web-share\" referrerpolicy=\"strict-origin-when-cross-origin\" allowfullscreen><\/iframe><\/p>\n<p style=\"margin-top: 20px\">Le <strong>DJI RC Plus 2<\/strong> est une t\u00e9l\u00e9commande professionnelle d'entreprise con\u00e7ue pour \u00eatre utilis\u00e9e avec les drones de la s\u00e9rie DJI Matrice et d'autres plateformes d'entreprise. L'appareil est dot\u00e9 d'un <strong>\u00e9cran int\u00e9gr\u00e9 extra-lumineux<\/strong>, Vous conservez ainsi une image claire m\u00eame en plein soleil, ce qui est essentiel pour une surveillance fiable lors des missions en ext\u00e9rieur. Avec un bo\u00eetier robuste, un degr\u00e9 de protection <strong>IP54<\/strong> et \u00e0 une large gamme de temp\u00e9ratures, le contr\u00f4leur r\u00e9siste \u00e0 la poussi\u00e8re, aux \u00e9claboussures d'eau et aux conditions environnementales changeantes.<\/p>\n<p>Le RC Plus 2 prend en charge la transmission vid\u00e9o avanc\u00e9e via <strong>O4 Entreprise<\/strong>, y compris <strong>Syst\u00e8mes de sauvegarde vid\u00e9o hybrides SDR et 4G<\/strong>, Le syst\u00e8me de contr\u00f4le de l'acc\u00e8s \u00e0 l'Internet permet d'assurer un flux vid\u00e9o stable et fluide, m\u00eame dans les zones urbaines ou montagneuses.<\/p>\n<p style=\"margin-bottom: 20px\">Ce contr\u00f4leur est id\u00e9al pour les professionnels qui ont besoin d'un contr\u00f4le pr\u00e9cis, d'un flux vid\u00e9o en temps r\u00e9el et de performances fiables dans des environnements exigeants.<\/p>\n<p style=\"text-align: center\"><a href=\"https:\/\/koningdrone.nl\/wp-content\/uploads\/2025\/02\/RC-Plus-2-DJI.webp\"><img loading=\"lazy\" decoding=\"async\" class=\"alignnone size-full wp-image-467159\" src=\"https:\/\/koningdrone.nl\/wp-content\/uploads\/2025\/02\/RC-Plus-2-DJI.webp\" alt=\"RC Plus 2 DJI\" width=\"1200\" height=\"800\" \/><\/a><\/p>\n<h4>Performance et fonctionnalit\u00e9<\/h4>\n<p>Le RC Plus 2 est \u00e9quip\u00e9 de <strong>GPS\/Galileo\/BeiDou-GNSS<\/strong>, ce qui permet un positionnement pr\u00e9cis pendant l'op\u00e9ration. Le contr\u00f4leur communique avec les drones via <strong>Transmission OcuSync<\/strong> et prend en charge plusieurs bandes de fr\u00e9quences pour une stabilit\u00e9 optimale du signal.<\/p>\n<p>La luminosit\u00e9 \u00e9lev\u00e9e de l'\u00e9cran garantit que les informations et les images en direct restent lisibles sous la lumi\u00e8re directe du soleil, ce qui est essentiel lors des vols en ext\u00e9rieur et des inspections professionnelles. Gr\u00e2ce \u00e0 la prise en charge de <strong>Wi-Fi et Bluetooth 5.2<\/strong> le contr\u00f4leur offre des options de connectivit\u00e9 \u00e9tendues pour les accessoires externes et le transfert de donn\u00e9es.<\/p>\n<h4>Qualit\u00e9 de construction et conception<\/h4>\n<p>Avec son <strong>Protection IP54<\/strong> Le RC Plus 2 est \u00e9tanche \u00e0 la poussi\u00e8re et aux \u00e9claboussures et peut \u00eatre utilis\u00e9 dans diverses conditions m\u00e9t\u00e9orologiques. Con\u00e7ue pour une utilisation professionnelle sur le terrain, sa construction robuste offre une grande durabilit\u00e9 sans compromettre l'ergonomie.<\/p>\n<p>L'appareil fonctionne de mani\u00e8re fiable \u00e0 des temp\u00e9ratures de <strong>-20 \u00b0C \u00e0 50 \u00b0C<\/strong>, Il convient donc \u00e0 une grande vari\u00e9t\u00e9 d'environnements op\u00e9rationnels, des pics montagneux froids aux zones d\u00e9sertiques chaudes.<\/p>\n<p style=\"text-align: center\"><a href=\"https:\/\/koningdrone.nl\/wp-content\/uploads\/2025\/02\/DJI-RC-Plus-2-Product.webp\"><img loading=\"lazy\" decoding=\"async\" class=\"aligncenter wp-image-467161 size-medium\" src=\"https:\/\/koningdrone.nl\/wp-content\/uploads\/2025\/02\/DJI-RC-Plus-2-Product-300x300.webp\" alt=\"DJI RC Plus 2 Product\" width=\"300\" height=\"300\" \/><\/a><\/p>\n<h4>Pourquoi vous en avez besoin<\/h4>\n<p>Pour les op\u00e9rateurs d'entreprise qui ont besoin d'un contr\u00f4le total sur leurs missions de drones, le DJI RC Plus 2 offre une combinaison puissante de visibilit\u00e9, de connectivit\u00e9 et de robustesse. Avec une transmission vid\u00e9o avanc\u00e9e et une large compatibilit\u00e9, ce contr\u00f4leur aide les professionnels \u00e0 effectuer leurs t\u00e2ches efficacement et en toute s\u00e9curit\u00e9, m\u00eame dans des conditions difficiles.<\/p>","protected":false},"excerpt":{"rendered":"<ul>\n<li>\u00c9cran int\u00e9gr\u00e9 extra-lumineux pour une excellente visibilit\u00e9 en cas de forte luminosit\u00e9<\/li>\n<li>Conception robuste avec protection IP54 pour la r\u00e9sistance \u00e0 la poussi\u00e8re et aux \u00e9claboussures d'eau<\/li>\n<li>O4 Transmission vid\u00e9o d'entreprise avec support SDR et 4G hybride<\/li>\n<li>Large plage de temp\u00e9rature de -20 \u00b0C \u00e0 50 \u00b0C pour diverses conditions m\u00e9t\u00e9orologiques<\/li>\n<li>Prise en charge du positionnement Wi-Fi, Bluetooth et GNSS<\/li>\n<\/ul>","protected":false},"featured_media":17017,"template":"","meta":{"_acf_changed":false},"product_brand":[],"product_cat":[1587,98,1735,1583,1732],"product_tag":[],"class_list":{"0":"post-1141","1":"product","2":"type-product","3":"status-publish","4":"has-post-thumbnail","6":"product_cat-dji-dock","7":"product_cat-dji-matrice-4","8":"product_cat-dji-matrice-4-serie","9":"product_cat-dji-matrice-400","10":"product_cat-dji-matrice-4d","11":"product_shipping_class-uavspacesall","12":"pa_brand-dji","13":"pa_producttype-enterprise-afstandsbediening","14":"pa_series-rc","16":"first","17":"instock","18":"taxable","19":"shipping-taxable","20":"purchasable","21":"product-type-simple"},"acf":[],"yoast_head":"<!-- This site is optimized with the Yoast SEO Premium plugin v27.2 (Yoast SEO v27.2) - https:\/\/yoast.com\/product\/yoast-seo-premium-wordpress\/ -->\n<title>DJI RC Plus 2 - koningdrone.be<\/title>\n<meta name=\"robots\" content=\"index, follow, max-snippet:-1, max-image-preview:large, max-video-preview:-1\" \/>\n<link rel=\"canonical\" href=\"https:\/\/koningdrone.be\/fr\/produit\/dji-rc-plus-2\/\" \/>\n<meta property=\"og:locale\" content=\"fr_FR\" \/>\n<meta property=\"og:type\" content=\"article\" \/>\n<meta property=\"og:title\" content=\"DJI RC Plus 2\" \/>\n<meta property=\"og:description\" content=\"Extra helder ingebouwd display voor uitstekende zichtbaarheid in fel licht  Robuust ontwerp met IP54\u2011bescherming voor stof\u2011 en spatwaterbestendigheid  O4 Enterprise videotransmissie met SDR en 4G hybride ondersteuning  Brede temperatuurbereik van \u201120\u202f\u00b0C tot\u202f50\u202f\u00b0C voor diverse weersomstandigheden  Ondersteuning voor Wi\u2011Fi, Bluetooth en GNSS\u2011locatiebepaling\" \/>\n<meta property=\"og:url\" content=\"https:\/\/koningdrone.be\/fr\/produit\/dji-rc-plus-2\/\" \/>\n<meta property=\"og:site_name\" content=\"koningdrone.be\" \/>\n<meta property=\"article:modified_time\" content=\"2026-04-29T01:30:55+00:00\" \/>\n<meta property=\"og:image\" content=\"https:\/\/koningdrone.be\/wp-content\/uploads\/sites\/13\/2026\/03\/DJI-RC-Plus-2.webp\" \/>\n\t<meta property=\"og:image:width\" content=\"2048\" \/>\n\t<meta property=\"og:image:height\" content=\"2048\" \/>\n\t<meta property=\"og:image:type\" content=\"image\/webp\" \/>\n<meta name=\"twitter:card\" content=\"summary_large_image\" \/>\n<meta name=\"twitter:label1\" content=\"Dur\u00e9e de lecture est.\" \/>\n\t<meta name=\"twitter:data1\" content=\"2 minutes\" \/>\n<script type=\"application\/ld+json\" class=\"yoast-schema-graph\">{\"@context\":\"https:\/\/schema.org\",\"@graph\":[{\"@type\":\"WebPage\",\"@id\":\"https:\/\/koningdrone.be\/product\/dji-rc-plus-2\/\",\"url\":\"https:\/\/koningdrone.be\/product\/dji-rc-plus-2\/\",\"name\":\"DJI RC Plus 2 - koningdrone.be\",\"isPartOf\":{\"@id\":\"https:\/\/koningdrone.be\/#website\"},\"primaryImageOfPage\":{\"@id\":\"https:\/\/koningdrone.be\/product\/dji-rc-plus-2\/#primaryimage\"},\"image\":{\"@id\":\"https:\/\/koningdrone.be\/product\/dji-rc-plus-2\/#primaryimage\"},\"thumbnailUrl\":\"https:\/\/koningdrone.be\/wp-content\/uploads\/sites\/13\/2026\/03\/DJI-RC-Plus-2.webp\",\"datePublished\":\"2025-02-25T05:50:44+00:00\",\"dateModified\":\"2026-04-29T01:30:55+00:00\",\"breadcrumb\":{\"@id\":\"https:\/\/koningdrone.be\/product\/dji-rc-plus-2\/#breadcrumb\"},\"inLanguage\":\"fr-BE\",\"potentialAction\":[{\"@type\":\"ReadAction\",\"target\":[\"https:\/\/koningdrone.be\/product\/dji-rc-plus-2\/\"]}]},{\"@type\":\"ImageObject\",\"inLanguage\":\"fr-BE\",\"@id\":\"https:\/\/koningdrone.be\/product\/dji-rc-plus-2\/#primaryimage\",\"url\":\"https:\/\/koningdrone.be\/wp-content\/uploads\/sites\/13\/2026\/03\/DJI-RC-Plus-2.webp\",\"contentUrl\":\"https:\/\/koningdrone.be\/wp-content\/uploads\/sites\/13\/2026\/03\/DJI-RC-Plus-2.webp\",\"width\":2048,\"height\":2048},{\"@type\":\"BreadcrumbList\",\"@id\":\"https:\/\/koningdrone.be\/product\/dji-rc-plus-2\/#breadcrumb\",\"itemListElement\":[{\"@type\":\"ListItem\",\"position\":1,\"name\":\"Home\",\"item\":\"https:\/\/koningdrone.be\/\"},{\"@type\":\"ListItem\",\"position\":2,\"name\":\"AVSS Parachute Recovery System for DJI Matrice 300\/350\",\"item\":\"https:\/\/koningdrone.be\/product\/avss-parachute-recovery-system-for-dji-matrice-300-350\/\"},{\"@type\":\"ListItem\",\"position\":3,\"name\":\"DJI Dock\",\"item\":\"https:\/\/koningdrone.be\/categorie\/dji-dock\/\"},{\"@type\":\"ListItem\",\"position\":4,\"name\":\"DJI RC Plus 2\"}]},{\"@type\":\"WebSite\",\"@id\":\"https:\/\/koningdrone.be\/#website\",\"url\":\"https:\/\/koningdrone.be\/\",\"name\":\"Koningdrone.be - Uw online specialist in drones, gimbals, camera's en power stations.\",\"description\":\"De webshop in drones en gimbals\",\"publisher\":{\"@id\":\"https:\/\/koningdrone.be\/#organization\"},\"potentialAction\":[{\"@type\":\"SearchAction\",\"target\":{\"@type\":\"EntryPoint\",\"urlTemplate\":\"https:\/\/koningdrone.be\/?s={search_term_string}\"},\"query-input\":{\"@type\":\"PropertyValueSpecification\",\"valueRequired\":true,\"valueName\":\"search_term_string\"}}],\"inLanguage\":\"fr-BE\"},{\"@type\":\"Organization\",\"@id\":\"https:\/\/koningdrone.be\/#organization\",\"name\":\"Koningdrone.be\",\"url\":\"https:\/\/koningdrone.be\/\",\"logo\":{\"@type\":\"ImageObject\",\"inLanguage\":\"fr-BE\",\"@id\":\"https:\/\/koningdrone.be\/#\/schema\/logo\/image\/\",\"url\":\"https:\/\/koningdrone.be\/wp-content\/uploads\/sites\/13\/2025\/04\/koningdrone-copyright-logo.svg\",\"contentUrl\":\"https:\/\/koningdrone.be\/wp-content\/uploads\/sites\/13\/2025\/04\/koningdrone-copyright-logo.svg\",\"width\":227,\"height\":38,\"caption\":\"Koningdrone.be\"},\"image\":{\"@id\":\"https:\/\/koningdrone.be\/#\/schema\/logo\/image\/\"}}]}<\/script>\n<!-- \/ Yoast SEO Premium plugin. -->","yoast_head_json":{"title":"DJI RC Plus 2 - koningdrone.be","robots":{"index":"index","follow":"follow","max-snippet":"max-snippet:-1","max-image-preview":"max-image-preview:large","max-video-preview":"max-video-preview:-1"},"canonical":"https:\/\/koningdrone.be\/fr\/produit\/dji-rc-plus-2\/","og_locale":"fr_FR","og_type":"article","og_title":"DJI RC Plus 2","og_description":"Extra helder ingebouwd display voor uitstekende zichtbaarheid in fel licht  Robuust ontwerp met IP54\u2011bescherming voor stof\u2011 en spatwaterbestendigheid  O4 Enterprise videotransmissie met SDR en 4G hybride ondersteuning  Brede temperatuurbereik van \u201120\u202f\u00b0C tot\u202f50\u202f\u00b0C voor diverse weersomstandigheden  Ondersteuning voor Wi\u2011Fi, Bluetooth en GNSS\u2011locatiebepaling","og_url":"https:\/\/koningdrone.be\/fr\/produit\/dji-rc-plus-2\/","og_site_name":"koningdrone.be","article_modified_time":"2026-04-29T01:30:55+00:00","og_image":[{"width":2048,"height":2048,"url":"https:\/\/koningdrone.be\/wp-content\/uploads\/sites\/13\/2026\/03\/DJI-RC-Plus-2.webp","type":"image\/webp"}],"twitter_card":"summary_large_image","twitter_misc":{"Dur\u00e9e de lecture est.":"2 minutes"},"schema":{"@context":"https:\/\/schema.org","@graph":[{"@type":"WebPage","@id":"https:\/\/koningdrone.be\/product\/dji-rc-plus-2\/","url":"https:\/\/koningdrone.be\/product\/dji-rc-plus-2\/","name":"DJI RC Plus 2 - koningdrone.be","isPartOf":{"@id":"https:\/\/koningdrone.be\/#website"},"primaryImageOfPage":{"@id":"https:\/\/koningdrone.be\/product\/dji-rc-plus-2\/#primaryimage"},"image":{"@id":"https:\/\/koningdrone.be\/product\/dji-rc-plus-2\/#primaryimage"},"thumbnailUrl":"https:\/\/koningdrone.be\/wp-content\/uploads\/sites\/13\/2026\/03\/DJI-RC-Plus-2.webp","datePublished":"2025-02-25T05:50:44+00:00","dateModified":"2026-04-29T01:30:55+00:00","breadcrumb":{"@id":"https:\/\/koningdrone.be\/product\/dji-rc-plus-2\/#breadcrumb"},"inLanguage":"fr-BE","potentialAction":[{"@type":"ReadAction","target":["https:\/\/koningdrone.be\/product\/dji-rc-plus-2\/"]}]},{"@type":"ImageObject","inLanguage":"fr-BE","@id":"https:\/\/koningdrone.be\/product\/dji-rc-plus-2\/#primaryimage","url":"https:\/\/koningdrone.be\/wp-content\/uploads\/sites\/13\/2026\/03\/DJI-RC-Plus-2.webp","contentUrl":"https:\/\/koningdrone.be\/wp-content\/uploads\/sites\/13\/2026\/03\/DJI-RC-Plus-2.webp","width":2048,"height":2048},{"@type":"BreadcrumbList","@id":"https:\/\/koningdrone.be\/product\/dji-rc-plus-2\/#breadcrumb","itemListElement":[{"@type":"ListItem","position":1,"name":"Home","item":"https:\/\/koningdrone.be\/"},{"@type":"ListItem","position":2,"name":"AVSS Parachute Recovery System for DJI Matrice 300\/350","item":"https:\/\/koningdrone.be\/product\/avss-parachute-recovery-system-for-dji-matrice-300-350\/"},{"@type":"ListItem","position":3,"name":"DJI Dock","item":"https:\/\/koningdrone.be\/categorie\/dji-dock\/"},{"@type":"ListItem","position":4,"name":"DJI RC Plus 2"}]},{"@type":"WebSite","@id":"https:\/\/koningdrone.be\/#website","url":"https:\/\/koningdrone.be\/","name":"Koningdrone.be - Votre sp\u00e9cialiste en ligne en mati\u00e8re de drones, de cardans, de cam\u00e9ras et de centrales \u00e9lectriques.","description":"La boutique en ligne de drones et de cardans","publisher":{"@id":"https:\/\/koningdrone.be\/#organization"},"potentialAction":[{"@type":"SearchAction","target":{"@type":"EntryPoint","urlTemplate":"https:\/\/koningdrone.be\/?s={search_term_string}"},"query-input":{"@type":"PropertyValueSpecification","valueRequired":true,"valueName":"search_term_string"}}],"inLanguage":"fr-BE"},{"@type":"Organization","@id":"https:\/\/koningdrone.be\/#organization","name":"Kingdrone.co.uk","url":"https:\/\/koningdrone.be\/","logo":{"@type":"ImageObject","inLanguage":"fr-BE","@id":"https:\/\/koningdrone.be\/#\/schema\/logo\/image\/","url":"https:\/\/koningdrone.be\/wp-content\/uploads\/sites\/13\/2025\/04\/koningdrone-copyright-logo.svg","contentUrl":"https:\/\/koningdrone.be\/wp-content\/uploads\/sites\/13\/2025\/04\/koningdrone-copyright-logo.svg","width":227,"height":38,"caption":"Koningdrone.be"},"image":{"@id":"https:\/\/koningdrone.be\/#\/schema\/logo\/image\/"}}]}},"df_price":1500,"df_sale_price":"","df_regular_price":1500,"df_image_link":"https:\/\/koningdrone.be\/wp-content\/uploads\/sites\/13\/2026\/03\/DJI-RC-Plus-2-300x300.webp","_links":{"self":[{"href":"https:\/\/koningdrone.be\/fr\/wp-json\/wp\/v2\/product\/1141","targetHints":{"allow":["GET"]}}],"collection":[{"href":"https:\/\/koningdrone.be\/fr\/wp-json\/wp\/v2\/product"}],"about":[{"href":"https:\/\/koningdrone.be\/fr\/wp-json\/wp\/v2\/types\/product"}],"wp:featuredmedia":[{"embeddable":true,"href":"https:\/\/koningdrone.be\/fr\/wp-json\/wp\/v2\/media\/17017"}],"wp:attachment":[{"href":"https:\/\/koningdrone.be\/fr\/wp-json\/wp\/v2\/media?parent=1141"}],"wp:term":[{"taxonomy":"product_brand","embeddable":true,"href":"https:\/\/koningdrone.be\/fr\/wp-json\/wp\/v2\/product_brand?post=1141"},{"taxonomy":"product_cat","embeddable":true,"href":"https:\/\/koningdrone.be\/fr\/wp-json\/wp\/v2\/product_cat?post=1141"},{"taxonomy":"product_tag","embeddable":true,"href":"https:\/\/koningdrone.be\/fr\/wp-json\/wp\/v2\/product_tag?post=1141"}],"curies":[{"name":"wp","href":"https:\/\/api.w.org\/{rel}","templated":true}]}}