{"id":1132,"date":"2025-02-25T06:50:44","date_gmt":"2025-02-25T05:50:44","guid":{"rendered":"https:\/\/koningdrone.nl\/kon\/product\/d-rtk-3-survey-pole-and-tripod-kit\/"},"modified":"2026-04-29T03:31:07","modified_gmt":"2026-04-29T01:31:07","slug":"d-rtk-3-survey-pole-and-tripod-kit","status":"publish","type":"product","link":"https:\/\/koningdrone.be\/fr\/produit\/d-rtk-3-survey-pole-and-tripod-kit\/","title":{"rendered":"D-RTK 3 Kit de m\u00e2t et de tr\u00e9pied d'arpentage"},"content":{"rendered":"<h3>D-RTK 3 Kit de m\u00e2t et de tr\u00e9pied d'arpentage<\/h3>\n<p><iframe loading=\"lazy\" title=\"Station multifonctionnelle D-RTK 3 - Premi\u00e8re utilisation\" width=\"800\" height=\"450\" src=\"https:\/\/www.youtube.com\/embed\/RCYX3K5LSXo?feature=oembed&#038;enablejsapi=1&#038;origin=https:\/\/koningdrone.be\" frameborder=\"0\" allow=\"accelerometer; autoplay; clipboard-write; encrypted-media; gyroscope; picture-in-picture; web-share\" referrerpolicy=\"strict-origin-when-cross-origin\" allowfullscreen><\/iframe><\/p>\n<p style=\"margin-top: 20px\">Le <strong>DJI D-RTK 3 Perche de sondage et tr\u00e9pied<\/strong> est un kit d'accessoires professionnels con\u00e7u pour permettre un positionnement GNSS d'une pr\u00e9cision centim\u00e9trique lors de l'utilisation de la station multifonctionnelle D-RTK 3 ou en tant que solution d'arpentage autonome. Ce kit offre un moyen stable et pr\u00e9cis de positionner les r\u00e9cepteurs GNSS - id\u00e9al pour les lev\u00e9s, la cartographie, les inspections et l'agriculture de pr\u00e9cision.<\/p>\n<p style=\"margin-bottom: 20px\">La perche d'arpentage et le tr\u00e9pied sont destin\u00e9s aux g\u00e9om\u00e8tres, aux professionnels des SIG, aux pilotes de drones et aux ing\u00e9nieurs qui souhaitent obtenir des r\u00e9sultats fiables et reproductibles sur le terrain. La construction robuste et les points de montage int\u00e9gr\u00e9s garantissent l'obtention de donn\u00e9es de position pr\u00e9cises dans divers environnements.<\/p>\n<p><a href=\"https:\/\/koningdrone.nl\/wp-content\/uploads\/2025\/02\/Product-D-RTK-3-Survey-Pole-and-Tripod-Kit.jpg\"><img loading=\"lazy\" decoding=\"async\" class=\"size-full wp-image-467452 aligncenter\" src=\"https:\/\/koningdrone.nl\/wp-content\/uploads\/2025\/02\/Product-D-RTK-3-Survey-Pole-and-Tripod-Kit.jpg\" alt=\"Product D-RTK 3 Survey Pole and Tripod Kit\" width=\"1200\" height=\"800\" \/><\/a><\/p>\n<h4>Performance et fonctionnalit\u00e9<\/h4>\n<p>La perche d'arpentage est r\u00e9glable en hauteur, ce qui vous permet de d\u00e9placer rapidement et facilement le r\u00e9cepteur GNSS vers la position de mesure correcte. Le tr\u00e9pied offre une stabilit\u00e9 suppl\u00e9mentaire lorsque vous avez besoin d'une installation fixe, par exemple pour des mesures g\u00e9od\u00e9siques ou des observations \u00e0 long terme.<\/p>\n<p>Ces accessoires sont con\u00e7us pour <strong>fonctionner avec plusieurs r\u00e9cepteurs GNSS et stations de base<\/strong>, y compris le DJI D-RTK 3, ce qui permet \u00e0 la cha\u00eene de mesure d'\u00eatre compl\u00e8te et flexible. Il est ainsi plus facile de d\u00e9terminer des points de r\u00e9f\u00e9rence pr\u00e9cis pendant le travail sur le terrain.<\/p>\n<h4>Qualit\u00e9 de construction et conception<\/h4>\n<p>L'ensemble est fabriqu\u00e9 \u00e0 partir de mat\u00e9riaux durables qui peuvent r\u00e9sister \u00e0 une utilisation intensive sur le terrain. La perche d'arpentage est dot\u00e9e d'une t\u00eate de montage robuste pour l'\u00e9quipement GNSS et d'une conception ergonomique qui facilite le transport et le r\u00e9glage. Le tr\u00e9pied est dot\u00e9 de pieds stables et d'un syst\u00e8me de verrouillage rapide pour minimiser les oscillations et am\u00e9liorer la pr\u00e9cision des mesures.<br \/>\nGr\u00e2ce \u00e0 son poids l\u00e9ger et \u00e0 sa forme compacte, l'ensemble est facile \u00e0 emporter lors des d\u00e9placements sur diff\u00e9rents lieux de travail.<br \/>\n<a href=\"https:\/\/koningdrone.nl\/wp-content\/uploads\/2025\/02\/D-RTK-3-Survey-Pole-and-Tripod-Kit-Product.jpg\"><img loading=\"lazy\" decoding=\"async\" class=\"aligncenter wp-image-467451 size-medium\" src=\"https:\/\/koningdrone.nl\/wp-content\/uploads\/2025\/02\/D-RTK-3-Survey-Pole-and-Tripod-Kit-Product-300x300.jpg\" alt=\"\" width=\"300\" height=\"300\" \/><\/a><\/p>\n<h4>Pourquoi vous en avez besoin<\/h4>\n<p>Si vous souhaitez combiner des mesures GNSS de haute qualit\u00e9 avec le D-RTK 3 ou d'autres \u00e9quipements RTK, le DJI D-RTK 3 Survey Pole and Tripod offre la stabilit\u00e9 et la pr\u00e9cision dont vous avez besoin pour des mesures fiables dans n'importe quelle situation. Il rend votre travail sur le terrain plus efficace et plus pr\u00e9cis.<\/p>","protected":false},"excerpt":{"rendered":"<ul>\n<li>Perche d'arpentage r\u00e9glable pour un positionnement GNSS pr\u00e9cis<\/li>\n<li>Tr\u00e9pied stable pour les mesures fixes et les observations \u00e0 long terme<\/li>\n<li>Compatible avec le DJI D-RTK 3 et d'autres r\u00e9cepteurs GNSS de haute pr\u00e9cision<\/li>\n<li>Conception durable mais l\u00e9g\u00e8re pour une utilisation en ext\u00e9rieur<\/li>\n<li>Assemblage facile et installation rapide pour le travail sur le terrain<\/li>\n<\/ul>","protected":false},"featured_media":17233,"template":"","meta":{"_acf_changed":false},"product_brand":[],"product_cat":[1775,149,543,153,98,1583,1732],"product_tag":[],"class_list":{"0":"post-1132","1":"product","2":"type-product","3":"status-publish","4":"has-post-thumbnail","6":"product_cat-dji-d-rtk-3","7":"product_cat-dji-matrice-30","8":"product_cat-dji-matrice-30t","9":"product_cat-dji-matrice-350","10":"product_cat-dji-matrice-4","11":"product_cat-dji-matrice-400","12":"product_cat-dji-matrice-4d","13":"product_shipping_class-uavspacesall","14":"pa_brand-dji","15":"pa_producttype-surveypaal","17":"first","18":"instock","19":"taxable","20":"shipping-taxable","21":"purchasable","22":"product-type-simple"},"acf":[],"yoast_head":"<!-- This site is optimized with the Yoast SEO Premium plugin v27.2 (Yoast SEO v27.2) - https:\/\/yoast.com\/product\/yoast-seo-premium-wordpress\/ -->\n<title>D-RTK 3 Survey Pole and Tripod Kit - koningdrone.be<\/title>\n<meta name=\"robots\" content=\"index, follow, max-snippet:-1, max-image-preview:large, max-video-preview:-1\" \/>\n<link rel=\"canonical\" href=\"https:\/\/koningdrone.be\/fr\/produit\/d-rtk-3-survey-pole-and-tripod-kit\/\" \/>\n<meta property=\"og:locale\" content=\"fr_FR\" \/>\n<meta property=\"og:type\" content=\"article\" \/>\n<meta property=\"og:title\" content=\"D-RTK 3 Survey Pole and Tripod Kit\" \/>\n<meta property=\"og:description\" content=\"Verstelbare survey pole voor nauwkeurige GNSS\u2011positionering  Stabiele tripod voor vaste metingen en langdurige observaties  Compatibel met de DJI D\u2011RTK 3 en andere high\u2011precision GNSS\u2011ontvangers  Duurzaam en toch lichtgewicht ontwerp voor gebruik buiten  Eenvoudige montage en snelle setup voor veldwerk\" \/>\n<meta property=\"og:url\" content=\"https:\/\/koningdrone.be\/fr\/produit\/d-rtk-3-survey-pole-and-tripod-kit\/\" \/>\n<meta property=\"og:site_name\" content=\"koningdrone.be\" \/>\n<meta property=\"article:modified_time\" content=\"2026-04-29T01:31:07+00:00\" \/>\n<meta property=\"og:image\" content=\"https:\/\/koningdrone.be\/wp-content\/uploads\/sites\/13\/2026\/03\/D-RTK-3-Survey-Pole-and-Tripod-Kit.webp\" \/>\n\t<meta property=\"og:image:width\" content=\"2048\" \/>\n\t<meta property=\"og:image:height\" content=\"2048\" \/>\n\t<meta property=\"og:image:type\" content=\"image\/webp\" \/>\n<meta name=\"twitter:card\" content=\"summary_large_image\" \/>\n<meta name=\"twitter:label1\" content=\"Dur\u00e9e de lecture est.\" \/>\n\t<meta name=\"twitter:data1\" content=\"2 minutes\" \/>\n<script type=\"application\/ld+json\" class=\"yoast-schema-graph\">{\"@context\":\"https:\/\/schema.org\",\"@graph\":[{\"@type\":\"WebPage\",\"@id\":\"https:\/\/koningdrone.be\/product\/d-rtk-3-survey-pole-and-tripod-kit\/\",\"url\":\"https:\/\/koningdrone.be\/product\/d-rtk-3-survey-pole-and-tripod-kit\/\",\"name\":\"D-RTK 3 Survey Pole and Tripod Kit - koningdrone.be\",\"isPartOf\":{\"@id\":\"https:\/\/koningdrone.be\/#website\"},\"primaryImageOfPage\":{\"@id\":\"https:\/\/koningdrone.be\/product\/d-rtk-3-survey-pole-and-tripod-kit\/#primaryimage\"},\"image\":{\"@id\":\"https:\/\/koningdrone.be\/product\/d-rtk-3-survey-pole-and-tripod-kit\/#primaryimage\"},\"thumbnailUrl\":\"https:\/\/koningdrone.be\/wp-content\/uploads\/sites\/13\/2026\/03\/D-RTK-3-Survey-Pole-and-Tripod-Kit.webp\",\"datePublished\":\"2025-02-25T05:50:44+00:00\",\"dateModified\":\"2026-04-29T01:31:07+00:00\",\"breadcrumb\":{\"@id\":\"https:\/\/koningdrone.be\/product\/d-rtk-3-survey-pole-and-tripod-kit\/#breadcrumb\"},\"inLanguage\":\"fr-BE\",\"potentialAction\":[{\"@type\":\"ReadAction\",\"target\":[\"https:\/\/koningdrone.be\/product\/d-rtk-3-survey-pole-and-tripod-kit\/\"]}]},{\"@type\":\"ImageObject\",\"inLanguage\":\"fr-BE\",\"@id\":\"https:\/\/koningdrone.be\/product\/d-rtk-3-survey-pole-and-tripod-kit\/#primaryimage\",\"url\":\"https:\/\/koningdrone.be\/wp-content\/uploads\/sites\/13\/2026\/03\/D-RTK-3-Survey-Pole-and-Tripod-Kit.webp\",\"contentUrl\":\"https:\/\/koningdrone.be\/wp-content\/uploads\/sites\/13\/2026\/03\/D-RTK-3-Survey-Pole-and-Tripod-Kit.webp\",\"width\":2048,\"height\":2048},{\"@type\":\"BreadcrumbList\",\"@id\":\"https:\/\/koningdrone.be\/product\/d-rtk-3-survey-pole-and-tripod-kit\/#breadcrumb\",\"itemListElement\":[{\"@type\":\"ListItem\",\"position\":1,\"name\":\"Home\",\"item\":\"https:\/\/koningdrone.be\/\"},{\"@type\":\"ListItem\",\"position\":2,\"name\":\"AVSS Parachute Recovery System for DJI Matrice 300\/350\",\"item\":\"https:\/\/koningdrone.be\/product\/avss-parachute-recovery-system-for-dji-matrice-300-350\/\"},{\"@type\":\"ListItem\",\"position\":3,\"name\":\"DJI D-RTK 3\",\"item\":\"https:\/\/koningdrone.be\/categorie\/dji-d-rtk-3\/\"},{\"@type\":\"ListItem\",\"position\":4,\"name\":\"D-RTK 3 Survey Pole and Tripod Kit\"}]},{\"@type\":\"WebSite\",\"@id\":\"https:\/\/koningdrone.be\/#website\",\"url\":\"https:\/\/koningdrone.be\/\",\"name\":\"Koningdrone.be - Uw online specialist in drones, gimbals, camera's en power stations.\",\"description\":\"De webshop in drones en gimbals\",\"publisher\":{\"@id\":\"https:\/\/koningdrone.be\/#organization\"},\"potentialAction\":[{\"@type\":\"SearchAction\",\"target\":{\"@type\":\"EntryPoint\",\"urlTemplate\":\"https:\/\/koningdrone.be\/?s={search_term_string}\"},\"query-input\":{\"@type\":\"PropertyValueSpecification\",\"valueRequired\":true,\"valueName\":\"search_term_string\"}}],\"inLanguage\":\"fr-BE\"},{\"@type\":\"Organization\",\"@id\":\"https:\/\/koningdrone.be\/#organization\",\"name\":\"Koningdrone.be\",\"url\":\"https:\/\/koningdrone.be\/\",\"logo\":{\"@type\":\"ImageObject\",\"inLanguage\":\"fr-BE\",\"@id\":\"https:\/\/koningdrone.be\/#\/schema\/logo\/image\/\",\"url\":\"https:\/\/koningdrone.be\/wp-content\/uploads\/sites\/13\/2025\/04\/koningdrone-copyright-logo.svg\",\"contentUrl\":\"https:\/\/koningdrone.be\/wp-content\/uploads\/sites\/13\/2025\/04\/koningdrone-copyright-logo.svg\",\"width\":227,\"height\":38,\"caption\":\"Koningdrone.be\"},\"image\":{\"@id\":\"https:\/\/koningdrone.be\/#\/schema\/logo\/image\/\"}}]}<\/script>\n<!-- \/ Yoast SEO Premium plugin. -->","yoast_head_json":{"title":"D-RTK 3 Survey Pole and Tripod Kit - koningdrone.be","robots":{"index":"index","follow":"follow","max-snippet":"max-snippet:-1","max-image-preview":"max-image-preview:large","max-video-preview":"max-video-preview:-1"},"canonical":"https:\/\/koningdrone.be\/fr\/produit\/d-rtk-3-survey-pole-and-tripod-kit\/","og_locale":"fr_FR","og_type":"article","og_title":"D-RTK 3 Survey Pole and Tripod Kit","og_description":"Verstelbare survey pole voor nauwkeurige GNSS\u2011positionering  Stabiele tripod voor vaste metingen en langdurige observaties  Compatibel met de DJI D\u2011RTK 3 en andere high\u2011precision GNSS\u2011ontvangers  Duurzaam en toch lichtgewicht ontwerp voor gebruik buiten  Eenvoudige montage en snelle setup voor veldwerk","og_url":"https:\/\/koningdrone.be\/fr\/produit\/d-rtk-3-survey-pole-and-tripod-kit\/","og_site_name":"koningdrone.be","article_modified_time":"2026-04-29T01:31:07+00:00","og_image":[{"width":2048,"height":2048,"url":"https:\/\/koningdrone.be\/wp-content\/uploads\/sites\/13\/2026\/03\/D-RTK-3-Survey-Pole-and-Tripod-Kit.webp","type":"image\/webp"}],"twitter_card":"summary_large_image","twitter_misc":{"Dur\u00e9e de lecture est.":"2 minutes"},"schema":{"@context":"https:\/\/schema.org","@graph":[{"@type":"WebPage","@id":"https:\/\/koningdrone.be\/product\/d-rtk-3-survey-pole-and-tripod-kit\/","url":"https:\/\/koningdrone.be\/product\/d-rtk-3-survey-pole-and-tripod-kit\/","name":"D-RTK 3 Survey Pole and Tripod Kit - koningdrone.be","isPartOf":{"@id":"https:\/\/koningdrone.be\/#website"},"primaryImageOfPage":{"@id":"https:\/\/koningdrone.be\/product\/d-rtk-3-survey-pole-and-tripod-kit\/#primaryimage"},"image":{"@id":"https:\/\/koningdrone.be\/product\/d-rtk-3-survey-pole-and-tripod-kit\/#primaryimage"},"thumbnailUrl":"https:\/\/koningdrone.be\/wp-content\/uploads\/sites\/13\/2026\/03\/D-RTK-3-Survey-Pole-and-Tripod-Kit.webp","datePublished":"2025-02-25T05:50:44+00:00","dateModified":"2026-04-29T01:31:07+00:00","breadcrumb":{"@id":"https:\/\/koningdrone.be\/product\/d-rtk-3-survey-pole-and-tripod-kit\/#breadcrumb"},"inLanguage":"fr-BE","potentialAction":[{"@type":"ReadAction","target":["https:\/\/koningdrone.be\/product\/d-rtk-3-survey-pole-and-tripod-kit\/"]}]},{"@type":"ImageObject","inLanguage":"fr-BE","@id":"https:\/\/koningdrone.be\/product\/d-rtk-3-survey-pole-and-tripod-kit\/#primaryimage","url":"https:\/\/koningdrone.be\/wp-content\/uploads\/sites\/13\/2026\/03\/D-RTK-3-Survey-Pole-and-Tripod-Kit.webp","contentUrl":"https:\/\/koningdrone.be\/wp-content\/uploads\/sites\/13\/2026\/03\/D-RTK-3-Survey-Pole-and-Tripod-Kit.webp","width":2048,"height":2048},{"@type":"BreadcrumbList","@id":"https:\/\/koningdrone.be\/product\/d-rtk-3-survey-pole-and-tripod-kit\/#breadcrumb","itemListElement":[{"@type":"ListItem","position":1,"name":"Home","item":"https:\/\/koningdrone.be\/"},{"@type":"ListItem","position":2,"name":"AVSS Parachute Recovery System for DJI Matrice 300\/350","item":"https:\/\/koningdrone.be\/product\/avss-parachute-recovery-system-for-dji-matrice-300-350\/"},{"@type":"ListItem","position":3,"name":"DJI D-RTK 3","item":"https:\/\/koningdrone.be\/categorie\/dji-d-rtk-3\/"},{"@type":"ListItem","position":4,"name":"D-RTK 3 Survey Pole and Tripod Kit"}]},{"@type":"WebSite","@id":"https:\/\/koningdrone.be\/#website","url":"https:\/\/koningdrone.be\/","name":"Koningdrone.be - Votre sp\u00e9cialiste en ligne en mati\u00e8re de drones, de cardans, de cam\u00e9ras et de centrales \u00e9lectriques.","description":"La boutique en ligne de drones et de cardans","publisher":{"@id":"https:\/\/koningdrone.be\/#organization"},"potentialAction":[{"@type":"SearchAction","target":{"@type":"EntryPoint","urlTemplate":"https:\/\/koningdrone.be\/?s={search_term_string}"},"query-input":{"@type":"PropertyValueSpecification","valueRequired":true,"valueName":"search_term_string"}}],"inLanguage":"fr-BE"},{"@type":"Organization","@id":"https:\/\/koningdrone.be\/#organization","name":"Kingdrone.co.uk","url":"https:\/\/koningdrone.be\/","logo":{"@type":"ImageObject","inLanguage":"fr-BE","@id":"https:\/\/koningdrone.be\/#\/schema\/logo\/image\/","url":"https:\/\/koningdrone.be\/wp-content\/uploads\/sites\/13\/2025\/04\/koningdrone-copyright-logo.svg","contentUrl":"https:\/\/koningdrone.be\/wp-content\/uploads\/sites\/13\/2025\/04\/koningdrone-copyright-logo.svg","width":227,"height":38,"caption":"Koningdrone.be"},"image":{"@id":"https:\/\/koningdrone.be\/#\/schema\/logo\/image\/"}}]}},"df_price":399,"df_sale_price":"","df_regular_price":399,"df_image_link":"https:\/\/koningdrone.be\/wp-content\/uploads\/sites\/13\/2026\/03\/D-RTK-3-Survey-Pole-and-Tripod-Kit-300x300.webp","_links":{"self":[{"href":"https:\/\/koningdrone.be\/fr\/wp-json\/wp\/v2\/product\/1132","targetHints":{"allow":["GET"]}}],"collection":[{"href":"https:\/\/koningdrone.be\/fr\/wp-json\/wp\/v2\/product"}],"about":[{"href":"https:\/\/koningdrone.be\/fr\/wp-json\/wp\/v2\/types\/product"}],"wp:featuredmedia":[{"embeddable":true,"href":"https:\/\/koningdrone.be\/fr\/wp-json\/wp\/v2\/media\/17233"}],"wp:attachment":[{"href":"https:\/\/koningdrone.be\/fr\/wp-json\/wp\/v2\/media?parent=1132"}],"wp:term":[{"taxonomy":"product_brand","embeddable":true,"href":"https:\/\/koningdrone.be\/fr\/wp-json\/wp\/v2\/product_brand?post=1132"},{"taxonomy":"product_cat","embeddable":true,"href":"https:\/\/koningdrone.be\/fr\/wp-json\/wp\/v2\/product_cat?post=1132"},{"taxonomy":"product_tag","embeddable":true,"href":"https:\/\/koningdrone.be\/fr\/wp-json\/wp\/v2\/product_tag?post=1132"}],"curies":[{"name":"wp","href":"https:\/\/api.w.org\/{rel}","templated":true}]}}