{"id":1129,"date":"2025-02-25T06:50:44","date_gmt":"2025-02-25T05:50:44","guid":{"rendered":"https:\/\/koningdrone.nl\/kon\/product\/d-rtk-3-multifunctional-station\/"},"modified":"2026-04-29T03:31:06","modified_gmt":"2026-04-29T01:31:06","slug":"d-rtk-3-multifunctional-station","status":"publish","type":"product","link":"https:\/\/koningdrone.be\/fr\/produit\/d-rtk-3-multifunctional-station\/","title":{"rendered":"Station multifonctionnelle D-RTK 3"},"content":{"rendered":"<h3>Station multifonctionnelle D-RTK 3<\/h3>\n<p><iframe loading=\"lazy\" title=\"Station multifonctionnelle D-RTK 3 - Premi\u00e8re utilisation\" width=\"800\" height=\"450\" src=\"https:\/\/www.youtube.com\/embed\/RCYX3K5LSXo?feature=oembed&#038;enablejsapi=1&#038;origin=https:\/\/koningdrone.be\" frameborder=\"0\" allow=\"accelerometer; autoplay; clipboard-write; encrypted-media; gyroscope; picture-in-picture; web-share\" referrerpolicy=\"strict-origin-when-cross-origin\" allowfullscreen><\/iframe><\/p>\n<p style=\"margin-top: 20px\">Le <strong>Station multifonctionnelle DJI D-RTK 3<\/strong> est une station de r\u00e9f\u00e9rence GNSS avanc\u00e9e con\u00e7ue pour les professionnels qui ont besoin d'un positionnement au centim\u00e8tre pr\u00e8s pour les op\u00e9rations de drones, la cartographie, les inspections et l'agriculture de pr\u00e9cision. Elle combine des r\u00e9cepteurs GNSS haute performance, des liaisons de transmission de donn\u00e9es multiples et un syst\u00e8me de mesure inertielle int\u00e9gr\u00e9 pour fournir des donn\u00e9es de localisation et d'orientation pr\u00e9cises pour un ou plusieurs drones simultan\u00e9ment\/p.<\/p>\n<p style=\"margin-bottom: 20px\">La station peut fonctionner comme <strong>station de base<\/strong>, <strong>station relais<\/strong> ou <strong>station de rover<\/strong>, ce qui le rend flexible pour une vari\u00e9t\u00e9 d'applications. Prenant en charge plusieurs syst\u00e8mes satellitaires tels que GPS, GLONASS, BeiDou et Galileo, il fournit des donn\u00e9es de position fiables, m\u00eame dans des environnements o\u00f9 la couverture r\u00e9seau est limit\u00e9e.<\/p>\n<p><a href=\"https:\/\/koningdrone.nl\/wp-content\/uploads\/2025\/02\/D-RTK-3-Product-Multifunctional-Station.webp\"><img loading=\"lazy\" decoding=\"async\" class=\"size-full wp-image-467415 aligncenter\" src=\"https:\/\/koningdrone.nl\/wp-content\/uploads\/2025\/02\/D-RTK-3-Product-Multifunctional-Station.webp\" alt=\"D-RTK 3 Product Multifunctional Station\" width=\"1200\" height=\"800\" \/><\/a><\/p>\n<h4>Performance et fonctionnalit\u00e9<\/h4>\n<p>Au <strong>mode station de base<\/strong> offre une pr\u00e9cision D-RTK de 3 centim\u00e8tres pour plusieurs drones simultan\u00e9ment, ce qui est id\u00e9al pour les travaux de cartographie, de mod\u00e9lisation et d'inspection o\u00f9 les erreurs de m\u00e8tres sont inacceptables.<\/p>\n<p>Au <strong>mode station relais<\/strong> il permet d'augmenter consid\u00e9rablement la distance op\u00e9rationnelle entre le drone et la t\u00e9l\u00e9commande, avec des transmissions sans entrave pouvant atteindre des dizaines de kilom\u00e8tres dans des zones ouvertes.<\/p>\n<p>Au <strong>mode station du rover<\/strong> la station fonctionne avec l'application DJI Enterprise pour collecter des coordonn\u00e9es de haute pr\u00e9cision pour les mesures au sol ou l'\u00e9talonnage.<\/p>\n<h4>Qualit\u00e9 de construction et conception<\/h4>\n<p>Le D-RTK 3 est construit avec un robuste, <strong>Bo\u00eetier prot\u00e9g\u00e9 IP67<\/strong> qui r\u00e9siste \u00e0 la poussi\u00e8re et \u00e0 l'eau, ce qui permet de l'utiliser en toute fiabilit\u00e9 dans diverses conditions m\u00e9t\u00e9orologiques.<\/p>\n<p>La station a une taille compacte et un poids d'environ 1,26 kg, ce qui la rend facile \u00e0 transporter et \u00e0 installer sur les sites de travail sur le terrain.<\/p>\n<p>Avec les modules d'antennes directionnelles inclus et un c\u00e2ble USB-A vers USB-C, l'installation est rapide et facile, permettant aux utilisateurs d'\u00eatre op\u00e9rationnels en quelques minutes.<\/p>\n<p><a href=\"https:\/\/koningdrone.nl\/wp-content\/uploads\/2025\/02\/D-RTK-3-Multifunctional-Station.webp\"><img loading=\"lazy\" decoding=\"async\" class=\"wp-image-467417 size-medium aligncenter\" src=\"https:\/\/koningdrone.nl\/wp-content\/uploads\/2025\/02\/D-RTK-3-Multifunctional-Station-300x300.webp\" alt=\"D-RTK 3 Multifunctional Station\" width=\"300\" height=\"300\" \/><\/a><\/p>\n<h4>Pourquoi vous en avez besoin<\/h4>\n<p>Si vous travaillez avec des drones industriels dans les domaines de la cartographie, de l'arpentage, de l'agriculture ou de l'inspection d'infrastructures o\u00f9 la pr\u00e9cision est essentielle, le D-RTK 3 offre une solution RTK compl\u00e8te, flexible et puissante. Sa polyvalence en tant que base, rover et station relais en fait un outil indispensable pour toute application professionnelle n\u00e9cessitant des donn\u00e9es de localisation pr\u00e9cises.<\/p>","protected":false},"excerpt":{"rendered":"<ul>\n<li>Positionnement au centim\u00e8tre pr\u00e8s de plusieurs drones simultan\u00e9ment<\/li>\n<li>Prise en charge des modes station de base, station relais et station itin\u00e9rante<\/li>\n<li>Augmente la distance op\u00e9rationnelle entre le drone et le contr\u00f4leur<\/li>\n<li>Bo\u00eetier robuste prot\u00e9g\u00e9 selon la norme IP67 pour une utilisation en ext\u00e9rieur<\/li>\n<li>Installation facile gr\u00e2ce aux antennes et aux c\u00e2bles fournis<\/li>\n<\/ul>","protected":false},"featured_media":17229,"template":"","meta":{"_acf_changed":false},"product_brand":[],"product_cat":[97,118,149,543,153,98,1583,1732,624,115],"product_tag":[],"class_list":{"0":"post-1129","1":"product","2":"type-product","3":"status-publish","4":"has-post-thumbnail","6":"product_cat-alle-producten","7":"product_cat-alle-rtk","8":"product_cat-dji-matrice-30","9":"product_cat-dji-matrice-30t","10":"product_cat-dji-matrice-350","11":"product_cat-dji-matrice-4","12":"product_cat-dji-matrice-400","13":"product_cat-dji-matrice-4d","14":"product_cat-enterprise-accessoires","15":"product_cat-inspecties-met-drones","16":"product_shipping_class-uavspacesall","17":"pa_brand-dji","18":"pa_producttype-rtk-station","19":"pa_series-d-rtk","21":"first","22":"instock","23":"taxable","24":"shipping-taxable","25":"purchasable","26":"product-type-simple"},"acf":[],"yoast_head":"<!-- This site is optimized with the Yoast SEO Premium plugin v27.2 (Yoast SEO v27.2) - https:\/\/yoast.com\/product\/yoast-seo-premium-wordpress\/ -->\n<title>D-RTK 3 Multifunctional Station - koningdrone.be<\/title>\n<meta name=\"robots\" content=\"index, follow, max-snippet:-1, max-image-preview:large, max-video-preview:-1\" \/>\n<link rel=\"canonical\" href=\"https:\/\/koningdrone.be\/fr\/produit\/d-rtk-3-multifunctional-station\/\" \/>\n<meta property=\"og:locale\" content=\"fr_FR\" \/>\n<meta property=\"og:type\" content=\"article\" \/>\n<meta property=\"og:title\" content=\"D-RTK 3 Multifunctional Station\" \/>\n<meta property=\"og:description\" content=\"Centimeter\u2011niveau positionering voor meerdere drones tegelijk  Ondersteunt base station, relay station en rover station modes  Verhoogt operationele afstand tussen drone en controller  Robuuste IP67\u2011beschermde behuizing voor buitengebruik  Eenvoudige set\u2011up met meegeleverde antennes en kabels\" \/>\n<meta property=\"og:url\" content=\"https:\/\/koningdrone.be\/fr\/produit\/d-rtk-3-multifunctional-station\/\" \/>\n<meta property=\"og:site_name\" content=\"koningdrone.be\" \/>\n<meta property=\"article:modified_time\" content=\"2026-04-29T01:31:06+00:00\" \/>\n<meta property=\"og:image\" content=\"https:\/\/koningdrone.be\/wp-content\/uploads\/sites\/13\/2026\/03\/Product-D-RTK-3-Multifunctional-Station.webp\" \/>\n\t<meta property=\"og:image:width\" content=\"2048\" \/>\n\t<meta property=\"og:image:height\" content=\"2048\" \/>\n\t<meta property=\"og:image:type\" content=\"image\/webp\" \/>\n<meta name=\"twitter:card\" content=\"summary_large_image\" \/>\n<meta name=\"twitter:label1\" content=\"Dur\u00e9e de lecture est.\" \/>\n\t<meta name=\"twitter:data1\" content=\"2 minutes\" \/>\n<script type=\"application\/ld+json\" class=\"yoast-schema-graph\">{\"@context\":\"https:\/\/schema.org\",\"@graph\":[{\"@type\":\"WebPage\",\"@id\":\"https:\/\/koningdrone.be\/product\/d-rtk-3-multifunctional-station\/\",\"url\":\"https:\/\/koningdrone.be\/product\/d-rtk-3-multifunctional-station\/\",\"name\":\"D-RTK 3 Multifunctional Station - koningdrone.be\",\"isPartOf\":{\"@id\":\"https:\/\/koningdrone.be\/#website\"},\"primaryImageOfPage\":{\"@id\":\"https:\/\/koningdrone.be\/product\/d-rtk-3-multifunctional-station\/#primaryimage\"},\"image\":{\"@id\":\"https:\/\/koningdrone.be\/product\/d-rtk-3-multifunctional-station\/#primaryimage\"},\"thumbnailUrl\":\"https:\/\/koningdrone.be\/wp-content\/uploads\/sites\/13\/2026\/03\/Product-D-RTK-3-Multifunctional-Station.webp\",\"datePublished\":\"2025-02-25T05:50:44+00:00\",\"dateModified\":\"2026-04-29T01:31:06+00:00\",\"breadcrumb\":{\"@id\":\"https:\/\/koningdrone.be\/product\/d-rtk-3-multifunctional-station\/#breadcrumb\"},\"inLanguage\":\"fr-BE\",\"potentialAction\":[{\"@type\":\"ReadAction\",\"target\":[\"https:\/\/koningdrone.be\/product\/d-rtk-3-multifunctional-station\/\"]}]},{\"@type\":\"ImageObject\",\"inLanguage\":\"fr-BE\",\"@id\":\"https:\/\/koningdrone.be\/product\/d-rtk-3-multifunctional-station\/#primaryimage\",\"url\":\"https:\/\/koningdrone.be\/wp-content\/uploads\/sites\/13\/2026\/03\/Product-D-RTK-3-Multifunctional-Station.webp\",\"contentUrl\":\"https:\/\/koningdrone.be\/wp-content\/uploads\/sites\/13\/2026\/03\/Product-D-RTK-3-Multifunctional-Station.webp\",\"width\":2048,\"height\":2048},{\"@type\":\"BreadcrumbList\",\"@id\":\"https:\/\/koningdrone.be\/product\/d-rtk-3-multifunctional-station\/#breadcrumb\",\"itemListElement\":[{\"@type\":\"ListItem\",\"position\":1,\"name\":\"Home\",\"item\":\"https:\/\/koningdrone.be\/\"},{\"@type\":\"ListItem\",\"position\":2,\"name\":\"AVSS Parachute Recovery System for DJI Matrice 300\/350\",\"item\":\"https:\/\/koningdrone.be\/product\/avss-parachute-recovery-system-for-dji-matrice-300-350\/\"},{\"@type\":\"ListItem\",\"position\":3,\"name\":\"Alle producten\",\"item\":\"https:\/\/koningdrone.be\/categorie\/alle-producten\/\"},{\"@type\":\"ListItem\",\"position\":4,\"name\":\"D-RTK 3 Multifunctional Station\"}]},{\"@type\":\"WebSite\",\"@id\":\"https:\/\/koningdrone.be\/#website\",\"url\":\"https:\/\/koningdrone.be\/\",\"name\":\"Koningdrone.be - Uw online specialist in drones, gimbals, camera's en power stations.\",\"description\":\"De webshop in drones en gimbals\",\"publisher\":{\"@id\":\"https:\/\/koningdrone.be\/#organization\"},\"potentialAction\":[{\"@type\":\"SearchAction\",\"target\":{\"@type\":\"EntryPoint\",\"urlTemplate\":\"https:\/\/koningdrone.be\/?s={search_term_string}\"},\"query-input\":{\"@type\":\"PropertyValueSpecification\",\"valueRequired\":true,\"valueName\":\"search_term_string\"}}],\"inLanguage\":\"fr-BE\"},{\"@type\":\"Organization\",\"@id\":\"https:\/\/koningdrone.be\/#organization\",\"name\":\"Koningdrone.be\",\"url\":\"https:\/\/koningdrone.be\/\",\"logo\":{\"@type\":\"ImageObject\",\"inLanguage\":\"fr-BE\",\"@id\":\"https:\/\/koningdrone.be\/#\/schema\/logo\/image\/\",\"url\":\"https:\/\/koningdrone.be\/wp-content\/uploads\/sites\/13\/2025\/04\/koningdrone-copyright-logo.svg\",\"contentUrl\":\"https:\/\/koningdrone.be\/wp-content\/uploads\/sites\/13\/2025\/04\/koningdrone-copyright-logo.svg\",\"width\":227,\"height\":38,\"caption\":\"Koningdrone.be\"},\"image\":{\"@id\":\"https:\/\/koningdrone.be\/#\/schema\/logo\/image\/\"}}]}<\/script>\n<!-- \/ Yoast SEO Premium plugin. -->","yoast_head_json":{"title":"D-RTK 3 Multifunctional Station - koningdrone.be","robots":{"index":"index","follow":"follow","max-snippet":"max-snippet:-1","max-image-preview":"max-image-preview:large","max-video-preview":"max-video-preview:-1"},"canonical":"https:\/\/koningdrone.be\/fr\/produit\/d-rtk-3-multifunctional-station\/","og_locale":"fr_FR","og_type":"article","og_title":"D-RTK 3 Multifunctional Station","og_description":"Centimeter\u2011niveau positionering voor meerdere drones tegelijk  Ondersteunt base station, relay station en rover station modes  Verhoogt operationele afstand tussen drone en controller  Robuuste IP67\u2011beschermde behuizing voor buitengebruik  Eenvoudige set\u2011up met meegeleverde antennes en kabels","og_url":"https:\/\/koningdrone.be\/fr\/produit\/d-rtk-3-multifunctional-station\/","og_site_name":"koningdrone.be","article_modified_time":"2026-04-29T01:31:06+00:00","og_image":[{"width":2048,"height":2048,"url":"https:\/\/koningdrone.be\/wp-content\/uploads\/sites\/13\/2026\/03\/Product-D-RTK-3-Multifunctional-Station.webp","type":"image\/webp"}],"twitter_card":"summary_large_image","twitter_misc":{"Dur\u00e9e de lecture est.":"2 minutes"},"schema":{"@context":"https:\/\/schema.org","@graph":[{"@type":"WebPage","@id":"https:\/\/koningdrone.be\/product\/d-rtk-3-multifunctional-station\/","url":"https:\/\/koningdrone.be\/product\/d-rtk-3-multifunctional-station\/","name":"D-RTK 3 Multifunctional Station - koningdrone.be","isPartOf":{"@id":"https:\/\/koningdrone.be\/#website"},"primaryImageOfPage":{"@id":"https:\/\/koningdrone.be\/product\/d-rtk-3-multifunctional-station\/#primaryimage"},"image":{"@id":"https:\/\/koningdrone.be\/product\/d-rtk-3-multifunctional-station\/#primaryimage"},"thumbnailUrl":"https:\/\/koningdrone.be\/wp-content\/uploads\/sites\/13\/2026\/03\/Product-D-RTK-3-Multifunctional-Station.webp","datePublished":"2025-02-25T05:50:44+00:00","dateModified":"2026-04-29T01:31:06+00:00","breadcrumb":{"@id":"https:\/\/koningdrone.be\/product\/d-rtk-3-multifunctional-station\/#breadcrumb"},"inLanguage":"fr-BE","potentialAction":[{"@type":"ReadAction","target":["https:\/\/koningdrone.be\/product\/d-rtk-3-multifunctional-station\/"]}]},{"@type":"ImageObject","inLanguage":"fr-BE","@id":"https:\/\/koningdrone.be\/product\/d-rtk-3-multifunctional-station\/#primaryimage","url":"https:\/\/koningdrone.be\/wp-content\/uploads\/sites\/13\/2026\/03\/Product-D-RTK-3-Multifunctional-Station.webp","contentUrl":"https:\/\/koningdrone.be\/wp-content\/uploads\/sites\/13\/2026\/03\/Product-D-RTK-3-Multifunctional-Station.webp","width":2048,"height":2048},{"@type":"BreadcrumbList","@id":"https:\/\/koningdrone.be\/product\/d-rtk-3-multifunctional-station\/#breadcrumb","itemListElement":[{"@type":"ListItem","position":1,"name":"Home","item":"https:\/\/koningdrone.be\/"},{"@type":"ListItem","position":2,"name":"AVSS Parachute Recovery System for DJI Matrice 300\/350","item":"https:\/\/koningdrone.be\/product\/avss-parachute-recovery-system-for-dji-matrice-300-350\/"},{"@type":"ListItem","position":3,"name":"Alle producten","item":"https:\/\/koningdrone.be\/categorie\/alle-producten\/"},{"@type":"ListItem","position":4,"name":"D-RTK 3 Multifunctional Station"}]},{"@type":"WebSite","@id":"https:\/\/koningdrone.be\/#website","url":"https:\/\/koningdrone.be\/","name":"Koningdrone.be - Votre sp\u00e9cialiste en ligne en mati\u00e8re de drones, de cardans, de cam\u00e9ras et de centrales \u00e9lectriques.","description":"La boutique en ligne de drones et de cardans","publisher":{"@id":"https:\/\/koningdrone.be\/#organization"},"potentialAction":[{"@type":"SearchAction","target":{"@type":"EntryPoint","urlTemplate":"https:\/\/koningdrone.be\/?s={search_term_string}"},"query-input":{"@type":"PropertyValueSpecification","valueRequired":true,"valueName":"search_term_string"}}],"inLanguage":"fr-BE"},{"@type":"Organization","@id":"https:\/\/koningdrone.be\/#organization","name":"Kingdrone.co.uk","url":"https:\/\/koningdrone.be\/","logo":{"@type":"ImageObject","inLanguage":"fr-BE","@id":"https:\/\/koningdrone.be\/#\/schema\/logo\/image\/","url":"https:\/\/koningdrone.be\/wp-content\/uploads\/sites\/13\/2025\/04\/koningdrone-copyright-logo.svg","contentUrl":"https:\/\/koningdrone.be\/wp-content\/uploads\/sites\/13\/2025\/04\/koningdrone-copyright-logo.svg","width":227,"height":38,"caption":"Koningdrone.be"},"image":{"@id":"https:\/\/koningdrone.be\/#\/schema\/logo\/image\/"}}]}},"df_price":1599,"df_sale_price":"","df_regular_price":1599,"df_image_link":"https:\/\/koningdrone.be\/wp-content\/uploads\/sites\/13\/2026\/03\/Product-D-RTK-3-Multifunctional-Station-300x300.webp","_links":{"self":[{"href":"https:\/\/koningdrone.be\/fr\/wp-json\/wp\/v2\/product\/1129","targetHints":{"allow":["GET"]}}],"collection":[{"href":"https:\/\/koningdrone.be\/fr\/wp-json\/wp\/v2\/product"}],"about":[{"href":"https:\/\/koningdrone.be\/fr\/wp-json\/wp\/v2\/types\/product"}],"wp:featuredmedia":[{"embeddable":true,"href":"https:\/\/koningdrone.be\/fr\/wp-json\/wp\/v2\/media\/17229"}],"wp:attachment":[{"href":"https:\/\/koningdrone.be\/fr\/wp-json\/wp\/v2\/media?parent=1129"}],"wp:term":[{"taxonomy":"product_brand","embeddable":true,"href":"https:\/\/koningdrone.be\/fr\/wp-json\/wp\/v2\/product_brand?post=1129"},{"taxonomy":"product_cat","embeddable":true,"href":"https:\/\/koningdrone.be\/fr\/wp-json\/wp\/v2\/product_cat?post=1129"},{"taxonomy":"product_tag","embeddable":true,"href":"https:\/\/koningdrone.be\/fr\/wp-json\/wp\/v2\/product_tag?post=1129"}],"curies":[{"name":"wp","href":"https:\/\/api.w.org\/{rel}","templated":true}]}}