{"id":1123,"date":"2025-02-25T06:50:44","date_gmt":"2025-02-25T05:50:44","guid":{"rendered":"https:\/\/koningdrone.nl\/kon\/product\/dji-matrice-4-series-battery\/"},"modified":"2026-04-29T03:50:21","modified_gmt":"2026-04-29T01:50:21","slug":"dji-matrice-4-series-battery","status":"publish","type":"product","link":"https:\/\/koningdrone.be\/fr\/produit\/dji-matrice-4-series-battery\/","title":{"rendered":"Batterie DJI Matrice 4 Series"},"content":{"rendered":"<h3>Batterie DJI Matrice 4 Series<\/h3>\n<p><iframe loading=\"lazy\" title=\"Le ROI des chargeurs rapides simultan\u00e9s pour les batteries DJI Matrice M4.\" width=\"800\" height=\"450\" src=\"https:\/\/www.youtube.com\/embed\/mxlszN5eA7w?feature=oembed&#038;enablejsapi=1&#038;origin=https:\/\/koningdrone.be\" frameborder=\"0\" allow=\"accelerometer; autoplay; clipboard-write; encrypted-media; gyroscope; picture-in-picture; web-share\" referrerpolicy=\"strict-origin-when-cross-origin\" allowfullscreen><\/iframe><\/p>\n<p style=\"margin-top: 20px\">Le <strong>Batterie DJI Matrice 4 Series<\/strong> est une batterie de vol intelligente d\u00e9velopp\u00e9e sp\u00e9cifiquement pour les drones d'entreprise de la s\u00e9rie DJI Matrice 4. Cette puissante batterie Li-ion fournit l'\u00e9nergie n\u00e9cessaire pour des missions de drones longues et fiables telles que la cartographie, les inspections et les op\u00e9rations de s\u00e9curit\u00e9 publique. Sa grande capacit\u00e9 et ses syst\u00e8mes avanc\u00e9s de gestion de l'\u00e9nergie permettent aux op\u00e9rateurs de rester en vol plus longtemps et de travailler plus efficacement pendant les op\u00e9rations critiques.<\/p>\n<p style=\"margin-bottom: 20px\">Avec une capacit\u00e9 \u00e9nerg\u00e9tique d'environ <strong>99 Wh<\/strong> cette batterie permet des dur\u00e9es de vol allant jusqu'\u00e0 environ <strong>49 minutes<\/strong>, en fonction des conditions de vol et de la charge utile. Il est ainsi possible d'inspecter ou de scanner des zones plus \u00e9tendues sans avoir \u00e0 changer fr\u00e9quemment de batterie.<\/p>\n<p><a href=\"https:\/\/koningdrone.nl\/wp-content\/uploads\/2025\/02\/DJI-Matrice-4-Series-Battery-Product.webp\"><img loading=\"lazy\" decoding=\"async\" class=\"alignnone size-full wp-image-467100\" src=\"https:\/\/koningdrone.nl\/wp-content\/uploads\/2025\/02\/DJI-Matrice-4-Series-Battery-Product.webp\" alt=\"DJI Matrice 4 Series Battery Product\" width=\"1200\" height=\"800\" \/><\/a><\/p>\n<h4>Performance et fonctionnalit\u00e9<\/h4>\n<p>La batterie de la s\u00e9rie 4 de Matrice est \u00e9quip\u00e9e d'un syst\u00e8me de contr\u00f4le de la qualit\u00e9. <strong>Capacit\u00e9 de 6741 mAh<\/strong> et un <strong>Structure d'une cellule Li-ion 4S<\/strong>, Le syst\u00e8me de gestion intelligent de la batterie surveille en permanence les param\u00e8tres cl\u00e9s tels que la tension, la temp\u00e9rature et l'\u00e9tat de charge pour garantir une s\u00e9curit\u00e9 et une efficacit\u00e9 maximales. Le syst\u00e8me intelligent de gestion de la batterie surveille en permanence les param\u00e8tres cl\u00e9s tels que la tension, la temp\u00e9rature et l'\u00e9tat de charge pour garantir une s\u00e9curit\u00e9 et une efficacit\u00e9 maximales.<\/p>\n<p>La batterie peut \u00eatre recharg\u00e9e efficacement par le biais de la fonction <strong>Concentrateur de charge DJI Matrice 4<\/strong>, permettant de charger plusieurs batteries de mani\u00e8re s\u00e9quentielle. Le taux de d\u00e9charge \u00e9lev\u00e9 et l'efficacit\u00e9 \u00e9nerg\u00e9tique optimale permettent au drone d'offrir de puissantes performances lors de longs vols d'inspection, de missions de cartographie et d'op\u00e9rations industrielles.<\/p>\n<h4>Qualit\u00e9 de construction et conception<\/h4>\n<p>Con\u00e7ue pour les op\u00e9rations de drones professionnels, la batterie est dot\u00e9e d'un bo\u00eetier robuste qui r\u00e9siste \u00e0 une utilisation intensive dans des environnements exigeants. La batterie de haute qualit\u00e9 <strong>Composition chimique de LiNiMnCoO2<\/strong> garantit des performances fiables et une longue dur\u00e9e de vie.<\/p>\n<p>Avec un poids d'environ <strong>401 grammes<\/strong> la batterie offre un excellent \u00e9quilibre entre capacit\u00e9 et poids, permettant au drone d'atteindre une dur\u00e9e de vol maximale sans charge suppl\u00e9mentaire. La batterie peut \u00eatre charg\u00e9e en toute s\u00e9curit\u00e9 \u00e0 des temp\u00e9ratures comprises entre <strong>5 \u00b0C et 40 \u00b0C<\/strong>, Il convient donc \u00e0 une grande vari\u00e9t\u00e9 de conditions op\u00e9rationnelles.<\/p>\n<p style=\"text-align: center\"><a href=\"https:\/\/koningdrone.nl\/wp-content\/uploads\/2025\/02\/Matrice-4-Series-Battery-DJI.webp\"><img loading=\"lazy\" decoding=\"async\" class=\"aligncenter wp-image-467096 size-medium\" src=\"https:\/\/koningdrone.nl\/wp-content\/uploads\/2025\/02\/Matrice-4-Series-Battery-DJI-300x300.webp\" alt=\"Matrice 4 Series Battery DJI\" width=\"300\" height=\"300\" \/><\/a><\/p>\n<h4>Pourquoi vous en avez besoin<\/h4>\n<p>Pour les op\u00e9rateurs de drones professionnels qui d\u00e9pendent de performances constantes, la batterie DJI Matrice 4 Series est un \u00e9l\u00e9ment essentiel de leur \u00e9quipement. La combinaison d'une longue dur\u00e9e de vol, d'une gestion intelligente de la batterie et d'une production d'\u00e9nergie fiable permet d'effectuer les missions plus efficacement. Que ce soit pour l'inspection d'infrastructures, l'arpentage ou les op\u00e9rations d'intervention d'urgence, cette batterie fournit la puissance n\u00e9cessaire pour mener \u00e0 bien n'importe quelle mission.<\/p>","protected":false},"excerpt":{"rendered":"<ul>\n<li>Capacit\u00e9 \u00e9lev\u00e9e de 99 Wh pour des vols de drones longs et fiables<\/li>\n<li>Dur\u00e9e de vol jusqu'\u00e0 49 minutes selon les conditions.<\/li>\n<li>Gestion intelligente de la batterie pour un contr\u00f4le s\u00fbr et efficace de l'\u00e9nergie<\/li>\n<li>Technologie de batterie Li-ion 4S aux performances stables<\/li>\n<li>Sp\u00e9cialement con\u00e7u pour les drones d'entreprise de la s\u00e9rie DJI Matrice 4<\/li>\n<\/ul>","protected":false},"featured_media":17008,"template":"","meta":{"_acf_changed":false},"product_brand":[],"product_cat":[98,1735],"product_tag":[],"class_list":{"0":"post-1123","1":"product","2":"type-product","3":"status-publish","4":"has-post-thumbnail","6":"product_cat-dji-matrice-4","7":"product_cat-dji-matrice-4-serie","8":"product_shipping_class-uavspacesshowall","9":"pa_brand-dji","10":"pa_producttype-batterij","11":"pa_series-matrice","13":"first","14":"instock","15":"taxable","16":"shipping-taxable","17":"purchasable","18":"product-type-simple"},"acf":[],"yoast_head":"<!-- This site is optimized with the Yoast SEO Premium plugin v27.2 (Yoast SEO v27.2) - https:\/\/yoast.com\/product\/yoast-seo-premium-wordpress\/ -->\n<title>DJI Matrice 4 Series Battery - koningdrone.be<\/title>\n<meta name=\"robots\" content=\"index, follow, max-snippet:-1, max-image-preview:large, max-video-preview:-1\" \/>\n<link rel=\"canonical\" href=\"https:\/\/koningdrone.be\/fr\/produit\/dji-matrice-4-series-battery\/\" \/>\n<meta property=\"og:locale\" content=\"fr_FR\" \/>\n<meta property=\"og:type\" content=\"article\" \/>\n<meta property=\"og:title\" content=\"DJI Matrice 4 Series Battery\" \/>\n<meta property=\"og:description\" content=\"Hoge capaciteit van 99 Wh voor lange en betrouwbare drone-vluchten  Ondersteunt tot ongeveer 49 minuten vliegtijd afhankelijk van omstandigheden  Intelligent batterijbeheer voor veilige en effici\u00ebnte energiecontrole  Li-ion 4S batterijtechnologie met stabiele prestaties  Speciaal ontworpen voor de DJI Matrice 4-serie enterprise drones\" \/>\n<meta property=\"og:url\" content=\"https:\/\/koningdrone.be\/fr\/produit\/dji-matrice-4-series-battery\/\" \/>\n<meta property=\"og:site_name\" content=\"koningdrone.be\" \/>\n<meta property=\"article:modified_time\" content=\"2026-04-29T01:50:21+00:00\" \/>\n<meta property=\"og:image\" content=\"https:\/\/koningdrone.be\/wp-content\/uploads\/sites\/13\/2026\/03\/DJI-Matrice-4-Series-Battery.webp\" \/>\n\t<meta property=\"og:image:width\" content=\"2048\" \/>\n\t<meta property=\"og:image:height\" content=\"2048\" \/>\n\t<meta property=\"og:image:type\" content=\"image\/webp\" \/>\n<meta name=\"twitter:card\" content=\"summary_large_image\" \/>\n<meta name=\"twitter:label1\" content=\"Dur\u00e9e de lecture est.\" \/>\n\t<meta name=\"twitter:data1\" content=\"2 minutes\" \/>\n<script type=\"application\/ld+json\" class=\"yoast-schema-graph\">{\"@context\":\"https:\/\/schema.org\",\"@graph\":[{\"@type\":\"WebPage\",\"@id\":\"https:\/\/koningdrone.be\/product\/dji-matrice-4-series-battery\/\",\"url\":\"https:\/\/koningdrone.be\/product\/dji-matrice-4-series-battery\/\",\"name\":\"DJI Matrice 4 Series Battery - koningdrone.be\",\"isPartOf\":{\"@id\":\"https:\/\/koningdrone.be\/#website\"},\"primaryImageOfPage\":{\"@id\":\"https:\/\/koningdrone.be\/product\/dji-matrice-4-series-battery\/#primaryimage\"},\"image\":{\"@id\":\"https:\/\/koningdrone.be\/product\/dji-matrice-4-series-battery\/#primaryimage\"},\"thumbnailUrl\":\"https:\/\/koningdrone.be\/wp-content\/uploads\/sites\/13\/2026\/03\/DJI-Matrice-4-Series-Battery.webp\",\"datePublished\":\"2025-02-25T05:50:44+00:00\",\"dateModified\":\"2026-04-29T01:50:21+00:00\",\"breadcrumb\":{\"@id\":\"https:\/\/koningdrone.be\/product\/dji-matrice-4-series-battery\/#breadcrumb\"},\"inLanguage\":\"fr-BE\",\"potentialAction\":[{\"@type\":\"ReadAction\",\"target\":[\"https:\/\/koningdrone.be\/product\/dji-matrice-4-series-battery\/\"]}]},{\"@type\":\"ImageObject\",\"inLanguage\":\"fr-BE\",\"@id\":\"https:\/\/koningdrone.be\/product\/dji-matrice-4-series-battery\/#primaryimage\",\"url\":\"https:\/\/koningdrone.be\/wp-content\/uploads\/sites\/13\/2026\/03\/DJI-Matrice-4-Series-Battery.webp\",\"contentUrl\":\"https:\/\/koningdrone.be\/wp-content\/uploads\/sites\/13\/2026\/03\/DJI-Matrice-4-Series-Battery.webp\",\"width\":2048,\"height\":2048},{\"@type\":\"BreadcrumbList\",\"@id\":\"https:\/\/koningdrone.be\/product\/dji-matrice-4-series-battery\/#breadcrumb\",\"itemListElement\":[{\"@type\":\"ListItem\",\"position\":1,\"name\":\"Home\",\"item\":\"https:\/\/koningdrone.be\/\"},{\"@type\":\"ListItem\",\"position\":2,\"name\":\"AVSS Parachute Recovery System for DJI Matrice 300\/350\",\"item\":\"https:\/\/koningdrone.be\/product\/avss-parachute-recovery-system-for-dji-matrice-300-350\/\"},{\"@type\":\"ListItem\",\"position\":3,\"name\":\"DJI Matrice 4\",\"item\":\"https:\/\/koningdrone.be\/categorie\/dji-matrice-4\/\"},{\"@type\":\"ListItem\",\"position\":4,\"name\":\"DJI Matrice 4 Series Battery\"}]},{\"@type\":\"WebSite\",\"@id\":\"https:\/\/koningdrone.be\/#website\",\"url\":\"https:\/\/koningdrone.be\/\",\"name\":\"Koningdrone.be - Uw online specialist in drones, gimbals, camera's en power stations.\",\"description\":\"De webshop in drones en gimbals\",\"publisher\":{\"@id\":\"https:\/\/koningdrone.be\/#organization\"},\"potentialAction\":[{\"@type\":\"SearchAction\",\"target\":{\"@type\":\"EntryPoint\",\"urlTemplate\":\"https:\/\/koningdrone.be\/?s={search_term_string}\"},\"query-input\":{\"@type\":\"PropertyValueSpecification\",\"valueRequired\":true,\"valueName\":\"search_term_string\"}}],\"inLanguage\":\"fr-BE\"},{\"@type\":\"Organization\",\"@id\":\"https:\/\/koningdrone.be\/#organization\",\"name\":\"Koningdrone.be\",\"url\":\"https:\/\/koningdrone.be\/\",\"logo\":{\"@type\":\"ImageObject\",\"inLanguage\":\"fr-BE\",\"@id\":\"https:\/\/koningdrone.be\/#\/schema\/logo\/image\/\",\"url\":\"https:\/\/koningdrone.be\/wp-content\/uploads\/sites\/13\/2025\/04\/koningdrone-copyright-logo.svg\",\"contentUrl\":\"https:\/\/koningdrone.be\/wp-content\/uploads\/sites\/13\/2025\/04\/koningdrone-copyright-logo.svg\",\"width\":227,\"height\":38,\"caption\":\"Koningdrone.be\"},\"image\":{\"@id\":\"https:\/\/koningdrone.be\/#\/schema\/logo\/image\/\"}}]}<\/script>\n<!-- \/ Yoast SEO Premium plugin. -->","yoast_head_json":{"title":"DJI Matrice 4 Series Battery - koningdrone.be","robots":{"index":"index","follow":"follow","max-snippet":"max-snippet:-1","max-image-preview":"max-image-preview:large","max-video-preview":"max-video-preview:-1"},"canonical":"https:\/\/koningdrone.be\/fr\/produit\/dji-matrice-4-series-battery\/","og_locale":"fr_FR","og_type":"article","og_title":"DJI Matrice 4 Series Battery","og_description":"Hoge capaciteit van 99 Wh voor lange en betrouwbare drone-vluchten  Ondersteunt tot ongeveer 49 minuten vliegtijd afhankelijk van omstandigheden  Intelligent batterijbeheer voor veilige en effici\u00ebnte energiecontrole  Li-ion 4S batterijtechnologie met stabiele prestaties  Speciaal ontworpen voor de DJI Matrice 4-serie enterprise drones","og_url":"https:\/\/koningdrone.be\/fr\/produit\/dji-matrice-4-series-battery\/","og_site_name":"koningdrone.be","article_modified_time":"2026-04-29T01:50:21+00:00","og_image":[{"width":2048,"height":2048,"url":"https:\/\/koningdrone.be\/wp-content\/uploads\/sites\/13\/2026\/03\/DJI-Matrice-4-Series-Battery.webp","type":"image\/webp"}],"twitter_card":"summary_large_image","twitter_misc":{"Dur\u00e9e de lecture est.":"2 minutes"},"schema":{"@context":"https:\/\/schema.org","@graph":[{"@type":"WebPage","@id":"https:\/\/koningdrone.be\/product\/dji-matrice-4-series-battery\/","url":"https:\/\/koningdrone.be\/product\/dji-matrice-4-series-battery\/","name":"DJI Matrice 4 Series Battery - koningdrone.be","isPartOf":{"@id":"https:\/\/koningdrone.be\/#website"},"primaryImageOfPage":{"@id":"https:\/\/koningdrone.be\/product\/dji-matrice-4-series-battery\/#primaryimage"},"image":{"@id":"https:\/\/koningdrone.be\/product\/dji-matrice-4-series-battery\/#primaryimage"},"thumbnailUrl":"https:\/\/koningdrone.be\/wp-content\/uploads\/sites\/13\/2026\/03\/DJI-Matrice-4-Series-Battery.webp","datePublished":"2025-02-25T05:50:44+00:00","dateModified":"2026-04-29T01:50:21+00:00","breadcrumb":{"@id":"https:\/\/koningdrone.be\/product\/dji-matrice-4-series-battery\/#breadcrumb"},"inLanguage":"fr-BE","potentialAction":[{"@type":"ReadAction","target":["https:\/\/koningdrone.be\/product\/dji-matrice-4-series-battery\/"]}]},{"@type":"ImageObject","inLanguage":"fr-BE","@id":"https:\/\/koningdrone.be\/product\/dji-matrice-4-series-battery\/#primaryimage","url":"https:\/\/koningdrone.be\/wp-content\/uploads\/sites\/13\/2026\/03\/DJI-Matrice-4-Series-Battery.webp","contentUrl":"https:\/\/koningdrone.be\/wp-content\/uploads\/sites\/13\/2026\/03\/DJI-Matrice-4-Series-Battery.webp","width":2048,"height":2048},{"@type":"BreadcrumbList","@id":"https:\/\/koningdrone.be\/product\/dji-matrice-4-series-battery\/#breadcrumb","itemListElement":[{"@type":"ListItem","position":1,"name":"Home","item":"https:\/\/koningdrone.be\/"},{"@type":"ListItem","position":2,"name":"AVSS Parachute Recovery System for DJI Matrice 300\/350","item":"https:\/\/koningdrone.be\/product\/avss-parachute-recovery-system-for-dji-matrice-300-350\/"},{"@type":"ListItem","position":3,"name":"DJI Matrice 4","item":"https:\/\/koningdrone.be\/categorie\/dji-matrice-4\/"},{"@type":"ListItem","position":4,"name":"DJI Matrice 4 Series Battery"}]},{"@type":"WebSite","@id":"https:\/\/koningdrone.be\/#website","url":"https:\/\/koningdrone.be\/","name":"Koningdrone.be - Votre sp\u00e9cialiste en ligne en mati\u00e8re de drones, de cardans, de cam\u00e9ras et de centrales \u00e9lectriques.","description":"La boutique en ligne de drones et de cardans","publisher":{"@id":"https:\/\/koningdrone.be\/#organization"},"potentialAction":[{"@type":"SearchAction","target":{"@type":"EntryPoint","urlTemplate":"https:\/\/koningdrone.be\/?s={search_term_string}"},"query-input":{"@type":"PropertyValueSpecification","valueRequired":true,"valueName":"search_term_string"}}],"inLanguage":"fr-BE"},{"@type":"Organization","@id":"https:\/\/koningdrone.be\/#organization","name":"Kingdrone.co.uk","url":"https:\/\/koningdrone.be\/","logo":{"@type":"ImageObject","inLanguage":"fr-BE","@id":"https:\/\/koningdrone.be\/#\/schema\/logo\/image\/","url":"https:\/\/koningdrone.be\/wp-content\/uploads\/sites\/13\/2025\/04\/koningdrone-copyright-logo.svg","contentUrl":"https:\/\/koningdrone.be\/wp-content\/uploads\/sites\/13\/2025\/04\/koningdrone-copyright-logo.svg","width":227,"height":38,"caption":"Koningdrone.be"},"image":{"@id":"https:\/\/koningdrone.be\/#\/schema\/logo\/image\/"}}]}},"df_price":189,"df_sale_price":"","df_regular_price":189,"df_image_link":"https:\/\/koningdrone.be\/wp-content\/uploads\/sites\/13\/2026\/03\/DJI-Matrice-4-Series-Battery-300x300.webp","_links":{"self":[{"href":"https:\/\/koningdrone.be\/fr\/wp-json\/wp\/v2\/product\/1123","targetHints":{"allow":["GET"]}}],"collection":[{"href":"https:\/\/koningdrone.be\/fr\/wp-json\/wp\/v2\/product"}],"about":[{"href":"https:\/\/koningdrone.be\/fr\/wp-json\/wp\/v2\/types\/product"}],"wp:featuredmedia":[{"embeddable":true,"href":"https:\/\/koningdrone.be\/fr\/wp-json\/wp\/v2\/media\/17008"}],"wp:attachment":[{"href":"https:\/\/koningdrone.be\/fr\/wp-json\/wp\/v2\/media?parent=1123"}],"wp:term":[{"taxonomy":"product_brand","embeddable":true,"href":"https:\/\/koningdrone.be\/fr\/wp-json\/wp\/v2\/product_brand?post=1123"},{"taxonomy":"product_cat","embeddable":true,"href":"https:\/\/koningdrone.be\/fr\/wp-json\/wp\/v2\/product_cat?post=1123"},{"taxonomy":"product_tag","embeddable":true,"href":"https:\/\/koningdrone.be\/fr\/wp-json\/wp\/v2\/product_tag?post=1123"}],"curies":[{"name":"wp","href":"https:\/\/api.w.org\/{rel}","templated":true}]}}