{"id":1117,"date":"2025-02-25T06:50:44","date_gmt":"2025-02-25T05:50:44","guid":{"rendered":"https:\/\/koningdrone.nl\/kon\/product\/dji-matrice-4-series-battery-charging-hub100w\/"},"modified":"2026-04-29T04:30:57","modified_gmt":"2026-04-29T02:30:57","slug":"dji-matrice-4-series-battery-charging-hub-200w","status":"publish","type":"product","link":"https:\/\/koningdrone.be\/fr\/produit\/dji-matrice-4-series-battery-charging-hub-200w\/","title":{"rendered":"DJI Matrice 4 series Charging Hub 200W"},"content":{"rendered":"<h3>DJI Matrice 4 series Charging Hub 200W<\/h3>\n<p><iframe loading=\"lazy\" title=\"Le ROI des chargeurs rapides simultan\u00e9s pour les batteries DJI Matrice M4.\" width=\"800\" height=\"450\" src=\"https:\/\/www.youtube.com\/embed\/mxlszN5eA7w?start=984&#038;feature=oembed&#038;enablejsapi=1&#038;origin=https:\/\/koningdrone.be\" frameborder=\"0\" allow=\"accelerometer; autoplay; clipboard-write; encrypted-media; gyroscope; picture-in-picture; web-share\" referrerpolicy=\"strict-origin-when-cross-origin\" allowfullscreen><\/iframe><\/p>\n<p style=\"margin-top: 20px\">Le <strong>DJI Matrice 4 Series Charging Hub (200W)<\/strong> est une solution de charge professionnelle con\u00e7ue sp\u00e9cifiquement pour les batteries de vol intelligentes de la s\u00e9rie DJI Matrice 4. Cette station de charge compacte et efficace permet de g\u00e9rer et de charger facilement plusieurs batteries, de sorte que les op\u00e9rateurs de drones passent moins de temps \u00e0 changer les batteries pendant les missions. Le syst\u00e8me est id\u00e9al pour les applications professionnelles telles que les inspections, la cartographie et la s\u00e9curit\u00e9 publique, o\u00f9 un d\u00e9ploiement rapide est essentiel.<\/p>\n<p style=\"margin-bottom: 20px\">Le concentrateur peut <strong>jusqu'\u00e0 trois batteries de vol intelligentes Matrice 4<\/strong> et les charge automatiquement <strong>s\u00e9quentiellement du niveau de charge le plus \u00e9lev\u00e9 au niveau le plus bas<\/strong>. Cela permet d'optimiser la distribution de l'\u00e9nergie disponible et de garder les batteries disponibles plus rapidement pour le vol suivant.<\/p>\n<p style=\"text-align: center\"><a href=\"https:\/\/koningdrone.nl\/wp-content\/uploads\/2025\/02\/DJI-Matrice-4-series-Charging-Hub-200W.webp\"><img loading=\"lazy\" decoding=\"async\" class=\"alignnone size-full wp-image-467142\" src=\"https:\/\/koningdrone.nl\/wp-content\/uploads\/2025\/02\/DJI-Matrice-4-series-Charging-Hub-200W.webp\" alt=\"DJI Matrice 4 series Charging Hub 200W\" width=\"1200\" height=\"800\" \/><\/a><\/p>\n<h4>Performance et fonctionnalit\u00e9<\/h4>\n<p>Le concentrateur de charge prend en charge deux modes de charge intelligents : <strong>Mode standard<\/strong> et <strong>Mode pr\u00eat \u00e0 voler<\/strong>. En mode standard, les piles sont compl\u00e8tement charg\u00e9es jusqu'\u00e0 ce que <strong>100%<\/strong>, afin qu'elles soient pr\u00eates pour une dur\u00e9e de vol maximale. Le mode pr\u00eat \u00e0 voler charge les batteries jusqu'\u00e0 <strong>\u00e0 propos de 90%<\/strong>, qui est id\u00e9al pour un d\u00e9ploiement rapide lorsque des drones sont n\u00e9cessaires imm\u00e9diatement pour des op\u00e9rations.<\/p>\n<p>Le centre travaille en collaboration avec l'Agence europ\u00e9enne pour la s\u00e9curit\u00e9 et la sant\u00e9 au travail (ESA). <strong>Chargeur portable DJI 240W<\/strong> ou <strong>DJI Power 1000<\/strong>, permettant un transfert d'\u00e9nergie puissant et efficace. Gr\u00e2ce \u00e0 une gestion intelligente de la charge, les batteries sont charg\u00e9es de mani\u00e8re s\u00fbre et efficace, tout en pr\u00e9servant leur dur\u00e9e de vie.<\/p>\n<h4>Qualit\u00e9 de construction et conception<\/h4>\n<p>Le DJI Matrice 4 Series Charging Hub a un design robuste et compact adapt\u00e9 \u00e0 une utilisation professionnelle sur le terrain. L'appareil est con\u00e7u avec des composants et des syst\u00e8mes de protection de haute qualit\u00e9 pour assurer un fonctionnement s\u00fbr lors d'une utilisation prolong\u00e9e.<\/p>\n<p>Le concentrateur prend en charge une large plage de temp\u00e9rature pour la charge et dispose d'une interface de batterie stable qui fournit une connexion fiable aux batteries Matrice 4. Gr\u00e2ce \u00e0 sa conception l\u00e9g\u00e8re et portable, les op\u00e9rateurs de drones peuvent facilement emporter la station de charge avec eux sur diff\u00e9rents lieux de travail.<\/p>\n<p style=\"text-align: center\"><a href=\"https:\/\/koningdrone.nl\/wp-content\/uploads\/2025\/02\/Product-DJI-Matrice-4-series-Charging-Hub-200W.webp\"><img loading=\"lazy\" decoding=\"async\" class=\"aligncenter wp-image-467140 size-medium\" src=\"https:\/\/koningdrone.nl\/wp-content\/uploads\/2025\/02\/Product-DJI-Matrice-4-series-Charging-Hub-200W-300x300.webp\" alt=\"Product DJI Matrice 4 series Charging Hub 200W\" width=\"300\" height=\"300\" \/><\/a><\/p>\n<h4>Pourquoi vous en avez besoin<\/h4>\n<p data-path-to-node=\"9\">Pour les professionnels du drone qui d\u00e9pendent d'op\u00e9rations de vol continues, le DJI Matrice 4 Series Charging Hub est un accessoire essentiel. En g\u00e9rant efficacement et en chargeant automatiquement plusieurs batteries, il r\u00e9duit les temps d'arr\u00eat et augmente la productivit\u00e9 pendant les missions. C'est la solution id\u00e9ale pour les op\u00e9rateurs qui souhaitent remettre leurs drones Matrice 4 en vol rapidement.<\/p>","protected":false},"excerpt":{"rendered":"<ul>\n<li>Chargez s\u00e9quentiellement jusqu'\u00e0 trois batteries de vol intelligentes DJI Matrice 4<\/li>\n<li>Prend en charge le mode standard (100%) et le mode pr\u00eat \u00e0 voler (90%).<\/li>\n<li>Puissance de charge de 200 W pour un transfert d'\u00e9nergie efficace<\/li>\n<li>Con\u00e7u pour une utilisation professionnelle avec les drones Matrice 4<\/li>\n<li>Conception compacte et portable pour une utilisation sur site<\/li>\n<\/ul>","protected":false},"featured_media":17013,"template":"","meta":{"_acf_changed":false},"product_brand":[],"product_cat":[98,1735],"product_tag":[],"class_list":{"0":"post-1117","1":"product","2":"type-product","3":"status-publish","4":"has-post-thumbnail","6":"product_cat-dji-matrice-4","7":"product_cat-dji-matrice-4-serie","8":"product_shipping_class-dronelandall","9":"pa_brand-dji","10":"pa_producttype-oplaadstation","11":"pa_series-matrice","13":"first","14":"instock","15":"taxable","16":"shipping-taxable","17":"purchasable","18":"product-type-simple"},"acf":[],"yoast_head":"<!-- This site is optimized with the Yoast SEO Premium plugin v27.2 (Yoast SEO v27.2) - https:\/\/yoast.com\/product\/yoast-seo-premium-wordpress\/ -->\n<title>DJI Matrice 4 series Charging Hub 200W - koningdrone.be<\/title>\n<meta name=\"robots\" content=\"index, follow, max-snippet:-1, max-image-preview:large, max-video-preview:-1\" \/>\n<link rel=\"canonical\" href=\"https:\/\/koningdrone.be\/fr\/produit\/dji-matrice-4-series-battery-charging-hub-200w\/\" \/>\n<meta property=\"og:locale\" content=\"fr_FR\" \/>\n<meta property=\"og:type\" content=\"article\" \/>\n<meta property=\"og:title\" content=\"DJI Matrice 4 series Charging Hub 200W\" \/>\n<meta property=\"og:description\" content=\"Laad tot drie DJI Matrice 4 Intelligent Flight Batteries sequentieel op  Ondersteunt Standard Mode (100%) en Ready-to-Fly Mode (90%)  200W laadvermogen voor effici\u00ebnte energieoverdracht  Ontworpen voor professioneel gebruik met Matrice 4 drones  Compact en draagbaar ontwerp voor gebruik op locatie\" \/>\n<meta property=\"og:url\" content=\"https:\/\/koningdrone.be\/fr\/produit\/dji-matrice-4-series-battery-charging-hub-200w\/\" \/>\n<meta property=\"og:site_name\" content=\"koningdrone.be\" \/>\n<meta property=\"article:modified_time\" content=\"2026-04-29T02:30:57+00:00\" \/>\n<meta property=\"og:image\" content=\"https:\/\/koningdrone.be\/wp-content\/uploads\/sites\/13\/2026\/03\/DJI-Matrice-4-series-Charging-Hub-200W-Product.webp\" \/>\n\t<meta property=\"og:image:width\" content=\"2048\" \/>\n\t<meta property=\"og:image:height\" content=\"2048\" \/>\n\t<meta property=\"og:image:type\" content=\"image\/webp\" \/>\n<meta name=\"twitter:card\" content=\"summary_large_image\" \/>\n<meta name=\"twitter:label1\" content=\"Dur\u00e9e de lecture est.\" \/>\n\t<meta name=\"twitter:data1\" content=\"2 minutes\" \/>\n<script type=\"application\/ld+json\" class=\"yoast-schema-graph\">{\"@context\":\"https:\/\/schema.org\",\"@graph\":[{\"@type\":\"WebPage\",\"@id\":\"https:\/\/koningdrone.be\/product\/dji-matrice-4-series-battery-charging-hub-200w\/\",\"url\":\"https:\/\/koningdrone.be\/product\/dji-matrice-4-series-battery-charging-hub-200w\/\",\"name\":\"DJI Matrice 4 series Charging Hub 200W - koningdrone.be\",\"isPartOf\":{\"@id\":\"https:\/\/koningdrone.be\/#website\"},\"primaryImageOfPage\":{\"@id\":\"https:\/\/koningdrone.be\/product\/dji-matrice-4-series-battery-charging-hub-200w\/#primaryimage\"},\"image\":{\"@id\":\"https:\/\/koningdrone.be\/product\/dji-matrice-4-series-battery-charging-hub-200w\/#primaryimage\"},\"thumbnailUrl\":\"https:\/\/koningdrone.be\/wp-content\/uploads\/sites\/13\/2026\/03\/DJI-Matrice-4-series-Charging-Hub-200W-Product.webp\",\"datePublished\":\"2025-02-25T05:50:44+00:00\",\"dateModified\":\"2026-04-29T02:30:57+00:00\",\"breadcrumb\":{\"@id\":\"https:\/\/koningdrone.be\/product\/dji-matrice-4-series-battery-charging-hub-200w\/#breadcrumb\"},\"inLanguage\":\"fr-BE\",\"potentialAction\":[{\"@type\":\"ReadAction\",\"target\":[\"https:\/\/koningdrone.be\/product\/dji-matrice-4-series-battery-charging-hub-200w\/\"]}]},{\"@type\":\"ImageObject\",\"inLanguage\":\"fr-BE\",\"@id\":\"https:\/\/koningdrone.be\/product\/dji-matrice-4-series-battery-charging-hub-200w\/#primaryimage\",\"url\":\"https:\/\/koningdrone.be\/wp-content\/uploads\/sites\/13\/2026\/03\/DJI-Matrice-4-series-Charging-Hub-200W-Product.webp\",\"contentUrl\":\"https:\/\/koningdrone.be\/wp-content\/uploads\/sites\/13\/2026\/03\/DJI-Matrice-4-series-Charging-Hub-200W-Product.webp\",\"width\":2048,\"height\":2048},{\"@type\":\"BreadcrumbList\",\"@id\":\"https:\/\/koningdrone.be\/product\/dji-matrice-4-series-battery-charging-hub-200w\/#breadcrumb\",\"itemListElement\":[{\"@type\":\"ListItem\",\"position\":1,\"name\":\"Home\",\"item\":\"https:\/\/koningdrone.be\/\"},{\"@type\":\"ListItem\",\"position\":2,\"name\":\"AVSS Parachute Recovery System for DJI Matrice 300\/350\",\"item\":\"https:\/\/koningdrone.be\/product\/avss-parachute-recovery-system-for-dji-matrice-300-350\/\"},{\"@type\":\"ListItem\",\"position\":3,\"name\":\"DJI Matrice 4\",\"item\":\"https:\/\/koningdrone.be\/categorie\/dji-matrice-4\/\"},{\"@type\":\"ListItem\",\"position\":4,\"name\":\"DJI Matrice 4 series Charging Hub 200W\"}]},{\"@type\":\"WebSite\",\"@id\":\"https:\/\/koningdrone.be\/#website\",\"url\":\"https:\/\/koningdrone.be\/\",\"name\":\"Koningdrone.be - Uw online specialist in drones, gimbals, camera's en power stations.\",\"description\":\"De webshop in drones en gimbals\",\"publisher\":{\"@id\":\"https:\/\/koningdrone.be\/#organization\"},\"potentialAction\":[{\"@type\":\"SearchAction\",\"target\":{\"@type\":\"EntryPoint\",\"urlTemplate\":\"https:\/\/koningdrone.be\/?s={search_term_string}\"},\"query-input\":{\"@type\":\"PropertyValueSpecification\",\"valueRequired\":true,\"valueName\":\"search_term_string\"}}],\"inLanguage\":\"fr-BE\"},{\"@type\":\"Organization\",\"@id\":\"https:\/\/koningdrone.be\/#organization\",\"name\":\"Koningdrone.be\",\"url\":\"https:\/\/koningdrone.be\/\",\"logo\":{\"@type\":\"ImageObject\",\"inLanguage\":\"fr-BE\",\"@id\":\"https:\/\/koningdrone.be\/#\/schema\/logo\/image\/\",\"url\":\"https:\/\/koningdrone.be\/wp-content\/uploads\/sites\/13\/2025\/04\/koningdrone-copyright-logo.svg\",\"contentUrl\":\"https:\/\/koningdrone.be\/wp-content\/uploads\/sites\/13\/2025\/04\/koningdrone-copyright-logo.svg\",\"width\":227,\"height\":38,\"caption\":\"Koningdrone.be\"},\"image\":{\"@id\":\"https:\/\/koningdrone.be\/#\/schema\/logo\/image\/\"}}]}<\/script>\n<!-- \/ Yoast SEO Premium plugin. -->","yoast_head_json":{"title":"DJI Matrice 4 series Charging Hub 200W - koningdrone.be","robots":{"index":"index","follow":"follow","max-snippet":"max-snippet:-1","max-image-preview":"max-image-preview:large","max-video-preview":"max-video-preview:-1"},"canonical":"https:\/\/koningdrone.be\/fr\/produit\/dji-matrice-4-series-battery-charging-hub-200w\/","og_locale":"fr_FR","og_type":"article","og_title":"DJI Matrice 4 series Charging Hub 200W","og_description":"Laad tot drie DJI Matrice 4 Intelligent Flight Batteries sequentieel op  Ondersteunt Standard Mode (100%) en Ready-to-Fly Mode (90%)  200W laadvermogen voor effici\u00ebnte energieoverdracht  Ontworpen voor professioneel gebruik met Matrice 4 drones  Compact en draagbaar ontwerp voor gebruik op locatie","og_url":"https:\/\/koningdrone.be\/fr\/produit\/dji-matrice-4-series-battery-charging-hub-200w\/","og_site_name":"koningdrone.be","article_modified_time":"2026-04-29T02:30:57+00:00","og_image":[{"width":2048,"height":2048,"url":"https:\/\/koningdrone.be\/wp-content\/uploads\/sites\/13\/2026\/03\/DJI-Matrice-4-series-Charging-Hub-200W-Product.webp","type":"image\/webp"}],"twitter_card":"summary_large_image","twitter_misc":{"Dur\u00e9e de lecture est.":"2 minutes"},"schema":{"@context":"https:\/\/schema.org","@graph":[{"@type":"WebPage","@id":"https:\/\/koningdrone.be\/product\/dji-matrice-4-series-battery-charging-hub-200w\/","url":"https:\/\/koningdrone.be\/product\/dji-matrice-4-series-battery-charging-hub-200w\/","name":"DJI Matrice 4 series Charging Hub 200W - koningdrone.be","isPartOf":{"@id":"https:\/\/koningdrone.be\/#website"},"primaryImageOfPage":{"@id":"https:\/\/koningdrone.be\/product\/dji-matrice-4-series-battery-charging-hub-200w\/#primaryimage"},"image":{"@id":"https:\/\/koningdrone.be\/product\/dji-matrice-4-series-battery-charging-hub-200w\/#primaryimage"},"thumbnailUrl":"https:\/\/koningdrone.be\/wp-content\/uploads\/sites\/13\/2026\/03\/DJI-Matrice-4-series-Charging-Hub-200W-Product.webp","datePublished":"2025-02-25T05:50:44+00:00","dateModified":"2026-04-29T02:30:57+00:00","breadcrumb":{"@id":"https:\/\/koningdrone.be\/product\/dji-matrice-4-series-battery-charging-hub-200w\/#breadcrumb"},"inLanguage":"fr-BE","potentialAction":[{"@type":"ReadAction","target":["https:\/\/koningdrone.be\/product\/dji-matrice-4-series-battery-charging-hub-200w\/"]}]},{"@type":"ImageObject","inLanguage":"fr-BE","@id":"https:\/\/koningdrone.be\/product\/dji-matrice-4-series-battery-charging-hub-200w\/#primaryimage","url":"https:\/\/koningdrone.be\/wp-content\/uploads\/sites\/13\/2026\/03\/DJI-Matrice-4-series-Charging-Hub-200W-Product.webp","contentUrl":"https:\/\/koningdrone.be\/wp-content\/uploads\/sites\/13\/2026\/03\/DJI-Matrice-4-series-Charging-Hub-200W-Product.webp","width":2048,"height":2048},{"@type":"BreadcrumbList","@id":"https:\/\/koningdrone.be\/product\/dji-matrice-4-series-battery-charging-hub-200w\/#breadcrumb","itemListElement":[{"@type":"ListItem","position":1,"name":"Home","item":"https:\/\/koningdrone.be\/"},{"@type":"ListItem","position":2,"name":"AVSS Parachute Recovery System for DJI Matrice 300\/350","item":"https:\/\/koningdrone.be\/product\/avss-parachute-recovery-system-for-dji-matrice-300-350\/"},{"@type":"ListItem","position":3,"name":"DJI Matrice 4","item":"https:\/\/koningdrone.be\/categorie\/dji-matrice-4\/"},{"@type":"ListItem","position":4,"name":"DJI Matrice 4 series Charging Hub 200W"}]},{"@type":"WebSite","@id":"https:\/\/koningdrone.be\/#website","url":"https:\/\/koningdrone.be\/","name":"Koningdrone.be - Votre sp\u00e9cialiste en ligne en mati\u00e8re de drones, de cardans, de cam\u00e9ras et de centrales \u00e9lectriques.","description":"La boutique en ligne de drones et de cardans","publisher":{"@id":"https:\/\/koningdrone.be\/#organization"},"potentialAction":[{"@type":"SearchAction","target":{"@type":"EntryPoint","urlTemplate":"https:\/\/koningdrone.be\/?s={search_term_string}"},"query-input":{"@type":"PropertyValueSpecification","valueRequired":true,"valueName":"search_term_string"}}],"inLanguage":"fr-BE"},{"@type":"Organization","@id":"https:\/\/koningdrone.be\/#organization","name":"Kingdrone.co.uk","url":"https:\/\/koningdrone.be\/","logo":{"@type":"ImageObject","inLanguage":"fr-BE","@id":"https:\/\/koningdrone.be\/#\/schema\/logo\/image\/","url":"https:\/\/koningdrone.be\/wp-content\/uploads\/sites\/13\/2025\/04\/koningdrone-copyright-logo.svg","contentUrl":"https:\/\/koningdrone.be\/wp-content\/uploads\/sites\/13\/2025\/04\/koningdrone-copyright-logo.svg","width":227,"height":38,"caption":"Koningdrone.be"},"image":{"@id":"https:\/\/koningdrone.be\/#\/schema\/logo\/image\/"}}]}},"df_price":101,"df_sale_price":"","df_regular_price":101,"df_image_link":"https:\/\/koningdrone.be\/wp-content\/uploads\/sites\/13\/2026\/03\/DJI-Matrice-4-series-Charging-Hub-200W-Product-300x300.webp","_links":{"self":[{"href":"https:\/\/koningdrone.be\/fr\/wp-json\/wp\/v2\/product\/1117","targetHints":{"allow":["GET"]}}],"collection":[{"href":"https:\/\/koningdrone.be\/fr\/wp-json\/wp\/v2\/product"}],"about":[{"href":"https:\/\/koningdrone.be\/fr\/wp-json\/wp\/v2\/types\/product"}],"wp:featuredmedia":[{"embeddable":true,"href":"https:\/\/koningdrone.be\/fr\/wp-json\/wp\/v2\/media\/17013"}],"wp:attachment":[{"href":"https:\/\/koningdrone.be\/fr\/wp-json\/wp\/v2\/media?parent=1117"}],"wp:term":[{"taxonomy":"product_brand","embeddable":true,"href":"https:\/\/koningdrone.be\/fr\/wp-json\/wp\/v2\/product_brand?post=1117"},{"taxonomy":"product_cat","embeddable":true,"href":"https:\/\/koningdrone.be\/fr\/wp-json\/wp\/v2\/product_cat?post=1117"},{"taxonomy":"product_tag","embeddable":true,"href":"https:\/\/koningdrone.be\/fr\/wp-json\/wp\/v2\/product_tag?post=1117"}],"curies":[{"name":"wp","href":"https:\/\/api.w.org\/{rel}","templated":true}]}}