{"id":10838,"date":"2025-06-10T14:22:50","date_gmt":"2025-06-10T12:22:50","guid":{"rendered":"https:\/\/koningdrone.be\/product\/anker-solix-compleet-balkonsysteem-2x-rs40b-paneel-410w-micro-omvormer-600w-800w-balkonbeugels\/"},"modified":"2025-08-20T16:18:24","modified_gmt":"2025-08-20T14:18:24","slug":"anker-solix-compleet-balkonsysteem-2x-rs40b-paneel-410w-micro-omvormer-600w-800w-balkonbeugels","status":"publish","type":"product","link":"https:\/\/koningdrone.be\/fr\/produit\/anker-solix-compleet-balkonsysteem-2x-rs40b-paneel-410w-micro-omvormer-600w-800w-balkonbeugels\/","title":{"rendered":"Ancre SOLIX Syst\u00e8me complet pour balcon (2\u00d7 panneau RS40B 410W, micro-onduleur 600W\/800W, supports de balcon)"},"content":{"rendered":"<p><strong>Installation simple<\/strong><\/p>\n<p>Conception durable et robuste<\/p>\n<p>Stockage intelligent de l'\u00e9nergie<\/p>\n<p>Int\u00e9gration des applications<\/p>\n<p>Conception esth\u00e9tique<\/p>\n<p>Efficacit\u00e9 \u00e9nerg\u00e9tique \u00e9lev\u00e9e<\/p>\n<p>L'Anker SOLIX RS40B offre une solution solaire pratique pour les balcons, id\u00e9ale pour les environnements urbains o\u00f9 l'espace est limit\u00e9. Le syst\u00e8me est facile \u00e0 installer et durable, avec une application qui aide \u00e0 surveiller la performance \u00e9nerg\u00e9tique. Malgr\u00e9 sa d\u00e9pendance aux technologies modernes, il offre des performances fiables et efficaces, ce qui en fait un compl\u00e9ment pr\u00e9cieux pour la production d'\u00e9nergie verte.<\/p>\n<p><strong>Connectivit\u00e9<\/strong> Wi-Fi (2,4 GHz) WAP2<\/p>\n<p><strong>Efficacit\u00e9<\/strong> 0.23<\/p>\n<p><strong>Technologie photovolta\u00efque<\/strong> Panneau solaire PERC<\/p>\n<p><strong>Performance<\/strong> 410W (chacun)<\/p>\n<p><strong>Micro-onduleur<\/strong> 600\/800W<\/p>\n<p><strong>Contenu de l'emballage<\/strong><\/p>\n<ul>\n<li>2x 410W Panneau solaire<\/li>\n<li>1x Micro-onduleur 600 W (extensible jusqu'\u00e0 800 W)<\/li>\n<li>1x 5m c\u00e2ble de chargement<\/li>\n<li>4x Supports de balcon<\/li>\n<li>1x Jeu d'outils<\/li>\n<li>1x Manuel d'utilisation en ligne<\/li>\n<li>1x Fiche de donn\u00e9es de s\u00e9curit\u00e9<\/li>\n<\/ul>","protected":false},"excerpt":{"rendered":"<ul>\n<li><strong>Installation simple<\/strong>Le syst\u00e8me est con\u00e7u pour une installation facile, id\u00e9ale pour les environnements urbains.<\/li>\n<li><strong>Conception durable et robuste<\/strong>Anker SOLIX RS40B : La SOLIX RS40B d'Anker est con\u00e7ue pour durer et r\u00e9sister \u00e0 une grande vari\u00e9t\u00e9 de conditions m\u00e9t\u00e9orologiques.<\/li>\n<li><strong>Stockage intelligent de l'\u00e9nergie<\/strong>Les applications : Suivez votre consommation d'\u00e9nergie et votre performance gr\u00e2ce \u00e0 l'int\u00e9gration d'une application pratique.<\/li>\n<li><strong>Int\u00e9gration des applications<\/strong>L'application permet de surveiller votre performance \u00e9nerg\u00e9tique, contribuant ainsi \u00e0 une gestion plus efficace de l'\u00e9nergie.<\/li>\n<li><strong>Conception esth\u00e9tique<\/strong>Le design moderne des panneaux solaires s'int\u00e8gre parfaitement \u00e0 votre balcon ou \u00e0 votre espace ext\u00e9rieur.<\/li>\n<li><strong>Efficacit\u00e9 \u00e9nerg\u00e9tique \u00e9lev\u00e9e<\/strong>Avec un rendement de 23%, vous tirez le meilleur parti de votre syst\u00e8me de panneaux solaires, m\u00eame lorsque les conditions m\u00e9t\u00e9orologiques ne sont pas id\u00e9ales.<\/li>\n<\/ul>\n<p>L'Anker SOLIX RS40B offre une solution solaire pratique pour les balcons, id\u00e9ale pour les environnements urbains o\u00f9 l'espace est limit\u00e9. Le syst\u00e8me est facile \u00e0 installer et durable, avec une application qui aide \u00e0 surveiller la performance \u00e9nerg\u00e9tique. Malgr\u00e9 sa d\u00e9pendance aux technologies modernes, il offre des performances fiables et efficaces, ce qui en fait un compl\u00e9ment pr\u00e9cieux pour la production d'\u00e9nergie verte.<\/p>\n<p><strong>Connectivit\u00e9<\/strong>Wifi (2,4 GHz) WAP2<\/p>\n<p><strong>Efficacit\u00e9<\/strong>: 0.23<\/p>\n<p><strong>Technologie photovolta\u00efque<\/strong>Panneau solaire PERC<\/p>\n<p><strong>Performance<\/strong>410W (chacun)<\/p>\n<p><strong>Micro-onduleur<\/strong>: 600\/800W<\/p>\n<p><strong>Contenu de l'emballage<\/strong><\/p>\n<ul>\n<li>2x 410W Panneau solaire<\/li>\n<li>1x Micro-onduleur 600 W (extensible jusqu'\u00e0 800 W)<\/li>\n<li>1x 5m c\u00e2ble de chargement<\/li>\n<li>4x Supports de balcon<\/li>\n<li>1x Jeu d'outils<\/li>\n<li>1x Manuel d'utilisation en ligne<\/li>\n<li>1x Fiche de donn\u00e9es de s\u00e9curit\u00e9<\/li>\n<\/ul>","protected":false},"featured_media":0,"template":"","meta":{"_acf_changed":false},"product_brand":[],"product_cat":[58],"product_tag":[],"class_list":{"0":"post-10838","1":"product","2":"type-product","3":"status-publish","5":"product_cat-uncategorized","7":"first","8":"instock","9":"product-type-simple"},"acf":[],"yoast_head":"<!-- This site is optimized with the Yoast SEO Premium plugin v27.2 (Yoast SEO v27.2) - https:\/\/yoast.com\/product\/yoast-seo-premium-wordpress\/ -->\n<title>Anker SOLIX Compleet Balkonsysteem (2\u00d7 RS40B paneel 410W, micro-omvormer 600W\/800W, balkonbeugels) - koningdrone.be<\/title>\n<meta name=\"robots\" content=\"index, follow, max-snippet:-1, max-image-preview:large, max-video-preview:-1\" \/>\n<link rel=\"canonical\" href=\"https:\/\/koningdrone.be\/fr\/produit\/anker-solix-compleet-balkonsysteem-2x-rs40b-paneel-410w-micro-omvormer-600w-800w-balkonbeugels\/\" \/>\n<meta property=\"og:locale\" content=\"fr_FR\" \/>\n<meta property=\"og:type\" content=\"article\" \/>\n<meta property=\"og:title\" content=\"Anker SOLIX Compleet Balkonsysteem (2\u00d7 RS40B paneel 410W, micro-omvormer 600W\/800W, balkonbeugels)\" \/>\n<meta property=\"og:description\" content=\"Eenvoudige installatie: Het systeem is ontworpen voor eenvoudige installatie, ideaal voor stedelijke omgevingen.  Duurzaam en robuust ontwerp: De Anker SOLIX RS40B is gebouwd om lang mee te gaan en bestand tegen verschillende weersomstandigheden.  Slimme energieopslag: Houd je energieverbruik en prestaties bij via een handige app-integratie.  App-integratie: De app helpt je energieprestaties te monitoren, wat bijdraagt aan effici\u00ebnter energiebeheer.  Esthetisch design: Het moderne ontwerp van de zonnepanelen voegt zich naadloos in je balkon of buitenruimte.  Hoge energie-effici\u00ebntie: Met een effici\u00ebntie van 23% haal je het meeste uit je zonnepaneelsysteem, zelfs bij minder ideale weersomstandigheden.  De Anker SOLIX RS40B biedt een praktische oplossing voor zonne-energie op balkons, ideaal voor stedelijke omgevingen met beperkte ruimte. Het systeem is makkelijk te installeren en duurzaam, met een app die helpt bij het monitoren van energieprestaties. Ondanks de afhankelijkheid van moderne technologie, levert het betrouwbare en effectieve prestaties, waardoor het een waardevolle toevoeging is voor het opwekken van groene energie. Connectiviteit: Wifi (2,4 GHz) WAP2 Effici\u00ebntie: 0.23 PV-technologie: PERC-zonnepaneel Prestatie: 410W (elk) Micro-omvormer: 600\/800W Verpakkingsinhoud  2x 410W Zonnepaneel  1x 600 W Micro-omvormer (uitbreidbaar tot 800 W)  1x 5m Oplaadkabel  4x Balkonbeugels  1x Gereedschapset  1x Online gebruiksaanwijzing  1x Veiligheidsinformatieblad\" \/>\n<meta property=\"og:url\" content=\"https:\/\/koningdrone.be\/fr\/produit\/anker-solix-compleet-balkonsysteem-2x-rs40b-paneel-410w-micro-omvormer-600w-800w-balkonbeugels\/\" \/>\n<meta property=\"og:site_name\" content=\"koningdrone.be\" \/>\n<meta property=\"article:modified_time\" content=\"2025-08-20T14:18:24+00:00\" \/>\n<meta name=\"twitter:card\" content=\"summary_large_image\" \/>\n<meta name=\"twitter:label1\" content=\"Dur\u00e9e de lecture est.\" \/>\n\t<meta name=\"twitter:data1\" content=\"1 minute\" \/>\n<script type=\"application\/ld+json\" class=\"yoast-schema-graph\">{\"@context\":\"https:\/\/schema.org\",\"@graph\":[{\"@type\":\"WebPage\",\"@id\":\"https:\/\/koningdrone.be\/product\/anker-solix-compleet-balkonsysteem-2x-rs40b-paneel-410w-micro-omvormer-600w-800w-balkonbeugels\/\",\"url\":\"https:\/\/koningdrone.be\/product\/anker-solix-compleet-balkonsysteem-2x-rs40b-paneel-410w-micro-omvormer-600w-800w-balkonbeugels\/\",\"name\":\"Anker SOLIX Compleet Balkonsysteem (2\u00d7 RS40B paneel 410W, micro-omvormer 600W\/800W, balkonbeugels) - koningdrone.be\",\"isPartOf\":{\"@id\":\"https:\/\/koningdrone.be\/#website\"},\"datePublished\":\"2025-06-10T12:22:50+00:00\",\"dateModified\":\"2025-08-20T14:18:24+00:00\",\"breadcrumb\":{\"@id\":\"https:\/\/koningdrone.be\/product\/anker-solix-compleet-balkonsysteem-2x-rs40b-paneel-410w-micro-omvormer-600w-800w-balkonbeugels\/#breadcrumb\"},\"inLanguage\":\"fr-BE\",\"potentialAction\":[{\"@type\":\"ReadAction\",\"target\":[\"https:\/\/koningdrone.be\/product\/anker-solix-compleet-balkonsysteem-2x-rs40b-paneel-410w-micro-omvormer-600w-800w-balkonbeugels\/\"]}]},{\"@type\":\"BreadcrumbList\",\"@id\":\"https:\/\/koningdrone.be\/product\/anker-solix-compleet-balkonsysteem-2x-rs40b-paneel-410w-micro-omvormer-600w-800w-balkonbeugels\/#breadcrumb\",\"itemListElement\":[{\"@type\":\"ListItem\",\"position\":1,\"name\":\"Home\",\"item\":\"https:\/\/koningdrone.be\/\"},{\"@type\":\"ListItem\",\"position\":2,\"name\":\"AVSS Parachute Recovery System for DJI Matrice 300\/350\",\"item\":\"https:\/\/koningdrone.be\/product\/avss-parachute-recovery-system-for-dji-matrice-300-350\/\"},{\"@type\":\"ListItem\",\"position\":3,\"name\":\"Uncategorized\",\"item\":\"https:\/\/koningdrone.be\/categorie\/uncategorized\/\"},{\"@type\":\"ListItem\",\"position\":4,\"name\":\"Anker SOLIX Compleet Balkonsysteem (2\u00d7 RS40B paneel 410W, micro-omvormer 600W\/800W, balkonbeugels)\"}]},{\"@type\":\"WebSite\",\"@id\":\"https:\/\/koningdrone.be\/#website\",\"url\":\"https:\/\/koningdrone.be\/\",\"name\":\"Koningdrone.be - Uw online specialist in drones, gimbals, camera's en power stations.\",\"description\":\"De webshop in drones en gimbals\",\"publisher\":{\"@id\":\"https:\/\/koningdrone.be\/#organization\"},\"potentialAction\":[{\"@type\":\"SearchAction\",\"target\":{\"@type\":\"EntryPoint\",\"urlTemplate\":\"https:\/\/koningdrone.be\/?s={search_term_string}\"},\"query-input\":{\"@type\":\"PropertyValueSpecification\",\"valueRequired\":true,\"valueName\":\"search_term_string\"}}],\"inLanguage\":\"fr-BE\"},{\"@type\":\"Organization\",\"@id\":\"https:\/\/koningdrone.be\/#organization\",\"name\":\"Koningdrone.be\",\"url\":\"https:\/\/koningdrone.be\/\",\"logo\":{\"@type\":\"ImageObject\",\"inLanguage\":\"fr-BE\",\"@id\":\"https:\/\/koningdrone.be\/#\/schema\/logo\/image\/\",\"url\":\"https:\/\/koningdrone.be\/wp-content\/uploads\/sites\/13\/2025\/04\/koningdrone-copyright-logo.svg\",\"contentUrl\":\"https:\/\/koningdrone.be\/wp-content\/uploads\/sites\/13\/2025\/04\/koningdrone-copyright-logo.svg\",\"width\":227,\"height\":38,\"caption\":\"Koningdrone.be\"},\"image\":{\"@id\":\"https:\/\/koningdrone.be\/#\/schema\/logo\/image\/\"}}]}<\/script>\n<!-- \/ Yoast SEO Premium plugin. -->","yoast_head_json":{"title":"Anker SOLIX Compleet Balkonsysteem (2\u00d7 RS40B paneel 410W, micro-omvormer 600W\/800W, balkonbeugels) - koningdrone.be","robots":{"index":"index","follow":"follow","max-snippet":"max-snippet:-1","max-image-preview":"max-image-preview:large","max-video-preview":"max-video-preview:-1"},"canonical":"https:\/\/koningdrone.be\/fr\/produit\/anker-solix-compleet-balkonsysteem-2x-rs40b-paneel-410w-micro-omvormer-600w-800w-balkonbeugels\/","og_locale":"fr_FR","og_type":"article","og_title":"Anker SOLIX Compleet Balkonsysteem (2\u00d7 RS40B paneel 410W, micro-omvormer 600W\/800W, balkonbeugels)","og_description":"Eenvoudige installatie: Het systeem is ontworpen voor eenvoudige installatie, ideaal voor stedelijke omgevingen.  Duurzaam en robuust ontwerp: De Anker SOLIX RS40B is gebouwd om lang mee te gaan en bestand tegen verschillende weersomstandigheden.  Slimme energieopslag: Houd je energieverbruik en prestaties bij via een handige app-integratie.  App-integratie: De app helpt je energieprestaties te monitoren, wat bijdraagt aan effici\u00ebnter energiebeheer.  Esthetisch design: Het moderne ontwerp van de zonnepanelen voegt zich naadloos in je balkon of buitenruimte.  Hoge energie-effici\u00ebntie: Met een effici\u00ebntie van 23% haal je het meeste uit je zonnepaneelsysteem, zelfs bij minder ideale weersomstandigheden.  De Anker SOLIX RS40B biedt een praktische oplossing voor zonne-energie op balkons, ideaal voor stedelijke omgevingen met beperkte ruimte. Het systeem is makkelijk te installeren en duurzaam, met een app die helpt bij het monitoren van energieprestaties. Ondanks de afhankelijkheid van moderne technologie, levert het betrouwbare en effectieve prestaties, waardoor het een waardevolle toevoeging is voor het opwekken van groene energie. Connectiviteit: Wifi (2,4 GHz) WAP2 Effici\u00ebntie: 0.23 PV-technologie: PERC-zonnepaneel Prestatie: 410W (elk) Micro-omvormer: 600\/800W Verpakkingsinhoud  2x 410W Zonnepaneel  1x 600 W Micro-omvormer (uitbreidbaar tot 800 W)  1x 5m Oplaadkabel  4x Balkonbeugels  1x Gereedschapset  1x Online gebruiksaanwijzing  1x Veiligheidsinformatieblad","og_url":"https:\/\/koningdrone.be\/fr\/produit\/anker-solix-compleet-balkonsysteem-2x-rs40b-paneel-410w-micro-omvormer-600w-800w-balkonbeugels\/","og_site_name":"koningdrone.be","article_modified_time":"2025-08-20T14:18:24+00:00","twitter_card":"summary_large_image","twitter_misc":{"Dur\u00e9e de lecture est.":"1 minute"},"schema":{"@context":"https:\/\/schema.org","@graph":[{"@type":"WebPage","@id":"https:\/\/koningdrone.be\/product\/anker-solix-compleet-balkonsysteem-2x-rs40b-paneel-410w-micro-omvormer-600w-800w-balkonbeugels\/","url":"https:\/\/koningdrone.be\/product\/anker-solix-compleet-balkonsysteem-2x-rs40b-paneel-410w-micro-omvormer-600w-800w-balkonbeugels\/","name":"Anker SOLIX Compleet Balkonsysteem (2\u00d7 RS40B paneel 410W, micro-omvormer 600W\/800W, balkonbeugels) - koningdrone.be","isPartOf":{"@id":"https:\/\/koningdrone.be\/#website"},"datePublished":"2025-06-10T12:22:50+00:00","dateModified":"2025-08-20T14:18:24+00:00","breadcrumb":{"@id":"https:\/\/koningdrone.be\/product\/anker-solix-compleet-balkonsysteem-2x-rs40b-paneel-410w-micro-omvormer-600w-800w-balkonbeugels\/#breadcrumb"},"inLanguage":"fr-BE","potentialAction":[{"@type":"ReadAction","target":["https:\/\/koningdrone.be\/product\/anker-solix-compleet-balkonsysteem-2x-rs40b-paneel-410w-micro-omvormer-600w-800w-balkonbeugels\/"]}]},{"@type":"BreadcrumbList","@id":"https:\/\/koningdrone.be\/product\/anker-solix-compleet-balkonsysteem-2x-rs40b-paneel-410w-micro-omvormer-600w-800w-balkonbeugels\/#breadcrumb","itemListElement":[{"@type":"ListItem","position":1,"name":"Home","item":"https:\/\/koningdrone.be\/"},{"@type":"ListItem","position":2,"name":"AVSS Parachute Recovery System for DJI Matrice 300\/350","item":"https:\/\/koningdrone.be\/product\/avss-parachute-recovery-system-for-dji-matrice-300-350\/"},{"@type":"ListItem","position":3,"name":"Uncategorized","item":"https:\/\/koningdrone.be\/categorie\/uncategorized\/"},{"@type":"ListItem","position":4,"name":"Anker SOLIX Compleet Balkonsysteem (2\u00d7 RS40B paneel 410W, micro-omvormer 600W\/800W, balkonbeugels)"}]},{"@type":"WebSite","@id":"https:\/\/koningdrone.be\/#website","url":"https:\/\/koningdrone.be\/","name":"Koningdrone.be - Votre sp\u00e9cialiste en ligne en mati\u00e8re de drones, de cardans, de cam\u00e9ras et de centrales \u00e9lectriques.","description":"La boutique en ligne de drones et de cardans","publisher":{"@id":"https:\/\/koningdrone.be\/#organization"},"potentialAction":[{"@type":"SearchAction","target":{"@type":"EntryPoint","urlTemplate":"https:\/\/koningdrone.be\/?s={search_term_string}"},"query-input":{"@type":"PropertyValueSpecification","valueRequired":true,"valueName":"search_term_string"}}],"inLanguage":"fr-BE"},{"@type":"Organization","@id":"https:\/\/koningdrone.be\/#organization","name":"Kingdrone.co.uk","url":"https:\/\/koningdrone.be\/","logo":{"@type":"ImageObject","inLanguage":"fr-BE","@id":"https:\/\/koningdrone.be\/#\/schema\/logo\/image\/","url":"https:\/\/koningdrone.be\/wp-content\/uploads\/sites\/13\/2025\/04\/koningdrone-copyright-logo.svg","contentUrl":"https:\/\/koningdrone.be\/wp-content\/uploads\/sites\/13\/2025\/04\/koningdrone-copyright-logo.svg","width":227,"height":38,"caption":"Koningdrone.be"},"image":{"@id":"https:\/\/koningdrone.be\/#\/schema\/logo\/image\/"}}]}},"df_price":"","df_sale_price":"","df_regular_price":"","df_image_link":"https:\/\/koningdrone.be\/wp-content\/uploads\/sites\/13\/woocommerce-placeholder-300x300.png","_links":{"self":[{"href":"https:\/\/koningdrone.be\/fr\/wp-json\/wp\/v2\/product\/10838","targetHints":{"allow":["GET"]}}],"collection":[{"href":"https:\/\/koningdrone.be\/fr\/wp-json\/wp\/v2\/product"}],"about":[{"href":"https:\/\/koningdrone.be\/fr\/wp-json\/wp\/v2\/types\/product"}],"wp:attachment":[{"href":"https:\/\/koningdrone.be\/fr\/wp-json\/wp\/v2\/media?parent=10838"}],"wp:term":[{"taxonomy":"product_brand","embeddable":true,"href":"https:\/\/koningdrone.be\/fr\/wp-json\/wp\/v2\/product_brand?post=10838"},{"taxonomy":"product_cat","embeddable":true,"href":"https:\/\/koningdrone.be\/fr\/wp-json\/wp\/v2\/product_cat?post=10838"},{"taxonomy":"product_tag","embeddable":true,"href":"https:\/\/koningdrone.be\/fr\/wp-json\/wp\/v2\/product_tag?post=10838"}],"curies":[{"name":"wp","href":"https:\/\/api.w.org\/{rel}","templated":true}]}}