{"id":10826,"date":"2025-06-10T14:22:50","date_gmt":"2025-06-10T12:22:50","guid":{"rendered":"https:\/\/koningdrone.be\/product\/anker-solix-solarbank-2-e1600-pro\/"},"modified":"2026-04-30T06:50:54","modified_gmt":"2026-04-30T04:50:54","slug":"anker-solix-solarbank-2-e1600-pro","status":"publish","type":"product","link":"https:\/\/koningdrone.be\/fr\/produit\/anker-solix-solarbank-2-e1600-pro\/","title":{"rendered":"Anker SOLIX Solarbank 2 E1600 PRO"},"content":{"rendered":"<p>Le Solarbank 2 E1600 Pro de SOLIX est une station d'\u00e9nergie de balcon innovante qui fournit une alimentation en \u00e9nergie durable et puissante et convient pour une puissance solaire allant jusqu'\u00e0 2400 watts. En cas de pr\u00e9commande avant le 17.06.2024, vous recevrez un compteur intelligent gratuit.<\/p>\n<p>&nbsp;<\/p>\n<p><strong>Caract\u00e9ristiques principales<\/strong><\/p>\n<p>La banque d'\u00e9nergie dispose de 4 syst\u00e8mes MPPT pour une efficacit\u00e9 solaire optimale, d'une batterie de 1600 Wh avec une puissance de r\u00e9seau de 800 W, une dur\u00e9e de vie de 6000 cycles de charge et un stockage extensible jusqu'\u00e0 9,6 kWh.<\/p>\n<p>&nbsp;<\/p>\n<p><strong>Conception et installation<\/strong><\/p>\n<p>Installation facile gr\u00e2ce \u00e0 l'onduleur int\u00e9gr\u00e9, \u00e9tanche \u00e0 la poussi\u00e8re et \u00e0 l'eau (IP65) avec une temp\u00e9rature de fonctionnement de -20 \u00e0 50 \u00b0C, et bo\u00eetier en aluminium robuste.<\/p>\n<p>&nbsp;<\/p>\n<p><strong>Dur\u00e9e de vie<\/strong><\/p>\n<p>Fonctionnement \u00e0 long terme gr\u00e2ce aux \u00e9l\u00e9ments de batterie LFP d'une dur\u00e9e de 15 ans et \u00e0 la garantie de 10 ans.<\/p>\n<p>&nbsp;<\/p>\n<p><strong>Contr\u00f4le de l'\u00e9nergie en temps r\u00e9el<\/strong><\/p>\n<p>Suivez votre consommation d'\u00e9nergie en direct gr\u00e2ce au compteur intelligent Anker SOLIG qui r\u00e9gule l'alimentation \u00e9lectrique en 3 secondes.<\/p>\n<p>&nbsp;<\/p>\n<p><strong>Sp\u00e9cifications techniques<\/strong><\/p>\n<p>Type de batterie : LiFePO4, Plage de tension par entr\u00e9e : 16-60 V, Plage de temp\u00e9rature de charge : -20\u00b0C \u00e0 +55\u00b0C, Dimensions : 460 x 249 x 254 mm, Poids : 21,8 kg.<\/p>\n<p>&nbsp;<\/p>","protected":false},"excerpt":{"rendered":"<ul>\n<li>Station d'\u00e9nergie de balcon innovante avec une capacit\u00e9 solaire de 2400W<\/li>\n<li>4 Syst\u00e8mes MPPT pour un rendement solaire optimal<\/li>\n<li>Batterie de 1600 Wh avec une puissance de r\u00e9seau de 800 W et un stockage extensible jusqu'\u00e0 9,6 kWh<\/li>\n<li>Dur\u00e9e de vie de 6000 cycles de charge et de 15 ans pour les cellules de batterie LFP<\/li>\n<li>Conception \u00e9tanche \u00e0 la poussi\u00e8re et \u00e0 l'eau (IP65) avec une temp\u00e9rature de fonctionnement de -20\u00b0C \u00e0 50\u00b0C<\/li>\n<li>Onduleur int\u00e9gr\u00e9 pour une installation facile<\/li>\n<li>Garantie de 10 ans pour un fonctionnement \u00e0 long terme<\/li>\n<li>Contr\u00f4le de la consommation d'\u00e9nergie en temps r\u00e9el via le compteur intelligent Anker SOLIG<\/li>\n<li>Caract\u00e9ristiques techniques : Type de batterie LiFePO4, plage de tension de 16 \u00e0 60 V, temp\u00e9rature de charge de -20\u00b0C \u00e0 +55\u00b0C, dimensions de 460 x 249 x 254 mm, poids 21,8 kg.<\/li>\n<\/ul>","protected":false},"featured_media":10825,"template":"","meta":{"_acf_changed":false},"product_brand":[],"product_cat":[58],"product_tag":[],"class_list":{"0":"post-10826","1":"product","2":"type-product","3":"status-publish","4":"has-post-thumbnail","6":"product_cat-uncategorized","7":"product_shipping_class-outofstock","9":"first","10":"outofstock","11":"taxable","12":"shipping-taxable","13":"product-type-simple"},"acf":[],"yoast_head":"<!-- This site is optimized with the Yoast SEO Premium plugin v27.2 (Yoast SEO v27.2) - https:\/\/yoast.com\/product\/yoast-seo-premium-wordpress\/ -->\n<title>Anker SOLIX Solarbank 2 E1600 PRO - koningdrone.be<\/title>\n<meta name=\"robots\" content=\"index, follow, max-snippet:-1, max-image-preview:large, max-video-preview:-1\" \/>\n<link rel=\"canonical\" href=\"https:\/\/koningdrone.be\/fr\/produit\/anker-solix-solarbank-2-e1600-pro\/\" \/>\n<meta property=\"og:locale\" content=\"fr_FR\" \/>\n<meta property=\"og:type\" content=\"article\" \/>\n<meta property=\"og:title\" content=\"Anker SOLIX Solarbank 2 E1600 PRO\" \/>\n<meta property=\"og:description\" content=\"Innovatief balkonenergiestation met 2400W zonne-energiecapaciteit  4 MPPT-systemen voor optimaal zonnerendement  1600 Wh accu met netwerkuitvoer van 800 W en uitbreidbare opslag tot 9,6 kWh  Levensduur van 6000 oplaadcycli en LFP accucellen voor 15 jaar  Stof- en waterdicht ontwerp (IP65) met werktemperatuur van -20\u00b0C tot 50\u00b0C  Ge\u00efntegreerde omvormer voor eenvoudige installatie  10 jaar garantie voor langdurige werking  Realtime energieverbruikmonitoring via de Anker SOLIG smart meter  Technische specificaties: LiFePO4 batterijtype, spanningsbereik van 16-60 V, oplaadtemperatuur van -20\u00b0C tot +55\u00b0C, afmetingen van 460 x 249 x 254 mm, gewicht 21.8 kg\" \/>\n<meta property=\"og:url\" content=\"https:\/\/koningdrone.be\/fr\/produit\/anker-solix-solarbank-2-e1600-pro\/\" \/>\n<meta property=\"og:site_name\" content=\"koningdrone.be\" \/>\n<meta property=\"article:modified_time\" content=\"2026-04-30T04:50:54+00:00\" \/>\n<meta property=\"og:image\" content=\"https:\/\/koningdrone.be\/wp-content\/uploads\/sites\/13\/2025\/06\/ANKER_SOL2_PRO_01.jpg\" \/>\n\t<meta property=\"og:image:width\" content=\"300\" \/>\n\t<meta property=\"og:image:height\" content=\"300\" \/>\n\t<meta property=\"og:image:type\" content=\"image\/jpeg\" \/>\n<meta name=\"twitter:card\" content=\"summary_large_image\" \/>\n<meta name=\"twitter:label1\" content=\"Dur\u00e9e de lecture est.\" \/>\n\t<meta name=\"twitter:data1\" content=\"1 minute\" \/>\n<script type=\"application\/ld+json\" class=\"yoast-schema-graph\">{\"@context\":\"https:\/\/schema.org\",\"@graph\":[{\"@type\":\"WebPage\",\"@id\":\"https:\/\/koningdrone.be\/product\/anker-solix-solarbank-2-e1600-pro\/\",\"url\":\"https:\/\/koningdrone.be\/product\/anker-solix-solarbank-2-e1600-pro\/\",\"name\":\"Anker SOLIX Solarbank 2 E1600 PRO - koningdrone.be\",\"isPartOf\":{\"@id\":\"https:\/\/koningdrone.be\/#website\"},\"primaryImageOfPage\":{\"@id\":\"https:\/\/koningdrone.be\/product\/anker-solix-solarbank-2-e1600-pro\/#primaryimage\"},\"image\":{\"@id\":\"https:\/\/koningdrone.be\/product\/anker-solix-solarbank-2-e1600-pro\/#primaryimage\"},\"thumbnailUrl\":\"https:\/\/koningdrone.be\/wp-content\/uploads\/sites\/13\/2025\/06\/ANKER_SOL2_PRO_01.jpg\",\"datePublished\":\"2025-06-10T12:22:50+00:00\",\"dateModified\":\"2026-04-30T04:50:54+00:00\",\"breadcrumb\":{\"@id\":\"https:\/\/koningdrone.be\/product\/anker-solix-solarbank-2-e1600-pro\/#breadcrumb\"},\"inLanguage\":\"fr-BE\",\"potentialAction\":[{\"@type\":\"ReadAction\",\"target\":[\"https:\/\/koningdrone.be\/product\/anker-solix-solarbank-2-e1600-pro\/\"]}]},{\"@type\":\"ImageObject\",\"inLanguage\":\"fr-BE\",\"@id\":\"https:\/\/koningdrone.be\/product\/anker-solix-solarbank-2-e1600-pro\/#primaryimage\",\"url\":\"https:\/\/koningdrone.be\/wp-content\/uploads\/sites\/13\/2025\/06\/ANKER_SOL2_PRO_01.jpg\",\"contentUrl\":\"https:\/\/koningdrone.be\/wp-content\/uploads\/sites\/13\/2025\/06\/ANKER_SOL2_PRO_01.jpg\",\"width\":300,\"height\":300},{\"@type\":\"BreadcrumbList\",\"@id\":\"https:\/\/koningdrone.be\/product\/anker-solix-solarbank-2-e1600-pro\/#breadcrumb\",\"itemListElement\":[{\"@type\":\"ListItem\",\"position\":1,\"name\":\"Home\",\"item\":\"https:\/\/koningdrone.be\/\"},{\"@type\":\"ListItem\",\"position\":2,\"name\":\"AVSS Parachute Recovery System for DJI Matrice 300\/350\",\"item\":\"https:\/\/koningdrone.be\/product\/avss-parachute-recovery-system-for-dji-matrice-300-350\/\"},{\"@type\":\"ListItem\",\"position\":3,\"name\":\"Uncategorized\",\"item\":\"https:\/\/koningdrone.be\/categorie\/uncategorized\/\"},{\"@type\":\"ListItem\",\"position\":4,\"name\":\"Anker SOLIX Solarbank 2 E1600 PRO\"}]},{\"@type\":\"WebSite\",\"@id\":\"https:\/\/koningdrone.be\/#website\",\"url\":\"https:\/\/koningdrone.be\/\",\"name\":\"Koningdrone.be - Uw online specialist in drones, gimbals, camera's en power stations.\",\"description\":\"De webshop in drones en gimbals\",\"publisher\":{\"@id\":\"https:\/\/koningdrone.be\/#organization\"},\"potentialAction\":[{\"@type\":\"SearchAction\",\"target\":{\"@type\":\"EntryPoint\",\"urlTemplate\":\"https:\/\/koningdrone.be\/?s={search_term_string}\"},\"query-input\":{\"@type\":\"PropertyValueSpecification\",\"valueRequired\":true,\"valueName\":\"search_term_string\"}}],\"inLanguage\":\"fr-BE\"},{\"@type\":\"Organization\",\"@id\":\"https:\/\/koningdrone.be\/#organization\",\"name\":\"Koningdrone.be\",\"url\":\"https:\/\/koningdrone.be\/\",\"logo\":{\"@type\":\"ImageObject\",\"inLanguage\":\"fr-BE\",\"@id\":\"https:\/\/koningdrone.be\/#\/schema\/logo\/image\/\",\"url\":\"https:\/\/koningdrone.be\/wp-content\/uploads\/sites\/13\/2025\/04\/koningdrone-copyright-logo.svg\",\"contentUrl\":\"https:\/\/koningdrone.be\/wp-content\/uploads\/sites\/13\/2025\/04\/koningdrone-copyright-logo.svg\",\"width\":227,\"height\":38,\"caption\":\"Koningdrone.be\"},\"image\":{\"@id\":\"https:\/\/koningdrone.be\/#\/schema\/logo\/image\/\"}}]}<\/script>\n<!-- \/ Yoast SEO Premium plugin. -->","yoast_head_json":{"title":"Anker SOLIX Solarbank 2 E1600 PRO - koningdrone.be","robots":{"index":"index","follow":"follow","max-snippet":"max-snippet:-1","max-image-preview":"max-image-preview:large","max-video-preview":"max-video-preview:-1"},"canonical":"https:\/\/koningdrone.be\/fr\/produit\/anker-solix-solarbank-2-e1600-pro\/","og_locale":"fr_FR","og_type":"article","og_title":"Anker SOLIX Solarbank 2 E1600 PRO","og_description":"Innovatief balkonenergiestation met 2400W zonne-energiecapaciteit  4 MPPT-systemen voor optimaal zonnerendement  1600 Wh accu met netwerkuitvoer van 800 W en uitbreidbare opslag tot 9,6 kWh  Levensduur van 6000 oplaadcycli en LFP accucellen voor 15 jaar  Stof- en waterdicht ontwerp (IP65) met werktemperatuur van -20\u00b0C tot 50\u00b0C  Ge\u00efntegreerde omvormer voor eenvoudige installatie  10 jaar garantie voor langdurige werking  Realtime energieverbruikmonitoring via de Anker SOLIG smart meter  Technische specificaties: LiFePO4 batterijtype, spanningsbereik van 16-60 V, oplaadtemperatuur van -20\u00b0C tot +55\u00b0C, afmetingen van 460 x 249 x 254 mm, gewicht 21.8 kg","og_url":"https:\/\/koningdrone.be\/fr\/produit\/anker-solix-solarbank-2-e1600-pro\/","og_site_name":"koningdrone.be","article_modified_time":"2026-04-30T04:50:54+00:00","og_image":[{"width":300,"height":300,"url":"https:\/\/koningdrone.be\/wp-content\/uploads\/sites\/13\/2025\/06\/ANKER_SOL2_PRO_01.jpg","type":"image\/jpeg"}],"twitter_card":"summary_large_image","twitter_misc":{"Dur\u00e9e de lecture est.":"1 minute"},"schema":{"@context":"https:\/\/schema.org","@graph":[{"@type":"WebPage","@id":"https:\/\/koningdrone.be\/product\/anker-solix-solarbank-2-e1600-pro\/","url":"https:\/\/koningdrone.be\/product\/anker-solix-solarbank-2-e1600-pro\/","name":"Anker SOLIX Solarbank 2 E1600 PRO - koningdrone.be","isPartOf":{"@id":"https:\/\/koningdrone.be\/#website"},"primaryImageOfPage":{"@id":"https:\/\/koningdrone.be\/product\/anker-solix-solarbank-2-e1600-pro\/#primaryimage"},"image":{"@id":"https:\/\/koningdrone.be\/product\/anker-solix-solarbank-2-e1600-pro\/#primaryimage"},"thumbnailUrl":"https:\/\/koningdrone.be\/wp-content\/uploads\/sites\/13\/2025\/06\/ANKER_SOL2_PRO_01.jpg","datePublished":"2025-06-10T12:22:50+00:00","dateModified":"2026-04-30T04:50:54+00:00","breadcrumb":{"@id":"https:\/\/koningdrone.be\/product\/anker-solix-solarbank-2-e1600-pro\/#breadcrumb"},"inLanguage":"fr-BE","potentialAction":[{"@type":"ReadAction","target":["https:\/\/koningdrone.be\/product\/anker-solix-solarbank-2-e1600-pro\/"]}]},{"@type":"ImageObject","inLanguage":"fr-BE","@id":"https:\/\/koningdrone.be\/product\/anker-solix-solarbank-2-e1600-pro\/#primaryimage","url":"https:\/\/koningdrone.be\/wp-content\/uploads\/sites\/13\/2025\/06\/ANKER_SOL2_PRO_01.jpg","contentUrl":"https:\/\/koningdrone.be\/wp-content\/uploads\/sites\/13\/2025\/06\/ANKER_SOL2_PRO_01.jpg","width":300,"height":300},{"@type":"BreadcrumbList","@id":"https:\/\/koningdrone.be\/product\/anker-solix-solarbank-2-e1600-pro\/#breadcrumb","itemListElement":[{"@type":"ListItem","position":1,"name":"Home","item":"https:\/\/koningdrone.be\/"},{"@type":"ListItem","position":2,"name":"AVSS Parachute Recovery System for DJI Matrice 300\/350","item":"https:\/\/koningdrone.be\/product\/avss-parachute-recovery-system-for-dji-matrice-300-350\/"},{"@type":"ListItem","position":3,"name":"Uncategorized","item":"https:\/\/koningdrone.be\/categorie\/uncategorized\/"},{"@type":"ListItem","position":4,"name":"Anker SOLIX Solarbank 2 E1600 PRO"}]},{"@type":"WebSite","@id":"https:\/\/koningdrone.be\/#website","url":"https:\/\/koningdrone.be\/","name":"Koningdrone.be - Votre sp\u00e9cialiste en ligne en mati\u00e8re de drones, de cardans, de cam\u00e9ras et de centrales \u00e9lectriques.","description":"La boutique en ligne de drones et de cardans","publisher":{"@id":"https:\/\/koningdrone.be\/#organization"},"potentialAction":[{"@type":"SearchAction","target":{"@type":"EntryPoint","urlTemplate":"https:\/\/koningdrone.be\/?s={search_term_string}"},"query-input":{"@type":"PropertyValueSpecification","valueRequired":true,"valueName":"search_term_string"}}],"inLanguage":"fr-BE"},{"@type":"Organization","@id":"https:\/\/koningdrone.be\/#organization","name":"Kingdrone.co.uk","url":"https:\/\/koningdrone.be\/","logo":{"@type":"ImageObject","inLanguage":"fr-BE","@id":"https:\/\/koningdrone.be\/#\/schema\/logo\/image\/","url":"https:\/\/koningdrone.be\/wp-content\/uploads\/sites\/13\/2025\/04\/koningdrone-copyright-logo.svg","contentUrl":"https:\/\/koningdrone.be\/wp-content\/uploads\/sites\/13\/2025\/04\/koningdrone-copyright-logo.svg","width":227,"height":38,"caption":"Koningdrone.be"},"image":{"@id":"https:\/\/koningdrone.be\/#\/schema\/logo\/image\/"}}]}},"df_price":"","df_sale_price":"","df_regular_price":"","df_image_link":"https:\/\/koningdrone.be\/wp-content\/uploads\/sites\/13\/2025\/06\/ANKER_SOL2_PRO_01.jpg","_links":{"self":[{"href":"https:\/\/koningdrone.be\/fr\/wp-json\/wp\/v2\/product\/10826","targetHints":{"allow":["GET"]}}],"collection":[{"href":"https:\/\/koningdrone.be\/fr\/wp-json\/wp\/v2\/product"}],"about":[{"href":"https:\/\/koningdrone.be\/fr\/wp-json\/wp\/v2\/types\/product"}],"wp:featuredmedia":[{"embeddable":true,"href":"https:\/\/koningdrone.be\/fr\/wp-json\/wp\/v2\/media\/10825"}],"wp:attachment":[{"href":"https:\/\/koningdrone.be\/fr\/wp-json\/wp\/v2\/media?parent=10826"}],"wp:term":[{"taxonomy":"product_brand","embeddable":true,"href":"https:\/\/koningdrone.be\/fr\/wp-json\/wp\/v2\/product_brand?post=10826"},{"taxonomy":"product_cat","embeddable":true,"href":"https:\/\/koningdrone.be\/fr\/wp-json\/wp\/v2\/product_cat?post=10826"},{"taxonomy":"product_tag","embeddable":true,"href":"https:\/\/koningdrone.be\/fr\/wp-json\/wp\/v2\/product_tag?post=10826"}],"curies":[{"name":"wp","href":"https:\/\/api.w.org\/{rel}","templated":true}]}}