{"id":10824,"date":"2025-06-10T14:22:50","date_gmt":"2025-06-10T12:22:50","guid":{"rendered":"https:\/\/koningdrone.be\/product\/anker-solix-c1000\/"},"modified":"2025-08-20T16:18:50","modified_gmt":"2025-08-20T14:18:50","slug":"anker-solix-c1000","status":"publish","type":"product","link":"https:\/\/koningdrone.be\/fr\/produit\/anker-solix-c1000\/","title":{"rendered":"Ancre SOLIX C1000"},"content":{"rendered":"<p><strong>La station d'alimentation portable SOLIX C1000X d'Anker vous permet d'acc\u00e9der \u00e0 une alimentation fiable et rapide comme l'\u00e9clair, \u00e0 tout moment et en tout lieu.<\/strong> Gr\u00e2ce \u00e0 la technologie innovante HyperFlash, cette station d'alimentation portable se recharge enti\u00e8rement de 0 \u00e0 100% en seulement 58 minutes. Ainsi, vous aurez de l'\u00e9nergie pour tous vos appareils essentiels en un rien de temps, o\u00f9 que vous m\u00e8ne votre aventure.<\/p>\n<p>La SOLIX C1000X est \u00e9quip\u00e9e d'une batterie de 1064Wh soutenue par une technologie de batterie LFP durable qui peut supporter plus de 3000 cycles de charge. Avec une puissance continue de 1800W et jusqu'\u00e0 600W en entr\u00e9e solaire via des panneaux solaires, cette solution d'alimentation portable offre des performances impressionnantes pour diverses applications.<\/p>\n<p>Avec 4 prises de courant, 2 ports USB-C, 2 ports USB-A et une prise de voiture 12V, la SOLIX C1000X offre une gamme polyvalente d'options de connexion. Que vous souhaitiez charger vos appareils, alimenter votre mat\u00e9riel de camping ou simplement profiter de la commodit\u00e9 de l'\u00e9lectricit\u00e9 \u00e0 l'ext\u00e9rieur, cette centrale \u00e9lectrique a tout ce qu'il vous faut. De plus, elle est extensible jusqu'\u00e0 2 kWh avec la batterie d'extension optionnelle (vendue s\u00e9par\u00e9ment), ce qui vous permet de profiter d'une alimentation ind\u00e9pendante encore plus longtemps.<\/p>\n<p>Le fonctionnement et la surveillance de la SOLIX C1000X sont facilit\u00e9s par l'application gratuite Anker SOLIX, qui vous permet de visualiser \u00e0 distance l'\u00e9tat de la centrale et d'ajuster les param\u00e8tres. Id\u00e9al pour les aventures d'urgence et hors r\u00e9seau. De plus, la SOLIX C1000X fait office d'alimentation de secours pratique avec une fonctionnalit\u00e9 UPS de 20 ms, vous permettant de basculer instantan\u00e9ment sur l'alimentation par batterie en cas de panne de courant.<\/p>\n<p>Que vous voyagiez en camping-car ou en caravane, que vous passiez du temps dans la nature ou que vous vous pr\u00e9pariez \u00e0 d'\u00e9ventuelles pannes de courant, la centrale \u00e9lectrique portable SOLIX C1000X d'Anker offre un stockage d'\u00e9nergie fiable et portable avec une technologie avanc\u00e9e et des fonctions faciles \u00e0 utiliser pour que vous puissiez profiter de vos aventures en tout confort.<\/p>","protected":false},"excerpt":{"rendered":"<ul>\n<li>Chargement rapide comme l'\u00e9clair : chargement complet de 0% \u00e0 100% en seulement 58 minutes gr\u00e2ce \u00e0 la technologie HyperFlash.<\/li>\n<li>Haute capacit\u00e9 : \u00e9quip\u00e9 d'une batterie de 1064Wh, soutenue par la technologie de batterie LFP durable pour plus de 3 000 cycles de charge.<\/li>\n<li>Options de connexion polyvalentes : 4 prises, 2 ports USB-C, 2 ports USB-A et une prise de voiture 12V pour une alimentation flexible.<\/li>\n<li>Extensible : Le syst\u00e8me peut \u00eatre \u00e9tendu jusqu'\u00e0 2 kWh avec la batterie d'extension optionnelle (vendue s\u00e9par\u00e9ment) pour une dur\u00e9e de fonctionnement plus longue.<\/li>\n<li>Utilisation facile : surveillez et g\u00e9rez la centrale \u00e9lectrique via l'application gratuite Anker SOLIX, disponible pour une utilisation \u00e0 distance.<\/li>\n<li>Id\u00e9al en cas d'urgence : Gr\u00e2ce \u00e0 la fonctionnalit\u00e9 UPS 20ms, la station bascule imm\u00e9diatement sur l'alimentation par batterie en cas de panne de courant.<\/li>\n<li>Convient \u00e0 diverses applications : Parfait pour le camping, les voyages en camping-car ou en caravane, et pour fournir une alimentation de secours en cas de panne.<\/li>\n<li>Technologie avanc\u00e9e : fournit un stockage d'\u00e9nergie fiable et portable avec des fonctions faciles \u00e0 utiliser pour les aventuriers et les applications hors r\u00e9seau.<\/li>\n<\/ul>","protected":false},"featured_media":10816,"template":"","meta":{"_acf_changed":false},"product_brand":[],"product_cat":[58],"product_tag":[],"class_list":{"0":"post-10824","1":"product","2":"type-product","3":"status-publish","4":"has-post-thumbnail","6":"product_cat-uncategorized","8":"first","9":"instock","10":"product-type-simple"},"acf":[],"yoast_head":"<!-- This site is optimized with the Yoast SEO Premium plugin v27.2 (Yoast SEO v27.2) - https:\/\/yoast.com\/product\/yoast-seo-premium-wordpress\/ -->\n<title>Anker SOLIX C1000 - koningdrone.be<\/title>\n<meta name=\"robots\" content=\"index, follow, max-snippet:-1, max-image-preview:large, max-video-preview:-1\" \/>\n<link rel=\"canonical\" href=\"https:\/\/koningdrone.be\/fr\/produkt\/anker-solix-c1000\/\" \/>\n<meta property=\"og:locale\" content=\"fr_FR\" \/>\n<meta property=\"og:type\" content=\"article\" \/>\n<meta property=\"og:title\" content=\"Anker SOLIX C1000\" \/>\n<meta property=\"og:description\" content=\"Razendsnelle oplading: Laadt volledig op van 0% naar 100% in slechts 58 minuten dankzij HyperFlash technologie.  Hoge capaciteit: Uitgerust met een 1064Wh batterij, ondersteund door duurzame LFP batterijtechnologie voor meer dan 3000 laadcycli.  Veelzijdige aansluitmogelijkheden: 4 stopcontacten, 2 USB-C poorten, 2 USB-A poorten en een 12V auto-aansluiting voor flexibele stroomvoorziening.  Uitbreidbaar: Het systeem kan worden uitgebreid tot 2 kWh met de optionele Expansion Battery (apart verkrijgbaar) voor langere gebruiksduur.  Eenvoudige bediening: Monitor en beheer het power station via de gratis Anker SOLIX app, beschikbaar voor gebruik op afstand.  Ideaal voor noodgevallen: Met de 20ms UPS functionaliteit schakelt het station direct over op batterijvoeding bij stroomuitval.  Geschikt voor diverse toepassingen: Perfect voor kamperen, reizen in je camper of caravan, en het bieden van noodstroom tijdens uitval.  Geavanceerde technologie: Biedt betrouwbare, draagbare energieopslag met gebruiksvriendelijke functies voor avonturiers en off-grid toepassingen.\" \/>\n<meta property=\"og:url\" content=\"https:\/\/koningdrone.be\/fr\/produkt\/anker-solix-c1000\/\" \/>\n<meta property=\"og:site_name\" content=\"koningdrone.be\" \/>\n<meta property=\"article:modified_time\" content=\"2025-08-20T14:18:50+00:00\" \/>\n<meta property=\"og:image\" content=\"https:\/\/koningdrone.be\/wp-content\/uploads\/sites\/13\/2025\/06\/A1761_-__png_3840x-scaled-1.webp\" \/>\n\t<meta property=\"og:image:width\" content=\"2560\" \/>\n\t<meta property=\"og:image:height\" content=\"2560\" \/>\n\t<meta property=\"og:image:type\" content=\"image\/webp\" \/>\n<meta name=\"twitter:card\" content=\"summary_large_image\" \/>\n<meta name=\"twitter:label1\" content=\"Dur\u00e9e de lecture est.\" \/>\n\t<meta name=\"twitter:data1\" content=\"1 minute\" \/>\n<script type=\"application\/ld+json\" class=\"yoast-schema-graph\">{\"@context\":\"https:\/\/schema.org\",\"@graph\":[{\"@type\":\"WebPage\",\"@id\":\"https:\/\/koningdrone.be\/de\/produkt\/anker-solix-c1000\/\",\"url\":\"https:\/\/koningdrone.be\/de\/produkt\/anker-solix-c1000\/\",\"name\":\"Anker SOLIX C1000 - koningdrone.be\",\"isPartOf\":{\"@id\":\"https:\/\/koningdrone.be\/#website\"},\"primaryImageOfPage\":{\"@id\":\"https:\/\/koningdrone.be\/de\/produkt\/anker-solix-c1000\/#primaryimage\"},\"image\":{\"@id\":\"https:\/\/koningdrone.be\/de\/produkt\/anker-solix-c1000\/#primaryimage\"},\"thumbnailUrl\":\"https:\/\/koningdrone.be\/wp-content\/uploads\/sites\/13\/2025\/06\/A1761_-__png_3840x-scaled-1.webp\",\"datePublished\":\"2025-06-10T12:22:50+00:00\",\"dateModified\":\"2025-08-20T14:18:50+00:00\",\"breadcrumb\":{\"@id\":\"https:\/\/koningdrone.be\/de\/produkt\/anker-solix-c1000\/#breadcrumb\"},\"inLanguage\":\"fr-BE\",\"potentialAction\":[{\"@type\":\"ReadAction\",\"target\":[\"https:\/\/koningdrone.be\/de\/produkt\/anker-solix-c1000\/\"]}]},{\"@type\":\"ImageObject\",\"inLanguage\":\"fr-BE\",\"@id\":\"https:\/\/koningdrone.be\/de\/produkt\/anker-solix-c1000\/#primaryimage\",\"url\":\"https:\/\/koningdrone.be\/wp-content\/uploads\/sites\/13\/2025\/06\/A1761_-__png_3840x-scaled-1.webp\",\"contentUrl\":\"https:\/\/koningdrone.be\/wp-content\/uploads\/sites\/13\/2025\/06\/A1761_-__png_3840x-scaled-1.webp\",\"width\":2560,\"height\":2560},{\"@type\":\"BreadcrumbList\",\"@id\":\"https:\/\/koningdrone.be\/de\/produkt\/anker-solix-c1000\/#breadcrumb\",\"itemListElement\":[{\"@type\":\"ListItem\",\"position\":1,\"name\":\"Home\",\"item\":\"https:\/\/koningdrone.be\/\"},{\"@type\":\"ListItem\",\"position\":2,\"name\":\"AVSS Parachute Recovery System for DJI Matrice 300\/350\",\"item\":\"https:\/\/koningdrone.be\/product\/avss-parachute-recovery-system-for-dji-matrice-300-350\/\"},{\"@type\":\"ListItem\",\"position\":3,\"name\":\"Uncategorized\",\"item\":\"https:\/\/koningdrone.be\/categorie\/uncategorized\/\"},{\"@type\":\"ListItem\",\"position\":4,\"name\":\"Anker SOLIX C1000\"}]},{\"@type\":\"WebSite\",\"@id\":\"https:\/\/koningdrone.be\/#website\",\"url\":\"https:\/\/koningdrone.be\/\",\"name\":\"Koningdrone.be - Uw online specialist in drones, gimbals, camera's en power stations.\",\"description\":\"De webshop in drones en gimbals\",\"publisher\":{\"@id\":\"https:\/\/koningdrone.be\/#organization\"},\"potentialAction\":[{\"@type\":\"SearchAction\",\"target\":{\"@type\":\"EntryPoint\",\"urlTemplate\":\"https:\/\/koningdrone.be\/?s={search_term_string}\"},\"query-input\":{\"@type\":\"PropertyValueSpecification\",\"valueRequired\":true,\"valueName\":\"search_term_string\"}}],\"inLanguage\":\"fr-BE\"},{\"@type\":\"Organization\",\"@id\":\"https:\/\/koningdrone.be\/#organization\",\"name\":\"Koningdrone.be\",\"url\":\"https:\/\/koningdrone.be\/\",\"logo\":{\"@type\":\"ImageObject\",\"inLanguage\":\"fr-BE\",\"@id\":\"https:\/\/koningdrone.be\/#\/schema\/logo\/image\/\",\"url\":\"https:\/\/koningdrone.be\/wp-content\/uploads\/sites\/13\/2025\/04\/koningdrone-copyright-logo.svg\",\"contentUrl\":\"https:\/\/koningdrone.be\/wp-content\/uploads\/sites\/13\/2025\/04\/koningdrone-copyright-logo.svg\",\"width\":227,\"height\":38,\"caption\":\"Koningdrone.be\"},\"image\":{\"@id\":\"https:\/\/koningdrone.be\/#\/schema\/logo\/image\/\"}}]}<\/script>\n<!-- \/ Yoast SEO Premium plugin. -->","yoast_head_json":{"title":"Anker SOLIX C1000 - koningdrone.be","robots":{"index":"index","follow":"follow","max-snippet":"max-snippet:-1","max-image-preview":"max-image-preview:large","max-video-preview":"max-video-preview:-1"},"canonical":"https:\/\/koningdrone.be\/fr\/produkt\/anker-solix-c1000\/","og_locale":"fr_FR","og_type":"article","og_title":"Anker SOLIX C1000","og_description":"Razendsnelle oplading: Laadt volledig op van 0% naar 100% in slechts 58 minuten dankzij HyperFlash technologie.  Hoge capaciteit: Uitgerust met een 1064Wh batterij, ondersteund door duurzame LFP batterijtechnologie voor meer dan 3000 laadcycli.  Veelzijdige aansluitmogelijkheden: 4 stopcontacten, 2 USB-C poorten, 2 USB-A poorten en een 12V auto-aansluiting voor flexibele stroomvoorziening.  Uitbreidbaar: Het systeem kan worden uitgebreid tot 2 kWh met de optionele Expansion Battery (apart verkrijgbaar) voor langere gebruiksduur.  Eenvoudige bediening: Monitor en beheer het power station via de gratis Anker SOLIX app, beschikbaar voor gebruik op afstand.  Ideaal voor noodgevallen: Met de 20ms UPS functionaliteit schakelt het station direct over op batterijvoeding bij stroomuitval.  Geschikt voor diverse toepassingen: Perfect voor kamperen, reizen in je camper of caravan, en het bieden van noodstroom tijdens uitval.  Geavanceerde technologie: Biedt betrouwbare, draagbare energieopslag met gebruiksvriendelijke functies voor avonturiers en off-grid toepassingen.","og_url":"https:\/\/koningdrone.be\/fr\/produkt\/anker-solix-c1000\/","og_site_name":"koningdrone.be","article_modified_time":"2025-08-20T14:18:50+00:00","og_image":[{"width":2560,"height":2560,"url":"https:\/\/koningdrone.be\/wp-content\/uploads\/sites\/13\/2025\/06\/A1761_-__png_3840x-scaled-1.webp","type":"image\/webp"}],"twitter_card":"summary_large_image","twitter_misc":{"Dur\u00e9e de lecture est.":"1 minute"},"schema":{"@context":"https:\/\/schema.org","@graph":[{"@type":"WebPage","@id":"https:\/\/koningdrone.be\/de\/produkt\/anker-solix-c1000\/","url":"https:\/\/koningdrone.be\/de\/produkt\/anker-solix-c1000\/","name":"Anker SOLIX C1000 - koningdrone.be","isPartOf":{"@id":"https:\/\/koningdrone.be\/#website"},"primaryImageOfPage":{"@id":"https:\/\/koningdrone.be\/de\/produkt\/anker-solix-c1000\/#primaryimage"},"image":{"@id":"https:\/\/koningdrone.be\/de\/produkt\/anker-solix-c1000\/#primaryimage"},"thumbnailUrl":"https:\/\/koningdrone.be\/wp-content\/uploads\/sites\/13\/2025\/06\/A1761_-__png_3840x-scaled-1.webp","datePublished":"2025-06-10T12:22:50+00:00","dateModified":"2025-08-20T14:18:50+00:00","breadcrumb":{"@id":"https:\/\/koningdrone.be\/de\/produkt\/anker-solix-c1000\/#breadcrumb"},"inLanguage":"fr-BE","potentialAction":[{"@type":"ReadAction","target":["https:\/\/koningdrone.be\/de\/produkt\/anker-solix-c1000\/"]}]},{"@type":"ImageObject","inLanguage":"fr-BE","@id":"https:\/\/koningdrone.be\/de\/produkt\/anker-solix-c1000\/#primaryimage","url":"https:\/\/koningdrone.be\/wp-content\/uploads\/sites\/13\/2025\/06\/A1761_-__png_3840x-scaled-1.webp","contentUrl":"https:\/\/koningdrone.be\/wp-content\/uploads\/sites\/13\/2025\/06\/A1761_-__png_3840x-scaled-1.webp","width":2560,"height":2560},{"@type":"BreadcrumbList","@id":"https:\/\/koningdrone.be\/de\/produkt\/anker-solix-c1000\/#breadcrumb","itemListElement":[{"@type":"ListItem","position":1,"name":"Home","item":"https:\/\/koningdrone.be\/"},{"@type":"ListItem","position":2,"name":"AVSS Parachute Recovery System for DJI Matrice 300\/350","item":"https:\/\/koningdrone.be\/product\/avss-parachute-recovery-system-for-dji-matrice-300-350\/"},{"@type":"ListItem","position":3,"name":"Uncategorized","item":"https:\/\/koningdrone.be\/categorie\/uncategorized\/"},{"@type":"ListItem","position":4,"name":"Anker SOLIX C1000"}]},{"@type":"WebSite","@id":"https:\/\/koningdrone.be\/#website","url":"https:\/\/koningdrone.be\/","name":"Koningdrone.be - Votre sp\u00e9cialiste en ligne en mati\u00e8re de drones, de cardans, de cam\u00e9ras et de centrales \u00e9lectriques.","description":"La boutique en ligne de drones et de cardans","publisher":{"@id":"https:\/\/koningdrone.be\/#organization"},"potentialAction":[{"@type":"SearchAction","target":{"@type":"EntryPoint","urlTemplate":"https:\/\/koningdrone.be\/?s={search_term_string}"},"query-input":{"@type":"PropertyValueSpecification","valueRequired":true,"valueName":"search_term_string"}}],"inLanguage":"fr-BE"},{"@type":"Organization","@id":"https:\/\/koningdrone.be\/#organization","name":"Kingdrone.co.uk","url":"https:\/\/koningdrone.be\/","logo":{"@type":"ImageObject","inLanguage":"fr-BE","@id":"https:\/\/koningdrone.be\/#\/schema\/logo\/image\/","url":"https:\/\/koningdrone.be\/wp-content\/uploads\/sites\/13\/2025\/04\/koningdrone-copyright-logo.svg","contentUrl":"https:\/\/koningdrone.be\/wp-content\/uploads\/sites\/13\/2025\/04\/koningdrone-copyright-logo.svg","width":227,"height":38,"caption":"Koningdrone.be"},"image":{"@id":"https:\/\/koningdrone.be\/#\/schema\/logo\/image\/"}}]}},"df_price":"","df_sale_price":"","df_regular_price":"","df_image_link":"https:\/\/koningdrone.be\/wp-content\/uploads\/sites\/13\/2025\/06\/A1761_-__png_3840x-scaled-1-300x300.webp","_links":{"self":[{"href":"https:\/\/koningdrone.be\/fr\/wp-json\/wp\/v2\/product\/10824","targetHints":{"allow":["GET"]}}],"collection":[{"href":"https:\/\/koningdrone.be\/fr\/wp-json\/wp\/v2\/product"}],"about":[{"href":"https:\/\/koningdrone.be\/fr\/wp-json\/wp\/v2\/types\/product"}],"wp:featuredmedia":[{"embeddable":true,"href":"https:\/\/koningdrone.be\/fr\/wp-json\/wp\/v2\/media\/10816"}],"wp:attachment":[{"href":"https:\/\/koningdrone.be\/fr\/wp-json\/wp\/v2\/media?parent=10824"}],"wp:term":[{"taxonomy":"product_brand","embeddable":true,"href":"https:\/\/koningdrone.be\/fr\/wp-json\/wp\/v2\/product_brand?post=10824"},{"taxonomy":"product_cat","embeddable":true,"href":"https:\/\/koningdrone.be\/fr\/wp-json\/wp\/v2\/product_cat?post=10824"},{"taxonomy":"product_tag","embeddable":true,"href":"https:\/\/koningdrone.be\/fr\/wp-json\/wp\/v2\/product_tag?post=10824"}],"curies":[{"name":"wp","href":"https:\/\/api.w.org\/{rel}","templated":true}]}}