{"id":10813,"date":"2025-06-10T14:22:50","date_gmt":"2025-06-10T12:22:50","guid":{"rendered":"https:\/\/koningdrone.be\/product\/anker-mi-to-schuko-cable-5m\/"},"modified":"2025-08-20T16:18:29","modified_gmt":"2025-08-20T14:18:29","slug":"anker-mi-to-schuko-cable-5m","status":"publish","type":"product","link":"https:\/\/koningdrone.be\/fr\/produit\/anker-mi-to-schuko-cable-5m\/","title":{"rendered":"Ancrage MI au c\u00e2ble Schuko (5m)"},"content":{"rendered":"<p>Con\u00e7u pour une utilisation \u00e0 l'int\u00e9rieur comme \u00e0 l'ext\u00e9rieur, le c\u00e2ble de connexion ANKER Ml vers Schuko (5m) offre une grande flexibilit\u00e9 dans diff\u00e9rents environnements. Le c\u00e2ble de 5 m\u00e8tres de long est en cuivre avec une gaine ext\u00e9rieure en caoutchouc. Le connecteur Schuko assure la compatibilit\u00e9 en Europe. La norme H07RN-F 3G1.5 indique qu'il s'agit d'un c\u00e2ble robuste adapt\u00e9 aux conditions difficiles.<\/p>\n<p>&nbsp;<\/p>","protected":false},"excerpt":{"rendered":"<ul>\n<li>Utilisable \u00e0 l'int\u00e9rieur et \u00e0 l'ext\u00e9rieur : permet de s'adapter \u00e0 divers environnements et applications.<\/li>\n<li>C\u00e2ble de 5 m\u00e8tres : Suffisamment long pour se connecter facilement aux appareils, \u00e0 l'int\u00e9rieur comme \u00e0 l'ext\u00e9rieur.<\/li>\n<li>Fabriqu\u00e9 en cuivre : assure une conductivit\u00e9 \u00e9lectrique et une durabilit\u00e9 optimales.<\/li>\n<li>Gaine ext\u00e9rieure en caoutchouc : offre une protection suppl\u00e9mentaire contre les conditions m\u00e9t\u00e9orologiques et l'abrasion.<\/li>\n<li>Connecteur Schuko : adapt\u00e9 \u00e0 l'utilisation en Europe, il garantit une connexion s\u00e9curis\u00e9e.<\/li>\n<li>C\u00e2ble robuste H07RN-F 3G1.5 : Id\u00e9al pour les conditions difficiles, con\u00e7u pour la durabilit\u00e9 et la fiabilit\u00e9.<\/li>\n<\/ul>","protected":false},"featured_media":10812,"template":"","meta":{"_acf_changed":false},"product_brand":[],"product_cat":[58],"product_tag":[],"class_list":{"0":"post-10813","1":"product","2":"type-product","3":"status-publish","4":"has-post-thumbnail","6":"product_cat-uncategorized","8":"first","9":"instock","10":"product-type-simple"},"acf":[],"yoast_head":"<!-- This site is optimized with the Yoast SEO Premium plugin v27.2 (Yoast SEO v27.2) - https:\/\/yoast.com\/product\/yoast-seo-premium-wordpress\/ -->\n<title>Anker MI to Schuko cable (5m) - koningdrone.be<\/title>\n<meta name=\"robots\" content=\"index, follow, max-snippet:-1, max-image-preview:large, max-video-preview:-1\" \/>\n<link rel=\"canonical\" href=\"https:\/\/koningdrone.be\/fr\/produit\/anker-mi-to-schuko-cable-5m\/\" \/>\n<meta property=\"og:locale\" content=\"fr_FR\" \/>\n<meta property=\"og:type\" content=\"article\" \/>\n<meta property=\"og:title\" content=\"Anker MI to Schuko cable (5m)\" \/>\n<meta property=\"og:description\" content=\"Geschikt voor binnen- en buitengebruik: Biedt flexibiliteit voor diverse omgevingen en toepassingen.  5 meter lange kabel: Genoeg lengte om gemakkelijk te verbinden met apparaten, zowel binnen als buiten.  Gemaakt van koper: Zorgt voor optimale elektrische geleiding en duurzaamheid.  Rubberen buitenmantel: Biedt extra bescherming tegen weersomstandigheden en slijtage.  Schuko connector: Geschikt voor gebruik in Europa, garandeert een veilige verbinding.  Robuuste H07RN-F 3G1.5 kabel: Ideaal voor zware omstandigheden, ontworpen voor duurzaamheid en betrouwbaarheid.\" \/>\n<meta property=\"og:url\" content=\"https:\/\/koningdrone.be\/fr\/produit\/anker-mi-to-schuko-cable-5m\/\" \/>\n<meta property=\"og:site_name\" content=\"koningdrone.be\" \/>\n<meta property=\"article:modified_time\" content=\"2025-08-20T14:18:29+00:00\" \/>\n<meta property=\"og:image\" content=\"https:\/\/koningdrone.be\/wp-content\/uploads\/sites\/13\/2025\/06\/147334-ANKER-Ml-to-Schuko-Connection-Cable-5m-1_600x600.jpg\" \/>\n\t<meta property=\"og:image:width\" content=\"600\" \/>\n\t<meta property=\"og:image:height\" content=\"375\" \/>\n\t<meta property=\"og:image:type\" content=\"image\/jpeg\" \/>\n<meta name=\"twitter:card\" content=\"summary_large_image\" \/>\n<script type=\"application\/ld+json\" class=\"yoast-schema-graph\">{\"@context\":\"https:\/\/schema.org\",\"@graph\":[{\"@type\":\"WebPage\",\"@id\":\"https:\/\/koningdrone.be\/product\/anker-mi-to-schuko-cable-5m\/\",\"url\":\"https:\/\/koningdrone.be\/product\/anker-mi-to-schuko-cable-5m\/\",\"name\":\"Anker MI to Schuko cable (5m) - koningdrone.be\",\"isPartOf\":{\"@id\":\"https:\/\/koningdrone.be\/#website\"},\"primaryImageOfPage\":{\"@id\":\"https:\/\/koningdrone.be\/product\/anker-mi-to-schuko-cable-5m\/#primaryimage\"},\"image\":{\"@id\":\"https:\/\/koningdrone.be\/product\/anker-mi-to-schuko-cable-5m\/#primaryimage\"},\"thumbnailUrl\":\"https:\/\/koningdrone.be\/wp-content\/uploads\/sites\/13\/2025\/06\/147334-ANKER-Ml-to-Schuko-Connection-Cable-5m-1_600x600.jpg\",\"datePublished\":\"2025-06-10T12:22:50+00:00\",\"dateModified\":\"2025-08-20T14:18:29+00:00\",\"breadcrumb\":{\"@id\":\"https:\/\/koningdrone.be\/product\/anker-mi-to-schuko-cable-5m\/#breadcrumb\"},\"inLanguage\":\"fr-BE\",\"potentialAction\":[{\"@type\":\"ReadAction\",\"target\":[\"https:\/\/koningdrone.be\/product\/anker-mi-to-schuko-cable-5m\/\"]}]},{\"@type\":\"ImageObject\",\"inLanguage\":\"fr-BE\",\"@id\":\"https:\/\/koningdrone.be\/product\/anker-mi-to-schuko-cable-5m\/#primaryimage\",\"url\":\"https:\/\/koningdrone.be\/wp-content\/uploads\/sites\/13\/2025\/06\/147334-ANKER-Ml-to-Schuko-Connection-Cable-5m-1_600x600.jpg\",\"contentUrl\":\"https:\/\/koningdrone.be\/wp-content\/uploads\/sites\/13\/2025\/06\/147334-ANKER-Ml-to-Schuko-Connection-Cable-5m-1_600x600.jpg\",\"width\":600,\"height\":375},{\"@type\":\"BreadcrumbList\",\"@id\":\"https:\/\/koningdrone.be\/product\/anker-mi-to-schuko-cable-5m\/#breadcrumb\",\"itemListElement\":[{\"@type\":\"ListItem\",\"position\":1,\"name\":\"Home\",\"item\":\"https:\/\/koningdrone.be\/\"},{\"@type\":\"ListItem\",\"position\":2,\"name\":\"AVSS Parachute Recovery System for DJI Matrice 300\/350\",\"item\":\"https:\/\/koningdrone.be\/product\/avss-parachute-recovery-system-for-dji-matrice-300-350\/\"},{\"@type\":\"ListItem\",\"position\":3,\"name\":\"Uncategorized\",\"item\":\"https:\/\/koningdrone.be\/categorie\/uncategorized\/\"},{\"@type\":\"ListItem\",\"position\":4,\"name\":\"Anker MI to Schuko cable (5m)\"}]},{\"@type\":\"WebSite\",\"@id\":\"https:\/\/koningdrone.be\/#website\",\"url\":\"https:\/\/koningdrone.be\/\",\"name\":\"Koningdrone.be - Uw online specialist in drones, gimbals, camera's en power stations.\",\"description\":\"De webshop in drones en gimbals\",\"publisher\":{\"@id\":\"https:\/\/koningdrone.be\/#organization\"},\"potentialAction\":[{\"@type\":\"SearchAction\",\"target\":{\"@type\":\"EntryPoint\",\"urlTemplate\":\"https:\/\/koningdrone.be\/?s={search_term_string}\"},\"query-input\":{\"@type\":\"PropertyValueSpecification\",\"valueRequired\":true,\"valueName\":\"search_term_string\"}}],\"inLanguage\":\"fr-BE\"},{\"@type\":\"Organization\",\"@id\":\"https:\/\/koningdrone.be\/#organization\",\"name\":\"Koningdrone.be\",\"url\":\"https:\/\/koningdrone.be\/\",\"logo\":{\"@type\":\"ImageObject\",\"inLanguage\":\"fr-BE\",\"@id\":\"https:\/\/koningdrone.be\/#\/schema\/logo\/image\/\",\"url\":\"https:\/\/koningdrone.be\/wp-content\/uploads\/sites\/13\/2025\/04\/koningdrone-copyright-logo.svg\",\"contentUrl\":\"https:\/\/koningdrone.be\/wp-content\/uploads\/sites\/13\/2025\/04\/koningdrone-copyright-logo.svg\",\"width\":227,\"height\":38,\"caption\":\"Koningdrone.be\"},\"image\":{\"@id\":\"https:\/\/koningdrone.be\/#\/schema\/logo\/image\/\"}}]}<\/script>\n<!-- \/ Yoast SEO Premium plugin. -->","yoast_head_json":{"title":"Anker MI to Schuko cable (5m) - koningdrone.be","robots":{"index":"index","follow":"follow","max-snippet":"max-snippet:-1","max-image-preview":"max-image-preview:large","max-video-preview":"max-video-preview:-1"},"canonical":"https:\/\/koningdrone.be\/fr\/produit\/anker-mi-to-schuko-cable-5m\/","og_locale":"fr_FR","og_type":"article","og_title":"Anker MI to Schuko cable (5m)","og_description":"Geschikt voor binnen- en buitengebruik: Biedt flexibiliteit voor diverse omgevingen en toepassingen.  5 meter lange kabel: Genoeg lengte om gemakkelijk te verbinden met apparaten, zowel binnen als buiten.  Gemaakt van koper: Zorgt voor optimale elektrische geleiding en duurzaamheid.  Rubberen buitenmantel: Biedt extra bescherming tegen weersomstandigheden en slijtage.  Schuko connector: Geschikt voor gebruik in Europa, garandeert een veilige verbinding.  Robuuste H07RN-F 3G1.5 kabel: Ideaal voor zware omstandigheden, ontworpen voor duurzaamheid en betrouwbaarheid.","og_url":"https:\/\/koningdrone.be\/fr\/produit\/anker-mi-to-schuko-cable-5m\/","og_site_name":"koningdrone.be","article_modified_time":"2025-08-20T14:18:29+00:00","og_image":[{"width":600,"height":375,"url":"https:\/\/koningdrone.be\/wp-content\/uploads\/sites\/13\/2025\/06\/147334-ANKER-Ml-to-Schuko-Connection-Cable-5m-1_600x600.jpg","type":"image\/jpeg"}],"twitter_card":"summary_large_image","schema":{"@context":"https:\/\/schema.org","@graph":[{"@type":"WebPage","@id":"https:\/\/koningdrone.be\/product\/anker-mi-to-schuko-cable-5m\/","url":"https:\/\/koningdrone.be\/product\/anker-mi-to-schuko-cable-5m\/","name":"Anker MI to Schuko cable (5m) - koningdrone.be","isPartOf":{"@id":"https:\/\/koningdrone.be\/#website"},"primaryImageOfPage":{"@id":"https:\/\/koningdrone.be\/product\/anker-mi-to-schuko-cable-5m\/#primaryimage"},"image":{"@id":"https:\/\/koningdrone.be\/product\/anker-mi-to-schuko-cable-5m\/#primaryimage"},"thumbnailUrl":"https:\/\/koningdrone.be\/wp-content\/uploads\/sites\/13\/2025\/06\/147334-ANKER-Ml-to-Schuko-Connection-Cable-5m-1_600x600.jpg","datePublished":"2025-06-10T12:22:50+00:00","dateModified":"2025-08-20T14:18:29+00:00","breadcrumb":{"@id":"https:\/\/koningdrone.be\/product\/anker-mi-to-schuko-cable-5m\/#breadcrumb"},"inLanguage":"fr-BE","potentialAction":[{"@type":"ReadAction","target":["https:\/\/koningdrone.be\/product\/anker-mi-to-schuko-cable-5m\/"]}]},{"@type":"ImageObject","inLanguage":"fr-BE","@id":"https:\/\/koningdrone.be\/product\/anker-mi-to-schuko-cable-5m\/#primaryimage","url":"https:\/\/koningdrone.be\/wp-content\/uploads\/sites\/13\/2025\/06\/147334-ANKER-Ml-to-Schuko-Connection-Cable-5m-1_600x600.jpg","contentUrl":"https:\/\/koningdrone.be\/wp-content\/uploads\/sites\/13\/2025\/06\/147334-ANKER-Ml-to-Schuko-Connection-Cable-5m-1_600x600.jpg","width":600,"height":375},{"@type":"BreadcrumbList","@id":"https:\/\/koningdrone.be\/product\/anker-mi-to-schuko-cable-5m\/#breadcrumb","itemListElement":[{"@type":"ListItem","position":1,"name":"Home","item":"https:\/\/koningdrone.be\/"},{"@type":"ListItem","position":2,"name":"AVSS Parachute Recovery System for DJI Matrice 300\/350","item":"https:\/\/koningdrone.be\/product\/avss-parachute-recovery-system-for-dji-matrice-300-350\/"},{"@type":"ListItem","position":3,"name":"Uncategorized","item":"https:\/\/koningdrone.be\/categorie\/uncategorized\/"},{"@type":"ListItem","position":4,"name":"Anker MI to Schuko cable (5m)"}]},{"@type":"WebSite","@id":"https:\/\/koningdrone.be\/#website","url":"https:\/\/koningdrone.be\/","name":"Koningdrone.be - Votre sp\u00e9cialiste en ligne en mati\u00e8re de drones, de cardans, de cam\u00e9ras et de centrales \u00e9lectriques.","description":"La boutique en ligne de drones et de cardans","publisher":{"@id":"https:\/\/koningdrone.be\/#organization"},"potentialAction":[{"@type":"SearchAction","target":{"@type":"EntryPoint","urlTemplate":"https:\/\/koningdrone.be\/?s={search_term_string}"},"query-input":{"@type":"PropertyValueSpecification","valueRequired":true,"valueName":"search_term_string"}}],"inLanguage":"fr-BE"},{"@type":"Organization","@id":"https:\/\/koningdrone.be\/#organization","name":"Kingdrone.co.uk","url":"https:\/\/koningdrone.be\/","logo":{"@type":"ImageObject","inLanguage":"fr-BE","@id":"https:\/\/koningdrone.be\/#\/schema\/logo\/image\/","url":"https:\/\/koningdrone.be\/wp-content\/uploads\/sites\/13\/2025\/04\/koningdrone-copyright-logo.svg","contentUrl":"https:\/\/koningdrone.be\/wp-content\/uploads\/sites\/13\/2025\/04\/koningdrone-copyright-logo.svg","width":227,"height":38,"caption":"Koningdrone.be"},"image":{"@id":"https:\/\/koningdrone.be\/#\/schema\/logo\/image\/"}}]}},"df_price":"","df_sale_price":"","df_regular_price":"","df_image_link":"https:\/\/koningdrone.be\/wp-content\/uploads\/sites\/13\/2025\/06\/147334-ANKER-Ml-to-Schuko-Connection-Cable-5m-1_600x600-300x188.jpg","_links":{"self":[{"href":"https:\/\/koningdrone.be\/fr\/wp-json\/wp\/v2\/product\/10813","targetHints":{"allow":["GET"]}}],"collection":[{"href":"https:\/\/koningdrone.be\/fr\/wp-json\/wp\/v2\/product"}],"about":[{"href":"https:\/\/koningdrone.be\/fr\/wp-json\/wp\/v2\/types\/product"}],"wp:featuredmedia":[{"embeddable":true,"href":"https:\/\/koningdrone.be\/fr\/wp-json\/wp\/v2\/media\/10812"}],"wp:attachment":[{"href":"https:\/\/koningdrone.be\/fr\/wp-json\/wp\/v2\/media?parent=10813"}],"wp:term":[{"taxonomy":"product_brand","embeddable":true,"href":"https:\/\/koningdrone.be\/fr\/wp-json\/wp\/v2\/product_brand?post=10813"},{"taxonomy":"product_cat","embeddable":true,"href":"https:\/\/koningdrone.be\/fr\/wp-json\/wp\/v2\/product_cat?post=10813"},{"taxonomy":"product_tag","embeddable":true,"href":"https:\/\/koningdrone.be\/fr\/wp-json\/wp\/v2\/product_tag?post=10813"}],"curies":[{"name":"wp","href":"https:\/\/api.w.org\/{rel}","templated":true}]}}