{"id":10788,"date":"2025-06-25T16:26:21","date_gmt":"2025-06-25T14:26:21","guid":{"rendered":"https:\/\/koningdrone.be\/product\/dji-matrice-4d\/"},"modified":"2026-04-29T03:30:45","modified_gmt":"2026-04-29T01:30:45","slug":"dji-matrice-4d","status":"publish","type":"product","link":"https:\/\/koningdrone.be\/fr\/produit\/dji-matrice-4d\/","title":{"rendered":"DJI Matrice 4D (Version Dock 3)"},"content":{"rendered":"<h3>DJI Matrice 4D (version Dock 3) : l'avant-garde de l'inspection industrielle autonome<\/h3>\n<p><iframe loading=\"lazy\" title=\"DJI Matrice 4D Series\uff5cPremi\u00e8re utilisation\" width=\"800\" height=\"450\" src=\"https:\/\/www.youtube.com\/embed\/LldOiJmq6pA?feature=oembed&#038;enablejsapi=1&#038;origin=https:\/\/koningdrone.be\" frameborder=\"0\" allow=\"accelerometer; autoplay; clipboard-write; encrypted-media; gyroscope; picture-in-picture; web-share\" referrerpolicy=\"strict-origin-when-cross-origin\" allowfullscreen><\/iframe><\/p>\n<p style=\"margin: 20px 0\">Le <strong>DJI Matrice 4D (Version Dock 3)<\/strong>\u00a0d\u00e9finit l'avenir des op\u00e9rations a\u00e9riennes \u00e0 distance. Con\u00e7ue de mani\u00e8re unique comme le c\u0153ur op\u00e9rationnel de l'architecture DJI Dock 3, cette plateforme poss\u00e8de simultan\u00e9ment les performances brutes n\u00e9cessaires pour mener \u00e0 bien les missions les plus difficiles en tant qu'avion autonome. Qu'il s'agisse d'une surveillance enti\u00e8rement automatis\u00e9e 24\/7 \u00e0 partir d'une station d'accueil ou d'inspections de pr\u00e9cision sous contr\u00f4le manuel avec le DJI RC Plus 2, le Matrice 4D offre une polyvalence in\u00e9gal\u00e9e pour les infrastructures critiques et les projets de cartographie \u00e0 grande \u00e9chelle.<\/p>\n<p><a href=\"https:\/\/koningdrone.nl\/wp-content\/uploads\/2025\/06\/Product-Matrice-4D-DJI.webp\"><img loading=\"lazy\" decoding=\"async\" class=\"alignnone size-full wp-image-466909\" src=\"https:\/\/koningdrone.nl\/wp-content\/uploads\/2025\/06\/Product-Matrice-4D-DJI.webp\" alt=\"Product Matrice 4D DJI\" width=\"1200\" height=\"800\" \/><\/a><\/p>\n<h4>Suite de capteurs avanc\u00e9s et pr\u00e9cision optique<\/h4>\n<p>La Matrice 4D est dot\u00e9e d'un \u00e9cosyst\u00e8me optique sophistiqu\u00e9 qui ne n\u00e9glige aucun d\u00e9tail. La combinaison d'un <strong>un appareil photo grand angle, un appareil photo \u00e0 t\u00e9l\u00e9objectif moyen et un t\u00e9l\u00e9objectif puissant<\/strong> permet aux op\u00e9rateurs de recueillir des donn\u00e9es visuelles de tr\u00e8s haute r\u00e9solution \u00e0 une distance s\u00fbre. Le syst\u00e8me int\u00e9gr\u00e9 de <strong>t\u00e9l\u00e9m\u00e8tre laser (LRF)<\/strong> avec une port\u00e9e allant jusqu'\u00e0 <strong>1800 m\u00e8tres<\/strong> permet une g\u00e9olocalisation instantan\u00e9e et une mesure pr\u00e9cise de la distance des objets. Cet arsenal de capteurs fait du drone l'outil id\u00e9al pour les inspections techniques d\u00e9taill\u00e9es et la surveillance strat\u00e9gique de l'environnement.<\/p>\n<h4>Navigation intelligente et s\u00e9curit\u00e9 maximale<\/h4>\n<p>La s\u00e9curit\u00e9 et l'autonomie sont au c\u0153ur de la Matrice 4D. Avec une dur\u00e9e de vol impressionnante allant jusqu'\u00e0 <strong>47 minutes<\/strong> et d'un syst\u00e8me de d\u00e9tection hybride avanc\u00e9 - qui utilise \u00e0 la fois <strong>LiDAR comme radar<\/strong> - permet \u00e0 l'appareil de naviguer sans probl\u00e8me dans des environnements complexes et parsem\u00e9s d'obstacles. Des algorithmes intelligents tels que <strong>Capture 3D intelligente<\/strong> automatisent le processus de cartographie en optimisant les trajectoires complexes de mani\u00e8re ind\u00e9pendante pour obtenir le meilleur chevauchement des donn\u00e9es. Le syst\u00e8me fournit ainsi des r\u00e9sultats coh\u00e9rents et de haute qualit\u00e9 pour les jumeaux num\u00e9riques et les mod\u00e8les de terrain pr\u00e9cis, quelle que soit la complexit\u00e9 du site.<\/p>\n<p style=\"text-align: center\"><a href=\"https:\/\/koningdrone.nl\/wp-content\/uploads\/2025\/06\/Matrice-4D-Product-DJI.webp\"><img loading=\"lazy\" decoding=\"async\" class=\"alignnone wp-image-466908 size-medium\" src=\"https:\/\/koningdrone.nl\/wp-content\/uploads\/2025\/06\/Matrice-4D-Product-DJI-300x200.webp\" alt=\"Matrice 4D Product DJI\" width=\"300\" height=\"200\" \/><\/a><\/p>\n<h4>Fiabilit\u00e9 et conception industrielles<\/h4>\n<p>Con\u00e7u pour fonctionner dans les environnements les plus hostiles, le ch\u00e2ssis de la Matrice 4D est dot\u00e9 d'un syst\u00e8me d'alimentation en \u00e9nergie de haute qualit\u00e9. <strong>Classification IP55<\/strong>, Le syst\u00e8me de contr\u00f4le de l'acc\u00e8s \u00e0 l'Internet est un \u00e9l\u00e9ment essentiel de la s\u00e9curit\u00e9, car il permet de travailler sous la pluie, dans la poussi\u00e8re et \u00e0 des temp\u00e9ratures extr\u00eames. L'int\u00e9gration transparente avec le syst\u00e8me <strong>DJI RC Plus 2 Enterprise<\/strong> offre une interface ergonomique et tr\u00e8s fiable pour les pilotes, tandis que sa compatibilit\u00e9 avec le DJI Dock 3 ouvre la voie \u00e0 un flux de travail totalement d\u00e9pourvu d'intervention humaine. Cela fait de la Matrice 4D un investissement durable pour les organisations o\u00f9 les temps d'arr\u00eat ne sont pas envisageables.<\/p>","protected":false},"excerpt":{"rendered":"<ul>\n<li>Tr\u00e8s longue dur\u00e9e de vol (jusqu'\u00e0 54 minutes) pour les missions prolong\u00e9es.<\/li>\n<li>Syst\u00e8me hybride de cam\u00e9ra et de laser pour la cartographie d\u00e9taill\u00e9e et les inspections.<\/li>\n<li>Protection IP55 contre la poussi\u00e8re et l'eau pour des performances fiables.<\/li>\n<li>Capture 3D intelligente et planification avanc\u00e9e des vols pour les flux de travail professionnels.<\/li>\n<li>Construction robuste pour une utilisation dans des environnements difficiles.<\/li>\n<\/ul>","protected":false},"featured_media":16988,"template":"","meta":{"_acf_changed":false},"product_brand":[],"product_cat":[1587,1732],"product_tag":[],"class_list":{"0":"post-10788","1":"product","2":"type-product","3":"status-publish","4":"has-post-thumbnail","6":"product_cat-dji-dock","7":"product_cat-dji-matrice-4d","8":"product_shipping_class-uavspacesall","9":"pa_brand-dji","10":"pa_producttype-enterprise-drone","11":"pa_series-matrice","13":"first","14":"instock","15":"taxable","16":"shipping-taxable","17":"purchasable","18":"product-type-simple"},"acf":[],"yoast_head":"<!-- This site is optimized with the Yoast SEO Premium plugin v27.2 (Yoast SEO v27.2) - https:\/\/yoast.com\/product\/yoast-seo-premium-wordpress\/ -->\n<title>DJI Matrice 4D (Dock 3 Version) - koningdrone.be<\/title>\n<meta name=\"robots\" content=\"index, follow, max-snippet:-1, max-image-preview:large, max-video-preview:-1\" \/>\n<link rel=\"canonical\" href=\"https:\/\/koningdrone.be\/fr\/produit\/dji-matrice-4d\/\" \/>\n<meta property=\"og:locale\" content=\"fr_FR\" \/>\n<meta property=\"og:type\" content=\"article\" \/>\n<meta property=\"og:title\" content=\"DJI Matrice 4D (Dock 3 Version)\" \/>\n<meta property=\"og:description\" content=\"Zeer lange vliegtijd tot 54 minuten voor uitgebreide missies.  Hybrid camera\u2011 en lasersysteem voor gedetailleerde mapping en inspecties.  IP55\u2011bescherming tegen stof en water voor betrouwbare prestaties.  Smart 3D Capture en geavanceerde vluchtplanning voor professionele workflows.  Robuuste constructie voor gebruik in moeilijke omgevingen.\" \/>\n<meta property=\"og:url\" content=\"https:\/\/koningdrone.be\/fr\/produit\/dji-matrice-4d\/\" \/>\n<meta property=\"og:site_name\" content=\"koningdrone.be\" \/>\n<meta property=\"article:modified_time\" content=\"2026-04-29T01:30:45+00:00\" \/>\n<meta property=\"og:image\" content=\"https:\/\/koningdrone.be\/wp-content\/uploads\/sites\/13\/2026\/03\/DJI-Matrice-4D.webp\" \/>\n\t<meta property=\"og:image:width\" content=\"2048\" \/>\n\t<meta property=\"og:image:height\" content=\"2048\" \/>\n\t<meta property=\"og:image:type\" content=\"image\/webp\" \/>\n<meta name=\"twitter:card\" content=\"summary_large_image\" \/>\n<meta name=\"twitter:label1\" content=\"Dur\u00e9e de lecture est.\" \/>\n\t<meta name=\"twitter:data1\" content=\"2 minutes\" \/>\n<script type=\"application\/ld+json\" class=\"yoast-schema-graph\">{\"@context\":\"https:\/\/schema.org\",\"@graph\":[{\"@type\":\"WebPage\",\"@id\":\"https:\/\/koningdrone.be\/product\/dji-matrice-4d\/\",\"url\":\"https:\/\/koningdrone.be\/product\/dji-matrice-4d\/\",\"name\":\"DJI Matrice 4D (Dock 3 Version) - koningdrone.be\",\"isPartOf\":{\"@id\":\"https:\/\/koningdrone.be\/#website\"},\"primaryImageOfPage\":{\"@id\":\"https:\/\/koningdrone.be\/product\/dji-matrice-4d\/#primaryimage\"},\"image\":{\"@id\":\"https:\/\/koningdrone.be\/product\/dji-matrice-4d\/#primaryimage\"},\"thumbnailUrl\":\"https:\/\/koningdrone.be\/wp-content\/uploads\/sites\/13\/2026\/03\/DJI-Matrice-4D.webp\",\"datePublished\":\"2025-06-25T14:26:21+00:00\",\"dateModified\":\"2026-04-29T01:30:45+00:00\",\"breadcrumb\":{\"@id\":\"https:\/\/koningdrone.be\/product\/dji-matrice-4d\/#breadcrumb\"},\"inLanguage\":\"fr-BE\",\"potentialAction\":[{\"@type\":\"ReadAction\",\"target\":[\"https:\/\/koningdrone.be\/product\/dji-matrice-4d\/\"]}]},{\"@type\":\"ImageObject\",\"inLanguage\":\"fr-BE\",\"@id\":\"https:\/\/koningdrone.be\/product\/dji-matrice-4d\/#primaryimage\",\"url\":\"https:\/\/koningdrone.be\/wp-content\/uploads\/sites\/13\/2026\/03\/DJI-Matrice-4D.webp\",\"contentUrl\":\"https:\/\/koningdrone.be\/wp-content\/uploads\/sites\/13\/2026\/03\/DJI-Matrice-4D.webp\",\"width\":2048,\"height\":2048},{\"@type\":\"BreadcrumbList\",\"@id\":\"https:\/\/koningdrone.be\/product\/dji-matrice-4d\/#breadcrumb\",\"itemListElement\":[{\"@type\":\"ListItem\",\"position\":1,\"name\":\"Home\",\"item\":\"https:\/\/koningdrone.be\/\"},{\"@type\":\"ListItem\",\"position\":2,\"name\":\"AVSS Parachute Recovery System for DJI Matrice 300\/350\",\"item\":\"https:\/\/koningdrone.be\/product\/avss-parachute-recovery-system-for-dji-matrice-300-350\/\"},{\"@type\":\"ListItem\",\"position\":3,\"name\":\"DJI Dock\",\"item\":\"https:\/\/koningdrone.be\/categorie\/dji-dock\/\"},{\"@type\":\"ListItem\",\"position\":4,\"name\":\"DJI Matrice 4D (Dock 3 Version)\"}]},{\"@type\":\"WebSite\",\"@id\":\"https:\/\/koningdrone.be\/#website\",\"url\":\"https:\/\/koningdrone.be\/\",\"name\":\"Koningdrone.be - Uw online specialist in drones, gimbals, camera's en power stations.\",\"description\":\"De webshop in drones en gimbals\",\"publisher\":{\"@id\":\"https:\/\/koningdrone.be\/#organization\"},\"potentialAction\":[{\"@type\":\"SearchAction\",\"target\":{\"@type\":\"EntryPoint\",\"urlTemplate\":\"https:\/\/koningdrone.be\/?s={search_term_string}\"},\"query-input\":{\"@type\":\"PropertyValueSpecification\",\"valueRequired\":true,\"valueName\":\"search_term_string\"}}],\"inLanguage\":\"fr-BE\"},{\"@type\":\"Organization\",\"@id\":\"https:\/\/koningdrone.be\/#organization\",\"name\":\"Koningdrone.be\",\"url\":\"https:\/\/koningdrone.be\/\",\"logo\":{\"@type\":\"ImageObject\",\"inLanguage\":\"fr-BE\",\"@id\":\"https:\/\/koningdrone.be\/#\/schema\/logo\/image\/\",\"url\":\"https:\/\/koningdrone.be\/wp-content\/uploads\/sites\/13\/2025\/04\/koningdrone-copyright-logo.svg\",\"contentUrl\":\"https:\/\/koningdrone.be\/wp-content\/uploads\/sites\/13\/2025\/04\/koningdrone-copyright-logo.svg\",\"width\":227,\"height\":38,\"caption\":\"Koningdrone.be\"},\"image\":{\"@id\":\"https:\/\/koningdrone.be\/#\/schema\/logo\/image\/\"}}]}<\/script>\n<!-- \/ Yoast SEO Premium plugin. -->","yoast_head_json":{"title":"DJI Matrice 4D (Dock 3 Version) - koningdrone.be","robots":{"index":"index","follow":"follow","max-snippet":"max-snippet:-1","max-image-preview":"max-image-preview:large","max-video-preview":"max-video-preview:-1"},"canonical":"https:\/\/koningdrone.be\/fr\/produit\/dji-matrice-4d\/","og_locale":"fr_FR","og_type":"article","og_title":"DJI Matrice 4D (Dock 3 Version)","og_description":"Zeer lange vliegtijd tot 54 minuten voor uitgebreide missies.  Hybrid camera\u2011 en lasersysteem voor gedetailleerde mapping en inspecties.  IP55\u2011bescherming tegen stof en water voor betrouwbare prestaties.  Smart 3D Capture en geavanceerde vluchtplanning voor professionele workflows.  Robuuste constructie voor gebruik in moeilijke omgevingen.","og_url":"https:\/\/koningdrone.be\/fr\/produit\/dji-matrice-4d\/","og_site_name":"koningdrone.be","article_modified_time":"2026-04-29T01:30:45+00:00","og_image":[{"width":2048,"height":2048,"url":"https:\/\/koningdrone.be\/wp-content\/uploads\/sites\/13\/2026\/03\/DJI-Matrice-4D.webp","type":"image\/webp"}],"twitter_card":"summary_large_image","twitter_misc":{"Dur\u00e9e de lecture est.":"2 minutes"},"schema":{"@context":"https:\/\/schema.org","@graph":[{"@type":"WebPage","@id":"https:\/\/koningdrone.be\/product\/dji-matrice-4d\/","url":"https:\/\/koningdrone.be\/product\/dji-matrice-4d\/","name":"DJI Matrice 4D (Dock 3 Version) - koningdrone.be","isPartOf":{"@id":"https:\/\/koningdrone.be\/#website"},"primaryImageOfPage":{"@id":"https:\/\/koningdrone.be\/product\/dji-matrice-4d\/#primaryimage"},"image":{"@id":"https:\/\/koningdrone.be\/product\/dji-matrice-4d\/#primaryimage"},"thumbnailUrl":"https:\/\/koningdrone.be\/wp-content\/uploads\/sites\/13\/2026\/03\/DJI-Matrice-4D.webp","datePublished":"2025-06-25T14:26:21+00:00","dateModified":"2026-04-29T01:30:45+00:00","breadcrumb":{"@id":"https:\/\/koningdrone.be\/product\/dji-matrice-4d\/#breadcrumb"},"inLanguage":"fr-BE","potentialAction":[{"@type":"ReadAction","target":["https:\/\/koningdrone.be\/product\/dji-matrice-4d\/"]}]},{"@type":"ImageObject","inLanguage":"fr-BE","@id":"https:\/\/koningdrone.be\/product\/dji-matrice-4d\/#primaryimage","url":"https:\/\/koningdrone.be\/wp-content\/uploads\/sites\/13\/2026\/03\/DJI-Matrice-4D.webp","contentUrl":"https:\/\/koningdrone.be\/wp-content\/uploads\/sites\/13\/2026\/03\/DJI-Matrice-4D.webp","width":2048,"height":2048},{"@type":"BreadcrumbList","@id":"https:\/\/koningdrone.be\/product\/dji-matrice-4d\/#breadcrumb","itemListElement":[{"@type":"ListItem","position":1,"name":"Home","item":"https:\/\/koningdrone.be\/"},{"@type":"ListItem","position":2,"name":"AVSS Parachute Recovery System for DJI Matrice 300\/350","item":"https:\/\/koningdrone.be\/product\/avss-parachute-recovery-system-for-dji-matrice-300-350\/"},{"@type":"ListItem","position":3,"name":"DJI Dock","item":"https:\/\/koningdrone.be\/categorie\/dji-dock\/"},{"@type":"ListItem","position":4,"name":"DJI Matrice 4D (Dock 3 Version)"}]},{"@type":"WebSite","@id":"https:\/\/koningdrone.be\/#website","url":"https:\/\/koningdrone.be\/","name":"Koningdrone.be - Votre sp\u00e9cialiste en ligne en mati\u00e8re de drones, de cardans, de cam\u00e9ras et de centrales \u00e9lectriques.","description":"La boutique en ligne de drones et de cardans","publisher":{"@id":"https:\/\/koningdrone.be\/#organization"},"potentialAction":[{"@type":"SearchAction","target":{"@type":"EntryPoint","urlTemplate":"https:\/\/koningdrone.be\/?s={search_term_string}"},"query-input":{"@type":"PropertyValueSpecification","valueRequired":true,"valueName":"search_term_string"}}],"inLanguage":"fr-BE"},{"@type":"Organization","@id":"https:\/\/koningdrone.be\/#organization","name":"Kingdrone.co.uk","url":"https:\/\/koningdrone.be\/","logo":{"@type":"ImageObject","inLanguage":"fr-BE","@id":"https:\/\/koningdrone.be\/#\/schema\/logo\/image\/","url":"https:\/\/koningdrone.be\/wp-content\/uploads\/sites\/13\/2025\/04\/koningdrone-copyright-logo.svg","contentUrl":"https:\/\/koningdrone.be\/wp-content\/uploads\/sites\/13\/2025\/04\/koningdrone-copyright-logo.svg","width":227,"height":38,"caption":"Koningdrone.be"},"image":{"@id":"https:\/\/koningdrone.be\/#\/schema\/logo\/image\/"}}]}},"df_price":4780,"df_sale_price":"","df_regular_price":4780,"df_image_link":"https:\/\/koningdrone.be\/wp-content\/uploads\/sites\/13\/2026\/03\/DJI-Matrice-4D-300x300.webp","_links":{"self":[{"href":"https:\/\/koningdrone.be\/fr\/wp-json\/wp\/v2\/product\/10788","targetHints":{"allow":["GET"]}}],"collection":[{"href":"https:\/\/koningdrone.be\/fr\/wp-json\/wp\/v2\/product"}],"about":[{"href":"https:\/\/koningdrone.be\/fr\/wp-json\/wp\/v2\/types\/product"}],"wp:featuredmedia":[{"embeddable":true,"href":"https:\/\/koningdrone.be\/fr\/wp-json\/wp\/v2\/media\/16988"}],"wp:attachment":[{"href":"https:\/\/koningdrone.be\/fr\/wp-json\/wp\/v2\/media?parent=10788"}],"wp:term":[{"taxonomy":"product_brand","embeddable":true,"href":"https:\/\/koningdrone.be\/fr\/wp-json\/wp\/v2\/product_brand?post=10788"},{"taxonomy":"product_cat","embeddable":true,"href":"https:\/\/koningdrone.be\/fr\/wp-json\/wp\/v2\/product_cat?post=10788"},{"taxonomy":"product_tag","embeddable":true,"href":"https:\/\/koningdrone.be\/fr\/wp-json\/wp\/v2\/product_tag?post=10788"}],"curies":[{"name":"wp","href":"https:\/\/api.w.org\/{rel}","templated":true}]}}