{"id":10780,"date":"2025-06-25T16:26:21","date_gmt":"2025-06-25T14:26:21","guid":{"rendered":"https:\/\/koningdrone.be\/product\/dji-matrice-400-tb100-intelligent-flight-battery\/"},"modified":"2026-04-29T03:30:09","modified_gmt":"2026-04-29T01:30:09","slug":"dji-matrice-400-tb100-intelligent-flight-battery","status":"publish","type":"product","link":"https:\/\/koningdrone.be\/fr\/produit\/dji-matrice-400-tb100-intelligent-flight-battery\/","title":{"rendered":"DJI Matrice 400 TB100 Batterie de vol intelligente"},"content":{"rendered":"<h3>DJI Matrice 400 TB100 Batterie de vol intelligente<\/h3>\n<p><iframe loading=\"lazy\" title=\"DJI Matrice 400\uff5cUtilisation de la station de recharge et de la batterie\" width=\"800\" height=\"450\" src=\"https:\/\/www.youtube.com\/embed\/DW2VgLXmBmI?feature=oembed\" frameborder=\"0\" allow=\"accelerometer; autoplay; clipboard-write; encrypted-media; gyroscope; picture-in-picture; web-share\" referrerpolicy=\"strict-origin-when-cross-origin\" allowfullscreen><\/iframe><\/p>\n<p data-start=\"227\" data-end=\"587\">La batterie de vol intelligente DJI TB100 est une batterie intelligente et performante con\u00e7ue sp\u00e9cifiquement pour fournir une alimentation fiable pour les missions de drones professionnels. Cette batterie est id\u00e9ale pour les op\u00e9rateurs qui ont besoin d'une source d'\u00e9nergie stable et constante pour des applications telles que l'arpentage, les inspections, la s\u00e9curit\u00e9 publique et d'autres d\u00e9ploiements commerciaux.<\/p>\n<p data-start=\"589\" data-end=\"733\">La batterie offre des performances constantes et prend en charge les drones puissants tels que la s\u00e9rie Matrice, ce qui la rend parfaite pour une utilisation intensive.<\/p>\n<p><a href=\"https:\/\/koningdrone.nl\/wp-content\/uploads\/2025\/06\/DJI-TB100-Intelli.-Flight-Batt.webp\"><img loading=\"lazy\" decoding=\"async\" class=\"alignnone wp-image-466797 size-full\" src=\"https:\/\/koningdrone.nl\/wp-content\/uploads\/2025\/06\/DJI-TB100-Intelli.-Flight-Batt.webp\" alt=\"DJI TB100 Intelli. Flight Batt.\" width=\"2000\" height=\"1333\" \/><\/a><\/p>\n<h4>Performance et fonctionnalit\u00e9<\/h4>\n<p>Chaque batterie TB100 est dot\u00e9e d'un <strong>haute densit\u00e9 \u00e9nerg\u00e9tique<\/strong> d'environ <strong>20 254 mAh \/ 977 Wh<\/strong>, Le syst\u00e8me de gestion intelligente permet de contr\u00f4ler en permanence la temp\u00e9rature, la tension et la consommation d'\u00e9nergie afin d'\u00e9viter la surchauffe et la d\u00e9charge profonde. Gr\u00e2ce au syst\u00e8me de gestion intelligent, la temp\u00e9rature, la tension et la consommation d'\u00e9nergie sont surveill\u00e9es en permanence pour \u00e9viter la surchauffe et la d\u00e9charge profonde. Les <strong>fonction de remplacement \u00e0 chaud<\/strong> permet de changer rapidement les batteries sans que le drone ne tombe en panne ou ne perde le signal GPS, ce qui permet de gagner du temps et d'am\u00e9liorer la continuit\u00e9 des op\u00e9rations.<\/p>\n<h4>Construction et conception<\/h4>\n<p>Les batteries TB100 sont constitu\u00e9es de cellules lithium-ion de haute qualit\u00e9 et d'un syst\u00e8me d'alimentation en \u00e9nergie de haute qualit\u00e9. <strong>Configuration 13S<\/strong> qui assure une livraison d'\u00e9nergie et une stabilit\u00e9 optimales. La conception permet un grand nombre de cycles de charge et de d\u00e9charge, jusqu'\u00e0 environ <strong>400 cycles<\/strong>, ce qui prolonge la dur\u00e9e de vie de la batterie. La conception ergonomique de l'embo\u00eetement par le haut permet de changer facilement et rapidement les piles sur le terrain, sans outil, ce qui est particuli\u00e8rement utile lors d'op\u00e9rations intensives.<\/p>\n<p style=\"text-align: center\"><a href=\"https:\/\/koningdrone.nl\/wp-content\/uploads\/2025\/06\/Intelligent-Flight-Battery-DJI-Matrice-400-TB100.webp\"><img loading=\"lazy\" decoding=\"async\" class=\"alignnone size-medium wp-image-466744\" src=\"https:\/\/koningdrone.nl\/wp-content\/uploads\/2025\/06\/Intelligent-Flight-Battery-DJI-Matrice-400-TB100-300x300.webp\" alt=\"Intelligent Flight Battery DJI Matrice 400 TB100\" width=\"300\" height=\"300\" \/><\/a><\/p>\n<h4>Pourquoi vous en avez besoin<\/h4>\n<p style=\"margin: 20px 0\">Pour les pilotes de drones professionnels qui ont besoin d'une longue dur\u00e9e de vol et d'un temps d'arr\u00eat minimal, un pack de 3 batteries TB100 est un investissement qui en vaut la peine. En disposant de plusieurs batteries \u00e0 la fois, vous pouvez les changer rapidement et assurer des sessions op\u00e9rationnelles plus longues sans attendre la recharge. Cet ensemble de batteries augmente la productivit\u00e9 et vous permet d'accomplir des t\u00e2ches complexes en une seule fois.<\/p>\n<p><iframe loading=\"lazy\" title=\"DJI Matrice 400 : Tout ce qu&#039;il faut savoir\" width=\"800\" height=\"450\" src=\"https:\/\/www.youtube.com\/embed\/Cc7UMhmshpI?feature=oembed&#038;enablejsapi=1&#038;origin=https:\/\/koningdrone.be\" frameborder=\"0\" allow=\"accelerometer; autoplay; clipboard-write; encrypted-media; gyroscope; picture-in-picture; web-share\" referrerpolicy=\"strict-origin-when-cross-origin\" allowfullscreen><\/iframe><\/p>","protected":false},"excerpt":{"rendered":"<ul>\n<li>Grande capacit\u00e9 d'alimentation (~20 254 mAh \/ 977 Wh) pour une dur\u00e9e de vol plus longue.<\/li>\n<li>Gr\u00e2ce \u00e0 la conception de l'\u00e9change \u00e0 chaud, vous pouvez remplacer les piles sans perdre l'alimentation ou le signal GPS.<\/li>\n<li>Surveillance intelligente int\u00e9gr\u00e9e pour une gestion en temps r\u00e9el de la s\u00e9curit\u00e9 et des performances.<\/li>\n<li>Prend en charge jusqu'\u00e0 ~400 cycles de charge\/d\u00e9charge pour une fiabilit\u00e9 \u00e0 long terme.<\/li>\n<li>Conception ergonomique avec insert sup\u00e9rieur pour un remplacement plus rapide des piles sur le terrain.<\/li>\n<\/ul>","protected":false},"featured_media":16958,"template":"","meta":{"_acf_changed":false},"product_brand":[],"product_cat":[97,1729,1583,624],"product_tag":[],"class_list":{"0":"post-10780","1":"product","2":"type-product","3":"status-publish","4":"has-post-thumbnail","6":"product_cat-alle-producten","7":"product_cat-dji-batterijen","8":"product_cat-dji-matrice-400","9":"product_cat-enterprise-accessoires","10":"product_shipping_class-uavspacesall","11":"pa_brand-dji","12":"pa_producttype-lithium-ion-vliegaccu-voor-drones","14":"first","15":"instock","16":"taxable","17":"shipping-taxable","18":"purchasable","19":"product-type-simple"},"acf":[],"yoast_head":"<!-- This site is optimized with the Yoast SEO Premium plugin v27.2 (Yoast SEO v27.2) - https:\/\/yoast.com\/product\/yoast-seo-premium-wordpress\/ -->\n<title>DJI Matrice 400 TB100 Intelligent Flight Battery - koningdrone.be<\/title>\n<meta name=\"robots\" content=\"index, follow, max-snippet:-1, max-image-preview:large, max-video-preview:-1\" \/>\n<link rel=\"canonical\" href=\"https:\/\/koningdrone.be\/fr\/produit\/dji-matrice-400-tb100-intelligent-flight-battery\/\" \/>\n<meta property=\"og:locale\" content=\"fr_FR\" \/>\n<meta property=\"og:type\" content=\"article\" \/>\n<meta property=\"og:title\" content=\"DJI Matrice 400 TB100 Intelligent Flight Battery\" \/>\n<meta property=\"og:description\" content=\"Hoge energiecapaciteit (~20.254 mAh \/ 977 Wh) voor langere vluchtduur.  Dankzij het hot-swappable ontwerp kunt u batterijen vervangen zonder stroomverlies of verlies van GPS-signaal.  Intelligente ingebouwde monitoring voor realtime beheer van veiligheid en prestaties.  Ondersteunt tot ~400 laad-\/ontlaadcycli voor langdurige betrouwbaarheid.  Ergonomisch ontwerp met boveninzetstuk voor snellere batterijwissels in het veld.\" \/>\n<meta property=\"og:url\" content=\"https:\/\/koningdrone.be\/fr\/produit\/dji-matrice-400-tb100-intelligent-flight-battery\/\" \/>\n<meta property=\"og:site_name\" content=\"koningdrone.be\" \/>\n<meta property=\"article:modified_time\" content=\"2026-04-29T01:30:09+00:00\" \/>\n<meta property=\"og:image\" content=\"https:\/\/koningdrone.be\/wp-content\/uploads\/sites\/13\/2026\/03\/DJI-Matrice-400-TB100-Intelligent-Flight-Battery.webp\" \/>\n\t<meta property=\"og:image:width\" content=\"2048\" \/>\n\t<meta property=\"og:image:height\" content=\"2048\" \/>\n\t<meta property=\"og:image:type\" content=\"image\/webp\" \/>\n<meta name=\"twitter:card\" content=\"summary_large_image\" \/>\n<meta name=\"twitter:label1\" content=\"Dur\u00e9e de lecture est.\" \/>\n\t<meta name=\"twitter:data1\" content=\"2 minutes\" \/>\n<script type=\"application\/ld+json\" class=\"yoast-schema-graph\">{\"@context\":\"https:\/\/schema.org\",\"@graph\":[{\"@type\":\"WebPage\",\"@id\":\"https:\/\/koningdrone.be\/product\/dji-matrice-400-tb100-intelligent-flight-battery\/\",\"url\":\"https:\/\/koningdrone.be\/product\/dji-matrice-400-tb100-intelligent-flight-battery\/\",\"name\":\"DJI Matrice 400 TB100 Intelligent Flight Battery - koningdrone.be\",\"isPartOf\":{\"@id\":\"https:\/\/koningdrone.be\/#website\"},\"primaryImageOfPage\":{\"@id\":\"https:\/\/koningdrone.be\/product\/dji-matrice-400-tb100-intelligent-flight-battery\/#primaryimage\"},\"image\":{\"@id\":\"https:\/\/koningdrone.be\/product\/dji-matrice-400-tb100-intelligent-flight-battery\/#primaryimage\"},\"thumbnailUrl\":\"https:\/\/koningdrone.be\/wp-content\/uploads\/sites\/13\/2026\/03\/DJI-Matrice-400-TB100-Intelligent-Flight-Battery.webp\",\"datePublished\":\"2025-06-25T14:26:21+00:00\",\"dateModified\":\"2026-04-29T01:30:09+00:00\",\"breadcrumb\":{\"@id\":\"https:\/\/koningdrone.be\/product\/dji-matrice-400-tb100-intelligent-flight-battery\/#breadcrumb\"},\"inLanguage\":\"fr-BE\",\"potentialAction\":[{\"@type\":\"ReadAction\",\"target\":[\"https:\/\/koningdrone.be\/product\/dji-matrice-400-tb100-intelligent-flight-battery\/\"]}]},{\"@type\":\"ImageObject\",\"inLanguage\":\"fr-BE\",\"@id\":\"https:\/\/koningdrone.be\/product\/dji-matrice-400-tb100-intelligent-flight-battery\/#primaryimage\",\"url\":\"https:\/\/koningdrone.be\/wp-content\/uploads\/sites\/13\/2026\/03\/DJI-Matrice-400-TB100-Intelligent-Flight-Battery.webp\",\"contentUrl\":\"https:\/\/koningdrone.be\/wp-content\/uploads\/sites\/13\/2026\/03\/DJI-Matrice-400-TB100-Intelligent-Flight-Battery.webp\",\"width\":2048,\"height\":2048},{\"@type\":\"BreadcrumbList\",\"@id\":\"https:\/\/koningdrone.be\/product\/dji-matrice-400-tb100-intelligent-flight-battery\/#breadcrumb\",\"itemListElement\":[{\"@type\":\"ListItem\",\"position\":1,\"name\":\"Home\",\"item\":\"https:\/\/koningdrone.be\/\"},{\"@type\":\"ListItem\",\"position\":2,\"name\":\"AVSS Parachute Recovery System for DJI Matrice 300\/350\",\"item\":\"https:\/\/koningdrone.be\/product\/avss-parachute-recovery-system-for-dji-matrice-300-350\/\"},{\"@type\":\"ListItem\",\"position\":3,\"name\":\"Alle producten\",\"item\":\"https:\/\/koningdrone.be\/categorie\/alle-producten\/\"},{\"@type\":\"ListItem\",\"position\":4,\"name\":\"DJI Matrice 400 TB100 Intelligent Flight Battery\"}]},{\"@type\":\"WebSite\",\"@id\":\"https:\/\/koningdrone.be\/#website\",\"url\":\"https:\/\/koningdrone.be\/\",\"name\":\"Koningdrone.be - Uw online specialist in drones, gimbals, camera's en power stations.\",\"description\":\"De webshop in drones en gimbals\",\"publisher\":{\"@id\":\"https:\/\/koningdrone.be\/#organization\"},\"potentialAction\":[{\"@type\":\"SearchAction\",\"target\":{\"@type\":\"EntryPoint\",\"urlTemplate\":\"https:\/\/koningdrone.be\/?s={search_term_string}\"},\"query-input\":{\"@type\":\"PropertyValueSpecification\",\"valueRequired\":true,\"valueName\":\"search_term_string\"}}],\"inLanguage\":\"fr-BE\"},{\"@type\":\"Organization\",\"@id\":\"https:\/\/koningdrone.be\/#organization\",\"name\":\"Koningdrone.be\",\"url\":\"https:\/\/koningdrone.be\/\",\"logo\":{\"@type\":\"ImageObject\",\"inLanguage\":\"fr-BE\",\"@id\":\"https:\/\/koningdrone.be\/#\/schema\/logo\/image\/\",\"url\":\"https:\/\/koningdrone.be\/wp-content\/uploads\/sites\/13\/2025\/04\/koningdrone-copyright-logo.svg\",\"contentUrl\":\"https:\/\/koningdrone.be\/wp-content\/uploads\/sites\/13\/2025\/04\/koningdrone-copyright-logo.svg\",\"width\":227,\"height\":38,\"caption\":\"Koningdrone.be\"},\"image\":{\"@id\":\"https:\/\/koningdrone.be\/#\/schema\/logo\/image\/\"}}]}<\/script>\n<!-- \/ Yoast SEO Premium plugin. -->","yoast_head_json":{"title":"DJI Matrice 400 TB100 Intelligent Flight Battery - koningdrone.be","robots":{"index":"index","follow":"follow","max-snippet":"max-snippet:-1","max-image-preview":"max-image-preview:large","max-video-preview":"max-video-preview:-1"},"canonical":"https:\/\/koningdrone.be\/fr\/produit\/dji-matrice-400-tb100-intelligent-flight-battery\/","og_locale":"fr_FR","og_type":"article","og_title":"DJI Matrice 400 TB100 Intelligent Flight Battery","og_description":"Hoge energiecapaciteit (~20.254 mAh \/ 977 Wh) voor langere vluchtduur.  Dankzij het hot-swappable ontwerp kunt u batterijen vervangen zonder stroomverlies of verlies van GPS-signaal.  Intelligente ingebouwde monitoring voor realtime beheer van veiligheid en prestaties.  Ondersteunt tot ~400 laad-\/ontlaadcycli voor langdurige betrouwbaarheid.  Ergonomisch ontwerp met boveninzetstuk voor snellere batterijwissels in het veld.","og_url":"https:\/\/koningdrone.be\/fr\/produit\/dji-matrice-400-tb100-intelligent-flight-battery\/","og_site_name":"koningdrone.be","article_modified_time":"2026-04-29T01:30:09+00:00","og_image":[{"width":2048,"height":2048,"url":"https:\/\/koningdrone.be\/wp-content\/uploads\/sites\/13\/2026\/03\/DJI-Matrice-400-TB100-Intelligent-Flight-Battery.webp","type":"image\/webp"}],"twitter_card":"summary_large_image","twitter_misc":{"Dur\u00e9e de lecture est.":"2 minutes"},"schema":{"@context":"https:\/\/schema.org","@graph":[{"@type":"WebPage","@id":"https:\/\/koningdrone.be\/product\/dji-matrice-400-tb100-intelligent-flight-battery\/","url":"https:\/\/koningdrone.be\/product\/dji-matrice-400-tb100-intelligent-flight-battery\/","name":"DJI Matrice 400 TB100 Intelligent Flight Battery - koningdrone.be","isPartOf":{"@id":"https:\/\/koningdrone.be\/#website"},"primaryImageOfPage":{"@id":"https:\/\/koningdrone.be\/product\/dji-matrice-400-tb100-intelligent-flight-battery\/#primaryimage"},"image":{"@id":"https:\/\/koningdrone.be\/product\/dji-matrice-400-tb100-intelligent-flight-battery\/#primaryimage"},"thumbnailUrl":"https:\/\/koningdrone.be\/wp-content\/uploads\/sites\/13\/2026\/03\/DJI-Matrice-400-TB100-Intelligent-Flight-Battery.webp","datePublished":"2025-06-25T14:26:21+00:00","dateModified":"2026-04-29T01:30:09+00:00","breadcrumb":{"@id":"https:\/\/koningdrone.be\/product\/dji-matrice-400-tb100-intelligent-flight-battery\/#breadcrumb"},"inLanguage":"fr-BE","potentialAction":[{"@type":"ReadAction","target":["https:\/\/koningdrone.be\/product\/dji-matrice-400-tb100-intelligent-flight-battery\/"]}]},{"@type":"ImageObject","inLanguage":"fr-BE","@id":"https:\/\/koningdrone.be\/product\/dji-matrice-400-tb100-intelligent-flight-battery\/#primaryimage","url":"https:\/\/koningdrone.be\/wp-content\/uploads\/sites\/13\/2026\/03\/DJI-Matrice-400-TB100-Intelligent-Flight-Battery.webp","contentUrl":"https:\/\/koningdrone.be\/wp-content\/uploads\/sites\/13\/2026\/03\/DJI-Matrice-400-TB100-Intelligent-Flight-Battery.webp","width":2048,"height":2048},{"@type":"BreadcrumbList","@id":"https:\/\/koningdrone.be\/product\/dji-matrice-400-tb100-intelligent-flight-battery\/#breadcrumb","itemListElement":[{"@type":"ListItem","position":1,"name":"Home","item":"https:\/\/koningdrone.be\/"},{"@type":"ListItem","position":2,"name":"AVSS Parachute Recovery System for DJI Matrice 300\/350","item":"https:\/\/koningdrone.be\/product\/avss-parachute-recovery-system-for-dji-matrice-300-350\/"},{"@type":"ListItem","position":3,"name":"Alle producten","item":"https:\/\/koningdrone.be\/categorie\/alle-producten\/"},{"@type":"ListItem","position":4,"name":"DJI Matrice 400 TB100 Intelligent Flight Battery"}]},{"@type":"WebSite","@id":"https:\/\/koningdrone.be\/#website","url":"https:\/\/koningdrone.be\/","name":"Koningdrone.be - Votre sp\u00e9cialiste en ligne en mati\u00e8re de drones, de cardans, de cam\u00e9ras et de centrales \u00e9lectriques.","description":"La boutique en ligne de drones et de cardans","publisher":{"@id":"https:\/\/koningdrone.be\/#organization"},"potentialAction":[{"@type":"SearchAction","target":{"@type":"EntryPoint","urlTemplate":"https:\/\/koningdrone.be\/?s={search_term_string}"},"query-input":{"@type":"PropertyValueSpecification","valueRequired":true,"valueName":"search_term_string"}}],"inLanguage":"fr-BE"},{"@type":"Organization","@id":"https:\/\/koningdrone.be\/#organization","name":"Kingdrone.co.uk","url":"https:\/\/koningdrone.be\/","logo":{"@type":"ImageObject","inLanguage":"fr-BE","@id":"https:\/\/koningdrone.be\/#\/schema\/logo\/image\/","url":"https:\/\/koningdrone.be\/wp-content\/uploads\/sites\/13\/2025\/04\/koningdrone-copyright-logo.svg","contentUrl":"https:\/\/koningdrone.be\/wp-content\/uploads\/sites\/13\/2025\/04\/koningdrone-copyright-logo.svg","width":227,"height":38,"caption":"Koningdrone.be"},"image":{"@id":"https:\/\/koningdrone.be\/#\/schema\/logo\/image\/"}}]}},"df_price":1515,"df_sale_price":"","df_regular_price":1515,"df_image_link":"https:\/\/koningdrone.be\/wp-content\/uploads\/sites\/13\/2026\/03\/DJI-Matrice-400-TB100-Intelligent-Flight-Battery-300x300.webp","_links":{"self":[{"href":"https:\/\/koningdrone.be\/fr\/wp-json\/wp\/v2\/product\/10780","targetHints":{"allow":["GET"]}}],"collection":[{"href":"https:\/\/koningdrone.be\/fr\/wp-json\/wp\/v2\/product"}],"about":[{"href":"https:\/\/koningdrone.be\/fr\/wp-json\/wp\/v2\/types\/product"}],"wp:featuredmedia":[{"embeddable":true,"href":"https:\/\/koningdrone.be\/fr\/wp-json\/wp\/v2\/media\/16958"}],"wp:attachment":[{"href":"https:\/\/koningdrone.be\/fr\/wp-json\/wp\/v2\/media?parent=10780"}],"wp:term":[{"taxonomy":"product_brand","embeddable":true,"href":"https:\/\/koningdrone.be\/fr\/wp-json\/wp\/v2\/product_brand?post=10780"},{"taxonomy":"product_cat","embeddable":true,"href":"https:\/\/koningdrone.be\/fr\/wp-json\/wp\/v2\/product_cat?post=10780"},{"taxonomy":"product_tag","embeddable":true,"href":"https:\/\/koningdrone.be\/fr\/wp-json\/wp\/v2\/product_tag?post=10780"}],"curies":[{"name":"wp","href":"https:\/\/api.w.org\/{rel}","templated":true}]}}