{"id":10776,"date":"2025-06-25T16:26:21","date_gmt":"2025-06-25T14:26:21","guid":{"rendered":"https:\/\/koningdrone.be\/product\/dji-dock-3\/"},"modified":"2026-04-29T03:30:42","modified_gmt":"2026-04-29T01:30:42","slug":"dji-dock-3","status":"publish","type":"product","link":"https:\/\/koningdrone.be\/fr\/produit\/dji-dock-3\/","title":{"rendered":"DJI Dock 3"},"content":{"rendered":"<h3>DJI Dock 3 : la r\u00e9volution des op\u00e9rations a\u00e9riennes autonomes<\/h3>\n<p><iframe loading=\"lazy\" title=\"Pr\u00e9sentation du DJI Dock 3 : Relevez tous les d\u00e9fis\" width=\"800\" height=\"450\" src=\"https:\/\/www.youtube.com\/embed\/OwUwgpqgcMA?feature=oembed&#038;enablejsapi=1&#038;origin=https:\/\/koningdrone.be\" frameborder=\"0\" allow=\"accelerometer; autoplay; clipboard-write; encrypted-media; gyroscope; picture-in-picture; web-share\" referrerpolicy=\"strict-origin-when-cross-origin\" allowfullscreen><\/iframe><\/p>\n<p style=\"margin: 20px 0\">Le <strong>DJI Dock 3<\/strong>\u00a0marque un changement de paradigme dans l'industrie des drones commerciaux. En tant que syst\u00e8me \u201cDrone-in-a-Box\u201d enti\u00e8rement autonome, le Dock 3 est con\u00e7u pour \u00e9liminer le facteur humain sur place et assurer un d\u00e9ploiement op\u00e9rationnel 24 heures sur 24 et 7 jours sur 7. Optimis\u00e9 pour les <strong>DJI Matrice 4D et 4TD<\/strong> Ce syst\u00e8me constitue une infrastructure in\u00e9gal\u00e9e pour les inspections \u00e0 grande \u00e9chelle, la surveillance des fronti\u00e8res et le contr\u00f4le industriel, o\u00f9 l'acquisition des donn\u00e9es est enti\u00e8rement num\u00e9ris\u00e9e et automatis\u00e9e.<\/p>\n<p><a href=\"https:\/\/koningdrone.nl\/wp-content\/uploads\/2025\/06\/DJI-Dock-3-Overseas-Edition.webp\"><img loading=\"lazy\" decoding=\"async\" class=\"size-full wp-image-466827 aligncenter\" src=\"https:\/\/koningdrone.nl\/wp-content\/uploads\/2025\/06\/DJI-Dock-3-Overseas-Edition.webp\" alt=\"DJI Dock 3 Overseas Edition\" width=\"1200\" height=\"800\" \/><\/a><\/p>\n<h4>Performance illimit\u00e9e et intelligence op\u00e9rationnelle<\/h4>\n<p>Le DJI Dock 3 agit comme un centre de commande intelligent pour les missions sans pilote. Gr\u00e2ce \u00e0 une int\u00e9gration transparente avec <strong>DJI FlightHub 2<\/strong> des itin\u00e9raires d'\u00e9vacuation complexes et des programmes d'inspection peuvent \u00eatre programm\u00e9s et contr\u00f4l\u00e9s \u00e0 distance. Le syst\u00e8me est \u00e9quip\u00e9 d'un <strong>Station de base RTK<\/strong>, qui garantit des atterrissages et une navigation au centim\u00e8tre pr\u00e8s, m\u00eame dans des environnements \u00e9lectromagn\u00e9tiques difficiles. La technologie de recharge rapide minimise les temps d'arr\u00eat interm\u00e9diaires, ce qui permet \u00e0 la flotte de rester en vol presque continuellement pour une efficacit\u00e9 maximale.<\/p>\n<h4>Design indestructible et flexibilit\u00e9 mobile<\/h4>\n<p style=\"margin-bottom: 20px\">Con\u00e7ue pour fonctionner l\u00e0 o\u00f9 d'autres abandonnent, la DJI Dock 3 est dot\u00e9e d'un syst\u00e8me d'alimentation en eau et d'un syst\u00e8me de refroidissement. <strong>Class\u00e9 IP56<\/strong> qui peuvent r\u00e9sister aux conditions m\u00e9t\u00e9orologiques les plus extr\u00eames. Qu'il s'agisse de chaleur torride ou de <strong>50\u00b0C<\/strong> ou le froid arctique de <strong>-30\u00b0C<\/strong>, La climatisation interne permet de maintenir le drone et son \u00e9lectronique dans des conditions optimales. Ce qui rend le Dock 3 unique, c'est sa prise en charge de <strong>assemblage de v\u00e9hicules<\/strong>, En outre, le syst\u00e8me de gestion de l'information permet de transformer un quai statique en une base d'op\u00e9rations mobile pour des op\u00e9rations dynamiques dans de vastes zones.<\/p>\n<p><a href=\"https:\/\/koningdrone.nl\/wp-content\/uploads\/2025\/06\/Dock-3-Overseas-Edition.webp\"><img loading=\"lazy\" decoding=\"async\" class=\"size-full wp-image-466826 aligncenter\" src=\"https:\/\/koningdrone.nl\/wp-content\/uploads\/2025\/06\/Dock-3-Overseas-Edition.webp\" alt=\"Dock 3 Overseas Edition\" width=\"1200\" height=\"800\" \/><\/a><\/p>\n<h4 style=\"margin-top: 20px\">Pourquoi le DJI Dock 3 est indispensable<\/h4>\n<p>Le DJI Dock 3 est la solution ultime pour les organisations qui souhaitent un flux de travail sur site \u201c sans personnel \u201d. Le syst\u00e8me r\u00e9duit consid\u00e9rablement les co\u00fbts op\u00e9rationnels en minimisant le temps de travail du personnel et en maximisant la coh\u00e9rence de la collecte de donn\u00e9es. Dans un monde o\u00f9 l'information en temps r\u00e9el est essentielle pour la s\u00e9curit\u00e9 et la maintenance, le DJI Dock 3 offre la fiabilit\u00e9 et l'\u00e9volutivit\u00e9 n\u00e9cessaires aux missions de demain.<\/p>","protected":false},"excerpt":{"rendered":"<ul>\n<li>D\u00e9collage et atterrissage automatiques des drones pour des op\u00e9rations continues 24\/7.<\/li>\n<li>Construction \u00e9tanche IP56 pour des temp\u00e9ratures et des conditions extr\u00eames.<\/li>\n<li>Permet le montage sur v\u00e9hicule pour un d\u00e9ploiement flexible.<\/li>\n<li>Int\u00e9gration avec DJI FlightHub 2 pour une planification intelligente des missions.<\/li>\n<li>Convient aux drones d'entreprise Matrice 4D et Matrice 4TD.<\/li>\n<\/ul>","protected":false},"featured_media":16971,"template":"","meta":{"_acf_changed":false},"product_brand":[],"product_cat":[1587,1588,624],"product_tag":[],"class_list":{"0":"post-10776","1":"product","2":"type-product","3":"status-publish","4":"has-post-thumbnail","6":"product_cat-dji-dock","7":"product_cat-dji-dock-3","8":"product_cat-enterprise-accessoires","9":"product_shipping_class-uavspacesall","10":"pa_brand-dji","11":"pa_producttype-drone-dock","12":"pa_series-dock-3","14":"first","15":"instock","16":"taxable","17":"shipping-taxable","18":"purchasable","19":"product-type-simple"},"acf":[],"yoast_head":"<!-- This site is optimized with the Yoast SEO Premium plugin v27.2 (Yoast SEO v27.2) - https:\/\/yoast.com\/product\/yoast-seo-premium-wordpress\/ -->\n<title>DJI Dock 3 - koningdrone.be<\/title>\n<meta name=\"robots\" content=\"index, follow, max-snippet:-1, max-image-preview:large, max-video-preview:-1\" \/>\n<link rel=\"canonical\" href=\"https:\/\/koningdrone.be\/fr\/produit\/dji-dock-3\/\" \/>\n<meta property=\"og:locale\" content=\"fr_FR\" \/>\n<meta property=\"og:type\" content=\"article\" \/>\n<meta property=\"og:title\" content=\"DJI Dock 3\" \/>\n<meta property=\"og:description\" content=\"Automatische drone\u2011opstart en landing voor continue 24\/7\u2011operaties.  Weerbestendige IP56\u2011constructie voor extreme temperaturen en omstandigheden.  Ondersteunt voertuigmontage voor flexibele inzet.  Integratie met DJI FlightHub 2 voor intelligente missieplanning.  Geschikt voor Matrice 4D en Matrice 4TD enterprise drones.\" \/>\n<meta property=\"og:url\" content=\"https:\/\/koningdrone.be\/fr\/produit\/dji-dock-3\/\" \/>\n<meta property=\"og:site_name\" content=\"koningdrone.be\" \/>\n<meta property=\"article:modified_time\" content=\"2026-04-29T01:30:42+00:00\" \/>\n<meta property=\"og:image\" content=\"https:\/\/koningdrone.be\/wp-content\/uploads\/sites\/13\/2026\/03\/DJI-Dock-3-Edition.webp\" \/>\n\t<meta property=\"og:image:width\" content=\"2048\" \/>\n\t<meta property=\"og:image:height\" content=\"2048\" \/>\n\t<meta property=\"og:image:type\" content=\"image\/webp\" \/>\n<meta name=\"twitter:card\" content=\"summary_large_image\" \/>\n<meta name=\"twitter:label1\" content=\"Dur\u00e9e de lecture est.\" \/>\n\t<meta name=\"twitter:data1\" content=\"2 minutes\" \/>\n<script type=\"application\/ld+json\" class=\"yoast-schema-graph\">{\"@context\":\"https:\/\/schema.org\",\"@graph\":[{\"@type\":\"WebPage\",\"@id\":\"https:\/\/koningdrone.be\/product\/dji-dock-3\/\",\"url\":\"https:\/\/koningdrone.be\/product\/dji-dock-3\/\",\"name\":\"DJI Dock 3 - koningdrone.be\",\"isPartOf\":{\"@id\":\"https:\/\/koningdrone.be\/#website\"},\"primaryImageOfPage\":{\"@id\":\"https:\/\/koningdrone.be\/product\/dji-dock-3\/#primaryimage\"},\"image\":{\"@id\":\"https:\/\/koningdrone.be\/product\/dji-dock-3\/#primaryimage\"},\"thumbnailUrl\":\"https:\/\/koningdrone.be\/wp-content\/uploads\/sites\/13\/2026\/03\/DJI-Dock-3-Edition.webp\",\"datePublished\":\"2025-06-25T14:26:21+00:00\",\"dateModified\":\"2026-04-29T01:30:42+00:00\",\"breadcrumb\":{\"@id\":\"https:\/\/koningdrone.be\/product\/dji-dock-3\/#breadcrumb\"},\"inLanguage\":\"fr-BE\",\"potentialAction\":[{\"@type\":\"ReadAction\",\"target\":[\"https:\/\/koningdrone.be\/product\/dji-dock-3\/\"]}]},{\"@type\":\"ImageObject\",\"inLanguage\":\"fr-BE\",\"@id\":\"https:\/\/koningdrone.be\/product\/dji-dock-3\/#primaryimage\",\"url\":\"https:\/\/koningdrone.be\/wp-content\/uploads\/sites\/13\/2026\/03\/DJI-Dock-3-Edition.webp\",\"contentUrl\":\"https:\/\/koningdrone.be\/wp-content\/uploads\/sites\/13\/2026\/03\/DJI-Dock-3-Edition.webp\",\"width\":2048,\"height\":2048},{\"@type\":\"BreadcrumbList\",\"@id\":\"https:\/\/koningdrone.be\/product\/dji-dock-3\/#breadcrumb\",\"itemListElement\":[{\"@type\":\"ListItem\",\"position\":1,\"name\":\"Home\",\"item\":\"https:\/\/koningdrone.be\/\"},{\"@type\":\"ListItem\",\"position\":2,\"name\":\"AVSS Parachute Recovery System for DJI Matrice 300\/350\",\"item\":\"https:\/\/koningdrone.be\/product\/avss-parachute-recovery-system-for-dji-matrice-300-350\/\"},{\"@type\":\"ListItem\",\"position\":3,\"name\":\"DJI Dock\",\"item\":\"https:\/\/koningdrone.be\/categorie\/dji-dock\/\"},{\"@type\":\"ListItem\",\"position\":4,\"name\":\"DJI Dock 3\"}]},{\"@type\":\"WebSite\",\"@id\":\"https:\/\/koningdrone.be\/#website\",\"url\":\"https:\/\/koningdrone.be\/\",\"name\":\"Koningdrone.be - Uw online specialist in drones, gimbals, camera's en power stations.\",\"description\":\"De webshop in drones en gimbals\",\"publisher\":{\"@id\":\"https:\/\/koningdrone.be\/#organization\"},\"potentialAction\":[{\"@type\":\"SearchAction\",\"target\":{\"@type\":\"EntryPoint\",\"urlTemplate\":\"https:\/\/koningdrone.be\/?s={search_term_string}\"},\"query-input\":{\"@type\":\"PropertyValueSpecification\",\"valueRequired\":true,\"valueName\":\"search_term_string\"}}],\"inLanguage\":\"fr-BE\"},{\"@type\":\"Organization\",\"@id\":\"https:\/\/koningdrone.be\/#organization\",\"name\":\"Koningdrone.be\",\"url\":\"https:\/\/koningdrone.be\/\",\"logo\":{\"@type\":\"ImageObject\",\"inLanguage\":\"fr-BE\",\"@id\":\"https:\/\/koningdrone.be\/#\/schema\/logo\/image\/\",\"url\":\"https:\/\/koningdrone.be\/wp-content\/uploads\/sites\/13\/2025\/04\/koningdrone-copyright-logo.svg\",\"contentUrl\":\"https:\/\/koningdrone.be\/wp-content\/uploads\/sites\/13\/2025\/04\/koningdrone-copyright-logo.svg\",\"width\":227,\"height\":38,\"caption\":\"Koningdrone.be\"},\"image\":{\"@id\":\"https:\/\/koningdrone.be\/#\/schema\/logo\/image\/\"}}]}<\/script>\n<!-- \/ Yoast SEO Premium plugin. -->","yoast_head_json":{"title":"DJI Dock 3 - koningdrone.be","robots":{"index":"index","follow":"follow","max-snippet":"max-snippet:-1","max-image-preview":"max-image-preview:large","max-video-preview":"max-video-preview:-1"},"canonical":"https:\/\/koningdrone.be\/fr\/produit\/dji-dock-3\/","og_locale":"fr_FR","og_type":"article","og_title":"DJI Dock 3","og_description":"Automatische drone\u2011opstart en landing voor continue 24\/7\u2011operaties.  Weerbestendige IP56\u2011constructie voor extreme temperaturen en omstandigheden.  Ondersteunt voertuigmontage voor flexibele inzet.  Integratie met DJI FlightHub 2 voor intelligente missieplanning.  Geschikt voor Matrice 4D en Matrice 4TD enterprise drones.","og_url":"https:\/\/koningdrone.be\/fr\/produit\/dji-dock-3\/","og_site_name":"koningdrone.be","article_modified_time":"2026-04-29T01:30:42+00:00","og_image":[{"width":2048,"height":2048,"url":"https:\/\/koningdrone.be\/wp-content\/uploads\/sites\/13\/2026\/03\/DJI-Dock-3-Edition.webp","type":"image\/webp"}],"twitter_card":"summary_large_image","twitter_misc":{"Dur\u00e9e de lecture est.":"2 minutes"},"schema":{"@context":"https:\/\/schema.org","@graph":[{"@type":"WebPage","@id":"https:\/\/koningdrone.be\/product\/dji-dock-3\/","url":"https:\/\/koningdrone.be\/product\/dji-dock-3\/","name":"DJI Dock 3 - koningdrone.be","isPartOf":{"@id":"https:\/\/koningdrone.be\/#website"},"primaryImageOfPage":{"@id":"https:\/\/koningdrone.be\/product\/dji-dock-3\/#primaryimage"},"image":{"@id":"https:\/\/koningdrone.be\/product\/dji-dock-3\/#primaryimage"},"thumbnailUrl":"https:\/\/koningdrone.be\/wp-content\/uploads\/sites\/13\/2026\/03\/DJI-Dock-3-Edition.webp","datePublished":"2025-06-25T14:26:21+00:00","dateModified":"2026-04-29T01:30:42+00:00","breadcrumb":{"@id":"https:\/\/koningdrone.be\/product\/dji-dock-3\/#breadcrumb"},"inLanguage":"fr-BE","potentialAction":[{"@type":"ReadAction","target":["https:\/\/koningdrone.be\/product\/dji-dock-3\/"]}]},{"@type":"ImageObject","inLanguage":"fr-BE","@id":"https:\/\/koningdrone.be\/product\/dji-dock-3\/#primaryimage","url":"https:\/\/koningdrone.be\/wp-content\/uploads\/sites\/13\/2026\/03\/DJI-Dock-3-Edition.webp","contentUrl":"https:\/\/koningdrone.be\/wp-content\/uploads\/sites\/13\/2026\/03\/DJI-Dock-3-Edition.webp","width":2048,"height":2048},{"@type":"BreadcrumbList","@id":"https:\/\/koningdrone.be\/product\/dji-dock-3\/#breadcrumb","itemListElement":[{"@type":"ListItem","position":1,"name":"Home","item":"https:\/\/koningdrone.be\/"},{"@type":"ListItem","position":2,"name":"AVSS Parachute Recovery System for DJI Matrice 300\/350","item":"https:\/\/koningdrone.be\/product\/avss-parachute-recovery-system-for-dji-matrice-300-350\/"},{"@type":"ListItem","position":3,"name":"DJI Dock","item":"https:\/\/koningdrone.be\/categorie\/dji-dock\/"},{"@type":"ListItem","position":4,"name":"DJI Dock 3"}]},{"@type":"WebSite","@id":"https:\/\/koningdrone.be\/#website","url":"https:\/\/koningdrone.be\/","name":"Koningdrone.be - Votre sp\u00e9cialiste en ligne en mati\u00e8re de drones, de cardans, de cam\u00e9ras et de centrales \u00e9lectriques.","description":"La boutique en ligne de drones et de cardans","publisher":{"@id":"https:\/\/koningdrone.be\/#organization"},"potentialAction":[{"@type":"SearchAction","target":{"@type":"EntryPoint","urlTemplate":"https:\/\/koningdrone.be\/?s={search_term_string}"},"query-input":{"@type":"PropertyValueSpecification","valueRequired":true,"valueName":"search_term_string"}}],"inLanguage":"fr-BE"},{"@type":"Organization","@id":"https:\/\/koningdrone.be\/#organization","name":"Kingdrone.co.uk","url":"https:\/\/koningdrone.be\/","logo":{"@type":"ImageObject","inLanguage":"fr-BE","@id":"https:\/\/koningdrone.be\/#\/schema\/logo\/image\/","url":"https:\/\/koningdrone.be\/wp-content\/uploads\/sites\/13\/2025\/04\/koningdrone-copyright-logo.svg","contentUrl":"https:\/\/koningdrone.be\/wp-content\/uploads\/sites\/13\/2025\/04\/koningdrone-copyright-logo.svg","width":227,"height":38,"caption":"Koningdrone.be"},"image":{"@id":"https:\/\/koningdrone.be\/#\/schema\/logo\/image\/"}}]}},"df_price":11445,"df_sale_price":"","df_regular_price":11445,"df_image_link":"https:\/\/koningdrone.be\/wp-content\/uploads\/sites\/13\/2026\/03\/DJI-Dock-3-Edition-300x300.webp","_links":{"self":[{"href":"https:\/\/koningdrone.be\/fr\/wp-json\/wp\/v2\/product\/10776","targetHints":{"allow":["GET"]}}],"collection":[{"href":"https:\/\/koningdrone.be\/fr\/wp-json\/wp\/v2\/product"}],"about":[{"href":"https:\/\/koningdrone.be\/fr\/wp-json\/wp\/v2\/types\/product"}],"wp:featuredmedia":[{"embeddable":true,"href":"https:\/\/koningdrone.be\/fr\/wp-json\/wp\/v2\/media\/16971"}],"wp:attachment":[{"href":"https:\/\/koningdrone.be\/fr\/wp-json\/wp\/v2\/media?parent=10776"}],"wp:term":[{"taxonomy":"product_brand","embeddable":true,"href":"https:\/\/koningdrone.be\/fr\/wp-json\/wp\/v2\/product_brand?post=10776"},{"taxonomy":"product_cat","embeddable":true,"href":"https:\/\/koningdrone.be\/fr\/wp-json\/wp\/v2\/product_cat?post=10776"},{"taxonomy":"product_tag","embeddable":true,"href":"https:\/\/koningdrone.be\/fr\/wp-json\/wp\/v2\/product_tag?post=10776"}],"curies":[{"name":"wp","href":"https:\/\/api.w.org\/{rel}","templated":true}]}}