{"id":10773,"date":"2025-06-25T16:26:21","date_gmt":"2025-06-25T14:26:21","guid":{"rendered":"https:\/\/koningdrone.be\/product\/dji-matrice-4d-series-240w-charging-hub\/"},"modified":"2026-04-29T03:30:48","modified_gmt":"2026-04-29T01:30:48","slug":"dji-matrice-4d-series-240w-charging-hub","status":"publish","type":"product","link":"https:\/\/koningdrone.be\/fr\/produit\/dji-matrice-4d-series-240w-charging-hub\/","title":{"rendered":"DJI Matrice 4D Series 240W Charging Hub"},"content":{"rendered":"<h3>DJI Matrice 4D Series 240W Charging Hub<\/h3>\n<p><iframe loading=\"lazy\" title=\"DJI Matrice 4D Series\uff5cPremi\u00e8re utilisation\" width=\"800\" height=\"450\" src=\"https:\/\/www.youtube.com\/embed\/LldOiJmq6pA?start=1&#038;feature=oembed&#038;enablejsapi=1&#038;origin=https:\/\/koningdrone.be\" frameborder=\"0\" allow=\"accelerometer; autoplay; clipboard-write; encrypted-media; gyroscope; picture-in-picture; web-share\" referrerpolicy=\"strict-origin-when-cross-origin\" allowfullscreen><\/iframe><\/p>\n<p style=\"margin: 20px 0\">Le DJI Matrice 4D Series 240W Charging Hub est une solution de charge professionnelle con\u00e7ue sp\u00e9cifiquement pour les batteries de vol intelligentes de la s\u00e9rie Matrice 4D. Ce concentrateur de charge compact permet aux op\u00e9rateurs de g\u00e9rer et de charger efficacement plusieurs batteries pendant les op\u00e9rations de drone. Le syst\u00e8me permet de connecter simultan\u00e9ment jusqu'\u00e0 trois batteries, qui sont ensuite automatiquement charg\u00e9es dans l'ordre le plus efficace. Il s'agit donc d'un outil essentiel pour les \u00e9quipes travaillant avec des drones professionnels dans les domaines de l'inspection, de la cartographie, de la s\u00e9curit\u00e9 et des applications industrielles.<\/p>\n<p><a href=\"https:\/\/koningdrone.nl\/wp-content\/uploads\/2026\/03\/DJI-Matrice-4D-Series-240W-Charging-Hub.jpg\"><img loading=\"lazy\" decoding=\"async\" class=\"aligncenter wp-image-467590 size-full\" src=\"https:\/\/koningdrone.nl\/wp-content\/uploads\/2026\/03\/DJI-Matrice-4D-Series-240W-Charging-Hub.jpg\" alt=\"DJI Matrice 4D Series 240W Charging Hub\" width=\"1200\" height=\"800\" \/><\/a><\/p>\n<h4>Performance et fonctionnalit\u00e9<\/h4>\n<p>Le concentrateur de charge prend en charge des fonctions intelligentes de gestion de l'\u00e9nergie et charge les batteries de mani\u00e8re s\u00e9quentielle, du niveau de charge le plus \u00e9lev\u00e9 au niveau le plus bas. Cela maximise l'efficacit\u00e9 du processus de charge et permet aux op\u00e9rateurs de reprendre l'antenne plus rapidement. Le concentrateur offre deux modes de charge : <strong>Mode standard<\/strong>, charger compl\u00e8tement chaque batterie jusqu'\u00e0 100%, et <strong>Mode pr\u00eat \u00e0 voler<\/strong>, Ce syst\u00e8me permet de charger les batteries \u00e0 environ 90% afin qu'elles restent instantan\u00e9ment d\u00e9ployables pour les missions \u00e0 grande vitesse. Associ\u00e9 \u00e0 l'adaptateur DJI 240W ou \u00e0 une source d'alimentation compatible, le syst\u00e8me fournit une solution de charge stable et fiable pour les op\u00e9rations de drones professionnelles.<\/p>\n<h4>Qualit\u00e9 de construction et conception<\/h4>\n<p>Le concentrateur est con\u00e7u de mani\u00e8re compacte et robuste pour une utilisation sur le terrain et dans les ateliers. L'\u00e9lectronique intelligente et l'interface de batterie s\u00e9curis\u00e9e prot\u00e8gent les batteries contre les surtensions, les surchauffes et autres risques \u00e9lectriques. La conception l\u00e9g\u00e8re facilite le transport, tandis que les ports de connexion robustes garantissent une connexion fiable aux batteries et accessoires de la s\u00e9rie Matrice 4D.<\/p>\n<h4>Pourquoi vous en avez besoin<\/h4>\n<p>Pour les op\u00e9rateurs de drones travaillant avec la s\u00e9rie Matrice 4D, le DJI 240W Charging Hub est un outil indispensable pour g\u00e9rer efficacement plusieurs batteries. Gr\u00e2ce \u00e0 des modes de charge intelligents et \u00e0 une gestion optimis\u00e9e de l'\u00e9nergie, le concentrateur minimise les temps d'attente entre les vols et garantit que les batteries sont toujours pr\u00eates pour la mission suivante.<\/p>","protected":false},"excerpt":{"rendered":"<ul>\n<li>Charge jusqu'\u00e0 trois batteries Matrice 4D via un hub<\/li>\n<li>Technologie de charge s\u00e9quentielle intelligente pour une gestion plus efficace de l'\u00e9nergie<\/li>\n<li>Prend en charge le mode standard (100%) et le mode pr\u00eat \u00e0 voler (90%).<\/li>\n<li>Fonctionne avec l'adaptateur DJI 240W ou DJI Power 1000<\/li>\n<li>Conception compacte id\u00e9ale pour les op\u00e9rations de drone professionnelles<\/li>\n<\/ul>","protected":false},"featured_media":17286,"template":"","meta":{"_acf_changed":false},"product_brand":[],"product_cat":[1732],"product_tag":[],"class_list":{"0":"post-10773","1":"product","2":"type-product","3":"status-publish","4":"has-post-thumbnail","6":"product_cat-dji-matrice-4d","7":"product_shipping_class-uavspacesall","8":"pa_brand-dji","9":"pa_producttype-acculader","10":"pa_series-matrice","12":"first","13":"instock","14":"taxable","15":"shipping-taxable","16":"purchasable","17":"product-type-simple"},"acf":[],"yoast_head":"<!-- This site is optimized with the Yoast SEO Premium plugin v27.2 (Yoast SEO v27.2) - https:\/\/yoast.com\/product\/yoast-seo-premium-wordpress\/ -->\n<title>DJI Matrice 4D Series 240W Charging Hub - koningdrone.be<\/title>\n<meta name=\"robots\" content=\"index, follow, max-snippet:-1, max-image-preview:large, max-video-preview:-1\" \/>\n<link rel=\"canonical\" href=\"https:\/\/koningdrone.be\/fr\/produit\/dji-matrice-4d-series-240w-charging-hub\/\" \/>\n<meta property=\"og:locale\" content=\"fr_FR\" \/>\n<meta property=\"og:type\" content=\"article\" \/>\n<meta property=\"og:title\" content=\"DJI Matrice 4D Series 240W Charging Hub\" \/>\n<meta property=\"og:description\" content=\"Laadt tot drie Matrice 4D batterijen via \u00e9\u00e9n hub  Intelligente sequenti\u00eble laadtechnologie voor effici\u00ebnter energiebeheer  Ondersteunt Standard Mode (100%) en Ready-to-Fly Mode (90%)  Werkt met DJI 240W Power Adapter of DJI Power 1000  Compact ontwerp ideaal voor professionele drone-operaties\" \/>\n<meta property=\"og:url\" content=\"https:\/\/koningdrone.be\/fr\/produit\/dji-matrice-4d-series-240w-charging-hub\/\" \/>\n<meta property=\"og:site_name\" content=\"koningdrone.be\" \/>\n<meta property=\"article:modified_time\" content=\"2026-04-29T01:30:48+00:00\" \/>\n<meta property=\"og:image\" content=\"https:\/\/koningdrone.be\/wp-content\/uploads\/sites\/13\/2026\/03\/DJI-Matrice-4D-Series-240W-Charging-Hub-Product.webp\" \/>\n\t<meta property=\"og:image:width\" content=\"2048\" \/>\n\t<meta property=\"og:image:height\" content=\"2048\" \/>\n\t<meta property=\"og:image:type\" content=\"image\/webp\" \/>\n<meta name=\"twitter:card\" content=\"summary_large_image\" \/>\n<meta name=\"twitter:label1\" content=\"Dur\u00e9e de lecture est.\" \/>\n\t<meta name=\"twitter:data1\" content=\"2 minutes\" \/>\n<script type=\"application\/ld+json\" class=\"yoast-schema-graph\">{\"@context\":\"https:\/\/schema.org\",\"@graph\":[{\"@type\":\"WebPage\",\"@id\":\"https:\/\/koningdrone.be\/product\/dji-matrice-4d-series-240w-charging-hub\/\",\"url\":\"https:\/\/koningdrone.be\/product\/dji-matrice-4d-series-240w-charging-hub\/\",\"name\":\"DJI Matrice 4D Series 240W Charging Hub - koningdrone.be\",\"isPartOf\":{\"@id\":\"https:\/\/koningdrone.be\/#website\"},\"primaryImageOfPage\":{\"@id\":\"https:\/\/koningdrone.be\/product\/dji-matrice-4d-series-240w-charging-hub\/#primaryimage\"},\"image\":{\"@id\":\"https:\/\/koningdrone.be\/product\/dji-matrice-4d-series-240w-charging-hub\/#primaryimage\"},\"thumbnailUrl\":\"https:\/\/koningdrone.be\/wp-content\/uploads\/sites\/13\/2026\/03\/DJI-Matrice-4D-Series-240W-Charging-Hub-Product.webp\",\"datePublished\":\"2025-06-25T14:26:21+00:00\",\"dateModified\":\"2026-04-29T01:30:48+00:00\",\"breadcrumb\":{\"@id\":\"https:\/\/koningdrone.be\/product\/dji-matrice-4d-series-240w-charging-hub\/#breadcrumb\"},\"inLanguage\":\"fr-BE\",\"potentialAction\":[{\"@type\":\"ReadAction\",\"target\":[\"https:\/\/koningdrone.be\/product\/dji-matrice-4d-series-240w-charging-hub\/\"]}]},{\"@type\":\"ImageObject\",\"inLanguage\":\"fr-BE\",\"@id\":\"https:\/\/koningdrone.be\/product\/dji-matrice-4d-series-240w-charging-hub\/#primaryimage\",\"url\":\"https:\/\/koningdrone.be\/wp-content\/uploads\/sites\/13\/2026\/03\/DJI-Matrice-4D-Series-240W-Charging-Hub-Product.webp\",\"contentUrl\":\"https:\/\/koningdrone.be\/wp-content\/uploads\/sites\/13\/2026\/03\/DJI-Matrice-4D-Series-240W-Charging-Hub-Product.webp\",\"width\":2048,\"height\":2048},{\"@type\":\"BreadcrumbList\",\"@id\":\"https:\/\/koningdrone.be\/product\/dji-matrice-4d-series-240w-charging-hub\/#breadcrumb\",\"itemListElement\":[{\"@type\":\"ListItem\",\"position\":1,\"name\":\"Home\",\"item\":\"https:\/\/koningdrone.be\/\"},{\"@type\":\"ListItem\",\"position\":2,\"name\":\"AVSS Parachute Recovery System for DJI Matrice 300\/350\",\"item\":\"https:\/\/koningdrone.be\/product\/avss-parachute-recovery-system-for-dji-matrice-300-350\/\"},{\"@type\":\"ListItem\",\"position\":3,\"name\":\"DJI Matrice 4D\",\"item\":\"https:\/\/koningdrone.be\/categorie\/dji-matrice-4d\/\"},{\"@type\":\"ListItem\",\"position\":4,\"name\":\"DJI Matrice 4D Series 240W Charging Hub\"}]},{\"@type\":\"WebSite\",\"@id\":\"https:\/\/koningdrone.be\/#website\",\"url\":\"https:\/\/koningdrone.be\/\",\"name\":\"Koningdrone.be - Uw online specialist in drones, gimbals, camera's en power stations.\",\"description\":\"De webshop in drones en gimbals\",\"publisher\":{\"@id\":\"https:\/\/koningdrone.be\/#organization\"},\"potentialAction\":[{\"@type\":\"SearchAction\",\"target\":{\"@type\":\"EntryPoint\",\"urlTemplate\":\"https:\/\/koningdrone.be\/?s={search_term_string}\"},\"query-input\":{\"@type\":\"PropertyValueSpecification\",\"valueRequired\":true,\"valueName\":\"search_term_string\"}}],\"inLanguage\":\"fr-BE\"},{\"@type\":\"Organization\",\"@id\":\"https:\/\/koningdrone.be\/#organization\",\"name\":\"Koningdrone.be\",\"url\":\"https:\/\/koningdrone.be\/\",\"logo\":{\"@type\":\"ImageObject\",\"inLanguage\":\"fr-BE\",\"@id\":\"https:\/\/koningdrone.be\/#\/schema\/logo\/image\/\",\"url\":\"https:\/\/koningdrone.be\/wp-content\/uploads\/sites\/13\/2025\/04\/koningdrone-copyright-logo.svg\",\"contentUrl\":\"https:\/\/koningdrone.be\/wp-content\/uploads\/sites\/13\/2025\/04\/koningdrone-copyright-logo.svg\",\"width\":227,\"height\":38,\"caption\":\"Koningdrone.be\"},\"image\":{\"@id\":\"https:\/\/koningdrone.be\/#\/schema\/logo\/image\/\"}}]}<\/script>\n<!-- \/ Yoast SEO Premium plugin. -->","yoast_head_json":{"title":"DJI Matrice 4D Series 240W Charging Hub - koningdrone.be","robots":{"index":"index","follow":"follow","max-snippet":"max-snippet:-1","max-image-preview":"max-image-preview:large","max-video-preview":"max-video-preview:-1"},"canonical":"https:\/\/koningdrone.be\/fr\/produit\/dji-matrice-4d-series-240w-charging-hub\/","og_locale":"fr_FR","og_type":"article","og_title":"DJI Matrice 4D Series 240W Charging Hub","og_description":"Laadt tot drie Matrice 4D batterijen via \u00e9\u00e9n hub  Intelligente sequenti\u00eble laadtechnologie voor effici\u00ebnter energiebeheer  Ondersteunt Standard Mode (100%) en Ready-to-Fly Mode (90%)  Werkt met DJI 240W Power Adapter of DJI Power 1000  Compact ontwerp ideaal voor professionele drone-operaties","og_url":"https:\/\/koningdrone.be\/fr\/produit\/dji-matrice-4d-series-240w-charging-hub\/","og_site_name":"koningdrone.be","article_modified_time":"2026-04-29T01:30:48+00:00","og_image":[{"width":2048,"height":2048,"url":"https:\/\/koningdrone.be\/wp-content\/uploads\/sites\/13\/2026\/03\/DJI-Matrice-4D-Series-240W-Charging-Hub-Product.webp","type":"image\/webp"}],"twitter_card":"summary_large_image","twitter_misc":{"Dur\u00e9e de lecture est.":"2 minutes"},"schema":{"@context":"https:\/\/schema.org","@graph":[{"@type":"WebPage","@id":"https:\/\/koningdrone.be\/product\/dji-matrice-4d-series-240w-charging-hub\/","url":"https:\/\/koningdrone.be\/product\/dji-matrice-4d-series-240w-charging-hub\/","name":"DJI Matrice 4D Series 240W Charging Hub - koningdrone.be","isPartOf":{"@id":"https:\/\/koningdrone.be\/#website"},"primaryImageOfPage":{"@id":"https:\/\/koningdrone.be\/product\/dji-matrice-4d-series-240w-charging-hub\/#primaryimage"},"image":{"@id":"https:\/\/koningdrone.be\/product\/dji-matrice-4d-series-240w-charging-hub\/#primaryimage"},"thumbnailUrl":"https:\/\/koningdrone.be\/wp-content\/uploads\/sites\/13\/2026\/03\/DJI-Matrice-4D-Series-240W-Charging-Hub-Product.webp","datePublished":"2025-06-25T14:26:21+00:00","dateModified":"2026-04-29T01:30:48+00:00","breadcrumb":{"@id":"https:\/\/koningdrone.be\/product\/dji-matrice-4d-series-240w-charging-hub\/#breadcrumb"},"inLanguage":"fr-BE","potentialAction":[{"@type":"ReadAction","target":["https:\/\/koningdrone.be\/product\/dji-matrice-4d-series-240w-charging-hub\/"]}]},{"@type":"ImageObject","inLanguage":"fr-BE","@id":"https:\/\/koningdrone.be\/product\/dji-matrice-4d-series-240w-charging-hub\/#primaryimage","url":"https:\/\/koningdrone.be\/wp-content\/uploads\/sites\/13\/2026\/03\/DJI-Matrice-4D-Series-240W-Charging-Hub-Product.webp","contentUrl":"https:\/\/koningdrone.be\/wp-content\/uploads\/sites\/13\/2026\/03\/DJI-Matrice-4D-Series-240W-Charging-Hub-Product.webp","width":2048,"height":2048},{"@type":"BreadcrumbList","@id":"https:\/\/koningdrone.be\/product\/dji-matrice-4d-series-240w-charging-hub\/#breadcrumb","itemListElement":[{"@type":"ListItem","position":1,"name":"Home","item":"https:\/\/koningdrone.be\/"},{"@type":"ListItem","position":2,"name":"AVSS Parachute Recovery System for DJI Matrice 300\/350","item":"https:\/\/koningdrone.be\/product\/avss-parachute-recovery-system-for-dji-matrice-300-350\/"},{"@type":"ListItem","position":3,"name":"DJI Matrice 4D","item":"https:\/\/koningdrone.be\/categorie\/dji-matrice-4d\/"},{"@type":"ListItem","position":4,"name":"DJI Matrice 4D Series 240W Charging Hub"}]},{"@type":"WebSite","@id":"https:\/\/koningdrone.be\/#website","url":"https:\/\/koningdrone.be\/","name":"Koningdrone.be - Votre sp\u00e9cialiste en ligne en mati\u00e8re de drones, de cardans, de cam\u00e9ras et de centrales \u00e9lectriques.","description":"La boutique en ligne de drones et de cardans","publisher":{"@id":"https:\/\/koningdrone.be\/#organization"},"potentialAction":[{"@type":"SearchAction","target":{"@type":"EntryPoint","urlTemplate":"https:\/\/koningdrone.be\/?s={search_term_string}"},"query-input":{"@type":"PropertyValueSpecification","valueRequired":true,"valueName":"search_term_string"}}],"inLanguage":"fr-BE"},{"@type":"Organization","@id":"https:\/\/koningdrone.be\/#organization","name":"Kingdrone.co.uk","url":"https:\/\/koningdrone.be\/","logo":{"@type":"ImageObject","inLanguage":"fr-BE","@id":"https:\/\/koningdrone.be\/#\/schema\/logo\/image\/","url":"https:\/\/koningdrone.be\/wp-content\/uploads\/sites\/13\/2025\/04\/koningdrone-copyright-logo.svg","contentUrl":"https:\/\/koningdrone.be\/wp-content\/uploads\/sites\/13\/2025\/04\/koningdrone-copyright-logo.svg","width":227,"height":38,"caption":"Koningdrone.be"},"image":{"@id":"https:\/\/koningdrone.be\/#\/schema\/logo\/image\/"}}]}},"df_price":89,"df_sale_price":"","df_regular_price":89,"df_image_link":"https:\/\/koningdrone.be\/wp-content\/uploads\/sites\/13\/2026\/03\/DJI-Matrice-4D-Series-240W-Charging-Hub-Product-300x300.webp","_links":{"self":[{"href":"https:\/\/koningdrone.be\/fr\/wp-json\/wp\/v2\/product\/10773","targetHints":{"allow":["GET"]}}],"collection":[{"href":"https:\/\/koningdrone.be\/fr\/wp-json\/wp\/v2\/product"}],"about":[{"href":"https:\/\/koningdrone.be\/fr\/wp-json\/wp\/v2\/types\/product"}],"wp:featuredmedia":[{"embeddable":true,"href":"https:\/\/koningdrone.be\/fr\/wp-json\/wp\/v2\/media\/17286"}],"wp:attachment":[{"href":"https:\/\/koningdrone.be\/fr\/wp-json\/wp\/v2\/media?parent=10773"}],"wp:term":[{"taxonomy":"product_brand","embeddable":true,"href":"https:\/\/koningdrone.be\/fr\/wp-json\/wp\/v2\/product_brand?post=10773"},{"taxonomy":"product_cat","embeddable":true,"href":"https:\/\/koningdrone.be\/fr\/wp-json\/wp\/v2\/product_cat?post=10773"},{"taxonomy":"product_tag","embeddable":true,"href":"https:\/\/koningdrone.be\/fr\/wp-json\/wp\/v2\/product_tag?post=10773"}],"curies":[{"name":"wp","href":"https:\/\/api.w.org\/{rel}","templated":true}]}}