{"id":10770,"date":"2025-06-25T16:26:21","date_gmt":"2025-06-25T14:26:21","guid":{"rendered":"https:\/\/koningdrone.be\/product\/dji-matrice-400\/"},"modified":"2026-04-29T03:30:34","modified_gmt":"2026-04-29T01:30:34","slug":"dji-matrice-400","status":"publish","type":"product","link":"https:\/\/koningdrone.be\/fr\/produit\/dji-matrice-400\/","title":{"rendered":"DJI Matrice 400"},"content":{"rendered":"<h3>DJI Matrice 400 - La force de l'entreprise dans les airs<\/h3>\n<p><iframe loading=\"lazy\" title=\"DJI Matrice 400 : Tout ce qu&#039;il faut savoir\" width=\"800\" height=\"450\" src=\"https:\/\/www.youtube.com\/embed\/Cc7UMhmshpI?feature=oembed&#038;enablejsapi=1&#038;origin=https:\/\/koningdrone.be\" frameborder=\"0\" allow=\"accelerometer; autoplay; clipboard-write; encrypted-media; gyroscope; picture-in-picture; web-share\" referrerpolicy=\"strict-origin-when-cross-origin\" allowfullscreen><\/iframe><\/p>\n<p style=\"margin: 20px 0\">Le <strong>DJI Matrice 400<\/strong> est con\u00e7u pour les professionnels et offre une endurance in\u00e9gal\u00e9e, une capacit\u00e9 de transport de charges lourdes et une fiabilit\u00e9 industrielle. De l'inspection des lignes \u00e0 haute tension \u00e0 la recherche et au sauvetage, en passant par la cartographie et les op\u00e9rations en mer, ce drone est performant lorsque c'est vraiment important.<\/p>\n<h4>Temps de vol prolong\u00e9 et vitesse \u00e9lev\u00e9e<\/h4>\n<ul>\n<li><strong>Jusqu'\u00e0 59 minutes de vol :<\/strong> Couvrir de vastes zones, effectuer des missions en ligne et observer des incendies de for\u00eat en une seule session de batterie.<\/li>\n<li><strong>Vitesse de croisi\u00e8re de 25 m\/s (~56 mph) :<\/strong> R\u00e9duisez les temps de trajet et augmentez l'efficacit\u00e9 de chaque mission.<\/li>\n<li><strong>TB100 Batteries intelligentes :<\/strong> Auto-chauffage \u00e0 moins de 10 \u00b0C, jusqu'\u00e0 400 cycles, charge compl\u00e8te en 45 minutes seulement.<\/li>\n<\/ul>\n<p><a href=\"https:\/\/koningdrone.nl\/wp-content\/uploads\/2025\/06\/DJI-Matrice-400-1.webp\"><img loading=\"lazy\" decoding=\"async\" class=\"aligncenter wp-image-466783 size-full\" style=\"margin: 20px 0\" src=\"https:\/\/koningdrone.nl\/wp-content\/uploads\/2025\/06\/DJI-Matrice-400-1.webp\" alt=\"DJI Matrice 400\" width=\"1925\" height=\"1155\" \/><\/a><\/p>\n<h4>Charge utile \u00e9lev\u00e9e et flexibilit\u00e9 multi-sc\u00e8ne<\/h4>\n<ul>\n<li><strong>Maximum 6 kg Charge utile :<\/strong> Faites voler jusqu'\u00e0 sept charges utiles simultan\u00e9ment gr\u00e2ce \u00e0 quatre connecteurs E-Port V2, deux cardans vers le bas et un troisi\u00e8me cardan suspendu.<\/li>\n<li><strong>Charges utiles compatibles :<br \/>\n<\/strong><\/li>\n<\/ul>\n<ul>\n<li style=\"list-style-type: none\">\n<ul>\n<li><strong>S\u00e9rie Zenmuse H30 :<\/strong> \u00c9cran large, zoom, thermique, t\u00e9l\u00e9m\u00e8tre, NIR - id\u00e9al pour les op\u00e9rations de jour et de nuit.<\/li>\n<li><b>Zenmuse L3 LiDAR :<\/b><span style=\"font-weight: 400\"> Un syst\u00e8me LiDAR r\u00e9volutionnaire de 2 000 000 pts\/s avec deux cam\u00e9ras RVB de 100 MP pour une cartographie ultra-d\u00e9taill\u00e9e, pr\u00e9cise au centim\u00e8tre pr\u00e8s, et une p\u00e9n\u00e9tration sup\u00e9rieure dans la v\u00e9g\u00e9tation.<\/span><\/li>\n<li><strong>Zenmuse P1 Photogramm\u00e9trie :<\/strong> Images plein cadre de 45 Mpx \u00e0 0,7 s pour l'arpentage et la mod\u00e9lisation 3D.<\/li>\n<li><strong>Zenmuse S1 Spotlight et V1 Speaker :<\/strong> \u00c9clairage puissant de 32 W et sonorisation de 114 dB pour les op\u00e9rations et les communications nocturnes.<\/li>\n<li><strong>Collecteur 3 Ordinateur :<\/strong> IA embarqu\u00e9e pour une autonomie avanc\u00e9e et un traitement en temps r\u00e9el.<\/li>\n<\/ul>\n<\/li>\n<\/ul>\n<p><a href=\"https:\/\/koningdrone.nl\/wp-content\/uploads\/2025\/06\/Matrice-400-DJI.webp\"><img loading=\"lazy\" decoding=\"async\" class=\"aligncenter wp-image-466702 size-medium\" src=\"https:\/\/koningdrone.nl\/wp-content\/uploads\/2025\/06\/Matrice-400-DJI-300x300.webp\" alt=\"Matrice 400 DJI\" width=\"300\" height=\"300\" \/><\/a><\/p>\n<h4>S\u00fbr et fiable dans tous les environnements<\/h4>\n<ul>\n<li><strong>IP55 R\u00e9sistance aux intemp\u00e9ries :<\/strong> Qu'il pleuve, qu'il y ait de la poussi\u00e8re ou du brouillard, le M400 reste performant. Fonctionne de -20 \u00b0C \u00e0 50 \u00b0C.<\/li>\n<li><strong>D\u00e9tection d'obstacles \u00e0 trois niveaux :<\/strong> Le LiDAR rotatif, le radar \u00e0 ondes millim\u00e9triques et le syst\u00e8me de vision en couleur par faible luminosit\u00e9 d\u00e9tectent des obstacles d'une taille de 21,6 mm, m\u00eame dans l'obscurit\u00e9 totale.<\/li>\n<li><strong>Relais a\u00e9roport\u00e9 et transmission vid\u00e9o :<\/strong> O4 Enterprise Enhanced diffuse en continu 1080p\/60fps jusqu'\u00e0 40 km, avec un double repli 4G et sub-2 GHz pour les signaux difficiles.<\/li>\n<\/ul>\n<h4>Vols intelligents et efficacit\u00e9 op\u00e9rationnelle<\/h4>\n<ul>\n<li><strong>Suivi intelligent et missions automatiques :<\/strong> Auto-orbite, croisi\u00e8re et POI pour un suivi continu de la cible.<\/li>\n<li><strong>Suivi du terrain en temps r\u00e9el :<\/strong> Maintenir une altitude constante au-dessus des pentes ou des terrains accident\u00e9s pour le SAR, la photogramm\u00e9trie et la gestion des for\u00eats.<\/li>\n<li><strong>D\u00e9collage et atterrissage des navires :<\/strong> Reconnaissance des sch\u00e9mas de pont pour des op\u00e9rations s\u00fbres sur des navires jusqu'\u00e0 10 n\u0153uds.<\/li>\n<li><strong>Recouvrement AR :<\/strong> Marquer les lignes \u00e9lectriques, les b\u00e2timents et les points importants pour r\u00e9duire la charge de travail du pilote.<\/li>\n<\/ul>\n<p><a href=\"https:\/\/koningdrone.nl\/wp-content\/uploads\/2025\/06\/DJI-Matrice-400-drone.webp\"><img loading=\"lazy\" decoding=\"async\" class=\"aligncenter wp-image-466701 size-medium\" src=\"https:\/\/koningdrone.nl\/wp-content\/uploads\/2025\/06\/DJI-Matrice-400-drone-300x300.webp\" alt=\"DJI Matrice 400 drone\" width=\"300\" height=\"300\" \/><\/a><\/p>\n<h4>Un \u00e9cosyst\u00e8me complet d'accessoires<\/h4>\n<ul>\n<li><strong>DJI RC Plus 2 Enterprise Enhanced :<\/strong> \u00c9cran tactile de 7,02 pouces \u00e0 1 400 \u00e9clats, IP54, compatible avec les fr\u00e9quences inf\u00e9rieures \u00e0 2 GHz.<\/li>\n<li><strong>BS100 Station d'alimentation :<\/strong> Charge trois batteries TB100 en 45 minutes, silencieux \u00e0 36 dB.<\/li>\n<li><strong>Station multifonction D-RTK 3 :<\/strong> Base, rover ou relais ; pr\u00e9cision au centim\u00e8tre pr\u00e8s pour plusieurs drones.<\/li>\n<li><strong>TB100C Tethered Battery :<\/strong> Alimentation 24\/7 pour l'\u00e9clairage \u00e0 long terme ou la communication maill\u00e9e LTE.<\/li>\n<\/ul>\n<h4>Logiciels et outils de d\u00e9veloppement<\/h4>\n<ul>\n<li><strong>DJI FlightHub 2 :<\/strong> Gestion de flotte bas\u00e9e sur le cloud, alimentation multiple en direct et commande de vol \u00e0 distance.<\/li>\n<li><strong>DJI Terra :<\/strong> Reconstruction rapide 2D\/3D \u00e0 partir de RGB ou LiDAR.<\/li>\n<li><strong>DJI Modify :<\/strong> Nettoyage de nuages de points et de maillages assist\u00e9 par l'IA pour les livrables BIM et conformes \u00e0 l'ex\u00e9cution.<\/li>\n<li><strong>\u00c9cosyst\u00e8me ouvert de d\u00e9veloppeurs :<\/strong> PSDK 2.0, MSDK 5, Manifold 3 Int\u00e9gration de l'IA et flux LiDAR\/radar bruts pour des analyses personnalis\u00e9es.<\/li>\n<\/ul>\n<p><a href=\"https:\/\/koningdrone.nl\/wp-content\/uploads\/2025\/06\/Matrice-400-DJI-drone.webp\"><img loading=\"lazy\" decoding=\"async\" class=\"aligncenter wp-image-466700 size-medium\" src=\"https:\/\/koningdrone.nl\/wp-content\/uploads\/2025\/06\/Matrice-400-DJI-drone-300x300.webp\" alt=\"Matrice 400 DJI drone\" width=\"300\" height=\"300\" \/><\/a><\/p>\n<h4>Pourquoi les professionnels choisissent la DJI Matrice 400<\/h4>\n<p style=\"margin-bottom: 20px\">Le Matrice 400 est plus qu'un drone, c'est une solution a\u00e9rienne compl\u00e8te. Approuv\u00e9 par les g\u00e9om\u00e8tres, les services d'urgence, les ing\u00e9nieurs industriels et les professionnels de la cartographie, il offre les avantages suivants <strong>polyvalence, fiabilit\u00e9 et intelligence in\u00e9gal\u00e9es<\/strong>. De jour comme de nuit, sous la pluie ou le soleil, \u00e0 l'int\u00e9rieur des terres ou en mer, le M400 vous permet de <strong>couvrir plus de terrain en moins de vols<\/strong>.<\/p>\n<p><iframe loading=\"lazy\" title=\"Voici le DJI Matrice 400\" width=\"800\" height=\"450\" src=\"https:\/\/www.youtube.com\/embed\/3UrKq7xj7TI?feature=oembed\" frameborder=\"0\" allow=\"accelerometer; autoplay; clipboard-write; encrypted-media; gyroscope; picture-in-picture; web-share\" referrerpolicy=\"strict-origin-when-cross-origin\" allowfullscreen><\/iframe><\/p>","protected":false},"excerpt":{"rendered":"<ul>\n<li>Jusqu'\u00e0 59 minutes de vol r\u00e9el, m\u00eame avec une charge.<\/li>\n<li>Charge utile maximale de 6 kg pouvant accueillir jusqu'\u00e0 sept capteurs ou outils mont\u00e9s.<\/li>\n<li>D\u00e9tection avanc\u00e9e d'obstacles \u00e0 l'aide d'un LiDAR rotatif, d'un radar \u00e0 ondes millim\u00e9triques et de syst\u00e8mes de vision.<\/li>\n<li>Transmission vid\u00e9o sur de longues distances, jusqu'\u00e0 40 km, avec le syst\u00e8me O4 Enterprise Enhanced.<\/li>\n<li>Conception robuste IP55 et large plage de temp\u00e9rature pour un fonctionnement fiable dans des environnements exigeants.<\/li>\n<\/ul>","protected":false},"featured_media":16954,"template":"","meta":{"_acf_changed":false},"product_brand":[],"product_cat":[135,1416,675,1583,100,101],"product_tag":[],"class_list":{"0":"post-10770","1":"product","2":"type-product","3":"status-publish","4":"has-post-thumbnail","6":"product_cat-alle-drones","7":"product_cat-alle-enterprise-drones","8":"product_cat-dji-enterprise-drones","9":"product_cat-dji-matrice-400","10":"product_cat-enterprise-drones","11":"product_cat-professionele-dji-drone","12":"product_shipping_class-uavspacesall","13":"pa_brand-dji","14":"pa_producttype-professionele-drone-voor-bedrijven","15":"pa_series-matrice","17":"first","18":"instock","19":"taxable","20":"shipping-taxable","21":"purchasable","22":"product-type-simple"},"acf":[],"yoast_head":"<!-- This site is optimized with the Yoast SEO Premium plugin v27.2 (Yoast SEO v27.2) - https:\/\/yoast.com\/product\/yoast-seo-premium-wordpress\/ -->\n<title>DJI Matrice 400 - koningdrone.be<\/title>\n<meta name=\"robots\" content=\"index, follow, max-snippet:-1, max-image-preview:large, max-video-preview:-1\" \/>\n<link rel=\"canonical\" href=\"https:\/\/koningdrone.be\/fr\/produit\/dji-matrice-400\/\" \/>\n<meta property=\"og:locale\" content=\"fr_FR\" \/>\n<meta property=\"og:type\" content=\"article\" \/>\n<meta property=\"og:title\" content=\"DJI Matrice 400\" \/>\n<meta property=\"og:description\" content=\"Tot 59 minuten echte vliegtijd, zelfs met lading.  Maximaal laadvermogen van 6 kg met ondersteuning voor maximaal zeven gemonteerde sensoren of gereedschappen.  Geavanceerde obstakeldetectie met behulp van roterende LiDAR, mmWave-radar en visiesystemen.  Videotransmissie over lange afstanden tot 40 km met het O4 Enterprise Enhanced-systeem.  Robuust IP55-ontwerp en breed temperatuurbereik voor betrouwbare werking in veeleisende omgevingen.\" \/>\n<meta property=\"og:url\" content=\"https:\/\/koningdrone.be\/fr\/produit\/dji-matrice-400\/\" \/>\n<meta property=\"og:site_name\" content=\"koningdrone.be\" \/>\n<meta property=\"article:modified_time\" content=\"2026-04-29T01:30:34+00:00\" \/>\n<meta property=\"og:image\" content=\"https:\/\/koningdrone.be\/wp-content\/uploads\/sites\/13\/2026\/03\/DJI-Matrice-400.webp\" \/>\n\t<meta property=\"og:image:width\" content=\"2048\" \/>\n\t<meta property=\"og:image:height\" content=\"2048\" \/>\n\t<meta property=\"og:image:type\" content=\"image\/webp\" \/>\n<meta name=\"twitter:card\" content=\"summary_large_image\" \/>\n<meta name=\"twitter:label1\" content=\"Dur\u00e9e de lecture est.\" \/>\n\t<meta name=\"twitter:data1\" content=\"4 minutes\" \/>\n<script type=\"application\/ld+json\" class=\"yoast-schema-graph\">{\"@context\":\"https:\/\/schema.org\",\"@graph\":[{\"@type\":\"WebPage\",\"@id\":\"https:\/\/koningdrone.be\/product\/dji-matrice-400\/\",\"url\":\"https:\/\/koningdrone.be\/product\/dji-matrice-400\/\",\"name\":\"DJI Matrice 400 - koningdrone.be\",\"isPartOf\":{\"@id\":\"https:\/\/koningdrone.be\/#website\"},\"primaryImageOfPage\":{\"@id\":\"https:\/\/koningdrone.be\/product\/dji-matrice-400\/#primaryimage\"},\"image\":{\"@id\":\"https:\/\/koningdrone.be\/product\/dji-matrice-400\/#primaryimage\"},\"thumbnailUrl\":\"https:\/\/koningdrone.be\/wp-content\/uploads\/sites\/13\/2026\/03\/DJI-Matrice-400.webp\",\"datePublished\":\"2025-06-25T14:26:21+00:00\",\"dateModified\":\"2026-04-29T01:30:34+00:00\",\"breadcrumb\":{\"@id\":\"https:\/\/koningdrone.be\/product\/dji-matrice-400\/#breadcrumb\"},\"inLanguage\":\"fr-BE\",\"potentialAction\":[{\"@type\":\"ReadAction\",\"target\":[\"https:\/\/koningdrone.be\/product\/dji-matrice-400\/\"]}]},{\"@type\":\"ImageObject\",\"inLanguage\":\"fr-BE\",\"@id\":\"https:\/\/koningdrone.be\/product\/dji-matrice-400\/#primaryimage\",\"url\":\"https:\/\/koningdrone.be\/wp-content\/uploads\/sites\/13\/2026\/03\/DJI-Matrice-400.webp\",\"contentUrl\":\"https:\/\/koningdrone.be\/wp-content\/uploads\/sites\/13\/2026\/03\/DJI-Matrice-400.webp\",\"width\":2048,\"height\":2048},{\"@type\":\"BreadcrumbList\",\"@id\":\"https:\/\/koningdrone.be\/product\/dji-matrice-400\/#breadcrumb\",\"itemListElement\":[{\"@type\":\"ListItem\",\"position\":1,\"name\":\"Home\",\"item\":\"https:\/\/koningdrone.be\/\"},{\"@type\":\"ListItem\",\"position\":2,\"name\":\"AVSS Parachute Recovery System for DJI Matrice 300\/350\",\"item\":\"https:\/\/koningdrone.be\/product\/avss-parachute-recovery-system-for-dji-matrice-300-350\/\"},{\"@type\":\"ListItem\",\"position\":3,\"name\":\"Alle drones\",\"item\":\"https:\/\/koningdrone.be\/categorie\/alle-drones\/\"},{\"@type\":\"ListItem\",\"position\":4,\"name\":\"DJI Matrice 400\"}]},{\"@type\":\"WebSite\",\"@id\":\"https:\/\/koningdrone.be\/#website\",\"url\":\"https:\/\/koningdrone.be\/\",\"name\":\"Koningdrone.be - Uw online specialist in drones, gimbals, camera's en power stations.\",\"description\":\"De webshop in drones en gimbals\",\"publisher\":{\"@id\":\"https:\/\/koningdrone.be\/#organization\"},\"potentialAction\":[{\"@type\":\"SearchAction\",\"target\":{\"@type\":\"EntryPoint\",\"urlTemplate\":\"https:\/\/koningdrone.be\/?s={search_term_string}\"},\"query-input\":{\"@type\":\"PropertyValueSpecification\",\"valueRequired\":true,\"valueName\":\"search_term_string\"}}],\"inLanguage\":\"fr-BE\"},{\"@type\":\"Organization\",\"@id\":\"https:\/\/koningdrone.be\/#organization\",\"name\":\"Koningdrone.be\",\"url\":\"https:\/\/koningdrone.be\/\",\"logo\":{\"@type\":\"ImageObject\",\"inLanguage\":\"fr-BE\",\"@id\":\"https:\/\/koningdrone.be\/#\/schema\/logo\/image\/\",\"url\":\"https:\/\/koningdrone.be\/wp-content\/uploads\/sites\/13\/2025\/04\/koningdrone-copyright-logo.svg\",\"contentUrl\":\"https:\/\/koningdrone.be\/wp-content\/uploads\/sites\/13\/2025\/04\/koningdrone-copyright-logo.svg\",\"width\":227,\"height\":38,\"caption\":\"Koningdrone.be\"},\"image\":{\"@id\":\"https:\/\/koningdrone.be\/#\/schema\/logo\/image\/\"}}]}<\/script>\n<!-- \/ Yoast SEO Premium plugin. -->","yoast_head_json":{"title":"DJI Matrice 400 - koningdrone.be","robots":{"index":"index","follow":"follow","max-snippet":"max-snippet:-1","max-image-preview":"max-image-preview:large","max-video-preview":"max-video-preview:-1"},"canonical":"https:\/\/koningdrone.be\/fr\/produit\/dji-matrice-400\/","og_locale":"fr_FR","og_type":"article","og_title":"DJI Matrice 400","og_description":"Tot 59 minuten echte vliegtijd, zelfs met lading.  Maximaal laadvermogen van 6 kg met ondersteuning voor maximaal zeven gemonteerde sensoren of gereedschappen.  Geavanceerde obstakeldetectie met behulp van roterende LiDAR, mmWave-radar en visiesystemen.  Videotransmissie over lange afstanden tot 40 km met het O4 Enterprise Enhanced-systeem.  Robuust IP55-ontwerp en breed temperatuurbereik voor betrouwbare werking in veeleisende omgevingen.","og_url":"https:\/\/koningdrone.be\/fr\/produit\/dji-matrice-400\/","og_site_name":"koningdrone.be","article_modified_time":"2026-04-29T01:30:34+00:00","og_image":[{"width":2048,"height":2048,"url":"https:\/\/koningdrone.be\/wp-content\/uploads\/sites\/13\/2026\/03\/DJI-Matrice-400.webp","type":"image\/webp"}],"twitter_card":"summary_large_image","twitter_misc":{"Dur\u00e9e de lecture est.":"4 minutes"},"schema":{"@context":"https:\/\/schema.org","@graph":[{"@type":"WebPage","@id":"https:\/\/koningdrone.be\/product\/dji-matrice-400\/","url":"https:\/\/koningdrone.be\/product\/dji-matrice-400\/","name":"DJI Matrice 400 - koningdrone.be","isPartOf":{"@id":"https:\/\/koningdrone.be\/#website"},"primaryImageOfPage":{"@id":"https:\/\/koningdrone.be\/product\/dji-matrice-400\/#primaryimage"},"image":{"@id":"https:\/\/koningdrone.be\/product\/dji-matrice-400\/#primaryimage"},"thumbnailUrl":"https:\/\/koningdrone.be\/wp-content\/uploads\/sites\/13\/2026\/03\/DJI-Matrice-400.webp","datePublished":"2025-06-25T14:26:21+00:00","dateModified":"2026-04-29T01:30:34+00:00","breadcrumb":{"@id":"https:\/\/koningdrone.be\/product\/dji-matrice-400\/#breadcrumb"},"inLanguage":"fr-BE","potentialAction":[{"@type":"ReadAction","target":["https:\/\/koningdrone.be\/product\/dji-matrice-400\/"]}]},{"@type":"ImageObject","inLanguage":"fr-BE","@id":"https:\/\/koningdrone.be\/product\/dji-matrice-400\/#primaryimage","url":"https:\/\/koningdrone.be\/wp-content\/uploads\/sites\/13\/2026\/03\/DJI-Matrice-400.webp","contentUrl":"https:\/\/koningdrone.be\/wp-content\/uploads\/sites\/13\/2026\/03\/DJI-Matrice-400.webp","width":2048,"height":2048},{"@type":"BreadcrumbList","@id":"https:\/\/koningdrone.be\/product\/dji-matrice-400\/#breadcrumb","itemListElement":[{"@type":"ListItem","position":1,"name":"Home","item":"https:\/\/koningdrone.be\/"},{"@type":"ListItem","position":2,"name":"AVSS Parachute Recovery System for DJI Matrice 300\/350","item":"https:\/\/koningdrone.be\/product\/avss-parachute-recovery-system-for-dji-matrice-300-350\/"},{"@type":"ListItem","position":3,"name":"Alle drones","item":"https:\/\/koningdrone.be\/categorie\/alle-drones\/"},{"@type":"ListItem","position":4,"name":"DJI Matrice 400"}]},{"@type":"WebSite","@id":"https:\/\/koningdrone.be\/#website","url":"https:\/\/koningdrone.be\/","name":"Koningdrone.be - Votre sp\u00e9cialiste en ligne en mati\u00e8re de drones, de cardans, de cam\u00e9ras et de centrales \u00e9lectriques.","description":"La boutique en ligne de drones et de cardans","publisher":{"@id":"https:\/\/koningdrone.be\/#organization"},"potentialAction":[{"@type":"SearchAction","target":{"@type":"EntryPoint","urlTemplate":"https:\/\/koningdrone.be\/?s={search_term_string}"},"query-input":{"@type":"PropertyValueSpecification","valueRequired":true,"valueName":"search_term_string"}}],"inLanguage":"fr-BE"},{"@type":"Organization","@id":"https:\/\/koningdrone.be\/#organization","name":"Kingdrone.co.uk","url":"https:\/\/koningdrone.be\/","logo":{"@type":"ImageObject","inLanguage":"fr-BE","@id":"https:\/\/koningdrone.be\/#\/schema\/logo\/image\/","url":"https:\/\/koningdrone.be\/wp-content\/uploads\/sites\/13\/2025\/04\/koningdrone-copyright-logo.svg","contentUrl":"https:\/\/koningdrone.be\/wp-content\/uploads\/sites\/13\/2025\/04\/koningdrone-copyright-logo.svg","width":227,"height":38,"caption":"Koningdrone.be"},"image":{"@id":"https:\/\/koningdrone.be\/#\/schema\/logo\/image\/"}}]}},"df_price":9375,"df_sale_price":"","df_regular_price":9375,"df_image_link":"https:\/\/koningdrone.be\/wp-content\/uploads\/sites\/13\/2026\/03\/DJI-Matrice-400-300x300.webp","_links":{"self":[{"href":"https:\/\/koningdrone.be\/fr\/wp-json\/wp\/v2\/product\/10770","targetHints":{"allow":["GET"]}}],"collection":[{"href":"https:\/\/koningdrone.be\/fr\/wp-json\/wp\/v2\/product"}],"about":[{"href":"https:\/\/koningdrone.be\/fr\/wp-json\/wp\/v2\/types\/product"}],"wp:featuredmedia":[{"embeddable":true,"href":"https:\/\/koningdrone.be\/fr\/wp-json\/wp\/v2\/media\/16954"}],"wp:attachment":[{"href":"https:\/\/koningdrone.be\/fr\/wp-json\/wp\/v2\/media?parent=10770"}],"wp:term":[{"taxonomy":"product_brand","embeddable":true,"href":"https:\/\/koningdrone.be\/fr\/wp-json\/wp\/v2\/product_brand?post=10770"},{"taxonomy":"product_cat","embeddable":true,"href":"https:\/\/koningdrone.be\/fr\/wp-json\/wp\/v2\/product_cat?post=10770"},{"taxonomy":"product_tag","embeddable":true,"href":"https:\/\/koningdrone.be\/fr\/wp-json\/wp\/v2\/product_tag?post=10770"}],"curies":[{"name":"wp","href":"https:\/\/api.w.org\/{rel}","templated":true}]}}