{"id":10762,"date":"2025-07-03T10:02:01","date_gmt":"2025-07-03T08:02:01","guid":{"rendered":"https:\/\/koningdrone.be\/product\/dji-240w-power-adapter\/"},"modified":"2026-04-29T03:30:50","modified_gmt":"2026-04-29T01:30:50","slug":"dji-240w-power-adapter","status":"publish","type":"product","link":"https:\/\/koningdrone.be\/fr\/produit\/dji-240w-power-adapter\/","title":{"rendered":"Adaptateur d'alimentation DJI 240W"},"content":{"rendered":"<h3>Adaptateur d'alimentation DJI 240W<\/h3>\n<p style=\"margin-bottom: 20px\">L'adaptateur DJI 240W est un adaptateur puissant con\u00e7u pour charger rapidement et efficacement les batteries de drones et les accessoires compatibles. Cet adaptateur est id\u00e9al pour les utilisateurs de drones professionnels et les pilotes qui souhaitent passer moins de temps \u00e0 charger et plus de temps dans les airs. Dot\u00e9 d'une construction robuste et d'une puissance \u00e9lev\u00e9e, il prend en charge \u00e0 la fois les hubs de charge DJI et les appareils USB-C.<\/p>\n<p><a href=\"https:\/\/koningdrone.nl\/wp-content\/uploads\/2025\/07\/DJI-240W-Power-Adapter.jpg\"><img loading=\"lazy\" decoding=\"async\" class=\"wp-image-467630 size-full aligncenter\" src=\"https:\/\/koningdrone.nl\/wp-content\/uploads\/2025\/07\/DJI-240W-Power-Adapter.jpg\" alt=\"DJI 240W Power Adapter\" width=\"1200\" height=\"800\" \/><\/a><\/p>\n<h4>Performance et fonctionnalit\u00e9<\/h4>\n<p>L'adaptateur d\u00e9livre jusqu'\u00e0 240 W de puissance, ce qui lui permet de charger rapidement plusieurs batteries ou appareils connect\u00e9s. Le port USB-C int\u00e9gr\u00e9 peut fournir jusqu'\u00e0 65 W, ce qui est utile pour charger rapidement des contr\u00f4leurs, des tablettes et d'autres appareils USB-C. Il est donc polyvalent et adapt\u00e9 \u00e0 une utilisation quotidienne intensive, m\u00eame sur site.<\/p>\n<h4>Qualit\u00e9 de construction et conception<\/h4>\n<p>Cet adaptateur est con\u00e7u de mani\u00e8re compacte et durable pour r\u00e9sister \u00e0 une utilisation intensive. Le bo\u00eetier est robuste et con\u00e7u pour \u00e9viter les surchauffes et les surcharges gr\u00e2ce \u00e0 des dispositifs de s\u00e9curit\u00e9 avanc\u00e9s. Il fonctionne sur une large plage de tension (100-240V), ce qui permet un d\u00e9ploiement international sans convertisseur suppl\u00e9mentaire.<br \/>\n<a href=\"https:\/\/koningdrone.nl\/wp-content\/uploads\/2025\/07\/Product-DJI-240W-Power-Adapter.jpg\"><img loading=\"lazy\" decoding=\"async\" class=\"size-medium wp-image-467629 aligncenter\" src=\"https:\/\/koningdrone.nl\/wp-content\/uploads\/2025\/07\/Product-DJI-240W-Power-Adapter-300x300.jpg\" alt=\"Product DJI 240W Power Adapter\" width=\"300\" height=\"300\" \/><\/a><\/p>\n<h4>Pourquoi vous en avez besoin<\/h4>\n<p>Si vous dirigez des op\u00e9rations de drone professionnelles ou si vous souhaitez simplement charger plusieurs batteries rapidement et en toute s\u00e9curit\u00e9, cet adaptateur 240W est un outil indispensable. Il am\u00e9liore votre flux de travail en r\u00e9duisant les temps de charge et fournit une alimentation fiable pour tout votre \u00e9quipement DJI.<\/p>","protected":false},"excerpt":{"rendered":"<ul>\n<li>Puissance de sortie de 240 W pour une charge rapide et efficace.<\/li>\n<li>Port USB-C jusqu'\u00e0 65 W pour des capacit\u00e9s de chargement d'appareils suppl\u00e9mentaires.<\/li>\n<li>Conception compacte et durable adapt\u00e9e \u00e0 une utilisation quotidienne.<\/li>\n<li>Plage de tension internationale (100-240V) id\u00e9ale pour les d\u00e9placements.<\/li>\n<li>Fonctions avanc\u00e9es de protection contre la surchauffe et la surcharge.<\/li>\n<\/ul>","protected":false},"featured_media":17304,"template":"","meta":{"_acf_changed":false},"product_brand":[],"product_cat":[1587,1732,1721],"product_tag":[],"class_list":{"0":"post-10762","1":"product","2":"type-product","3":"status-publish","4":"has-post-thumbnail","6":"product_cat-dji-dock","7":"product_cat-dji-matrice-4d","8":"product_cat-dji-oplaadaccessoires","9":"product_shipping_class-uavspacesall","10":"pa_brand-dji","11":"pa_producttype-stroomadapter","13":"first","14":"instock","15":"taxable","16":"shipping-taxable","17":"purchasable","18":"product-type-simple"},"acf":[],"yoast_head":"<!-- This site is optimized with the Yoast SEO Premium plugin v27.2 (Yoast SEO v27.2) - https:\/\/yoast.com\/product\/yoast-seo-premium-wordpress\/ -->\n<title>DJI 240W Power Adapter - koningdrone.be<\/title>\n<meta name=\"robots\" content=\"index, follow, max-snippet:-1, max-image-preview:large, max-video-preview:-1\" \/>\n<link rel=\"canonical\" href=\"https:\/\/koningdrone.be\/fr\/produit\/dji-240w-power-adapter\/\" \/>\n<meta property=\"og:locale\" content=\"fr_FR\" \/>\n<meta property=\"og:type\" content=\"article\" \/>\n<meta property=\"og:title\" content=\"DJI 240W Power Adapter\" \/>\n<meta property=\"og:description\" content=\"Krachtige 240W uitgang voor snel en effici\u00ebnt opladen.  USB\u2011C\u2011poort tot 65W voor extra apparaatlaadmogelijkheden.  Compact en duurzaam ontwerp geschikt voor dagelijks gebruik.  Internationaal spanningsbereik (100\u2011240V) ideaal voor reizen.  Geavanceerde beschermingsfuncties tegen oververhitting en overbelasting.\" \/>\n<meta property=\"og:url\" content=\"https:\/\/koningdrone.be\/fr\/produit\/dji-240w-power-adapter\/\" \/>\n<meta property=\"og:site_name\" content=\"koningdrone.be\" \/>\n<meta property=\"article:modified_time\" content=\"2026-04-29T01:30:50+00:00\" \/>\n<meta property=\"og:image\" content=\"https:\/\/koningdrone.be\/wp-content\/uploads\/sites\/13\/2026\/03\/DJI-240W-Power-Adapter-Product.webp\" \/>\n\t<meta property=\"og:image:width\" content=\"2048\" \/>\n\t<meta property=\"og:image:height\" content=\"2048\" \/>\n\t<meta property=\"og:image:type\" content=\"image\/webp\" \/>\n<meta name=\"twitter:card\" content=\"summary_large_image\" \/>\n<meta name=\"twitter:label1\" content=\"Dur\u00e9e de lecture est.\" \/>\n\t<meta name=\"twitter:data1\" content=\"1 minute\" \/>\n<script type=\"application\/ld+json\" class=\"yoast-schema-graph\">{\"@context\":\"https:\/\/schema.org\",\"@graph\":[{\"@type\":\"WebPage\",\"@id\":\"https:\/\/koningdrone.be\/product\/dji-240w-power-adapter\/\",\"url\":\"https:\/\/koningdrone.be\/product\/dji-240w-power-adapter\/\",\"name\":\"DJI 240W Power Adapter - koningdrone.be\",\"isPartOf\":{\"@id\":\"https:\/\/koningdrone.be\/#website\"},\"primaryImageOfPage\":{\"@id\":\"https:\/\/koningdrone.be\/product\/dji-240w-power-adapter\/#primaryimage\"},\"image\":{\"@id\":\"https:\/\/koningdrone.be\/product\/dji-240w-power-adapter\/#primaryimage\"},\"thumbnailUrl\":\"https:\/\/koningdrone.be\/wp-content\/uploads\/sites\/13\/2026\/03\/DJI-240W-Power-Adapter-Product.webp\",\"datePublished\":\"2025-07-03T08:02:01+00:00\",\"dateModified\":\"2026-04-29T01:30:50+00:00\",\"breadcrumb\":{\"@id\":\"https:\/\/koningdrone.be\/product\/dji-240w-power-adapter\/#breadcrumb\"},\"inLanguage\":\"fr-BE\",\"potentialAction\":[{\"@type\":\"ReadAction\",\"target\":[\"https:\/\/koningdrone.be\/product\/dji-240w-power-adapter\/\"]}]},{\"@type\":\"ImageObject\",\"inLanguage\":\"fr-BE\",\"@id\":\"https:\/\/koningdrone.be\/product\/dji-240w-power-adapter\/#primaryimage\",\"url\":\"https:\/\/koningdrone.be\/wp-content\/uploads\/sites\/13\/2026\/03\/DJI-240W-Power-Adapter-Product.webp\",\"contentUrl\":\"https:\/\/koningdrone.be\/wp-content\/uploads\/sites\/13\/2026\/03\/DJI-240W-Power-Adapter-Product.webp\",\"width\":2048,\"height\":2048},{\"@type\":\"BreadcrumbList\",\"@id\":\"https:\/\/koningdrone.be\/product\/dji-240w-power-adapter\/#breadcrumb\",\"itemListElement\":[{\"@type\":\"ListItem\",\"position\":1,\"name\":\"Home\",\"item\":\"https:\/\/koningdrone.be\/\"},{\"@type\":\"ListItem\",\"position\":2,\"name\":\"AVSS Parachute Recovery System for DJI Matrice 300\/350\",\"item\":\"https:\/\/koningdrone.be\/product\/avss-parachute-recovery-system-for-dji-matrice-300-350\/\"},{\"@type\":\"ListItem\",\"position\":3,\"name\":\"DJI Dock\",\"item\":\"https:\/\/koningdrone.be\/categorie\/dji-dock\/\"},{\"@type\":\"ListItem\",\"position\":4,\"name\":\"DJI 240W Power Adapter\"}]},{\"@type\":\"WebSite\",\"@id\":\"https:\/\/koningdrone.be\/#website\",\"url\":\"https:\/\/koningdrone.be\/\",\"name\":\"Koningdrone.be - Uw online specialist in drones, gimbals, camera's en power stations.\",\"description\":\"De webshop in drones en gimbals\",\"publisher\":{\"@id\":\"https:\/\/koningdrone.be\/#organization\"},\"potentialAction\":[{\"@type\":\"SearchAction\",\"target\":{\"@type\":\"EntryPoint\",\"urlTemplate\":\"https:\/\/koningdrone.be\/?s={search_term_string}\"},\"query-input\":{\"@type\":\"PropertyValueSpecification\",\"valueRequired\":true,\"valueName\":\"search_term_string\"}}],\"inLanguage\":\"fr-BE\"},{\"@type\":\"Organization\",\"@id\":\"https:\/\/koningdrone.be\/#organization\",\"name\":\"Koningdrone.be\",\"url\":\"https:\/\/koningdrone.be\/\",\"logo\":{\"@type\":\"ImageObject\",\"inLanguage\":\"fr-BE\",\"@id\":\"https:\/\/koningdrone.be\/#\/schema\/logo\/image\/\",\"url\":\"https:\/\/koningdrone.be\/wp-content\/uploads\/sites\/13\/2025\/04\/koningdrone-copyright-logo.svg\",\"contentUrl\":\"https:\/\/koningdrone.be\/wp-content\/uploads\/sites\/13\/2025\/04\/koningdrone-copyright-logo.svg\",\"width\":227,\"height\":38,\"caption\":\"Koningdrone.be\"},\"image\":{\"@id\":\"https:\/\/koningdrone.be\/#\/schema\/logo\/image\/\"}}]}<\/script>\n<!-- \/ Yoast SEO Premium plugin. -->","yoast_head_json":{"title":"DJI 240W Power Adapter - koningdrone.be","robots":{"index":"index","follow":"follow","max-snippet":"max-snippet:-1","max-image-preview":"max-image-preview:large","max-video-preview":"max-video-preview:-1"},"canonical":"https:\/\/koningdrone.be\/fr\/produit\/dji-240w-power-adapter\/","og_locale":"fr_FR","og_type":"article","og_title":"DJI 240W Power Adapter","og_description":"Krachtige 240W uitgang voor snel en effici\u00ebnt opladen.  USB\u2011C\u2011poort tot 65W voor extra apparaatlaadmogelijkheden.  Compact en duurzaam ontwerp geschikt voor dagelijks gebruik.  Internationaal spanningsbereik (100\u2011240V) ideaal voor reizen.  Geavanceerde beschermingsfuncties tegen oververhitting en overbelasting.","og_url":"https:\/\/koningdrone.be\/fr\/produit\/dji-240w-power-adapter\/","og_site_name":"koningdrone.be","article_modified_time":"2026-04-29T01:30:50+00:00","og_image":[{"width":2048,"height":2048,"url":"https:\/\/koningdrone.be\/wp-content\/uploads\/sites\/13\/2026\/03\/DJI-240W-Power-Adapter-Product.webp","type":"image\/webp"}],"twitter_card":"summary_large_image","twitter_misc":{"Dur\u00e9e de lecture est.":"1 minute"},"schema":{"@context":"https:\/\/schema.org","@graph":[{"@type":"WebPage","@id":"https:\/\/koningdrone.be\/product\/dji-240w-power-adapter\/","url":"https:\/\/koningdrone.be\/product\/dji-240w-power-adapter\/","name":"DJI 240W Power Adapter - koningdrone.be","isPartOf":{"@id":"https:\/\/koningdrone.be\/#website"},"primaryImageOfPage":{"@id":"https:\/\/koningdrone.be\/product\/dji-240w-power-adapter\/#primaryimage"},"image":{"@id":"https:\/\/koningdrone.be\/product\/dji-240w-power-adapter\/#primaryimage"},"thumbnailUrl":"https:\/\/koningdrone.be\/wp-content\/uploads\/sites\/13\/2026\/03\/DJI-240W-Power-Adapter-Product.webp","datePublished":"2025-07-03T08:02:01+00:00","dateModified":"2026-04-29T01:30:50+00:00","breadcrumb":{"@id":"https:\/\/koningdrone.be\/product\/dji-240w-power-adapter\/#breadcrumb"},"inLanguage":"fr-BE","potentialAction":[{"@type":"ReadAction","target":["https:\/\/koningdrone.be\/product\/dji-240w-power-adapter\/"]}]},{"@type":"ImageObject","inLanguage":"fr-BE","@id":"https:\/\/koningdrone.be\/product\/dji-240w-power-adapter\/#primaryimage","url":"https:\/\/koningdrone.be\/wp-content\/uploads\/sites\/13\/2026\/03\/DJI-240W-Power-Adapter-Product.webp","contentUrl":"https:\/\/koningdrone.be\/wp-content\/uploads\/sites\/13\/2026\/03\/DJI-240W-Power-Adapter-Product.webp","width":2048,"height":2048},{"@type":"BreadcrumbList","@id":"https:\/\/koningdrone.be\/product\/dji-240w-power-adapter\/#breadcrumb","itemListElement":[{"@type":"ListItem","position":1,"name":"Home","item":"https:\/\/koningdrone.be\/"},{"@type":"ListItem","position":2,"name":"AVSS Parachute Recovery System for DJI Matrice 300\/350","item":"https:\/\/koningdrone.be\/product\/avss-parachute-recovery-system-for-dji-matrice-300-350\/"},{"@type":"ListItem","position":3,"name":"DJI Dock","item":"https:\/\/koningdrone.be\/categorie\/dji-dock\/"},{"@type":"ListItem","position":4,"name":"DJI 240W Power Adapter"}]},{"@type":"WebSite","@id":"https:\/\/koningdrone.be\/#website","url":"https:\/\/koningdrone.be\/","name":"Koningdrone.be - Votre sp\u00e9cialiste en ligne en mati\u00e8re de drones, de cardans, de cam\u00e9ras et de centrales \u00e9lectriques.","description":"La boutique en ligne de drones et de cardans","publisher":{"@id":"https:\/\/koningdrone.be\/#organization"},"potentialAction":[{"@type":"SearchAction","target":{"@type":"EntryPoint","urlTemplate":"https:\/\/koningdrone.be\/?s={search_term_string}"},"query-input":{"@type":"PropertyValueSpecification","valueRequired":true,"valueName":"search_term_string"}}],"inLanguage":"fr-BE"},{"@type":"Organization","@id":"https:\/\/koningdrone.be\/#organization","name":"Kingdrone.co.uk","url":"https:\/\/koningdrone.be\/","logo":{"@type":"ImageObject","inLanguage":"fr-BE","@id":"https:\/\/koningdrone.be\/#\/schema\/logo\/image\/","url":"https:\/\/koningdrone.be\/wp-content\/uploads\/sites\/13\/2025\/04\/koningdrone-copyright-logo.svg","contentUrl":"https:\/\/koningdrone.be\/wp-content\/uploads\/sites\/13\/2025\/04\/koningdrone-copyright-logo.svg","width":227,"height":38,"caption":"Koningdrone.be"},"image":{"@id":"https:\/\/koningdrone.be\/#\/schema\/logo\/image\/"}}]}},"df_price":139,"df_sale_price":"","df_regular_price":139,"df_image_link":"https:\/\/koningdrone.be\/wp-content\/uploads\/sites\/13\/2026\/03\/DJI-240W-Power-Adapter-Product-300x300.webp","_links":{"self":[{"href":"https:\/\/koningdrone.be\/fr\/wp-json\/wp\/v2\/product\/10762","targetHints":{"allow":["GET"]}}],"collection":[{"href":"https:\/\/koningdrone.be\/fr\/wp-json\/wp\/v2\/product"}],"about":[{"href":"https:\/\/koningdrone.be\/fr\/wp-json\/wp\/v2\/types\/product"}],"wp:featuredmedia":[{"embeddable":true,"href":"https:\/\/koningdrone.be\/fr\/wp-json\/wp\/v2\/media\/17304"}],"wp:attachment":[{"href":"https:\/\/koningdrone.be\/fr\/wp-json\/wp\/v2\/media?parent=10762"}],"wp:term":[{"taxonomy":"product_brand","embeddable":true,"href":"https:\/\/koningdrone.be\/fr\/wp-json\/wp\/v2\/product_brand?post=10762"},{"taxonomy":"product_cat","embeddable":true,"href":"https:\/\/koningdrone.be\/fr\/wp-json\/wp\/v2\/product_cat?post=10762"},{"taxonomy":"product_tag","embeddable":true,"href":"https:\/\/koningdrone.be\/fr\/wp-json\/wp\/v2\/product_tag?post=10762"}],"curies":[{"name":"wp","href":"https:\/\/api.w.org\/{rel}","templated":true}]}}