{"id":10746,"date":"2025-06-25T16:26:21","date_gmt":"2025-06-25T14:26:21","guid":{"rendered":"https:\/\/koningdrone.be\/product\/dji-dock-3-vehicle-mounted-gimbal-mount\/"},"modified":"2026-04-29T03:31:10","modified_gmt":"2026-04-29T01:31:10","slug":"dji-dock-3-vehicle-mounted-gimbal-mount","status":"publish","type":"product","link":"https:\/\/koningdrone.be\/fr\/produit\/dji-dock-3-vehicle-mounted-gimbal-mount\/","title":{"rendered":"DJI Dock 3, support de cardan mont\u00e9 sur v\u00e9hicule"},"content":{"rendered":"<h3>DJI Dock 3, support de cardan mont\u00e9 sur v\u00e9hicule<\/h3>\n<p><iframe loading=\"lazy\" title=\"Pr\u00e9sentation du DJI Dock 3 : Relevez tous les d\u00e9fis\" width=\"800\" height=\"450\" src=\"https:\/\/www.youtube.com\/embed\/OwUwgpqgcMA?feature=oembed&#038;enablejsapi=1&#038;origin=https:\/\/koningdrone.be\" frameborder=\"0\" allow=\"accelerometer; autoplay; clipboard-write; encrypted-media; gyroscope; picture-in-picture; web-share\" referrerpolicy=\"strict-origin-when-cross-origin\" allowfullscreen><\/iframe><\/p>\n<p style=\"margin-top: 20px\">Le DJI Dock 3 Vehicle-Mounted Gimbal Mount est un accessoire d\u00e9di\u00e9 \u00e0 la fixation s\u00fbre et stable du DJI Dock 3 sur les v\u00e9hicules lors d'une utilisation mobile ou d'un transport. Ce support robuste est con\u00e7u pour les professionnels du drone, les services d'urgence et les \u00e9quipes d'inspection qui souhaitent d\u00e9ployer leurs syst\u00e8mes de drone directement \u00e0 partir d'un v\u00e9hicule.<\/p>\n<p style=\"margin-bottom: 20px\">Il offre une fixation fiable pour que la station d'accueil et le cardan de votre drone ne se d\u00e9placent pas pendant le transport, ce qui contribue \u00e0 un fonctionnement s\u00fbr lorsque vous \u00eates sur le terrain.<\/p>\n<p><a href=\"https:\/\/koningdrone.nl\/wp-content\/uploads\/2025\/06\/Product-DJI-Dock-3-Vehicle-Mounted-Gimbal-Mount.webp\"><img loading=\"lazy\" decoding=\"async\" class=\"aligncenter wp-image-471273 size-full\" src=\"https:\/\/koningdrone.nl\/wp-content\/uploads\/2025\/06\/Product-DJI-Dock-3-Vehicle-Mounted-Gimbal-Mount.webp\" alt=\"Product DJI Dock 3 Vehicle-Mounted Gimbal Mount\" width=\"1200\" height=\"800\" \/><\/a><\/p>\n<h4>Performance et fonctionnalit\u00e9<\/h4>\n<p>Het montage\u2011systeem is stevig en eenvoudig te installeren op vlakke voertuigoppervlakken en biedt een stabiele interface tussen het voertuig en de DJI Dock 3. Dit vermindert vibraties en voorkomt schade aan het gimbalsysteem tijdens ritten of off\u2011road ritten.<\/p>\n<p>De mount heeft een IP55\u2011classificatie, wat betekent dat hij bescherming biedt tegen stof en lichte waterinspuiting, zodat hij betrouwbaar blijft werken onder uiteenlopende weersomstandigheden.<\/p>\n<h4>Qualit\u00e9 de construction et conception<\/h4>\n<p>Gemaakt van duurzame materialen met een robuust ontwerp, is deze gimbal mount gebouwd om zware omstandigheden te doorstaan, inclusief ruw terrein en langdurig veldwerk. Het systeem is temperatuurbestendig tussen \u201130\u00b0C en 50\u00b0C, waardoor het geschikt is voor extreme weersituaties.<\/p>\n<p>Het ontwerp bevat twee delen (rechter bracket inclusief gimbalondersteuning en linker bracket) die stevig samenwerken om de Dock 3 en gimbal stabiel te houden bij manoeuvres en beweging.<\/p>\n<p><a href=\"https:\/\/koningdrone.nl\/wp-content\/uploads\/2025\/06\/DJI-Product-Dock-3-Vehicle-Mounted-Gimbal-Mount.webp\"><img loading=\"lazy\" decoding=\"async\" class=\"size-medium wp-image-471276 aligncenter\" src=\"https:\/\/koningdrone.nl\/wp-content\/uploads\/2025\/06\/DJI-Product-Dock-3-Vehicle-Mounted-Gimbal-Mount-300x300.webp\" alt=\"DJI Product Dock 3 Vehicle-Mounted Gimbal Mount\" width=\"300\" height=\"300\" \/><\/a><\/p>\n<h4>Pourquoi vous en avez besoin ?<\/h4>\n<p>Si vous souhaitez utiliser le DJI Dock 3 sur des v\u00e9hicules pour des travaux de drones mobiles tels que des inspections, des interventions d'urgence ou des mesures sur le terrain, ce support de cardan offre stabilit\u00e9 et protection. Il vous permet de d\u00e9ployer votre \u00e9quipement directement depuis un v\u00e9hicule, am\u00e9liorant ainsi votre flexibilit\u00e9 et votre temps de r\u00e9ponse.<\/p>","protected":false},"excerpt":{"rendered":"<ul>\n<li>Solution de montage robuste pour le DJI Dock 3 sur les v\u00e9hicules<\/li>\n<li>Protection IP55 contre la poussi\u00e8re et les infiltrations d'eau<\/li>\n<li>Fonctionne \u00e0 des temp\u00e9ratures extr\u00eames de -30\u00b0C \u00e0 50\u00b0C<\/li>\n<li>Une conception robuste qui s'adapte aux terrains accident\u00e9s<\/li>\n<li>Installation facile et s\u00fbre sur les surfaces planes des v\u00e9hicules<\/li>\n<\/ul>","protected":false},"featured_media":18158,"template":"","meta":{"_acf_changed":false},"product_brand":[],"product_cat":[1588,1732],"product_tag":[],"class_list":{"0":"post-10746","1":"product","2":"type-product","3":"status-publish","4":"has-post-thumbnail","6":"product_cat-dji-dock-3","7":"product_cat-dji-matrice-4d","8":"product_shipping_class-uavspacesall","9":"pa_brand-dji","10":"pa_producttype-veiligheidssysteem","11":"pa_series-dock","13":"first","14":"instock","15":"taxable","16":"shipping-taxable","17":"purchasable","18":"product-type-simple"},"acf":[],"yoast_head":"<!-- This site is optimized with the Yoast SEO Premium plugin v27.2 (Yoast SEO v27.2) - https:\/\/yoast.com\/product\/yoast-seo-premium-wordpress\/ -->\n<title>DJI Dock 3 Vehicle-Mounted Gimbal Mount - koningdrone.be<\/title>\n<meta name=\"robots\" content=\"index, follow, max-snippet:-1, max-image-preview:large, max-video-preview:-1\" \/>\n<link rel=\"canonical\" href=\"https:\/\/koningdrone.be\/fr\/produit\/dji-dock-3-vehicle-mounted-gimbal-mount\/\" \/>\n<meta property=\"og:locale\" content=\"fr_FR\" \/>\n<meta property=\"og:type\" content=\"article\" \/>\n<meta property=\"og:title\" content=\"DJI Dock 3 Vehicle-Mounted Gimbal Mount\" \/>\n<meta property=\"og:description\" content=\"Stevige montageoplossing voor DJI Dock 3 op voertuigen  IP55\u2011bescherming tegen stof en waterinspuiting  Werkt bij extreme temperaturen van -30\u00b0C tot 50\u00b0C  Robuust ontwerp dat ruw terrein aankan  Eenvoudige en veilige installatie op vlakke voertuigoppervlakken\" \/>\n<meta property=\"og:url\" content=\"https:\/\/koningdrone.be\/fr\/produit\/dji-dock-3-vehicle-mounted-gimbal-mount\/\" \/>\n<meta property=\"og:site_name\" content=\"koningdrone.be\" \/>\n<meta property=\"article:modified_time\" content=\"2026-04-29T01:31:10+00:00\" \/>\n<meta property=\"og:image\" content=\"https:\/\/koningdrone.be\/wp-content\/uploads\/sites\/13\/2026\/03\/DJI-Dock-3-Vehicle-Mounted-Gimbal-Mount.webp\" \/>\n\t<meta property=\"og:image:width\" content=\"2048\" \/>\n\t<meta property=\"og:image:height\" content=\"2048\" \/>\n\t<meta property=\"og:image:type\" content=\"image\/webp\" \/>\n<meta name=\"twitter:card\" content=\"summary_large_image\" \/>\n<meta name=\"twitter:label1\" content=\"Dur\u00e9e de lecture est.\" \/>\n\t<meta name=\"twitter:data1\" content=\"1 minute\" \/>\n<script type=\"application\/ld+json\" class=\"yoast-schema-graph\">{\"@context\":\"https:\/\/schema.org\",\"@graph\":[{\"@type\":\"WebPage\",\"@id\":\"https:\/\/koningdrone.be\/product\/dji-dock-3-vehicle-mounted-gimbal-mount\/\",\"url\":\"https:\/\/koningdrone.be\/product\/dji-dock-3-vehicle-mounted-gimbal-mount\/\",\"name\":\"DJI Dock 3 Vehicle-Mounted Gimbal Mount - koningdrone.be\",\"isPartOf\":{\"@id\":\"https:\/\/koningdrone.be\/#website\"},\"primaryImageOfPage\":{\"@id\":\"https:\/\/koningdrone.be\/product\/dji-dock-3-vehicle-mounted-gimbal-mount\/#primaryimage\"},\"image\":{\"@id\":\"https:\/\/koningdrone.be\/product\/dji-dock-3-vehicle-mounted-gimbal-mount\/#primaryimage\"},\"thumbnailUrl\":\"https:\/\/koningdrone.be\/wp-content\/uploads\/sites\/13\/2026\/03\/DJI-Dock-3-Vehicle-Mounted-Gimbal-Mount.webp\",\"datePublished\":\"2025-06-25T14:26:21+00:00\",\"dateModified\":\"2026-04-29T01:31:10+00:00\",\"breadcrumb\":{\"@id\":\"https:\/\/koningdrone.be\/product\/dji-dock-3-vehicle-mounted-gimbal-mount\/#breadcrumb\"},\"inLanguage\":\"fr-BE\",\"potentialAction\":[{\"@type\":\"ReadAction\",\"target\":[\"https:\/\/koningdrone.be\/product\/dji-dock-3-vehicle-mounted-gimbal-mount\/\"]}]},{\"@type\":\"ImageObject\",\"inLanguage\":\"fr-BE\",\"@id\":\"https:\/\/koningdrone.be\/product\/dji-dock-3-vehicle-mounted-gimbal-mount\/#primaryimage\",\"url\":\"https:\/\/koningdrone.be\/wp-content\/uploads\/sites\/13\/2026\/03\/DJI-Dock-3-Vehicle-Mounted-Gimbal-Mount.webp\",\"contentUrl\":\"https:\/\/koningdrone.be\/wp-content\/uploads\/sites\/13\/2026\/03\/DJI-Dock-3-Vehicle-Mounted-Gimbal-Mount.webp\",\"width\":2048,\"height\":2048},{\"@type\":\"BreadcrumbList\",\"@id\":\"https:\/\/koningdrone.be\/product\/dji-dock-3-vehicle-mounted-gimbal-mount\/#breadcrumb\",\"itemListElement\":[{\"@type\":\"ListItem\",\"position\":1,\"name\":\"Home\",\"item\":\"https:\/\/koningdrone.be\/\"},{\"@type\":\"ListItem\",\"position\":2,\"name\":\"AVSS Parachute Recovery System for DJI Matrice 300\/350\",\"item\":\"https:\/\/koningdrone.be\/product\/avss-parachute-recovery-system-for-dji-matrice-300-350\/\"},{\"@type\":\"ListItem\",\"position\":3,\"name\":\"DJI Dock 3\",\"item\":\"https:\/\/koningdrone.be\/categorie\/dji-dock-3\/\"},{\"@type\":\"ListItem\",\"position\":4,\"name\":\"DJI Dock 3 Vehicle-Mounted Gimbal Mount\"}]},{\"@type\":\"WebSite\",\"@id\":\"https:\/\/koningdrone.be\/#website\",\"url\":\"https:\/\/koningdrone.be\/\",\"name\":\"Koningdrone.be - Uw online specialist in drones, gimbals, camera's en power stations.\",\"description\":\"De webshop in drones en gimbals\",\"publisher\":{\"@id\":\"https:\/\/koningdrone.be\/#organization\"},\"potentialAction\":[{\"@type\":\"SearchAction\",\"target\":{\"@type\":\"EntryPoint\",\"urlTemplate\":\"https:\/\/koningdrone.be\/?s={search_term_string}\"},\"query-input\":{\"@type\":\"PropertyValueSpecification\",\"valueRequired\":true,\"valueName\":\"search_term_string\"}}],\"inLanguage\":\"fr-BE\"},{\"@type\":\"Organization\",\"@id\":\"https:\/\/koningdrone.be\/#organization\",\"name\":\"Koningdrone.be\",\"url\":\"https:\/\/koningdrone.be\/\",\"logo\":{\"@type\":\"ImageObject\",\"inLanguage\":\"fr-BE\",\"@id\":\"https:\/\/koningdrone.be\/#\/schema\/logo\/image\/\",\"url\":\"https:\/\/koningdrone.be\/wp-content\/uploads\/sites\/13\/2025\/04\/koningdrone-copyright-logo.svg\",\"contentUrl\":\"https:\/\/koningdrone.be\/wp-content\/uploads\/sites\/13\/2025\/04\/koningdrone-copyright-logo.svg\",\"width\":227,\"height\":38,\"caption\":\"Koningdrone.be\"},\"image\":{\"@id\":\"https:\/\/koningdrone.be\/#\/schema\/logo\/image\/\"}}]}<\/script>\n<!-- \/ Yoast SEO Premium plugin. -->","yoast_head_json":{"title":"DJI Dock 3 Vehicle-Mounted Gimbal Mount - koningdrone.be","robots":{"index":"index","follow":"follow","max-snippet":"max-snippet:-1","max-image-preview":"max-image-preview:large","max-video-preview":"max-video-preview:-1"},"canonical":"https:\/\/koningdrone.be\/fr\/produit\/dji-dock-3-vehicle-mounted-gimbal-mount\/","og_locale":"fr_FR","og_type":"article","og_title":"DJI Dock 3 Vehicle-Mounted Gimbal Mount","og_description":"Stevige montageoplossing voor DJI Dock 3 op voertuigen  IP55\u2011bescherming tegen stof en waterinspuiting  Werkt bij extreme temperaturen van -30\u00b0C tot 50\u00b0C  Robuust ontwerp dat ruw terrein aankan  Eenvoudige en veilige installatie op vlakke voertuigoppervlakken","og_url":"https:\/\/koningdrone.be\/fr\/produit\/dji-dock-3-vehicle-mounted-gimbal-mount\/","og_site_name":"koningdrone.be","article_modified_time":"2026-04-29T01:31:10+00:00","og_image":[{"width":2048,"height":2048,"url":"https:\/\/koningdrone.be\/wp-content\/uploads\/sites\/13\/2026\/03\/DJI-Dock-3-Vehicle-Mounted-Gimbal-Mount.webp","type":"image\/webp"}],"twitter_card":"summary_large_image","twitter_misc":{"Dur\u00e9e de lecture est.":"1 minute"},"schema":{"@context":"https:\/\/schema.org","@graph":[{"@type":"WebPage","@id":"https:\/\/koningdrone.be\/product\/dji-dock-3-vehicle-mounted-gimbal-mount\/","url":"https:\/\/koningdrone.be\/product\/dji-dock-3-vehicle-mounted-gimbal-mount\/","name":"DJI Dock 3 Vehicle-Mounted Gimbal Mount - koningdrone.be","isPartOf":{"@id":"https:\/\/koningdrone.be\/#website"},"primaryImageOfPage":{"@id":"https:\/\/koningdrone.be\/product\/dji-dock-3-vehicle-mounted-gimbal-mount\/#primaryimage"},"image":{"@id":"https:\/\/koningdrone.be\/product\/dji-dock-3-vehicle-mounted-gimbal-mount\/#primaryimage"},"thumbnailUrl":"https:\/\/koningdrone.be\/wp-content\/uploads\/sites\/13\/2026\/03\/DJI-Dock-3-Vehicle-Mounted-Gimbal-Mount.webp","datePublished":"2025-06-25T14:26:21+00:00","dateModified":"2026-04-29T01:31:10+00:00","breadcrumb":{"@id":"https:\/\/koningdrone.be\/product\/dji-dock-3-vehicle-mounted-gimbal-mount\/#breadcrumb"},"inLanguage":"fr-BE","potentialAction":[{"@type":"ReadAction","target":["https:\/\/koningdrone.be\/product\/dji-dock-3-vehicle-mounted-gimbal-mount\/"]}]},{"@type":"ImageObject","inLanguage":"fr-BE","@id":"https:\/\/koningdrone.be\/product\/dji-dock-3-vehicle-mounted-gimbal-mount\/#primaryimage","url":"https:\/\/koningdrone.be\/wp-content\/uploads\/sites\/13\/2026\/03\/DJI-Dock-3-Vehicle-Mounted-Gimbal-Mount.webp","contentUrl":"https:\/\/koningdrone.be\/wp-content\/uploads\/sites\/13\/2026\/03\/DJI-Dock-3-Vehicle-Mounted-Gimbal-Mount.webp","width":2048,"height":2048},{"@type":"BreadcrumbList","@id":"https:\/\/koningdrone.be\/product\/dji-dock-3-vehicle-mounted-gimbal-mount\/#breadcrumb","itemListElement":[{"@type":"ListItem","position":1,"name":"Home","item":"https:\/\/koningdrone.be\/"},{"@type":"ListItem","position":2,"name":"AVSS Parachute Recovery System for DJI Matrice 300\/350","item":"https:\/\/koningdrone.be\/product\/avss-parachute-recovery-system-for-dji-matrice-300-350\/"},{"@type":"ListItem","position":3,"name":"DJI Dock 3","item":"https:\/\/koningdrone.be\/categorie\/dji-dock-3\/"},{"@type":"ListItem","position":4,"name":"DJI Dock 3 Vehicle-Mounted Gimbal Mount"}]},{"@type":"WebSite","@id":"https:\/\/koningdrone.be\/#website","url":"https:\/\/koningdrone.be\/","name":"Koningdrone.be - Votre sp\u00e9cialiste en ligne en mati\u00e8re de drones, de cardans, de cam\u00e9ras et de centrales \u00e9lectriques.","description":"La boutique en ligne de drones et de cardans","publisher":{"@id":"https:\/\/koningdrone.be\/#organization"},"potentialAction":[{"@type":"SearchAction","target":{"@type":"EntryPoint","urlTemplate":"https:\/\/koningdrone.be\/?s={search_term_string}"},"query-input":{"@type":"PropertyValueSpecification","valueRequired":true,"valueName":"search_term_string"}}],"inLanguage":"fr-BE"},{"@type":"Organization","@id":"https:\/\/koningdrone.be\/#organization","name":"Kingdrone.co.uk","url":"https:\/\/koningdrone.be\/","logo":{"@type":"ImageObject","inLanguage":"fr-BE","@id":"https:\/\/koningdrone.be\/#\/schema\/logo\/image\/","url":"https:\/\/koningdrone.be\/wp-content\/uploads\/sites\/13\/2025\/04\/koningdrone-copyright-logo.svg","contentUrl":"https:\/\/koningdrone.be\/wp-content\/uploads\/sites\/13\/2025\/04\/koningdrone-copyright-logo.svg","width":227,"height":38,"caption":"Koningdrone.be"},"image":{"@id":"https:\/\/koningdrone.be\/#\/schema\/logo\/image\/"}}]}},"df_price":361,"df_sale_price":"","df_regular_price":361,"df_image_link":"https:\/\/koningdrone.be\/wp-content\/uploads\/sites\/13\/2026\/03\/DJI-Dock-3-Vehicle-Mounted-Gimbal-Mount-300x300.webp","_links":{"self":[{"href":"https:\/\/koningdrone.be\/fr\/wp-json\/wp\/v2\/product\/10746","targetHints":{"allow":["GET"]}}],"collection":[{"href":"https:\/\/koningdrone.be\/fr\/wp-json\/wp\/v2\/product"}],"about":[{"href":"https:\/\/koningdrone.be\/fr\/wp-json\/wp\/v2\/types\/product"}],"wp:featuredmedia":[{"embeddable":true,"href":"https:\/\/koningdrone.be\/fr\/wp-json\/wp\/v2\/media\/18158"}],"wp:attachment":[{"href":"https:\/\/koningdrone.be\/fr\/wp-json\/wp\/v2\/media?parent=10746"}],"wp:term":[{"taxonomy":"product_brand","embeddable":true,"href":"https:\/\/koningdrone.be\/fr\/wp-json\/wp\/v2\/product_brand?post=10746"},{"taxonomy":"product_cat","embeddable":true,"href":"https:\/\/koningdrone.be\/fr\/wp-json\/wp\/v2\/product_cat?post=10746"},{"taxonomy":"product_tag","embeddable":true,"href":"https:\/\/koningdrone.be\/fr\/wp-json\/wp\/v2\/product_tag?post=10746"}],"curies":[{"name":"wp","href":"https:\/\/api.w.org\/{rel}","templated":true}]}}