{"id":1034,"date":"2025-04-14T09:49:47","date_gmt":"2025-04-14T07:49:47","guid":{"rendered":"https:\/\/koningdrone.nl\/kon\/product\/czi-public-safety-advanced-set-v2-1mp130-v2-1gl60-plus-1th4-v2-1fl48-m300-1ir10\/"},"modified":"2026-03-16T15:42:25","modified_gmt":"2026-03-16T14:42:25","slug":"czi-public-safety-advanced-set-v2-1mp130-v2-1gl60-plus-1th4-v2-1fl48-m300-1ir10","status":"publish","type":"product","link":"https:\/\/koningdrone.be\/fr\/produit\/czi-public-safety-advanced-set-v2-1mp130-v2-1gl60-plus-1th4-v2-1fl48-m300-1ir10\/","title":{"rendered":"CZI Public Safety Advanced set v2 (1MP130 V2 1GL60 PLUS 1TH4 V2 1FL48-M300 1*IR10)"},"content":{"rendered":"<p>Le CZI Public Safety Advanced Set V2 est une solution a\u00e9rienne compl\u00e8te con\u00e7ue pour les services d'urgence, les forces de l'ordre et les op\u00e9rations de recherche et de sauvetage. Cet ensemble avanc\u00e9 comprend le haut-parleur MP130 V2, le spot GL60 Plus, le lanceur TH4 V2, le gyrophare FL48-M300 et le projecteur infrarouge IR10 pour des capacit\u00e9s de communication, d'\u00e9clairage, d'imagerie thermique et d'infrarouge am\u00e9lior\u00e9es. Con\u00e7u pour les drones de la s\u00e9rie DJI Matrice, il offre une polyvalence et une efficacit\u00e9 in\u00e9gal\u00e9es pour les missions critiques de s\u00e9curit\u00e9 publique.<\/p>","protected":false},"excerpt":{"rendered":"<ul>\n<li>Solution d'antenne compl\u00e8te pour la s\u00e9curit\u00e9 publique et les services d'urgence.<\/li>\n<li>Am\u00e9liore la communication gr\u00e2ce \u00e0 un puissant syst\u00e8me de haut-parleurs.<\/li>\n<li>Fournit un \u00e9clairage de haute intensit\u00e9 pour les op\u00e9rations nocturnes.<\/li>\n<li>\u00c9quip\u00e9 d'un syst\u00e8me d'imagerie thermique pour les missions de recherche et de sauvetage.<\/li>\n<li>Le projecteur infrarouge am\u00e9liore la visibilit\u00e9 en cas de faible luminosit\u00e9.<\/li>\n<li>Con\u00e7u pour une int\u00e9gration parfaite avec les drones DJI Matrice.<\/li>\n<\/ul>","protected":false},"featured_media":1032,"template":"","meta":{"_acf_changed":false},"product_brand":[],"product_cat":[126,97,152,153],"product_tag":[],"class_list":{"0":"post-1034","1":"product","2":"type-product","3":"status-publish","4":"has-post-thumbnail","6":"product_cat-alle-payloads","7":"product_cat-alle-producten","8":"product_cat-dji-matrice-300","9":"product_cat-dji-matrice-350","10":"pa_brand-czi","11":"pa_producttype-openbare-veiligheid-geavanceerde-set","13":"first","14":"outofstock","15":"taxable","16":"shipping-taxable","17":"product-type-simple"},"acf":[],"yoast_head":"<!-- This site is optimized with the Yoast SEO Premium plugin v27.2 (Yoast SEO v27.2) - https:\/\/yoast.com\/product\/yoast-seo-premium-wordpress\/ -->\n<title>CZI Public Safety Advanced set v2 (1MP130 V2 1GL60 PLUS 1TH4 V2 1FL48-M300 1*IR10) - koningdrone.be<\/title>\n<meta name=\"robots\" content=\"index, follow, max-snippet:-1, max-image-preview:large, max-video-preview:-1\" \/>\n<link rel=\"canonical\" href=\"https:\/\/koningdrone.be\/fr\/produit\/czi-public-safety-advanced-set-v2-1mp130-v2-1gl60-plus-1th4-v2-1fl48-m300-1ir10\/\" \/>\n<meta property=\"og:locale\" content=\"fr_FR\" \/>\n<meta property=\"og:type\" content=\"article\" \/>\n<meta property=\"og:title\" content=\"CZI Public Safety Advanced set v2 (1MP130 V2 1GL60 PLUS 1TH4 V2 1FL48-M300 1*IR10)\" \/>\n<meta property=\"og:description\" content=\"Uitgebreide antenneoplossing voor openbare veiligheid en hulpdiensten.Verbetert de communicatie met een krachtig luidsprekersysteem.Biedt verlichting met hoge intensiteit voor nachtelijke operaties.Voorzien van warmtebeeld voor zoek- en reddingsmissies.Infraroodschijnwerper verbetert de zichtbaarheid bij weinig licht.Ontworpen voor naadloze integratie met DJI Matrice drones.\" \/>\n<meta property=\"og:url\" content=\"https:\/\/koningdrone.be\/fr\/produit\/czi-public-safety-advanced-set-v2-1mp130-v2-1gl60-plus-1th4-v2-1fl48-m300-1ir10\/\" \/>\n<meta property=\"og:site_name\" content=\"koningdrone.be\" \/>\n<meta property=\"article:modified_time\" content=\"2026-03-16T14:42:25+00:00\" \/>\n<meta property=\"og:image\" content=\"https:\/\/koningdrone.be\/wp-content\/uploads\/sites\/13\/2025\/04\/39c3a0e0-fad5-4f23-978f-fa1fbe27c046.jpg\" \/>\n\t<meta property=\"og:image:width\" content=\"2000\" \/>\n\t<meta property=\"og:image:height\" content=\"2000\" \/>\n\t<meta property=\"og:image:type\" content=\"image\/jpeg\" \/>\n<meta name=\"twitter:card\" content=\"summary_large_image\" \/>\n<script type=\"application\/ld+json\" class=\"yoast-schema-graph\">{\"@context\":\"https:\/\/schema.org\",\"@graph\":[{\"@type\":\"WebPage\",\"@id\":\"https:\/\/koningdrone.be\/product\/czi-public-safety-advanced-set-v2-1mp130-v2-1gl60-plus-1th4-v2-1fl48-m300-1ir10\/\",\"url\":\"https:\/\/koningdrone.be\/product\/czi-public-safety-advanced-set-v2-1mp130-v2-1gl60-plus-1th4-v2-1fl48-m300-1ir10\/\",\"name\":\"CZI Public Safety Advanced set v2 (1MP130 V2 1GL60 PLUS 1TH4 V2 1FL48-M300 1*IR10) - koningdrone.be\",\"isPartOf\":{\"@id\":\"https:\/\/koningdrone.be\/#website\"},\"primaryImageOfPage\":{\"@id\":\"https:\/\/koningdrone.be\/product\/czi-public-safety-advanced-set-v2-1mp130-v2-1gl60-plus-1th4-v2-1fl48-m300-1ir10\/#primaryimage\"},\"image\":{\"@id\":\"https:\/\/koningdrone.be\/product\/czi-public-safety-advanced-set-v2-1mp130-v2-1gl60-plus-1th4-v2-1fl48-m300-1ir10\/#primaryimage\"},\"thumbnailUrl\":\"https:\/\/koningdrone.be\/wp-content\/uploads\/sites\/13\/2025\/04\/39c3a0e0-fad5-4f23-978f-fa1fbe27c046.jpg\",\"datePublished\":\"2025-04-14T07:49:47+00:00\",\"dateModified\":\"2026-03-16T14:42:25+00:00\",\"breadcrumb\":{\"@id\":\"https:\/\/koningdrone.be\/product\/czi-public-safety-advanced-set-v2-1mp130-v2-1gl60-plus-1th4-v2-1fl48-m300-1ir10\/#breadcrumb\"},\"inLanguage\":\"fr-BE\",\"potentialAction\":[{\"@type\":\"ReadAction\",\"target\":[\"https:\/\/koningdrone.be\/product\/czi-public-safety-advanced-set-v2-1mp130-v2-1gl60-plus-1th4-v2-1fl48-m300-1ir10\/\"]}]},{\"@type\":\"ImageObject\",\"inLanguage\":\"fr-BE\",\"@id\":\"https:\/\/koningdrone.be\/product\/czi-public-safety-advanced-set-v2-1mp130-v2-1gl60-plus-1th4-v2-1fl48-m300-1ir10\/#primaryimage\",\"url\":\"https:\/\/koningdrone.be\/wp-content\/uploads\/sites\/13\/2025\/04\/39c3a0e0-fad5-4f23-978f-fa1fbe27c046.jpg\",\"contentUrl\":\"https:\/\/koningdrone.be\/wp-content\/uploads\/sites\/13\/2025\/04\/39c3a0e0-fad5-4f23-978f-fa1fbe27c046.jpg\",\"width\":2000,\"height\":2000},{\"@type\":\"BreadcrumbList\",\"@id\":\"https:\/\/koningdrone.be\/product\/czi-public-safety-advanced-set-v2-1mp130-v2-1gl60-plus-1th4-v2-1fl48-m300-1ir10\/#breadcrumb\",\"itemListElement\":[{\"@type\":\"ListItem\",\"position\":1,\"name\":\"Home\",\"item\":\"https:\/\/koningdrone.be\/\"},{\"@type\":\"ListItem\",\"position\":2,\"name\":\"AVSS Parachute Recovery System for DJI Matrice 300\/350\",\"item\":\"https:\/\/koningdrone.be\/product\/avss-parachute-recovery-system-for-dji-matrice-300-350\/\"},{\"@type\":\"ListItem\",\"position\":3,\"name\":\"Uncategorized\",\"item\":\"https:\/\/koningdrone.be\/categorie\/uncategorized\/\"},{\"@type\":\"ListItem\",\"position\":4,\"name\":\"CZI Public Safety Advanced set v2 (1MP130 V2 1GL60 PLUS 1TH4 V2 1FL48-M300 1*IR10)\"}]},{\"@type\":\"WebSite\",\"@id\":\"https:\/\/koningdrone.be\/#website\",\"url\":\"https:\/\/koningdrone.be\/\",\"name\":\"Koningdrone.be - Uw online specialist in drones, gimbals, camera's en power stations.\",\"description\":\"De webshop in drones en gimbals\",\"publisher\":{\"@id\":\"https:\/\/koningdrone.be\/#organization\"},\"potentialAction\":[{\"@type\":\"SearchAction\",\"target\":{\"@type\":\"EntryPoint\",\"urlTemplate\":\"https:\/\/koningdrone.be\/?s={search_term_string}\"},\"query-input\":{\"@type\":\"PropertyValueSpecification\",\"valueRequired\":true,\"valueName\":\"search_term_string\"}}],\"inLanguage\":\"fr-BE\"},{\"@type\":\"Organization\",\"@id\":\"https:\/\/koningdrone.be\/#organization\",\"name\":\"Koningdrone.be\",\"url\":\"https:\/\/koningdrone.be\/\",\"logo\":{\"@type\":\"ImageObject\",\"inLanguage\":\"fr-BE\",\"@id\":\"https:\/\/koningdrone.be\/#\/schema\/logo\/image\/\",\"url\":\"https:\/\/koningdrone.be\/wp-content\/uploads\/sites\/13\/2025\/04\/koningdrone-copyright-logo.svg\",\"contentUrl\":\"https:\/\/koningdrone.be\/wp-content\/uploads\/sites\/13\/2025\/04\/koningdrone-copyright-logo.svg\",\"width\":227,\"height\":38,\"caption\":\"Koningdrone.be\"},\"image\":{\"@id\":\"https:\/\/koningdrone.be\/#\/schema\/logo\/image\/\"}}]}<\/script>\n<!-- \/ Yoast SEO Premium plugin. -->","yoast_head_json":{"title":"CZI Public Safety Advanced set v2 (1MP130 V2 1GL60 PLUS 1TH4 V2 1FL48-M300 1*IR10) - koningdrone.be","robots":{"index":"index","follow":"follow","max-snippet":"max-snippet:-1","max-image-preview":"max-image-preview:large","max-video-preview":"max-video-preview:-1"},"canonical":"https:\/\/koningdrone.be\/fr\/produit\/czi-public-safety-advanced-set-v2-1mp130-v2-1gl60-plus-1th4-v2-1fl48-m300-1ir10\/","og_locale":"fr_FR","og_type":"article","og_title":"CZI Public Safety Advanced set v2 (1MP130 V2 1GL60 PLUS 1TH4 V2 1FL48-M300 1*IR10)","og_description":"Uitgebreide antenneoplossing voor openbare veiligheid en hulpdiensten.Verbetert de communicatie met een krachtig luidsprekersysteem.Biedt verlichting met hoge intensiteit voor nachtelijke operaties.Voorzien van warmtebeeld voor zoek- en reddingsmissies.Infraroodschijnwerper verbetert de zichtbaarheid bij weinig licht.Ontworpen voor naadloze integratie met DJI Matrice drones.","og_url":"https:\/\/koningdrone.be\/fr\/produit\/czi-public-safety-advanced-set-v2-1mp130-v2-1gl60-plus-1th4-v2-1fl48-m300-1ir10\/","og_site_name":"koningdrone.be","article_modified_time":"2026-03-16T14:42:25+00:00","og_image":[{"width":2000,"height":2000,"url":"https:\/\/koningdrone.be\/wp-content\/uploads\/sites\/13\/2025\/04\/39c3a0e0-fad5-4f23-978f-fa1fbe27c046.jpg","type":"image\/jpeg"}],"twitter_card":"summary_large_image","schema":{"@context":"https:\/\/schema.org","@graph":[{"@type":"WebPage","@id":"https:\/\/koningdrone.be\/product\/czi-public-safety-advanced-set-v2-1mp130-v2-1gl60-plus-1th4-v2-1fl48-m300-1ir10\/","url":"https:\/\/koningdrone.be\/product\/czi-public-safety-advanced-set-v2-1mp130-v2-1gl60-plus-1th4-v2-1fl48-m300-1ir10\/","name":"CZI Public Safety Advanced set v2 (1MP130 V2 1GL60 PLUS 1TH4 V2 1FL48-M300 1*IR10) - koningdrone.be","isPartOf":{"@id":"https:\/\/koningdrone.be\/#website"},"primaryImageOfPage":{"@id":"https:\/\/koningdrone.be\/product\/czi-public-safety-advanced-set-v2-1mp130-v2-1gl60-plus-1th4-v2-1fl48-m300-1ir10\/#primaryimage"},"image":{"@id":"https:\/\/koningdrone.be\/product\/czi-public-safety-advanced-set-v2-1mp130-v2-1gl60-plus-1th4-v2-1fl48-m300-1ir10\/#primaryimage"},"thumbnailUrl":"https:\/\/koningdrone.be\/wp-content\/uploads\/sites\/13\/2025\/04\/39c3a0e0-fad5-4f23-978f-fa1fbe27c046.jpg","datePublished":"2025-04-14T07:49:47+00:00","dateModified":"2026-03-16T14:42:25+00:00","breadcrumb":{"@id":"https:\/\/koningdrone.be\/product\/czi-public-safety-advanced-set-v2-1mp130-v2-1gl60-plus-1th4-v2-1fl48-m300-1ir10\/#breadcrumb"},"inLanguage":"fr-BE","potentialAction":[{"@type":"ReadAction","target":["https:\/\/koningdrone.be\/product\/czi-public-safety-advanced-set-v2-1mp130-v2-1gl60-plus-1th4-v2-1fl48-m300-1ir10\/"]}]},{"@type":"ImageObject","inLanguage":"fr-BE","@id":"https:\/\/koningdrone.be\/product\/czi-public-safety-advanced-set-v2-1mp130-v2-1gl60-plus-1th4-v2-1fl48-m300-1ir10\/#primaryimage","url":"https:\/\/koningdrone.be\/wp-content\/uploads\/sites\/13\/2025\/04\/39c3a0e0-fad5-4f23-978f-fa1fbe27c046.jpg","contentUrl":"https:\/\/koningdrone.be\/wp-content\/uploads\/sites\/13\/2025\/04\/39c3a0e0-fad5-4f23-978f-fa1fbe27c046.jpg","width":2000,"height":2000},{"@type":"BreadcrumbList","@id":"https:\/\/koningdrone.be\/product\/czi-public-safety-advanced-set-v2-1mp130-v2-1gl60-plus-1th4-v2-1fl48-m300-1ir10\/#breadcrumb","itemListElement":[{"@type":"ListItem","position":1,"name":"Home","item":"https:\/\/koningdrone.be\/"},{"@type":"ListItem","position":2,"name":"AVSS Parachute Recovery System for DJI Matrice 300\/350","item":"https:\/\/koningdrone.be\/product\/avss-parachute-recovery-system-for-dji-matrice-300-350\/"},{"@type":"ListItem","position":3,"name":"Uncategorized","item":"https:\/\/koningdrone.be\/categorie\/uncategorized\/"},{"@type":"ListItem","position":4,"name":"CZI Public Safety Advanced set v2 (1MP130 V2 1GL60 PLUS 1TH4 V2 1FL48-M300 1*IR10)"}]},{"@type":"WebSite","@id":"https:\/\/koningdrone.be\/#website","url":"https:\/\/koningdrone.be\/","name":"Koningdrone.be - Votre sp\u00e9cialiste en ligne en mati\u00e8re de drones, de cardans, de cam\u00e9ras et de centrales \u00e9lectriques.","description":"La boutique en ligne de drones et de cardans","publisher":{"@id":"https:\/\/koningdrone.be\/#organization"},"potentialAction":[{"@type":"SearchAction","target":{"@type":"EntryPoint","urlTemplate":"https:\/\/koningdrone.be\/?s={search_term_string}"},"query-input":{"@type":"PropertyValueSpecification","valueRequired":true,"valueName":"search_term_string"}}],"inLanguage":"fr-BE"},{"@type":"Organization","@id":"https:\/\/koningdrone.be\/#organization","name":"Kingdrone.co.uk","url":"https:\/\/koningdrone.be\/","logo":{"@type":"ImageObject","inLanguage":"fr-BE","@id":"https:\/\/koningdrone.be\/#\/schema\/logo\/image\/","url":"https:\/\/koningdrone.be\/wp-content\/uploads\/sites\/13\/2025\/04\/koningdrone-copyright-logo.svg","contentUrl":"https:\/\/koningdrone.be\/wp-content\/uploads\/sites\/13\/2025\/04\/koningdrone-copyright-logo.svg","width":227,"height":38,"caption":"Koningdrone.be"},"image":{"@id":"https:\/\/koningdrone.be\/#\/schema\/logo\/image\/"}}]}},"df_price":"","df_sale_price":"","df_regular_price":"","df_image_link":"https:\/\/koningdrone.be\/wp-content\/uploads\/sites\/13\/2025\/04\/39c3a0e0-fad5-4f23-978f-fa1fbe27c046-300x300.jpg","_links":{"self":[{"href":"https:\/\/koningdrone.be\/fr\/wp-json\/wp\/v2\/product\/1034","targetHints":{"allow":["GET"]}}],"collection":[{"href":"https:\/\/koningdrone.be\/fr\/wp-json\/wp\/v2\/product"}],"about":[{"href":"https:\/\/koningdrone.be\/fr\/wp-json\/wp\/v2\/types\/product"}],"wp:featuredmedia":[{"embeddable":true,"href":"https:\/\/koningdrone.be\/fr\/wp-json\/wp\/v2\/media\/1032"}],"wp:attachment":[{"href":"https:\/\/koningdrone.be\/fr\/wp-json\/wp\/v2\/media?parent=1034"}],"wp:term":[{"taxonomy":"product_brand","embeddable":true,"href":"https:\/\/koningdrone.be\/fr\/wp-json\/wp\/v2\/product_brand?post=1034"},{"taxonomy":"product_cat","embeddable":true,"href":"https:\/\/koningdrone.be\/fr\/wp-json\/wp\/v2\/product_cat?post=1034"},{"taxonomy":"product_tag","embeddable":true,"href":"https:\/\/koningdrone.be\/fr\/wp-json\/wp\/v2\/product_tag?post=1034"}],"curies":[{"name":"wp","href":"https:\/\/api.w.org\/{rel}","templated":true}]}}