{"id":10229,"date":"2025-06-19T14:15:06","date_gmt":"2025-06-19T12:15:06","guid":{"rendered":"https:\/\/koningdrone.be\/?post_type=product&#038;p=10229"},"modified":"2025-06-19T14:16:24","modified_gmt":"2025-06-19T12:16:24","slug":"dji-mic-refurbished","status":"publish","type":"product","link":"https:\/\/koningdrone.be\/fr\/produit\/dji-mic-refurbished\/","title":{"rendered":"DJI Mic : Remis \u00e0 neuf"},"content":{"rendered":"<h1>Microphone DJI<\/h1>\n<p>Avec DJI Mic, vous pouvez d\u00e9sormais enregistrer facilement un son qui correspond \u00e0 la qualit\u00e9 de vos vid\u00e9os. Il est id\u00e9al pour les vid\u00e9astes qui souhaitent prendre une longueur d'avance et faire passer leur contenu au niveau sup\u00e9rieur. Il offre une qualit\u00e9 sonore exceptionnelle et un enregistrement sur deux canaux \u00e0 des distances allant jusqu'\u00e0 250 m. En d\u00e9placement, connectez-vous et enregistrez un son d'une grande clart\u00e9.<\/p>\n<p><strong>Enregistrement sur deux canaux<\/strong><br \/>\nDJI Mic est livr\u00e9 avec deux \u00e9metteurs, chacun avec des microphones int\u00e9gr\u00e9s. Les deux \u00e9metteurs prennent en charge l'audio omnidirectionnel, ce qui les rend id\u00e9aux pour les interviews \u00e0 plusieurs personnes et les petits studios.<\/p>\n<p><strong>Audio de haute qualit\u00e9<\/strong><br \/>\nDJI Mic vous permet d'enregistrer un son professionnel de haute fid\u00e9lit\u00e9 en reproduisant avec pr\u00e9cision les sons sur une plage de fr\u00e9quences plus large. Les enregistrements peuvent \u00eatre effectu\u00e9s s\u00e9par\u00e9ment sur chaque canal, ou les deux canaux peuvent \u00eatre combin\u00e9s pour une plus grande flexibilit\u00e9 en post-production.<\/p>\n<p><strong>\u00c9cran tactile et m\u00e9moire interne int\u00e9gr\u00e9s<\/strong><br \/>\nL'\u00e9cran tactile du r\u00e9cepteur vous permet d'acc\u00e9der facilement \u00e0 la s\u00e9lection des canaux, aux param\u00e8tres d'entr\u00e9e\/sortie et \u00e0 d'autres op\u00e9rations essentielles. Les deux \u00e9metteurs sont dot\u00e9s d'une m\u00e9moire int\u00e9gr\u00e9e de 14 heures pour \u00e9viter les pertes de trames audio, les pertes et autres probl\u00e8mes.<\/p>\n<p><strong>Transmission sans fil<\/strong><br \/>\nProfitez d'un son clair et fiable, m\u00eame dans des situations complexes. Les \u00e9metteurs et les r\u00e9cepteurs communiquent par le biais d'une puissante transmission sans fil qui maintient le son stable et r\u00e9duit le retard audio, m\u00eame sur de longues distances.<\/p>\n<p><strong>Port\u00e9e de transmission de 250 m<\/strong><br \/>\nGr\u00e2ce \u00e0 la derni\u00e8re technologie d'encodage de DJI, DJI Mic est capable d'enregistrer un son clair \u00e0 des distances allant jusqu'\u00e0 250 m\u00e8tres.<\/p>\n<p><strong>Confort sans fil<\/strong><br \/>\nL'ensemble du syst\u00e8me DJI Mic est connect\u00e9 sans fil via une bande de fr\u00e9quence stable de 2,4 GHz, ce qui vous permet de vous d\u00e9placer en toute libert\u00e9 tout en enregistrant votre aventure.<\/p>\n<p><strong>Anti-interf\u00e9rence puissant<\/strong><br \/>\nLe syst\u00e8me de transmission sans fil optimis\u00e9 garantit un flux audio stable, m\u00eame dans les gares, les centres commerciaux et les bureaux.<\/p>\n<p><strong>Portable et transportable<\/strong><br \/>\nFixez facilement un \u00e9metteur \u00e0 tout ce que vous portez gr\u00e2ce au clip arri\u00e8re int\u00e9gr\u00e9 ou \u00e0 l'aide des aimants du clip. Pesant environ 30 grammes, le port de l'\u00e9metteur est confortable et transparent.<\/p>\n<p><strong>Clipsez et enregistrez<\/strong><br \/>\nChaque \u00e9metteur est dot\u00e9 d'un clip arri\u00e8re pratique qui peut \u00eatre facilement attach\u00e9 aux v\u00eatements et \u00e0 d'autres objets.<\/p>\n<p><strong>Plus de moyens de se connecter<\/strong><br \/>\nSi les v\u00eatements que vous portez ne conviennent pas au clip arri\u00e8re, les \u00e9metteurs peuvent \u00e9galement \u00eatre fix\u00e9s \u00e0 l'aide des aimants du clip.<\/p>\n<p><strong>Facile \u00e0 assembler<\/strong><br \/>\nGr\u00e2ce \u00e0 l'adaptateur pour griffe froide, fixez le r\u00e9cepteur \u00e0 votre appareil photo reflex num\u00e9rique, \u00e0 votre appareil photo sans miroir ou \u00e0 la monture de votre smartphone et capturez des images impeccables en accord avec le son.<\/p>\n<p><strong>Hautement compatible<\/strong><br \/>\nDiff\u00e9rents appareils signifient diff\u00e9rents adaptateurs d'entr\u00e9e, et DJI Mic les couvre tous. Le r\u00e9cepteur dispose de ports USB-C, Lightning et 3,5 mm TRS, ce qui le rend compatible avec les smartphones ordinaires, les appareils photo et les ordinateurs portables.<\/p>\n<p><strong>\u00c9tui de chargement DJI Mic<\/strong><br \/>\nL'\u00e9tui de chargement ultra-portable est l'endroit id\u00e9al pour le DJI Mic. Elle vous permet de charger les \u00e9metteurs et les r\u00e9cepteurs, de ranger les composants de mani\u00e8re pratique et d'appairer rapidement le syst\u00e8me d\u00e8s sa sortie de l'\u00e9tui.<\/p>\n<p><strong>Dur\u00e9e de vie ultra longue de la batterie<\/strong><br \/>\nVous recherchez un syst\u00e8me capable de r\u00e9pondre \u00e0 vos besoins en mati\u00e8re de contenu ? Profitez d'une journ\u00e9e compl\u00e8te d'enregistrement audio avec DJI Mic. Profitez d'une autonomie de 5,5 heures pour les \u00e9metteurs, 5 heures pour le r\u00e9cepteur et jusqu'\u00e0 15 heures avec la cartouche de chargement.<\/p>\n<p><strong>Appairage rapide<\/strong><br \/>\nLes \u00e9metteurs et les r\u00e9cepteurs s'associent automatiquement \u00e0 votre appareil d\u00e8s qu'ils sont retir\u00e9s de l'\u00e9tui de chargement. Il vous suffit de proc\u00e9der \u00e0 la configuration initiale pour \u00eatre pr\u00eat \u00e0 enregistrer un son exceptionnel en quelques secondes.<\/p>\n<p><strong>Une fonctionnalit\u00e9 riche<\/strong><br \/>\nPiste de s\u00e9curit\u00e9 : une piste audio secondaire est enregistr\u00e9e comme sauvegarde avec un volume de -6 dB. Elle permet de prot\u00e9ger l'audio si la perte d'audio est caus\u00e9e par des probl\u00e8mes tels que la distorsion ou l'\u00e9cr\u00eatage.<\/p>\n<p>Contr\u00f4le de gain \u00e0 plusieurs niveaux : r\u00e9glez la sensibilit\u00e9 d'entr\u00e9e et de sortie entre -12dB ~ 12dB et trouvez le r\u00e9glage parfait pour votre environnement.<\/p>\n<p>Pare-brise du microphone : il supprime efficacement le vent et les environnements bruyants tout en permettant d'enregistrer un son clair.<\/p>\n<p><strong>Notes : <\/strong><br \/>\n1. Test\u00e9 dans un environnement ext\u00e9rieur sans obstacle, conform\u00e9ment \u00e0 la norme FCC.<br \/>\n2. Test\u00e9 avec une fr\u00e9quence d'\u00e9chantillonnage de 48 000 Hz et un format audio WAV mono 24 bits.<br \/>\n3. Test\u00e9 avec 2 \u00e9metteurs connect\u00e9s au r\u00e9cepteur, sans enregistrement de secours, et le r\u00e9cepteur connect\u00e9 \u00e0 une cam\u00e9ra.<\/p>","protected":false},"excerpt":{"rendered":"<ul>\n<li>Enregistrement sur deux canaux<\/li>\n<li>Transmission sans fil \u00e0 250 m<\/li>\n<li>Jusqu'\u00e0 14 heures de m\u00e9moire interne<\/li>\n<li>Portable et compact<\/li>\n<li>Large compatibilit\u00e9<\/li>\n<li>Jusqu'\u00e0 15 heures d'autonomie<\/li>\n<\/ul>","protected":false},"featured_media":6086,"template":"","meta":{"_acf_changed":false},"product_brand":[],"product_cat":[97,621,297,139],"product_tag":[],"class_list":{"0":"post-10229","1":"product","2":"type-product","3":"status-publish","4":"has-post-thumbnail","6":"product_cat-alle-producten","7":"product_cat-dji-action-2","8":"product_cat-dji-osmo","9":"product_cat-refurbished","10":"product_shipping_class-outofstock","11":"pa_brand-dji","12":"pa_productfamily-microfoon","13":"pa_producttype-microfoon","14":"pa_series-action-2","16":"first","17":"instock","18":"sale","19":"taxable","20":"shipping-taxable","21":"purchasable","22":"product-type-simple"},"acf":[],"yoast_head":"<!-- This site is optimized with the Yoast SEO Premium plugin v27.2 (Yoast SEO v27.2) - https:\/\/yoast.com\/product\/yoast-seo-premium-wordpress\/ -->\n<title>DJI Mic : Refurbished - koningdrone.be<\/title>\n<meta name=\"robots\" content=\"index, follow, max-snippet:-1, max-image-preview:large, max-video-preview:-1\" \/>\n<link rel=\"canonical\" href=\"https:\/\/koningdrone.be\/fr\/producto\/dji-mic-refurbished\/\" \/>\n<meta property=\"og:locale\" content=\"fr_FR\" \/>\n<meta property=\"og:type\" content=\"article\" \/>\n<meta property=\"og:title\" content=\"DJI Mic : Refurbished\" \/>\n<meta property=\"og:description\" content=\"Opname op twee kanalen  250 m draadloze transmissie  Tot 14 uur intern geheugen  Draagbaar en compact  Brede compatibiliteit  Tot 15 uur batterijduur\" \/>\n<meta property=\"og:url\" content=\"https:\/\/koningdrone.be\/fr\/producto\/dji-mic-refurbished\/\" \/>\n<meta property=\"og:site_name\" content=\"koningdrone.be\" \/>\n<meta property=\"article:modified_time\" content=\"2025-06-19T12:16:24+00:00\" \/>\n<meta property=\"og:image\" content=\"https:\/\/koningdrone.be\/wp-content\/uploads\/sites\/13\/2025\/04\/dji-mic-1.jpg\" \/>\n\t<meta property=\"og:image:width\" content=\"600\" \/>\n\t<meta property=\"og:image:height\" content=\"450\" \/>\n\t<meta property=\"og:image:type\" content=\"image\/jpeg\" \/>\n<meta name=\"twitter:card\" content=\"summary_large_image\" \/>\n<meta name=\"twitter:label1\" content=\"Dur\u00e9e de lecture est.\" \/>\n\t<meta name=\"twitter:data1\" content=\"6 minutes\" \/>\n<script type=\"application\/ld+json\" class=\"yoast-schema-graph\">{\"@context\":\"https:\/\/schema.org\",\"@graph\":[{\"@type\":\"WebPage\",\"@id\":\"https:\/\/koningdrone.be\/es\/producto\/dji-mic-refurbished\/\",\"url\":\"https:\/\/koningdrone.be\/es\/producto\/dji-mic-refurbished\/\",\"name\":\"DJI Mic : Refurbished - koningdrone.be\",\"isPartOf\":{\"@id\":\"https:\/\/koningdrone.be\/#website\"},\"primaryImageOfPage\":{\"@id\":\"https:\/\/koningdrone.be\/es\/producto\/dji-mic-refurbished\/#primaryimage\"},\"image\":{\"@id\":\"https:\/\/koningdrone.be\/es\/producto\/dji-mic-refurbished\/#primaryimage\"},\"thumbnailUrl\":\"https:\/\/koningdrone.be\/wp-content\/uploads\/sites\/13\/2025\/04\/dji-mic-1.jpg\",\"datePublished\":\"2025-06-19T12:15:06+00:00\",\"dateModified\":\"2025-06-19T12:16:24+00:00\",\"breadcrumb\":{\"@id\":\"https:\/\/koningdrone.be\/es\/producto\/dji-mic-refurbished\/#breadcrumb\"},\"inLanguage\":\"fr-BE\",\"potentialAction\":[{\"@type\":\"ReadAction\",\"target\":[\"https:\/\/koningdrone.be\/es\/producto\/dji-mic-refurbished\/\"]}]},{\"@type\":\"ImageObject\",\"inLanguage\":\"fr-BE\",\"@id\":\"https:\/\/koningdrone.be\/es\/producto\/dji-mic-refurbished\/#primaryimage\",\"url\":\"https:\/\/koningdrone.be\/wp-content\/uploads\/sites\/13\/2025\/04\/dji-mic-1.jpg\",\"contentUrl\":\"https:\/\/koningdrone.be\/wp-content\/uploads\/sites\/13\/2025\/04\/dji-mic-1.jpg\",\"width\":600,\"height\":450},{\"@type\":\"BreadcrumbList\",\"@id\":\"https:\/\/koningdrone.be\/es\/producto\/dji-mic-refurbished\/#breadcrumb\",\"itemListElement\":[{\"@type\":\"ListItem\",\"position\":1,\"name\":\"Home\",\"item\":\"https:\/\/koningdrone.be\/\"},{\"@type\":\"ListItem\",\"position\":2,\"name\":\"AVSS Parachute Recovery System for DJI Matrice 300\/350\",\"item\":\"https:\/\/koningdrone.be\/product\/avss-parachute-recovery-system-for-dji-matrice-300-350\/\"},{\"@type\":\"ListItem\",\"position\":3,\"name\":\"Alle producten\",\"item\":\"https:\/\/koningdrone.be\/categorie\/alle-producten\/\"},{\"@type\":\"ListItem\",\"position\":4,\"name\":\"DJI Mic : Refurbished\"}]},{\"@type\":\"WebSite\",\"@id\":\"https:\/\/koningdrone.be\/#website\",\"url\":\"https:\/\/koningdrone.be\/\",\"name\":\"Koningdrone.be - Uw online specialist in drones, gimbals, camera's en power stations.\",\"description\":\"De webshop in drones en gimbals\",\"publisher\":{\"@id\":\"https:\/\/koningdrone.be\/#organization\"},\"potentialAction\":[{\"@type\":\"SearchAction\",\"target\":{\"@type\":\"EntryPoint\",\"urlTemplate\":\"https:\/\/koningdrone.be\/?s={search_term_string}\"},\"query-input\":{\"@type\":\"PropertyValueSpecification\",\"valueRequired\":true,\"valueName\":\"search_term_string\"}}],\"inLanguage\":\"fr-BE\"},{\"@type\":\"Organization\",\"@id\":\"https:\/\/koningdrone.be\/#organization\",\"name\":\"Koningdrone.be\",\"url\":\"https:\/\/koningdrone.be\/\",\"logo\":{\"@type\":\"ImageObject\",\"inLanguage\":\"fr-BE\",\"@id\":\"https:\/\/koningdrone.be\/#\/schema\/logo\/image\/\",\"url\":\"https:\/\/koningdrone.be\/wp-content\/uploads\/sites\/13\/2025\/04\/koningdrone-copyright-logo.svg\",\"contentUrl\":\"https:\/\/koningdrone.be\/wp-content\/uploads\/sites\/13\/2025\/04\/koningdrone-copyright-logo.svg\",\"width\":227,\"height\":38,\"caption\":\"Koningdrone.be\"},\"image\":{\"@id\":\"https:\/\/koningdrone.be\/#\/schema\/logo\/image\/\"}}]}<\/script>\n<!-- \/ Yoast SEO Premium plugin. -->","yoast_head_json":{"title":"DJI Mic : Refurbished - koningdrone.be","robots":{"index":"index","follow":"follow","max-snippet":"max-snippet:-1","max-image-preview":"max-image-preview:large","max-video-preview":"max-video-preview:-1"},"canonical":"https:\/\/koningdrone.be\/fr\/producto\/dji-mic-refurbished\/","og_locale":"fr_FR","og_type":"article","og_title":"DJI Mic : Refurbished","og_description":"Opname op twee kanalen  250 m draadloze transmissie  Tot 14 uur intern geheugen  Draagbaar en compact  Brede compatibiliteit  Tot 15 uur batterijduur","og_url":"https:\/\/koningdrone.be\/fr\/producto\/dji-mic-refurbished\/","og_site_name":"koningdrone.be","article_modified_time":"2025-06-19T12:16:24+00:00","og_image":[{"width":600,"height":450,"url":"https:\/\/koningdrone.be\/wp-content\/uploads\/sites\/13\/2025\/04\/dji-mic-1.jpg","type":"image\/jpeg"}],"twitter_card":"summary_large_image","twitter_misc":{"Dur\u00e9e de lecture est.":"6 minutes"},"schema":{"@context":"https:\/\/schema.org","@graph":[{"@type":"WebPage","@id":"https:\/\/koningdrone.be\/es\/producto\/dji-mic-refurbished\/","url":"https:\/\/koningdrone.be\/es\/producto\/dji-mic-refurbished\/","name":"DJI Mic : Refurbished - koningdrone.be","isPartOf":{"@id":"https:\/\/koningdrone.be\/#website"},"primaryImageOfPage":{"@id":"https:\/\/koningdrone.be\/es\/producto\/dji-mic-refurbished\/#primaryimage"},"image":{"@id":"https:\/\/koningdrone.be\/es\/producto\/dji-mic-refurbished\/#primaryimage"},"thumbnailUrl":"https:\/\/koningdrone.be\/wp-content\/uploads\/sites\/13\/2025\/04\/dji-mic-1.jpg","datePublished":"2025-06-19T12:15:06+00:00","dateModified":"2025-06-19T12:16:24+00:00","breadcrumb":{"@id":"https:\/\/koningdrone.be\/es\/producto\/dji-mic-refurbished\/#breadcrumb"},"inLanguage":"fr-BE","potentialAction":[{"@type":"ReadAction","target":["https:\/\/koningdrone.be\/es\/producto\/dji-mic-refurbished\/"]}]},{"@type":"ImageObject","inLanguage":"fr-BE","@id":"https:\/\/koningdrone.be\/es\/producto\/dji-mic-refurbished\/#primaryimage","url":"https:\/\/koningdrone.be\/wp-content\/uploads\/sites\/13\/2025\/04\/dji-mic-1.jpg","contentUrl":"https:\/\/koningdrone.be\/wp-content\/uploads\/sites\/13\/2025\/04\/dji-mic-1.jpg","width":600,"height":450},{"@type":"BreadcrumbList","@id":"https:\/\/koningdrone.be\/es\/producto\/dji-mic-refurbished\/#breadcrumb","itemListElement":[{"@type":"ListItem","position":1,"name":"Home","item":"https:\/\/koningdrone.be\/"},{"@type":"ListItem","position":2,"name":"AVSS Parachute Recovery System for DJI Matrice 300\/350","item":"https:\/\/koningdrone.be\/product\/avss-parachute-recovery-system-for-dji-matrice-300-350\/"},{"@type":"ListItem","position":3,"name":"Alle producten","item":"https:\/\/koningdrone.be\/categorie\/alle-producten\/"},{"@type":"ListItem","position":4,"name":"DJI Mic : Refurbished"}]},{"@type":"WebSite","@id":"https:\/\/koningdrone.be\/#website","url":"https:\/\/koningdrone.be\/","name":"Koningdrone.be - Votre sp\u00e9cialiste en ligne en mati\u00e8re de drones, de cardans, de cam\u00e9ras et de centrales \u00e9lectriques.","description":"La boutique en ligne de drones et de cardans","publisher":{"@id":"https:\/\/koningdrone.be\/#organization"},"potentialAction":[{"@type":"SearchAction","target":{"@type":"EntryPoint","urlTemplate":"https:\/\/koningdrone.be\/?s={search_term_string}"},"query-input":{"@type":"PropertyValueSpecification","valueRequired":true,"valueName":"search_term_string"}}],"inLanguage":"fr-BE"},{"@type":"Organization","@id":"https:\/\/koningdrone.be\/#organization","name":"Kingdrone.co.uk","url":"https:\/\/koningdrone.be\/","logo":{"@type":"ImageObject","inLanguage":"fr-BE","@id":"https:\/\/koningdrone.be\/#\/schema\/logo\/image\/","url":"https:\/\/koningdrone.be\/wp-content\/uploads\/sites\/13\/2025\/04\/koningdrone-copyright-logo.svg","contentUrl":"https:\/\/koningdrone.be\/wp-content\/uploads\/sites\/13\/2025\/04\/koningdrone-copyright-logo.svg","width":227,"height":38,"caption":"Koningdrone.be"},"image":{"@id":"https:\/\/koningdrone.be\/#\/schema\/logo\/image\/"}}]}},"df_price":224.1,"df_sale_price":224.1,"df_regular_price":249,"df_image_link":"https:\/\/koningdrone.be\/wp-content\/uploads\/sites\/13\/2025\/04\/dji-mic-1-300x225.jpg","_links":{"self":[{"href":"https:\/\/koningdrone.be\/fr\/wp-json\/wp\/v2\/product\/10229","targetHints":{"allow":["GET"]}}],"collection":[{"href":"https:\/\/koningdrone.be\/fr\/wp-json\/wp\/v2\/product"}],"about":[{"href":"https:\/\/koningdrone.be\/fr\/wp-json\/wp\/v2\/types\/product"}],"wp:featuredmedia":[{"embeddable":true,"href":"https:\/\/koningdrone.be\/fr\/wp-json\/wp\/v2\/media\/6086"}],"wp:attachment":[{"href":"https:\/\/koningdrone.be\/fr\/wp-json\/wp\/v2\/media?parent=10229"}],"wp:term":[{"taxonomy":"product_brand","embeddable":true,"href":"https:\/\/koningdrone.be\/fr\/wp-json\/wp\/v2\/product_brand?post=10229"},{"taxonomy":"product_cat","embeddable":true,"href":"https:\/\/koningdrone.be\/fr\/wp-json\/wp\/v2\/product_cat?post=10229"},{"taxonomy":"product_tag","embeddable":true,"href":"https:\/\/koningdrone.be\/fr\/wp-json\/wp\/v2\/product_tag?post=10229"}],"curies":[{"name":"wp","href":"https:\/\/api.w.org\/{rel}","templated":true}]}}