{"id":10181,"date":"2025-07-03T09:32:45","date_gmt":"2025-07-03T07:32:45","guid":{"rendered":"https:\/\/koningdrone.be\/product\/dji-mavic-4-pro-dji-rc-2\/"},"modified":"2026-04-29T15:20:20","modified_gmt":"2026-04-29T13:20:20","slug":"dji-mavic-4-pro-including-rc331-smart-controller","status":"publish","type":"product","link":"https:\/\/koningdrone.be\/fr\/produit\/dji-mavic-4-pro-including-rc331-smart-controller\/","title":{"rendered":"DJI Mavic 4 Pro - incluant le contr\u00f4leur intelligent RC331"},"content":{"rendered":"<h3>DJI Mavic 4 Pro : la nouvelle norme en mati\u00e8re de production cin\u00e9matographique haut de gamme<\/h3>\n<p><iframe loading=\"lazy\" title=\"Pr\u00e9sentation du DJI Mavic 4 Pro\" width=\"800\" height=\"450\" src=\"https:\/\/www.youtube.com\/embed\/BNEmDcQr6hk?feature=oembed&#038;enablejsapi=1&#038;origin=https:\/\/koningdrone.be\" frameborder=\"0\" allow=\"accelerometer; autoplay; clipboard-write; encrypted-media; gyroscope; picture-in-picture; web-share\" referrerpolicy=\"strict-origin-when-cross-origin\" allowfullscreen><\/iframe><\/p>\n<p style=\"margin: 20px 0\">Le <strong>DJI Mavic 4 Pro avec contr\u00f4leur intelligent RC331<\/strong> n'est pas seulement une mise \u00e0 jour, c'est une red\u00e9finition de ce qui est possible dans le ciel. Pour la premi\u00e8re fois, cet appareil phare combine un syst\u00e8me \u00e0 trois cam\u00e9ras avec un syst\u00e8me d'enregistrement des images. <strong>Appareil photo principal Hasselblad 100MP<\/strong>, Le Mavic 4 Pro offre une qualit\u00e9 d'image exceptionnelle, garantissant que chaque pixel est impr\u00e9gn\u00e9 de couleurs et de d\u00e9tails. Qu'il s'agisse de tourner un film haut de gamme ou d'effectuer des inspections industrielles complexes, le Mavic 4 Pro offre une qualit\u00e9 d'image jusqu'alors r\u00e9serv\u00e9e aux drones de cin\u00e9ma lourds et peu maniables. Associ\u00e9 au contr\u00f4leur intelligent RC331, il offre un flux de travail transparent, sans smartphone, pour les professionnels exigeants qui ne se contentent de rien de moins que la perfection.<\/p>\n<p><a href=\"https:\/\/koningdrone.nl\/wp-content\/uploads\/2025\/07\/DJI-Mavic-4-Pro-\u2013-including-RC331-Smart-Controller.jpg\"><img loading=\"lazy\" decoding=\"async\" class=\"size-medium wp-image-472484 aligncenter\" src=\"https:\/\/koningdrone.nl\/wp-content\/uploads\/2025\/07\/DJI-Mavic-4-Pro-\u2013-including-RC331-Smart-Controller-300x300.jpg\" alt=\"DJI Mavic 4 Pro \u2013 including RC331 Smart Controller\" width=\"300\" height=\"300\" \/><\/a><\/p>\n<h4>Optique et vision nocturne in\u00e9gal\u00e9es<\/h4>\n<p>Le syst\u00e8me de cam\u00e9ra du Mavic 4 Pro offre une libert\u00e9 de cr\u00e9ation sans pr\u00e9c\u00e9dent dans cette cat\u00e9gorie :<\/p>\n<ul>\n<li><strong>Syst\u00e8me Hasselblad \u00e0 trois cam\u00e9ras :<\/strong> Le c\u0153ur de l'appareil est un capteur CMOS 4\/3\u2033 de 100 m\u00e9gapixels qui fournit des images \u00e9poustouflantes. <strong>Vid\u00e9o HDR 6K \u00e0 60 fps<\/strong> Il est flanqu\u00e9 d'un t\u00e9l\u00e9objectif moyen de 48 MP (70 mm) et d'un t\u00e9l\u00e9objectif de 50 MP (168 mm), ce qui vous permet de zoomer en douceur entre les vues panoramiques et les d\u00e9tails intimes sans perte de qualit\u00e9.<\/li>\n<li><strong>Rotation \u00e0 l'infini sur 360\u00b0 :<\/strong> L'architecture r\u00e9volutionnaire du cardan permet une rotation compl\u00e8te \u00e0 360\u00b0. Cela ouvre la voie \u00e0 des mouvements de cam\u00e9ra complexes, de type \u201cInception\u201d, et \u00e0 des prises de vue verticales sans avoir \u00e0 faire pivoter physiquement le drone.<\/li>\n<li><strong>1 Lux Nightscape &amp; LiDAR :<\/strong> Gr\u00e2ce \u00e0 la technologie avanc\u00e9e Nightscape et aux capteurs LiDAR omnidirectionnels, le drone navigue en toute s\u00e9curit\u00e9 dans l'obscurit\u00e9 presque totale. La d\u00e9tection des obstacles reste pr\u00e9cise \u00e0 seulement <strong>0,1 lux<\/strong>, Les prises de vue nocturnes n'ont jamais \u00e9t\u00e9 aussi s\u00fbres.<\/li>\n<\/ul>\n<h4><a href=\"https:\/\/koningdrone.nl\/wp-content\/uploads\/2025\/07\/Product-DJI-Mavic-4-Pro-\u2013-including-RC331-Smart-Controller.jpg\"><img loading=\"lazy\" decoding=\"async\" class=\"size-medium wp-image-472483 aligncenter\" src=\"https:\/\/koningdrone.nl\/wp-content\/uploads\/2025\/07\/Product-DJI-Mavic-4-Pro-\u2013-including-RC331-Smart-Controller-300x225.jpg\" alt=\"Product DJI Mavic 4 Pro \u2013 including RC331 Smart Controller\" width=\"300\" height=\"225\" \/><\/a><\/h4>\n<h4>Performances de vol et contr\u00f4le sup\u00e9rieurs<\/h4>\n<p>Le Mavic 4 Pro est con\u00e7u pour l'endurance et la pr\u00e9cision sous pression :<\/p>\n<ul>\n<li><strong>Temps de vol exceptionnel de 51 minutes :<\/strong> Gr\u00e2ce \u00e0 la puissante batterie de 95Wh et \u00e0 un design a\u00e9rodynamique optimis\u00e9, le drone reste en l'air plus longtemps que ses pr\u00e9d\u00e9cesseurs. Avec une port\u00e9e th\u00e9orique de <strong>41 km<\/strong> m\u00eame les endroits les plus \u00e9loign\u00e9s sont accessibles.<\/li>\n<li><strong>Contr\u00f4leur intelligent RC331 :<\/strong> Le contr\u00f4leur fourni est dot\u00e9 d'un \u00e9cran int\u00e9gr\u00e9 ultra-lumineux, parfaitement lisible m\u00eame en plein soleil. Finis les c\u00e2bles et les t\u00e9l\u00e9phones en surchauffe : vous \u00eates op\u00e9rationnel quelques secondes apr\u00e8s le d\u00e9collage.<\/li>\n<li><strong>ActiveTrack 360\u00b0 :<\/strong> Le syst\u00e8me de suivi contr\u00f4l\u00e9 par l'IA permet de garder votre sujet en vue sous tous les angles, le drone calculant de mani\u00e8re autonome des trajectoires de vol complexes pour \u00e9viter les obstacles tout en conservant une composition parfaite.<\/li>\n<\/ul>\n<h4><a href=\"https:\/\/koningdrone.nl\/wp-content\/uploads\/2025\/07\/DJI-Mavic-4-Pro-Product-\u2013-including-RC331-Smart-Controller.jpg\"><img loading=\"lazy\" decoding=\"async\" class=\"size-medium wp-image-472482 aligncenter\" src=\"https:\/\/koningdrone.nl\/wp-content\/uploads\/2025\/07\/DJI-Mavic-4-Pro-Product-\u2013-including-RC331-Smart-Controller-300x225.jpg\" alt=\"DJI Mavic 4 Pro Product \u2013 including RC331 Smart Controller\" width=\"300\" height=\"225\" \/><\/a><\/h4>\n<h4>Pourquoi le DJI Mavic 4 Pro est indispensable<\/h4>\n<p>Pour les cin\u00e9astes, les cr\u00e9ateurs de contenu et les inspecteurs, le Mavic 4 Pro est l'outil ultime. Il \u00e9limine la n\u00e9cessit\u00e9 de choisir entre portabilit\u00e9 et qualit\u00e9 d'image. Gr\u00e2ce \u00e0 l'\u00e9norme r\u00e9solution de son capteur et \u00e0 la polyvalence de ses trois objectifs, ce drone remplace un sac entier de mat\u00e9riel de prise de vue. Avec le Mavic 4 Pro, vous investissez dans une plateforme \u00e0 l'\u00e9preuve du temps qui repousse non seulement les limites de la photographie a\u00e9rienne, mais l'am\u00e8ne \u00e0 un niveau de perfection cin\u00e9matographique.<\/p>","protected":false},"excerpt":{"rendered":"<ul>\n<li>Appareil photo Hasselblad de 100 m\u00e9gapixels + deux t\u00e9l\u00e9objectifs<\/li>\n<li>Vid\u00e9o HDR 6K jusqu'\u00e0 60 fps<\/li>\n<li>Jusqu'\u00e0 51 minutes de vol<\/li>\n<li>Balancier Infinity avec rotation \u00e0 360<\/li>\n<li>D\u00e9tection omnidirectionnelle d'obstacles avec vision nocturne<\/li>\n<li>Suivi intelligent \u00e0 360\u00b0 ActiveTrack<\/li>\n<li>Contr\u00f4leur RC331 avec \u00e9cran int\u00e9gr\u00e9<\/li>\n<\/ul>","protected":false},"featured_media":18786,"template":"","meta":{"_acf_changed":false},"product_brand":[],"product_cat":[136,1415,58],"product_tag":[],"class_list":{"0":"post-10181","1":"product","2":"type-product","3":"status-publish","4":"has-post-thumbnail","6":"product_cat-consumer-drones","7":"product_cat-dji-mavic-4-pro","8":"product_cat-uncategorized","9":"product_shipping_class-outofstock","10":"pa_brand-dji","11":"pa_producttype-drone","12":"pa_series-mavic","14":"first","15":"outofstock","16":"taxable","17":"shipping-taxable","18":"purchasable","19":"product-type-simple"},"acf":[],"yoast_head":"<!-- This site is optimized with the Yoast SEO Premium plugin v27.2 (Yoast SEO v27.2) - https:\/\/yoast.com\/product\/yoast-seo-premium-wordpress\/ -->\n<title>DJI Mavic 4 Pro \u2013 including RC331 Smart Controller - koningdrone.be<\/title>\n<meta name=\"robots\" content=\"index, follow, max-snippet:-1, max-image-preview:large, max-video-preview:-1\" \/>\n<link rel=\"canonical\" href=\"https:\/\/koningdrone.be\/fr\/produit\/dji-mavic-4-pro-including-rc331-smart-controller\/\" \/>\n<meta property=\"og:locale\" content=\"fr_FR\" \/>\n<meta property=\"og:type\" content=\"article\" \/>\n<meta property=\"og:title\" content=\"DJI Mavic 4 Pro \u2013 including RC331 Smart Controller\" \/>\n<meta property=\"og:description\" content=\"100MP Hasselblad camera + dubbele telelenzen  6K HDR video tot 60 fps  Tot 51 minuten vliegtijd  Infinity Gimbal met 360\u00b0 rotatie  Omnidirectionele obstakeldetectie met night vision  ActiveTrack 360\u00b0 intelligente tracking  RC331 controller met ingebouwd scherm\" \/>\n<meta property=\"og:url\" content=\"https:\/\/koningdrone.be\/fr\/produit\/dji-mavic-4-pro-including-rc331-smart-controller\/\" \/>\n<meta property=\"og:site_name\" content=\"koningdrone.be\" \/>\n<meta property=\"article:modified_time\" content=\"2026-04-29T13:20:20+00:00\" \/>\n<meta property=\"og:image\" content=\"https:\/\/koningdrone.be\/wp-content\/uploads\/sites\/13\/2026\/04\/DJI-Mavic-4-Pro-\u2013-including-RC331-Smart-Controller.jpg\" \/>\n\t<meta property=\"og:image:width\" content=\"2560\" \/>\n\t<meta property=\"og:image:height\" content=\"2560\" \/>\n\t<meta property=\"og:image:type\" content=\"image\/jpeg\" \/>\n<meta name=\"twitter:card\" content=\"summary_large_image\" \/>\n<meta name=\"twitter:label1\" content=\"Dur\u00e9e de lecture est.\" \/>\n\t<meta name=\"twitter:data1\" content=\"1 minute\" \/>\n<script type=\"application\/ld+json\" class=\"yoast-schema-graph\">{\"@context\":\"https:\/\/schema.org\",\"@graph\":[{\"@type\":\"WebPage\",\"@id\":\"https:\/\/koningdrone.be\/product\/dji-mavic-4-pro-including-rc331-smart-controller\/\",\"url\":\"https:\/\/koningdrone.be\/product\/dji-mavic-4-pro-including-rc331-smart-controller\/\",\"name\":\"DJI Mavic 4 Pro \u2013 including RC331 Smart Controller - koningdrone.be\",\"isPartOf\":{\"@id\":\"https:\/\/koningdrone.be\/#website\"},\"primaryImageOfPage\":{\"@id\":\"https:\/\/koningdrone.be\/product\/dji-mavic-4-pro-including-rc331-smart-controller\/#primaryimage\"},\"image\":{\"@id\":\"https:\/\/koningdrone.be\/product\/dji-mavic-4-pro-including-rc331-smart-controller\/#primaryimage\"},\"thumbnailUrl\":\"https:\/\/koningdrone.be\/wp-content\/uploads\/sites\/13\/2026\/04\/DJI-Mavic-4-Pro-\u2013-including-RC331-Smart-Controller.jpg\",\"datePublished\":\"2025-07-03T07:32:45+00:00\",\"dateModified\":\"2026-04-29T13:20:20+00:00\",\"breadcrumb\":{\"@id\":\"https:\/\/koningdrone.be\/product\/dji-mavic-4-pro-including-rc331-smart-controller\/#breadcrumb\"},\"inLanguage\":\"fr-BE\",\"potentialAction\":[{\"@type\":\"ReadAction\",\"target\":[\"https:\/\/koningdrone.be\/product\/dji-mavic-4-pro-including-rc331-smart-controller\/\"]}]},{\"@type\":\"ImageObject\",\"inLanguage\":\"fr-BE\",\"@id\":\"https:\/\/koningdrone.be\/product\/dji-mavic-4-pro-including-rc331-smart-controller\/#primaryimage\",\"url\":\"https:\/\/koningdrone.be\/wp-content\/uploads\/sites\/13\/2026\/04\/DJI-Mavic-4-Pro-\u2013-including-RC331-Smart-Controller.jpg\",\"contentUrl\":\"https:\/\/koningdrone.be\/wp-content\/uploads\/sites\/13\/2026\/04\/DJI-Mavic-4-Pro-\u2013-including-RC331-Smart-Controller.jpg\",\"width\":2560,\"height\":2560},{\"@type\":\"BreadcrumbList\",\"@id\":\"https:\/\/koningdrone.be\/product\/dji-mavic-4-pro-including-rc331-smart-controller\/#breadcrumb\",\"itemListElement\":[{\"@type\":\"ListItem\",\"position\":1,\"name\":\"Home\",\"item\":\"https:\/\/koningdrone.be\/\"},{\"@type\":\"ListItem\",\"position\":2,\"name\":\"AVSS Parachute Recovery System for DJI Matrice 300\/350\",\"item\":\"https:\/\/koningdrone.be\/product\/avss-parachute-recovery-system-for-dji-matrice-300-350\/\"},{\"@type\":\"ListItem\",\"position\":3,\"name\":\"Consumer drones\",\"item\":\"https:\/\/koningdrone.be\/categorie\/consumer-drones\/\"},{\"@type\":\"ListItem\",\"position\":4,\"name\":\"DJI Mavic 4 Pro \u2013 including RC331 Smart Controller\"}]},{\"@type\":\"WebSite\",\"@id\":\"https:\/\/koningdrone.be\/#website\",\"url\":\"https:\/\/koningdrone.be\/\",\"name\":\"Koningdrone.be - Uw online specialist in drones, gimbals, camera's en power stations.\",\"description\":\"De webshop in drones en gimbals\",\"publisher\":{\"@id\":\"https:\/\/koningdrone.be\/#organization\"},\"potentialAction\":[{\"@type\":\"SearchAction\",\"target\":{\"@type\":\"EntryPoint\",\"urlTemplate\":\"https:\/\/koningdrone.be\/?s={search_term_string}\"},\"query-input\":{\"@type\":\"PropertyValueSpecification\",\"valueRequired\":true,\"valueName\":\"search_term_string\"}}],\"inLanguage\":\"fr-BE\"},{\"@type\":\"Organization\",\"@id\":\"https:\/\/koningdrone.be\/#organization\",\"name\":\"Koningdrone.be\",\"url\":\"https:\/\/koningdrone.be\/\",\"logo\":{\"@type\":\"ImageObject\",\"inLanguage\":\"fr-BE\",\"@id\":\"https:\/\/koningdrone.be\/#\/schema\/logo\/image\/\",\"url\":\"https:\/\/koningdrone.be\/wp-content\/uploads\/sites\/13\/2025\/04\/koningdrone-copyright-logo.svg\",\"contentUrl\":\"https:\/\/koningdrone.be\/wp-content\/uploads\/sites\/13\/2025\/04\/koningdrone-copyright-logo.svg\",\"width\":227,\"height\":38,\"caption\":\"Koningdrone.be\"},\"image\":{\"@id\":\"https:\/\/koningdrone.be\/#\/schema\/logo\/image\/\"}}]}<\/script>\n<!-- \/ Yoast SEO Premium plugin. -->","yoast_head_json":{"title":"DJI Mavic 4 Pro \u2013 including RC331 Smart Controller - koningdrone.be","robots":{"index":"index","follow":"follow","max-snippet":"max-snippet:-1","max-image-preview":"max-image-preview:large","max-video-preview":"max-video-preview:-1"},"canonical":"https:\/\/koningdrone.be\/fr\/produit\/dji-mavic-4-pro-including-rc331-smart-controller\/","og_locale":"fr_FR","og_type":"article","og_title":"DJI Mavic 4 Pro \u2013 including RC331 Smart Controller","og_description":"100MP Hasselblad camera + dubbele telelenzen  6K HDR video tot 60 fps  Tot 51 minuten vliegtijd  Infinity Gimbal met 360\u00b0 rotatie  Omnidirectionele obstakeldetectie met night vision  ActiveTrack 360\u00b0 intelligente tracking  RC331 controller met ingebouwd scherm","og_url":"https:\/\/koningdrone.be\/fr\/produit\/dji-mavic-4-pro-including-rc331-smart-controller\/","og_site_name":"koningdrone.be","article_modified_time":"2026-04-29T13:20:20+00:00","og_image":[{"width":2560,"height":2560,"url":"https:\/\/koningdrone.be\/wp-content\/uploads\/sites\/13\/2026\/04\/DJI-Mavic-4-Pro-\u2013-including-RC331-Smart-Controller.jpg","type":"image\/jpeg"}],"twitter_card":"summary_large_image","twitter_misc":{"Dur\u00e9e de lecture est.":"1 minute"},"schema":{"@context":"https:\/\/schema.org","@graph":[{"@type":"WebPage","@id":"https:\/\/koningdrone.be\/product\/dji-mavic-4-pro-including-rc331-smart-controller\/","url":"https:\/\/koningdrone.be\/product\/dji-mavic-4-pro-including-rc331-smart-controller\/","name":"DJI Mavic 4 Pro \u2013 including RC331 Smart Controller - koningdrone.be","isPartOf":{"@id":"https:\/\/koningdrone.be\/#website"},"primaryImageOfPage":{"@id":"https:\/\/koningdrone.be\/product\/dji-mavic-4-pro-including-rc331-smart-controller\/#primaryimage"},"image":{"@id":"https:\/\/koningdrone.be\/product\/dji-mavic-4-pro-including-rc331-smart-controller\/#primaryimage"},"thumbnailUrl":"https:\/\/koningdrone.be\/wp-content\/uploads\/sites\/13\/2026\/04\/DJI-Mavic-4-Pro-\u2013-including-RC331-Smart-Controller.jpg","datePublished":"2025-07-03T07:32:45+00:00","dateModified":"2026-04-29T13:20:20+00:00","breadcrumb":{"@id":"https:\/\/koningdrone.be\/product\/dji-mavic-4-pro-including-rc331-smart-controller\/#breadcrumb"},"inLanguage":"fr-BE","potentialAction":[{"@type":"ReadAction","target":["https:\/\/koningdrone.be\/product\/dji-mavic-4-pro-including-rc331-smart-controller\/"]}]},{"@type":"ImageObject","inLanguage":"fr-BE","@id":"https:\/\/koningdrone.be\/product\/dji-mavic-4-pro-including-rc331-smart-controller\/#primaryimage","url":"https:\/\/koningdrone.be\/wp-content\/uploads\/sites\/13\/2026\/04\/DJI-Mavic-4-Pro-\u2013-including-RC331-Smart-Controller.jpg","contentUrl":"https:\/\/koningdrone.be\/wp-content\/uploads\/sites\/13\/2026\/04\/DJI-Mavic-4-Pro-\u2013-including-RC331-Smart-Controller.jpg","width":2560,"height":2560},{"@type":"BreadcrumbList","@id":"https:\/\/koningdrone.be\/product\/dji-mavic-4-pro-including-rc331-smart-controller\/#breadcrumb","itemListElement":[{"@type":"ListItem","position":1,"name":"Home","item":"https:\/\/koningdrone.be\/"},{"@type":"ListItem","position":2,"name":"AVSS Parachute Recovery System for DJI Matrice 300\/350","item":"https:\/\/koningdrone.be\/product\/avss-parachute-recovery-system-for-dji-matrice-300-350\/"},{"@type":"ListItem","position":3,"name":"Consumer drones","item":"https:\/\/koningdrone.be\/categorie\/consumer-drones\/"},{"@type":"ListItem","position":4,"name":"DJI Mavic 4 Pro \u2013 including RC331 Smart Controller"}]},{"@type":"WebSite","@id":"https:\/\/koningdrone.be\/#website","url":"https:\/\/koningdrone.be\/","name":"Koningdrone.be - Votre sp\u00e9cialiste en ligne en mati\u00e8re de drones, de cardans, de cam\u00e9ras et de centrales \u00e9lectriques.","description":"La boutique en ligne de drones et de cardans","publisher":{"@id":"https:\/\/koningdrone.be\/#organization"},"potentialAction":[{"@type":"SearchAction","target":{"@type":"EntryPoint","urlTemplate":"https:\/\/koningdrone.be\/?s={search_term_string}"},"query-input":{"@type":"PropertyValueSpecification","valueRequired":true,"valueName":"search_term_string"}}],"inLanguage":"fr-BE"},{"@type":"Organization","@id":"https:\/\/koningdrone.be\/#organization","name":"Kingdrone.co.uk","url":"https:\/\/koningdrone.be\/","logo":{"@type":"ImageObject","inLanguage":"fr-BE","@id":"https:\/\/koningdrone.be\/#\/schema\/logo\/image\/","url":"https:\/\/koningdrone.be\/wp-content\/uploads\/sites\/13\/2025\/04\/koningdrone-copyright-logo.svg","contentUrl":"https:\/\/koningdrone.be\/wp-content\/uploads\/sites\/13\/2025\/04\/koningdrone-copyright-logo.svg","width":227,"height":38,"caption":"Koningdrone.be"},"image":{"@id":"https:\/\/koningdrone.be\/#\/schema\/logo\/image\/"}}]}},"df_price":1929,"df_sale_price":"","df_regular_price":1929,"df_image_link":"https:\/\/koningdrone.be\/wp-content\/uploads\/sites\/13\/2026\/04\/DJI-Mavic-4-Pro-\u2013-including-RC331-Smart-Controller-300x300.jpg","_links":{"self":[{"href":"https:\/\/koningdrone.be\/fr\/wp-json\/wp\/v2\/product\/10181","targetHints":{"allow":["GET"]}}],"collection":[{"href":"https:\/\/koningdrone.be\/fr\/wp-json\/wp\/v2\/product"}],"about":[{"href":"https:\/\/koningdrone.be\/fr\/wp-json\/wp\/v2\/types\/product"}],"wp:featuredmedia":[{"embeddable":true,"href":"https:\/\/koningdrone.be\/fr\/wp-json\/wp\/v2\/media\/18786"}],"wp:attachment":[{"href":"https:\/\/koningdrone.be\/fr\/wp-json\/wp\/v2\/media?parent=10181"}],"wp:term":[{"taxonomy":"product_brand","embeddable":true,"href":"https:\/\/koningdrone.be\/fr\/wp-json\/wp\/v2\/product_brand?post=10181"},{"taxonomy":"product_cat","embeddable":true,"href":"https:\/\/koningdrone.be\/fr\/wp-json\/wp\/v2\/product_cat?post=10181"},{"taxonomy":"product_tag","embeddable":true,"href":"https:\/\/koningdrone.be\/fr\/wp-json\/wp\/v2\/product_tag?post=10181"}],"curies":[{"name":"wp","href":"https:\/\/api.w.org\/{rel}","templated":true}]}}