{"id":10160,"date":"2025-07-03T09:32:52","date_gmt":"2025-07-03T07:32:52","guid":{"rendered":"https:\/\/koningdrone.be\/product\/dji-mavic-4-pro-fly-more-combo-dji-rc-2\/"},"modified":"2026-04-29T15:20:21","modified_gmt":"2026-04-29T13:20:21","slug":"dji-mavic-4-pro-fly-more-combo-including-dji-rc331-smart-controller","status":"publish","type":"product","link":"https:\/\/koningdrone.be\/fr\/produit\/dji-mavic-4-pro-fly-more-combo-including-dji-rc331-smart-controller\/","title":{"rendered":"DJI Mavic 4 Pro Fly More Combo - incluant le contr\u00f4leur intelligent DJI RC331"},"content":{"rendered":"<h3>DJI Mavic 4 Pro Fly More Combo : un temps de vol maximal pour les professionnels exigeants<\/h3>\n<p><iframe loading=\"lazy\" title=\"Unboxing DJI Mavic 4 Pro Fly More Combo\" width=\"800\" height=\"450\" src=\"https:\/\/www.youtube.com\/embed\/NoRMlDG6H74?feature=oembed&#038;enablejsapi=1&#038;origin=https:\/\/koningdrone.be\" frameborder=\"0\" allow=\"accelerometer; autoplay; clipboard-write; encrypted-media; gyroscope; picture-in-picture; web-share\" referrerpolicy=\"strict-origin-when-cross-origin\" allowfullscreen><\/iframe><\/p>\n<p style=\"margin: 20px 0\">Le <strong>DJI Mavic 4 Pro Fly More Combo<\/strong> est con\u00e7u pour l'op\u00e9rateur qui ne se contente pas d'un vol court. L\u00e0 o\u00f9 la version standard s'arr\u00eate, le Combo Fly More va plus loin en fournissant un \u00e9cosyst\u00e8me complet de batteries de vol intelligentes suppl\u00e9mentaires et d'accessoires essentiels. L'\u00e9l\u00e9ment central de ce kit est le <strong>Appareil photo Hasselblad 100MP<\/strong> et le r\u00e9volutionnaire <strong>Balancier \u00e0 l'infini 360<\/strong>, soutenu par la <strong>DJI RC 2 (RC331)<\/strong> contr\u00f4leur intelligent. Il s'agit de la configuration id\u00e9ale pour les photographes paysagistes, les inspecteurs et les cin\u00e9astes qui doivent travailler pendant des heures sur le terrain sans compromettre la qualit\u00e9 de l'image ou la s\u00e9curit\u00e9.<\/p>\n<p><a href=\"https:\/\/koningdrone.nl\/wp-content\/uploads\/2025\/07\/DJI-Mavic-4-Pro-Fly-More-Combo-including-DJI-RC331-Smart-Controller.jpg\"><img loading=\"lazy\" decoding=\"async\" class=\"size-medium wp-image-472500 aligncenter\" src=\"https:\/\/koningdrone.nl\/wp-content\/uploads\/2025\/07\/DJI-Mavic-4-Pro-Fly-More-Combo-including-DJI-RC331-Smart-Controller-300x300.jpg\" alt=\"DJI Mavic 4 Pro Fly More Combo - including DJI RC331 Smart Controller\" width=\"300\" height=\"300\" \/><\/a><\/p>\n<h4>Optique sans fronti\u00e8res et gestion intelligente des vols<\/h4>\n<p>Avec le Combo Fly More, vous \u00eates pr\u00eat \u00e0 relever tous les d\u00e9fis visuels :<\/p>\n<ul>\n<li><strong>Triple cam\u00e9ra d'excellence :<\/strong> Le capteur Hasselblad 4\/3\u2033 CMOS 100MP capture des images avec une gamme dynamique sans pr\u00e9c\u00e9dent. Les deux t\u00e9l\u00e9objectifs suppl\u00e9mentaires (70 mm et 168 mm) vous permettent de capturer des d\u00e9tails jusqu'alors inaccessibles \u00e0 une distance s\u00fbre, tandis que le capteur 4\/3\u2033 CMOS 100MP de Hasselblad capture des images avec une gamme dynamique sans pr\u00e9c\u00e9dent. <strong>Vid\u00e9o HDR 6K \u00e0 60 fps<\/strong> garantit des images dignes du cin\u00e9ma.<\/li>\n<li><strong>Voler avec plus d'endurance :<\/strong> Avec trois batteries de vol intelligentes au total, vous disposez de plus d'un million d'euros. <strong>150 minutes de temps de vol effectif<\/strong>. Le concentrateur de charge inclus charge efficacement les batteries par ordre de puissance restante, afin que vous puissiez toujours reprendre l'air d\u00e8s que possible.<\/li>\n<li><strong>1 Lux Nightscape &amp; O4+ Transmission :<\/strong> Le Mavic 4 Pro utilise le tout dernier syst\u00e8me O4+ pour une connexion vid\u00e9o d'une clart\u00e9 cristalline allant jusqu'\u00e0 <strong>30 km<\/strong>. Combin\u00e9e \u00e0 la d\u00e9tection d'obstacles assist\u00e9e par LiDAR qui fonctionne \u00e0 seulement <strong>0,1 lux<\/strong>, C'est le drone le plus s\u00fbr pour les missions complexes au cr\u00e9puscule ou \u00e0 l'aube.<\/li>\n<\/ul>\n<h4>Conception innovante et contr\u00f4le avanc\u00e9<\/h4>\n<p>Le mat\u00e9riel est con\u00e7u pour une cr\u00e9ativit\u00e9 maximale et une grande facilit\u00e9 d'utilisation :<\/p>\n<ul>\n<li><strong>Balancier \u00e0 l'infini 360\u00b0 :<\/strong> Cette architecture de cardan unique permet \u00e0 la cam\u00e9ra de pivoter compl\u00e8tement, ce qui permet de r\u00e9aliser des prises de vue verticales et des roulements cin\u00e9matographiques spectaculaires sans affecter la stabilit\u00e9 du drone.<\/li>\n<li><strong>Contr\u00f4leur DJI RC 2 Smart :<\/strong> Plus besoin de c\u00e2bles ou de d\u00e9charger la batterie de votre t\u00e9l\u00e9phone. Le RC 2 est dot\u00e9 d'un \u00e9cran HD int\u00e9gr\u00e9 de 5,5 pouces et de l'application DJI Fly pr\u00e9install\u00e9e, ce qui vous permet de d\u00e9coller quelques secondes apr\u00e8s \u00eatre arriv\u00e9 sur votre lieu de travail.<\/li>\n<li><strong>Perfection a\u00e9rodynamique :<\/strong> Le cadre profil\u00e9 du Mavic 4 Pro n'est pas seulement impressionnant sur le plan visuel, il offre \u00e9galement une meilleure r\u00e9sistance au vent et un vol plus silencieux, ce qui est crucial pour la photographie de la nature ou la surveillance discr\u00e8te.<\/li>\n<\/ul>\n<p><a href=\"https:\/\/koningdrone.nl\/wp-content\/uploads\/2025\/07\/Product-DJI-Mavic-4-Pro-Fly-More-Combo-including-DJI-RC331-Smart-Controller.jpg\"><img loading=\"lazy\" decoding=\"async\" class=\"size-medium wp-image-472499 aligncenter\" src=\"https:\/\/koningdrone.nl\/wp-content\/uploads\/2025\/07\/Product-DJI-Mavic-4-Pro-Fly-More-Combo-including-DJI-RC331-Smart-Controller-300x300.jpg\" alt=\"Product DJI Mavic 4 Pro Fly More Combo - including DJI RC331 Smart Controller\" width=\"300\" height=\"300\" \/><\/a><\/p>\n<h4>Pourquoi le Combo Fly More est indispensable<\/h4>\n<p>Le Combo Fly More offre le meilleur rapport qualit\u00e9\/prix pour l'utilisateur s\u00e9rieux. Il \u00e9limine la frustration de devoir s'arr\u00eater juste au moment o\u00f9 la lumi\u00e8re est \u00e0 son maximum. Avec les batteries suppl\u00e9mentaires, le sac d'\u00e9paule pratique et le chargeur rapide, il s'agit d'une solution pr\u00eate \u00e0 l'emploi. Que vous arpentiez une vaste zone naturelle ou que vous passiez une journ\u00e9e enti\u00e8re \u00e0 tourner pour une production commerciale, le Mavic 4 Pro Fly More Combo vous offre la s\u00e9curit\u00e9 et le temps de vol suppl\u00e9mentaire n\u00e9cessaires pour obtenir la photo parfaite.<\/p>","protected":false},"excerpt":{"rendered":"<ul>\n<li>Appareil photo Hasselblad de 100 m\u00e9gapixels + deux t\u00e9l\u00e9objectifs<\/li>\n<li>Vid\u00e9o HDR 6K jusqu'\u00e0 60 fps<\/li>\n<li>Jusqu'\u00e0 51 minutes de vol<\/li>\n<li>Balancier \u00e0 l'infini 360<\/li>\n<li>Transmission DJI O4+ jusqu'\u00e0 30 km<\/li>\n<li>D\u00e9tection omnidirectionnelle d'obstacles avec vision nocturne<\/li>\n<li>Contr\u00f4leur DJI RC 2 (RC331) inclus<\/li>\n<li>Fly More Combo avec batteries et accessoires suppl\u00e9mentaires<\/li>\n<\/ul>","protected":false},"featured_media":18794,"template":"","meta":{"_acf_changed":false},"product_brand":[],"product_cat":[1415,58],"product_tag":[],"class_list":{"0":"post-10160","1":"product","2":"type-product","3":"status-publish","4":"has-post-thumbnail","6":"product_cat-dji-mavic-4-pro","7":"product_cat-uncategorized","8":"product_shipping_class-outofstock","9":"pa_brand-dji","10":"pa_producttype-drone","11":"pa_series-mavic","13":"first","14":"outofstock","15":"taxable","16":"shipping-taxable","17":"purchasable","18":"product-type-simple"},"acf":[],"yoast_head":"<!-- This site is optimized with the Yoast SEO Premium plugin v27.2 (Yoast SEO v27.2) - https:\/\/yoast.com\/product\/yoast-seo-premium-wordpress\/ -->\n<title>DJI Mavic 4 Pro Fly More Combo - including DJI RC331 Smart Controller - koningdrone.be<\/title>\n<meta name=\"robots\" content=\"index, follow, max-snippet:-1, max-image-preview:large, max-video-preview:-1\" \/>\n<link rel=\"canonical\" href=\"https:\/\/koningdrone.be\/fr\/produit\/dji-mavic-4-pro-fly-more-combo-including-dji-rc331-smart-controller\/\" \/>\n<meta property=\"og:locale\" content=\"fr_FR\" \/>\n<meta property=\"og:type\" content=\"article\" \/>\n<meta property=\"og:title\" content=\"DJI Mavic 4 Pro Fly More Combo - including DJI RC331 Smart Controller\" \/>\n<meta property=\"og:description\" content=\"100MP Hasselblad camera + dubbele telecamera\u2019s  6K HDR video tot 60 fps  Tot 51 minuten vliegtijd  360\u00b0 Infinity Gimbal  DJI O4+ transmissie tot 30 km  Omnidirectionele obstakeldetectie met night vision  Inclusief DJI RC 2 (RC331) controller  Fly More Combo met extra batterijen en accessoires\" \/>\n<meta property=\"og:url\" content=\"https:\/\/koningdrone.be\/fr\/produit\/dji-mavic-4-pro-fly-more-combo-including-dji-rc331-smart-controller\/\" \/>\n<meta property=\"og:site_name\" content=\"koningdrone.be\" \/>\n<meta property=\"article:modified_time\" content=\"2026-04-29T13:20:21+00:00\" \/>\n<meta property=\"og:image\" content=\"https:\/\/koningdrone.be\/wp-content\/uploads\/sites\/13\/2026\/04\/DJI-Mavic-4-Pro-Fly-More-Combo-including-DJI-RC331-Smart-Controller.jpg\" \/>\n\t<meta property=\"og:image:width\" content=\"2560\" \/>\n\t<meta property=\"og:image:height\" content=\"2560\" \/>\n\t<meta property=\"og:image:type\" content=\"image\/jpeg\" \/>\n<meta name=\"twitter:card\" content=\"summary_large_image\" \/>\n<meta name=\"twitter:label1\" content=\"Dur\u00e9e de lecture est.\" \/>\n\t<meta name=\"twitter:data1\" content=\"2 minutes\" \/>\n<script type=\"application\/ld+json\" class=\"yoast-schema-graph\">{\"@context\":\"https:\/\/schema.org\",\"@graph\":[{\"@type\":\"WebPage\",\"@id\":\"https:\/\/koningdrone.be\/product\/dji-mavic-4-pro-fly-more-combo-including-dji-rc331-smart-controller\/\",\"url\":\"https:\/\/koningdrone.be\/product\/dji-mavic-4-pro-fly-more-combo-including-dji-rc331-smart-controller\/\",\"name\":\"DJI Mavic 4 Pro Fly More Combo - including DJI RC331 Smart Controller - koningdrone.be\",\"isPartOf\":{\"@id\":\"https:\/\/koningdrone.be\/#website\"},\"primaryImageOfPage\":{\"@id\":\"https:\/\/koningdrone.be\/product\/dji-mavic-4-pro-fly-more-combo-including-dji-rc331-smart-controller\/#primaryimage\"},\"image\":{\"@id\":\"https:\/\/koningdrone.be\/product\/dji-mavic-4-pro-fly-more-combo-including-dji-rc331-smart-controller\/#primaryimage\"},\"thumbnailUrl\":\"https:\/\/koningdrone.be\/wp-content\/uploads\/sites\/13\/2026\/04\/DJI-Mavic-4-Pro-Fly-More-Combo-including-DJI-RC331-Smart-Controller.jpg\",\"datePublished\":\"2025-07-03T07:32:52+00:00\",\"dateModified\":\"2026-04-29T13:20:21+00:00\",\"breadcrumb\":{\"@id\":\"https:\/\/koningdrone.be\/product\/dji-mavic-4-pro-fly-more-combo-including-dji-rc331-smart-controller\/#breadcrumb\"},\"inLanguage\":\"fr-BE\",\"potentialAction\":[{\"@type\":\"ReadAction\",\"target\":[\"https:\/\/koningdrone.be\/product\/dji-mavic-4-pro-fly-more-combo-including-dji-rc331-smart-controller\/\"]}]},{\"@type\":\"ImageObject\",\"inLanguage\":\"fr-BE\",\"@id\":\"https:\/\/koningdrone.be\/product\/dji-mavic-4-pro-fly-more-combo-including-dji-rc331-smart-controller\/#primaryimage\",\"url\":\"https:\/\/koningdrone.be\/wp-content\/uploads\/sites\/13\/2026\/04\/DJI-Mavic-4-Pro-Fly-More-Combo-including-DJI-RC331-Smart-Controller.jpg\",\"contentUrl\":\"https:\/\/koningdrone.be\/wp-content\/uploads\/sites\/13\/2026\/04\/DJI-Mavic-4-Pro-Fly-More-Combo-including-DJI-RC331-Smart-Controller.jpg\",\"width\":2560,\"height\":2560},{\"@type\":\"BreadcrumbList\",\"@id\":\"https:\/\/koningdrone.be\/product\/dji-mavic-4-pro-fly-more-combo-including-dji-rc331-smart-controller\/#breadcrumb\",\"itemListElement\":[{\"@type\":\"ListItem\",\"position\":1,\"name\":\"Home\",\"item\":\"https:\/\/koningdrone.be\/\"},{\"@type\":\"ListItem\",\"position\":2,\"name\":\"AVSS Parachute Recovery System for DJI Matrice 300\/350\",\"item\":\"https:\/\/koningdrone.be\/product\/avss-parachute-recovery-system-for-dji-matrice-300-350\/\"},{\"@type\":\"ListItem\",\"position\":3,\"name\":\"DJI Mavic 4 Pro\",\"item\":\"https:\/\/koningdrone.be\/categorie\/dji-mavic-4-pro\/\"},{\"@type\":\"ListItem\",\"position\":4,\"name\":\"DJI Mavic 4 Pro Fly More Combo &#8211; including DJI RC331 Smart Controller\"}]},{\"@type\":\"WebSite\",\"@id\":\"https:\/\/koningdrone.be\/#website\",\"url\":\"https:\/\/koningdrone.be\/\",\"name\":\"Koningdrone.be - Uw online specialist in drones, gimbals, camera's en power stations.\",\"description\":\"De webshop in drones en gimbals\",\"publisher\":{\"@id\":\"https:\/\/koningdrone.be\/#organization\"},\"potentialAction\":[{\"@type\":\"SearchAction\",\"target\":{\"@type\":\"EntryPoint\",\"urlTemplate\":\"https:\/\/koningdrone.be\/?s={search_term_string}\"},\"query-input\":{\"@type\":\"PropertyValueSpecification\",\"valueRequired\":true,\"valueName\":\"search_term_string\"}}],\"inLanguage\":\"fr-BE\"},{\"@type\":\"Organization\",\"@id\":\"https:\/\/koningdrone.be\/#organization\",\"name\":\"Koningdrone.be\",\"url\":\"https:\/\/koningdrone.be\/\",\"logo\":{\"@type\":\"ImageObject\",\"inLanguage\":\"fr-BE\",\"@id\":\"https:\/\/koningdrone.be\/#\/schema\/logo\/image\/\",\"url\":\"https:\/\/koningdrone.be\/wp-content\/uploads\/sites\/13\/2025\/04\/koningdrone-copyright-logo.svg\",\"contentUrl\":\"https:\/\/koningdrone.be\/wp-content\/uploads\/sites\/13\/2025\/04\/koningdrone-copyright-logo.svg\",\"width\":227,\"height\":38,\"caption\":\"Koningdrone.be\"},\"image\":{\"@id\":\"https:\/\/koningdrone.be\/#\/schema\/logo\/image\/\"}}]}<\/script>\n<!-- \/ Yoast SEO Premium plugin. -->","yoast_head_json":{"title":"DJI Mavic 4 Pro Fly More Combo - including DJI RC331 Smart Controller - koningdrone.be","robots":{"index":"index","follow":"follow","max-snippet":"max-snippet:-1","max-image-preview":"max-image-preview:large","max-video-preview":"max-video-preview:-1"},"canonical":"https:\/\/koningdrone.be\/fr\/produit\/dji-mavic-4-pro-fly-more-combo-including-dji-rc331-smart-controller\/","og_locale":"fr_FR","og_type":"article","og_title":"DJI Mavic 4 Pro Fly More Combo - including DJI RC331 Smart Controller","og_description":"100MP Hasselblad camera + dubbele telecamera\u2019s  6K HDR video tot 60 fps  Tot 51 minuten vliegtijd  360\u00b0 Infinity Gimbal  DJI O4+ transmissie tot 30 km  Omnidirectionele obstakeldetectie met night vision  Inclusief DJI RC 2 (RC331) controller  Fly More Combo met extra batterijen en accessoires","og_url":"https:\/\/koningdrone.be\/fr\/produit\/dji-mavic-4-pro-fly-more-combo-including-dji-rc331-smart-controller\/","og_site_name":"koningdrone.be","article_modified_time":"2026-04-29T13:20:21+00:00","og_image":[{"width":2560,"height":2560,"url":"https:\/\/koningdrone.be\/wp-content\/uploads\/sites\/13\/2026\/04\/DJI-Mavic-4-Pro-Fly-More-Combo-including-DJI-RC331-Smart-Controller.jpg","type":"image\/jpeg"}],"twitter_card":"summary_large_image","twitter_misc":{"Dur\u00e9e de lecture est.":"2 minutes"},"schema":{"@context":"https:\/\/schema.org","@graph":[{"@type":"WebPage","@id":"https:\/\/koningdrone.be\/product\/dji-mavic-4-pro-fly-more-combo-including-dji-rc331-smart-controller\/","url":"https:\/\/koningdrone.be\/product\/dji-mavic-4-pro-fly-more-combo-including-dji-rc331-smart-controller\/","name":"DJI Mavic 4 Pro Fly More Combo - including DJI RC331 Smart Controller - koningdrone.be","isPartOf":{"@id":"https:\/\/koningdrone.be\/#website"},"primaryImageOfPage":{"@id":"https:\/\/koningdrone.be\/product\/dji-mavic-4-pro-fly-more-combo-including-dji-rc331-smart-controller\/#primaryimage"},"image":{"@id":"https:\/\/koningdrone.be\/product\/dji-mavic-4-pro-fly-more-combo-including-dji-rc331-smart-controller\/#primaryimage"},"thumbnailUrl":"https:\/\/koningdrone.be\/wp-content\/uploads\/sites\/13\/2026\/04\/DJI-Mavic-4-Pro-Fly-More-Combo-including-DJI-RC331-Smart-Controller.jpg","datePublished":"2025-07-03T07:32:52+00:00","dateModified":"2026-04-29T13:20:21+00:00","breadcrumb":{"@id":"https:\/\/koningdrone.be\/product\/dji-mavic-4-pro-fly-more-combo-including-dji-rc331-smart-controller\/#breadcrumb"},"inLanguage":"fr-BE","potentialAction":[{"@type":"ReadAction","target":["https:\/\/koningdrone.be\/product\/dji-mavic-4-pro-fly-more-combo-including-dji-rc331-smart-controller\/"]}]},{"@type":"ImageObject","inLanguage":"fr-BE","@id":"https:\/\/koningdrone.be\/product\/dji-mavic-4-pro-fly-more-combo-including-dji-rc331-smart-controller\/#primaryimage","url":"https:\/\/koningdrone.be\/wp-content\/uploads\/sites\/13\/2026\/04\/DJI-Mavic-4-Pro-Fly-More-Combo-including-DJI-RC331-Smart-Controller.jpg","contentUrl":"https:\/\/koningdrone.be\/wp-content\/uploads\/sites\/13\/2026\/04\/DJI-Mavic-4-Pro-Fly-More-Combo-including-DJI-RC331-Smart-Controller.jpg","width":2560,"height":2560},{"@type":"BreadcrumbList","@id":"https:\/\/koningdrone.be\/product\/dji-mavic-4-pro-fly-more-combo-including-dji-rc331-smart-controller\/#breadcrumb","itemListElement":[{"@type":"ListItem","position":1,"name":"Home","item":"https:\/\/koningdrone.be\/"},{"@type":"ListItem","position":2,"name":"AVSS Parachute Recovery System for DJI Matrice 300\/350","item":"https:\/\/koningdrone.be\/product\/avss-parachute-recovery-system-for-dji-matrice-300-350\/"},{"@type":"ListItem","position":3,"name":"DJI Mavic 4 Pro","item":"https:\/\/koningdrone.be\/categorie\/dji-mavic-4-pro\/"},{"@type":"ListItem","position":4,"name":"DJI Mavic 4 Pro Fly More Combo &#8211; including DJI RC331 Smart Controller"}]},{"@type":"WebSite","@id":"https:\/\/koningdrone.be\/#website","url":"https:\/\/koningdrone.be\/","name":"Koningdrone.be - Votre sp\u00e9cialiste en ligne en mati\u00e8re de drones, de cardans, de cam\u00e9ras et de centrales \u00e9lectriques.","description":"La boutique en ligne de drones et de cardans","publisher":{"@id":"https:\/\/koningdrone.be\/#organization"},"potentialAction":[{"@type":"SearchAction","target":{"@type":"EntryPoint","urlTemplate":"https:\/\/koningdrone.be\/?s={search_term_string}"},"query-input":{"@type":"PropertyValueSpecification","valueRequired":true,"valueName":"search_term_string"}}],"inLanguage":"fr-BE"},{"@type":"Organization","@id":"https:\/\/koningdrone.be\/#organization","name":"Kingdrone.co.uk","url":"https:\/\/koningdrone.be\/","logo":{"@type":"ImageObject","inLanguage":"fr-BE","@id":"https:\/\/koningdrone.be\/#\/schema\/logo\/image\/","url":"https:\/\/koningdrone.be\/wp-content\/uploads\/sites\/13\/2025\/04\/koningdrone-copyright-logo.svg","contentUrl":"https:\/\/koningdrone.be\/wp-content\/uploads\/sites\/13\/2025\/04\/koningdrone-copyright-logo.svg","width":227,"height":38,"caption":"Koningdrone.be"},"image":{"@id":"https:\/\/koningdrone.be\/#\/schema\/logo\/image\/"}}]}},"df_price":2699,"df_sale_price":"","df_regular_price":2699,"df_image_link":"https:\/\/koningdrone.be\/wp-content\/uploads\/sites\/13\/2026\/04\/DJI-Mavic-4-Pro-Fly-More-Combo-including-DJI-RC331-Smart-Controller-300x300.jpg","_links":{"self":[{"href":"https:\/\/koningdrone.be\/fr\/wp-json\/wp\/v2\/product\/10160","targetHints":{"allow":["GET"]}}],"collection":[{"href":"https:\/\/koningdrone.be\/fr\/wp-json\/wp\/v2\/product"}],"about":[{"href":"https:\/\/koningdrone.be\/fr\/wp-json\/wp\/v2\/types\/product"}],"wp:featuredmedia":[{"embeddable":true,"href":"https:\/\/koningdrone.be\/fr\/wp-json\/wp\/v2\/media\/18794"}],"wp:attachment":[{"href":"https:\/\/koningdrone.be\/fr\/wp-json\/wp\/v2\/media?parent=10160"}],"wp:term":[{"taxonomy":"product_brand","embeddable":true,"href":"https:\/\/koningdrone.be\/fr\/wp-json\/wp\/v2\/product_brand?post=10160"},{"taxonomy":"product_cat","embeddable":true,"href":"https:\/\/koningdrone.be\/fr\/wp-json\/wp\/v2\/product_cat?post=10160"},{"taxonomy":"product_tag","embeddable":true,"href":"https:\/\/koningdrone.be\/fr\/wp-json\/wp\/v2\/product_tag?post=10160"}],"curies":[{"name":"wp","href":"https:\/\/api.w.org\/{rel}","templated":true}]}}